{"id":11705,"date":"2020-10-29T15:18:16","date_gmt":"2020-10-29T15:18:16","guid":{"rendered":"http:\/\/coiba.com\/?page_id=11705"},"modified":"2023-08-23T13:31:59","modified_gmt":"2023-08-23T11:31:59","slug":"concursos-y-oposciones","status":"publish","type":"page","link":"https:\/\/infermeriabalear.com\/ca\/concursos-y-oposciones\/","title":{"rendered":"Concursos i Oposicions"},"content":{"rendered":"<div class=\"wpb-content-wrapper\"><div      class=\"vc_row wpb_row section\" style=' text-align:left;'><div class=\"clearfix\"><div class=\"wpb_column vc_column_container vc_col-sm-12\"><div class=\"vc_column-inner\"><div class=\"wpb_wrapper\"><div class=\"vc_empty_space\"   style=\"height: 40px\"><span class=\"vc_empty_space_inner\"><\/span><\/div><\/div><\/div><\/div><\/div><\/div><div      class=\"vc_row wpb_row section  grid_section\" style=' text-align:left;'><div class=\"section_inner clearfix\"><div class='section_inner_margin clearfix'><div class=\"wpb_column vc_column_container vc_col-sm-12\"><div class=\"vc_column-inner\"><div class=\"wpb_wrapper\">\n\t<div class=\"wpb_text_column wpb_content_element\" >\n\t\t<div class=\"wpb_wrapper\">\n\t\t\t<p>En aquesta secci\u00f3 trobar\u00e0s els concursos i oposicions celebrats en els darrers anys, tant a la comunitat de les Illes Balears com a nivell estatal.<\/p>\n\n\t\t<\/div>\n\t<\/div>\n<\/div><\/div><\/div><\/div><\/div><\/div><div      class=\"vc_row wpb_row section\" style=' text-align:left;'><div class=\"clearfix\"><div class=\"wpb_column vc_column_container vc_col-sm-12\"><div class=\"vc_column-inner\"><div class=\"wpb_wrapper\"><div class=\"vc_empty_space\"   style=\"height: 40px\"><span class=\"vc_empty_space_inner\"><\/span><\/div><\/div><\/div><\/div><\/div><\/div><div    data-q_id=\"#about\"   class=\"vc_row wpb_row section  concursos-blog grid_section\" style=' padding-top:0px; padding-bottom:0px; text-align:left;'><div class=\"section_inner clearfix\"><div class='section_inner_margin clearfix'><div class=\"wpb_column vc_column_container vc_col-sm-12\"><div class=\"vc_column-inner\"><div class=\"wpb_wrapper\"><div class='latest_post_holder image_in_box'><ul><li class=\"clearfix\"><div class=\"latest_post\"><div class=\"latest_post_image clearfix\"><img decoding=\"async\" src=\"https:\/\/infermeriabalear.com\/wp-content\/uploads\/2024\/02\/Borsa-Unica-1-1.png\" alt=\"\" \/><\/div><div class=\"latest_post_text\"><div class=\"latest_post_inner\"><div class=\"latest_post_text_inner\"><h4 class=\"latest_post_title\"><a href=\"https:\/\/infermeriabalear.com\/ca\/2026\/03\/30\/ceim-ib-convocatoria-vocal-enfermero-a-del-comite-de-etica-de-la-investigacion-con-medicamentos-de-las-illes-balears\/\">CEIM-IB: Convocat\u00f2ria Vocal (Infermera) del Comit\u00e8 d'\u00c8tica de la Investigaci\u00f3 amb medicaments de les Illes Balears<\/a><\/h4><span class=\"post_infos\"><span class=\"date_hour_holder\"><i class=\"fa fa-calendar-o\"><\/i><span class=\"date\">30 mar\u00e7, 2026<\/span><\/span><span class=\"latest-vert-separator\"> in<\/span> <a href=\"https:\/\/infermeriabalear.com\/ca\/category\/concurso_opos\/\">Concursos i Oposicions <\/a> <\/span><\/div><\/div><\/div><\/div><li class=\"clearfix\"><div class=\"latest_post\"><div class=\"latest_post_image clearfix\"><img decoding=\"async\" src=\"https:\/\/infermeriabalear.com\/wp-content\/uploads\/2022\/07\/Convocatoria-CAT-150x150.png\" alt=\"\" \/><\/div><div class=\"latest_post_text\"><div class=\"latest_post_inner\"><div class=\"latest_post_text_inner\"><h4 class=\"latest_post_title\"><a href=\"https:\/\/infermeriabalear.com\/ca\/2026\/03\/12\/fundacion-atencion-a-la-dependencia-convocatoria-concurso-oposicion-2027-3-plazas-de-enfermero-a\/\">FUNDACI\u00d3 ATENCI\u00d3 A LA DEPEND\u00c8NCIA-Convocat\u00f2ria concurs-oposici\u00f3 2027 (3 places d'Infermer\/a)<\/a><\/h4><span class=\"post_infos\"><span class=\"date_hour_holder\"><i class=\"fa fa-calendar-o\"><\/i><span class=\"date\">12 mar\u00e7, 2026<\/span><\/span><span class=\"latest-vert-separator\"> in<\/span> <a href=\"https:\/\/infermeriabalear.com\/ca\/category\/concurso_opos\/\">Concursos i Oposicions <\/a> <\/span><\/div><\/div><\/div><\/div><li class=\"clearfix\"><div class=\"latest_post\"><div class=\"latest_post_image clearfix\"><img decoding=\"async\" src=\"https:\/\/infermeriabalear.com\/wp-content\/uploads\/2024\/02\/Borsa-Unica-2.png\" alt=\"\" \/><\/div><div class=\"latest_post_text\"><div class=\"latest_post_inner\"><div class=\"latest_post_text_inner\"><h4 class=\"latest_post_title\"><a href=\"https:\/\/infermeriabalear.com\/ca\/2025\/12\/23\/ibsalut-lista-definitiva-candidatos-que-han-superado-prueba-teorica-y-fecha-prueba-megacode-acceso-samu-061-baleares\/\">IBSALUT: Llista definitiva candidats que han superat prova te\u00f2rica i data prova MEGACODE. Acc\u00e9s SAMU 061 Balears<\/a><\/h4><span class=\"post_infos\"><span class=\"date_hour_holder\"><i class=\"fa fa-calendar-o\"><\/i><span class=\"date\">23 desembre, 2025<\/span><\/span><span class=\"latest-vert-separator\"> in<\/span> <a href=\"https:\/\/infermeriabalear.com\/ca\/category\/concurso_opos\/\">Concursos i Oposicions <\/a> <\/span><\/div><\/div><\/div><\/div><li class=\"clearfix\"><div class=\"latest_post\"><div class=\"latest_post_image clearfix\"><img decoding=\"async\" src=\"https:\/\/infermeriabalear.com\/wp-content\/uploads\/2024\/02\/Borsa-Unica-2.png\" alt=\"\" \/><\/div><div class=\"latest_post_text\"><div class=\"latest_post_inner\"><div class=\"latest_post_text_inner\"><h4 class=\"latest_post_title\"><a href=\"https:\/\/infermeriabalear.com\/ca\/2025\/12\/18\/bolsa-unica-ibsalut-publicada-lista-provisional-de-puntuacion-de-meritos-de-la-categoria-enfermera-de-urgencias-de-ap\/\">Borsa \u00danica IBSALUT: Publicada llista PROVISIONAL de puntuaci\u00f3 de m\u00e8rits de la categoria \u00abInfermera d'Urg\u00e8ncies d'AP\u00bb<\/a><\/h4><span class=\"post_infos\"><span class=\"date_hour_holder\"><i class=\"fa fa-calendar-o\"><\/i><span class=\"date\">18 desembre, 2025<\/span><\/span><span class=\"latest-vert-separator\"> in<\/span> <a href=\"https:\/\/infermeriabalear.com\/ca\/category\/concurso_opos\/\">Concursos i Oposicions <\/a> <\/span><\/div><\/div><\/div><\/div><li class=\"clearfix\"><div class=\"latest_post\"><div class=\"latest_post_image clearfix\"><img decoding=\"async\" src=\"https:\/\/infermeriabalear.com\/wp-content\/uploads\/2024\/02\/Borsa-Unica-1-1.png\" alt=\"\" \/><\/div><div class=\"latest_post_text\"><div class=\"latest_post_inner\"><div class=\"latest_post_text_inner\"><h4 class=\"latest_post_title\"><a href=\"https:\/\/infermeriabalear.com\/ca\/2025\/12\/16\/ajuntament-mao-convocatoria-bolsa-de-trabajo-residencia-geriatrica-asistida\/\">Ajuntament MA\u00d3: Convocat\u00f2ria borsa de treball Resid\u00e8ncia Geri\u00e0trica Assistida<\/a><\/h4><span class=\"post_infos\"><span class=\"date_hour_holder\"><i class=\"fa fa-calendar-o\"><\/i><span class=\"date\">16 desembre, 2025<\/span><\/span><span class=\"latest-vert-separator\"> in<\/span> <a href=\"https:\/\/infermeriabalear.com\/ca\/category\/concurso_opos\/\">Concursos i Oposicions <\/a> <\/span><\/div><\/div><\/div><\/div><li class=\"clearfix\"><div class=\"latest_post\"><div class=\"latest_post_image clearfix\"><img decoding=\"async\" src=\"https:\/\/infermeriabalear.com\/wp-content\/uploads\/2021\/09\/5-e1671548368418-150x150.png\" alt=\"\" \/><\/div><div class=\"latest_post_text\"><div class=\"latest_post_inner\"><div class=\"latest_post_text_inner\"><h4 class=\"latest_post_title\"><a href=\"https:\/\/infermeriabalear.com\/ca\/2025\/12\/16\/concurso-oposicion-ibsalut-2025-abierto-plazo-de-presentacion-de-solicitudes\/\">Concurs-Oposici\u00f3 IBSALUT 2025: Ampliat termini de presentaci\u00f3 de sol\u00b7licituds (Infermera)<\/a><\/h4><span class=\"post_infos\"><span class=\"date_hour_holder\"><i class=\"fa fa-calendar-o\"><\/i><span class=\"date\">16 desembre, 2025<\/span><\/span><span class=\"latest-vert-separator\"> in<\/span> <a href=\"https:\/\/infermeriabalear.com\/ca\/category\/concurso_opos\/\">Concursos i Oposicions <\/a>  <a href=\"https:\/\/infermeriabalear.com\/ca\/category\/noticias-destacadas-2columna\/\">Not\u00edcia destacada <\/a> <\/span><\/div><\/div><\/div><\/div><li class=\"clearfix\"><div class=\"latest_post\"><div class=\"latest_post_image clearfix\"><img decoding=\"async\" src=\"https:\/\/infermeriabalear.com\/wp-content\/uploads\/2025\/08\/EIR_2024-150x150.png\" alt=\"\" \/><\/div><div class=\"latest_post_text\"><div class=\"latest_post_inner\"><div class=\"latest_post_text_inner\"><h4 class=\"latest_post_title\"><a href=\"https:\/\/infermeriabalear.com\/ca\/2025\/12\/15\/ministerio-de-sanidad-publicada-la-relacion-provisional-de-admitidos-y-excluidos-examen-eir-2026\/\">Ministeri de Sanitat: Publicada la relaci\u00f3 PROVISIONAL d'admesos i exclosos-Examen IIR 2026<\/a><\/h4><span class=\"post_infos\"><span class=\"date_hour_holder\"><i class=\"fa fa-calendar-o\"><\/i><span class=\"date\">15 desembre, 2025<\/span><\/span><span class=\"latest-vert-separator\"> in<\/span> <a href=\"https:\/\/infermeriabalear.com\/ca\/category\/concurso_opos\/\">Concursos i Oposicions <\/a>  <a href=\"https:\/\/infermeriabalear.com\/ca\/category\/noticias-destacadas-2columna\/\">Not\u00edcia destacada <\/a>  <a href=\"https:\/\/infermeriabalear.com\/ca\/category\/noticias\/\">Not\u00edcies <\/a> <\/span><\/div><\/div><\/div><\/div><li class=\"clearfix\"><div class=\"latest_post\"><div class=\"latest_post_image clearfix\"><img decoding=\"async\" src=\"https:\/\/infermeriabalear.com\/wp-content\/uploads\/2024\/02\/Borsa-Unica-2.png\" alt=\"\" \/><\/div><div class=\"latest_post_text\"><div class=\"latest_post_inner\"><div class=\"latest_post_text_inner\"><h4 class=\"latest_post_title\"><a href=\"https:\/\/infermeriabalear.com\/ca\/2025\/12\/04\/ibsalut-lista-provisional-candidatos-que-ha-superado-la-prueba-teorica-de-megacode-acceso-samu-061\/\">IBSALUT: Llista provisional candidats que han superat la Prova Te\u00f2rica de MEGACODE-Acc\u00e9s SAMU 061<\/a><\/h4><span class=\"post_infos\"><span class=\"date_hour_holder\"><i class=\"fa fa-calendar-o\"><\/i><span class=\"date\">04 desembre, 2025<\/span><\/span><span class=\"latest-vert-separator\"> in<\/span> <a href=\"https:\/\/infermeriabalear.com\/ca\/category\/concurso_opos\/\">Concursos i Oposicions <\/a> <\/span><\/div><\/div><\/div><\/div><li class=\"clearfix\"><div class=\"latest_post\"><div class=\"latest_post_image clearfix\"><img decoding=\"async\" src=\"https:\/\/infermeriabalear.com\/wp-content\/uploads\/2021\/09\/5-e1671548368418-150x150.png\" alt=\"\" \/><\/div><div class=\"latest_post_text\"><div class=\"latest_post_inner\"><div class=\"latest_post_text_inner\"><h4 class=\"latest_post_title\"><a href=\"https:\/\/infermeriabalear.com\/ca\/2025\/11\/25\/imas-convocatoria-concurso-oposicion-categoria-enfermero-a-abierto-plazo-de-presentacion-de-solicitudes\/\">IMAS: Convocat\u00f2ria Concurs-Oposici\u00f3 categoria Infermer\/a. Obert termini de presentaci\u00f3 de sol\u00b7licituds<\/a><\/h4><span class=\"post_infos\"><span class=\"date_hour_holder\"><i class=\"fa fa-calendar-o\"><\/i><span class=\"date\">25 novembre, 2025<\/span><\/span><span class=\"latest-vert-separator\"> in<\/span> <a href=\"https:\/\/infermeriabalear.com\/ca\/category\/concurso_opos\/\">Concursos i Oposicions <\/a>  <a href=\"https:\/\/infermeriabalear.com\/ca\/category\/noticias-destacadas-2columna\/\">Not\u00edcia destacada <\/a> <\/span><\/div><\/div><\/div><\/div><li class=\"clearfix\"><div class=\"latest_post\"><div class=\"latest_post_image clearfix\"><img decoding=\"async\" src=\"https:\/\/infermeriabalear.com\/wp-content\/uploads\/2024\/02\/Borsa-Unica-2.png\" alt=\"\" \/><\/div><div class=\"latest_post_text\"><div class=\"latest_post_inner\"><div class=\"latest_post_text_inner\"><h4 class=\"latest_post_title\"><a href=\"https:\/\/infermeriabalear.com\/ca\/2025\/10\/30\/ibsalut-lista-definitiva-inscritos-a-prueba-megacode-y-fecha-examen-acceso-al-samu-061-enfermera-de-urgencias-de-ap\/\">IBSALUT: Llista Definitiva inscrits a Prova MEGACODE i data Examen-Acc\u00e9s al SAMU 061, Infermera d'Urg\u00e8ncies d'AP<\/a><\/h4><span class=\"post_infos\"><span class=\"date_hour_holder\"><i class=\"fa fa-calendar-o\"><\/i><span class=\"date\">30 octubre, 2025<\/span><\/span><span class=\"latest-vert-separator\"> in<\/span> <a href=\"https:\/\/infermeriabalear.com\/ca\/category\/concurso_opos\/\">Concursos i Oposicions <\/a> <\/span><\/div><\/div><\/div><\/div><\/ul><\/div><\/div><\/div><\/div><\/div><\/div><\/div><div      class=\"vc_row wpb_row section\" style=' text-align:left;'><div class=\"clearfix\"><div class=\"wpb_column vc_column_container vc_col-sm-12\"><div class=\"vc_column-inner\"><div class=\"wpb_wrapper\"><div class=\"vc_empty_space\"   style=\"height: 30px\"><span class=\"vc_empty_space_inner\"><\/span><\/div><\/div><\/div><\/div><\/div><\/div>\n<\/div>","protected":false},"excerpt":{"rendered":"28\/10\/2025: Resoluci\u00f3n del director gerente de la Gerencia de Atenci\u00f3n a Urgencias SAMU 061, Baleares del Servicio de Salud de...","protected":false},"author":9,"featured_media":0,"parent":0,"menu_order":0,"comment_status":"closed","ping_status":"closed","template":"full_width.php","meta":{"footnotes":""},"class_list":["post-11705","page","type-page","status-publish","hentry"],"_links":{"self":[{"href":"https:\/\/infermeriabalear.com\/ca\/wp-json\/wp\/v2\/pages\/11705","targetHints":{"allow":["GET"]}}],"collection":[{"href":"https:\/\/infermeriabalear.com\/ca\/wp-json\/wp\/v2\/pages"}],"about":[{"href":"https:\/\/infermeriabalear.com\/ca\/wp-json\/wp\/v2\/types\/page"}],"author":[{"embeddable":true,"href":"https:\/\/infermeriabalear.com\/ca\/wp-json\/wp\/v2\/users\/9"}],"replies":[{"embeddable":true,"href":"https:\/\/infermeriabalear.com\/ca\/wp-json\/wp\/v2\/comments?post=11705"}],"version-history":[{"count":5,"href":"https:\/\/infermeriabalear.com\/ca\/wp-json\/wp\/v2\/pages\/11705\/revisions"}],"predecessor-version":[{"id":16598,"href":"https:\/\/infermeriabalear.com\/ca\/wp-json\/wp\/v2\/pages\/11705\/revisions\/16598"}],"wp:attachment":[{"href":"https:\/\/infermeriabalear.com\/ca\/wp-json\/wp\/v2\/media?parent=11705"}],"curies":[{"name":"wp","href":"https:\/\/api.w.org\/{rel}","templated":true}]}}