{"id":11847,"date":"2020-10-30T15:35:44","date_gmt":"2020-10-30T15:35:44","guid":{"rendered":"http:\/\/coiba.com\/?page_id=11847"},"modified":"2022-02-24T14:21:34","modified_gmt":"2022-02-24T13:21:34","slug":"eventos","status":"publish","type":"page","link":"https:\/\/infermeriabalear.com\/ca\/eventos\/","title":{"rendered":"Esdeveniments"},"content":{"rendered":"<div class=\"wpb-content-wrapper\"><div    data-q_id=\"#about\"   class=\"vc_row wpb_row section  grid_section\" style=' text-align:left;'><div class=\"section_inner clearfix\"><div class='section_inner_margin clearfix'><div class=\"wpb_column vc_column_container vc_col-sm-12\"><div class=\"vc_column-inner\"><div class=\"wpb_wrapper\"><div class=\"vc_empty_space\"   style=\"height: 60px\"><span class=\"vc_empty_space_inner\"><\/span><\/div><\/div><\/div><\/div><\/div><\/div><\/div><div      class=\"vc_row wpb_row section  grid_section\" style=' text-align:left;'><div class=\"section_inner clearfix\"><div class='section_inner_margin clearfix'><div class=\"wpb_column vc_column_container vc_col-sm-12\"><div class=\"vc_column-inner\"><div class=\"wpb_wrapper\">\n\t<div class=\"wpb_text_column wpb_content_element\" >\n\t\t<div class=\"wpb_wrapper\">\n\t\t\t<h2>Esdeveniments COIBA<\/h2>\n\n\t\t<\/div>\n\t<\/div>\n<div class=\"separator  transparent\" style=\"margin-top:20px;margin-bottom:20px;\"><\/div>\n<div class='latest_post_holder boxes four_columns'><ul><li class=\"clearfix\"><div class=\"boxes_image\"><img loading=\"lazy\" decoding=\"async\" width=\"722\" height=\"407\" src=\"https:\/\/infermeriabalear.com\/wp-content\/uploads\/2026\/05\/WhatsApp-Image-2026-05-07-at-09.25.14-1-e1778313721798.jpeg\" class=\"attachment-latest_post_boxes size-latest_post_boxes wp-post-image\" alt=\"\" srcset=\"https:\/\/infermeriabalear.com\/wp-content\/uploads\/2026\/05\/WhatsApp-Image-2026-05-07-at-09.25.14-1-e1778313721798.jpeg 722w, https:\/\/infermeriabalear.com\/wp-content\/uploads\/2026\/05\/WhatsApp-Image-2026-05-07-at-09.25.14-1-e1778313721798-300x169.jpeg 300w, https:\/\/infermeriabalear.com\/wp-content\/uploads\/2026\/05\/WhatsApp-Image-2026-05-07-at-09.25.14-1-e1778313721798-400x225.jpeg 400w, https:\/\/infermeriabalear.com\/wp-content\/uploads\/2026\/05\/WhatsApp-Image-2026-05-07-at-09.25.14-1-e1778313721798-18x10.jpeg 18w\" sizes=\"auto, (max-width: 722px) 100vw, 722px\" \/><\/div><div class=\"latest_post\"><div class=\"latest_post_text\"><div class=\"latest_post_inner\"><div class=\"latest_post_text_inner\"><h4 class=\"latest_post_title\"><a href=\"https:\/\/infermeriabalear.com\/ca\/2026\/05\/09\/i-jornada-del-comite-de-etica-asistencial-del-area-de-salud-de-ibiza-y-formentera\/\">I Jornada del Comit\u00e8 d'\u00c8tica Assistencial de l'\u00c0rea de Salut d'Eivissa i Formentera<\/a><\/h4><p class=\"boxes_excerpt\">El \u00c1rea de Salud de Ibiza y Formentera y la junta insular del Col\u00b7legi Oficial d&#8217;Infermeres i Infermers de les......<\/p><span class=\"post_infos\"><span class=\"date_hour_holder\"><i class=\"fa fa-calendar-o\"><\/i><span class=\"date\">09 maig, 2026<\/span><\/span><span class=\"latest-vert-separator\"> in<\/span> <a href=\"https:\/\/infermeriabalear.com\/ca\/category\/eventos-coiba\/\">Esdeveniments COIBA <\/a>  <a href=\"https:\/\/infermeriabalear.com\/ca\/category\/noticias\/\">Not\u00edcies <\/a>  <a href=\"https:\/\/infermeriabalear.com\/ca\/category\/noticias-destacadas\/\">Not\u00edcies destacades <\/a> <\/span><\/div><\/div><\/div><\/div><li class=\"clearfix\"><div class=\"boxes_image\"><img loading=\"lazy\" decoding=\"async\" width=\"1080\" height=\"610\" src=\"https:\/\/infermeriabalear.com\/wp-content\/uploads\/2026\/04\/Reunio-ABIC-COIBA_ZBS-e1777473889862.png\" class=\"attachment-latest_post_boxes size-latest_post_boxes wp-post-image\" alt=\"\" srcset=\"https:\/\/infermeriabalear.com\/wp-content\/uploads\/2026\/04\/Reunio-ABIC-COIBA_ZBS-e1777473889862.png 1080w, https:\/\/infermeriabalear.com\/wp-content\/uploads\/2026\/04\/Reunio-ABIC-COIBA_ZBS-e1777473889862-300x169.png 300w, https:\/\/infermeriabalear.com\/wp-content\/uploads\/2026\/04\/Reunio-ABIC-COIBA_ZBS-e1777473889862-400x226.png 400w, https:\/\/infermeriabalear.com\/wp-content\/uploads\/2026\/04\/Reunio-ABIC-COIBA_ZBS-e1777473889862-768x434.png 768w, https:\/\/infermeriabalear.com\/wp-content\/uploads\/2026\/04\/Reunio-ABIC-COIBA_ZBS-e1777473889862-18x10.png 18w\" sizes=\"auto, (max-width: 1080px) 100vw, 1080px\" \/><\/div><div class=\"latest_post\"><div class=\"latest_post_text\"><div class=\"latest_post_inner\"><div class=\"latest_post_text_inner\"><h4 class=\"latest_post_title\"><a href=\"https:\/\/infermeriabalear.com\/ca\/2026\/04\/29\/abic-coiba-reunion-liderazgo-enfermero\/\">ABIC i COIBA organitzen una reuni\u00f3 informativa sobre lideratge infermer: 4 de maig \u2013 16:30h<\/a><\/h4><p class=\"boxes_excerpt\">L'Associaci\u00f3 Balear d\u2019Infermeria Comunit\u00e0ria (ABIC) i el Col\u00b7legi Oficial d\u2019Infermeres i Infermers de les Illes Balears (COIBA) organitzam una...<\/p><span class=\"post_infos\"><span class=\"date_hour_holder\"><i class=\"fa fa-calendar-o\"><\/i><span class=\"date\">29 abril, 2026<\/span><\/span><span class=\"latest-vert-separator\"> in<\/span> <a href=\"https:\/\/infermeriabalear.com\/ca\/category\/eventos-coiba\/\">Esdeveniments COIBA <\/a>  <a href=\"https:\/\/infermeriabalear.com\/ca\/category\/noticias\/\">Not\u00edcies <\/a>  <a href=\"https:\/\/infermeriabalear.com\/ca\/category\/noticias-destacadas\/\">Not\u00edcies destacades <\/a> <\/span><\/div><\/div><\/div><\/div><li class=\"clearfix\"><div class=\"boxes_image\"><img loading=\"lazy\" decoding=\"async\" width=\"1600\" height=\"900\" src=\"https:\/\/infermeriabalear.com\/wp-content\/uploads\/2026\/04\/WEB_comares-2026_CAT.png\" class=\"attachment-latest_post_boxes size-latest_post_boxes wp-post-image\" alt=\"\" srcset=\"https:\/\/infermeriabalear.com\/wp-content\/uploads\/2026\/04\/WEB_comares-2026_CAT.png 1600w, https:\/\/infermeriabalear.com\/wp-content\/uploads\/2026\/04\/WEB_comares-2026_CAT-300x169.png 300w, https:\/\/infermeriabalear.com\/wp-content\/uploads\/2026\/04\/WEB_comares-2026_CAT-400x225.png 400w, https:\/\/infermeriabalear.com\/wp-content\/uploads\/2026\/04\/WEB_comares-2026_CAT-768x432.png 768w, https:\/\/infermeriabalear.com\/wp-content\/uploads\/2026\/04\/WEB_comares-2026_CAT-1536x864.png 1536w, https:\/\/infermeriabalear.com\/wp-content\/uploads\/2026\/04\/WEB_comares-2026_CAT-18x10.png 18w\" sizes=\"auto, (max-width: 1600px) 100vw, 1600px\" \/><\/div><div class=\"latest_post\"><div class=\"latest_post_text\"><div class=\"latest_post_inner\"><div class=\"latest_post_text_inner\"><h4 class=\"latest_post_title\"><a href=\"https:\/\/infermeriabalear.com\/ca\/2026\/04\/23\/matronas-coiba-y-abc-os-proponemos-celebrar-vuestro-dia-con-una-jornada-especial-de-formacion-5-de-mayo\/\">Comares, COIBA i ABC vos proposam celebrar el vostre dia amb una jornada especial de formaci\u00f3: 5 de maig<\/a><\/h4><p class=\"boxes_excerpt\">L'Associaci\u00f3 Balear de Comares i la Comissi\u00f3 de Comares del Col\u00b7legi Oficial d'Enfermeres i Infermers de les Illes Balears......<\/p><span class=\"post_infos\"><span class=\"date_hour_holder\"><i class=\"fa fa-calendar-o\"><\/i><span class=\"date\">23 abril, 2026<\/span><\/span><span class=\"latest-vert-separator\"> in<\/span> <a href=\"https:\/\/infermeriabalear.com\/ca\/category\/eventos-coiba\/\">Esdeveniments COIBA <\/a>  <a href=\"https:\/\/infermeriabalear.com\/ca\/category\/noticias\/\">Not\u00edcies <\/a>  <a href=\"https:\/\/infermeriabalear.com\/ca\/category\/noticias-destacadas\/\">Not\u00edcies destacades <\/a> <\/span><\/div><\/div><\/div><\/div><li class=\"clearfix\"><div class=\"boxes_image\"><img loading=\"lazy\" decoding=\"async\" width=\"1413\" height=\"797\" src=\"https:\/\/infermeriabalear.com\/wp-content\/uploads\/2026\/04\/Cartell-1-e1776165897353.jpg\" class=\"attachment-latest_post_boxes size-latest_post_boxes wp-post-image\" alt=\"\" srcset=\"https:\/\/infermeriabalear.com\/wp-content\/uploads\/2026\/04\/Cartell-1-e1776165897353.jpg 1413w, https:\/\/infermeriabalear.com\/wp-content\/uploads\/2026\/04\/Cartell-1-e1776165897353-300x169.jpg 300w, https:\/\/infermeriabalear.com\/wp-content\/uploads\/2026\/04\/Cartell-1-e1776165897353-400x226.jpg 400w, https:\/\/infermeriabalear.com\/wp-content\/uploads\/2026\/04\/Cartell-1-e1776165897353-768x433.jpg 768w, https:\/\/infermeriabalear.com\/wp-content\/uploads\/2026\/04\/Cartell-1-e1776165897353-18x10.jpg 18w\" sizes=\"auto, (max-width: 1413px) 100vw, 1413px\" \/><\/div><div class=\"latest_post\"><div class=\"latest_post_text\"><div class=\"latest_post_inner\"><div class=\"latest_post_text_inner\"><h4 class=\"latest_post_title\"><a href=\"https:\/\/infermeriabalear.com\/ca\/2026\/04\/14\/cineforum-con-medicus-mundi-en-el-coiba-la-fiebre-del-oro-salut-global-i-responsabilitat-compartida-20-de-abril-coiba-palma\/\">CineF\u00f2rum amb Medicusmundi al COIBA: \u2018La fiebre del oro: salut global i responsabilitat compartida\u2019 (20 d'abril)<\/a><\/h4><p class=\"boxes_excerpt\">Medicusmundi, amb la col\u00b7laboraci\u00f3 del COIBA, organitza el Cinef\u00f2rum \u201cLa fiebre del oro: salud global y responsabilidad compartida\u2019 a la seu......<\/p><span class=\"post_infos\"><span class=\"date_hour_holder\"><i class=\"fa fa-calendar-o\"><\/i><span class=\"date\">14 abril, 2026<\/span><\/span><span class=\"latest-vert-separator\"> in<\/span> <a href=\"https:\/\/infermeriabalear.com\/ca\/category\/eventos-coiba\/\">Esdeveniments COIBA <\/a>  <a href=\"https:\/\/infermeriabalear.com\/ca\/category\/noticias\/\">Not\u00edcies <\/a>  <a href=\"https:\/\/infermeriabalear.com\/ca\/category\/noticias-destacadas\/\">Not\u00edcies destacades <\/a> <\/span><\/div><\/div><\/div><\/div><\/ul><\/div><div class=\"separator  transparent\" style=\"margin-top:20px;margin-bottom:20px;\"><\/div>\n<\/div><\/div><\/div><\/div><\/div><\/div><div      class=\"vc_row wpb_row section  grid_section\" style=' text-align:left;'><div class=\"section_inner clearfix\"><div class='section_inner_margin clearfix'><div class=\"wpb_column vc_column_container vc_col-sm-12\"><div class=\"vc_column-inner\"><div class=\"wpb_wrapper\"><div class=\"separator  transparent\" style=\"margin-top:10px;margin-bottom:10px;\"><\/div>\n\n\t<div class=\"wpb_text_column wpb_content_element\" >\n\t\t<div class=\"wpb_wrapper\">\n\t\t\t<h2>Altres esdeveniments d'inter\u00e8s<\/h2>\n\n\t\t<\/div>\n\t<\/div>\n<div class=\"separator  transparent\" style=\"margin-top:20px;margin-bottom:20px;\"><\/div>\n<\/div><\/div><\/div><\/div><\/div><\/div><div      class=\"vc_row wpb_row section  grid_section\" style=' text-align:left;'><div class=\"section_inner clearfix\"><div class='section_inner_margin clearfix'><div class=\"wpb_column vc_column_container vc_col-sm-6\"><div class=\"vc_column-inner\"><div class=\"wpb_wrapper\"><div class='latest_post_holder image_in_box'><ul><li class=\"clearfix\"><div class=\"latest_post\"><div class=\"latest_post_image clearfix\"><img decoding=\"async\" src=\"https:\/\/infermeriabalear.com\/wp-content\/uploads\/2026\/04\/H.S.LLATZER-1.png\" alt=\"\" \/><\/div><div class=\"latest_post_text\"><div class=\"latest_post_inner\"><div class=\"latest_post_text_inner\"><h5 class=\"latest_post_title\"><a href=\"https:\/\/infermeriabalear.com\/ca\/2026\/04\/20\/25o-aniversario-hospital-son-llatzer-jornadas-commemorativas-22-de-abril-de-2026\/\">25\u00e8 Aniversari Hospital Son Ll\u00e0tzer: Jornades Commemoratives \u2013 del 22 d'abril al 24 de novembre de 2026<\/a><\/h5><span class=\"post_infos\"><span class=\"latest-vert-separator\"> in<\/span> <a href=\"https:\/\/infermeriabalear.com\/ca\/category\/eventos-otros\/\">Altres Esdeveniments <\/a> <\/span><\/div><\/div><\/div><\/div><li class=\"clearfix\"><div class=\"latest_post\"><div class=\"latest_post_image clearfix\"><img decoding=\"async\" src=\"https:\/\/infermeriabalear.com\/wp-content\/uploads\/2026\/05\/FOTO.jpeg\" alt=\"\" \/><\/div><div class=\"latest_post_text\"><div class=\"latest_post_inner\"><div class=\"latest_post_text_inner\"><h5 class=\"latest_post_title\"><a href=\"https:\/\/infermeriabalear.com\/ca\/2026\/04\/20\/iv-jornadas-invescol-2026-palencia-7-de-mayo-de-2026\/\">IV Jornades INVESCOL 2026 -Pal\u00e8ncia, 7 de maig de 2026<\/a><\/h5><span class=\"post_infos\"><span class=\"latest-vert-separator\"> in<\/span> <a href=\"https:\/\/infermeriabalear.com\/ca\/category\/eventos-otros\/\">Altres Esdeveniments <\/a> <\/span><\/div><\/div><\/div><\/div><li class=\"clearfix\"><div class=\"latest_post\"><div class=\"latest_post_image clearfix\"><img decoding=\"async\" src=\"https:\/\/infermeriabalear.com\/wp-content\/uploads\/2026\/03\/AMASC-e1774969485794-150x150.png\" alt=\"\" \/><\/div><div class=\"latest_post_text\"><div class=\"latest_post_inner\"><div class=\"latest_post_text_inner\"><h5 class=\"latest_post_title\"><a href=\"https:\/\/infermeriabalear.com\/ca\/2026\/02\/16\/iii-jornadas-amasc-12-de-mayo-de-2026\/\">III Jornades AMASC \u2013 12 de maig de 2026<\/a><\/h5><span class=\"post_infos\"><span class=\"latest-vert-separator\"> in<\/span> <a href=\"https:\/\/infermeriabalear.com\/ca\/category\/noticias-destacadas\/\">Not\u00edcies destacades <\/a>  <a href=\"https:\/\/infermeriabalear.com\/ca\/category\/eventos-otros\/\">Altres Esdeveniments <\/a> <\/span><\/div><\/div><\/div><\/div><li class=\"clearfix\"><div class=\"latest_post\"><div class=\"latest_post_image clearfix\"><img decoding=\"async\" src=\"https:\/\/infermeriabalear.com\/wp-content\/uploads\/2026\/01\/SEED.png\" alt=\"\" \/><\/div><div class=\"latest_post_text\"><div class=\"latest_post_inner\"><div class=\"latest_post_text_inner\"><h5 class=\"latest_post_title\"><a href=\"https:\/\/infermeriabalear.com\/ca\/2026\/01\/23\/iv-congreso-internacional-sinergias-dermoesteticas-22-de-mayo-de-2026\/\">IV Congr\u00e9s Internacional Sinergies Dermoest\u00e8tiques \u2013 22 de maig de 2026<\/a><\/h5><span class=\"post_infos\"><span class=\"latest-vert-separator\"> in<\/span> <a href=\"https:\/\/infermeriabalear.com\/ca\/category\/eventos-otros\/\">Altres Esdeveniments <\/a> <\/span><\/div><\/div><\/div><\/div><\/ul><\/div><\/div><\/div><\/div><div class=\"wpb_column vc_column_container vc_col-sm-6\"><div class=\"vc_column-inner\"><div class=\"wpb_wrapper\"><div class='latest_post_holder image_in_box'><ul><\/ul><\/div><\/div><\/div><\/div><\/div><\/div><\/div><div      class=\"vc_row wpb_row section\" style=' text-align:left;'><div class=\"clearfix\"><div class=\"wpb_column vc_column_container vc_col-sm-12\"><div class=\"vc_column-inner\"><div class=\"wpb_wrapper\"><div class=\"separator  transparent\" style=\"margin-top:20px;margin-bottom:20px;\"><\/div>\n<\/div><\/div><\/div><\/div><\/div>\n<\/div>","protected":false},"excerpt":{"rendered":"La SEED (Sociedad Espa\u00f1ola de Enfermer\u00eda Dermoest\u00e9tica) organiza este encuentro con el objetivo de crear un espacio de formaci\u00f3n, actualizaci\u00f3n...","protected":false},"author":9,"featured_media":0,"parent":0,"menu_order":0,"comment_status":"closed","ping_status":"closed","template":"","meta":{"footnotes":""},"class_list":["post-11847","page","type-page","status-publish","hentry"],"_links":{"self":[{"href":"https:\/\/infermeriabalear.com\/ca\/wp-json\/wp\/v2\/pages\/11847","targetHints":{"allow":["GET"]}}],"collection":[{"href":"https:\/\/infermeriabalear.com\/ca\/wp-json\/wp\/v2\/pages"}],"about":[{"href":"https:\/\/infermeriabalear.com\/ca\/wp-json\/wp\/v2\/types\/page"}],"author":[{"embeddable":true,"href":"https:\/\/infermeriabalear.com\/ca\/wp-json\/wp\/v2\/users\/9"}],"replies":[{"embeddable":true,"href":"https:\/\/infermeriabalear.com\/ca\/wp-json\/wp\/v2\/comments?post=11847"}],"version-history":[{"count":5,"href":"https:\/\/infermeriabalear.com\/ca\/wp-json\/wp\/v2\/pages\/11847\/revisions"}],"predecessor-version":[{"id":27305,"href":"https:\/\/infermeriabalear.com\/ca\/wp-json\/wp\/v2\/pages\/11847\/revisions\/27305"}],"wp:attachment":[{"href":"https:\/\/infermeriabalear.com\/ca\/wp-json\/wp\/v2\/media?parent=11847"}],"curies":[{"name":"wp","href":"https:\/\/api.w.org\/{rel}","templated":true}]}}