{"id":12282,"date":"2020-11-18T11:19:18","date_gmt":"2020-11-18T11:19:18","guid":{"rendered":"https:\/\/infermeriabalear.com\/?page_id=12282"},"modified":"2025-11-06T13:31:38","modified_gmt":"2025-11-06T12:31:38","slug":"juntas","status":"publish","type":"page","link":"https:\/\/infermeriabalear.com\/ca\/juntas\/","title":{"rendered":"Juntes"},"content":{"rendered":"<div class=\"wpb-content-wrapper\"><div      class=\"vc_row wpb_row section  grid_section\" style=' border-bottom: 1px solid #e8e8e8; padding-top:60px; padding-bottom:72px; text-align:left;'><div class=\"section_inner clearfix\"><div class='section_inner_margin clearfix'><div class=\"wpb_column vc_column_container vc_col-sm-12\"><div class=\"vc_column-inner\"><div class=\"wpb_wrapper\">\n\t<div class=\"wpb_tabstabs_holder clearfix\" data-interval=\"0\">\n\t\t<div class=\"q_tabs horizontal\">\n\t\t\t<ul class=\"tabs-nav\"><li><a href=\"#tab-1390467785418-2-0\">Junta de Mallorca<\/a><\/li><li><a href=\"#tab-1606207457284-1-6\">Junta de Menorca<\/a><\/li><li><a href=\"#tab-1606207459596-2-9\">Junta de Les Piti\u00fcses<\/a><\/li><li><a href=\"#tab-1651048058967-3-10\">Pla Estrat\u00e8gic<\/a><\/li><\/ul>\n<div class='tabs-container'>\n\t\t\t\n\t<div id=\"tab-1390467785418-2-0\" class=\"wpb_tab ui-tabs-panel wpb_ui-tabs-hide vc_clearfix tab-content\">\n\t\t<div class=\"vc_empty_space\"   style=\"height: 32px\"><span class=\"vc_empty_space_inner\"><\/span><\/div>\n\t<div class=\"wpb_text_column wpb_content_element\" >\n\t\t<div class=\"wpb_wrapper\">\n\t\t\t<h3><\/h3>\n<h2 style=\"text-align: center;\">JUNTA DE GOVERN DE MALLORCA<\/h2>\n\n\t\t<\/div>\n\t<\/div>\n<div class=\"vc_empty_space\"   style=\"height: 32px\"><span class=\"vc_empty_space_inner\"><\/span><\/div><div      class=\"vc_row wpb_row section vc_inner  grid_section\" style=' text-align:left;'><div class=\"section_inner clearfix\"><div class='section_inner_margin clearfix'><div class=\"wpb_column vc_column_container vc_col-sm-4\"><div class=\"vc_column-inner\"><div class=\"wpb_wrapper\"><div class=\"separator  transparent\" style=\"margin-top:15px;\"><\/div>\n<div class='q_team'><div class='q_team_inner'><div class='q_team_image'><img src='https:\/\/infermeriabalear.com\/wp-content\/uploads\/2023\/08\/Maria-Jose_.jpg' alt='' \/><\/div><div class='q_team_text'><div class='q_team_text_inner'><div class='q_team_title_holder'><h5 class='q_team_name'>Mar\u00eda Jos\u00e9 Sastre Perea<\/h5><span>Presidenta<\/span><\/div><p>Diplomada en Infermeria i M\u00e0ster en Recerca en Salut i Qualitat de Vida (UIB). Infermera assistencial, ha dedicat 23 anys a treballar a centres de salut de Mallorca, a on t\u00e9 experi\u00e8ncia en gesti\u00f3 com a coordinadora infermera i tutora de residents d'Infermeria Familiar i Comunit\u00e0ria. A m\u00e9s d'aquesta experi\u00e8ncia en AP, tamb\u00e9 t\u00e9 en les \u00e0rees de recerca i doc\u00e8ncia.<\/p><\/div><div class='q_team_social_holder'><\/div><\/div><\/div><\/div><\/div><\/div><\/div><div class=\"wpb_column vc_column_container vc_col-sm-4\"><div class=\"vc_column-inner\"><div class=\"wpb_wrapper\"><div class=\"separator  transparent\" style=\"margin-top:15px;\"><\/div>\n<div class='q_team'><div class='q_team_inner'><div class='q_team_image'><img src='https:\/\/infermeriabalear.com\/wp-content\/uploads\/2023\/08\/Pepa-Ferra_.jpg' alt='' \/><\/div><div class='q_team_text'><div class='q_team_text_inner'><div class='q_team_title_holder'><h5 class='q_team_name'>Maria Josep Ferr\u00e0 Serra<\/h5><span>Vicepresidenta<\/span><\/div><p>Diplomada en Enfermer\u00eda (UIB) y licenciada en Antropolog\u00eda Social y Cultural (UAB). M\u00e1ster en Gesti\u00f3n de Servicios Sanitarios (UIB) y experta universitaria en Gesti\u00f3n y Calidad (FUDEN). Actualmente: Centre de Salut Escola Graduada.<\/p><\/div><div class='q_team_social_holder'><\/div><\/div><\/div><\/div><\/div><\/div><\/div><div class=\"wpb_column vc_column_container vc_col-sm-4\"><div class=\"vc_column-inner\"><div class=\"wpb_wrapper\"><div class=\"separator  transparent\" style=\"margin-top:15px;\"><\/div>\n<div class='q_team'><div class='q_team_inner'><div class='q_team_image'><img src='https:\/\/infermeriabalear.com\/wp-content\/uploads\/2024\/09\/Lola_-scaled.jpg' alt='' \/><\/div><div class='q_team_text'><div class='q_team_text_inner'><div class='q_team_title_holder'><h5 class='q_team_name'>Mar\u00eda Dolores Cohe\u00f1a Jim\u00e9nez<\/h5><span>Secret\u00e0ria<\/span><\/div><p>Diplomada en Infermeria (Univ. de C\u00e1diz, 92-95). M\u00e0ster en Cures Pal\u00b7liatives (Univ. de Sevilla). 29 anys com a infermera assistencial a l'IbSalut, tant en hospitalitzaci\u00f3 com en Atenci\u00f3 Prim\u00e0ria. Col\u00b7laboradora docent en Cures Pal\u00b7liatives a MIR i IIR. Des del 2010 i fins a l'actualitat, ESAD-Equip de Suport a l'Atenci\u00f3 Domicili\u00e0ria GAP Mallorca.<\/p><\/div><div class='q_team_social_holder'><\/div><\/div><\/div><\/div><\/div><\/div><\/div><\/div><\/div><\/div><div      class=\"vc_row wpb_row section vc_inner  grid_section\" style=' text-align:left;'><div class=\"section_inner clearfix\"><div class='section_inner_margin clearfix'><div class=\"wpb_column vc_column_container vc_col-sm-4\"><div class=\"vc_column-inner\"><div class=\"wpb_wrapper\"><div class=\"separator  transparent\" style=\"margin-top:15px;\"><\/div>\n<div class='q_team'><div class='q_team_inner'><div class='q_team_image'><img src='https:\/\/infermeriabalear.com\/wp-content\/uploads\/2023\/08\/Francisco-J_.jpg' alt='' \/><\/div><div class='q_team_text'><div class='q_team_text_inner'><div class='q_team_title_holder'><h5 class='q_team_name'>Francisco Jos\u00e9 Cereceda S\u00e1nchez<\/h5><span>Vicesecretari<\/span><\/div><p>Diplomat en Infermeria (UIB) i doctor per la Universitat de les Illes Balears. M\u00e0ster oficial en Telemedicina (UOC) i postgrau en Infermeria d'Urg\u00e8ncies, Emerg\u00e8ncies i Cat\u00e0strofes (UAX). Actualment treballa com a infermer al SAMU 061 i \u00e9s professor associat a la UIB.<\/p><\/div><div class='q_team_social_holder'><\/div><\/div><\/div><\/div><\/div><\/div><\/div><div class=\"wpb_column vc_column_container vc_col-sm-4\"><div class=\"vc_column-inner\"><div class=\"wpb_wrapper\"><div class=\"separator  transparent\" style=\"margin-top:15px;\"><\/div>\n<div class='q_team'><div class='q_team_inner'><div class='q_team_image'><img src='https:\/\/infermeriabalear.com\/wp-content\/uploads\/2023\/08\/Rosa-Gonzalez_.jpg' alt='' \/><\/div><div class='q_team_text'><div class='q_team_text_inner'><div class='q_team_title_holder'><h5 class='q_team_name'>Rosa Gonz\u00e1lez Casquero<\/h5><span>Tesorera<\/span><\/div><p>Infermera (Universidad de Cantabria, Casa Salud Valdecilla). Especialista en Infermeria del Treball, t\u00e8cnica superior en prevenci\u00f3 de riscs laborals i M\u00e0ster en Recerca de Cures d'Infermeria (Univ. Complutense). Actualment: supervisora del servei de Cures Pal\u00b7liatives a l'Hospital Joan March.<\/p><\/div><div class='q_team_social_holder'><\/div><\/div><\/div><\/div><\/div><\/div><\/div><div class=\"wpb_column vc_column_container vc_col-sm-4\"><div class=\"vc_column-inner\"><div class=\"wpb_wrapper\"><div class=\"separator  transparent\" style=\"margin-top:15px;\"><\/div>\n<div class='q_team'><div class='q_team_inner'><div class='q_team_image'><img src='https:\/\/infermeriabalear.com\/wp-content\/uploads\/2023\/09\/IMG_7107.jpg' alt='' \/><\/div><div class='q_team_text'><div class='q_team_text_inner'><div class='q_team_title_holder'><h5 class='q_team_name'>Carmen Gonzalvo Oller<\/h5><span>Vicetresorera i primera vocal<\/span><\/div><p>Diplomada en Infermeria (UAB), especialista en Salut Mental (Univ. de Barcelona). Especialista Universit\u00e0ria en Gesti\u00f3 Sanit\u00e0ria (UIB). Supervisora infermera de Salut Mental del Sector Tramuntana des de 2012. Coordinadora del F\u00f2rum d\u2019Infermeres de Salut Mental Illes Balears de l'Asociaci\u00f3n Espa\u00f1ola de Enfermer\u00eda de Salud Mental (AEESME)<\/p><\/div><div class='q_team_social_holder'><\/div><\/div><\/div><\/div><\/div><\/div><\/div><div class=\"wpb_column vc_column_container vc_col-sm-12\"><div class=\"vc_column-inner\"><div class=\"wpb_wrapper\"><div class=\"separator  transparent\" style=\"margin-top:15px;\"><\/div>\n\n\t<div class=\"wpb_text_column wpb_content_element\" >\n\t\t<div class=\"wpb_wrapper\">\n\t\t\t<h2>Vocals<\/h2>\n\n\t\t<\/div>\n\t<\/div>\n<\/div><\/div><\/div><\/div><\/div><\/div><div      class=\"vc_row wpb_row section vc_inner  grid_section\" style=' text-align:left;'><div class=\"section_inner clearfix\"><div class='section_inner_margin clearfix'><div class=\"wpb_column vc_column_container vc_col-sm-4\"><div class=\"vc_column-inner\"><div class=\"wpb_wrapper\"><div class=\"separator  transparent\" style=\"margin-top:15px;\"><\/div>\n<div class='q_team'><div class='q_team_inner'><div class='q_team_image'><img src='https:\/\/infermeriabalear.com\/wp-content\/uploads\/2023\/08\/Xisco-Ferrer_.jpg' alt='' \/><\/div><div class='q_team_text'><div class='q_team_text_inner'><div class='q_team_title_holder'><h5 class='q_team_name'>Francisco Ferrer Cruz<\/h5><span>Vocal<\/span><\/div><p>Diplomat en Infermeria (UIB) i Expert Universitari en Gesti\u00f3 de Serveis de Salut. Infermer adjunt a l\u2019\u00c0rea de Projectes de l\u2019Hospital Comarcal d\u2019Inca. Membre de la Unitat de Seguretat i de la Comissi\u00f3 de Doc\u00e8ncia i Formaci\u00f3 del HCIN. Col\u00edder del Programa BPSO del HCIN i de la xarxa de recerca del grup CuRes del Idisba.<\/p><\/div><div class='q_team_social_holder'><\/div><\/div><\/div><\/div><\/div><\/div><\/div><div class=\"wpb_column vc_column_container vc_col-sm-4\"><div class=\"vc_column-inner\"><div class=\"wpb_wrapper\"><div class=\"separator  transparent\" style=\"margin-top:15px;\"><\/div>\n<div class='q_team'><div class='q_team_inner'><div class='q_team_image'><img src='https:\/\/infermeriabalear.com\/wp-content\/uploads\/2023\/08\/Ivan-Ona_.jpg' alt='' \/><\/div><div class='q_team_text'><div class='q_team_text_inner'><div class='q_team_title_holder'><h5 class='q_team_name'>Iv\u00e1n O\u00f1a Gil<\/h5><span>Vocal<\/span><\/div><p>Graduat en Infermeria per la Universidad de M\u00e1laga, infermera especialista en Infermeria Familiar i Comunit\u00e0ria i M\u00e0ster en Recerca i Avan\u00e7os en Medicina Preventiva i Salut P\u00fablica per la Universidad de Granada. Actualment, \u00e9s el responsable d'Infermeria del Centre de Salut Doctora Teresa Piqu\u00e9-Son Pis\u00e0.<\/p><\/div><div class='q_team_social_holder'><\/div><\/div><\/div><\/div><\/div><\/div><\/div><div class=\"wpb_column vc_column_container vc_col-sm-4\"><div class=\"vc_column-inner\"><div class=\"wpb_wrapper\"><div class=\"separator  transparent\" style=\"margin-top:15px;\"><\/div>\n<div class='q_team'><div class='q_team_inner'><div class='q_team_image'><img src='https:\/\/infermeriabalear.com\/wp-content\/uploads\/2023\/08\/Silvia-Garcia.jpg' alt='' \/><\/div><div class='q_team_text'><div class='q_team_text_inner'><div class='q_team_title_holder'><h5 class='q_team_name'>Silvia Garc\u00eda Castro<\/h5><span>Vocal de Persones Grans<\/span><\/div><p>Diplomada en Infermeria (Universidad de Oviedo), especialista en Infermeria Geri\u00e0trica, M\u00e0ster en Infermeria de Pr\u00e0ctica Avan\u00e7ada en Atenci\u00f3 al Pacient Cr\u00f2nic (UDIMA) i experta en Infermeria Gerontol\u00f2gica i Di\u00e0lisi (UniOvi). Actualment, treballa com a infermera gestora de casos a l'Hospital Universitari Son Espases.<\/p><\/div><div class='q_team_social_holder'><\/div><\/div><\/div><\/div><\/div><\/div><\/div><\/div><\/div><\/div><div      class=\"vc_row wpb_row section vc_inner  grid_section\" style=' text-align:left;'><div class=\"section_inner clearfix\"><div class='section_inner_margin clearfix'><div class=\"wpb_column vc_column_container vc_col-sm-4\"><div class=\"vc_column-inner\"><div class=\"wpb_wrapper\"><div class=\"separator  transparent\" style=\"margin-top:15px;\"><\/div>\n<div class='q_team'><div class='q_team_inner'><div class='q_team_image'><img src='https:\/\/infermeriabalear.com\/wp-content\/uploads\/2023\/08\/M-Magdalena-Julia_.jpg' alt='' \/><\/div><div class='q_team_text'><div class='q_team_text_inner'><div class='q_team_title_holder'><h5 class='q_team_name'>Mar\u00eda Magdalena Juli\u00e0 Catal\u00e0<\/h5><span>Vocal de comares<\/span><\/div><p><\/p><\/div><div class='q_team_social_holder'><\/div><\/div><\/div><\/div><\/div><\/div><\/div><div class=\"wpb_column vc_column_container vc_col-sm-4\"><div class=\"vc_column-inner\"><div class=\"wpb_wrapper\"><div class=\"separator  transparent\" style=\"margin-top:15px;\"><\/div>\n<div class='q_team'><div class='q_team_inner'><div class='q_team_image'><img src='https:\/\/infermeriabalear.com\/wp-content\/uploads\/2023\/09\/Marga_Moranta_.jpg' alt='' \/><\/div><div class='q_team_text'><div class='q_team_text_inner'><div class='q_team_title_holder'><h5 class='q_team_name'>Margalida Moranta Gelabert<\/h5><span>Vocal<\/span><\/div><p>Diplomada en Infermeria per la Universitat de les Illes Balears (UIB). Especialista en Infermeria Pedi\u00e0trica. Actualment, treballa com a supervisora de la Unitat de Matern-Infantil de l'Hospital Comarcal d'Inca.<\/p><\/div><div class='q_team_social_holder'><\/div><\/div><\/div><\/div><\/div><\/div><\/div><div class=\"wpb_column vc_column_container vc_col-sm-4\"><div class=\"vc_column-inner\"><div class=\"wpb_wrapper\"><div class=\"separator  transparent\" style=\"margin-top:15px;\"><\/div>\n<div class='q_team'><div class='q_team_inner'><div class='q_team_image'><img src='https:\/\/infermeriabalear.com\/wp-content\/uploads\/2023\/09\/Noemi-Sanso.jpg' alt='' \/><\/div><div class='q_team_text'><div class='q_team_text_inner'><div class='q_team_title_holder'><h5 class='q_team_name'>Noem\u00ed Sans\u00f3 Mart\u00ednez<\/h5><span>Vocal<\/span><\/div><p>Diplomada en Infermeria, M\u00e0ster en Nutrici\u00f3 Humana i Qualitat dels aliments, Doctora en Ci\u00e8ncies Biosociosanit\u00e0ries. Professora del Departament d'Infermeria i Fisioter\u00e0pia de la Universitat de les Illes Balears (UIB). Coordinadora del Grup de Recerca CurES (IDISBA).<\/p><\/div><div class='q_team_social_holder'><\/div><\/div><\/div><\/div><\/div><\/div><\/div><\/div><\/div><\/div><div      class=\"vc_row wpb_row section vc_inner  grid_section\" style=' text-align:left;'><div class=\"section_inner clearfix\"><div class='section_inner_margin clearfix'><div class=\"wpb_column vc_column_container vc_col-sm-12\"><div class=\"vc_column-inner\"><div class=\"wpb_wrapper\"><div class=\"separator  transparent\" style=\"margin-top:15px;\"><\/div>\n\n\t<div class=\"wpb_text_column wpb_content_element\" >\n\t\t<div class=\"wpb_wrapper\">\n\t\t\t<h2>Suplents<\/h2>\n\n\t\t<\/div>\n\t<\/div>\n<div class=\"separator  transparent\" style=\"margin-top:10px;\"><\/div>\n\n\t<div class=\"wpb_text_column wpb_content_element\" >\n\t\t<div class=\"wpb_wrapper\">\n\t\t\t<ul>\n<li>Elena Orvay Vazquez,<\/li>\n<li>Eugenia Nadolu V\u00e9lez,<\/li>\n<li>Sergio Fresneda Genovard,<\/li>\n<li>Mar\u00eda Isabel Bujosa Taylor,<\/li>\n<li>Milagros Figueroa C\u00e9zar,<\/li>\n<li>Adela Silvestre Cardona,<\/li>\n<li>Patricia Garc\u00eda Pazo.<\/li>\n<\/ul>\n\n\t\t<\/div>\n\t<\/div>\n<\/div><\/div><\/div><\/div><\/div><\/div>\n\t<\/div>\n\n\t<div id=\"tab-1606207457284-1-6\" class=\"wpb_tab ui-tabs-panel wpb_ui-tabs-hide vc_clearfix tab-content\">\n\t\t<div class=\"vc_empty_space\"   style=\"height: 32px\"><span class=\"vc_empty_space_inner\"><\/span><\/div>\n\t<div class=\"wpb_text_column wpb_content_element\" >\n\t\t<div class=\"wpb_wrapper\">\n\t\t\t<h3><\/h3>\n<h2 style=\"text-align: center;\">JUNTA DE GOVERN DE MENORCA<\/h2>\n\n\t\t<\/div>\n\t<\/div>\n<div class=\"vc_empty_space\"   style=\"height: 32px\"><span class=\"vc_empty_space_inner\"><\/span><\/div><div      class=\"vc_row wpb_row section vc_inner  grid_section\" style=' text-align:left;'><div class=\"section_inner clearfix\"><div class='section_inner_margin clearfix'><div class=\"wpb_column vc_column_container vc_col-sm-4\"><div class=\"vc_column-inner\"><div class=\"wpb_wrapper\"><div class=\"separator  transparent\" style=\"margin-top:15px;\"><\/div>\n<div class='q_team'><div class='q_team_inner'><div class='q_team_image'><img src='https:\/\/infermeriabalear.com\/wp-content\/uploads\/2023\/09\/Purificacion_Luna-1.jpg' alt='' \/><\/div><div class='q_team_text'><div class='q_team_text_inner'><div class='q_team_title_holder'><h5 class='q_team_name'>Purificaci\u00f3n Luna Gallardo<\/h5><span>Presidenta<\/span><\/div><p>Diplomada en Infermeria i m\u00e0ster en Atenci\u00f3 integral al malalt cr\u00edtic (UB). Experta universit\u00e0ria en Gesti\u00f3 de Serveis de Salut (UIB) i Compet\u00e8ncies Docents i Digitals en Ci\u00e8ncies de la Salut (CEU). Actualment treballa en el Servei de Medicina Intensiva del Mateu Orfila i \u00e9s professora associada de la UIB.<\/p><\/div><div class='q_team_social_holder'><\/div><\/div><\/div><\/div><\/div><\/div><\/div><div class=\"wpb_column vc_column_container vc_col-sm-4\"><div class=\"vc_column-inner\"><div class=\"wpb_wrapper\"><div class=\"separator  transparent\" style=\"margin-top:15px;\"><\/div>\n<div class='q_team'><div class='q_team_inner'><div class='q_team_image'><img src='https:\/\/infermeriabalear.com\/wp-content\/uploads\/2023\/09\/Nuria_Febrer.jpg' alt='' \/><\/div><div class='q_team_text'><div class='q_team_text_inner'><div class='q_team_title_holder'><h5 class='q_team_name'>Nuria Febrer Juan<\/h5><span>Vicepresidenta<\/span><\/div><p>Diplomada a l'Escola Universit\u00e0ria d'Infermeria de la Vall d'Hebron. Actualment: tutora de pr\u00e0ctiques cl\u00edniques del grau d'infermeria de la UIB i infermera de la Unitat de Cures Intensives de l'Hospital Mateu Orfila.<\/p><\/div><div class='q_team_social_holder'><\/div><\/div><\/div><\/div><\/div><\/div><\/div><div class=\"wpb_column vc_column_container vc_col-sm-4\"><div class=\"vc_column-inner\"><div class=\"wpb_wrapper\"><div class=\"separator  transparent\" style=\"margin-top:15px;\"><\/div>\n<div class='q_team'><div class='q_team_inner'><div class='q_team_image'><img src='https:\/\/infermeriabalear.com\/wp-content\/uploads\/2023\/10\/Sonia-Lopez-e1697722711119.jpeg' alt='' \/><\/div><div class='q_team_text'><div class='q_team_text_inner'><div class='q_team_title_holder'><h5 class='q_team_name'>Sonia L\u00f3pez Sola<\/h5><span>Secret\u00e0ria<\/span><\/div><p>Diplomada en Infermeria, Experta en Suport Vital Avan\u00e7at, Experta en Cures Intensives, Experta en Atenci\u00f3 Geri\u00e0trica i Gerontol\u00f2gica. Actualment: infermera educadora del Servei d'Endocrinologia de l'Hospital Mateu Orfila.<\/p><\/div><div class='q_team_social_holder'><\/div><\/div><\/div><\/div><\/div><\/div><\/div><\/div><\/div><\/div><div      class=\"vc_row wpb_row section vc_inner  grid_section\" style=' text-align:left;'><div class=\"section_inner clearfix\"><div class='section_inner_margin clearfix'><div class=\"wpb_column vc_column_container vc_col-sm-12\"><div class=\"vc_column-inner\"><div class=\"wpb_wrapper\"><div class=\"separator  transparent\" style=\"margin-top:15px;\"><\/div>\n\n\t<div class=\"wpb_text_column wpb_content_element\" >\n\t\t<div class=\"wpb_wrapper\">\n\t\t\t<h2>Suplents<\/h2>\n\n\t\t<\/div>\n\t<\/div>\n<div class=\"separator  transparent\" style=\"margin-top:10px;\"><\/div>\n\n\t<div class=\"wpb_text_column wpb_content_element\" >\n\t\t<div class=\"wpb_wrapper\">\n\t\t\t<ul>\n<li>Senda Ram\u00edrez S\u00e1nchez,<\/li>\n<li>Carolina Carretero Mar\u00ed,<\/li>\n<li>Gemma Mart\u00ednez Pall\u00ed.<\/li>\n<\/ul>\n\n\t\t<\/div>\n\t<\/div>\n<\/div><\/div><\/div><\/div><\/div><\/div>\n\t<\/div>\n\n\t<div id=\"tab-1606207459596-2-9\" class=\"wpb_tab ui-tabs-panel wpb_ui-tabs-hide vc_clearfix tab-content\">\n\t\t<div class=\"vc_empty_space\"   style=\"height: 32px\"><span class=\"vc_empty_space_inner\"><\/span><\/div>\n\t<div class=\"wpb_text_column wpb_content_element\" >\n\t\t<div class=\"wpb_wrapper\">\n\t\t\t<h3><\/h3>\n<h2 style=\"text-align: center;\">JUNTA DE GOVERN DE LES PITI\u00dcSES<\/h2>\n\n\t\t<\/div>\n\t<\/div>\n<div class=\"vc_empty_space\"   style=\"height: 32px\"><span class=\"vc_empty_space_inner\"><\/span><\/div><div      class=\"vc_row wpb_row section vc_inner  grid_section\" style=' text-align:left;'><div class=\"section_inner clearfix\"><div class='section_inner_margin clearfix'><div class=\"wpb_column vc_column_container vc_col-sm-4\"><div class=\"vc_column-inner\"><div class=\"wpb_wrapper\"><div class=\"separator  transparent\" style=\"margin-top:15px;\"><\/div>\n<div class='q_team'><div class='q_team_inner'><div class='q_team_image'><img src='https:\/\/infermeriabalear.com\/wp-content\/uploads\/2023\/08\/Monica-Yern.jpg' alt='' \/><\/div><div class='q_team_text'><div class='q_team_text_inner'><div class='q_team_title_holder'><h5 class='q_team_name'>M\u00f2nica Yern Moreno<\/h5><span>Presidenta de la Junta Insular del COIBA a Eivissa i Formentera<\/span><\/div><p>Diplomada en Infermeria i M\u00e0ster en Ci\u00e8ncies Socials Aplicades a l'Atenci\u00f3 Sociosanit\u00e0ria (UIB), ha treballat majorit\u00e0riament en l'\u00e0mbit de la pediatria. Actualment, \u00e9s infermera gestora de casos en COOREDUCASALUT a Eivissa i Formentera i professora associada al grau d'Infermeria de la UIB a la seu de les Piti\u00fcses.<\/p><\/div><div class='q_team_social_holder'><\/div><\/div><\/div><\/div><\/div><\/div><\/div><div class=\"wpb_column vc_column_container vc_col-sm-4\"><div class=\"vc_column-inner\"><div class=\"wpb_wrapper\"><div class=\"separator  transparent\" style=\"margin-top:15px;\"><\/div>\n<div class='q_team'><div class='q_team_inner'><div class='q_team_image'><img src='https:\/\/infermeriabalear.com\/wp-content\/uploads\/2025\/11\/Diseno-sin-titulo-8-e1762432227724.png' alt='' \/><\/div><div class='q_team_text'><div class='q_team_text_inner'><div class='q_team_title_holder'><h5 class='q_team_name'>Gloria Isabel P\u00e9rez Fern\u00e1ndez<\/h5><span>Vicepresidenta de la Junta Insular del COIBA a Eivissa i Formentera<\/span><\/div><p><\/p><\/div><div class='q_team_social_holder'><\/div><\/div><\/div><\/div><\/div><\/div><\/div><div class=\"wpb_column vc_column_container vc_col-sm-4\"><div class=\"vc_column-inner\"><div class=\"wpb_wrapper\"><div class=\"separator  transparent\" style=\"margin-top:15px;\"><\/div>\n<div class='q_team'><div class='q_team_inner'><div class='q_team_image'><img src='https:\/\/infermeriabalear.com\/wp-content\/uploads\/2025\/03\/Onofre-e1743074693423.jpg' alt='' \/><\/div><div class='q_team_text'><div class='q_team_text_inner'><div class='q_team_title_holder'><h5 class='q_team_name'>Onofre Antonio S\u00e1ez Avil\u00e9s<\/h5><span>Segon vicepresident de la Junta Insular de Govern de la Delegaci\u00f3 d'Eivissa i Formentera. Representant de Formentera.<\/span><\/div><p>Diplomat en Infermeria per la UAL. Especialista en Fam\u00edlia i Comunit\u00e0ria. Master en Bio\u00e8tica, Deontologia, Seguretat i Qualitat en l'\u00e0mbit sanitari (Univ. Val\u00e8ncia). Actualment, coordinador infermer del CS de Formentera.<\/p><\/div><div class='q_team_social_holder'><\/div><\/div><\/div><\/div><\/div><\/div><\/div><\/div><\/div><\/div><div      class=\"vc_row wpb_row section vc_inner  grid_section\" style=' text-align:left;'><div class=\"section_inner clearfix\"><div class='section_inner_margin clearfix'><div class=\"wpb_column vc_column_container vc_col-sm-4\"><div class=\"vc_column-inner\"><div class=\"wpb_wrapper\"><div class=\"separator  transparent\" style=\"margin-top:15px;\"><\/div>\n<div class='q_team'><div class='q_team_inner'><div class='q_team_image'><img src='https:\/\/infermeriabalear.com\/wp-content\/uploads\/2023\/08\/Esther-Prats.jpg' alt='' \/><\/div><div class='q_team_text'><div class='q_team_text_inner'><div class='q_team_title_holder'><h5 class='q_team_name'>Esther Prats Ferrer<\/h5><span>Secretaria de la Junta Insular del COIBA a Eivissa i Formentera.<\/span><\/div><p>Infermera (UB, 2004), M\u00e0ster en Urg\u00e8ncies i Emerg\u00e8ncies (UV) i M\u00e0ster en Infermeria Digital (UEMC). Ha treballat a la Conselleria de Salut i Consum, aix\u00ed com a urg\u00e8ncies de l'Hospital de Can Misses i a la UBS de Puig d'en Valls. Actualment, \u00e9s gestora de casos a dos centres de salut, community manager de l'\u00c0rea de Salut d'Eivissa i Formentera i membre de la Comissi\u00f3 d'Educaci\u00f3 per a la Salut.<\/p><\/div><div class='q_team_social_holder'><\/div><\/div><\/div><\/div><div class=\"separator  transparent\" style=\"margin-top:15px;\"><\/div>\n<\/div><\/div><\/div><div class=\"wpb_column vc_column_container vc_col-sm-4\"><div class=\"vc_column-inner\"><div class=\"wpb_wrapper\"><\/div><\/div><\/div><div class=\"wpb_column vc_column_container vc_col-sm-4\"><div class=\"vc_column-inner\"><div class=\"wpb_wrapper\"><\/div><\/div><\/div><\/div><\/div><\/div>\n\t<\/div>\n\n\t<div id=\"tab-1651048058967-3-10\" class=\"wpb_tab ui-tabs-panel wpb_ui-tabs-hide vc_clearfix tab-content\">\n\t\t\n\t<div class=\"wpb_text_column wpb_content_element\" >\n\t\t<div class=\"wpb_wrapper\">\n\t\t\t<blockquote><p>\nConsulta el Pla Estrat\u00e8gic de l'actual Junta Directiva, corresponent a la legislatura 2019 - 2023, fent clic a la imatge.\n<\/p><\/blockquote>\n<p><a href=\"https:\/\/infermeriabalear.com\/wp-content\/uploads\/2022\/04\/Pla-estrategic-2019-23-def.pdf\"><img loading=\"lazy\" decoding=\"async\" class=\"alignright wp-image-28165\" src=\"https:\/\/infermeriabalear.com\/wp-content\/uploads\/2022\/04\/Portada-Pla-estrategic.png\" alt=\"\" width=\"375\" height=\"666\" srcset=\"https:\/\/infermeriabalear.com\/wp-content\/uploads\/2022\/04\/Portada-Pla-estrategic.png 1328w, https:\/\/infermeriabalear.com\/wp-content\/uploads\/2022\/04\/Portada-Pla-estrategic-169x300.png 169w, https:\/\/infermeriabalear.com\/wp-content\/uploads\/2022\/04\/Portada-Pla-estrategic-768x1365.png 768w, https:\/\/infermeriabalear.com\/wp-content\/uploads\/2022\/04\/Portada-Pla-estrategic-864x1536.png 864w, https:\/\/infermeriabalear.com\/wp-content\/uploads\/2022\/04\/Portada-Pla-estrategic-1152x2048.png 1152w, https:\/\/infermeriabalear.com\/wp-content\/uploads\/2022\/04\/Portada-Pla-estrategic-7x12.png 7w\" sizes=\"auto, (max-width: 375px) 100vw, 375px\" \/><\/a><\/p>\n\n\t\t<\/div>\n\t<\/div>\n\n\t<\/div>\n<\/div>\n\t\t<\/div> \n\t<\/div> <\/div><\/div><\/div><\/div><\/div><\/div>\n<\/div>","protected":false},"excerpt":{"rendered":"Junta de MallorcaJunta de MenorcaJunta de Las PitiusasPlan Estrat\u00e9gico JUNTA DE GOBIERNO DE MALLORCA Mar\u00eda Jos\u00e9 Sastre PereaPresidentaDiplomada en Enfermer\u00eda...","protected":false},"author":9,"featured_media":0,"parent":0,"menu_order":0,"comment_status":"open","ping_status":"closed","template":"full_width.php","meta":{"footnotes":""},"class_list":["post-12282","page","type-page","status-publish","hentry"],"_links":{"self":[{"href":"https:\/\/infermeriabalear.com\/ca\/wp-json\/wp\/v2\/pages\/12282","targetHints":{"allow":["GET"]}}],"collection":[{"href":"https:\/\/infermeriabalear.com\/ca\/wp-json\/wp\/v2\/pages"}],"about":[{"href":"https:\/\/infermeriabalear.com\/ca\/wp-json\/wp\/v2\/types\/page"}],"author":[{"embeddable":true,"href":"https:\/\/infermeriabalear.com\/ca\/wp-json\/wp\/v2\/users\/9"}],"replies":[{"embeddable":true,"href":"https:\/\/infermeriabalear.com\/ca\/wp-json\/wp\/v2\/comments?post=12282"}],"version-history":[{"count":23,"href":"https:\/\/infermeriabalear.com\/ca\/wp-json\/wp\/v2\/pages\/12282\/revisions"}],"predecessor-version":[{"id":45535,"href":"https:\/\/infermeriabalear.com\/ca\/wp-json\/wp\/v2\/pages\/12282\/revisions\/45535"}],"wp:attachment":[{"href":"https:\/\/infermeriabalear.com\/ca\/wp-json\/wp\/v2\/media?parent=12282"}],"curies":[{"name":"wp","href":"https:\/\/api.w.org\/{rel}","templated":true}]}}