{"id":12802,"date":"2020-11-24T10:42:26","date_gmt":"2020-11-24T09:42:26","guid":{"rendered":"https:\/\/infermeriabalear.com\/?page_id=12802"},"modified":"2023-06-28T09:59:07","modified_gmt":"2023-06-28T07:59:07","slug":"uso-de-espacios","status":"publish","type":"page","link":"https:\/\/infermeriabalear.com\/ca\/uso-de-espacios\/","title":{"rendered":"\u00das d'espais"},"content":{"rendered":"<div class=\"wpb-content-wrapper\"><div      class=\"vc_row wpb_row section\" style=' text-align:left;'><div class=\"clearfix\"><div class=\"wpb_column vc_column_container vc_col-sm-12\"><div class=\"vc_column-inner\"><div class=\"wpb_wrapper\"><div class=\"vc_empty_space\"   style=\"height: 10px\"><span class=\"vc_empty_space_inner\"><\/span><\/div>\n\t<div class=\"wpb_text_column wpb_content_element\" >\n\t\t<div class=\"wpb_wrapper\">\n\t\t\t<p>El COIBA disposa de diversos espais a cadascuna de les seus col\u00b7legials. Els col\u00b7legiats i col\u00b7legiades poden fer \u00fas d\u2019aquestes sales de manera gratu\u00efta per a activitats cient\u00edfiques, formatives, reunions professionals\u2026 Aix\u00ed mateix, les entitats interessades tamb\u00e9 hi poden accedir a trav\u00e9s d\u2019un lloguer.<\/p>\n\n\t\t<\/div>\n\t<\/div>\n<\/div><\/div><\/div><\/div><\/div><div      class=\"vc_row wpb_row section\" style=' text-align:left;'><div class=\"clearfix\"><div class=\"wpb_column vc_column_container vc_col-sm-12\"><div class=\"vc_column-inner\"><div class=\"wpb_wrapper\"><div class=\"vc_empty_space\"   style=\"height: 40px\"><span class=\"vc_empty_space_inner\"><\/span><\/div><\/div><\/div><\/div><\/div><\/div><div      class=\"vc_row wpb_row section\" style=' text-align:left;'><div class=\"clearfix\"><div class=\"wpb_column vc_column_container vc_col-sm-12\"><div class=\"vc_column-inner\"><div class=\"wpb_wrapper\"><div class='projects_holder_outer v2 portfolio_with_space'><div class='projects_holder clearfix v2 standard'>\n<article class='mix espacios'><div class='image_holder'><a class='portfolio_link_for_touch' href='https:\/\/infermeriabalear.com\/ca\/coiba\/sede-de-ibiza\/' target='_self'><span class='image'><img loading=\"lazy\" decoding=\"async\" width=\"2016\" height=\"1135\" src=\"https:\/\/infermeriabalear.com\/wp-content\/uploads\/2023\/12\/Eivissa-6_.jpg\" class=\"attachment-full size-full wp-post-image\" alt=\"\" srcset=\"https:\/\/infermeriabalear.com\/wp-content\/uploads\/2023\/12\/Eivissa-6_.jpg 2016w, https:\/\/infermeriabalear.com\/wp-content\/uploads\/2023\/12\/Eivissa-6_-300x169.jpg 300w, https:\/\/infermeriabalear.com\/wp-content\/uploads\/2023\/12\/Eivissa-6_-400x225.jpg 400w, https:\/\/infermeriabalear.com\/wp-content\/uploads\/2023\/12\/Eivissa-6_-768x432.jpg 768w, https:\/\/infermeriabalear.com\/wp-content\/uploads\/2023\/12\/Eivissa-6_-1536x865.jpg 1536w, https:\/\/infermeriabalear.com\/wp-content\/uploads\/2023\/12\/Eivissa-6_-18x10.jpg 18w\" sizes=\"auto, (max-width: 2016px) 100vw, 2016px\" \/><\/span><\/a><span class='text_holder'><span class='text_outer'><span class='text_inner'><span class='feature_holder'><span class=\"feature_holder_icons\"><a class='lightbox' title='Seu d&#039;Eivissa' href='https:\/\/infermeriabalear.com\/wp-content\/uploads\/2023\/12\/Eivissa-6_.jpg' data-rel='prettyPhoto[pretty_photo_gallery]'><i class='fa fa-search fa-2x'><\/i><\/a><a class='preview' href='https:\/\/infermeriabalear.com\/ca\/coiba\/sede-de-ibiza\/'><i class='fa fa-link fa-2x'><\/i><\/a><\/span><\/span><\/span><\/span><\/span><\/div><div class='portfolio_description'><h5 class=\"portfolio_title\"><a href=\"https:\/\/infermeriabalear.com\/ca\/coiba\/sede-de-ibiza\/\">Seu d'Eivissa<\/a><\/h5><span class=\"separator\"><\/span><span class=\"project_category\">Espais<\/span><\/div><\/article>\n<article class='mix espacios'><div class='image_holder'><a class='portfolio_link_for_touch' href='https:\/\/infermeriabalear.com\/ca\/coiba\/sede-de-mallorca\/' target='_self'><span class='image'><img loading=\"lazy\" decoding=\"async\" width=\"2560\" height=\"1441\" src=\"https:\/\/infermeriabalear.com\/wp-content\/uploads\/2023\/12\/image00004-scaled.jpeg\" class=\"attachment-full size-full wp-post-image\" alt=\"\" srcset=\"https:\/\/infermeriabalear.com\/wp-content\/uploads\/2023\/12\/image00004-scaled.jpeg 2560w, https:\/\/infermeriabalear.com\/wp-content\/uploads\/2023\/12\/image00004-300x169.jpeg 300w, https:\/\/infermeriabalear.com\/wp-content\/uploads\/2023\/12\/image00004-400x225.jpeg 400w, https:\/\/infermeriabalear.com\/wp-content\/uploads\/2023\/12\/image00004-768x432.jpeg 768w, https:\/\/infermeriabalear.com\/wp-content\/uploads\/2023\/12\/image00004-1536x864.jpeg 1536w, https:\/\/infermeriabalear.com\/wp-content\/uploads\/2023\/12\/image00004-2048x1153.jpeg 2048w, https:\/\/infermeriabalear.com\/wp-content\/uploads\/2023\/12\/image00004-18x10.jpeg 18w\" sizes=\"auto, (max-width: 2560px) 100vw, 2560px\" \/><\/span><\/a><span class='text_holder'><span class='text_outer'><span class='text_inner'><span class='feature_holder'><span class=\"feature_holder_icons\"><a class='lightbox' title='Seu de Mallorca' href='https:\/\/infermeriabalear.com\/wp-content\/uploads\/2023\/12\/image00004-scaled.jpeg' data-rel='prettyPhoto[pretty_photo_gallery]'><i class='fa fa-search fa-2x'><\/i><\/a><a class='preview' href='https:\/\/infermeriabalear.com\/ca\/coiba\/sede-de-mallorca\/'><i class='fa fa-link fa-2x'><\/i><\/a><\/span><\/span><\/span><\/span><\/span><\/div><div class='portfolio_description'><h5 class=\"portfolio_title\"><a href=\"https:\/\/infermeriabalear.com\/ca\/coiba\/sede-de-mallorca\/\">Seu de Mallorca<\/a><\/h5><span class=\"separator\"><\/span><span class=\"project_category\">Espais<\/span><\/div><\/article>\n<article class='mix espacios'><div class='image_holder'><a class='portfolio_link_for_touch' href='https:\/\/infermeriabalear.com\/ca\/coiba\/sede-de-menorca\/' target='_self'><span class='image'><img loading=\"lazy\" decoding=\"async\" width=\"1100\" height=\"619\" src=\"https:\/\/infermeriabalear.com\/wp-content\/uploads\/2021\/03\/Aula-Menorca.jpg\" class=\"attachment-full size-full wp-post-image\" alt=\"\" srcset=\"https:\/\/infermeriabalear.com\/wp-content\/uploads\/2021\/03\/Aula-Menorca.jpg 1100w, https:\/\/infermeriabalear.com\/wp-content\/uploads\/2021\/03\/Aula-Menorca-300x169.jpg 300w, https:\/\/infermeriabalear.com\/wp-content\/uploads\/2021\/03\/Aula-Menorca-400x225.jpg 400w, https:\/\/infermeriabalear.com\/wp-content\/uploads\/2021\/03\/Aula-Menorca-768x432.jpg 768w, https:\/\/infermeriabalear.com\/wp-content\/uploads\/2021\/03\/Aula-Menorca-18x10.jpg 18w\" sizes=\"auto, (max-width: 1100px) 100vw, 1100px\" \/><\/span><\/a><span class='text_holder'><span class='text_outer'><span class='text_inner'><span class='feature_holder'><span class=\"feature_holder_icons\"><a class='lightbox' title='Seu de Menorca' href='https:\/\/infermeriabalear.com\/wp-content\/uploads\/2021\/03\/Aula-Menorca.jpg' data-rel='prettyPhoto[pretty_photo_gallery]'><i class='fa fa-search fa-2x'><\/i><\/a><a class='preview' href='https:\/\/infermeriabalear.com\/ca\/coiba\/sede-de-menorca\/'><i class='fa fa-link fa-2x'><\/i><\/a><\/span><\/span><\/span><\/span><\/span><\/div><div class='portfolio_description'><h5 class=\"portfolio_title\"><a href=\"https:\/\/infermeriabalear.com\/ca\/coiba\/sede-de-menorca\/\">Seu de Menorca<\/a><\/h5><span class=\"separator\"><\/span><span class=\"project_category\">Espais<\/span><\/div><\/article>\n<div class='filler'><\/div>\n<div class='filler'><\/div>\n<\/div><\/div><\/div><\/div><\/div><\/div><\/div><div      class=\"vc_row wpb_row section  grid_section\" style=' text-align:left;'><div class=\"section_inner clearfix\"><div class='section_inner_margin clearfix'><div class=\"boton-salas wpb_column vc_column_container vc_col-sm-12\"><div class=\"vc_column-inner\"><div class=\"wpb_wrapper\"><a href=\"https:\/\/infermeriabalear.com\/ca\/form-reserva-salas\/\" target=\"_blank\" class=\"qbutton  small\" style=\"font-weight: 600; \">Reserva de Sales<\/a><\/div><\/div><\/div><\/div><\/div><\/div>\n<\/div>","protected":false},"excerpt":{"rendered":"En la sede de Menorca se puede disfrutar de las siguientes salas: Aula: con ordenador, proyector, pantalla, altavoces, pizarra y...","protected":false},"author":9,"featured_media":0,"parent":0,"menu_order":0,"comment_status":"open","ping_status":"closed","template":"","meta":{"footnotes":""},"class_list":["post-12802","page","type-page","status-publish","hentry"],"_links":{"self":[{"href":"https:\/\/infermeriabalear.com\/ca\/wp-json\/wp\/v2\/pages\/12802","targetHints":{"allow":["GET"]}}],"collection":[{"href":"https:\/\/infermeriabalear.com\/ca\/wp-json\/wp\/v2\/pages"}],"about":[{"href":"https:\/\/infermeriabalear.com\/ca\/wp-json\/wp\/v2\/types\/page"}],"author":[{"embeddable":true,"href":"https:\/\/infermeriabalear.com\/ca\/wp-json\/wp\/v2\/users\/9"}],"replies":[{"embeddable":true,"href":"https:\/\/infermeriabalear.com\/ca\/wp-json\/wp\/v2\/comments?post=12802"}],"version-history":[{"count":5,"href":"https:\/\/infermeriabalear.com\/ca\/wp-json\/wp\/v2\/pages\/12802\/revisions"}],"predecessor-version":[{"id":33852,"href":"https:\/\/infermeriabalear.com\/ca\/wp-json\/wp\/v2\/pages\/12802\/revisions\/33852"}],"wp:attachment":[{"href":"https:\/\/infermeriabalear.com\/ca\/wp-json\/wp\/v2\/media?parent=12802"}],"curies":[{"name":"wp","href":"https:\/\/api.w.org\/{rel}","templated":true}]}}