{"id":13038,"date":"2020-11-25T10:25:48","date_gmt":"2020-11-25T09:25:48","guid":{"rendered":"https:\/\/infermeriabalear.com\/?page_id=13038"},"modified":"2026-02-16T12:54:28","modified_gmt":"2026-02-16T11:54:28","slug":"asesoria_psicoemocional","status":"publish","type":"page","link":"https:\/\/infermeriabalear.com\/ca\/asesoria_psicoemocional\/","title":{"rendered":"Assessoria d'Atenci\u00f3 Psicoemocional"},"content":{"rendered":"<div class=\"wpb-content-wrapper\"><div      class=\"vc_row wpb_row section  grid_section\" style=' text-align:left;'><div class=\"section_inner clearfix\"><div class='section_inner_margin clearfix'><div class=\"wpb_column vc_column_container vc_col-sm-12\"><div class=\"vc_column-inner\"><div class=\"wpb_wrapper\"><div class=\"vc_empty_space\"   style=\"height: 60px\"><span class=\"vc_empty_space_inner\"><\/span><\/div><\/div><\/div><\/div><\/div><\/div><\/div><div      class=\"vc_row wpb_row section  grid_section\" style=' text-align:left;'><div class=\"section_inner clearfix\"><div class='section_inner_margin clearfix'><div class=\"wpb_column vc_column_container vc_col-sm-3\"><div class=\"vc_column-inner\"><div class=\"wpb_wrapper\"><div class='q_icon_with_title small normal_icon'><div class=\"icon_holder\" style=\" \"><span style=\"\" class=\"q_font_awsome_icon fa-2x\"><i class=\"fa fa-comment\" style=\"color: #2cccd3;\"><\/i><\/span><\/div><div class=\"icon_text_holder\"><div class=\"icon_text_inner\" style=\"\"><h4 class=\"icon_title\" style=\"\">AAPEL<\/h4><p style=''>Les demandes i pressions que es produeixen a l'entorn laboral, ja siguin derivades de la din\u00e0mica del treball o de les relacions interpersonals, poden provocar estr\u00e8s i malestar.<\/p><\/div><\/div><\/div><\/div><\/div><\/div><div class=\"wpb_column vc_column_container vc_col-sm-3\"><div class=\"vc_column-inner\"><div class=\"wpb_wrapper\"><div class='q_icon_with_title small normal_icon'><div class=\"icon_holder\" style=\" \"><span style=\"\" class=\"q_font_awsome_icon fa-2x\"><i class=\"fa fa-comments\" style=\"color: #2cccd3;\"><\/i><\/span><\/div><div class=\"icon_text_holder\"><div class=\"icon_text_inner\" style=\"\"><h4 class=\"icon_title\" style=\"\">Qu\u00e8 \u00e9s l'AAPEL?<\/h4><p style=''>\u00c9s un servei d'ajuda, absolutament confidencial i gratu\u00eft, que el Col\u00b7legi Oficial d'Infermeria de les Illes Balears posa a l'abast de les seves col\u00b7legiades i col\u00b7legiats.<\/p><\/div><\/div><\/div><\/div><\/div><\/div><div class=\"wpb_column vc_column_container vc_col-sm-3\"><div class=\"vc_column-inner\"><div class=\"wpb_wrapper\"><div class='q_icon_with_title small normal_icon'><div class=\"icon_holder\" style=\" \"><span style=\"\" class=\"q_font_awsome_icon fa-2x\"><i class=\"fa fa-comment\" style=\"color: #2cccd3;\"><\/i><\/span><\/div><div class=\"icon_text_holder\"><div class=\"icon_text_inner\" style=\"\"><h4 class=\"icon_title\" style=\"\">Qu\u00e8 ofereix?<\/h4><p style=''>Assessorament per afrontar de forma saludable problemes de l'entorn laboral que generen estr\u00e8s i malestar: percepci\u00f3 de sobrec\u00e0rrega, assejament psicol\u00f2gic (mobbing), desgast professional (burnout), i suport en moments complicats (pand\u00e8mia COVID-19), etc.<\/p><\/div><\/div><\/div><\/div><\/div><\/div><div class=\"wpb_column vc_column_container vc_col-sm-3\"><div class=\"vc_column-inner\"><div class=\"wpb_wrapper\"><div class='q_icon_with_title small normal_icon'><div class=\"icon_holder\" style=\" \"><span style=\"\" class=\"q_font_awsome_icon fa-2x\"><i class=\"fa fa-comments\" style=\"color: #2cccd3;\"><\/i><\/span><\/div><div class=\"icon_text_holder\"><div class=\"icon_text_inner\" style=\"\"><h4 class=\"icon_title\" style=\"\">Com em poden ajudar?<\/h4><p style=''>Oferint informaci\u00f3 \/ orientaci\u00f3 per aprendre a identificar fonts d'estr\u00e8s i ansietat relacionades amb el treball i aconseguir estrat\u00e8gies per afrontar-les i disminuir el malestar que aquestes poden produir.<\/p><\/div><\/div><\/div><\/div><\/div><\/div><\/div><\/div><\/div><div      class=\"vc_row wpb_row section  grid_section\" style=' text-align:left;'><div class=\"section_inner clearfix\"><div class='section_inner_margin clearfix'><div class=\"wpb_column vc_column_container vc_col-sm-12\"><div class=\"vc_column-inner\"><div class=\"wpb_wrapper\"><div class=\"vc_empty_space\"   style=\"height: 50px\"><span class=\"vc_empty_space_inner\"><\/span><\/div><\/div><\/div><\/div><\/div><\/div><\/div><div      class=\"vc_row wpb_row section  grid_section\" style=' text-align:left;'><div class=\"section_inner clearfix\"><div class='section_inner_margin clearfix'><div class=\"wpb_column vc_column_container vc_col-sm-6\"><div class=\"vc_column-inner\"><div class=\"wpb_wrapper\">\n\t<div class=\"wpb_text_column wpb_content_element\" >\n\t\t<div class=\"wpb_wrapper\">\n\t\t\t<h2 style=\"text-align: center;\">Concerta la teva cita<\/h2>\n\n\t\t<\/div>\n\t<\/div>\n<div class=\"vc_empty_space\"   style=\"height: 32px\"><span class=\"vc_empty_space_inner\"><\/span><\/div>\n\t<div class=\"wpb_text_column wpb_content_element\" >\n\t\t<div class=\"wpb_wrapper\">\n\t\t\t<p style=\"text-align: left;\">Per concertar una cita, pots emplenar el<a href=\"https:\/\/vu.infermeriabalear.com\/ca\/colegiado?redirect=https:\/\/vu.infermeriabalear.com\/ca\/colegiado\/tramites\/88-sollicitud-d039assessoria\" target=\"_blank\" rel=\"noopener\"> FORMULARI ONLINE<\/a> o contactar amb la seu del COIBA a la teva illa:<\/p>\n\n\t\t<\/div>\n\t<\/div>\n<div class=\"vc_empty_space\"   style=\"height: 20px\"><span class=\"vc_empty_space_inner\"><\/span><\/div>\n\t<div class=\"wpb_text_column wpb_content_element\" >\n\t\t<div class=\"wpb_wrapper\">\n\t\t\t<p style=\"text-align: left;\">Si desitges reservar una cita amb l'assessora Patricia Garc\u00eda Pazo (presencial \/ telef\u00f2nica a Mallorca) fes-ho a trav\u00e9s de:<\/p>\n\n\t\t<\/div>\n\t<\/div>\n<div class=\"vc_empty_space\"   style=\"height: 10px\"><span class=\"vc_empty_space_inner\"><\/span><\/div><div class='q_icon_with_title tiny icon_image'><div class=\"icon_holder\" style=\" \"><img decoding=\"async\" style=\"\" src=\"https:\/\/infermeriabalear.com\/wp-content\/uploads\/2021\/02\/telf-1.png\" alt=\"\"><\/div><div class=\"icon_text_holder\"><div class=\"icon_text_inner\" style=\"\"><h4 class=\"icon_title\" style=\"\">971 46 27 28<\/h4><p style=''><\/p><\/div><\/div><\/div><div class=\"vc_empty_space\"   style=\"height: 10px\"><span class=\"vc_empty_space_inner\"><\/span><\/div>\n\t<div class=\"wpb_text_column wpb_content_element\" >\n\t\t<div class=\"wpb_wrapper\">\n\t\t\t<p style=\"text-align: left;\">Si vols parlar amb l'assessora Noa Pons Coll (presencial \/ telef\u00f2nica a Menorca), reserva cita a trav\u00e9s de:<\/p>\n\n\t\t<\/div>\n\t<\/div>\n<div class=\"vc_empty_space\"   style=\"height: 10px\"><span class=\"vc_empty_space_inner\"><\/span><\/div><div class='q_icon_with_title tiny icon_image'><div class=\"icon_holder\" style=\" \"><img decoding=\"async\" style=\"\" src=\"https:\/\/infermeriabalear.com\/wp-content\/uploads\/2021\/02\/telf-1.png\" alt=\"\"><\/div><div class=\"icon_text_holder\"><div class=\"icon_text_inner\" style=\"\"><h4 class=\"icon_title\" style=\"\">971 35 62 02<\/h4><p style=''><\/p><\/div><\/div><\/div>\n\t<div class=\"wpb_text_column wpb_content_element\" >\n\t\t<div class=\"wpb_wrapper\">\n\t\t\t<p style=\"text-align: left;\">I si necessites cita pr\u00e8via amb l'assessora Antonella Greco Ficano (presencial\/telef\u00f2nica a Eivissa\/Formentera), contacta amb:<\/p>\n\n\t\t<\/div>\n\t<\/div>\n<div class=\"vc_empty_space\"   style=\"height: 10px\"><span class=\"vc_empty_space_inner\"><\/span><\/div><div class='q_icon_with_title tiny icon_image'><div class=\"icon_holder\" style=\" \"><img decoding=\"async\" style=\"\" src=\"https:\/\/infermeriabalear.com\/wp-content\/uploads\/2021\/02\/telf-1.png\" alt=\"\"><\/div><div class=\"icon_text_holder\"><div class=\"icon_text_inner\" style=\"\"><h4 class=\"icon_title\" style=\"\">971 39 80 10<\/h4><p style=''><\/p><\/div><\/div><\/div><\/div><\/div><\/div><div class=\"wpb_column vc_column_container vc_col-sm-6\"><div class=\"vc_column-inner\"><div class=\"wpb_wrapper\">\n\t<div class=\"wpb_text_column wpb_content_element\" >\n\t\t<div class=\"wpb_wrapper\">\n\t\t\t<h2 style=\"text-align: center;\">Enlla\u00e7os d'inter\u00e8s<\/h2>\n\n\t\t<\/div>\n\t<\/div>\n<div class=\"vc_empty_space\"   style=\"height: 32px\"><span class=\"vc_empty_space_inner\"><\/span><\/div>\n\t<div class=\"q_accordion_holder clearfix wpb_content_element accordion with_icon  not-column-inherit\" data-active-tab=\"false\" data-collapsible=\"yes\">\n\t\t\t\n\t\t\t\t<h5 class=\"clearfix title-holder\" style=\"\"><span class=\"icon-wrapper\"><i class=\"fa fa-file\" style=\"color: ;\"><\/i><\/span><span class=\"accordion_mark left_mark\"><span class=\"accordion_mark_icon\"><\/span><\/span><span class=\"tab-title\">Protocol d'Agressions del COIBA<\/span><span class=\"accordion_mark right_mark\"><span class=\"accordion_mark_icon\"><\/span><\/span><\/h5>\n\t\t\t\t<div  class=\"accordion_content\">\n\t\t\t<div class=\"accordion_content_inner\">\n\t\t\t\t\n\t<div class=\"wpb_text_column wpb_content_element\" >\n\t\t<div class=\"wpb_wrapper\">\n\t\t\t<p>A <a href=\"https:\/\/infermeriabalear.com\/wp-content\/uploads\/2021\/09\/CAT-Protocol-agressions.pdf\" target=\"_blank\" rel=\"noopener\">aquest document<\/a> trobar\u00e0s recomanacions en el cas que pateixis una agressi\u00f3 al teu lloc de treball.<\/p>\n\n\t\t<\/div>\n\t<\/div>\n\n\t\t\t<\/div>\n\t\t\t\t<\/div>\n\n\t\t\t\t<h5 class=\"clearfix title-holder\" style=\"\"><span class=\"icon-wrapper\"><i class=\"fa fa-file\" style=\"color: ;\"><\/i><\/span><span class=\"accordion_mark left_mark\"><span class=\"accordion_mark_icon\"><\/span><\/span><span class=\"tab-title\">Assetjament psicol\u00f2gic a la feina<\/span><span class=\"accordion_mark right_mark\"><span class=\"accordion_mark_icon\"><\/span><\/span><\/h5>\n\t\t\t\t<div  class=\"accordion_content\">\n\t\t\t<div class=\"accordion_content_inner\">\n\t\t\t\t\n\t<div class=\"wpb_text_column wpb_content_element\" >\n\t\t<div class=\"wpb_wrapper\">\n\t\t\t<p>En el seg\u00fcent enlla\u00e7 trobaras un document de l'Instituto Nacional de Seguridad e Higiene en el Trabajo que pot ajudar-te a identificar la possibilitat d'estar sent objecte d'assetjament psicol\u00f2gic a la feina i com procedir per enregistrar els actes o deixar const\u00e0ncia:<\/p>\n<p>&nbsp;<\/p>\n<p><a href=\"https:\/\/www.infermeriabalear.com\/imagenes\/uploads\/files\/16042020112410-acosopsicologicoeneltrabajodiariodeincidentespdf.pdf\">Assetjament psicol\u00f2gic laboral<\/a><\/p>\n\n\t\t<\/div>\n\t<\/div>\n\n\t\t\t<\/div>\n\t\t\t\t<\/div>\n\n\t\t\t\t<h5 class=\"clearfix title-holder\" style=\"\"><span class=\"icon-wrapper\"><i class=\"fa fa-file\" style=\"color: ;\"><\/i><\/span><span class=\"accordion_mark left_mark\"><span class=\"accordion_mark_icon\"><\/span><\/span><span class=\"tab-title\">Recomanacions per a professionals de cara a l'afrontament psicol\u00f2gic durant la Covid-19<\/span><span class=\"accordion_mark right_mark\"><span class=\"accordion_mark_icon\"><\/span><\/span><\/h5>\n\t\t\t\t<div  class=\"accordion_content\">\n\t\t\t<div class=\"accordion_content_inner\">\n\t\t\t\t\n\t<div class=\"wpb_text_column wpb_content_element\" >\n\t\t<div class=\"wpb_wrapper\">\n\t\t\t<p>Tamb\u00e9 pot ser \u00fatil el\u00a0\u00ab<a href=\"https:\/\/infermeriabalear.com\/wp-content\/uploads\/2023\/03\/Deca\u0301logoRecomendaciones.pdf.pdf.pdf\" target=\"_blank\" rel=\"noopener\">Dec\u00e1logo de recomendaciones para profesionales del \u00e1mbito sanitario para un afrontamiento psicol\u00f3gico eficaz ante el malestar generado por el brote de Coronavirus-Covid 19<\/a>\u00ab, del Colegio Oficial de la Psicolog\u00eda de Madrid.<\/p>\n\n\t\t<\/div>\n\t<\/div>\n\n\t\t\t<\/div>\n\t\t\t\t<\/div>\n\n\t<\/div> <\/div><\/div><\/div><\/div><\/div><\/div><div      class=\"vc_row wpb_row section  grid_section\" style=' text-align:left;'><div class=\"section_inner clearfix\"><div class='section_inner_margin clearfix'><div class=\"wpb_column vc_column_container vc_col-sm-12\"><div class=\"vc_column-inner\"><div class=\"wpb_wrapper\"><div class=\"vc_empty_space\"   style=\"height: 60px\"><span class=\"vc_empty_space_inner\"><\/span><\/div><\/div><\/div><\/div><\/div><\/div><\/div>\n<\/div>","protected":false},"excerpt":{"rendered":"AAPELLas demandas y presiones que se producen al entorno laboral, ya sean derivadas de la din\u00e1mica del trabajo o de...","protected":false},"author":9,"featured_media":0,"parent":0,"menu_order":0,"comment_status":"open","ping_status":"closed","template":"full_width.php","meta":{"footnotes":""},"class_list":["post-13038","page","type-page","status-publish","hentry"],"_links":{"self":[{"href":"https:\/\/infermeriabalear.com\/ca\/wp-json\/wp\/v2\/pages\/13038","targetHints":{"allow":["GET"]}}],"collection":[{"href":"https:\/\/infermeriabalear.com\/ca\/wp-json\/wp\/v2\/pages"}],"about":[{"href":"https:\/\/infermeriabalear.com\/ca\/wp-json\/wp\/v2\/types\/page"}],"author":[{"embeddable":true,"href":"https:\/\/infermeriabalear.com\/ca\/wp-json\/wp\/v2\/users\/9"}],"replies":[{"embeddable":true,"href":"https:\/\/infermeriabalear.com\/ca\/wp-json\/wp\/v2\/comments?post=13038"}],"version-history":[{"count":18,"href":"https:\/\/infermeriabalear.com\/ca\/wp-json\/wp\/v2\/pages\/13038\/revisions"}],"predecessor-version":[{"id":46644,"href":"https:\/\/infermeriabalear.com\/ca\/wp-json\/wp\/v2\/pages\/13038\/revisions\/46644"}],"wp:attachment":[{"href":"https:\/\/infermeriabalear.com\/ca\/wp-json\/wp\/v2\/media?parent=13038"}],"curies":[{"name":"wp","href":"https:\/\/api.w.org\/{rel}","templated":true}]}}