{"id":13142,"date":"2020-11-26T09:08:31","date_gmt":"2020-11-26T09:08:31","guid":{"rendered":"https:\/\/infermeriabalear.com\/?page_id=13142"},"modified":"2024-07-24T12:39:45","modified_gmt":"2024-07-24T10:39:45","slug":"detalle-oferta-de-empleo-nacional","status":"publish","type":"page","link":"https:\/\/infermeriabalear.com\/ca\/detalle-oferta-de-empleo-nacional\/","title":{"rendered":"Publicar una Oferta"},"content":{"rendered":"<div class=\"wpb-content-wrapper\"><div      class=\"vc_row wpb_row section\" style=' text-align:left;'><div class=\"clearfix\"><div class=\"wpb_column vc_column_container vc_col-sm-12\"><div class=\"vc_column-inner\"><div class=\"wpb_wrapper\"><div class=\"vc_empty_space\"   style=\"height: 40px\"><span class=\"vc_empty_space_inner\"><\/span><\/div><\/div><\/div><\/div><\/div><\/div><div      class=\"vc_row wpb_row section  vc_custom_1615274155511 grid_section\" style=' border-bottom: 1px solid #eaeaea; padding-top:0px; padding-bottom:55px; text-align:left;'><div class=\"section_inner clearfix\"><div class='section_inner_margin clearfix'><div class=\"wpb_column vc_column_container vc_col-sm-6\"><div class=\"vc_column-inner\"><div class=\"wpb_wrapper\"><style id=\"wpforms-css-vars-13141\">\n\t\t\t\t#wpforms-13141 {\n\t\t\t\t--wpforms-field-border-color: #afb6b9;\n--wpforms-field-border-color-spare: #afb6b9;\n--wpforms-field-text-color: #262c2e;\n--wpforms-label-color: #262c2e;\n--wpforms-label-sublabel-color: #4c585d;\n--wpforms-label-error-color: #d63636;\n--wpforms-button-background-color: #0090bf;\n--wpforms-button-border-color: #0090bf;\n--wpforms-button-text-color: #e5f4f9;\n--wpforms-page-break-color: #0090bf;\n--wpforms-field-size-input-height: 43px;\n--wpforms-field-size-input-spacing: 15px;\n--wpforms-field-size-font-size: 16px;\n--wpforms-field-size-line-height: 19px;\n--wpforms-field-size-padding-h: 14px;\n--wpforms-field-size-checkbox-size: 16px;\n--wpforms-field-size-sublabel-spacing: 5px;\n--wpforms-field-size-icon-size: 1;\n--wpforms-label-size-font-size: 16px;\n--wpforms-label-size-line-height: 19px;\n--wpforms-label-size-sublabel-font-size: 14px;\n--wpforms-label-size-sublabel-line-height: 17px;\n--wpforms-button-size-font-size: 17px;\n--wpforms-button-size-height: 41px;\n--wpforms-button-size-padding-h: 15px;\n--wpforms-button-size-margin-top: 10px;\n--wpforms-container-shadow-size-box-shadow: none;\n\n\t\t\t}\n\t\t\t<\/style><div class=\"wpforms-container wpforms-container-full wpforms-render-modern\" id=\"wpforms-13141\"><form id=\"wpforms-form-13141\" class=\"wpforms-validate wpforms-form wpforms-ajax-form\" data-formid=\"13141\" method=\"post\" enctype=\"multipart\/form-data\" action=\"\/ca\/wp-json\/wp\/v2\/pages\/13142\" data-token=\"21f9369424d5cd3e5e4881ace3d74318\" data-token-time=\"1776671716\" data-trp-original-action=\"\/ca\/wp-json\/wp\/v2\/pages\/13142\"><noscript class=\"wpforms-error-noscript\">Activeu el JavaScript al navegador per a poder completar el formulari.<\/noscript><div id=\"wpforms-error-noscript\" style=\"display: none;\">Activeu el JavaScript al navegador per a poder completar el formulari.<\/div><div class=\"wpforms-field-container\"><div id=\"wpforms-13141-field_1-container\" class=\"wpforms-field wpforms-field-text\" data-field-id=\"1\"><label class=\"wpforms-field-label\" for=\"wpforms-13141-field_1\">Empresa contractant: <span class=\"wpforms-required-label\" aria-hidden=\"true\">*<\/span><\/label><input type=\"text\" id=\"wpforms-13141-field_1\" class=\"wpforms-field-medium wpforms-field-required\" name=\"wpforms[fields][1]\" aria-errormessage=\"wpforms-13141-field_1-error\" required><\/div><div id=\"wpforms-13141-field_4-container\" class=\"wpforms-field wpforms-field-text\" data-field-id=\"4\"><label class=\"wpforms-field-label\" for=\"wpforms-13141-field_4\">Lloc \/ Categoria: <span class=\"wpforms-required-label\" aria-hidden=\"true\">*<\/span><\/label><input type=\"text\" id=\"wpforms-13141-field_4\" class=\"wpforms-field-medium wpforms-field-required\" name=\"wpforms[fields][4]\" aria-errormessage=\"wpforms-13141-field_4-error\" required><\/div><div id=\"wpforms-13141-field_5-container\" class=\"wpforms-field wpforms-field-text\" data-field-id=\"5\"><label class=\"wpforms-field-label\" for=\"wpforms-13141-field_5\">Nombre de Vacants: <span class=\"wpforms-required-label\" aria-hidden=\"true\">*<\/span><\/label><input type=\"text\" id=\"wpforms-13141-field_5\" class=\"wpforms-field-medium wpforms-field-required\" name=\"wpforms[fields][5]\" aria-errormessage=\"wpforms-13141-field_5-error\" required><\/div><div id=\"wpforms-13141-field_6-container\" class=\"wpforms-field wpforms-field-text\" data-field-id=\"6\"><label class=\"wpforms-field-label\" for=\"wpforms-13141-field_6\">Centre de treball: <span class=\"wpforms-required-label\" aria-hidden=\"true\">*<\/span><\/label><input type=\"text\" id=\"wpforms-13141-field_6\" class=\"wpforms-field-medium wpforms-field-required\" name=\"wpforms[fields][6]\" aria-errormessage=\"wpforms-13141-field_6-error\" required><\/div><div id=\"wpforms-13141-field_7-container\" class=\"wpforms-field wpforms-field-checkbox\" data-field-id=\"7\"><fieldset><legend class=\"wpforms-field-label\">\u00c0mbit en el qual es desenvolupa l'activitat: <span class=\"wpforms-required-label\" aria-hidden=\"true\">*<\/span><\/legend><ul id=\"wpforms-13141-field_7\" class=\"wpforms-field-required\"><li class=\"choice-1 depth-1\"><input type=\"checkbox\" id=\"wpforms-13141-field_7_1\" name=\"wpforms[fields][7][]\" value=\"Centro privado concertado\" aria-errormessage=\"wpforms-13141-field_7_1-error\" required><label class=\"wpforms-field-label-inline\" for=\"wpforms-13141-field_7_1\">Centre privat concertat<\/label><\/li><li class=\"choice-2 depth-1\"><input type=\"checkbox\" id=\"wpforms-13141-field_7_2\" name=\"wpforms[fields][7][]\" value=\"Centro privado no concertado\" aria-errormessage=\"wpforms-13141-field_7_2-error\" required><label class=\"wpforms-field-label-inline\" for=\"wpforms-13141-field_7_2\">Centre privat no concertat<\/label><\/li><li class=\"choice-3 depth-1\"><input type=\"checkbox\" id=\"wpforms-13141-field_7_3\" name=\"wpforms[fields][7][]\" value=\"Centro dependiente de la administraci\u00f3n p\u00fablica\" aria-errormessage=\"wpforms-13141-field_7_3-error\" required><label class=\"wpforms-field-label-inline\" for=\"wpforms-13141-field_7_3\">Centre dependent de l'administraci\u00f3 p\u00fablica<\/label><\/li><li class=\"choice-4 depth-1\"><input type=\"checkbox\" id=\"wpforms-13141-field_7_4\" name=\"wpforms[fields][7][]\" value=\"ONG\" aria-errormessage=\"wpforms-13141-field_7_4-error\" required><label class=\"wpforms-field-label-inline\" for=\"wpforms-13141-field_7_4\">ONG<\/label><\/li><\/ul><\/fieldset><\/div><div id=\"wpforms-13141-field_26-container\" class=\"wpforms-field wpforms-field-radio\" data-field-id=\"26\"><fieldset><legend class=\"wpforms-field-label\">Lloc de treball: <span class=\"wpforms-required-label\" aria-hidden=\"true\">*<\/span><\/legend><ul id=\"wpforms-13141-field_26\" class=\"wpforms-field-required\"><li class=\"choice-1 depth-1\"><input type=\"radio\" id=\"wpforms-13141-field_26_1\" name=\"wpforms[fields][26]\" value=\"Mallorca\" aria-errormessage=\"wpforms-13141-field_26_1-error\" required><label class=\"wpforms-field-label-inline\" for=\"wpforms-13141-field_26_1\">Mallorca<\/label><\/li><li class=\"choice-2 depth-1\"><input type=\"radio\" id=\"wpforms-13141-field_26_2\" name=\"wpforms[fields][26]\" value=\"Menorca\" aria-errormessage=\"wpforms-13141-field_26_2-error\" required><label class=\"wpforms-field-label-inline\" for=\"wpforms-13141-field_26_2\">Menorca<\/label><\/li><li class=\"choice-3 depth-1\"><input type=\"radio\" id=\"wpforms-13141-field_26_3\" name=\"wpforms[fields][26]\" value=\"Ibiza\" aria-errormessage=\"wpforms-13141-field_26_3-error\" required><label class=\"wpforms-field-label-inline\" for=\"wpforms-13141-field_26_3\">Eivissa<\/label><\/li><li class=\"choice-4 depth-1\"><input type=\"radio\" id=\"wpforms-13141-field_26_4\" name=\"wpforms[fields][26]\" value=\"Formentera\" aria-errormessage=\"wpforms-13141-field_26_4-error\" required><label class=\"wpforms-field-label-inline\" for=\"wpforms-13141-field_26_4\">Formentera<\/label><\/li><li class=\"choice-5 depth-1\"><input type=\"radio\" id=\"wpforms-13141-field_26_5\" name=\"wpforms[fields][26]\" value=\"Pen\u00ednsula \/ Canarias\" aria-errormessage=\"wpforms-13141-field_26_5-error\" required><label class=\"wpforms-field-label-inline\" for=\"wpforms-13141-field_26_5\">Pen\u00ednsula \/ Can\u00e0ries<\/label><\/li><li class=\"choice-6 depth-1\"><input type=\"radio\" id=\"wpforms-13141-field_26_6\" name=\"wpforms[fields][26]\" value=\"Extranjero\" aria-errormessage=\"wpforms-13141-field_26_6-error\" required><label class=\"wpforms-field-label-inline\" for=\"wpforms-13141-field_26_6\">Estranger<\/label><\/li><\/ul><\/fieldset><\/div><div id=\"wpforms-13141-field_11-container\" class=\"wpforms-field wpforms-field-text\" data-field-id=\"11\"><label class=\"wpforms-field-label\" for=\"wpforms-13141-field_11\">Poblaci\u00f3:<\/label><input type=\"text\" id=\"wpforms-13141-field_11\" class=\"wpforms-field-medium\" name=\"wpforms[fields][11]\" aria-errormessage=\"wpforms-13141-field_11-error\" ><\/div><div id=\"wpforms-13141-field_13-container\" class=\"wpforms-field wpforms-field-checkbox\" data-field-id=\"13\"><fieldset><legend class=\"wpforms-field-label\">\u00c0mbit Competencial: <span class=\"wpforms-required-label\" aria-hidden=\"true\">*<\/span><\/legend><ul id=\"wpforms-13141-field_13\" class=\"wpforms-field-required\"><li class=\"choice-1 depth-1\"><input type=\"checkbox\" id=\"wpforms-13141-field_13_1\" name=\"wpforms[fields][13][]\" value=\"Generalista\" aria-errormessage=\"wpforms-13141-field_13_1-error\" required><label class=\"wpforms-field-label-inline\" for=\"wpforms-13141-field_13_1\">Generalista<\/label><\/li><li class=\"choice-2 depth-1\"><input type=\"checkbox\" id=\"wpforms-13141-field_13_2\" name=\"wpforms[fields][13][]\" value=\"Obst\u00e9trica y Ginecol\u00f3gica\" aria-errormessage=\"wpforms-13141-field_13_2-error\" required><label class=\"wpforms-field-label-inline\" for=\"wpforms-13141-field_13_2\">Obst\u00e8trica i Ginecol\u00f2gica<\/label><\/li><li class=\"choice-3 depth-1\"><input type=\"checkbox\" id=\"wpforms-13141-field_13_3\" name=\"wpforms[fields][13][]\" value=\"Familiar y Comunitaria\" aria-errormessage=\"wpforms-13141-field_13_3-error\" required><label class=\"wpforms-field-label-inline\" for=\"wpforms-13141-field_13_3\">Familiar i Comunit\u00e0ria<\/label><\/li><li class=\"choice-4 depth-1\"><input type=\"checkbox\" id=\"wpforms-13141-field_13_4\" name=\"wpforms[fields][13][]\" value=\"Pedi\u00e1trica\" aria-errormessage=\"wpforms-13141-field_13_4-error\" required><label class=\"wpforms-field-label-inline\" for=\"wpforms-13141-field_13_4\">Pedi\u00e0trica<\/label><\/li><li class=\"choice-5 depth-1\"><input type=\"checkbox\" id=\"wpforms-13141-field_13_5\" name=\"wpforms[fields][13][]\" value=\"Del Trabajo\" aria-errormessage=\"wpforms-13141-field_13_5-error\" required><label class=\"wpforms-field-label-inline\" for=\"wpforms-13141-field_13_5\">Del Treball<\/label><\/li><li class=\"choice-6 depth-1\"><input type=\"checkbox\" id=\"wpforms-13141-field_13_6\" name=\"wpforms[fields][13][]\" value=\"Geri\u00e1trica\" aria-errormessage=\"wpforms-13141-field_13_6-error\" required><label class=\"wpforms-field-label-inline\" for=\"wpforms-13141-field_13_6\">Geri\u00e0trica<\/label><\/li><li class=\"choice-7 depth-1\"><input type=\"checkbox\" id=\"wpforms-13141-field_13_7\" name=\"wpforms[fields][13][]\" value=\"Salud Mental\" aria-errormessage=\"wpforms-13141-field_13_7-error\" required><label class=\"wpforms-field-label-inline\" for=\"wpforms-13141-field_13_7\">Salut Mental<\/label><\/li><li class=\"choice-8 depth-1\"><input type=\"checkbox\" id=\"wpforms-13141-field_13_8\" name=\"wpforms[fields][13][]\" value=\"M\u00e9dico-Quir\u00fargica\" aria-errormessage=\"wpforms-13141-field_13_8-error\" required><label class=\"wpforms-field-label-inline\" for=\"wpforms-13141-field_13_8\">M\u00e8dic-Quir\u00fargica<\/label><\/li><\/ul><\/fieldset><\/div><div id=\"wpforms-13141-field_23-container\" class=\"wpforms-field wpforms-field-number\" data-field-id=\"23\"><label class=\"wpforms-field-label\" for=\"wpforms-13141-field_23\">Retribuci\u00f3 (\u20ac \/ bruts a l'any): <span class=\"wpforms-required-label\" aria-hidden=\"true\">*<\/span><\/label><input type=\"number\" id=\"wpforms-13141-field_23\" class=\"wpforms-field-medium wpforms-field-required\" name=\"wpforms[fields][23]\" step=\"any\" aria-errormessage=\"wpforms-13141-field_23-error\" required><\/div><div id=\"wpforms-13141-field_25-container\" class=\"wpforms-field wpforms-field-number\" data-field-id=\"25\"><label class=\"wpforms-field-label\" for=\"wpforms-13141-field_25\">Retribuci\u00f3 (\u20ac \/ bruts mensuals):<\/label><input type=\"number\" id=\"wpforms-13141-field_25\" class=\"wpforms-field-medium\" name=\"wpforms[fields][25]\" step=\"any\" aria-errormessage=\"wpforms-13141-field_25-error\" ><\/div><div id=\"wpforms-13141-field_16-container\" class=\"wpforms-field wpforms-field-textarea\" data-field-id=\"16\"><label class=\"wpforms-field-label\" for=\"wpforms-13141-field_16\">Requisits: <span class=\"wpforms-required-label\" aria-hidden=\"true\">*<\/span><\/label><textarea id=\"wpforms-13141-field_16\" class=\"wpforms-field-medium wpforms-field-required\" name=\"wpforms[fields][16]\" aria-errormessage=\"wpforms-13141-field_16-error\" required><\/textarea><\/div><div id=\"wpforms-13141-field_17-container\" class=\"wpforms-field wpforms-field-text\" data-field-id=\"17\"><label class=\"wpforms-field-label\" for=\"wpforms-13141-field_17\">Horari de treball: <span class=\"wpforms-required-label\" aria-hidden=\"true\">*<\/span><\/label><input type=\"text\" id=\"wpforms-13141-field_17\" class=\"wpforms-field-medium wpforms-field-required\" name=\"wpforms[fields][17]\" aria-errormessage=\"wpforms-13141-field_17-error\" required><\/div><div id=\"wpforms-13141-field_18-container\" class=\"wpforms-field wpforms-field-text\" data-field-id=\"18\"><label class=\"wpforms-field-label\" for=\"wpforms-13141-field_18\">Tipus de contracte: <span class=\"wpforms-required-label\" aria-hidden=\"true\">*<\/span><\/label><input type=\"text\" id=\"wpforms-13141-field_18\" class=\"wpforms-field-medium wpforms-field-required\" name=\"wpforms[fields][18]\" aria-errormessage=\"wpforms-13141-field_18-error\" aria-describedby=\"wpforms-13141-field_18-description\" required><div id=\"wpforms-13141-field_18-description\" class=\"wpforms-field-description\">(Temporal, indefinit...)<\/div><\/div><div id=\"wpforms-13141-field_19-container\" class=\"wpforms-field wpforms-field-text\" data-field-id=\"19\"><label class=\"wpforms-field-label\" for=\"wpforms-13141-field_19\">Tel\u00e8fon o mail de contacte: <span class=\"wpforms-required-label\" aria-hidden=\"true\">*<\/span><\/label><input type=\"text\" id=\"wpforms-13141-field_19\" class=\"wpforms-field-medium wpforms-field-required\" name=\"wpforms[fields][19]\" aria-errormessage=\"wpforms-13141-field_19-error\" required><\/div><div id=\"wpforms-13141-field_27-container\" class=\"wpforms-field wpforms-field-textarea\" data-field-id=\"27\"><label class=\"wpforms-field-label\" for=\"wpforms-13141-field_27\">Altres detalls d'inter\u00e8s:<\/label><textarea id=\"wpforms-13141-field_27\" class=\"wpforms-field-medium\" name=\"wpforms[fields][27]\" aria-errormessage=\"wpforms-13141-field_27-error\" ><\/textarea><\/div><div id=\"wpforms-13141-field_28-container\" class=\"wpforms-field wpforms-field-checkbox\" data-field-id=\"28\"><fieldset><legend class=\"wpforms-field-label\">Pol\u00edtica de Privacitat <span class=\"wpforms-required-label\" aria-hidden=\"true\">*<\/span><\/legend><ul id=\"wpforms-13141-field_28\" class=\"wpforms-field-required\"><li class=\"choice-1 depth-1\"><input type=\"checkbox\" id=\"wpforms-13141-field_28_1\" name=\"wpforms[fields][28][]\" value=\"Acepto los &lt;a href=&quot;https:\/\/infermeriabalear.com\/wp-content\/uploads\/2022\/07\/Pol-Privacidad-Castellano.pdf&quot; target=&quot;_blank&quot;&gt;t\u00e9rminos y pol\u00edticas de privacidad.&lt;\/a&gt;\" aria-errormessage=\"wpforms-13141-field_28_1-error\" required><label class=\"wpforms-field-label-inline\" for=\"wpforms-13141-field_28_1\">Accepto els <a href=\"https:\/\/infermeriabalear.com\/wp-content\/uploads\/2022\/07\/Pol-Privacidad-Catalan.pdf\" target=\"_blank\">termes i pol\u00edtiques de privacitat.<\/a><\/label><\/li><\/ul><\/fieldset><\/div><\/div><!-- .wpforms-field-container --><div class=\"wpforms-recaptcha-container wpforms-is-recaptcha wpforms-is-recaptcha-type-v2\" ><div class=\"g-recaptcha\" data-sitekey=\"6LdgD0UfAAAAALT79mnC6rehhn6iY0jKmk8Ju_WA\"><\/div><input type=\"text\" name=\"g-recaptcha-hidden\" class=\"wpforms-recaptcha-hidden\" style=\"position:absolute!important;clip:rect(0,0,0,0)!important;height:1px!important;width:1px!important;border:0!important;overflow:hidden!important;padding:0!important;margin:0!important;\" data-rule-recaptcha=\"1\"><\/div><div class=\"wpforms-submit-container\" ><input type=\"hidden\" name=\"wpforms[id]\" value=\"13141\"><input type=\"hidden\" name=\"page_title\" value=\"\"><input type=\"hidden\" name=\"page_url\" value=\"https:\/\/infermeriabalear.com\/ca\/wp-json\/wp\/v2\/pages\/13142\"><input type=\"hidden\" name=\"url_referer\" value=\"\"><button type=\"submit\" name=\"wpforms[submit]\" id=\"wpforms-submit-13141\" class=\"wpforms-submit\" data-alt-text=\"Enviando...\" data-submit-text=\"Enviar\" aria-live=\"assertive\" value=\"wpforms-submit\">Enviar<\/button><img loading=\"lazy\" decoding=\"async\" src=\"https:\/\/infermeriabalear.com\/wp-content\/plugins\/wpforms\/assets\/images\/submit-spin.svg\" class=\"wpforms-submit-spinner\" style=\"display: none;\" width=\"26\" height=\"26\" alt=\"S&#039;est\u00e0 carregant\"><\/div><input type=\"hidden\" name=\"trp-form-language\" value=\"ca\"\/><\/form><\/div>  <!-- .wpforms-container --><\/div><\/div><\/div><div class=\"iconos-form wpb_column vc_column_container vc_col-sm-6\"><div class=\"vc_column-inner\"><div class=\"wpb_wrapper\"><div class='q_icon_with_title tiny icon_image'><div class=\"icon_holder\" style=\"margin: -3px 0px 0px 0px; \"><img decoding=\"async\" style=\"margin: -3px 0px 0px 0px;\" src=\"https:\/\/infermeriabalear.com\/wp-content\/uploads\/2021\/03\/asterisk.jpg.png\" alt=\"\"><\/div><div class=\"icon_text_holder\"><div class=\"icon_text_inner\" style=\"\"><h4 class=\"icon_title\" style=\"\"><\/h4><p style=''>Camp Obligatori<\/p><\/div><\/div><\/div><div class='q_icon_with_title tiny icon_image'><div class=\"icon_holder\" style=\"margin: -3px 0px 0px 0px; \"><img decoding=\"async\" style=\"margin: -3px 0px 0px 0px;\" src=\"https:\/\/infermeriabalear.com\/wp-content\/uploads\/2021\/03\/comillas.jpg.png\" alt=\"\"><\/div><div class=\"icon_text_holder\"><div class=\"icon_text_inner\" style=\"\"><h4 class=\"icon_title\" style=\"\"><\/h4><p style=''>\u00c9s necessari recordar que, segons l'\u00faltima actualitzaci\u00f3 de les taules salarials del Conveni Col\u00b7lectiu de Cl\u00edniques Privades de Balears, el salari brut m\u00ednim per a una infermera a jornada completa \u00e9s de 2.013,95 \u20ac m\u00e9s dues pagues dobles de 1.555,35 \u20ac. Les ofertes de treball que no s'ajustin (o millorin) les taules salarials del conveni de cl\u00edniques privades de 2024 no seran publicitades en la web col\u00b7legial.<\/p><\/div><\/div><\/div><\/div><\/div><\/div><\/div><\/div><\/div>\n<\/div>","protected":false},"excerpt":{"rendered":"Activeu el JavaScript al navegador per a poder completar el formulari.Activeu el JavaScript al navegador per a poder completar el...","protected":false},"author":9,"featured_media":0,"parent":0,"menu_order":0,"comment_status":"closed","ping_status":"closed","template":"full_width.php","meta":{"footnotes":""},"class_list":["post-13142","page","type-page","status-publish","hentry"],"_links":{"self":[{"href":"https:\/\/infermeriabalear.com\/ca\/wp-json\/wp\/v2\/pages\/13142","targetHints":{"allow":["GET"]}}],"collection":[{"href":"https:\/\/infermeriabalear.com\/ca\/wp-json\/wp\/v2\/pages"}],"about":[{"href":"https:\/\/infermeriabalear.com\/ca\/wp-json\/wp\/v2\/types\/page"}],"author":[{"embeddable":true,"href":"https:\/\/infermeriabalear.com\/ca\/wp-json\/wp\/v2\/users\/9"}],"replies":[{"embeddable":true,"href":"https:\/\/infermeriabalear.com\/ca\/wp-json\/wp\/v2\/comments?post=13142"}],"version-history":[{"count":5,"href":"https:\/\/infermeriabalear.com\/ca\/wp-json\/wp\/v2\/pages\/13142\/revisions"}],"predecessor-version":[{"id":39584,"href":"https:\/\/infermeriabalear.com\/ca\/wp-json\/wp\/v2\/pages\/13142\/revisions\/39584"}],"wp:attachment":[{"href":"https:\/\/infermeriabalear.com\/ca\/wp-json\/wp\/v2\/media?parent=13142"}],"curies":[{"name":"wp","href":"https:\/\/api.w.org\/{rel}","templated":true}]}}