{"id":14724,"date":"2021-03-04T16:08:43","date_gmt":"2021-03-04T15:08:43","guid":{"rendered":"https:\/\/infermeriabalear.com\/?page_id=14724"},"modified":"2025-10-10T11:02:00","modified_gmt":"2025-10-10T09:02:00","slug":"normas-de-inscripcion-de-los-cursos-de-coiba","status":"publish","type":"page","link":"https:\/\/infermeriabalear.com\/ca\/normas-de-inscripcion-de-los-cursos-de-coiba\/","title":{"rendered":"Normativa Inscripci\u00f3 Cursos COIBA"},"content":{"rendered":"<div class=\"wpb-content-wrapper\"><div      class=\"vc_row wpb_row section  grid_section\" style=' text-align:left;'><div class=\"section_inner clearfix\"><div class='section_inner_margin clearfix'><div class=\"wpb_column vc_column_container vc_col-sm-12\"><div class=\"vc_column-inner\"><div class=\"wpb_wrapper\"><div class=\"separator  transparent\" style=\"margin-top:20px;margin-bottom:20px;\"><\/div>\n\n\t<div class=\"wpb_text_column wpb_content_element\" >\n\t\t<div class=\"wpb_wrapper\">\n\t\t\t<h2 class=\"nombre\">Normes d'Inscripci\u00f3<\/h2>\n\n\t\t<\/div>\n\t<\/div>\n<div class=\"separator  transparent\" style=\"margin-top:10px;margin-bottom:10px;\"><\/div>\n<\/div><\/div><\/div><\/div><\/div><\/div><div      class=\"vc_row wpb_row section  grid_section\" style=' text-align:left;'><div class=\"section_inner clearfix\"><div class='section_inner_margin clearfix'><div class=\"wpb_column vc_column_container vc_col-sm-12\"><div class=\"vc_column-inner\"><div class=\"wpb_wrapper\">\n\t<div class=\"wpb_text_column wpb_content_element\" >\n\t\t<div class=\"wpb_wrapper\">\n\t\t\t<p>NORMES D'INSCRIPCI\u00d3 PER A LES ACTIVITATS FORMATIVES ORGANITZADES PEL COL\u00b7LEGI OFICIAL D\u2019INFERMERES I INFERMERS DELS ILLES BALEARS (COIBA):<\/p>\n<p>&nbsp;<\/p>\n<p><strong>1)-<\/strong>Podran inscriure's a les activitats formatives tots els col\u00b7legiats i col\u00b7legiades del COIBA que estiguin al corrent del pagament de les seves quotes col\u00b7legials, aix\u00ed com no col\u00b7legiats i altres professionals (dependent del tipus de curs). S'atorgaran les places per ordre d'inscripci\u00f3 tenint prefer\u00e8ncia els nostres col\u00b7legiats.<\/p>\n<p>&nbsp;<\/p>\n<p><strong>2)-<\/strong>El termini d'inscripci\u00f3 s'obrir\u00e0 amb 1 mes d'antelaci\u00f3 a la data d'inici de l'activitat, aproximadament. La inscripci\u00f3 en un curs es far\u00e0 efectiva una vegada abonat l'import d'inscripci\u00f3, sempre que existeixin places lliures. En cas contrari, l'import no es pagar\u00e0 i l'interessat\/a passar\u00e0 a una \u00abllista d'espera\u00bb.<\/p>\n<p>&nbsp;<\/p>\n<p><strong>3)-<\/strong>El pagament d'una activitat formativa podr\u00e0 realitzar-se en efectiu o targeta en la seu col\u00b7legial, o a trav\u00e9s de la \u00abFinestreta \u00danica\u00bb (\u00e0rea privada de la web), mitjan\u00e7ant pagament amb targeta, o mitjan\u00e7ant bonus.<\/p>\n<p>&nbsp;<\/p>\n<p><strong>4)<\/strong> En base de l'acord adoptat per la Junta de Govern el 29 de mar\u00e7 de 2021, en els cursos propis organitzats \u00edntegrament pel COIBA es realitzar\u00e0 una bonificaci\u00f3 del 100% de la matr\u00edcula, a aquells col\u00b7legiats i col\u00b7legiades que superin la formaci\u00f3 realitzada. En cas de NO assistir a la formaci\u00f3 o no superar-la, l'import no es retornar\u00e0. Per als cursos coorganitzats amb altres entitats, es mantindran els descomptes parcials com es feia fins ara.<\/p>\n<p>&nbsp;<\/p>\n<p><strong>5)-<\/strong>En cas que la persona inscrita no pugui finalment realitzar l'activitat, aquesta haur\u00e0 de comunicar-ho al COIBA per a poder cedir la seva pla\u00e7a a una altra persona. En cas d'haver abonat ja l'import de la inscripci\u00f3, es procedir\u00e0 a la devoluci\u00f3 d'aquest, sempre que es comuniqui <b>abans de la data d'inici de l'activitat.<\/b><\/p>\n<p>&nbsp;<\/p>\n<p><strong>6)-<\/strong>El COIBA publicar\u00e0 el programa de cada activitat formativa que organitza a l'apartat de formaci\u00f3 de la seva p\u00e0gina web: <span style=\"color: #76c8d1;\"><strong><a style=\"color: #76c8d1;\" href=\"http:\/\/www.infermeriabalear.com\/\" target=\"_blank\" rel=\"noopener\">https:\/\/infermeriabalear.com<\/a><\/strong><\/span>. En el programa es reflectiran els detalls d'aquesta: dates, horari, nombre de places, preu, contingut, m\u00ednim exigit per a la superaci\u00f3 de la formaci\u00f3.<\/p>\n<p>&nbsp;<\/p>\n<p><strong>7)-<\/strong>Les activitats formatives presencials es duran a terme si existeix un\u00a0<strong>m\u00ednim del 75% de persones inscrites<\/strong>, segons el nombre de places ofertes, el qual s'indicar\u00e0 en el programa de cada activitat. En el cas d'activitats en l\u00ednia, no sol existir un m\u00ednim, per\u00f2 en cas que s'exigeixi, s'especificar\u00e0 en la informaci\u00f3 de l'activitat. El COIBA podr\u00e0 anul\u00b7lar qualsevol activitat <strong>uns d<\/strong><strong>i<\/strong><strong>es abans del seu inici si aquest requisit no es compleix<\/strong>, o anul\u00b7lar-lo amb la m\u00e0xima antelaci\u00f3 possible per altres causes alienes a la seva voluntat. En el cas d'anul\u00b7laci\u00f3 de l'activitat per part del COIBA, se li comunicar\u00e0 a les persones inscrites i es retornar\u00e0 l'import abonat. Aix\u00ed mateix, es mantindr\u00e0 la prefer\u00e8ncia per a la realitzaci\u00f3 de l'activitat en pr\u00f2ximes edicions.<\/p>\n<p>&nbsp;<\/p>\n<p><strong>8)-<\/strong>El control d'assist\u00e8ncia de les activitats formatives del COIBA, es realitzar\u00e0 cada dia mitjan\u00e7ant signatura dels assistents, a l'entrada i en la sortida. <strong>IMPORTANT: \u00c9s imprescindible signar l'entrada i la sortida. En cas de no signar es considerar\u00e0 falta d'assist\u00e8ncia.<\/strong> Per a les formacions en modalitat en l\u00ednia o presencial (per via telem\u00e0tica o streaming), el control d'acc\u00e9s es realitzar\u00e0 comprovant el temps de connexi\u00f3 de cada participant, dins de la plataforma virtual en la qual es realitzi el curs.<\/p>\n<p>&nbsp;<\/p>\n<p><strong>9)-<\/strong>Per a obtenir el certificat oficial, caldr\u00e0 haver complert l'assist\u00e8ncia m\u00ednima exigida, aix\u00ed com haver superat la prova d'aprofitament (en cas que n'hi hagu\u00e9s). En cas de no complir-se aquest requisit, nom\u00e9s s'expedir\u00e0 un certificat d'assist\u00e8ncia a petici\u00f3 de l'interessat.<\/p>\n<p>&nbsp;<\/p>\n<p><strong>10)-AJUDES: <\/strong>El COIBA t\u00e9 una \u00e0mplia oferta formativa (a Mallorca majorit\u00e0riament), si b\u00e9 a les illes de<strong> Menorca i Pitiuses<\/strong> l'oferta \u00e9s menor, existeixen ajudes (per a vol i allotjament) per a col\u00b7legiats d'aquestes illes, que vulguin assistir a un curs a Mallorca. Aquesta ajuda no s'aplica per a qualsevol curs, sin\u00f3 que han de ser sobre un tema<strong> \"molt espec\u00edfic\", <\/strong>i que no s'ofereixin en les altres illes pel col\u00b7legi o altres institucions. Nom\u00e9s ser\u00e0 per a un<strong> m\u00e0xim de 2 col\u00b7legiats per illa <\/strong>i sempre cal sol\u00b7licitar-ho amb antelaci\u00f3 a la data d'inici del curs. \u00c9s recomanable fer la consulta abans d'inscriure's i de manera individual. La Comissi\u00f3 de Formaci\u00f3 del COIBA ser\u00e0 la que valori cada sol\u00b7licitud i es contestar\u00e0 en la major brevetat possible. L'ajuda consisteix en<strong> un m\u00e0xim de 75\u20ac per als vols i un m\u00e0xim de 120\u20ac\/nit per allotjament <\/strong>en hotel, hostal, pensi\u00f3, etc\u2026en cas que el curs sigui de dos dies o m\u00e9s, i sempre presentant justificants de pagament i factures. Si l'import \u00e9s inferior, s'abonar\u00e0 el corresponent. Per a sol\u00b7licitar l'ajuda cal enviar un correu electr\u00f2nic a<strong> formacio@infermeriabalear.com <\/strong>, indicant nom complet, DNI, n\u00famero de col\u00b7legiat\/a i indicar el que se sol\u00b7licita.<\/p>\n<p>&nbsp;<\/p>\n<p><strong>11)-<\/strong>La inscripci\u00f3 a les activitats formatives del COIBA, implica l'acceptaci\u00f3 d'aquestes normes.<\/p>\n<p>&nbsp;<\/p>\n<p>Palma, a 1 de gener de 2025<\/p>\n\n\t\t<\/div>\n\t<\/div>\n<\/div><\/div><\/div><\/div><\/div><\/div><div      class=\"vc_row wpb_row section  grid_section\" style=' text-align:left;'><div class=\"section_inner clearfix\"><div class='section_inner_margin clearfix'><div class=\"wpb_column vc_column_container vc_col-sm-12\"><div class=\"vc_column-inner\"><div class=\"wpb_wrapper\"><div class=\"vc_empty_space\"   style=\"height: 50px\"><span class=\"vc_empty_space_inner\"><\/span><\/div><\/div><\/div><\/div><\/div><\/div><\/div>\n<\/div>","protected":false},"excerpt":{"rendered":"Normas de inscripci\u00f3n NORMAS DE INSCRIPCI\u00d3N PARA LAS ACTIVIDADES FORMATIVAS ORGANIZADAS POR EL COL\u00b7LEGI OFICIAL D'INFERMERES I INFERMERS DE LES...","protected":false},"author":9,"featured_media":0,"parent":0,"menu_order":0,"comment_status":"closed","ping_status":"closed","template":"full_width.php","meta":{"footnotes":""},"class_list":["post-14724","page","type-page","status-publish","hentry"],"_links":{"self":[{"href":"https:\/\/infermeriabalear.com\/ca\/wp-json\/wp\/v2\/pages\/14724","targetHints":{"allow":["GET"]}}],"collection":[{"href":"https:\/\/infermeriabalear.com\/ca\/wp-json\/wp\/v2\/pages"}],"about":[{"href":"https:\/\/infermeriabalear.com\/ca\/wp-json\/wp\/v2\/types\/page"}],"author":[{"embeddable":true,"href":"https:\/\/infermeriabalear.com\/ca\/wp-json\/wp\/v2\/users\/9"}],"replies":[{"embeddable":true,"href":"https:\/\/infermeriabalear.com\/ca\/wp-json\/wp\/v2\/comments?post=14724"}],"version-history":[{"count":14,"href":"https:\/\/infermeriabalear.com\/ca\/wp-json\/wp\/v2\/pages\/14724\/revisions"}],"predecessor-version":[{"id":45112,"href":"https:\/\/infermeriabalear.com\/ca\/wp-json\/wp\/v2\/pages\/14724\/revisions\/45112"}],"wp:attachment":[{"href":"https:\/\/infermeriabalear.com\/ca\/wp-json\/wp\/v2\/media?parent=14724"}],"curies":[{"name":"wp","href":"https:\/\/api.w.org\/{rel}","templated":true}]}}