{"id":15628,"date":"2021-04-15T08:45:49","date_gmt":"2021-04-15T07:45:49","guid":{"rendered":"https:\/\/infermeriabalear.com\/?page_id=15628"},"modified":"2022-07-01T14:39:57","modified_gmt":"2022-07-01T12:39:57","slug":"enmiendas-y-recursos-presentados","status":"publish","type":"page","link":"https:\/\/infermeriabalear.com\/ca\/enmiendas-y-recursos-presentados\/","title":{"rendered":"Esmenes i recursos presentats"},"content":{"rendered":"<div class=\"wpb-content-wrapper\"><div      class=\"vc_row wpb_row section  grid_section\" style=' padding-top:30px; padding-bottom:72px; text-align:left;'><div class=\"section_inner clearfix\"><div class='section_inner_margin clearfix'><div class=\"wpb_column vc_column_container vc_col-sm-12\"><div class=\"vc_column-inner\"><div class=\"wpb_wrapper\">\n\t<div class=\"wpb_text_column wpb_content_element\" >\n\t\t<div class=\"wpb_wrapper\">\n\t\t\t<h2 style=\"text-align: center;\"><span style=\"color: #1ecad3;\">Esmenes presentades pel COIBA <img loading=\"lazy\" decoding=\"async\" class=\"wp-image-17789 alignnone\" src=\"https:\/\/infermeriabalear.com\/wp-content\/uploads\/2021\/08\/Diseno-sin-titulo-e1629274784486.png\" alt=\"\" width=\"87\" height=\"123\" \/><\/span><\/h2>\n\n\t\t<\/div>\n\t<\/div>\n\n\t<div class=\"wpb_tabstabs_holder clearfix\" data-interval=\"0\">\n\t\t<div class=\"q_tabs vertical\">\n\t\t\t<ul class=\"tabs-nav\"><li><a href=\"#tab-1655719144138-2-7\">Any 2022<\/a><\/li><li><a href=\"#tab-355b3891-1409-2\">Any 2021<\/a><\/li><li><a href=\"#tab-f30bbd74-fab9-1\">Any 2020<\/a><\/li><\/ul>\n<div class='tabs-container'>\n\t\t\t\n\t<div id=\"tab-1655719144138-2-7\" class=\"wpb_tab ui-tabs-panel wpb_ui-tabs-hide vc_clearfix tab-content\">\n\t\t<div class=\"vc_empty_space\"   style=\"height: 25px\"><span class=\"vc_empty_space_inner\"><\/span><\/div>\n\t<div class=\"wpb_text_column wpb_content_element\" >\n\t\t<div class=\"wpb_wrapper\">\n\t\t\t<ul>\n<li><a href=\"https:\/\/infermeriabalear.com\/wp-content\/uploads\/2022\/07\/ALEGACIONES-COIBA-PROYECTO-RD-radioterapia.pdf\" target=\"_blank\" rel=\"noopener\">Al\u00b7legacions al p<span class=\"JsGRdQ\">rojecte de R.D sobre criteris de qualitat i seguretat de les unitats assistencials de radioter\u00e0pia<\/span><\/a><\/li>\n<\/ul>\n<p>&nbsp;<\/p>\n<hr \/>\n<ul>\n<li><a href=\"https:\/\/infermeriabalear.com\/wp-content\/uploads\/2022\/06\/Alegaciones-al-anteproyecto-ley-salud-sexual.pdf\" target=\"_blank\" rel=\"noopener\">Al\u00b7legacions a l'avantprojecte de Llei Org\u00e0nica per la qual es modifica la LO 2\/2010, de 3 de mar\u00e7, de salut sexual i reproductiva i de la interrupci\u00f3 volunt\u00e0ria de l'embar\u00e0s.<\/a><\/li>\n<\/ul>\n<p>&nbsp;<\/p>\n<hr \/>\n\n\t\t<\/div>\n\t<\/div>\n\n\t<\/div>\n\n\t<div id=\"tab-355b3891-1409-2\" class=\"wpb_tab ui-tabs-panel wpb_ui-tabs-hide vc_clearfix tab-content\">\n\t\t<div class=\"vc_empty_space\"   style=\"height: 25px\"><span class=\"vc_empty_space_inner\"><\/span><\/div>\n\t<div class=\"wpb_text_column wpb_content_element\" >\n\t\t<div class=\"wpb_wrapper\">\n\t\t\t<ul>\n<li><a href=\"https:\/\/infermeriabalear.com\/wp-content\/uploads\/2021\/08\/Alegaciones-Ley-Trans-16-08-2021.pdf\" target=\"_blank\" rel=\"noopener\">Al\u00b7legacions a l'Avantprojecte de Llei per a la igualtat real i efectiva de les persones trans i per a la garantia dels drets de les persones LGTBI<\/a><\/li>\n<\/ul>\n<p>&nbsp;<\/p>\n<hr \/>\n<ul>\n<li><a href=\"https:\/\/infermeriabalear.com\/wp-content\/uploads\/2021\/08\/Alegaciones-al-Proyecto-de-Resolucion-por-la-que-se-ordenan-determinados-aspectos-del-ejercicio-profesional-de-las.pdf\" target=\"_blank\" rel=\"noopener\">Al\u00b7legacions al Projecte de resoluci\u00f3 pel qual s'ordenen determinats aspectes de l'exercici professional de les\/els infermeres\/infermers gestores de casos en l'atenci\u00f3 del pacient cr\u00f2nic i en l'\u00e0mbit de la continu\u00eftat assistencial o enlla\u00e7 en l'atenci\u00f3 al pacient cr\u00f2nic.<\/a>\n<ul>\n<li><a href=\"https:\/\/infermeriabalear.com\/wp-content\/uploads\/2021\/08\/Borrador-enfermera-de-continuidad-asistencial.pdf\" target=\"_blank\" rel=\"noopener\">Esborrany infermera de continu\u00eftat assistencial<\/a><\/li>\n<li><a href=\"https:\/\/infermeriabalear.com\/wp-content\/uploads\/2021\/08\/Borrador-enfermera-gestora-de-casos.pdf\" target=\"_blank\" rel=\"noopener\">Esborrany infermera gestora de casos<\/a><\/li>\n<\/ul>\n<\/li>\n<\/ul>\n<p>&nbsp;<\/p>\n<hr \/>\n<ul>\n<li><a href=\"https:\/\/infermeriabalear.com\/wp-content\/uploads\/2021\/08\/Aportaciones-Proyecto-Real-Decreto-especialistas.pdf\" target=\"_blank\" rel=\"noopener\">Al\u00b7legacions al Projecte de Reial decret pel qual es regula la formaci\u00f3 transversal de les especialitats en Ci\u00e8ncies de la Salut, el procediment i criteris per a la creaci\u00f3 i revisi\u00f3 dels t\u00edtols d'especialista en ci\u00e8ncies de la salut i dels diplomes d'\u00e0rea de capacitaci\u00f3 espec\u00edfica, l'acc\u00e9s i la formaci\u00f3 de les \u00e0rees de capacitaci\u00f3 espec\u00edfica i s'estableixen les normes aplicables a les proves anuals d'acc\u00e9s a places de formaci\u00f3<\/a>\n<ul>\n<li><a href=\"https:\/\/infermeriabalear.com\/wp-content\/uploads\/2021\/08\/PRD_FSE_PARA_IP.pdf\" target=\"_blank\" rel=\"noopener\">Esborrany Projecte Decret<\/a><\/li>\n<\/ul>\n<\/li>\n<\/ul>\n\n\t\t<\/div>\n\t<\/div>\n\n\t<\/div>\n\n\t<div id=\"tab-f30bbd74-fab9-1\" class=\"wpb_tab ui-tabs-panel wpb_ui-tabs-hide vc_clearfix tab-content\">\n\t\t<div class=\"vc_empty_space\"   style=\"height: 25px\"><span class=\"vc_empty_space_inner\"><\/span><\/div>\n\t<div class=\"wpb_text_column wpb_content_element\" >\n\t\t<div class=\"wpb_wrapper\">\n\t\t\t<ul>\n<li><a href=\"https:\/\/infermeriabalear.com\/wp-content\/uploads\/2021\/08\/APORTACIONES-EN-EL-PROCESO-DE-REVISION-DEL-CODIGO-DEONTOLOGICO-DEL-CIE-REGISTRADO.pdf\" target=\"_blank\" rel=\"noopener\">Aportacions en el proc\u00e9s de revisi\u00f3 del codi deontol\u00f2gic del CIE registrat<\/a><\/li>\n<li style=\"list-style-type: none;\">\n<ul>\n<li><a href=\"https:\/\/infermeriabalear.com\/wp-content\/uploads\/2021\/08\/CoE_Version-for-Consultation_October-2020_ES.pdf\" target=\"_blank\" rel=\"noopener\">Text amb modificacions<\/a><\/li>\n<\/ul>\n<\/li>\n<\/ul>\n<p>&nbsp;<\/p>\n<hr \/>\n<ul>\n<li><a href=\"https:\/\/infermeriabalear.com\/wp-content\/uploads\/2021\/09\/Projecte-Gestio-Infermera-de-la-demanda-aguda-13.08.20.pdf\" target=\"_blank\" rel=\"noopener\">Aportacions al document de la Gesti\u00f3 Infermera de la Demanda Aguda<\/a><\/li>\n<li style=\"list-style-type: none;\">\n<ul>\n<li><a href=\"https:\/\/infermeriabalear.com\/wp-content\/uploads\/2021\/09\/Aportacions-COIBA-Gestio-Infermera-de-la-Demanda.pdf\" target=\"_blank\" rel=\"noopener\">Text amb modificacions<\/a><\/li>\n<\/ul>\n<\/li>\n<\/ul>\n\n\t\t<\/div>\n\t<\/div>\n\n\t<\/div>\n<\/div>\n\t\t<\/div> \n\t<\/div> <\/div><\/div><\/div><\/div><\/div><\/div><div      class=\"vc_row wpb_row section  grid_section\" style=' border-bottom: 1px solid #ffffff; padding-top:30px; padding-bottom:72px; text-align:left;'><div class=\"section_inner clearfix\"><div class='section_inner_margin clearfix'><div class=\"wpb_column vc_column_container vc_col-sm-12\"><div class=\"vc_column-inner\"><div class=\"wpb_wrapper\">\n\t<div class=\"wpb_text_column wpb_content_element\" >\n\t\t<div class=\"wpb_wrapper\">\n\t\t\t<h2 style=\"text-align: center;\"><span style=\"color: #1ecad3;\">Recursos presentats pel COIBA <img loading=\"lazy\" decoding=\"async\" class=\"wp-image-17789 alignnone\" src=\"https:\/\/infermeriabalear.com\/wp-content\/uploads\/2021\/08\/Diseno-sin-titulo-e1629274784486.png\" alt=\"\" width=\"87\" height=\"123\" \/><\/span><\/h2>\n\n\t\t<\/div>\n\t<\/div>\n\n\t<div class=\"wpb_tabstabs_holder clearfix\" data-interval=\"0\">\n\t\t<div class=\"q_tabs vertical\">\n\t\t\t<ul class=\"tabs-nav\"><li><a href=\"#tab-1628580659832-1-1\">Any 2021<\/a><\/li><li><a href=\"#tab-1628583986736-1-2\">Any 2020<\/a><\/li><\/ul>\n<div class='tabs-container'>\n\t\t\t\n\t<div id=\"tab-1628580659832-1-1\" class=\"wpb_tab ui-tabs-panel wpb_ui-tabs-hide vc_clearfix tab-content\">\n\t\t<div class=\"vc_empty_space\"   style=\"height: 25px\"><span class=\"vc_empty_space_inner\"><\/span><\/div>\n\t<div class=\"wpb_text_column wpb_content_element\" >\n\t\t<div class=\"wpb_wrapper\">\n\t\t\t<ul>\n<li><a href=\"https:\/\/infermeriabalear.com\/wp-content\/uploads\/2021\/08\/RECURSO-REPOS.-CONVOCAT.-SUPERV.ENFERM.-UNIDAD-GPE-HUSE-1.pdf\" target=\"_blank\" rel=\"noopener\">Recurs de reposici\u00f3 contra la resoluci\u00f3 per la qual es convoca el lloc de Supervisor\/a de la Unitat de Gesti\u00f3 de Personal de l'Hospital Universitari Son Espases<\/a>.<\/li>\n<li style=\"list-style-type: none;\">\n<ul>\n<li><a href=\"https:\/\/infermeriabalear.com\/wp-content\/uploads\/2021\/08\/RESOLUCIO-HUSE.pdf\" target=\"_blank\" rel=\"noopener\">Resoluci\u00f3<\/a><\/li>\n<\/ul>\n<\/li>\n<\/ul>\n<p>&nbsp;<\/p>\n<hr \/>\n<ul>\n<li><a href=\"https:\/\/infermeriabalear.com\/wp-content\/uploads\/2021\/08\/Recurs-reposicio-supervisora-infermeria-Hospital-Son-Llatzer.pdf\" target=\"_blank\" rel=\"noopener\">Recurs de reposici\u00f3 contra la resoluci\u00f3 per la qual es convoca el lloc de Supervisor\/a d'Infermeria de la Unitat d'Hospitalitzaci\u00f3 HC3 de l'Hospital Universitari Son Ll\u00e0tzer<\/a><\/li>\n<li style=\"list-style-type: none;\">\n<ul>\n<li><a href=\"https:\/\/infermeriabalear.com\/wp-content\/uploads\/2021\/08\/Resolucio-lloc-de-feina-28366.pdf\" target=\"_blank\" rel=\"noopener\">Resoluci\u00f3<\/a><\/li>\n<\/ul>\n<\/li>\n<\/ul>\n<p>&nbsp;<\/p>\n<hr \/>\n<ul>\n<li><a href=\"https:\/\/infermeriabalear.com\/wp-content\/uploads\/2021\/08\/RECURSO-REPOS.-CONVOCAT.RESP_.-ENFER.-EPA-ZBS-ES-RAIGUER.pdf\" target=\"_blank\" rel=\"noopener\">Recurs de reposici\u00f3 contra la resoluci\u00f3 per la qual es convoca el lloc de responsable d'infermeria de l'Equip d'Atenci\u00f3 Prim\u00e0ria de la Zona B\u00e0sica de Salut d'Es Raiguer<\/a><\/li>\n<li style=\"list-style-type: none;\">\n<ul>\n<li><a href=\"https:\/\/infermeriabalear.com\/wp-content\/uploads\/2021\/08\/RESOLUCIO-ES-RAIGUER.pdf\" target=\"_blank\" rel=\"noopener\">Resoluci\u00f3<\/a><\/li>\n<\/ul>\n<\/li>\n<\/ul>\n<p>&nbsp;<\/p>\n<hr \/>\n<ul>\n<li><a href=\"https:\/\/infermeriabalear.com\/wp-content\/uploads\/2021\/08\/RECURSO-REPOSICION-SUPERV.ENFERM.-UNIDAD-DOCENCIA-HGMO.pdf\" target=\"_blank\" rel=\"noopener\">Recurs de reposici\u00f3 contra la resoluci\u00f3 per la qual es convoca el lloc de Supervisor\/a de la unitat d'infermeria de doc\u00e8ncia, formaci\u00f3, recerca, qualitat i sistemes d'informaci\u00f3 de l'Hospital Mateu Orfila de Menorca<\/a><\/li>\n<li style=\"list-style-type: none;\">\n<ul>\n<li><a href=\"https:\/\/infermeriabalear.com\/wp-content\/uploads\/2021\/08\/RESOLUCIO-HMO.pdf\" target=\"_blank\" rel=\"noopener\">Resoluci\u00f3<\/a><\/li>\n<\/ul>\n<\/li>\n<\/ul>\n<p>&nbsp;<\/p>\n<hr \/>\n<ul>\n<li><a href=\"https:\/\/infermeriabalear.com\/wp-content\/uploads\/2021\/08\/RECURSO-CONVOCAT.-SUPERV.-UNIDAD-MATERNO-INFANTIL-HCIN.pdf\" target=\"_blank\" rel=\"noopener\">Recurs de reposici\u00f3 contra la resoluci\u00f3 per la qual es convoca el lloc de Supervisor\/a de la Unitat de Matern Infantil per a l'Hospital Comarcal d'Inca<\/a><\/li>\n<li style=\"list-style-type: none;\">\n<ul>\n<li><a href=\"https:\/\/infermeriabalear.com\/wp-content\/uploads\/2021\/08\/RESOLUCIO-HCIN.pdf\" target=\"_blank\" rel=\"noopener\">Resoluci\u00f3<\/a><\/li>\n<\/ul>\n<\/li>\n<\/ul>\n\n\t\t<\/div>\n\t<\/div>\n\n\t<\/div>\n\n\t<div id=\"tab-1628583986736-1-2\" class=\"wpb_tab ui-tabs-panel wpb_ui-tabs-hide vc_clearfix tab-content\">\n\t\t<div class=\"separator  transparent\" style=\"\"><\/div>\n\n\t<div class=\"wpb_text_column wpb_content_element\" >\n\t\t<div class=\"wpb_wrapper\">\n\t\t\t<p>- Secci\u00f3 en construcci\u00f3 -<\/p>\n\n\t\t<\/div>\n\t<\/div>\n\n\t<\/div>\n<\/div>\n\t\t<\/div> \n\t<\/div> <\/div><\/div><\/div><\/div><\/div><\/div>\n<\/div>","protected":false},"excerpt":{"rendered":"Enmiendas presentadas por el COIBA A\u00f1o 2022A\u00f1o 2021A\u00f1o 2020 Alegaciones al proyecto de R.D sobre criterios de calidad y seguridad...","protected":false},"author":9,"featured_media":0,"parent":0,"menu_order":0,"comment_status":"open","ping_status":"closed","template":"full_width.php","meta":{"footnotes":""},"class_list":["post-15628","page","type-page","status-publish","hentry"],"_links":{"self":[{"href":"https:\/\/infermeriabalear.com\/ca\/wp-json\/wp\/v2\/pages\/15628","targetHints":{"allow":["GET"]}}],"collection":[{"href":"https:\/\/infermeriabalear.com\/ca\/wp-json\/wp\/v2\/pages"}],"about":[{"href":"https:\/\/infermeriabalear.com\/ca\/wp-json\/wp\/v2\/types\/page"}],"author":[{"embeddable":true,"href":"https:\/\/infermeriabalear.com\/ca\/wp-json\/wp\/v2\/users\/9"}],"replies":[{"embeddable":true,"href":"https:\/\/infermeriabalear.com\/ca\/wp-json\/wp\/v2\/comments?post=15628"}],"version-history":[{"count":5,"href":"https:\/\/infermeriabalear.com\/ca\/wp-json\/wp\/v2\/pages\/15628\/revisions"}],"predecessor-version":[{"id":26410,"href":"https:\/\/infermeriabalear.com\/ca\/wp-json\/wp\/v2\/pages\/15628\/revisions\/26410"}],"wp:attachment":[{"href":"https:\/\/infermeriabalear.com\/ca\/wp-json\/wp\/v2\/media?parent=15628"}],"curies":[{"name":"wp","href":"https:\/\/api.w.org\/{rel}","templated":true}]}}