{"id":15694,"date":"2021-04-15T10:46:02","date_gmt":"2021-04-15T09:46:02","guid":{"rendered":"https:\/\/infermeriabalear.com\/?page_id=15694"},"modified":"2024-10-30T15:33:37","modified_gmt":"2024-10-30T14:33:37","slug":"comision-formacion","status":"publish","type":"page","link":"https:\/\/infermeriabalear.com\/ca\/comision-formacion\/","title":{"rendered":"Comissi\u00f3 de Formaci\u00f3"},"content":{"rendered":"<div class=\"wpb-content-wrapper\"><div      class=\"vc_row wpb_row section  grid_section\" style=' text-align:left;'><div class=\"section_inner clearfix\"><div class='section_inner_margin clearfix'><div class=\"wpb_column vc_column_container vc_col-sm-12\"><div class=\"vc_column-inner\"><div class=\"wpb_wrapper\"><div class=\"vc_empty_space\"   style=\"height: 40px\"><span class=\"vc_empty_space_inner\"><\/span><\/div><blockquote class='with_quote_icon' style=''><i class='fa fa-quote-right pull-left' style='color: #54575a;'><\/i><h5 class='blockquote-text' style='color: #1ecad3;'>L\u2019\u00c0rea de Formaci\u00f3 treballa per oferir una formaci\u00f3 de qualitat basada en la demanda dels col\u00b7legiats i col\u00b7legiades i de propostes rebudes per professionals de diferents \u00e0mbits sanitaris.<\/h5><\/blockquote><div class=\"vc_empty_space\"   style=\"height: 32px\"><span class=\"vc_empty_space_inner\"><\/span><\/div>\n\t<div class=\"wpb_text_column wpb_content_element\" >\n\t\t<div class=\"wpb_wrapper\">\n\t\t\t<p>Aquesta comissi\u00f3 \u00e9s un instrument necessari perqu\u00e8 les infermeres puguin aconseguir l'excel\u00b7l\u00e8ncia en la seva pr\u00e0ctica professional, ja que la formaci\u00f3 continuada contribueix a millorar la qualitat de l'atenci\u00f3, permetent que les nostres professionals de les cures actualitzin els seus coneixements i siguin competents enfront els nous reptes professionals. De la mateixa forma, tamb\u00e9 ajuda a vincular a les infermeres amb el seu col\u00b7legi professional i a donar-li sentit a la col\u00b7legiaci\u00f3.<\/p>\n<p>La l\u00ednia de formaci\u00f3 es treballar\u00e0 en col\u00b7laboraci\u00f3 amb les diferents vocalies. El Pla de Formaci\u00f3 ha d'estar basat en les necessitats detectades i expressades per cada un dels vocals de cada \u00e0rea i pels mateixos col\u00b7legiats mitjan\u00e7ant l'enquesta de necessitats formatives.<\/p>\n<p>Els membres de la Comissi\u00f3 de Formaci\u00f3 coneixeran les necessitats formatives que els facin arribar els vocals de cada \u00e0rea, valoraran els cursos que es puguin oferir en funci\u00f3 de les l\u00ednies de treball del col\u00b7legi i dels pressuposts; establiran prioritats; valoraran oportunitats docents a baix cost, finan\u00e7ats per marcs comercials, sempre que no comprometin al COIBA ni perjudiquin la pr\u00e0ctica basada en l\u2019evid\u00e8ncia.<\/p>\n<p>&nbsp;<\/p>\n<p>&nbsp;<\/p>\n<h2>Objectius:<\/h2>\n<p>&nbsp;<\/p>\n<ul>\n<li>Fomentar la comunicaci\u00f3 entre Atenci\u00f3 Prim\u00e0ria i Atenci\u00f3 Especialitzada de la Comunitat de les Illes Balears.<\/li>\n<li>Treballar l'informe DAFO de l'any 2014 i les seves estrat\u00e8gies.<\/li>\n<li>Reduir la variabilitat de la pr\u00e0ctica cl\u00ednica i crear documents de consens en base a l'evid\u00e8ncia cient\u00edfica.<\/li>\n<li>Millorar el coneixement de la nostra professi\u00f3 per part de la societat i l'equip sanitari. Visibilitzaci\u00f3 de la nostra professi\u00f3.<\/li>\n<li>Promoure i justificar la necessitat de la comare en gesti\u00f3 per marcar l\u00ednies de treball acords a donar la millor qualitat assistencial.<\/li>\n<li>Donar resposta a problemes emergents de la professi\u00f3 a la comunitat de les Illes Balears.<\/li>\n<li>Formar un grup de suport i acompanyament al professional per reportar estrat\u00e8gies d'afrontament davant conflictes professionals.<\/li>\n<\/ul>\n\n\t\t<\/div>\n\t<\/div>\n<div class=\"vc_empty_space\"   style=\"height: 30px\"><span class=\"vc_empty_space_inner\"><\/span><\/div><\/div><\/div><\/div><\/div><\/div><\/div><div      class=\"vc_row wpb_row section  grid_section\" style=' text-align:left;'><div class=\"section_inner clearfix\"><div class='section_inner_margin clearfix'><div class=\"wpb_column vc_column_container vc_col-sm-12\"><div class=\"vc_column-inner\"><div class=\"wpb_wrapper\"><div class=\"vc_empty_space\"   style=\"height: 40px\"><span class=\"vc_empty_space_inner\"><\/span><\/div><\/div><\/div><\/div><\/div><\/div><\/div><div      class=\"vc_row wpb_row section  grid_section\" style=' text-align:left;'><div class=\"section_inner clearfix\"><div class='section_inner_margin clearfix'><div class=\"wpb_column vc_column_container vc_col-sm-6\"><div class=\"vc_column-inner\"><div class=\"wpb_wrapper\">\n\t<div class=\"wpb_text_column wpb_content_element\" >\n\t\t<div class=\"wpb_wrapper\">\n\t\t\t<h2 style=\"text-align: left;\">Membres<\/h2>\n\n\t\t<\/div>\n\t<\/div>\n<div class=\"vc_empty_space\"   style=\"height: 40px\"><span class=\"vc_empty_space_inner\"><\/span><\/div><div class=\"ordered\"><\/p>\n<h5>Francisco Ferrer Cruz &#8211; <strong>Coordinador \/ Responsable de la Comissi\u00f3 de Formaci\u00f3<\/strong>.<\/h5>\n<p>&nbsp;<\/p>\n<h5><\/h5>\n<h5>Carmen Gonzalvo Oller<\/h5>\n<p>&nbsp;<\/p>\n<h5><\/h5>\n<h5>Iv\u00e1n O\u00f1a Gil<\/h5>\n<p>&nbsp;<\/p>\n<h5><\/h5>\n<h5>M\u00aa. Dolores Cohe\u00f1a Jim\u00e9nez<\/h5>\n<p>&nbsp;<\/p>\n<h5><\/h5>\n<h5>Purificaci\u00f3n Luna Gallardo<\/h5>\n<p>&nbsp;<\/p>\n<h5>Esther Prats Ferrer<\/h5>\n<p>&nbsp;<\/p>\n<h5><\/h5>\n<h5>Cristina Pascual Covas \u2013 Gesti\u00f3 Administrativa de l'\u00c0rea de Formaci\u00f3.<\/h5>\n<p><\/div><\/div><\/div><\/div><div class=\"wpb_column vc_column_container vc_col-sm-6\"><div class=\"vc_column-inner\"><div class=\"wpb_wrapper\"><\/div><\/div><\/div><\/div><\/div><\/div><div      class=\"vc_row wpb_row section\" style=' text-align:left;'><div class=\"clearfix\"><div class=\"wpb_column vc_column_container vc_col-sm-12\"><div class=\"vc_column-inner\"><div class=\"wpb_wrapper\"><div class=\"vc_empty_space\"   style=\"height: 60px\"><span class=\"vc_empty_space_inner\"><\/span><\/div><\/div><\/div><\/div><\/div><\/div><div      class=\"vc_row wpb_row section  grid_section\" style=' text-align:left;'><div class=\"section_inner clearfix\"><div class='section_inner_margin clearfix'><div class=\"wpb_column vc_column_container vc_col-sm-12\"><div class=\"vc_column-inner\"><div class=\"wpb_wrapper\">\n\t<div class=\"wpb_text_column wpb_content_element\" >\n\t\t<div class=\"wpb_wrapper\">\n\t\t\t<h2>Informaci\u00f3 addicional<\/h2>\n\n\t\t<\/div>\n\t<\/div>\n<div class=\"vc_empty_space\"   style=\"height: 40px\"><span class=\"vc_empty_space_inner\"><\/span><\/div><div class='latest_post_holder image_in_box'><ul><li class=\"clearfix\"><div class=\"latest_post\"><div class=\"latest_post_image clearfix\"><img decoding=\"async\" src=\"https:\/\/infermeriabalear.com\/wp-content\/uploads\/2021\/10\/Comision-formacion-150x150.jpeg\" alt=\"\" \/><\/div><div class=\"latest_post_text\"><div class=\"latest_post_inner\"><div class=\"latest_post_text_inner\"><h5 class=\"latest_post_title\"><a href=\"https:\/\/infermeriabalear.com\/ca\/2021\/10\/22\/en-preparacion-nueva-oferta-formativa-2022\/\">La Comissi\u00f3 de Formaci\u00f3 del COIBA prepara l\u2019oferta de cursos per al 2022<\/a><\/h5><span class=\"post_infos\"><span class=\"date_hour_holder\"><i class=\"fa fa-calendar-o\"><\/i><span class=\"date\">22 octubre, 2021<\/span><\/span><\/span><\/div><\/div><\/div><\/div><li class=\"clearfix\"><div class=\"latest_post\"><div class=\"latest_post_image clearfix\"><img decoding=\"async\" src=\"https:\/\/infermeriabalear.com\/wp-content\/uploads\/2021\/08\/XFerrer-990892826-e1628756095132-150x150.jpg\" alt=\"\" \/><\/div><div class=\"latest_post_text\"><div class=\"latest_post_inner\"><div class=\"latest_post_text_inner\"><h5 class=\"latest_post_title\"><a href=\"https:\/\/infermeriabalear.com\/ca\/2021\/02\/03\/entrevista-a-xisco-ferrer-responsable-de-la-comision-de-formacion-del-coiba-sobre-el-curso-como-ventilar-espacios-cerrados-para-prevenir-la-infeccion-por-coronavirus\/\">Entrevista a Xisco Ferrer, responsable de la Comissi\u00f3 de Formaci\u00f3 del COIBA, sobre el curs \u00abCom ventilar espais tancats per prevenir la infecci\u00f3 per coronavirus\u00bb<\/a><\/h5><span class=\"post_infos\"><span class=\"date_hour_holder\"><i class=\"fa fa-calendar-o\"><\/i><span class=\"date\">03 febrer, 2021<\/span><\/span><\/span><\/div><\/div><\/div><\/div><\/ul><\/div><\/div><\/div><\/div><\/div><\/div><\/div><div      class=\"vc_row wpb_row section\" style=' text-align:left;'><div class=\"clearfix\"><div class=\"wpb_column vc_column_container vc_col-sm-12\"><div class=\"vc_column-inner\"><div class=\"wpb_wrapper\"><div class=\"vc_empty_space\"   style=\"height: 50px\"><span class=\"vc_empty_space_inner\"><\/span><\/div><\/div><\/div><\/div><\/div><\/div>\n<\/div>","protected":false},"excerpt":{"rendered":"El curso, gratuito y dirigido a toda la ciudadan\u00eda, da comienzo el d\u00eda 15 de febrero. Puedes acceder a la...","protected":false},"author":9,"featured_media":0,"parent":0,"menu_order":0,"comment_status":"closed","ping_status":"closed","template":"full_width.php","meta":{"footnotes":""},"class_list":["post-15694","page","type-page","status-publish","hentry"],"_links":{"self":[{"href":"https:\/\/infermeriabalear.com\/ca\/wp-json\/wp\/v2\/pages\/15694","targetHints":{"allow":["GET"]}}],"collection":[{"href":"https:\/\/infermeriabalear.com\/ca\/wp-json\/wp\/v2\/pages"}],"about":[{"href":"https:\/\/infermeriabalear.com\/ca\/wp-json\/wp\/v2\/types\/page"}],"author":[{"embeddable":true,"href":"https:\/\/infermeriabalear.com\/ca\/wp-json\/wp\/v2\/users\/9"}],"replies":[{"embeddable":true,"href":"https:\/\/infermeriabalear.com\/ca\/wp-json\/wp\/v2\/comments?post=15694"}],"version-history":[{"count":7,"href":"https:\/\/infermeriabalear.com\/ca\/wp-json\/wp\/v2\/pages\/15694\/revisions"}],"predecessor-version":[{"id":40799,"href":"https:\/\/infermeriabalear.com\/ca\/wp-json\/wp\/v2\/pages\/15694\/revisions\/40799"}],"wp:attachment":[{"href":"https:\/\/infermeriabalear.com\/ca\/wp-json\/wp\/v2\/media?parent=15694"}],"curies":[{"name":"wp","href":"https:\/\/api.w.org\/{rel}","templated":true}]}}