{"id":15696,"date":"2021-04-15T10:47:23","date_gmt":"2021-04-15T09:47:23","guid":{"rendered":"https:\/\/infermeriabalear.com\/?page_id=15696"},"modified":"2025-07-28T12:44:27","modified_gmt":"2025-07-28T10:44:27","slug":"comision-persones-grans","status":"publish","type":"page","link":"https:\/\/infermeriabalear.com\/ca\/comision-persones-grans\/","title":{"rendered":"Comissi\u00f3 Cures a Persones Grans"},"content":{"rendered":"<div class=\"wpb-content-wrapper\"><div      class=\"vc_row wpb_row section  grid_section\" style=' text-align:left;'><div class=\"section_inner clearfix\"><div class='section_inner_margin clearfix'><div class=\"wpb_column vc_column_container vc_col-sm-12\"><div class=\"vc_column-inner\"><div class=\"wpb_wrapper\"><div class=\"vc_empty_space\"   style=\"height: 40px\"><span class=\"vc_empty_space_inner\"><\/span><\/div><blockquote class='with_quote_icon' style=''><i class='fa fa-quote-right pull-left' style='color: #54575a;'><\/i><h5 class='blockquote-text' style='color: #1ecad3;'>La Comissi\u00f3 de Cures a Persones Grans neix amb la voluntat de garantir i promocionar unes cures de qualitat a les persones d'edat, donant visibilitat al treball de les infermeres que es dediquen a l'atenci\u00f3 d'aquestes persones a qualsevol \u00e0mbit.<\/h5><\/blockquote><div class=\"vc_empty_space\"   style=\"height: 32px\"><span class=\"vc_empty_space_inner\"><\/span><\/div><\/div><\/div><\/div><\/div><\/div><\/div><div      class=\"vc_row wpb_row section  grid_section\" style=' text-align:left;'><div class=\"section_inner clearfix\"><div class='section_inner_margin clearfix'><div class=\"wpb_column vc_column_container vc_col-sm-6\"><div class=\"vc_column-inner\"><div class=\"wpb_wrapper\">\n\t<div class=\"wpb_text_column wpb_content_element\" >\n\t\t<div class=\"wpb_wrapper\">\n\t\t\t<h2>Objectius:<\/h2>\n<p>&nbsp;<\/p>\n<ul>\n<li>Promoure un model d\u2019atenci\u00f3 a les persones majors centrat en la persona, respectant les seves prioritats i la seva capacitat de decisi\u00f3, tenint en compte la seva hist\u00f2ria de vida, els seus valors i prefer\u00e8ncies, i defensant la seva autonomia.<\/li>\n<li>Con\u00e8ixer la realitat i visi\u00f3 de la professi\u00f3 infermera a les nostres Illes en els diferents \u00e0mbits assistencials que tenen a veure amb la geriatria.<\/li>\n<li>Donar visibilitat a les infermeres que fan feina en l\u2019\u00e0mbit de la geriatria, desmitificant aquells aspectes negatius que l\u2019envolten i fent-la atractiva i engrescadora.<\/li>\n<li>Fomentar activitats formatives i\/o divulgatives d\u2019inter\u00e8s relacionades amb la geriatria tant per a infermeres com per a persones majors i el seu entorn cuidador.<\/li>\n<li>Col\u00b7laborar i participar en activitats de recerca relacionades amb la geriatria per tal de potenciar la investigaci\u00f3 cient\u00edfica en aquest \u00e0mbit.<\/li>\n<li>Defensar les condicions laborals de les infermeres que es dediquen a la geriatria, incloent-hi les ratios de personal i tamb\u00e9 els aspectes organitzatius i estructurals.<\/li>\n<li>Promoure la import\u00e0ncia de la infermera geri\u00e0trica en el lideratge i gesti\u00f3 de centres, resid\u00e8ncies i entorns o programes pol\u00edtics als quals les persones majors siguin el centre de l\u2019atenci\u00f3 i les cures.<\/li>\n<li>Col\u00b7laborar conjuntament amb altres entitats per desenvolupar totes aquelles activitats que estiguin relacionades amb l\u2019\u00e0mbit de la geriatria.<\/li>\n<li>Afavorir la integraci\u00f3 i coordinaci\u00f3 entre les diferents administracions que tenen compet\u00e8ncies en l'atenci\u00f3 a les persones grans, amb l'objectiu d'aconseguir l\u00ednies estrat\u00e8giques comunes.<\/li>\n<\/ul>\n\n\t\t<\/div>\n\t<\/div>\n<div class=\"vc_empty_space\"   style=\"height: 30px\"><span class=\"vc_empty_space_inner\"><\/span><\/div><\/div><\/div><\/div><div class=\"wpb_column vc_column_container vc_col-sm-6\"><div class=\"vc_column-inner\"><div class=\"wpb_wrapper\"><div class=\"vc_empty_space\"   style=\"height: 35px\"><span class=\"vc_empty_space_inner\"><\/span><\/div><div class=\"image_with_text\"><img decoding=\"async\" src=\"\" alt=\"\" \/><h3 ><\/h3><span style=\"margin: 6px 0px;\" class=\"separator transparent\"><\/span><\/p>\n<p style=\"text-align: right;\"><a title=\"false\" href=\"https:\/\/infermeriabalear.com\/es\/denuncia-majors\/\" target=\"_blank\" rel=\"noopener\"><img loading=\"lazy\" decoding=\"async\" class=\"alignright wp-image-28842\" src=\"https:\/\/infermeriabalear.com\/wp-content\/uploads\/2022\/06\/2.png\" alt=\"\" width=\"445\" height=\"445\" srcset=\"https:\/\/infermeriabalear.com\/wp-content\/uploads\/2022\/06\/2.png 1080w, https:\/\/infermeriabalear.com\/wp-content\/uploads\/2022\/06\/2-300x300.png 300w, https:\/\/infermeriabalear.com\/wp-content\/uploads\/2022\/06\/2-150x150.png 150w, https:\/\/infermeriabalear.com\/wp-content\/uploads\/2022\/06\/2-768x768.png 768w, https:\/\/infermeriabalear.com\/wp-content\/uploads\/2022\/06\/2-12x12.png 12w, https:\/\/infermeriabalear.com\/wp-content\/uploads\/2022\/06\/2-650x650.png 650w\" sizes=\"auto, (max-width: 445px) 100vw, 445px\" \/><\/a><\/p>\n<p><\/div><\/div><\/div><\/div><\/div><\/div><\/div><div      class=\"vc_row wpb_row section  grid_section\" style=' text-align:left;'><div class=\"section_inner clearfix\"><div class='section_inner_margin clearfix'><div class=\"wpb_column vc_column_container vc_col-sm-12\"><div class=\"vc_column-inner\"><div class=\"wpb_wrapper\"><div class=\"vc_empty_space\"   style=\"height: 40px\"><span class=\"vc_empty_space_inner\"><\/span><\/div><\/div><\/div><\/div><\/div><\/div><\/div><div      class=\"vc_row wpb_row section  grid_section\" style=' text-align:left;'><div class=\"section_inner clearfix\"><div class='section_inner_margin clearfix'><div class=\"wpb_column vc_column_container vc_col-sm-4\"><div class=\"vc_column-inner\"><div class=\"wpb_wrapper\">\n\t<div class=\"wpb_text_column wpb_content_element\" >\n\t\t<div class=\"wpb_wrapper\">\n\t\t\t<h2 style=\"text-align: left;\">Membres<\/h2>\n\n\t\t<\/div>\n\t<\/div>\n<div class=\"vc_empty_space\"   style=\"height: 40px\"><span class=\"vc_empty_space_inner\"><\/span><\/div><div class=\"ordered\"><\/p>\n<h5>Silvia Garc\u00eda Castro &#8211; <strong>Coordinadora<\/strong><\/h5>\n<p>&nbsp;<\/p>\n<h5>Mar\u00eda Isabel Bujosa Taylor<\/h5>\n<p>&nbsp;<\/p>\n<h5>Alba Loreto Carrero Planells<\/h5>\n<p>&nbsp;<\/p>\n<h5>Isabel Mar\u00eda Camps Bosch<\/h5>\n<p>&nbsp;<\/p>\n<h5>Rosario Serra Soler<\/h5>\n<p>&nbsp;<\/p>\n<h5>Mar\u00eda Carmen P\u00e9rez Blasco<\/h5>\n<p>&nbsp;<\/p>\n<h5>Estefan\u00eda Catalina Seco Talledo<\/h5>\n<p>&nbsp;<\/p>\n<h5>Mar\u00eda Vi\u00f1a Garc\u00eda-Bericua<\/h5>\n<p>&nbsp;<\/p>\n<h5>Mar\u00eda Jos\u00e9 Mu\u00f1os Frutos<\/h5>\n<p>&nbsp;<\/p>\n<h5><\/h5>\n<h5><\/h5>\n<p><\/div><\/div><\/div><\/div><div class=\"wpb_column vc_column_container vc_col-sm-4\"><div class=\"vc_column-inner\"><div class=\"wpb_wrapper\"><div class=\"vc_empty_space\"   style=\"height: 40px\"><span class=\"vc_empty_space_inner\"><\/span><\/div><div class=\"vc_empty_space\"   style=\"height: 40px\"><span class=\"vc_empty_space_inner\"><\/span><\/div><div class=\"ordered\"><\/p>\n<h5>Carlos Serrano Jurado<\/h5>\n<p>&nbsp;<\/p>\n<h5>Jefferson David Boned G\u00f3mez<\/h5>\n<p>&nbsp;<\/p>\n<h5>Carmen Moreno Hoyos<\/h5>\n<p>&nbsp;<\/p>\n<h5>Rosa Mar\u00eda Adrover Barcel\u00f3<\/h5>\n<p>&nbsp;<\/p>\n<h5>F\u00e1tima Par\u00eds Fern\u00e1ndez<\/h5>\n<p>&nbsp;<\/p>\n<h5>Estefan\u00eda Garc\u00eda Villegas<\/h5>\n<p>&nbsp;<\/p>\n<h5>Francisca Pozo Rodr\u00edguez<\/h5>\n<p>&nbsp;<\/p>\n<h5><\/h5>\n<h5>Rosa Mar\u00eda Garc\u00eda Garc\u00eda<\/h5>\n<p>&nbsp;<\/p>\n<h5><\/h5>\n<h5>Analy Roca Romero<\/h5>\n<p><\/div><\/div><\/div><\/div><div class=\"wpb_column vc_column_container vc_col-sm-4\"><div class=\"vc_column-inner\"><div class=\"wpb_wrapper\">\n\t<div class=\"wpb_text_column wpb_content_element\" >\n\t\t<div class=\"wpb_wrapper\">\n\t\t\t<h2 style=\"text-align: center;\">Enlla\u00e7os d'inter\u00e8s<\/h2>\n\n\t\t<\/div>\n\t<\/div>\n<div class=\"vc_empty_space\"   style=\"height: 40px\"><span class=\"vc_empty_space_inner\"><\/span><\/div>\n\t<div class=\"q_accordion_holder clearfix wpb_content_element accordion with_icon  not-column-inherit\" data-active-tab=\"false\" data-collapsible=\"yes\">\n\t\t\t\n\t\t\t\t<h5 class=\"clearfix title-holder\" style=\"\"><span class=\"icon-wrapper\"><i class=\"fa fa-laptop\" style=\"color: ;\"><\/i><\/span><span class=\"accordion_mark left_mark\"><span class=\"accordion_mark_icon\"><\/span><\/span><span class=\"tab-title\">Associaci\u00f3 Balear d'Infermeria Geri\u00e0trica i Gerontol\u00f2gica (ABIGG)<\/span><span class=\"accordion_mark right_mark\"><span class=\"accordion_mark_icon\"><\/span><\/span><\/h5>\n\t\t\t\t<div  class=\"accordion_content\">\n\t\t\t<div class=\"accordion_content_inner\">\n\t\t\t\t\n\t<div class=\"wpb_text_column wpb_content_element\" >\n\t\t<div class=\"wpb_wrapper\">\n\t\t\t<p><a href=\"http:\/\/enfermerageriatria.com\/\" target=\"_blank\" rel=\"noopener\">P\u00e0gina web oficial d'ABIGG<\/a><\/p>\n\n\t\t<\/div>\n\t<\/div>\n\n\t\t\t<\/div>\n\t\t\t\t<\/div>\n\n\t\t\t\t<h5 class=\"clearfix title-holder\" style=\"\"><span class=\"icon-wrapper\"><i class=\"fa fa-laptop\" style=\"color: ;\"><\/i><\/span><span class=\"accordion_mark left_mark\"><span class=\"accordion_mark_icon\"><\/span><\/span><span class=\"tab-title\">Sociedad Espa\u00f1ola de Geriatr\u00eda y Gerontolog\u00eda<\/span><span class=\"accordion_mark right_mark\"><span class=\"accordion_mark_icon\"><\/span><\/span><\/h5>\n\t\t\t\t<div  class=\"accordion_content\">\n\t\t\t<div class=\"accordion_content_inner\">\n\t\t\t\t\n\t<div class=\"wpb_text_column wpb_content_element\" >\n\t\t<div class=\"wpb_wrapper\">\n\t\t\t<p><a href=\"https:\/\/www.segg.es\/\" target=\"_blank\" rel=\"noopener\">www.segg.es\/<\/a><\/p>\n\n\t\t<\/div>\n\t<\/div>\n\n\t\t\t<\/div>\n\t\t\t\t<\/div>\n\n\t\t\t\t<h5 class=\"clearfix title-holder\" style=\"\"><span class=\"icon-wrapper\"><i class=\"fa fa-paperclip\" style=\"color: ;\"><\/i><\/span><span class=\"accordion_mark left_mark\"><span class=\"accordion_mark_icon\"><\/span><\/span><span class=\"tab-title\">Guies i manuals<\/span><span class=\"accordion_mark right_mark\"><span class=\"accordion_mark_icon\"><\/span><\/span><\/h5>\n\t\t\t\t<div  class=\"accordion_content\">\n\t\t\t<div class=\"accordion_content_inner\">\n\t\t\t\t\n\t<div class=\"wpb_text_column wpb_content_element\" >\n\t\t<div class=\"wpb_wrapper\">\n\t\t\t<ul>\n<li><a href=\"https:\/\/www.segg.es\/media\/descargas\/Acreditacion%20de%20Calidad%20SEGG\/CentrosDia\/ManualResidenteGeriatria-2.pdf\" target=\"_blank\" rel=\"noopener\">Manual del residente en Geriatr\u00eda (SEGG)<\/a><\/li>\n<\/ul>\n<p>&nbsp;<\/p>\n<ul>\n<li><a href=\"https:\/\/www.ibsalut.es\/apmallorca\/attachments\/article\/1521\/plan-cronicitat-es.pdf\" target=\"_blank\" rel=\"noopener\">Plan de atenci\u00f3n a las Personas con enfermedades cr\u00f3nicas 2016-2021 (Servei de Salut IB)<\/a><\/li>\n<\/ul>\n<p>&nbsp;<\/p>\n<ul>\n<li><a href=\"https:\/\/gneaupp.info\/wp-content\/uploads\/2018\/05\/guiaXbaleares.pdf\" target=\"_blank\" rel=\"noopener\">Prevenci\u00f3n y tratamiento de las \u00falceras por presi\u00f3n (Servei de Salut IB)<\/a><\/li>\n<\/ul>\n\n\t\t<\/div>\n\t<\/div>\n\n\t\t\t<\/div>\n\t\t\t\t<\/div>\n\n\t<\/div> <\/div><\/div><\/div><\/div><\/div><\/div><div      class=\"vc_row wpb_row section\" style=' text-align:left;'><div class=\"clearfix\"><div class=\"wpb_column vc_column_container vc_col-sm-12\"><div class=\"vc_column-inner\"><div class=\"wpb_wrapper\"><div class=\"vc_empty_space\"   style=\"height: 60px\"><span class=\"vc_empty_space_inner\"><\/span><\/div><\/div><\/div><\/div><\/div><\/div><div      class=\"vc_row wpb_row section  grid_section\" style=' text-align:left;'><div class=\"section_inner clearfix\"><div class='section_inner_margin clearfix'><div class=\"wpb_column vc_column_container vc_col-sm-12\"><div class=\"vc_column-inner\"><div class=\"wpb_wrapper\">\n\t<div class=\"wpb_text_column wpb_content_element\" >\n\t\t<div class=\"wpb_wrapper\">\n\t\t\t<h2>Activitat de la Comissi\u00f3<\/h2>\n\n\t\t<\/div>\n\t<\/div>\n<div class=\"vc_empty_space\"   style=\"height: 40px\"><span class=\"vc_empty_space_inner\"><\/span><\/div><div class='latest_post_holder image_in_box'><ul><li class=\"clearfix\"><div class=\"latest_post\"><div class=\"latest_post_image clearfix\"><img decoding=\"async\" src=\"https:\/\/infermeriabalear.com\/wp-content\/uploads\/2025\/10\/foto-xpo-e1759402686150-150x150.jpg\" alt=\"\" \/><\/div><div class=\"latest_post_text\"><div class=\"latest_post_inner\"><div class=\"latest_post_text_inner\"><h5 class=\"latest_post_title\"><a href=\"https:\/\/infermeriabalear.com\/ca\/2025\/10\/01\/la-residencia-sant-josep-de-palma-acoge-la-inauguracion-de-la-exposicion-cuidant-amb-art\/\">La Resid\u00e8ncia Sant Josep de Palma acull la inauguraci\u00f3 de l\u2019exposici\u00f3 \u201cCuidant amb Art\u201d<\/a><\/h5><span class=\"post_infos\"><span class=\"date_hour_holder\"><i class=\"fa fa-calendar-o\"><\/i><span class=\"date\">01 octubre, 2025<\/span><\/span><span class=\"latest-vert-separator\"> in<\/span> <a href=\"https:\/\/infermeriabalear.com\/ca\/category\/docus-geriatria\/\">docus-geriatr\u00eda <\/a>  <a href=\"https:\/\/infermeriabalear.com\/ca\/category\/eventos-coiba\/\">Esdeveniments COIBA <\/a>  <a href=\"https:\/\/infermeriabalear.com\/ca\/category\/noticias-destacadas-2columna\/\">Not\u00edcia destacada <\/a> <\/span><\/div><\/div><\/div><\/div><li class=\"clearfix\"><div class=\"latest_post\"><div class=\"latest_post_image clearfix\"><img decoding=\"async\" src=\"https:\/\/infermeriabalear.com\/wp-content\/uploads\/2025\/09\/cast-150x150.png\" alt=\"\" \/><\/div><div class=\"latest_post_text\"><div class=\"latest_post_inner\"><div class=\"latest_post_text_inner\"><h5 class=\"latest_post_title\"><a href=\"https:\/\/infermeriabalear.com\/ca\/2025\/09\/25\/inauguracion-de-la-exposicion-cuidando-con-arte-en-la-residencia-sant-josep-de-palma\/\">Inauguraci\u00f3 de l\u2019exposici\u00f3 \u201cCuidant amb Art\u201d a la Resid\u00e8ncia Sant Josep de Palma<\/a><\/h5><span class=\"post_infos\"><span class=\"date_hour_holder\"><i class=\"fa fa-calendar-o\"><\/i><span class=\"date\">25 setembre, 2025<\/span><\/span><span class=\"latest-vert-separator\"> in<\/span> <a href=\"https:\/\/infermeriabalear.com\/ca\/category\/docus-geriatria\/\">docus-geriatr\u00eda <\/a>  <a href=\"https:\/\/infermeriabalear.com\/ca\/category\/eventos-coiba\/\">Esdeveniments COIBA <\/a> <\/span><\/div><\/div><\/div><\/div><li class=\"clearfix\"><div class=\"latest_post\"><div class=\"latest_post_image clearfix\"><img decoding=\"async\" src=\"https:\/\/infermeriabalear.com\/wp-content\/uploads\/2025\/03\/CAST-15-150x150.png\" alt=\"\" \/><\/div><div class=\"latest_post_text\"><div class=\"latest_post_inner\"><div class=\"latest_post_text_inner\"><h5 class=\"latest_post_title\"><a href=\"https:\/\/infermeriabalear.com\/ca\/2025\/03\/06\/conferencia-analisis-de-situacion-y-alternativas-al-uso-de-sujeciones-hacia-un-modelo-de-cuidado-centrado-en-la-persona\/\">Confer\u00e8ncia: \u2018An\u00e0lisi de situaci\u00f3 i alternatives a l\u2019\u00fas de subjeccions: cap a un model de cura centrat en la persona\u2019<\/a><\/h5><span class=\"post_infos\"><span class=\"date_hour_holder\"><i class=\"fa fa-calendar-o\"><\/i><span class=\"date\">06 mar\u00e7, 2025<\/span><\/span><span class=\"latest-vert-separator\"> in<\/span> <a href=\"https:\/\/infermeriabalear.com\/ca\/category\/docus-geriatria\/\">docus-geriatr\u00eda <\/a>  <a href=\"https:\/\/infermeriabalear.com\/ca\/category\/eventos-coiba\/\">Esdeveniments COIBA <\/a>  <a href=\"https:\/\/infermeriabalear.com\/ca\/category\/noticias-destacadas-2columna\/\">Not\u00edcia destacada <\/a>  <a href=\"https:\/\/infermeriabalear.com\/ca\/category\/noticias\/\">Not\u00edcies <\/a> <\/span><\/div><\/div><\/div><\/div><li class=\"clearfix\"><div class=\"latest_post\"><div class=\"latest_post_image clearfix\"><img decoding=\"async\" src=\"https:\/\/infermeriabalear.com\/wp-content\/uploads\/2024\/09\/CAST-1-150x150.png\" alt=\"\" \/><\/div><div class=\"latest_post_text\"><div class=\"latest_post_inner\"><div class=\"latest_post_text_inner\"><h5 class=\"latest_post_title\"><a href=\"https:\/\/infermeriabalear.com\/ca\/2024\/09\/12\/la-comision-de-cuidados-a-personas-mayores-organiza-el-curso-reduccion-y-eliminacion-del-uso-de-sujeciones-en-personas-mayores-cuidar-sin-sujetar\/\">La Comissi\u00f3 de Cures a Persones Gran organitza el curs \u2018Reducci\u00f3 i eliminaci\u00f3 de l'\u00fas de subjeccions en persones majors. Cuidar sense subjectar\u2019<\/a><\/h5><span class=\"post_infos\"><span class=\"date_hour_holder\"><i class=\"fa fa-calendar-o\"><\/i><span class=\"date\">12 setembre, 2024<\/span><\/span><span class=\"latest-vert-separator\"> in<\/span> <a href=\"https:\/\/infermeriabalear.com\/ca\/category\/docus-geriatria\/\">docus-geriatr\u00eda <\/a>  <a href=\"https:\/\/infermeriabalear.com\/ca\/category\/eventos-coiba\/\">Esdeveniments COIBA <\/a>  <a href=\"https:\/\/infermeriabalear.com\/ca\/category\/noticias\/\">Not\u00edcies <\/a> <\/span><\/div><\/div><\/div><\/div><li class=\"clearfix\"><div class=\"latest_post\"><div class=\"latest_post_image clearfix\"><img decoding=\"async\" src=\"https:\/\/infermeriabalear.com\/wp-content\/uploads\/2024\/01\/Gent-Gran_CAST-150x150.png\" alt=\"\" \/><\/div><div class=\"latest_post_text\"><div class=\"latest_post_inner\"><div class=\"latest_post_text_inner\"><h5 class=\"latest_post_title\"><a href=\"https:\/\/infermeriabalear.com\/ca\/2024\/01\/31\/convocadas-nuevas-plazas-para-la-comision-de-cuidados-a-personas-mayores\/\">Convocades noves places per a la Comissi\u00f3 de Cures a Persones Gran: sol\u00b7licituds fins al 3 de mar\u00e7<\/a><\/h5><span class=\"post_infos\"><span class=\"date_hour_holder\"><i class=\"fa fa-calendar-o\"><\/i><span class=\"date\">31 gener, 2024<\/span><\/span><span class=\"latest-vert-separator\"> in<\/span> <a href=\"https:\/\/infermeriabalear.com\/ca\/category\/docus-geriatria\/\">docus-geriatr\u00eda <\/a>  <a href=\"https:\/\/infermeriabalear.com\/ca\/category\/noticias-destacadas-2columna\/\">Not\u00edcia destacada <\/a>  <a href=\"https:\/\/infermeriabalear.com\/ca\/category\/noticias\/\">Not\u00edcies <\/a> <\/span><\/div><\/div><\/div><\/div><li class=\"clearfix\"><div class=\"latest_post\"><div class=\"latest_post_image clearfix\"><img decoding=\"async\" src=\"https:\/\/infermeriabalear.com\/wp-content\/uploads\/2023\/10\/Som-grans-som-actius-Post-de-Twitter-150x150.png\" alt=\"\" \/><\/div><div class=\"latest_post_text\"><div class=\"latest_post_inner\"><div class=\"latest_post_text_inner\"><h5 class=\"latest_post_title\"><a href=\"https:\/\/infermeriabalear.com\/ca\/2023\/10\/02\/dia-personas-mayores-2023-vida-activa\/\">La vida activa i saludable, tamb\u00e9 \u00e9s cosa de les persones majors (V\u00eddeo Dia Internacional de les Persones Grans)<\/a><\/h5><span class=\"post_infos\"><span class=\"date_hour_holder\"><i class=\"fa fa-calendar-o\"><\/i><span class=\"date\">02 octubre, 2023<\/span><\/span><span class=\"latest-vert-separator\"> in<\/span> <a href=\"https:\/\/infermeriabalear.com\/ca\/category\/docus-geriatria\/\">docus-geriatr\u00eda <\/a>  <a href=\"https:\/\/infermeriabalear.com\/ca\/category\/noticias\/\">Not\u00edcies <\/a> <\/span><\/div><\/div><\/div><\/div><li class=\"clearfix\"><div class=\"latest_post\"><div class=\"latest_post_image clearfix\"><img decoding=\"async\" src=\"https:\/\/infermeriabalear.com\/wp-content\/uploads\/2023\/06\/CAST-1-portada-2-150x150.png\" alt=\"\" \/><\/div><div class=\"latest_post_text\"><div class=\"latest_post_inner\"><div class=\"latest_post_text_inner\"><h5 class=\"latest_post_title\"><a href=\"https:\/\/infermeriabalear.com\/ca\/2023\/06\/15\/el-coiba-edita-un-cartel-informativo-para-ayudar-a-entender-mejor-el-problema-del-maltrato-a-las-persones-mayores\/\">Suma't a donar visibilitat al problema de maltractament que sofreixen moltes persones grans (cartell informatiu)<\/a><\/h5><span class=\"post_infos\"><span class=\"date_hour_holder\"><i class=\"fa fa-calendar-o\"><\/i><span class=\"date\">15 juny, 2023<\/span><\/span><span class=\"latest-vert-separator\"> in<\/span> <a href=\"https:\/\/infermeriabalear.com\/ca\/category\/docus-geriatria\/\">docus-geriatr\u00eda <\/a>  <a href=\"https:\/\/infermeriabalear.com\/ca\/category\/noticias\/\">Not\u00edcies <\/a> <\/span><\/div><\/div><\/div><\/div><li class=\"clearfix\"><div class=\"latest_post\"><div class=\"latest_post_image clearfix\"><img decoding=\"async\" src=\"https:\/\/infermeriabalear.com\/wp-content\/uploads\/2022\/07\/IMAS-e1659956851370-150x150.jpeg\" alt=\"\" \/><\/div><div class=\"latest_post_text\"><div class=\"latest_post_inner\"><div class=\"latest_post_text_inner\"><h5 class=\"latest_post_title\"><a href=\"https:\/\/infermeriabalear.com\/ca\/2022\/07\/21\/coiba-imas-reunion-modelo-atencion-mayores-persona\/\">El COIBA i l\u2019IMAS es reuneixen per a tractar els avan\u00e7os necessaris cap a un model d'atenci\u00f3 als m\u00e9s majors centrat en la persona<\/a><\/h5><span class=\"post_infos\"><span class=\"date_hour_holder\"><i class=\"fa fa-calendar-o\"><\/i><span class=\"date\">21 juliol, 2022<\/span><\/span><span class=\"latest-vert-separator\"> in<\/span> <a href=\"https:\/\/infermeriabalear.com\/ca\/category\/docus-geriatria\/\">docus-geriatr\u00eda <\/a>  <a href=\"https:\/\/infermeriabalear.com\/ca\/category\/noticias\/\">Not\u00edcies <\/a> <\/span><\/div><\/div><\/div><\/div><li class=\"clearfix\"><div class=\"latest_post\"><div class=\"latest_post_image clearfix\"><img decoding=\"async\" src=\"https:\/\/infermeriabalear.com\/wp-content\/uploads\/2022\/06\/RdP-Dia-Mundial-Maltractament-Persones-Grans.-Rosario-Serra-coordinadora-de-la-Comissio-de-Cures-a-Persones-Grans-5-scaled-e1655369637407-150x150.jpg\" alt=\"\" \/><\/div><div class=\"latest_post_text\"><div class=\"latest_post_inner\"><div class=\"latest_post_text_inner\"><h5 class=\"latest_post_title\"><a href=\"https:\/\/infermeriabalear.com\/ca\/2022\/06\/14\/dia-mundial-maltrato-personas-mayores\/\">El COIBA destaca la sensibilitzaci\u00f3 com a eina clau per acabar amb el maltractament a les persones grans<\/a><\/h5><span class=\"post_infos\"><span class=\"date_hour_holder\"><i class=\"fa fa-calendar-o\"><\/i><span class=\"date\">14 juny, 2022<\/span><\/span><span class=\"latest-vert-separator\"> in<\/span> <a href=\"https:\/\/infermeriabalear.com\/ca\/category\/docus-geriatria\/\">docus-geriatr\u00eda <\/a>  <a href=\"https:\/\/infermeriabalear.com\/ca\/category\/noticias-destacadas-2columna\/\">Not\u00edcia destacada <\/a>  <a href=\"https:\/\/infermeriabalear.com\/ca\/category\/noticias\/\">Not\u00edcies <\/a> <\/span><\/div><\/div><\/div><\/div><li class=\"clearfix\"><div class=\"latest_post\"><div class=\"latest_post_image clearfix\"><img decoding=\"async\" src=\"https:\/\/infermeriabalear.com\/wp-content\/uploads\/2021\/11\/Video_CPM-150x150.jpg\" alt=\"\" \/><\/div><div class=\"latest_post_text\"><div class=\"latest_post_inner\"><div class=\"latest_post_text_inner\"><h5 class=\"latest_post_title\"><a href=\"https:\/\/infermeriabalear.com\/ca\/2021\/10\/11\/los-mayores-protagonistas-de-un-video-del-coiba-en-el-dia-internacional-de-las-personas-de-edad\/\">Les persones grans, protagonistes d'un v\u00eddeo del COIBA en \"Dia internacional de les persones d'edat\"<\/a><\/h5><span class=\"post_infos\"><span class=\"date_hour_holder\"><i class=\"fa fa-calendar-o\"><\/i><span class=\"date\">11 octubre, 2021<\/span><\/span><span class=\"latest-vert-separator\"> in<\/span> <a href=\"https:\/\/infermeriabalear.com\/ca\/category\/docus-geriatria\/\">docus-geriatr\u00eda <\/a>  <a href=\"https:\/\/infermeriabalear.com\/ca\/category\/noticias\/\">Not\u00edcies <\/a> <\/span><\/div><\/div><\/div><\/div><\/ul><\/div><\/div><\/div><\/div><\/div><\/div><\/div><div      class=\"vc_row wpb_row section\" style=' text-align:left;'><div class=\"clearfix\"><div class=\"wpb_column vc_column_container vc_col-sm-12\"><div class=\"vc_column-inner\"><div class=\"wpb_wrapper\"><div class=\"vc_empty_space\"   style=\"height: 50px\"><span class=\"vc_empty_space_inner\"><\/span><\/div><\/div><\/div><\/div><\/div><\/div>\n<\/div>","protected":false},"excerpt":{"rendered":"Fes clic en la imatge per visualitzar-la en millor resoluci\u00f3.","protected":false},"author":9,"featured_media":0,"parent":0,"menu_order":0,"comment_status":"closed","ping_status":"closed","template":"full_width.php","meta":{"footnotes":""},"class_list":["post-15696","page","type-page","status-publish","hentry"],"_links":{"self":[{"href":"https:\/\/infermeriabalear.com\/ca\/wp-json\/wp\/v2\/pages\/15696","targetHints":{"allow":["GET"]}}],"collection":[{"href":"https:\/\/infermeriabalear.com\/ca\/wp-json\/wp\/v2\/pages"}],"about":[{"href":"https:\/\/infermeriabalear.com\/ca\/wp-json\/wp\/v2\/types\/page"}],"author":[{"embeddable":true,"href":"https:\/\/infermeriabalear.com\/ca\/wp-json\/wp\/v2\/users\/9"}],"replies":[{"embeddable":true,"href":"https:\/\/infermeriabalear.com\/ca\/wp-json\/wp\/v2\/comments?post=15696"}],"version-history":[{"count":10,"href":"https:\/\/infermeriabalear.com\/ca\/wp-json\/wp\/v2\/pages\/15696\/revisions"}],"predecessor-version":[{"id":44372,"href":"https:\/\/infermeriabalear.com\/ca\/wp-json\/wp\/v2\/pages\/15696\/revisions\/44372"}],"wp:attachment":[{"href":"https:\/\/infermeriabalear.com\/ca\/wp-json\/wp\/v2\/media?parent=15696"}],"curies":[{"name":"wp","href":"https:\/\/api.w.org\/{rel}","templated":true}]}}