{"id":15699,"date":"2021-04-15T10:48:25","date_gmt":"2021-04-15T09:48:25","guid":{"rendered":"https:\/\/infermeriabalear.com\/?page_id=15699"},"modified":"2024-07-01T12:49:36","modified_gmt":"2024-07-01T10:49:36","slug":"comision-de-investigacion","status":"publish","type":"page","link":"https:\/\/infermeriabalear.com\/ca\/comision-de-investigacion\/","title":{"rendered":"Comissi\u00f3 de Recerca"},"content":{"rendered":"<div class=\"wpb-content-wrapper\"><div      class=\"vc_row wpb_row section  grid_section\" style=' text-align:left;'><div class=\"section_inner clearfix\"><div class='section_inner_margin clearfix'><div class=\"wpb_column vc_column_container vc_col-sm-12\"><div class=\"vc_column-inner\"><div class=\"wpb_wrapper\"><div class=\"vc_empty_space\"   style=\"height: 60px\"><span class=\"vc_empty_space_inner\"><\/span><\/div><blockquote class='with_quote_icon' style=''><i class='fa fa-quote-right pull-left' style='color: #54575a;'><\/i><h5 class='blockquote-text' style='color: #1ecad3;'>L'\u00c0rea de Recerca t\u00e9 com a missi\u00f3 contribuir a la formaci\u00f3 continuada en habilitats i compet\u00e8ncies investigadores, recolzant l'avan\u00e7 i la innovaci\u00f3 del coneixement infermer, aix\u00ed com treballar per a les infermeres perqu\u00e8 puguin constituir un col\u00b7lectiu potent en l'\u00e0mbit de la recerca i afavorir la transfer\u00e8ncia del coneixement i els resultats d\u2019investigaci\u00f3 en la millora de la seguretat cl\u00ednica dels pacients.<\/h5><\/blockquote><\/div><\/div><\/div><\/div><\/div><\/div><div      class=\"vc_row wpb_row section  grid_section\" style=' text-align:left;'><div class=\"section_inner clearfix\"><div class='section_inner_margin clearfix'><div class=\"wpb_column vc_column_container vc_col-sm-12\"><div class=\"vc_column-inner\"><div class=\"wpb_wrapper\"><div class=\"vc_empty_space\"   style=\"height: 30px\"><span class=\"vc_empty_space_inner\"><\/span><\/div>\n\t<div class=\"wpb_text_column wpb_content_element\" >\n\t\t<div class=\"wpb_wrapper\">\n\t\t\t<p>Des del COIBA s'inverteix en recerca a trav\u00e9s de les beques i premis per als col\u00b7legiats i col\u00b7legiades que el sol\u00b7licitin i compleixin amb els requisits de les convocat\u00f2ries.<\/p>\n<p>Les l\u00ednies 1, 2 i 3 proposades per al 2020 suposen una mirada interna a la professi\u00f3 infermera i als col\u00b7legiats. No obstant aix\u00f2, \u00e9s necessari que el Col\u00b7legi generi investigaci\u00f3 que mostri a la societat la utilitat dels professionals per a la seva salut i que visibilitzi com les infermeres s\u00f3n professionals que aporten intervencions cost-efectives en un context de crisi econ\u00f2mica.<\/p>\n<p>L'objectiu \u00e9s buscar quins missatges s\u00f3n claus per a visibilitzar els resultats generats per la recerca infermera per a poder transmetre a la societat<\/p>\n<p>&nbsp;<\/p>\n<p>&nbsp;<\/p>\n<h2>Objectius:<\/h2>\n<p>&nbsp;<\/p>\n<ul>\n<li>Contribuir a la formaci\u00f3 cont\u00ednua en habilitats i compet\u00e8ncies investigadores, donant suport a l'avan\u00e7 i la innovaci\u00f3 del coneixement infermer.<\/li>\n<li>Treballar per a les infermeres perqu\u00e8 puguem constituir un col\u00b7lectiu potent en l'\u00e0mbit de la recerca.<\/li>\n<li>Afavorir la transfer\u00e8ncia del coneixement i els resultats de recerca en la millora de la seguretat cl\u00ednica dels pacients.<\/li>\n<\/ul>\n\n\t\t<\/div>\n\t<\/div>\n<\/div><\/div><\/div><\/div><\/div><\/div><div      class=\"vc_row wpb_row section  grid_section\" style=' text-align:left;'><div class=\"section_inner clearfix\"><div class='section_inner_margin clearfix'><div class=\"wpb_column vc_column_container vc_col-sm-12\"><div class=\"vc_column-inner\"><div class=\"wpb_wrapper\"><div class=\"vc_empty_space\"   style=\"height: 60px\"><span class=\"vc_empty_space_inner\"><\/span><\/div><\/div><\/div><\/div><\/div><\/div><\/div><div      class=\"vc_row wpb_row section  grid_section\" style=' text-align:left;'><div class=\"section_inner clearfix\"><div class='section_inner_margin clearfix'><div class=\"wpb_column vc_column_container vc_col-sm-6\"><div class=\"vc_column-inner\"><div class=\"wpb_wrapper\">\n\t<div class=\"wpb_text_column wpb_content_element\" >\n\t\t<div class=\"wpb_wrapper\">\n\t\t\t<h2 style=\"text-align: left;\">Membres<\/h2>\n\n\t\t<\/div>\n\t<\/div>\n<div class=\"vc_empty_space\"   style=\"height: 40px\"><span class=\"vc_empty_space_inner\"><\/span><\/div><div class=\"ordered\"><\/p>\n<h5>Noem\u00ed Sans\u00f3 Mart\u00ednez &#8211; <strong>Coordinadora \/ Responsable la Comissi\u00f3<\/strong><\/h5>\n<p>&nbsp;<\/p>\n<h5>Francisco Jos\u00e9 Cereceda S\u00e1nchez<\/h5>\n<p>&nbsp;<\/p>\n<h5>Miquel Bennasar Veny<\/h5>\n<p>&nbsp;<\/p>\n<h5>Araceli Navas Casillas<\/h5>\n<p>&nbsp;<\/p>\n<h5><span class=\"ui-provider a b c d e f g h i j k l m n o p q r s t u v w x y z ab ac ae af ag ah ai aj ak\" dir=\"ltr\">Raquel Sebasti\u00e1n Hern\u00e1ndez<\/span><\/h5>\n<p>&nbsp;<\/p>\n<h5>Margarita Mart\u00ednez Andreu i Cristina Pascual Covas \u2013 Gesti\u00f3 Administrativa de l'\u00c0rea de Recerca<\/h5>\n<p>&nbsp;<\/p>\n<h5>Catalina Borr\u00e1s Esteo \u2013 Gesti\u00f3 del departament de Tresoreria i Comptabilitat per a l'\u00c0rea de Recerca.<\/h5>\n<p><\/div><\/div><\/div><\/div><div class=\"wpb_column vc_column_container vc_col-sm-6\"><div class=\"vc_column-inner\"><div class=\"wpb_wrapper\">\n\t<div class=\"wpb_text_column wpb_content_element\" >\n\t\t<div class=\"wpb_wrapper\">\n\t\t\t<h2 style=\"text-align: left;\">Enlla\u00e7os d'inter\u00e8s<\/h2>\n\n\t\t<\/div>\n\t<\/div>\n<div class=\"vc_empty_space\"   style=\"height: 40px\"><span class=\"vc_empty_space_inner\"><\/span><\/div>\n\t<div class=\"q_accordion_holder clearfix wpb_content_element accordion with_icon  not-column-inherit\" data-active-tab=\"false\" data-collapsible=\"yes\">\n\t\t\t\n\t\t\t\t<h5 class=\"clearfix title-holder\" style=\"\"><span class=\"icon-wrapper\"><i class=\"fa fa-paperclip\" style=\"color: ;\"><\/i><\/span><span class=\"accordion_mark left_mark\"><span class=\"accordion_mark_icon\"><\/span><\/span><span class=\"tab-title\">- Secci\u00f3 en construcci\u00f3 -<\/span><span class=\"accordion_mark right_mark\"><span class=\"accordion_mark_icon\"><\/span><\/span><\/h5>\n\t\t\t\t<div  class=\"accordion_content\">\n\t\t\t<div class=\"accordion_content_inner\">\n\t\t\t\t\n\t<div class=\"wpb_text_column wpb_content_element\" >\n\t\t<div class=\"wpb_wrapper\">\n\t\t\t<p>Texto texto<\/p>\n\n\t\t<\/div>\n\t<\/div>\n\n\t\t\t<\/div>\n\t\t\t\t<\/div>\n\n\t<\/div> <\/div><\/div><\/div><\/div><\/div><\/div><div      class=\"vc_row wpb_row section  grid_section\" style=' text-align:left;'><div class=\"section_inner clearfix\"><div class='section_inner_margin clearfix'><div class=\"wpb_column vc_column_container vc_col-sm-12\"><div class=\"vc_column-inner\"><div class=\"wpb_wrapper\"><div class=\"vc_empty_space\"   style=\"height: 60px\"><span class=\"vc_empty_space_inner\"><\/span><\/div>\n\t<div class=\"wpb_text_column wpb_content_element\" >\n\t\t<div class=\"wpb_wrapper\">\n\t\t\t<h2>Informaci\u00f3 addicional<\/h2>\n\n\t\t<\/div>\n\t<\/div>\n<div class=\"vc_empty_space\"   style=\"height: 32px\"><span class=\"vc_empty_space_inner\"><\/span><\/div><\/div><\/div><\/div><\/div><\/div><\/div><div      class=\"vc_row wpb_row section  grid_section\" style=' text-align:left;'><div class=\"section_inner clearfix\"><div class='section_inner_margin clearfix'><div class=\"wpb_column vc_column_container vc_col-sm-12\"><div class=\"vc_column-inner\"><div class=\"wpb_wrapper\"><div class='latest_post_holder image_in_box'><ul><li class=\"clearfix\"><div class=\"latest_post\"><div class=\"latest_post_image clearfix\"><img decoding=\"async\" src=\"https:\/\/infermeriabalear.com\/wp-content\/uploads\/2025\/04\/Miquel-Bennasar-Miguel-Angel-Bedmar-i-Noemi-Sanso-150x150.png\" alt=\"\" \/><\/div><div class=\"latest_post_text\"><div class=\"latest_post_inner\"><div class=\"latest_post_text_inner\"><h5 class=\"latest_post_title\"><a href=\"https:\/\/infermeriabalear.com\/ca\/2025\/04\/15\/el-acceso-a-la-vivienda-es-determinante-para-mejorar-la-salud-de-las-personas-sin-hogar-2\/\">L'acc\u00e9s a l\u2019habitatge \u00e9s determinant per millorar la salut de les persones sense llar<\/a><\/h5><span class=\"post_infos\"><span class=\"date_hour_holder\"><i class=\"fa fa-calendar-o\"><\/i><span class=\"date\">15 abril, 2025<\/span><\/span><span class=\"latest-vert-separator\"> in<\/span> <a href=\"https:\/\/infermeriabalear.com\/ca\/category\/docus-investigacion\/\">docus-investigaci\u00f3n <\/a>  <a href=\"https:\/\/infermeriabalear.com\/ca\/category\/noticias-destacadas-2columna\/\">Not\u00edcia destacada <\/a>  <a href=\"https:\/\/infermeriabalear.com\/ca\/category\/noticias\/\">Not\u00edcies <\/a> <\/span><\/div><\/div><\/div><\/div><li class=\"clearfix\"><div class=\"latest_post\"><div class=\"latest_post_image clearfix\"><img decoding=\"async\" src=\"https:\/\/infermeriabalear.com\/wp-content\/uploads\/2021\/12\/doctorado-salud-global--150x150.png\" alt=\"\" \/><\/div><div class=\"latest_post_text\"><div class=\"latest_post_inner\"><div class=\"latest_post_text_inner\"><h5 class=\"latest_post_title\"><a href=\"https:\/\/infermeriabalear.com\/ca\/2021\/12\/23\/el-coiba-y-la-uib-lanzan-la-beca-predoctoral-florence-nightingale-con-el-objetivo-de-promover-la-investigacion-enfermera\/\">El COIBA i la UIB llancen la beca predoctoral Florence Nightingale amb l\u2019objectiu de promoure la recerca infermera<\/a><\/h5><span class=\"post_infos\"><span class=\"date_hour_holder\"><i class=\"fa fa-calendar-o\"><\/i><span class=\"date\">23 desembre, 2021<\/span><\/span><span class=\"latest-vert-separator\"> in<\/span> <a href=\"https:\/\/infermeriabalear.com\/ca\/category\/docus-investigacion\/\">docus-investigaci\u00f3n <\/a>  <a href=\"https:\/\/infermeriabalear.com\/ca\/category\/noticias-destacadas-2columna\/\">Not\u00edcia destacada <\/a>  <a href=\"https:\/\/infermeriabalear.com\/ca\/category\/noticias\/\">Not\u00edcies <\/a> <\/span><\/div><\/div><\/div><\/div><li class=\"clearfix\"><div class=\"latest_post\"><div class=\"latest_post_image clearfix\"><img decoding=\"async\" src=\"https:\/\/infermeriabalear.com\/wp-content\/uploads\/2021\/08\/investigacio-13-e1628771131704-150x150.jpg\" alt=\"\" \/><\/div><div class=\"latest_post_text\"><div class=\"latest_post_inner\"><div class=\"latest_post_text_inner\"><h5 class=\"latest_post_title\"><a href=\"https:\/\/infermeriabalear.com\/ca\/2021\/02\/10\/el-coiba-financia-con-40-000-euros-la-10a-convocatoria-de-ayudas-a-proyectos-de-investigacion\/\">El COIBA finan\u00e7a amb 40.000 euros la 10\u00aa convocat\u00f2ria d'ajudes a projectes de recerca<\/a><\/h5><span class=\"post_infos\"><span class=\"date_hour_holder\"><i class=\"fa fa-calendar-o\"><\/i><span class=\"date\">10 febrer, 2021<\/span><\/span><span class=\"latest-vert-separator\"> in<\/span> <a href=\"https:\/\/infermeriabalear.com\/ca\/category\/docus-investigacion\/\">docus-investigaci\u00f3n <\/a>  <a href=\"https:\/\/infermeriabalear.com\/ca\/category\/noticias-destacadas-2columna\/\">Not\u00edcia destacada <\/a> <\/span><\/div><\/div><\/div><\/div><\/ul><\/div><\/div><\/div><\/div><div class=\"wpb_column vc_column_container vc_col-sm-12\"><div class=\"vc_column-inner\"><div class=\"wpb_wrapper\"><div class=\"vc_empty_space\"   style=\"height: 40px\"><span class=\"vc_empty_space_inner\"><\/span><\/div><\/div><\/div><\/div><\/div><\/div><\/div>\n<\/div>","protected":false},"excerpt":{"rendered":"Ian Blanco, coordinador de la Comisi\u00f3n de Investigaci\u00f3n, explica las novedades del presupuesto de este a\u00f1o dedicado a enfermeras investigadoras....","protected":false},"author":9,"featured_media":0,"parent":0,"menu_order":0,"comment_status":"closed","ping_status":"closed","template":"full_width.php","meta":{"footnotes":""},"class_list":["post-15699","page","type-page","status-publish","hentry"],"_links":{"self":[{"href":"https:\/\/infermeriabalear.com\/ca\/wp-json\/wp\/v2\/pages\/15699","targetHints":{"allow":["GET"]}}],"collection":[{"href":"https:\/\/infermeriabalear.com\/ca\/wp-json\/wp\/v2\/pages"}],"about":[{"href":"https:\/\/infermeriabalear.com\/ca\/wp-json\/wp\/v2\/types\/page"}],"author":[{"embeddable":true,"href":"https:\/\/infermeriabalear.com\/ca\/wp-json\/wp\/v2\/users\/9"}],"replies":[{"embeddable":true,"href":"https:\/\/infermeriabalear.com\/ca\/wp-json\/wp\/v2\/comments?post=15699"}],"version-history":[{"count":5,"href":"https:\/\/infermeriabalear.com\/ca\/wp-json\/wp\/v2\/pages\/15699\/revisions"}],"predecessor-version":[{"id":39100,"href":"https:\/\/infermeriabalear.com\/ca\/wp-json\/wp\/v2\/pages\/15699\/revisions\/39100"}],"wp:attachment":[{"href":"https:\/\/infermeriabalear.com\/ca\/wp-json\/wp\/v2\/media?parent=15699"}],"curies":[{"name":"wp","href":"https:\/\/api.w.org\/{rel}","templated":true}]}}