{"id":15703,"date":"2021-04-15T10:49:56","date_gmt":"2021-04-15T09:49:56","guid":{"rendered":"https:\/\/infermeriabalear.com\/?page_id=15703"},"modified":"2024-01-31T12:00:35","modified_gmt":"2024-01-31T11:00:35","slug":"comision-matronas","status":"publish","type":"page","link":"https:\/\/infermeriabalear.com\/ca\/comision-matronas\/","title":{"rendered":"Comissi\u00f3 de Comares"},"content":{"rendered":"<div class=\"wpb-content-wrapper\"><div      class=\"vc_row wpb_row section  grid_section\" style=' text-align:left;'><div class=\"section_inner clearfix\"><div class='section_inner_margin clearfix'><div class=\"wpb_column vc_column_container vc_col-sm-12\"><div class=\"vc_column-inner\"><div class=\"wpb_wrapper\"><div class=\"vc_empty_space\"   style=\"height: 60px\"><span class=\"vc_empty_space_inner\"><\/span><\/div><blockquote class='with_quote_icon' style=''><i class='fa fa-quote-right pull-left' style='color: #54575a;'><\/i><h5 class='blockquote-text' style='color: #1ecad3;'>La Comissi\u00f3 de Comares es va constituir l\u2019any 2015 amb la voluntat de millorar la professi\u00f3 a la comunitat, aix\u00ed com donar les respostes que es plantegin en la pr\u00e0ctica di\u00e0ria.<\/h5><\/blockquote><div class=\"vc_empty_space\"   style=\"height: 60px\"><span class=\"vc_empty_space_inner\"><\/span><\/div><\/div><\/div><\/div><\/div><\/div><\/div><div      class=\"vc_row wpb_row section  grid_section\" style=' text-align:left;'><div class=\"section_inner clearfix\"><div class='section_inner_margin clearfix'><div class=\"wpb_column vc_column_container vc_col-sm-12\"><div class=\"vc_column-inner\"><div class=\"wpb_wrapper\">\n\t<div class=\"wpb_text_column wpb_content_element\" >\n\t\t<div class=\"wpb_wrapper\">\n\t\t\t<h2>Objectius:<\/h2>\n<p>&nbsp;<\/p>\n<ul>\n<li>Fomentar la comunicaci\u00f3 entre Atenci\u00f3 Prim\u00e0ria i Atenci\u00f3 Especialitzada a la Comunitat de les Illes Balears.<\/li>\n<li>Treballar l'informe DAFO de l'any 2014 i les seves estrat\u00e8gies.<\/li>\n<li>Reduir la variabilitat de la pr\u00e0ctica cl\u00ednica i crear documents de consens basant-nos en l'evid\u00e8ncia cient\u00edfica.<\/li>\n<li>Millorar el coneixement de la nostra professi\u00f3 per part de la societat i l'equip sanitari. Visibilitzaci\u00f3 de la nostra professi\u00f3.<\/li>\n<li>Promoure i justificar la necessitat de la comare en gesti\u00f3 per marcar l\u00ednies de treball per donar la millor qualitat assistencial.<\/li>\n<li>Donar resposta a problemes emergents de la professi\u00f3 a la comunitat de les Illes Balears.<\/li>\n<li>Formar un grup de suport i acompanyament al professional per reportar estrat\u00e8gies d'afrontament davant conflictes professionals.<\/li>\n<\/ul>\n\n\t\t<\/div>\n\t<\/div>\n<div class=\"vc_empty_space\"   style=\"height: 30px\"><span class=\"vc_empty_space_inner\"><\/span><\/div><\/div><\/div><\/div><\/div><\/div><\/div><div      class=\"vc_row wpb_row section  grid_section\" style=' text-align:left;'><div class=\"section_inner clearfix\"><div class='section_inner_margin clearfix'><div class=\"wpb_column vc_column_container vc_col-sm-12\"><div class=\"vc_column-inner\"><div class=\"wpb_wrapper\"><div class=\"vc_empty_space\"   style=\"height: 40px\"><span class=\"vc_empty_space_inner\"><\/span><\/div><\/div><\/div><\/div><\/div><\/div><\/div><div      class=\"vc_row wpb_row section  grid_section\" style=' text-align:left;'><div class=\"section_inner clearfix\"><div class='section_inner_margin clearfix'><div class=\"wpb_column vc_column_container vc_col-sm-6\"><div class=\"vc_column-inner\"><div class=\"wpb_wrapper\">\n\t<div class=\"wpb_text_column wpb_content_element\" >\n\t\t<div class=\"wpb_wrapper\">\n\t\t\t<h2 style=\"text-align: left;\">Membres<\/h2>\n\n\t\t<\/div>\n\t<\/div>\n<div class=\"vc_empty_space\"   style=\"height: 40px\"><span class=\"vc_empty_space_inner\"><\/span><\/div><div class=\"ordered\"><\/p>\n<h5>Maria Magdalena Juli\u00e0 Catal\u00e0 (coordinadora de la comissi\u00f3)<\/h5>\n<p>&nbsp;<\/p>\n<h5>Araceli Navas Casillas<\/h5>\n<p>&nbsp;<\/p>\n<h5>Margarita Navarro Mateu<\/h5>\n<p>&nbsp;<\/p>\n<h5>M\u00aa Isabel Sampedro \u00c1lvarez<\/h5>\n<p>&nbsp;<\/p>\n<h5>Cristina Mas S\u00e1nchez<\/h5>\n<p>&nbsp;<\/p>\n<h5>Juana Mar\u00eda Prieto Valle<\/h5>\n<p>&nbsp;<\/p>\n<h5>Yasmina March Segu\u00ed<\/h5>\n<p>&nbsp;<\/p>\n<h5>Catalina Cerd\u00e0 Montserrat<\/h5>\n<p>&nbsp;<\/p>\n<h5>Nieve Clara Matteazzi<\/h5>\n<p>&nbsp;<\/p>\n<h5>Francisca Riera Salom<\/h5>\n<p>&nbsp;<\/p>\n<h5>Jos\u00e9 Manuel Molina P\u00e9rez<\/h5>\n<p><\/div><\/div><\/div><\/div><div class=\"wpb_column vc_column_container vc_col-sm-6\"><div class=\"vc_column-inner\"><div class=\"wpb_wrapper\">\n\t<div class=\"wpb_text_column wpb_content_element\" >\n\t\t<div class=\"wpb_wrapper\">\n\t\t\t<h2 style=\"text-align: left;\">Enlla\u00e7os d'inter\u00e8s<\/h2>\n\n\t\t<\/div>\n\t<\/div>\n<div class=\"vc_empty_space\"   style=\"height: 40px\"><span class=\"vc_empty_space_inner\"><\/span><\/div>\n\t<div class=\"q_accordion_holder clearfix wpb_content_element accordion with_icon  not-column-inherit\" data-active-tab=\"false\" data-collapsible=\"yes\">\n\t\t\t\n\t\t\t\t<h5 class=\"clearfix title-holder\" style=\"\"><span class=\"icon-wrapper\"><i class=\"fa fa-laptop\" style=\"color: ;\"><\/i><\/span><span class=\"accordion_mark left_mark\"><span class=\"accordion_mark_icon\"><\/span><\/span><span class=\"tab-title\">Associaci\u00f3 Balear de Comares<\/span><span class=\"accordion_mark right_mark\"><span class=\"accordion_mark_icon\"><\/span><\/span><\/h5>\n\t\t\t\t<div  class=\"accordion_content\">\n\t\t\t<div class=\"accordion_content_inner\">\n\t\t\t\t\n\t<div class=\"wpb_text_column wpb_content_element\" >\n\t\t<div class=\"wpb_wrapper\">\n\t\t\t<p><a href=\"http:\/\/www.comaresdebalears.es\/\" target=\"_blank\" rel=\"noopener\">www.comaresdebalears.es<\/a><\/p>\n\n\t\t<\/div>\n\t<\/div>\n\n\t\t\t<\/div>\n\t\t\t\t<\/div>\n\n\t\t\t\t<h5 class=\"clearfix title-holder\" style=\"\"><span class=\"icon-wrapper\"><i class=\"fa fa-laptop\" style=\"color: ;\"><\/i><\/span><span class=\"accordion_mark left_mark\"><span class=\"accordion_mark_icon\"><\/span><\/span><span class=\"tab-title\">Associaci\u00f3 Naixen\u00e7a<\/span><span class=\"accordion_mark right_mark\"><span class=\"accordion_mark_icon\"><\/span><\/span><\/h5>\n\t\t\t\t<div  class=\"accordion_content\">\n\t\t\t<div class=\"accordion_content_inner\">\n\t\t\t\t\n\t<div class=\"wpb_text_column wpb_content_element\" >\n\t\t<div class=\"wpb_wrapper\">\n\t\t\t<p><a href=\"https:\/\/naixensa.wordpress.com\/\" target=\"_blank\" rel=\"noopener\">www.naixensa.wordpress.com\/<\/a><\/p>\n\n\t\t<\/div>\n\t<\/div>\n\n\t\t\t<\/div>\n\t\t\t\t<\/div>\n\n\t\t\t\t<h5 class=\"clearfix title-holder\" style=\"\"><span class=\"icon-wrapper\"><i class=\"fa fa-laptop\" style=\"color: ;\"><\/i><\/span><span class=\"accordion_mark left_mark\"><span class=\"accordion_mark_icon\"><\/span><\/span><span class=\"tab-title\">Asociaci\u00f3n Espa\u00f1ola de Matronas<\/span><span class=\"accordion_mark right_mark\"><span class=\"accordion_mark_icon\"><\/span><\/span><\/h5>\n\t\t\t\t<div  class=\"accordion_content\">\n\t\t\t<div class=\"accordion_content_inner\">\n\t\t\t\t\n\t<div class=\"wpb_text_column wpb_content_element\" >\n\t\t<div class=\"wpb_wrapper\">\n\t\t\t<p>Web oficial:<a href=\"https:\/\/aesmatronas.com\/\"> www.aesmatronas.com<\/a><\/p>\n<p>&nbsp;<\/p>\n<p>Butllet\u00ed informatiu: <a href=\"https:\/\/infermeriabalear.com\/wp-content\/uploads\/2023\/03\/INFOMARZO-2023.pdf\" target=\"_blank\" rel=\"noopener\">N\u00famero 77, mar\u00e7 de 2023.<\/a><\/p>\n\n\t\t<\/div>\n\t<\/div>\n\n\t\t\t<\/div>\n\t\t\t\t<\/div>\n\n\t\t\t\t<h5 class=\"clearfix title-holder\" style=\"\"><span class=\"icon-wrapper\"><i class=\"fa fa-laptop\" style=\"color: ;\"><\/i><\/span><span class=\"accordion_mark left_mark\"><span class=\"accordion_mark_icon\"><\/span><\/span><span class=\"tab-title\">Federaci\u00f3n de Asociaciones de Matronas de Espa\u00f1a (FAME)<\/span><span class=\"accordion_mark right_mark\"><span class=\"accordion_mark_icon\"><\/span><\/span><\/h5>\n\t\t\t\t<div  class=\"accordion_content\">\n\t\t\t<div class=\"accordion_content_inner\">\n\t\t\t\t\n\t<div class=\"wpb_text_column wpb_content_element\" >\n\t\t<div class=\"wpb_wrapper\">\n\t\t\t<p><a href=\"https:\/\/www.federacion-matronas.org\/\" target=\"_blank\" rel=\"noopener\">www.federacion-matronas.org\/<\/a><\/p>\n\n\t\t<\/div>\n\t<\/div>\n\n\t\t\t<\/div>\n\t\t\t\t<\/div>\n\n\t\t\t\t<h5 class=\"clearfix title-holder\" style=\"\"><span class=\"icon-wrapper\"><i class=\"fa fa-laptop\" style=\"color: ;\"><\/i><\/span><span class=\"accordion_mark left_mark\"><span class=\"accordion_mark_icon\"><\/span><\/span><span class=\"tab-title\">Sociedad Espa\u00f1ola de Ginecolog\u00eda y Obstetricia (SEGO)<\/span><span class=\"accordion_mark right_mark\"><span class=\"accordion_mark_icon\"><\/span><\/span><\/h5>\n\t\t\t\t<div  class=\"accordion_content\">\n\t\t\t<div class=\"accordion_content_inner\">\n\t\t\t\t\n\t<div class=\"wpb_text_column wpb_content_element\" >\n\t\t<div class=\"wpb_wrapper\">\n\t\t\t<p><a href=\"https:\/\/sego.es\/\" target=\"_blank\" rel=\"noopener\">www.sego.es<\/a><\/p>\n\n\t\t<\/div>\n\t<\/div>\n\n\t\t\t<\/div>\n\t\t\t\t<\/div>\n\n\t\t\t\t<h5 class=\"clearfix title-holder\" style=\"\"><span class=\"icon-wrapper\"><i class=\"fa fa-laptop\" style=\"color: ;\"><\/i><\/span><span class=\"accordion_mark left_mark\"><span class=\"accordion_mark_icon\"><\/span><\/span><span class=\"tab-title\">European Midwives Association (EMA)<\/span><span class=\"accordion_mark right_mark\"><span class=\"accordion_mark_icon\"><\/span><\/span><\/h5>\n\t\t\t\t<div  class=\"accordion_content\">\n\t\t\t<div class=\"accordion_content_inner\">\n\t\t\t\t\n\t<div class=\"wpb_text_column wpb_content_element\" >\n\t\t<div class=\"wpb_wrapper\">\n\t\t\t<p><a href=\"http:\/\/www.europeanmidwives.com\" target=\"_blank\" rel=\"noopener\">www.europeanmidwives.com<\/a><\/p>\n\n\t\t<\/div>\n\t<\/div>\n\n\t\t\t<\/div>\n\t\t\t\t<\/div>\n\n\t\t\t\t<h5 class=\"clearfix title-holder\" style=\"\"><span class=\"icon-wrapper\"><i class=\"fa fa-laptop\" style=\"color: ;\"><\/i><\/span><span class=\"accordion_mark left_mark\"><span class=\"accordion_mark_icon\"><\/span><\/span><span class=\"tab-title\">International Confederation of Midwives<\/span><span class=\"accordion_mark right_mark\"><span class=\"accordion_mark_icon\"><\/span><\/span><\/h5>\n\t\t\t\t<div  class=\"accordion_content\">\n\t\t\t<div class=\"accordion_content_inner\">\n\t\t\t\t\n\t<div class=\"wpb_text_column wpb_content_element\" >\n\t\t<div class=\"wpb_wrapper\">\n\t\t\t<p><a href=\"http:\/\/www.internationalmidwives.org\" target=\"_blank\" rel=\"noopener\">www.internationalmidwives.org<\/a><\/p>\n\n\t\t<\/div>\n\t<\/div>\n\n\t\t\t<\/div>\n\t\t\t\t<\/div>\n\n\t\t\t\t<h5 class=\"clearfix title-holder\" style=\"\"><span class=\"icon-wrapper\"><i class=\"fa fa-paperclip\" style=\"color: ;\"><\/i><\/span><span class=\"accordion_mark left_mark\"><span class=\"accordion_mark_icon\"><\/span><\/span><span class=\"tab-title\">Documents i guies OMS<\/span><span class=\"accordion_mark right_mark\"><span class=\"accordion_mark_icon\"><\/span><\/span><\/h5>\n\t\t\t\t<div  class=\"accordion_content\">\n\t\t\t<div class=\"accordion_content_inner\">\n\t\t\t\t\n\t<div class=\"wpb_text_column wpb_content_element\" >\n\t\t<div class=\"wpb_wrapper\">\n\t\t\t<ul>\n<li class=\"post_title_label\"><a href=\"https:\/\/apps.who.int\/iris\/bitstream\/handle\/10665\/344562\/9789240033863-eng.pdf\" target=\"_blank\" rel=\"noopener\">Organitzaci\u00f3 Mundial de la Salut: Orientacions estrat\u00e8giques mundials per a la infermeria i la parteria 2021-25 (document en angl\u00e8s)<\/a><\/li>\n<\/ul>\n<p>&nbsp;<\/p>\n<ul>\n<li><a href=\"https:\/\/infermeriabalear.com\/wp-content\/uploads\/2022\/01\/Estado-matronas-mundo.pdf\" target=\"_blank\" rel=\"noopener\">L'estat de les comares al m\u00f3n 2021<\/a><\/li>\n<\/ul>\n<p>&nbsp;<\/p>\n<ul>\n<li><a href=\"https:\/\/infermeriabalear.com\/wp-content\/uploads\/2022\/01\/Managing-complications.pdf\" target=\"_blank\" rel=\"noopener\">Maneig de complicacions en l'embar\u00e0s i el part: guia per a comares i ginec\u00f2legs (document en angl\u00e8s)<\/a><\/li>\n<\/ul>\n<p>&nbsp;<\/p>\n<ul>\n<li><a href=\"https:\/\/infermeriabalear.com\/wp-content\/uploads\/2022\/01\/prenatales.pdf\" target=\"_blank\" rel=\"noopener\">Recomanacions de l'OMS per a cures prenatals amb l'objectiu d'aconseguir una experi\u00e8ncia d'embar\u00e0s positiva (document en angl\u00e8s)<\/a><\/li>\n<\/ul>\n<p>&nbsp;<\/p>\n<ul>\n<li><a href=\"https:\/\/infermeriabalear.com\/wp-content\/uploads\/2022\/01\/Salud-sexual.pdf\" target=\"_blank\" rel=\"noopener\">La salut sexual i la seva relaci\u00f3 amb la salut reproductiva: un enfocament operatiu.<\/a><\/li>\n<\/ul>\n<p>&nbsp;<\/p>\n<div class=\"post_description\">\n<div class=\"post_description_left\"><\/div>\n<div class=\"post_description_right\"><\/div>\n<\/div>\n\n\t\t<\/div>\n\t<\/div>\n<div class=\"vc_empty_space\"   style=\"height: 32px\"><span class=\"vc_empty_space_inner\"><\/span><\/div>\n\t\t\t<\/div>\n\t\t\t\t<\/div>\n\n\t<\/div> <\/div><\/div><\/div><\/div><\/div><\/div><div      class=\"vc_row wpb_row section  grid_section\" style=' text-align:left;'><div class=\"section_inner clearfix\"><div class='section_inner_margin clearfix'><div class=\"wpb_column vc_column_container vc_col-sm-12\"><div class=\"vc_column-inner\"><div class=\"wpb_wrapper\"><div class=\"vc_empty_space\"   style=\"height: 60px\"><span class=\"vc_empty_space_inner\"><\/span><\/div>\n\t<div class=\"wpb_text_column wpb_content_element\" >\n\t\t<div class=\"wpb_wrapper\">\n\t\t\t<h2>Informaci\u00f3 addicional<\/h2>\n\n\t\t<\/div>\n\t<\/div>\n<div class=\"vc_empty_space\"   style=\"height: 40px\"><span class=\"vc_empty_space_inner\"><\/span><\/div><div class='latest_post_holder image_in_box'><ul><li class=\"clearfix\"><div class=\"latest_post\"><div class=\"latest_post_image clearfix\"><img decoding=\"async\" src=\"https:\/\/infermeriabalear.com\/wp-content\/uploads\/2025\/12\/Captura-de-pantalla-2025-12-11-130127-e1765454599655-150x150.png\" alt=\"\" \/><\/div><div class=\"latest_post_text\"><div class=\"latest_post_inner\"><div class=\"latest_post_text_inner\"><h5 class=\"latest_post_title\"><a href=\"https:\/\/infermeriabalear.com\/ca\/2025\/12\/11\/encuesta-societat-balear-danticoncepcio-sobre-como-los-padres-y-madres-sanitarios-tratan-temas-de-sexualidad-y-anticoncepcion\/\">Enquesta de la SBA sobre com els pares i mares sanitaris tracten temes de sexualitat i anticoncepci\u00f3<\/a><\/h5><span class=\"post_infos\"><span class=\"date_hour_holder\"><i class=\"fa fa-calendar-o\"><\/i><span class=\"date\">11 desembre, 2025<\/span><\/span><span class=\"latest-vert-separator\"> in<\/span> <a href=\"https:\/\/infermeriabalear.com\/ca\/category\/docus-matronas\/\">docus-matronas <\/a>  <a href=\"https:\/\/infermeriabalear.com\/ca\/category\/noticias-destacadas-2columna\/\">Not\u00edcia destacada <\/a> <\/span><\/div><\/div><\/div><\/div><li class=\"clearfix\"><div class=\"latest_post\"><div class=\"latest_post_image clearfix\"><img decoding=\"async\" src=\"https:\/\/infermeriabalear.com\/wp-content\/uploads\/2025\/09\/Cartell_CAST-150x150.png\" alt=\"\" \/><\/div><div class=\"latest_post_text\"><div class=\"latest_post_inner\"><div class=\"latest_post_text_inner\"><h5 class=\"latest_post_title\"><a href=\"https:\/\/infermeriabalear.com\/ca\/2025\/09\/23\/xi-jornada-lactancia\/\">XI Jornada Balear de Lact\u00e0ncia Materna, amb sessions simult\u00e0nies des de Mallorca, Menorca i Eivissa<\/a><\/h5><span class=\"post_infos\"><span class=\"date_hour_holder\"><i class=\"fa fa-calendar-o\"><\/i><span class=\"date\">23 setembre, 2025<\/span><\/span><span class=\"latest-vert-separator\"> in<\/span> <a href=\"https:\/\/infermeriabalear.com\/ca\/category\/docus-matronas\/\">docus-matronas <\/a>  <a href=\"https:\/\/infermeriabalear.com\/ca\/category\/eventos-coiba\/\">Esdeveniments COIBA <\/a>  <a href=\"https:\/\/infermeriabalear.com\/ca\/category\/noticias-destacadas-2columna\/\">Not\u00edcia destacada <\/a> <\/span><\/div><\/div><\/div><\/div><li class=\"clearfix\"><div class=\"latest_post\"><div class=\"latest_post_image clearfix\"><img decoding=\"async\" src=\"https:\/\/infermeriabalear.com\/wp-content\/uploads\/2024\/10\/IMG_1915-scaled-e1728389461103-150x150.jpg\" alt=\"\" \/><\/div><div class=\"latest_post_text\"><div class=\"latest_post_inner\"><div class=\"latest_post_text_inner\"><h5 class=\"latest_post_title\"><a href=\"https:\/\/infermeriabalear.com\/ca\/2024\/10\/08\/150-matronas-enfermeras-y-otros-profesionales-sanitarios-actualizan-sus-conocimientos-para-el-acompanamiento-y-fomento-de-la-lactancia\/\">150 comares, infermeres i altres professionals sanitaris actualitzen coneixements en l\u2019acompanyament i foment de la lact\u00e0ncia materna<\/a><\/h5><span class=\"post_infos\"><span class=\"date_hour_holder\"><i class=\"fa fa-calendar-o\"><\/i><span class=\"date\">08 octubre, 2024<\/span><\/span><span class=\"latest-vert-separator\"> in<\/span> <a href=\"https:\/\/infermeriabalear.com\/ca\/category\/docus-matronas\/\">docus-matronas <\/a>  <a href=\"https:\/\/infermeriabalear.com\/ca\/category\/eventos-coiba\/\">Esdeveniments COIBA <\/a>  <a href=\"https:\/\/infermeriabalear.com\/ca\/category\/noticias-destacadas-2columna\/\">Not\u00edcia destacada <\/a>  <a href=\"https:\/\/infermeriabalear.com\/ca\/category\/noticias\/\">Not\u00edcies <\/a> <\/span><\/div><\/div><\/div><\/div><li class=\"clearfix\"><div class=\"latest_post\"><div class=\"latest_post_image clearfix\"><img decoding=\"async\" src=\"https:\/\/infermeriabalear.com\/wp-content\/uploads\/2024\/09\/Cartell_TW_CAST-1-150x150.png\" alt=\"\" \/><\/div><div class=\"latest_post_text\"><div class=\"latest_post_inner\"><div class=\"latest_post_text_inner\"><h5 class=\"latest_post_title\"><a href=\"https:\/\/infermeriabalear.com\/ca\/2024\/09\/11\/x-jornada-balear-de-lactancia-materna-con-sesiones-simultaneas-desde-mallorca-menorca-e-ibiza\/\">X Jornada Balear de Lact\u00e0ncia Materna, amb sessions simult\u00e0nies des de Mallorca, Menorca i Eivissa<\/a><\/h5><span class=\"post_infos\"><span class=\"date_hour_holder\"><i class=\"fa fa-calendar-o\"><\/i><span class=\"date\">11 setembre, 2024<\/span><\/span><span class=\"latest-vert-separator\"> in<\/span> <a href=\"https:\/\/infermeriabalear.com\/ca\/category\/docus-matronas\/\">docus-matronas <\/a>  <a href=\"https:\/\/infermeriabalear.com\/ca\/category\/eventos-coiba\/\">Esdeveniments COIBA <\/a>  <a href=\"https:\/\/infermeriabalear.com\/ca\/category\/noticias-destacadas-2columna\/\">Not\u00edcia destacada <\/a> <\/span><\/div><\/div><\/div><\/div><li class=\"clearfix\"><div class=\"latest_post\"><div class=\"latest_post_image clearfix\"><img decoding=\"async\" src=\"https:\/\/infermeriabalear.com\/wp-content\/uploads\/2024\/09\/Lactancia-Materna-2024-150x150.png\" alt=\"\" \/><\/div><div class=\"latest_post_text\"><div class=\"latest_post_inner\"><div class=\"latest_post_text_inner\"><h5 class=\"latest_post_title\"><a href=\"https:\/\/infermeriabalear.com\/ca\/2024\/08\/01\/demos-a-la-lactancia-materna-el-apoyo-que-necesita-video-de-la-comision-de-matronas-del-coiba\/\">Donem a la lact\u00e0ncia materna el suport que necessita (v\u00eddeo de la Comissi\u00f3 de Comares del COIBA)<\/a><\/h5><span class=\"post_infos\"><span class=\"date_hour_holder\"><i class=\"fa fa-calendar-o\"><\/i><span class=\"date\">01 agost, 2024<\/span><\/span><span class=\"latest-vert-separator\"> in<\/span> <a href=\"https:\/\/infermeriabalear.com\/ca\/category\/docus-matronas\/\">docus-matronas <\/a>  <a href=\"https:\/\/infermeriabalear.com\/ca\/category\/noticias\/\">Not\u00edcies <\/a> <\/span><\/div><\/div><\/div><\/div><li class=\"clearfix\"><div class=\"latest_post\"><div class=\"latest_post_image clearfix\"><img decoding=\"async\" src=\"https:\/\/infermeriabalear.com\/wp-content\/uploads\/2023\/12\/6-150x150.png\" alt=\"\" \/><\/div><div class=\"latest_post_text\"><div class=\"latest_post_inner\"><div class=\"latest_post_text_inner\"><h5 class=\"latest_post_title\"><a href=\"https:\/\/infermeriabalear.com\/ca\/2023\/12\/19\/convocatoria-comision-matronas-2327\/\">Convocades noves places per a la Comissi\u00f3 de Comares 2023-2027<\/a><\/h5><span class=\"post_infos\"><span class=\"date_hour_holder\"><i class=\"fa fa-calendar-o\"><\/i><span class=\"date\">19 desembre, 2023<\/span><\/span><span class=\"latest-vert-separator\"> in<\/span> <a href=\"https:\/\/infermeriabalear.com\/ca\/category\/docus-matronas\/\">docus-matronas <\/a>  <a href=\"https:\/\/infermeriabalear.com\/ca\/category\/noticias-destacadas-2columna\/\">Not\u00edcia destacada <\/a>  <a href=\"https:\/\/infermeriabalear.com\/ca\/category\/noticias\/\">Not\u00edcies <\/a> <\/span><\/div><\/div><\/div><\/div><li class=\"clearfix\"><div class=\"latest_post\"><div class=\"latest_post_image clearfix\"><img decoding=\"async\" src=\"https:\/\/infermeriabalear.com\/wp-content\/uploads\/2023\/10\/IMG_7470-scaled-e1696514066123-150x150.jpg\" alt=\"\" \/><\/div><div class=\"latest_post_text\"><div class=\"latest_post_inner\"><div class=\"latest_post_text_inner\"><h5 class=\"latest_post_title\"><a href=\"https:\/\/infermeriabalear.com\/ca\/2023\/10\/05\/ix-jornada-balear-de-lactancia-materna-con-sesiones-simultaneas-desde-mallorca-menorca-e-ibiza\/\">120 comares, infermeres i altres professionals sanitaris es formen per acompanyar i fomentar la lact\u00e0ncia<\/a><\/h5><span class=\"post_infos\"><span class=\"date_hour_holder\"><i class=\"fa fa-calendar-o\"><\/i><span class=\"date\">05 octubre, 2023<\/span><\/span><span class=\"latest-vert-separator\"> in<\/span> <a href=\"https:\/\/infermeriabalear.com\/ca\/category\/docus-matronas\/\">docus-matronas <\/a>  <a href=\"https:\/\/infermeriabalear.com\/ca\/category\/eventos-coiba\/\">Esdeveniments COIBA <\/a>  <a href=\"https:\/\/infermeriabalear.com\/ca\/category\/noticias\/\">Not\u00edcies <\/a> <\/span><\/div><\/div><\/div><\/div><li class=\"clearfix\"><div class=\"latest_post\"><div class=\"latest_post_image clearfix\"><img decoding=\"async\" src=\"https:\/\/infermeriabalear.com\/wp-content\/uploads\/2023\/09\/Twitter-CAST-150x150.png\" alt=\"\" \/><\/div><div class=\"latest_post_text\"><div class=\"latest_post_inner\"><div class=\"latest_post_text_inner\"><h5 class=\"latest_post_title\"><a href=\"https:\/\/infermeriabalear.com\/ca\/2023\/09\/11\/ix-jornada-balear-de-lactancia-materna\/\">IX Jornada balear de lact\u00e0ncia materna, amb sessions simult\u00e0nies des de Mallorca, Menorca i Eivissa<\/a><\/h5><span class=\"post_infos\"><span class=\"date_hour_holder\"><i class=\"fa fa-calendar-o\"><\/i><span class=\"date\">11 setembre, 2023<\/span><\/span><span class=\"latest-vert-separator\"> in<\/span> <a href=\"https:\/\/infermeriabalear.com\/ca\/category\/docus-matronas\/\">docus-matronas <\/a>  <a href=\"https:\/\/infermeriabalear.com\/ca\/category\/eventos-coiba\/\">Esdeveniments COIBA <\/a>  <a href=\"https:\/\/infermeriabalear.com\/ca\/category\/noticias-destacadas\/\">Not\u00edcies destacades <\/a> <\/span><\/div><\/div><\/div><\/div><li class=\"clearfix\"><div class=\"latest_post\"><div class=\"latest_post_image clearfix\"><img decoding=\"async\" src=\"https:\/\/infermeriabalear.com\/wp-content\/uploads\/2022\/09\/bebe-llorando_cuadrada-150x150.jpg\" alt=\"\" \/><\/div><div class=\"latest_post_text\"><div class=\"latest_post_inner\"><div class=\"latest_post_text_inner\"><h5 class=\"latest_post_title\"><a href=\"https:\/\/infermeriabalear.com\/ca\/2022\/09\/20\/informe-juridico-sobre-la-realizacion-de-frenotomias-simples-por-matronas-y-enfermeras-especialistas-en-pediatria\/\">Informe jur\u00eddic sobre la realitzaci\u00f3 de frenotomies simples per comares i infermeres especialistes en pediatria<\/a><\/h5><span class=\"post_infos\"><span class=\"date_hour_holder\"><i class=\"fa fa-calendar-o\"><\/i><span class=\"date\">20 setembre, 2022<\/span><\/span><span class=\"latest-vert-separator\"> in<\/span> <a href=\"https:\/\/infermeriabalear.com\/ca\/category\/docus-matronas\/\">docus-matronas <\/a> <\/span><\/div><\/div><\/div><\/div><li class=\"clearfix\"><div class=\"latest_post\"><div class=\"latest_post_image clearfix\"><img decoding=\"async\" src=\"https:\/\/infermeriabalear.com\/wp-content\/uploads\/2022\/09\/INSTA_CAST-e1663918941364-150x150.png\" alt=\"\" \/><\/div><div class=\"latest_post_text\"><div class=\"latest_post_inner\"><div class=\"latest_post_text_inner\"><h5 class=\"latest_post_title\"><a href=\"https:\/\/infermeriabalear.com\/ca\/2022\/09\/15\/viii-jornada-balear-de-lactancia-materna\/\">VIII Jornada balear de lact\u00e0ncia materna<\/a><\/h5><span class=\"post_infos\"><span class=\"date_hour_holder\"><i class=\"fa fa-calendar-o\"><\/i><span class=\"date\">15 setembre, 2022<\/span><\/span><span class=\"latest-vert-separator\"> in<\/span> <a href=\"https:\/\/infermeriabalear.com\/ca\/category\/docus-matronas\/\">docus-matronas <\/a>  <a href=\"https:\/\/infermeriabalear.com\/ca\/category\/eventos-coiba\/\">Esdeveniments COIBA <\/a>  <a href=\"https:\/\/infermeriabalear.com\/ca\/category\/noticias-destacadas\/\">Not\u00edcies destacades <\/a> <\/span><\/div><\/div><\/div><\/div><\/ul><\/div><\/div><\/div><\/div><\/div><\/div><\/div><div      class=\"vc_row wpb_row section\" style=' text-align:left;'><div class=\"clearfix\"><div class=\"wpb_column vc_column_container vc_col-sm-12\"><div class=\"vc_column-inner\"><div class=\"wpb_wrapper\"><div class=\"vc_empty_space\"   style=\"height: 50px\"><span class=\"vc_empty_space_inner\"><\/span><\/div><\/div><\/div><\/div><\/div><\/div>\n<\/div>","protected":false},"excerpt":{"rendered":"Todas las sesiones se seguir\u00e1n simult\u00e1neamente desde los espacios habilitados en: Mallorca (Hospital d\u2019Inca), Eivissa (sede UIB, aula 4) y...","protected":false},"author":9,"featured_media":0,"parent":0,"menu_order":0,"comment_status":"closed","ping_status":"closed","template":"full_width.php","meta":{"footnotes":""},"class_list":["post-15703","page","type-page","status-publish","hentry"],"_links":{"self":[{"href":"https:\/\/infermeriabalear.com\/ca\/wp-json\/wp\/v2\/pages\/15703","targetHints":{"allow":["GET"]}}],"collection":[{"href":"https:\/\/infermeriabalear.com\/ca\/wp-json\/wp\/v2\/pages"}],"about":[{"href":"https:\/\/infermeriabalear.com\/ca\/wp-json\/wp\/v2\/types\/page"}],"author":[{"embeddable":true,"href":"https:\/\/infermeriabalear.com\/ca\/wp-json\/wp\/v2\/users\/9"}],"replies":[{"embeddable":true,"href":"https:\/\/infermeriabalear.com\/ca\/wp-json\/wp\/v2\/comments?post=15703"}],"version-history":[{"count":5,"href":"https:\/\/infermeriabalear.com\/ca\/wp-json\/wp\/v2\/pages\/15703\/revisions"}],"predecessor-version":[{"id":36752,"href":"https:\/\/infermeriabalear.com\/ca\/wp-json\/wp\/v2\/pages\/15703\/revisions\/36752"}],"wp:attachment":[{"href":"https:\/\/infermeriabalear.com\/ca\/wp-json\/wp\/v2\/media?parent=15703"}],"curies":[{"name":"wp","href":"https:\/\/api.w.org\/{rel}","templated":true}]}}