{"id":15897,"date":"2021-04-19T10:01:09","date_gmt":"2021-04-19T09:01:09","guid":{"rendered":"https:\/\/infermeriabalear.com\/?page_id=15897"},"modified":"2025-06-11T12:32:53","modified_gmt":"2025-06-11T10:32:53","slug":"principales-acuerdos-de-junta","status":"publish","type":"page","link":"https:\/\/infermeriabalear.com\/ca\/principales-acuerdos-de-junta\/","title":{"rendered":"Principals acords Junta de Govern"},"content":{"rendered":"<div class=\"wpb-content-wrapper\"><div      class=\"vc_row wpb_row section\" style=' text-align:left;'><div class=\"clearfix\"><div class=\"wpb_column vc_column_container vc_col-sm-12\"><div class=\"vc_column-inner\"><div class=\"wpb_wrapper\"><div class=\"vc_empty_space\"   style=\"height: 20px\"><span class=\"vc_empty_space_inner\"><\/span><\/div><div class=\"separator  normal\" style=\"\"><\/div>\n<\/div><\/div><\/div><\/div><\/div><div      class=\"vc_row wpb_row section  grid_section\" style=' text-align:left;'><div class=\"section_inner clearfix\"><div class='section_inner_margin clearfix'><div class=\"wpb_column vc_column_container vc_col-sm-4\"><div class=\"vc_column-inner\"><div class=\"wpb_wrapper\">\n        <div class=\"wpb_single_image wpb_content_element vc_align_left\">\n            <div class=\"wpb_wrapper\">\n                \n                <div class=\"vc_single_image-wrapper   vc_box_border_grey\"><img decoding=\"async\" class=\"vc_single_image-img\" src=\"https:\/\/infermeriabalear.com\/wp-content\/uploads\/2021\/08\/Diseno-sin-titulo-e1629283704180-200x197.png\" width=\"200\" height=\"197\" alt=\"Dise\u00f1o sin t\u00edtulo\" title=\"Dise\u00f1o sin t\u00edtulo\" loading=\"lazy\" \/><\/div>\n            <\/div>\n        <\/div>\n    <div class=\"vc_empty_space\"   style=\"height: 20px\"><span class=\"vc_empty_space_inner\"><\/span><\/div>\n\t<div class=\"wpb_text_column wpb_content_element\" >\n\t\t<div class=\"wpb_wrapper\">\n\t\t\t<h3 style=\"text-align: center;\">Principals acords de la Junta de Govern<\/h3>\n<h3 style=\"text-align: center;\"><span style=\"color: #1ecad3;\">Any 2024<\/span><\/h3>\n<p>&nbsp;<\/p>\n<p>&#8211; Aprobaci\u00f3n del Plan de formaci\u00f3n del COIBA 2024.<\/p>\n<p>&nbsp;<\/p>\n<p>&#8211; Interposici\u00f3n de un recurso de alzada ante el acuerdo del Consell Executiu del Consell Insular de Menorca (2 de septiembre de 2024) relativo a la aprobaci\u00f3n de la clasificaci\u00f3n A2 a A1.<\/p>\n<p>&nbsp;<\/p>\n<p>&#8211; Convocatoria para la creaci\u00f3n de la Comisi\u00f3n de enfermeras especialistas en Enfermer\u00eda del Trabajo. Incorporaci\u00f3n de nuevos miembros de la Comisi\u00f3n de Urgencias.<\/p>\n<p>&nbsp;<\/p>\n<p>&#8211; Ayuda para el proyecto MyRealNurse.<\/p>\n<p>&nbsp;<\/p>\n<p>&#8211; Convocatoria de la 5\u00aa edici\u00f3n del Premio COIBA a Proyectos Sociales.<\/p>\n<p>&nbsp;<\/p>\n<p>&#8211; Inicio del proceso para la modificaci\u00f3n y mejora de los Estatutos del COIBA, as\u00ed como para elegir a las personas encargadas.<\/p>\n<p>&nbsp;<\/p>\n<p>&#8211; Convocatoria de Ayudas para rotaciones externas EIR.<\/p>\n<p>&nbsp;<\/p>\n<p>&#8211; Convocatoria de Ayudas a la Difusi\u00f3n y Transferencia de Resultados de Investigaci\u00f3n para el a\u00f1o 2025.<\/p>\n<p>&nbsp;<\/p>\n<p>&#8211; Posicionamiento del COIBA ante la Asamblea General del CGE.<\/p>\n<p>&nbsp;<\/p>\n<p>&#8211; Solicitud de microcredenciales universitarios para la formaci\u00f3n a enfermeros y enfermeras sobre el tema del sue\u00f1o y el ajuste del ritmo sue\u00f1o-vigilia.<\/p>\n<p>&nbsp;<\/p>\n<p>&#8211; Convocatoria para la creaci\u00f3n de la Comisi\u00f3n de Enfermeras Especialistas en Enfermer\u00eda Familiar y Comunitaria.<\/p>\n<p>&nbsp;<\/p>\n<p>&#8211; Incorporaci\u00f3n de nuevos miembros a la Comisi\u00f3n de Cuidados a Personas Mayores.<\/p>\n<p>&nbsp;<\/p>\n<p>&#8211; Participaci\u00f3n del COIBA al Pacte per la Salut y valoraci\u00f3n de la incorporaci\u00f3n de nuevas representantes.<\/p>\n<p>&nbsp;<\/p>\n<p>&#8211; Nuevos nombramientos en la Junta de Gobierno del COIBA, as\u00ed como de representaci\u00f3n en diferentes organismos y comisiones.<\/p>\n<p>&nbsp;<\/p>\n<p>&#8211; Solicitud de microcredenciales universitarias para la formaci\u00f3n de gestor universitario en identificaci\u00f3n y atenci\u00f3n a la conducta suicida.<\/p>\n<p>&nbsp;<\/p>\n<p>&#8211; Convocatoria de las ayudas del COIBA para rotaciones externas de enfermeras internas residentes (EIR).<\/p>\n<p>&nbsp;<\/p>\n<p>&#8211; Convocatoria de las Ayudas COIBA a proyectos de investigaci\u00f3n 2024. Convocatoria de las Ayudas COIBA para la realizaci\u00f3n de actividades formativas 2024.<\/p>\n<p>&nbsp;<\/p>\n<p>&#8211; Convocatoria de las Ayudas COIBA para la presentaci\u00f3n y defensa de comunicaciones o p\u00f3steres en congresos, jornadas u otros eventos de divulgaci\u00f3n profesional 2024.<\/p>\n<p>&nbsp;<\/p>\n<p>&#8211; Concesi\u00f3n de becas para la participaci\u00f3n en la Escola d\u2019Estiu de Salut P\u00fablica de Menorca.<\/p>\n<p>&nbsp;<\/p>\n<p>&#8211; Adhesi\u00f3n a las ayudas para los colegiados para los cursos de ISFOS 2024.<\/p>\n<p>&nbsp;<\/p>\n<p>&#8211; Revisi\u00f3n del protocolo de colaboraci\u00f3n del COIBA para la organizaci\u00f3n de congresos y jornadas con otras entidades.<\/p>\n<p>&nbsp;<\/p>\n<p>&#8211; Ampliaci\u00f3n de las plazas de la Comisi\u00f3n de Prevenci\u00f3n de la Conducta Suicida.<\/p>\n<p>&nbsp;<\/p>\n<p>&#8211; Convocatoria de las ayudas COIBA a la difusi\u00f3n y transferencia de resultados 2024.<\/p>\n<p>&nbsp;<\/p>\n<p>&#8211; Convocatoria de becas para el M\u00e1ster en Investigaci\u00f3n e Innovaci\u00f3n en Salud de la UIB.<\/p>\n<p>&nbsp;<\/p>\n<p>&#8211; Debate y acuerdo para posponer la firma del Pacte per la Salut de la Conselleria de Salut, hasta contar con un documento de consenso<\/p>\n\n\t\t<\/div>\n\t<\/div>\n\n        <div class=\"wpb_single_image wpb_content_element vc_align_left\">\n            <div class=\"wpb_wrapper\">\n                \n                <div class=\"vc_single_image-wrapper   vc_box_border_grey\"><img decoding=\"async\" class=\"vc_single_image-img\" src=\"https:\/\/infermeriabalear.com\/wp-content\/uploads\/2021\/08\/Diseno-sin-titulo-e1629283704180-200x197.png\" width=\"200\" height=\"197\" alt=\"Dise\u00f1o sin t\u00edtulo\" title=\"Dise\u00f1o sin t\u00edtulo\" loading=\"lazy\" \/><\/div>\n            <\/div>\n        <\/div>\n    <div class=\"vc_empty_space\"   style=\"height: 23px\"><span class=\"vc_empty_space_inner\"><\/span><\/div>\n\t<div class=\"wpb_text_column wpb_content_element\" >\n\t\t<div class=\"wpb_wrapper\">\n\t\t\t<h3 style=\"text-align: center;\">Principals acords de la Junta de Govern<\/h3>\n<h3 style=\"text-align: center;\"><span style=\"color: #1ecad3;\">Any 2022<\/span><\/h3>\n<p>&nbsp;<\/p>\n<p><!-- \/wp:post-content --><\/p>\n<p><!-- wp:html \/-->&#8211; Elaboraci\u00f3n de un an\u00e1lisis de la investigaci\u00f3n enfermera en las Illes Balears, con la finalidad de conocer las dificultades y elementos facilitadores para la investigaci\u00f3n.<\/p>\n<p>&nbsp;<\/p>\n<p>&#8211; Celebraci\u00f3n de la primera Asamblea General Ordinaria de forma telem\u00e1tica para facilitar la participaci\u00f3n y la transparencia.<\/p>\n<p>&nbsp;<\/p>\n<p>&#8211; Se acuerda otorgar la insignia de plata a todos los colegiados que hayan estado 25 a\u00f1os en activo, teniendo en cuenta tambi\u00e9n los a\u00f1os de colegiaci\u00f3n fuera de Balears.<\/p>\n<p>&nbsp;<\/p>\n<p>&#8211; Adjudicaci\u00f3n de la beca pre-doctoral Florence Nightingale a la enfermera Aina Huguet.<\/p>\n<p>&nbsp;<\/p>\n<p>-Convocatoria de dos becas para el M\u00e1ster de Investigaci\u00f3n en salud y calidad de vida de la UIB.<\/p>\n<p>&nbsp;<\/p>\n<p>&#8211; Creaci\u00f3n de la acreditaci\u00f3n de enfermeras en conductas adictivas.<\/p>\n<p>&nbsp;<\/p>\n<p>&#8211; Convenio con ANECA para la evaluaci\u00f3n de los proyectos de investigaci\u00f3n presentados a las ayudas del COIBA.<\/p>\n<p>&nbsp;<\/p>\n<p>&#8211; Aval de la candidatura de Carmen Ferrer Arnedo como candidata a la presidencia del Consejo General de Enfermer\u00eda de Espa\u00f1a. Cambio de seguro de responsabilidad civil profesional.<\/p>\n\n\t\t<\/div>\n\t<\/div>\n\n        <div class=\"wpb_single_image wpb_content_element vc_align_left\">\n            <div class=\"wpb_wrapper\">\n                \n                <div class=\"vc_single_image-wrapper   vc_box_border_grey\"><img decoding=\"async\" class=\"vc_single_image-img\" src=\"https:\/\/infermeriabalear.com\/wp-content\/uploads\/2021\/08\/Diseno-sin-titulo-e1629283704180-200x197.png\" width=\"200\" height=\"197\" alt=\"Dise\u00f1o sin t\u00edtulo\" title=\"Dise\u00f1o sin t\u00edtulo\" loading=\"lazy\" \/><\/div>\n            <\/div>\n        <\/div>\n    <div class=\"vc_empty_space\"   style=\"height: 20px\"><span class=\"vc_empty_space_inner\"><\/span><\/div>\n\t<div class=\"wpb_text_column wpb_content_element\" >\n\t\t<div class=\"wpb_wrapper\">\n\t\t\t<h3 style=\"text-align: center;\">Principals acords de la Junta de Govern<\/h3>\n<h3 style=\"text-align: center;\"><span style=\"color: #1ecad3;\">Any 2020<\/span><\/h3>\n<p>&nbsp;<\/p>\n<p><!-- \/wp:heading --><\/p>\n<p><!-- wp:html --><!-- \/wp:html -->\u2013 Nomenament de titular i suplent en representaci\u00f3 del COIBA al Ple del Consell de Serveis Socials del Consell Insular de Menorca.<\/p>\n<p>&nbsp;<\/p>\n<p>\u2013 Nomenament de titular i suplent en representaci\u00f3 del COIBA al Consell de Participaci\u00f3 Ciutadana de l\u2019\u00c0rea de Salut d\u2019Eivissa i Formentera.<\/p>\n<p>&nbsp;<\/p>\n<p>\u2013 Aprovaci\u00f3 de les activitats formatives proposades per la Comissi\u00f3 de Formaci\u00f3 corresponents a 2020.<\/p>\n<p>&nbsp;<\/p>\n<p>\u2013 Aprovaci\u00f3 de les bases internes que regulin els ajuts a entitats jur\u00eddiques destinades a l\u2019organitzaci\u00f3 de congressos, jornades i\/o activitats a les Illes Balears.<\/p>\n<p>&nbsp;<\/p>\n<p>\u2013 Acceptaci\u00f3 de sol\u00b7licituds per formar part de la Comissi\u00f3 Deontol\u00f2gica del COIBA.<\/p>\n<p>&nbsp;<\/p>\n<p>\u2013 Aprovaci\u00f3 de la constituci\u00f3 d\u2019un grup de treball a Menorca.<\/p>\n<p>&nbsp;<\/p>\n<p>\u2013 Aprovaci\u00f3 de les bases del Premi de Recerca 2020.<\/p>\n<p>&nbsp;<\/p>\n<p>\u2013 Aprovaci\u00f3 de la convocat\u00f2ria de places vacants per formar part de la Comissi\u00f3 de Comares.<\/p>\n<p>&nbsp;<\/p>\n<p>\u2013  Acord de declaraci\u00f3 del XIII Congr\u00e9s Internacional de la Sociedad Espa\u00f1ola de Cuidados Paliativos i aprovaci\u00f3 dels ajuts per a la quota d\u2019inscripci\u00f3 per als col\u00b7legiats i col\u00b7legiades del COIBA.<\/p>\n<p>&nbsp;<\/p>\n<p>\u2013 Aprovaci\u00f3 de bases per concurs per a la nova imatge corporativa.<\/p>\n<p>&nbsp;<\/p>\n<p>\u2013 Aprovaci\u00f3 de reducci\u00f3 de la quota col\u00b7legial del segon trimestre de 2020 al 50% a les infermeres a causa de la COVID-19.<\/p>\n<p>&nbsp;<\/p>\n<p>\u2013 Aprovaci\u00f3 de les bases de sol\u00b7licituds d\u2019ajuts a la realitzaci\u00f3 d\u2019activitats formatives de 2020.<\/p>\n<p>&nbsp;<\/p>\n<p>\u2013 Aprovaci\u00f3 de les bases de sol\u00b7licituds d\u2019ajuts a la presentaci\u00f3 de comunicacions o p\u00f2sters a congressos, jornades o altres esdeveniments realitzats el 2020.<\/p>\n<p>&nbsp;<\/p>\n<p>\u2013 Aprovaci\u00f3 de la convocat\u00f2ria d\u2019eleccions a la Junta Insular de Menorca.<\/p>\n<p>&nbsp;<\/p>\n<p>\u2013 Aprovaci\u00f3 del posicionament del COIBA en relaci\u00f3 amb la figura de la infermera escolar.<\/p>\n<p>&nbsp;<\/p>\n<p>\u2013 Aprovaci\u00f3 dels criteris per a les ajudes a l\u2019edici\u00f3 de llibres o material escrit.<\/p>\n<p>&nbsp;<\/p>\n<p>\u2013 Aprovaci\u00f3 de la nova imatge corporativa del COIBA.<\/p>\n<p>&nbsp;<\/p>\n<p><!-- \/wp:quote --><\/p>\n\n\t\t<\/div>\n\t<\/div>\n\n        <div class=\"wpb_single_image wpb_content_element vc_align_left\">\n            <div class=\"wpb_wrapper\">\n                \n                <div class=\"vc_single_image-wrapper   vc_box_border_grey\"><img decoding=\"async\" class=\"vc_single_image-img\" src=\"https:\/\/infermeriabalear.com\/wp-content\/uploads\/2021\/08\/Diseno-sin-titulo-e1629283704180-200x197.png\" width=\"200\" height=\"197\" alt=\"Dise\u00f1o sin t\u00edtulo\" title=\"Dise\u00f1o sin t\u00edtulo\" loading=\"lazy\" \/><\/div>\n            <\/div>\n        <\/div>\n    <div class=\"vc_empty_space\"   style=\"height: 23px\"><span class=\"vc_empty_space_inner\"><\/span><\/div><\/div><\/div><\/div><div class=\"wpb_column vc_column_container vc_col-sm-4\"><div class=\"vc_column-inner\"><div class=\"wpb_wrapper\"><div class=\"vc_empty_space\"   style=\"height: 2300px\"><span class=\"vc_empty_space_inner\"><\/span><\/div><\/div><\/div><\/div><div class=\"wpb_column vc_column_container vc_col-sm-4\"><div class=\"vc_column-inner\"><div class=\"wpb_wrapper\">\n        <div class=\"wpb_single_image wpb_content_element vc_align_left\">\n            <div class=\"wpb_wrapper\">\n                \n                <div class=\"vc_single_image-wrapper   vc_box_border_grey\"><img decoding=\"async\" class=\"vc_single_image-img\" src=\"https:\/\/infermeriabalear.com\/wp-content\/uploads\/2021\/08\/Diseno-sin-titulo-e1629283704180-200x197.png\" width=\"200\" height=\"197\" alt=\"Dise\u00f1o sin t\u00edtulo\" title=\"Dise\u00f1o sin t\u00edtulo\" loading=\"lazy\" \/><\/div>\n            <\/div>\n        <\/div>\n    <div class=\"vc_empty_space\"   style=\"height: 20px\"><span class=\"vc_empty_space_inner\"><\/span><\/div>\n\t<div class=\"wpb_text_column wpb_content_element\" >\n\t\t<div class=\"wpb_wrapper\">\n\t\t\t<h3 style=\"text-align: center;\">Principals acords de la Junta de Govern<\/h3>\n<h3 style=\"text-align: center;\"><span style=\"color: #1ecad3;\">Any 2023<\/span><\/h3>\n<p>&nbsp;<\/p>\n<p><!-- \/wp:heading -->&#8211; Convocatoria de elecciones a la Junta de Gobierno del COIBA, as\u00ed como de las Juntas Insulares de Menorca e Ibiza y Formentera.<\/p>\n<p>&nbsp;<\/p>\n<p>&#8211; Propuesta de nuevas ayudas para la rotaci\u00f3n externa de las EIRs.<\/p>\n<p>&nbsp;<\/p>\n<p>&#8211; Modificaci\u00f3n del reglamento interno de la Comisi\u00f3n Deontol\u00f3gica para establecer las figuras de presidente\/a y secretario\/a y revisar el art\u00edculo 8.<\/p>\n<p>&nbsp;<\/p>\n<p>&#8211; Renovaci\u00f3n del convenio de becas deportivas con PalmaEsports<\/p>\n<p>&nbsp;<\/p>\n<p>&#8211; Nombramiento de nuevos representantes del COIBA en el Observatorio de Pacientes del Gobierno y en los grupos de trabajo del Pacte per la Salut del Govern.<\/p>\n<p>&nbsp;<\/p>\n<p>&#8211; Aprobaci\u00f3n de las bases de la convocatoria de plazas vacantes para las comisiones Deontol\u00f3gica, de matronas y de Cuidados Respiratorios.<\/p>\n<p>&nbsp;<\/p>\n<p>&#8211; Aprobaci\u00f3n de las actividades formativas del COIBA para el 2023.<\/p>\n<p>&nbsp;<\/p>\n<p>&#8211; Aprobaci\u00f3n de los presupuestos para la coorganizaci\u00f3n de la Jornada de Humanizaci\u00f3n en Pediatr\u00eda.<\/p>\n<p>&nbsp;<\/p>\n<p>&#8211; Aprobaci\u00f3n de personarse y sumarse a la acusaci\u00f3n, en nombre del Colegio, con respecto a las instrucciones y procedimientos penales en curso contra el expresidente del Consejo General de Enfermer\u00eda de Espa\u00f1a, M\u00e1ximo Gonz\u00e1lez Jurado.<\/p>\n<p>&nbsp;<\/p>\n<p>&#8211; Aprobaci\u00f3n de la solicitud de ayudas para la investigaci\u00f3n del Consejo General de Enfermer\u00eda de Espa\u00f1a, destinados a la Beca Florence Nightingale.<\/p>\n<p>&nbsp;<\/p>\n<p>&#8211; Aprobaci\u00f3n de las becas a proyectos de investigaci\u00f3n, de las ayudas para la difusi\u00f3n y transferencia de los resultados y de las becas para la realizaci\u00f3n del M\u00e1ster Universitario en Investigaci\u00f3n e Innovaci\u00f3n en Salud de la UIB.<\/p>\n<p>&nbsp;<\/p>\n<p>&#8211; Aprobaci\u00f3n de las becas por presentaci\u00f3n y defensa de comunicaciones o p\u00f3steres en congresos, jornadas u otros eventos de divulgaci\u00f3n profesional.<\/p>\n\n\t\t<\/div>\n\t<\/div>\n\n        <div class=\"wpb_single_image wpb_content_element vc_align_left\">\n            <div class=\"wpb_wrapper\">\n                \n                <div class=\"vc_single_image-wrapper   vc_box_border_grey\"><img decoding=\"async\" class=\"vc_single_image-img\" src=\"https:\/\/infermeriabalear.com\/wp-content\/uploads\/2021\/08\/Diseno-sin-titulo-e1629283704180-200x197.png\" width=\"200\" height=\"197\" alt=\"Dise\u00f1o sin t\u00edtulo\" title=\"Dise\u00f1o sin t\u00edtulo\" loading=\"lazy\" \/><\/div>\n            <\/div>\n        <\/div>\n    <div class=\"vc_empty_space\"   style=\"height: 20px\"><span class=\"vc_empty_space_inner\"><\/span><\/div>\n\t<div class=\"wpb_text_column wpb_content_element\" >\n\t\t<div class=\"wpb_wrapper\">\n\t\t\t<h3 style=\"text-align: center;\">Principals acords de la Junta de Govern<\/h3>\n<h3 style=\"text-align: center;\"><span style=\"color: #1ecad3;\">Any 2021<\/span><\/h3>\n<p>&nbsp;<\/p>\n<p><!-- \/wp:heading --><\/p>\n<p><!-- wp:html --><!-- \/wp:html -->\u2013 Increment del pressupost de la 10a convocat\u00f2ria dels projectes de recerca: es va decidir augmentar la partida pressupost\u00e0ria en 10.000 euros, 3.000 euros que estaven destinats als premis de recerca i una inversi\u00f3 de 7.000 euros, als projectes de recerca.<\/p>\n<p>&nbsp;<\/p>\n<p>-S'acorda iniciar el proc\u00e9s de modificaci\u00f3 estatut\u00e0ria per a la seva aprovaci\u00f3 en l'Assemblea General, amb l'objectiu de modificar la denominaci\u00f3 del Col\u00b7legi per \u00abCol\u00b7legi Oficial d\u2019infermeres i infermers de les Illes Balears\u00bb. Aix\u00ed mateix, amb l'objectiu d'afavorir la participaci\u00f3 de les col\u00b7legiades i els col\u00b7legiats en l'Assemblea General, es proposa que els Estatuts contemplin l'opci\u00f3 de l'assist\u00e8ncia i votaci\u00f3 telem\u00e0tica en les assemblees.<\/p>\n<p>&nbsp;<\/p>\n<p>-Aprovaci\u00f3 de les bases per a les ajudes a la difusi\u00f3 i transfer\u00e8ncia dels resultats de recerca. Es decideix substituir els premis de recerca per ajudes a la difusi\u00f3. Pensant que aquestes ajudes incentivaran la recerca en cures. Les necessitats de les investigadores han canviat i es necessita invertir en transfer\u00e8ncia del coneixement. El pressupost ser\u00e0 de 9.000\u20ac.<\/p>\n<p>&nbsp;<\/p>\n<p>-Aprovaci\u00f3 de la concessi\u00f3 de 2 beques mitjan\u00e7ant un proc\u00e9s de convocat\u00f2ria oberta per a la realitzaci\u00f3 del M\u00e0ster de Recerca en Salut i Qualitat de Vida.<\/p>\n<p>&nbsp;<\/p>\n<p>-Aprovaci\u00f3 de la creaci\u00f3 d'una quota de col\u00b7legiaci\u00f3 redu\u00efda per a les col\u00b7legiades jubilades exercents en el marc de la crisi sanit\u00e0ria de la COVID-19.<\/p>\n<p>&nbsp;<\/p>\n<p>-Aprovaci\u00f3 de la creaci\u00f3 d'una nova quota de col\u00b7legiaci\u00f3 redu\u00efda per a les Infermeres Internes Residents i per a professors ajudants de la UIB.<\/p>\n<p>&nbsp;<\/p>\n<p>-Aprovaci\u00f3 de la creaci\u00f3 d'una quota col\u00b7legial per a les infermeres jubilades no exercents.<\/p>\n<p>&nbsp;<\/p>\n<p>\u2013 Aprovaci\u00f3 de l'extensi\u00f3 de la quota d'infermeres jubilades a infermeres amb incapacitat permanent absoluta laboral.<\/p>\n<p>&nbsp;<\/p>\n<p>-En relaci\u00f3 amb el proc\u00e9s electoral per a proveir c\u00e0rrecs en el Ple del CGE d'Espanya, convocat mitjan\u00e7ant la Resoluci\u00f3 9\/2021, aprovaci\u00f3 de la presentaci\u00f3 i aval d'una candidatura per part del COIBA.<\/p>\n\n\t\t<\/div>\n\t<\/div>\n\n        <div class=\"wpb_single_image wpb_content_element vc_align_left\">\n            <div class=\"wpb_wrapper\">\n                \n                <div class=\"vc_single_image-wrapper   vc_box_border_grey\"><img decoding=\"async\" class=\"vc_single_image-img\" src=\"https:\/\/infermeriabalear.com\/wp-content\/uploads\/2021\/08\/Diseno-sin-titulo-e1629283704180-200x197.png\" width=\"200\" height=\"197\" alt=\"Dise\u00f1o sin t\u00edtulo\" title=\"Dise\u00f1o sin t\u00edtulo\" loading=\"lazy\" \/><\/div>\n            <\/div>\n        <\/div>\n    <div class=\"vc_empty_space\"   style=\"height: 23px\"><span class=\"vc_empty_space_inner\"><\/span><\/div>\n\t<div class=\"wpb_text_column wpb_content_element\" >\n\t\t<div class=\"wpb_wrapper\">\n\t\t\t<h3 style=\"text-align: center;\">Principals acords de la Junta de Govern<\/h3>\n<h3 style=\"text-align: center;\"><span style=\"color: #1ecad3;\">Any 2019<\/span><\/h3>\n<p>&nbsp;<\/p>\n<p><!-- \/wp:heading --><\/p>\n<p><!-- wp:html --><!-- \/wp:html -->\u2013 Aprovaci\u00f3 del posicionament del COIBA davant la petici\u00f3 de la Plataforma de Enfermeros Especialistas Sin T\u00edtulo Oficial (EESTO) de Balears.<\/p>\n<p>Donades les realitats diferents entre els nostres col\u00b7legiats i col\u00b7legiades que han hagut d'accedir a l'especialitat per diferents vies, Infermera Interna Resident (IIR) i Via Excepcional segons legislaci\u00f3 del 2005, considera la Junta que canviar ara les normes podria suposar un greuge comparatiu per a molts professionals. De qualsevol forma, el COIBA es reunir\u00e0 tant amb les societats cient\u00edfiques com amb la plataforma EESTO de Balears.<\/p>\n<p>&nbsp;<\/p>\n<p>\u2013 Aprovaci\u00f3 de les activitats formatives aprovades per la Comissi\u00f3 de Formaci\u00f3.<\/p>\n<p>&nbsp;<\/p>\n<p>\u2013 Aprovaci\u00f3 de la convocat\u00f2ria d'eleccions a la Junta de Govern del COIBA, aix\u00ed com de les Juntes insulars de Menorca i Eivissa i Formentera.<\/p>\n<p>&nbsp;<\/p>\n<p>\u2013 Aprovaci\u00f3 de l'organigrama i vocalies de la nova Junta de Govern.<\/p>\n<p><strong>Vocal Geriatria:<\/strong> Carmen Moreno Hoyos i Rosario Serra Soler.<\/p>\n<p><strong>Vocalia Treball:<\/strong> Rosa Gonz\u00e1lez Casquero.<\/p>\n<p><strong>Vocal\u00eda Comares:<\/strong> Araceli Navas Casillas.<\/p>\n<p><strong>Vocalia Salut Mental:<\/strong> Jeanne Lafuente i Jos\u00e9 Manuel Garc\u00eda Mena.<\/p>\n<p><strong>Vocalia Familiar i Comunit\u00e0ria:<\/strong> Raquel Mu\u00f1oz Arenas.<\/p>\n<p><strong>Vocalia Pediatria:<\/strong> Susana Jord\u00e1 Mart\u00ed.<\/p>\n<p><strong>Vocalia Urg\u00e8ncies:<\/strong> M\u00aa. Josep Ferr\u00e0 y Serra, i Luis Javier Molero Ballester.<\/p>\n<p><strong>Vocalia Hospitalitzaci\u00f3:<\/strong> Carmen Moreno Hoyos, Regina Cort\u00e9s Aguilar i Irene Mulet Salas.<\/p>\n<p><strong>Vocalia Cures cr\u00edtics:<\/strong> Cristina Moreno Mulet.<\/p>\n<p>&nbsp;<\/p>\n<p>\u2013 Aprovaci\u00f3 dels responsables de les comissions de Formaci\u00f3 i Investigaci\u00f3.<\/p>\n<p><strong>Comissi\u00f3 de Formaci\u00f3:<\/strong><\/p>\n<p>Coordinador: Francisco Ferrer Cruz<\/p>\n<p>Milagros Figueroa Cezar<\/p>\n<p>Araceli Navas Casillas.<\/p>\n<p>Ratificaci\u00f3 del nomenament de Eva M. Moreno Collado com a membre de la Comissi\u00f3 de Formaci\u00f3 del COIBA de la Junta Insular d'Eivissa i Formentera.<\/p>\n<p>&nbsp;<\/p>\n<p><strong>Comissi\u00f3 de Recerca:<\/strong><\/p>\n<p>Coordinador: Ian Blanco Mavillard<\/p>\n<p>Miquel Bennasar Veny<\/p>\n<p>Rosario Sierra Soler<\/p>\n<p>Cristina Moreno Mulet<\/p>\n<p>Ana B. Gonz\u00e1lez G\u00f3mez<\/p>\n<p>Ratificaci\u00f3 del nomenament d'Edurne Mir\u00f3 del Campo, en lloc d'Ana B. Gonz\u00e1lez G\u00f3mez, com a membre de la Comissi\u00f3 de Recerca del COIBA de la Junta Insular d'Eivissa i Formentera.<\/p>\n<p>&nbsp;<\/p>\n<p>\u2013 Ratificaci\u00f3 dels membres de la Comissi\u00f3 Deontol\u00f2gica del COIBA.<\/p>\n<p>Coordinador: Pedro Rub\u00e9n Mart\u00edn Monta\u00f1ez.<\/p>\n<p>Cristina Moreno Mulet.<\/p>\n<p>Onofre S\u00e1ez Avil\u00e9s.<\/p>\n<p>Yolanda Mu\u00f1oz Alonso.<\/p>\n<p>Jos\u00e9 Manuel Garc\u00eda Mena.<\/p>\n<p>Acceptaci\u00f3 de la dimissi\u00f3 de Bel\u00e9n Macarena Matesanz Mateu com a membre de la Comissi\u00f3 Deontol\u00f2gica.<\/p>\n<p>&nbsp;<\/p>\n<p>&#8211; Propuesta y aprobaci\u00f3n de la convocatoria de plazas vacantes para formar parte de la Comisi\u00f3n Deontol\u00f3gica del COIBA. Se har\u00e1 una convocatoria abierta para cubrir varias plazas de la comisi\u00f3n.<\/p>\n<p>&nbsp;<\/p>\n<p>\u2013 Ratificaci\u00f3 de la contractaci\u00f3 de la nova responsable de comunicaci\u00f3 del COIBA.<\/p>\n<p>&nbsp;<\/p>\n<p>\u2013 Aprovaci\u00f3 de col\u00b7laboraci\u00f3 amb SALUSPLAY amb motiu de la implantaci\u00f3 de la plataforma SALUSONE. S'aprova la proposta de pagar un mes per tenir tres mesos de prova.<\/p>\n<p>&nbsp;<\/p>\n<p>\u2013 Ratificaci\u00f3 de la coorganitzaci\u00f3 del COIBA en els actes commemoratius de \"L'ANY 1820, L'ANY DE LA PESTA\".<\/p>\n\n\t\t<\/div>\n\t<\/div>\n<\/div><\/div><\/div><\/div><\/div><\/div><div      class=\"vc_row wpb_row section  grid_section\" style=' text-align:left;'><div class=\"section_inner clearfix\"><div class='section_inner_margin clearfix'><div class=\"wpb_column vc_column_container vc_col-sm-12\"><div class=\"vc_column-inner\"><div class=\"wpb_wrapper\"><div class=\"vc_empty_space\"   style=\"height: 60px\"><span class=\"vc_empty_space_inner\"><\/span><\/div><\/div><\/div><\/div><\/div><\/div><\/div><\/div>","protected":false},"excerpt":{"rendered":"Principales acuerdos de la Junta de Gobierno A\u00f1o 2024 &nbsp; - Aprobaci\u00f3n del Plan de formaci\u00f3n del COIBA 2024. &nbsp;...","protected":false},"author":9,"featured_media":0,"parent":0,"menu_order":0,"comment_status":"closed","ping_status":"closed","template":"full_width.php","meta":{"footnotes":""},"class_list":["post-15897","page","type-page","status-publish","hentry"],"_links":{"self":[{"href":"https:\/\/infermeriabalear.com\/ca\/wp-json\/wp\/v2\/pages\/15897","targetHints":{"allow":["GET"]}}],"collection":[{"href":"https:\/\/infermeriabalear.com\/ca\/wp-json\/wp\/v2\/pages"}],"about":[{"href":"https:\/\/infermeriabalear.com\/ca\/wp-json\/wp\/v2\/types\/page"}],"author":[{"embeddable":true,"href":"https:\/\/infermeriabalear.com\/ca\/wp-json\/wp\/v2\/users\/9"}],"replies":[{"embeddable":true,"href":"https:\/\/infermeriabalear.com\/ca\/wp-json\/wp\/v2\/comments?post=15897"}],"version-history":[{"count":14,"href":"https:\/\/infermeriabalear.com\/ca\/wp-json\/wp\/v2\/pages\/15897\/revisions"}],"predecessor-version":[{"id":43782,"href":"https:\/\/infermeriabalear.com\/ca\/wp-json\/wp\/v2\/pages\/15897\/revisions\/43782"}],"wp:attachment":[{"href":"https:\/\/infermeriabalear.com\/ca\/wp-json\/wp\/v2\/media?parent=15897"}],"curies":[{"name":"wp","href":"https:\/\/api.w.org\/{rel}","templated":true}]}}