{"id":17159,"date":"2021-08-02T09:45:40","date_gmt":"2021-08-02T08:45:40","guid":{"rendered":"https:\/\/infermeriabalear.com\/?page_id=17159"},"modified":"2024-03-12T15:25:48","modified_gmt":"2024-03-12T14:25:48","slug":"honorarios-colaboraciones","status":"publish","type":"page","link":"https:\/\/infermeriabalear.com\/ca\/honorarios-colaboraciones\/","title":{"rendered":"Honorarios y colaboraciones"},"content":{"rendered":"<div class=\"wpb-content-wrapper\"><div      class=\"vc_row wpb_row section\" style=' text-align:left;'><div class=\"clearfix\"><div class=\"wpb_column vc_column_container vc_col-sm-12\"><div class=\"vc_column-inner\"><div class=\"wpb_wrapper\"><div class=\"vc_empty_space\"   style=\"height: 60px\"><span class=\"vc_empty_space_inner\"><\/span><\/div><\/div><\/div><\/div><\/div><\/div><div      class=\"vc_row wpb_row section  grid_section\" style=' text-align:left;'><div class=\"section_inner clearfix\"><div class='section_inner_margin clearfix'><div class=\"wpb_column vc_column_container vc_col-sm-6\"><div class=\"vc_column-inner\"><div class=\"wpb_wrapper\">\n\t<div class=\"wpb_text_column wpb_content_element\" >\n\t\t<div class=\"wpb_wrapper\">\n\t\t\t<h2><span style=\"color: #1ecad3;\">Pagaments a col\u00b7laboradors:<\/span><\/h2>\n<p>&nbsp;<\/p>\n<p>En la Junta de Govern ordin\u00e0ria de dia 25 d\u2019octubre de 2022, es varen revisar i actualitzar els criteris de pagament d'honoraris als ponents de Jornades, Dijous Infermers, sessions i confer\u00e8ncies.<\/p>\n<p>&nbsp;<\/p>\n<p>Ratificats els criteris de pagament d'honoraris als ponents de forma orientativa, quedaria de la seg\u00fcent manera:<\/p>\n<p>&nbsp;<\/p>\n<blockquote><p><strong>Hora de formaci\u00f3:<\/strong> 90\u20ac<\/p>\n<p><strong>Confer\u00e8ncia:<\/strong> 200\u20ac<\/p>\n<p><strong>Participaci\u00f3 en sessions \/ xerrades \/ taules rodones, etc.: <\/strong>targeta regal per a llibreria per valor de 50\u20ac<\/p>\n<p><strong>Participaci\u00f3 en jornades i congressos (quan no \u00e9s confer\u00e8ncia)<\/strong>: bossa regal amb productes locals.<\/p><\/blockquote>\n<p>&nbsp;<\/p>\n<p>La Junta de Govern estudiar\u00e0 els casos en els quals el ponent \/ docent proposi un caixet determinat, aix\u00ed com la necessitat per log\u00edstica de c\u00f3rrer amb el c\u00e0rrec de l'allotjament. Per norma general, el Col\u00b7legi pagar\u00e0 el bitllet d'anada i tornada dels ponents que es desplacin des de fora de l\u2019illa a on se celebri l'esdeveniment.<\/p>\n\n\t\t<\/div>\n\t<\/div>\n<div class=\"vc_empty_space\"   style=\"height: 30px\"><span class=\"vc_empty_space_inner\"><\/span><\/div><\/div><\/div><\/div><div class=\"wpb_column vc_column_container vc_col-sm-6\"><div class=\"vc_column-inner\"><div class=\"wpb_wrapper\"><div class=\"vc_empty_space\"   style=\"height: 72px\"><span class=\"vc_empty_space_inner\"><\/span><\/div>\n        <div class=\"wpb_single_image wpb_content_element vc_align_right\">\n            <div class=\"wpb_wrapper\">\n                \n                <div class=\"vc_single_image-wrapper vc_box_circle  vc_box_border_grey\"><img decoding=\"async\" class=\"vc_single_image-img\" src=\"https:\/\/infermeriabalear.com\/wp-content\/uploads\/2021\/08\/IMG_4148-400x300.jpg\" width=\"400\" height=\"300\" alt=\"IMG_4148\" title=\"IMG_4148\" loading=\"lazy\" \/><\/div>\n            <\/div>\n        <\/div>\n    <\/div><\/div><\/div><\/div><\/div><\/div><div      class=\"vc_row wpb_row section  grid_section\" style=' text-align:left;'><div class=\"section_inner clearfix\"><div class='section_inner_margin clearfix'><div class=\"wpb_column vc_column_container vc_col-sm-6\"><div class=\"vc_column-inner\"><div class=\"wpb_wrapper\"><div class=\"vc_empty_space\"   style=\"height: 120px\"><span class=\"vc_empty_space_inner\"><\/span><\/div>\n        <div class=\"wpb_single_image wpb_content_element vc_align_center\">\n            <div class=\"wpb_wrapper\">\n                \n                <div class=\"vc_single_image-wrapper vc_box_circle  vc_box_border_grey\"><img decoding=\"async\" class=\"vc_single_image-img\" src=\"https:\/\/infermeriabalear.com\/wp-content\/uploads\/2024\/03\/1-2-400x300.jpeg\" width=\"400\" height=\"300\" alt=\"1+ (2)\" title=\"1+ (2)\" loading=\"lazy\" \/><\/div>\n            <\/div>\n        <\/div>\n    <div class=\"vc_empty_space\"   style=\"height: 32px\"><span class=\"vc_empty_space_inner\"><\/span><\/div><\/div><\/div><\/div><div class=\"wpb_column vc_column_container vc_col-sm-6\"><div class=\"vc_column-inner\"><div class=\"wpb_wrapper\"><div class=\"vc_empty_space\"   style=\"height: 15px\"><span class=\"vc_empty_space_inner\"><\/span><\/div>\n\t<div class=\"wpb_text_column wpb_content_element\" >\n\t\t<div class=\"wpb_wrapper\">\n\t\t\t<h2 style=\"text-align: left;\"><span style=\"color: #1ecad3;\">Protocol d'ajudes i col\u00b7laboracions en jornades i congressos:<\/span><\/h2>\n<p>&nbsp;<\/p>\n<p>En aquells congressos o jornades en els quals el COIBA formi part de l\u2019organitzaci\u00f3 de l\u2019esdeveniment amb participaci\u00f3 activa en la presa de decisions des de l\u2019inici a les reunions i formi part del comit\u00e8 organitzador, es podr\u00e0 col\u00b7laborar amb suport econ\u00f2mic, secretaria t\u00e8cnica, difusi\u00f3 i material.<\/p>\n<p>&nbsp;<\/p>\n<p>En aquells congressos o jornades en els quals el COIBA no formi part de l\u2019organitzaci\u00f3, es donar\u00e0 suport amb la difusi\u00f3, sempre que en la jornada hi participin infermeres o sigui d\u2019inter\u00e8s per a la professi\u00f3.<\/p>\n<p>&nbsp;<\/p>\n<p>Tamb\u00e9 es donar\u00e0 suport en la difusi\u00f3 a totes les jornades organitzades per associacions de persones amb malalties cr\u00f2niques.<\/p>\n<p>&nbsp;<\/p>\n<p>De manera excepcional es valorar\u00e0, en junta de govern, el suport a jornades i congressos d\u2019inter\u00e8s per a la professi\u00f3.<\/p>\n<p>&nbsp;<\/p>\n<p>En aquest casos, es tindr\u00e0 en compte:<\/p>\n<p>\u2013 El percentatge d\u2019infermeres que participen com a ponents.<br \/>\n\u2013 Que els col\u00b7legiats del COIBA tinguin descompte en la inscripci\u00f3.<\/p>\n<p>&nbsp;<\/p>\n<p>La sol\u00b7licitud s\u2019ha de presentar com a m\u00ednim 3 mesos abans de la celebraci\u00f3 de l\u2019activitat per a la qual es sol\u00b7licita l\u2019ajuda. Per fer-ho, haur\u00e0 de dirigir un escrit a <a href=\"mailto:coiba.pm@infermeriabalear.com\" target=\"_blank\" rel=\"noopener\">coiba.pm@infermeriabalear.com<\/a><\/p>\n<p>&nbsp;<\/p>\n<p>La Junta de Govern avaluar\u00e0 les sol\u00b7licituds presentades i comunicar\u00e0 la seva resoluci\u00f3 per escrit a la persona representant.<\/p>\n<p>&nbsp;<\/p>\n<p>El <a href=\"https:\/\/infermeriabalear.com\/wp-content\/uploads\/2022\/06\/COIBA-1_sin-fondo.png\" target=\"_blank\" rel=\"noopener\">logotip del Col\u00b7legi d'Infermeres i Infermers de les Illes Balears<\/a> apareixer\u00e0 en el programa definitiu com a entitat col\u00b7laboradora, a excepci\u00f3 de les jornades organitzades per associacions de persones amb malalties cr\u00f2niques.<\/p>\n<p>&nbsp;<\/p>\n<p>No es donar\u00e0 cap ajuda a l\u2019Administraci\u00f3 per a l\u2019organitzaci\u00f3 d\u2019aquest tipus d\u2019esdeveniments, ja que s\u2019ent\u00e9n que aquesta activitat ja est\u00e0 degudament subvencionada.<\/p>\n\n\t\t<\/div>\n\t<\/div>\n<\/div><\/div><\/div><\/div><\/div><\/div><div      class=\"vc_row wpb_row section\" style=' text-align:left;'><div class=\"clearfix\"><div class=\"wpb_column vc_column_container vc_col-sm-12\"><div class=\"vc_column-inner\"><div class=\"wpb_wrapper\"><div class=\"vc_empty_space\"   style=\"height: 65px\"><span class=\"vc_empty_space_inner\"><\/span><\/div><\/div><\/div><\/div><\/div><\/div><!-- \/wp:post-content --><\/div>","protected":false},"excerpt":{"rendered":"Pagos a colaboradores: &nbsp; En la Junta de Gobierno ordinaria de d\u00eda 25 d'octubre de 2022, se revisaron y actualizaron...","protected":false},"author":9,"featured_media":0,"parent":0,"menu_order":0,"comment_status":"closed","ping_status":"closed","template":"full_width.php","meta":{"footnotes":""},"class_list":["post-17159","page","type-page","status-publish","hentry"],"_links":{"self":[{"href":"https:\/\/infermeriabalear.com\/ca\/wp-json\/wp\/v2\/pages\/17159","targetHints":{"allow":["GET"]}}],"collection":[{"href":"https:\/\/infermeriabalear.com\/ca\/wp-json\/wp\/v2\/pages"}],"about":[{"href":"https:\/\/infermeriabalear.com\/ca\/wp-json\/wp\/v2\/types\/page"}],"author":[{"embeddable":true,"href":"https:\/\/infermeriabalear.com\/ca\/wp-json\/wp\/v2\/users\/9"}],"replies":[{"embeddable":true,"href":"https:\/\/infermeriabalear.com\/ca\/wp-json\/wp\/v2\/comments?post=17159"}],"version-history":[{"count":5,"href":"https:\/\/infermeriabalear.com\/ca\/wp-json\/wp\/v2\/pages\/17159\/revisions"}],"predecessor-version":[{"id":37515,"href":"https:\/\/infermeriabalear.com\/ca\/wp-json\/wp\/v2\/pages\/17159\/revisions\/37515"}],"wp:attachment":[{"href":"https:\/\/infermeriabalear.com\/ca\/wp-json\/wp\/v2\/media?parent=17159"}],"curies":[{"name":"wp","href":"https:\/\/api.w.org\/{rel}","templated":true}]}}