{"id":26651,"date":"2022-01-25T12:47:08","date_gmt":"2022-01-25T11:47:08","guid":{"rendered":"https:\/\/infermeriabalear.com\/?page_id=26651"},"modified":"2022-12-22T14:15:34","modified_gmt":"2022-12-22T13:15:34","slug":"revista","status":"publish","type":"page","link":"https:\/\/infermeriabalear.com\/ca\/revista\/","title":{"rendered":"Revista"},"content":{"rendered":"<div class=\"wpb-content-wrapper\"><div      class=\"vc_row wpb_row section  vc_custom_1605790736017 grid_section\" style='background-color:#fbfbfb; border-bottom: 1px solid #eaeaea; padding-top:0px; padding-bottom:0px; text-align:left;'><div class=\"section_inner clearfix\"><div class='section_inner_margin clearfix'><div class=\"wpb_column vc_column_container vc_col-sm-6\"><div class=\"vc_column-inner\"><div class=\"wpb_wrapper\"><div class=\"separator  transparent\" style=\"margin-top:35px;margin-bottom:35px;\"><\/div>\n<div class=\"wpb_gallery wpb_content_element vc_clearfix\"><div class=\"wpb_wrapper\"><div class=\"wpb_gallery_slides wpb_slider_nivo theme-default\" data-interval=\"0\"><div class=\"nivoSlider\"><a href=\"https:\/\/issuu.com\/infermeriabalear.com\/docs\/revista_coiba_n2_3\" target=\"_blank\"><img decoding=\"async\" class=\"\" src=\"https:\/\/infermeriabalear.com\/wp-content\/uploads\/2022\/12\/Revista-COIBA-N2_2_Pagina_01-648x912.png\" width=\"648\" height=\"912\" alt=\"Revista COIBA N2_2_P\u00e1gina_01\" title=\"Revista COIBA N2_2_P\u00e1gina_01\" loading=\"lazy\" \/><\/a><\/div><\/div><\/div><\/div><div class=\"separator  transparent\" style=\"margin-top:35px;margin-bottom:35px;\"><\/div>\n\n\t<div class=\"wpb_text_column wpb_content_element\" >\n\t\t<div class=\"wpb_wrapper\">\n\t\t\t<h2 style=\"text-align: left;\">N\u00famero 1<\/h2>\n\n\t\t<\/div>\n\t<\/div>\n<div class=\"separator  transparent\" style=\"margin-top:35px;margin-bottom:35px;\"><\/div>\n<div class='q_icon_with_title tiny icon_image'><div class=\"icon_holder q_icon_animation\" style=\"margin: -5px 0px 0px 0px; \"><img decoding=\"async\" style=\"margin: -5px 0px 0px 0px;\" src=\"https:\/\/infermeriabalear.com\/wp-content\/uploads\/2021\/02\/reloj-1.png\" alt=\"\"><\/div><div class=\"icon_text_holder\"><div class=\"icon_text_inner\" style=\"\"><h4 class=\"icon_title\" style=\"\"><\/h4><p style=''>Gener 2022<\/p><\/div><\/div><\/div><div class=\"separator  transparent\" style=\"margin-top:35px;margin-bottom:35px;\"><\/div>\n<a href=\"https:\/\/issuu.com\/infermeriabalear.com\/docs\/revista_coiba_n1\" target=\"_blank\" class=\"qbutton\" style=\"color: #ffffff; font-weight: 600; \">Accedir<\/a><\/div><\/div><\/div><div class=\"wpb_column vc_column_container vc_col-sm-6\"><div class=\"vc_column-inner\"><div class=\"wpb_wrapper\"><div class=\"separator  transparent\" style=\"margin-top:35px;margin-bottom:35px;\"><\/div>\n\n\t<div class=\"wpb_text_column wpb_content_element\" >\n\t\t<div class=\"wpb_wrapper\">\n\t\t\t<h2 style=\"text-align: left;\">N\u00famero 2<\/h2>\n\n\t\t<\/div>\n\t<\/div>\n<div class=\"separator  transparent\" style=\"margin-top:10px;margin-bottom:10px;\"><\/div>\n<div class=\"separator  transparent\" style=\"margin-top:10px;margin-bottom:10px;\"><\/div>\n<div class='q_icon_with_title tiny icon_image'><div class=\"icon_holder q_icon_animation\" style=\"margin: -5px 0px 0px 0px; \"><img decoding=\"async\" style=\"margin: -5px 0px 0px 0px;\" src=\"https:\/\/infermeriabalear.com\/wp-content\/uploads\/2021\/02\/reloj-1.png\" alt=\"\"><\/div><div class=\"icon_text_holder\"><div class=\"icon_text_inner\" style=\"\"><h4 class=\"icon_title\" style=\"\"><\/h4><p style=''>Desembre 2022<\/p><\/div><\/div><\/div><div class=\"separator  transparent\" style=\"margin-top:10px;margin-bottom:10px;\"><\/div>\n<div class='q_icon_with_title tiny icon_image'><div class=\"icon_holder q_icon_animation\" style=\"margin: -5px 0px 0px 0px; \"><img decoding=\"async\" style=\"margin: -5px 0px 0px 0px;\" src=\"https:\/\/infermeriabalear.com\/wp-content\/uploads\/2022\/01\/contacto_mail.png\" alt=\"\"><\/div><div class=\"icon_text_holder\"><div class=\"icon_text_inner\" style=\"\"><h4 class=\"icon_title\" style=\"\"><\/h4><p style=''>Envia'ns la teva opini\u00f3 i suggeriments a comunicacio@infermeriabalear.com<\/p><\/div><\/div><\/div><div class=\"separator  transparent\" style=\"margin-top:10px;margin-bottom:10px;\"><\/div>\n<div class=\"separator  transparent\" style=\"margin-top:10px;margin-bottom:10px;\"><\/div>\n<a href=\"https:\/\/issuu.com\/infermeriabalear.com\/docs\/revista_coiba_n2_3\" target=\"_blank\" class=\"qbutton\" style=\"color: #ffffff; font-weight: 600; \">Accedir<\/a><div class=\"separator  transparent\" style=\"margin-top:20px;margin-bottom:30px;\"><\/div>\n<div class=\"separator  transparent\" style=\"margin-top:20px;margin-bottom:30px;\"><\/div>\n<div class=\"separator  transparent\" style=\"margin-top:20px;margin-bottom:30px;\"><\/div>\n<div class=\"separator  transparent\" style=\"margin-top:20px;margin-bottom:30px;\"><\/div>\n<div class=\"separator  transparent\" style=\"margin-top:20px;margin-bottom:30px;\"><\/div>\n<div class=\"separator  transparent\" style=\"margin-top:20px;margin-bottom:30px;\"><\/div>\n<div class=\"separator  transparent\" style=\"margin-top:20px;margin-bottom:30px;\"><\/div>\n<div class=\"separator  transparent\" style=\"margin-top:20px;margin-bottom:30px;\"><\/div>\n<div class=\"separator  transparent\" style=\"margin-top:20px;margin-bottom:30px;\"><\/div>\n<div class=\"separator  transparent\" style=\"margin-top:20px;margin-bottom:30px;\"><\/div>\n<div class=\"separator  transparent\" style=\"margin-top:20px;margin-bottom:30px;\"><\/div>\n<div class=\"separator  transparent\" style=\"margin-top:20px;margin-bottom:30px;\"><\/div>\n<div class=\"separator  transparent\" style=\"margin-top:20px;margin-bottom:30px;\"><\/div>\n<div class=\"separator  transparent\" style=\"margin-top:20px;margin-bottom:30px;\"><\/div>\n<div class=\"separator  transparent\" style=\"margin-top:20px;margin-bottom:30px;\"><\/div>\n<div class=\"separator  transparent\" style=\"margin-top:20px;margin-bottom:30px;\"><\/div>\n<div class=\"separator  transparent\" style=\"margin-top:20px;margin-bottom:30px;\"><\/div>\n<div class=\"separator  transparent\" style=\"margin-top:20px;margin-bottom:30px;\"><\/div>\n<div class=\"separator  transparent\" style=\"margin-top:20px;margin-bottom:30px;\"><\/div>\n<div class=\"wpb_gallery wpb_content_element vc_clearfix\"><div class=\"wpb_wrapper\"><div class=\"wpb_gallery_slides wpb_slider_nivo theme-default\" data-interval=\"0\"><div class=\"nivoSlider\"><a href=\"https:\/\/issuu.com\/infermeriabalear.com\/docs\/revista_coiba_n2_3\" target=\"_blank\"><img decoding=\"async\" class=\"\" src=\"https:\/\/infermeriabalear.com\/wp-content\/uploads\/2022\/01\/coiba_1.jpg\" width=\"648\" height=\"912\" alt=\"coiba_1\" title=\"coiba_1\" loading=\"lazy\" \/><\/a><\/div><\/div><\/div><\/div><\/div><\/div><\/div><\/div><\/div><\/div><div      class=\"vc_row wpb_row section\" style=' text-align:left;'><div class=\"clearfix\"><div class=\"wpb_column vc_column_container vc_col-sm-12\"><div class=\"vc_column-inner\"><div class=\"wpb_wrapper\"><div class=\"vc_empty_space\"   style=\"height: 32px\"><span class=\"vc_empty_space_inner\"><\/span><\/div><\/div><\/div><\/div><\/div><\/div>\n<\/div>","protected":false},"excerpt":{"rendered":"N\u00famero 1 Enero 2022 Acceder N\u00famero 2 Diciembre 2022 Env\u00edanos tu opini\u00f3n y sugerencias a comunicacio@infermeriabalear.com Acceder","protected":false},"author":9,"featured_media":0,"parent":0,"menu_order":0,"comment_status":"closed","ping_status":"closed","template":"full_width.php","meta":{"footnotes":""},"class_list":["post-26651","page","type-page","status-publish","hentry"],"_links":{"self":[{"href":"https:\/\/infermeriabalear.com\/ca\/wp-json\/wp\/v2\/pages\/26651","targetHints":{"allow":["GET"]}}],"collection":[{"href":"https:\/\/infermeriabalear.com\/ca\/wp-json\/wp\/v2\/pages"}],"about":[{"href":"https:\/\/infermeriabalear.com\/ca\/wp-json\/wp\/v2\/types\/page"}],"author":[{"embeddable":true,"href":"https:\/\/infermeriabalear.com\/ca\/wp-json\/wp\/v2\/users\/9"}],"replies":[{"embeddable":true,"href":"https:\/\/infermeriabalear.com\/ca\/wp-json\/wp\/v2\/comments?post=26651"}],"version-history":[{"count":5,"href":"https:\/\/infermeriabalear.com\/ca\/wp-json\/wp\/v2\/pages\/26651\/revisions"}],"predecessor-version":[{"id":31154,"href":"https:\/\/infermeriabalear.com\/ca\/wp-json\/wp\/v2\/pages\/26651\/revisions\/31154"}],"wp:attachment":[{"href":"https:\/\/infermeriabalear.com\/ca\/wp-json\/wp\/v2\/media?parent=26651"}],"curies":[{"name":"wp","href":"https:\/\/api.w.org\/{rel}","templated":true}]}}