{"id":30326,"date":"2022-10-13T15:42:55","date_gmt":"2022-10-13T13:42:55","guid":{"rendered":"https:\/\/infermeriabalear.com\/?page_id=30326"},"modified":"2026-02-23T11:53:25","modified_gmt":"2026-02-23T10:53:25","slug":"acreditacion-conductas-adictivas","status":"publish","type":"page","link":"https:\/\/infermeriabalear.com\/ca\/acreditacion-conductas-adictivas\/","title":{"rendered":"Acreditaci\u00f3 en conductes addictives"},"content":{"rendered":"<div class=\"wpb-content-wrapper\"><div      class=\"vc_row wpb_row section\" style=' text-align:left;'><div class=\"clearfix\"><div class=\"wpb_column vc_column_container vc_col-sm-12\"><div class=\"vc_column-inner\"><div class=\"wpb_wrapper\"><div class=\"vc_empty_space\"   style=\"height: 45px\"><span class=\"vc_empty_space_inner\"><\/span><\/div><\/div><\/div><\/div><\/div><\/div><div      class=\"vc_row wpb_row section  grid_section\" style=' text-align:left;'><div class=\"section_inner clearfix\"><div class='section_inner_margin clearfix'><div class=\"wpb_column vc_column_container vc_col-sm-12\"><div class=\"vc_column-inner\"><div class=\"wpb_wrapper\"><blockquote class='with_quote_icon' style=''><i class='fa fa-quote-right pull-left' style=''><\/i><h5 class='blockquote-text' style='color: #1ecad3;'>El COIBA crea com a sistema de reconeixement propi el Diploma d'acreditaci\u00f3 en conductes addictives amb la intenci\u00f3 d'aportar garanties a les condicions de la pr\u00e0ctica professional en aquest \u00e0mbit. Aquest sistema serveix per avalar els coneixements aconseguits per professionals infermers en aquesta mat\u00e8ria i permet l'obtenci\u00f3 d'un diploma d'acreditaci\u00f3 per a la pr\u00e0ctica infermera en les consultes d'atenci\u00f3 a conductes addictives.<\/h5><\/blockquote><\/div><\/div><\/div><\/div><\/div><\/div><div      class=\"vc_row wpb_row section  grid_section\" style=' text-align:left;'><div class=\"section_inner clearfix\"><div class='section_inner_margin clearfix'><div class=\"wpb_column vc_column_container vc_col-sm-12\"><div class=\"vc_column-inner\"><div class=\"wpb_wrapper\"><div class=\"vc_empty_space\"   style=\"height: 40px\"><span class=\"vc_empty_space_inner\"><\/span><\/div>\n\t<div class=\"wpb_text_column wpb_content_element\" >\n\t\t<div class=\"wpb_wrapper\">\n\t\t\t<p><strong>Requisits per a la sol\u00b7licitud del Diploma d'acreditaci\u00f3 en conductes addictives:<\/strong><\/p>\n<p>Podran sol\u00b7licitar l'acreditaci\u00f3 aquelles infermeres i infermers col\u00b7legiats en el COIBA que es trobin al corrent de la seva col\u00b7legiaci\u00f3 i compleixen amb els requisits especificats en el procediment per a l'obtenci\u00f3 d'aquest certificat.<\/p>\n<p>&nbsp;<\/p>\n<p><strong>Tramitaci\u00f3 a seguir:\u00a0<\/strong><\/p>\n<p>Les sol\u00b7licituds poden presentar-se en qualsevol moment, en una d'aquestes dues formes;<\/p>\n<ul>\n<li style=\"list-style-type: none;\">\n<ul>\n<li><strong>Presencialment <\/strong>en el COIBA, lliurant el <a href=\"https:\/\/infermeriabalear.com\/wp-content\/uploads\/2026\/02\/Formulari-catala.pdf\" target=\"_blank\" rel=\"noopener\">formulari de sol\u00b7licitud<\/a> del diploma complimentat i la seg\u00fcent documentaci\u00f3:\n<ul>\n<li>Curr\u00edculum professional.<\/li>\n<li>Original i una c\u00f2pia de diplomes o certificats acreditatius de m\u00e8rits de cada un dels apartats que consten en el quadre de requisits per a l' <a href=\"https:\/\/infermeriabalear.com\/wp-content\/uploads\/2022\/11\/BASES-DAC-Proteccio-dades-i-requeriments-CAT.pdf\" target=\"_blank\" rel=\"noopener\">acreditaci\u00f3<\/a><\/li>\n<\/ul>\n<\/li>\n<\/ul>\n<\/li>\n<\/ul>\n<p style=\"padding-left: 40px;\">Des del departament d'administraci\u00f3 del COIBA es retornaran tots els documents originals lliurats per la col\u00b7legiada \/ col\u00b7legiat, aix\u00ed com una c\u00f2pia de la sol\u00b7licitud registrada, que servir\u00e0 com a justificant d'entrega per la interessada o interessat.<\/p>\n<p>&nbsp;<\/p>\n<ul>\n<li style=\"list-style-type: none;\">\n<ul>\n<li><strong>Telem\u00e0ticament<\/strong>, emplenant el <a href=\"https:\/\/infermeriabalear.com\/ca\/formulari-conductes-addictives\/\" target=\"_blank\" rel=\"noopener\">formulari de sol\u00b7licitud en l\u00ednia <\/a>i adjuntant la seg\u00fcent documentaci\u00f3:\n<ul>\n<li>Curr\u00edculum professional.<\/li>\n<li>Diplomes o certificats acreditatius de m\u00e8rits de cada un dels apartats que consten en el quadre de requisits per a l'acreditaci\u00f3, signats digitalment i\/o amb CSV (codi segur de verificaci\u00f3).<\/li>\n<\/ul>\n<\/li>\n<\/ul>\n<\/li>\n<\/ul>\n<p style=\"padding-left: 40px;\">Des del departament d'administraci\u00f3 del COIBA se li enviar\u00e0 al seu correu una c\u00f2pia de la sol\u00b7licitud registrada, que servir\u00e0 com a justificant d'entrega per a la interessada o interessat.<\/p>\n<p>&nbsp;<\/p>\n<p><strong>Esmena de sol\u00b7licituds<\/strong><\/p>\n<p>En el sup\u00f2sit que la col\u00b7legiada o col\u00b7legiat no hagu\u00e9s lliurat tota la documentaci\u00f3 acreditativa dels seus m\u00e8rits per a l'obtenci\u00f3 de l'acreditaci\u00f3, podr\u00e0 esmenar aquesta circumst\u00e0ncia i aportar tota la documentaci\u00f3 en un termini no superior a 10 dies des de la petici\u00f3 inicial. De la mateixa forma, se li podr\u00e0 requerir des del COIBA perqu\u00e8 complementi o esmeni la seva reclamaci\u00f3 durant el mateix termini. El departament d'administraci\u00f3 del COIBA ser\u00e0 l'encarregat de revisar la documentaci\u00f3 aportada i fer el requisit corresponent, en cas que sigui necessari.<\/p>\n<p>&nbsp;<\/p>\n<p><strong>Resoluci\u00f3<\/strong><\/p>\n<p>Des del COIBA s'enviar\u00e0 tota la documentaci\u00f3, aix\u00ed com el formulari, al Comit\u00e8 d'Acreditaci\u00f3, que \u00e9s l'\u00f2rgan encarregat d'efectuar la valoraci\u00f3 i la proposta per a la concessi\u00f3 de l'acreditaci\u00f3.<\/p>\n<p>El Comit\u00e8 d'Acreditaci\u00f3, una vegada valorada i analitzada tota la documentaci\u00f3 entregada per la col\u00b7legiada o el col\u00b7legiat, proposar\u00e0 a la Junta de Govern del COIBA l'emissi\u00f3 del Diploma d'acreditaci\u00f3 en l'atenci\u00f3 a conductes addictives.<\/p>\n<p>&nbsp;<\/p>\n<p><strong>Denegaci\u00f3 del Diploma d'acreditaci\u00f3<\/strong><\/p>\n<p>En el sup\u00f2sit que, una vegada valorada i analitzada la documentaci\u00f3 pel Comit\u00e8 d'Acreditaci\u00f3 es resolgui desfavorablement, es podr\u00e0 tornar a presentar novament la sol\u00b7licitud d'obtenci\u00f3 del Diploma.<\/p>\n<p>En el sup\u00f2sit que la col\u00b7legiada o col\u00b7legiat no estigui d'acord amb la denegaci\u00f3 de l'acreditaci\u00f3, podr\u00e0 formular en un termini m\u00e0xim de quinze dies una reclamaci\u00f3 per escrit i degudament fonamentada, contra la mencionada denegaci\u00f3. Aquesta reclamaci\u00f3 ser\u00e0 analitzada i informada pel Comit\u00e8 d'Acreditaci\u00f3.<\/p>\n\n\t\t<\/div>\n\t<\/div>\n<div class=\"vc_empty_space\"   style=\"height: 36px\"><span class=\"vc_empty_space_inner\"><\/span><\/div><\/div><\/div><\/div><\/div><\/div><\/div><div      class=\"vc_row wpb_row section  grid_section\" style=' text-align:left;'><div class=\"section_inner clearfix\"><div class='section_inner_margin clearfix'><div class=\"wpb_column vc_column_container vc_col-sm-6\"><div class=\"vc_column-inner\"><div class=\"wpb_wrapper\">\n\t<div class=\"wpb_text_column wpb_content_element\" >\n\t\t<div class=\"wpb_wrapper\">\n\t\t\t<h2 style=\"text-align: left;\">Qui som<\/h2>\n\n\t\t<\/div>\n\t<\/div>\n<div class=\"vc_empty_space\"   style=\"height: 40px\"><span class=\"vc_empty_space_inner\"><\/span><\/div><div class=\"q_icon_list\"><i class=\"fa fa-hand-o-right pull-left circle\" style=\"\"><\/i><p style=\"\">Coordinadora: Mar\u00eda Jos\u00e9 Sastre<\/p><\/div><div class=\"q_icon_list\"><i class=\"fa fa-hand-o-right pull-left circle\" style=\"\"><\/i><p style=\"\">Secret\u00e0ria: Raquel Mu\u00f1oz<\/p><\/div><\/div><\/div><\/div><div class=\"wpb_column vc_column_container vc_col-sm-6\"><div class=\"vc_column-inner\"><div class=\"wpb_wrapper\"><div class=\"vc_empty_space\"   style=\"height: 75px\"><span class=\"vc_empty_space_inner\"><\/span><\/div><div class=\"q_icon_list\"><i class=\"fa fa-hand-o-right pull-left circle\" style=\"\"><\/i><p style=\"\">Carmen Gonzalvo<\/p><\/div><div class=\"q_icon_list\"><i class=\"fa fa-hand-o-right pull-left circle\" style=\"\"><\/i><p style=\"\">Rosa Gonz\u00e1lez<\/p><\/div><\/div><\/div><\/div><\/div><\/div><\/div><div      class=\"vc_row wpb_row section  grid_section\" style=' text-align:left;'><div class=\"section_inner clearfix\"><div class='section_inner_margin clearfix'><div class=\"wpb_column vc_column_container vc_col-sm-6\"><div class=\"vc_column-inner\"><div class=\"wpb_wrapper\"><div class=\"vc_empty_space\"   style=\"height: 70px\"><span class=\"vc_empty_space_inner\"><\/span><\/div>\n\t<div class=\"wpb_text_column wpb_content_element\" >\n\t\t<div class=\"wpb_wrapper\">\n\t\t\t<h2 style=\"text-align: left;\">Informaci\u00f3 addicional<\/h2>\n\n\t\t<\/div>\n\t<\/div>\n<div class=\"vc_empty_space\"   style=\"height: 40px\"><span class=\"vc_empty_space_inner\"><\/span><\/div><\/div><\/div><\/div><div class=\"wpb_column vc_column_container vc_col-sm-6\"><div class=\"vc_column-inner\"><div class=\"wpb_wrapper\"><div class=\"vc_empty_space\"   style=\"height: 70px\"><span class=\"vc_empty_space_inner\"><\/span><\/div>\n\t<div class=\"wpb_text_column wpb_content_element\" >\n\t\t<div class=\"wpb_wrapper\">\n\t\t\t<h2 style=\"text-align: left;\">Enlla\u00e7os d'inter\u00e8s<\/h2>\n\n\t\t<\/div>\n\t<\/div>\n<div class=\"vc_empty_space\"   style=\"height: 40px\"><span class=\"vc_empty_space_inner\"><\/span><\/div>\n\t<div class=\"q_accordion_holder clearfix wpb_content_element accordion with_icon  not-column-inherit\" data-active-tab=\"false\" data-collapsible=\"yes\">\n\t\t\t\n\t\t\t\t<h5 class=\"clearfix title-holder\" style=\"\"><span class=\"icon-wrapper\"><i class=\"fa fa-book\" style=\"color: ;\"><\/i><\/span><span class=\"accordion_mark left_mark\"><span class=\"accordion_mark_icon\"><\/span><\/span><span class=\"tab-title\">Documentaci\u00f3 per a l'obtenci\u00f3 del diploma d'acreditaci\u00f3<\/span><span class=\"accordion_mark right_mark\"><span class=\"accordion_mark_icon\"><\/span><\/span><\/h5>\n\t\t\t\t<div  class=\"accordion_content\">\n\t\t\t<div class=\"accordion_content_inner\">\n\t\t\t\t\n\t<div class=\"wpb_text_column wpb_content_element\" >\n\t\t<div class=\"wpb_wrapper\">\n\t\t\t<ul>\n<li><a href=\"https:\/\/infermeriabalear.com\/wp-content\/uploads\/2023\/01\/BASES-Diploma-tramitacio-telematic-CAT.pdf\" target=\"_blank\" rel=\"noopener\">Bases per a l'obtenci\u00f3 del diploma d'acreditaci\u00f3 en conductes addictives<\/a><\/li>\n<\/ul>\n\n\t\t<\/div>\n\t<\/div>\n\n\t\t\t<\/div>\n\t\t\t\t<\/div>\n\n\t\t\t\t<h5 class=\"clearfix title-holder\" style=\"\"><span class=\"icon-wrapper\"><i class=\"fa fa-laptop\" style=\"color: ;\"><\/i><\/span><span class=\"accordion_mark left_mark\"><span class=\"accordion_mark_icon\"><\/span><\/span><span class=\"tab-title\">Formulari en l\u00ednia per tramitar l'acreditaci\u00f3 telem\u00e0ticament<\/span><span class=\"accordion_mark right_mark\"><span class=\"accordion_mark_icon\"><\/span><\/span><\/h5>\n\t\t\t\t<div  class=\"accordion_content\">\n\t\t\t<div class=\"accordion_content_inner\">\n\t\t\t\t\n\t<div class=\"wpb_text_column wpb_content_element\" >\n\t\t<div class=\"wpb_wrapper\">\n\t\t\t<p><a href=\"https:\/\/infermeriabalear.com\/ca\/formulari-conductes-addictives\/\" target=\"_blank\" rel=\"noopener\">Formulari de sol\u00b7licitud en l\u00ednia<\/a><\/p>\n\n\t\t<\/div>\n\t<\/div>\n\n\t\t\t<\/div>\n\t\t\t\t<\/div>\n\n\t<\/div> <\/div><\/div><\/div><\/div><\/div><\/div><div      class=\"vc_row wpb_row section\" style=' text-align:left;'><div class=\"clearfix\"><div class=\"wpb_column vc_column_container vc_col-sm-12\"><div class=\"vc_column-inner\"><div class=\"wpb_wrapper\"><div class=\"vc_empty_space\"   style=\"height: 55px\"><span class=\"vc_empty_space_inner\"><\/span><\/div><\/div><\/div><\/div><\/div><\/div>\n<\/div>","protected":false},"excerpt":{"rendered":"El COIBA crea como sistema de reconocimiento propio el Diploma de acreditaci\u00f3n en conductas adictivas con la intenci\u00f3n de aportar...","protected":false},"author":9,"featured_media":0,"parent":0,"menu_order":0,"comment_status":"closed","ping_status":"closed","template":"full_width.php","meta":{"footnotes":""},"class_list":["post-30326","page","type-page","status-publish","hentry"],"_links":{"self":[{"href":"https:\/\/infermeriabalear.com\/ca\/wp-json\/wp\/v2\/pages\/30326","targetHints":{"allow":["GET"]}}],"collection":[{"href":"https:\/\/infermeriabalear.com\/ca\/wp-json\/wp\/v2\/pages"}],"about":[{"href":"https:\/\/infermeriabalear.com\/ca\/wp-json\/wp\/v2\/types\/page"}],"author":[{"embeddable":true,"href":"https:\/\/infermeriabalear.com\/ca\/wp-json\/wp\/v2\/users\/9"}],"replies":[{"embeddable":true,"href":"https:\/\/infermeriabalear.com\/ca\/wp-json\/wp\/v2\/comments?post=30326"}],"version-history":[{"count":7,"href":"https:\/\/infermeriabalear.com\/ca\/wp-json\/wp\/v2\/pages\/30326\/revisions"}],"predecessor-version":[{"id":46725,"href":"https:\/\/infermeriabalear.com\/ca\/wp-json\/wp\/v2\/pages\/30326\/revisions\/46725"}],"wp:attachment":[{"href":"https:\/\/infermeriabalear.com\/ca\/wp-json\/wp\/v2\/media?parent=30326"}],"curies":[{"name":"wp","href":"https:\/\/api.w.org\/{rel}","templated":true}]}}