{"id":31659,"date":"2023-02-16T11:34:29","date_gmt":"2023-02-16T10:34:29","guid":{"rendered":"https:\/\/infermeriabalear.com\/?page_id=31659"},"modified":"2023-04-17T15:46:54","modified_gmt":"2023-04-17T13:46:54","slug":"jornada-humanizacion-pediatria","status":"publish","type":"page","link":"https:\/\/infermeriabalear.com\/ca\/jornada-humanizacion-pediatria\/","title":{"rendered":"Jornada de humanizaci\u00f3n de hospitales para ni\u00f1os"},"content":{"rendered":"<div class=\"wpb-content-wrapper\"><div      class=\"vc_row wpb_row section\" style=' text-align:left;'><div class=\"clearfix\"><div class=\"wpb_column vc_column_container vc_col-sm-12\"><div class=\"vc_column-inner\"><div class=\"wpb_wrapper\"><div class=\"vc_empty_space\"   style=\"height: 40px\"><span class=\"vc_empty_space_inner\"><\/span><\/div><h3 style=\"font-size: 32px;color: #1e73be;text-align: center;font-family:ABeeZee;font-weight:400;font-style:normal\" class=\"vc_custom_heading vc_do_custom_heading\" >Humanitzar la salut infantil \u00e9s la nostra tasca<\/h3><\/div><\/div><\/div><\/div><\/div><div      class=\"vc_row wpb_row section  grid_section\" style=' border-bottom: 1px solid #e8e8e8; padding-top:65px; padding-bottom:72px; text-align:left;'><div class=\"section_inner clearfix\"><div class='section_inner_margin clearfix'><div class=\"wpb_column vc_column_container vc_col-sm-6\"><div class=\"vc_column-inner\"><div class=\"wpb_wrapper\"><div class=\"vc_empty_space\"   style=\"height: 25px\"><span class=\"vc_empty_space_inner\"><\/span><\/div>\n        <div class=\"wpb_single_image wpb_content_element vc_align_center\">\n            <div class=\"wpb_wrapper\">\n                \n                <a href=\"https:\/\/infermeriabalear.com\/wp-content\/uploads\/2023\/02\/Avio-XIII-Jornada-humanizar-hospital-284x300.png\" target=\"_blank\"><div class=\"vc_single_image-wrapper   vc_box_border_grey\"><img decoding=\"async\" class=\"vc_single_image-img\" src=\"https:\/\/infermeriabalear.com\/wp-content\/uploads\/2023\/02\/Avio-XIII-Jornada-humanizar-hospital-824x871.png\" width=\"824\" height=\"871\" alt=\"Avi\u00f3 XIII Jornada humanizar hospital\" title=\"Avi\u00f3 XIII Jornada humanizar hospital\" loading=\"lazy\" \/><\/div><\/a>\n            <\/div>\n        <\/div>\n    <div class=\"vc_empty_space\"   style=\"height: 160px\"><span class=\"vc_empty_space_inner\"><\/span><\/div>\n\t<div class=\"wpb_text_column wpb_content_element\" >\n\t\t<div class=\"wpb_wrapper\">\n\t\t\t<p><span style=\"color: #1e73be;\"><strong>Comit\u00e8 Cient\u00edfic\u00a0<\/strong><\/span><\/p>\n<p>HUSLL: Bea Riera Hevia, Raquel Vidal P\u00e9rez<\/p>\n<p>HUSE:\u00a0 D\u00e8lia P\u00e9rez Salas<\/p>\n<p>HCIN: Carmen Herrero Orenga<\/p>\n<p>GAP: M\u00aa Jos\u00e9 Jovani Mart\u00edn, Maril\u00e9n Sans\u00f3 Bauz\u00e1<\/p>\n<p>HCM: Dolores Moya L\u00e1zaro<\/p>\n<p>HMAN: Catalina Gelabert Riera<\/p>\n<p>HGMO: Isabel Mar\u00eda Arag\u00f3n L\u00f3pez<\/p>\n<p>UIB: Xisco Vicens Blanes<\/p>\n<p>Comissi\u00f3 d'Humanitzaci\u00f3: Juana Prieto Valle<\/p>\n\n\t\t<\/div>\n\t<\/div>\n<\/div><\/div><\/div><div class=\"wpb_column vc_column_container vc_col-sm-6\"><div class=\"vc_column-inner\"><div class=\"wpb_wrapper\"><div class=\"vc_empty_space\"   style=\"height: 25px\"><span class=\"vc_empty_space_inner\"><\/span><\/div>\n\t<div class=\"wpb_text_column wpb_content_element\" >\n\t\t<div class=\"wpb_wrapper\">\n\t\t\t<p><img loading=\"lazy\" decoding=\"async\" class=\"wp-image-31909 size-medium alignleft\" src=\"https:\/\/infermeriabalear.com\/wp-content\/uploads\/2023\/02\/subes-300x291.png\" alt=\"\" width=\"300\" height=\"291\" srcset=\"https:\/\/infermeriabalear.com\/wp-content\/uploads\/2023\/02\/subes-300x291.png 300w, https:\/\/infermeriabalear.com\/wp-content\/uploads\/2023\/02\/subes-309x300.png 309w, https:\/\/infermeriabalear.com\/wp-content\/uploads\/2023\/02\/subes-768x745.png 768w, https:\/\/infermeriabalear.com\/wp-content\/uploads\/2023\/02\/subes-12x12.png 12w, https:\/\/infermeriabalear.com\/wp-content\/uploads\/2023\/02\/subes.png 1501w\" sizes=\"auto, (max-width: 300px) 100vw, 300px\" \/><\/p>\n<p>&nbsp;<\/p>\n<p>&nbsp;<\/p>\n<p>&nbsp;<\/p>\n<p>&nbsp;<\/p>\n<p>&nbsp;<\/p>\n<p>&nbsp;<\/p>\n<p>&nbsp;<\/p>\n<p>&nbsp;<\/p>\n<p>&nbsp;<\/p>\n<p>&nbsp;<\/p>\n<p>&nbsp;<\/p>\n<p>&nbsp;<\/p>\n<p>&nbsp;<\/p>\n<p>&nbsp;<\/p>\n<p>&nbsp;<\/p>\n<p>Amb la premissa \"Humanitzar la salut infantil \u00e9s la nostra tasca: puges a bord?\" volem convidar-vos al viatge que suposa tenir cura dels nostres petits pacients i als professionals que formam part d'aix\u00f2. \u00c9s el nostre objectiu que durant aquesta jornada tinguem una visi\u00f3 \u00e0mplia del que suposa humanitzar en l'\u00e0mbit pedi\u00e0tric, adaptant els espais i humanitzant les cures, per\u00f2 tamb\u00e9 vetllant per la salut f\u00edsica i mental de tots nosaltres, els implicats en l'atenci\u00f3 als m\u00e9s petits.<\/p>\n<p>&nbsp;<\/p>\n<p>La jornada es divideix en tres blocs:<\/p>\n<ul>\n<li>Humanitzaci\u00f3 dels espais<\/li>\n<li>Humanitzaci\u00f3 de les cures<\/li>\n<li>Cuidar dels que cuiden<\/li>\n<\/ul>\n<p>&nbsp;<\/p>\n<p>Dins de cada un escoltarem tant a experts en la mat\u00e8ria com a les experi\u00e8ncies que s'extreuen dels treballs que ens feu arribar sobre el desenvolupament de la vostra activitat di\u00e0ria, aix\u00ed compartirem i aprendrem noves formes d'aplicar la humanitzaci\u00f3 en les nostres \u00e0rees.<\/p>\n<p>&nbsp;<\/p>\n<p><strong>Puges a bord?<\/strong> Inscriu-te de forma gratu\u00efta en el formulari que trobar\u00e0s a continuaci\u00f3. T'esperam el 21 d'abril a las 8.30h al sal\u00f3 d'actes de l'Hospital Universitari Son Ll\u00e0tzer.<\/p>\n<p>&nbsp;<\/p>\n<p>Hi haur\u00e0 retransmissi\u00f3 en directe per a aquelles persones que desitgin seguir la jornada de forma no presencial, per\u00f2 aquest tipus de participaci\u00f3 <strong>no comptar\u00e0 amb acreditaci\u00f3 <\/strong>ni necessita inscripci\u00f3 pr\u00e8via.<\/p>\n<p>&nbsp;<\/p>\n<p><span style=\"color: #1e73be;\"><strong>Comit\u00e8 Organitzador<\/strong><\/span><\/p>\n<p>HUSLL: Ver\u00f3nica Lluch Garvi, Bea Riera Hevia, Raquel Vidal P\u00e9rez, Elena Torrens Espinosa<\/p>\n<p>HMAN: Toni Galm\u00e9s Bassa<\/p>\n<p>COIBA: Susana Jord\u00e0 Mart\u00ed<\/p>\n\n\t\t<\/div>\n\t<\/div>\n<\/div><\/div><\/div><\/div><\/div><\/div><div      class=\"vc_row wpb_row section  grid_section\" style=' text-align:left;'><div class=\"section_inner clearfix\"><div class='section_inner_margin clearfix'><div class=\"wpb_column vc_column_container vc_col-sm-6\"><div class=\"vc_column-inner\"><div class=\"wpb_wrapper\"><div class=\"vc_empty_space\"   style=\"height: 55px\"><span class=\"vc_empty_space_inner\"><\/span><\/div>\n\t<div class=\"wpb_text_column wpb_content_element\" >\n\t\t<div class=\"wpb_wrapper\">\n\t\t\t<h2><span style=\"color: #406abd;\">Bases, programa i documentaci\u00f3<\/span><\/h2>\n\n\t\t<\/div>\n\t<\/div>\n<div class=\"vc_empty_space\"   style=\"height: 30px\"><span class=\"vc_empty_space_inner\"><\/span><\/div>\n\t<div class=\"q_accordion_holder clearfix wpb_content_element accordion with_icon  not-column-inherit\" data-active-tab=\"false\" data-collapsible=\"yes\">\n\t\t\t\n\t\t\t\t<h5 class=\"clearfix title-holder\" style=\"\"><span class=\"accordion_mark left_mark\"><span class=\"accordion_mark_icon\"><\/span><\/span><span class=\"tab-title\">Dates importants<\/span><span class=\"accordion_mark right_mark\"><span class=\"accordion_mark_icon\"><\/span><\/span><\/h5>\n\t\t\t\t<div  class=\"accordion_content no_icon\">\n\t\t\t<div class=\"accordion_content_inner\">\n\t\t\t\t\n\t<div class=\"wpb_text_column wpb_content_element\" >\n\t\t<div class=\"wpb_wrapper\">\n\t\t\t<p>Presentaci\u00f3 de treballs: del 22 de febrer al <del>15 de mar\u00e7 <\/del>22 de marzo (el plazo de env\u00edo de trabajos ya ha acabado)<\/p>\n<p>Comunicaci\u00f3 de treballs acceptats: a partir del 27 de mar\u00e7<\/p>\n<p>Celebraci\u00f3 de la jornada: 21 d'abril 2023<\/p>\n\n\t\t<\/div>\n\t<\/div>\n\n\t\t\t<\/div>\n\t\t\t\t<\/div>\n\n\t\t\t\t<h5 class=\"clearfix title-holder\" style=\"\"><span class=\"accordion_mark left_mark\"><span class=\"accordion_mark_icon\"><\/span><\/span><span class=\"tab-title\">Programa<\/span><span class=\"accordion_mark right_mark\"><span class=\"accordion_mark_icon\"><\/span><\/span><\/h5>\n\t\t\t\t<div  class=\"accordion_content no_icon\">\n\t\t\t<div class=\"accordion_content_inner\">\n\t\t\t\t\n\t<div class=\"wpb_text_column wpb_content_element\" >\n\t\t<div class=\"wpb_wrapper\">\n\t\t\t<p><a href=\"https:\/\/infermeriabalear.com\/wp-content\/uploads\/2023\/04\/Programa-definitiu-CAT.pdf\" target=\"_blank\" rel=\"noopener\">Programa definitiu de la Jornada<\/a><\/p>\n\n\t\t<\/div>\n\t<\/div>\n\n\t\t\t<\/div>\n\t\t\t\t<\/div>\n\n\t\t\t\t<h5 class=\"clearfix title-holder\" style=\"\"><span class=\"accordion_mark left_mark\"><span class=\"accordion_mark_icon\"><\/span><\/span><span class=\"tab-title\">Cartell<\/span><span class=\"accordion_mark right_mark\"><span class=\"accordion_mark_icon\"><\/span><\/span><\/h5>\n\t\t\t\t<div  class=\"accordion_content no_icon\">\n\t\t\t<div class=\"accordion_content_inner\">\n\t\t\t\t\n\t<div class=\"wpb_text_column wpb_content_element\" >\n\t\t<div class=\"wpb_wrapper\">\n\t\t\t<p><a href=\"https:\/\/infermeriabalear.com\/wp-content\/uploads\/2023\/03\/XIII-Jornada-de-humanizacion-de-hospitales-para-ninos-1.png\" target=\"_blank\" rel=\"noopener\">Consulta i descarrega el cartell oficial, fet per l'infermer i il\u00b7lustrador Tolo Villalonga.<\/a><\/p>\n\n\t\t<\/div>\n\t<\/div>\n\n\t\t\t<\/div>\n\t\t\t\t<\/div>\n\n\t\t\t\t<h5 class=\"clearfix title-holder\" style=\"\"><span class=\"accordion_mark left_mark\"><span class=\"accordion_mark_icon\"><\/span><\/span><span class=\"tab-title\">Bases per a la presentaci\u00f3 de treballs<\/span><span class=\"accordion_mark right_mark\"><span class=\"accordion_mark_icon\"><\/span><\/span><\/h5>\n\t\t\t\t<div  class=\"accordion_content no_icon\">\n\t\t\t<div class=\"accordion_content_inner\">\n\t\t\t\t\n\t<div class=\"wpb_text_column wpb_content_element\" >\n\t\t<div class=\"wpb_wrapper\">\n\t\t\t<p>Consulta i descarrega les bases <a href=\"https:\/\/infermeriabalear.com\/wp-content\/uploads\/2023\/03\/Bases_CAT-1.pdf\" target=\"_blank\" rel=\"noopener\">AQU\u00cd<\/a><\/p>\n\n\t\t<\/div>\n\t<\/div>\n\n\t\t\t<\/div>\n\t\t\t\t<\/div>\n\n\t<\/div> <div class=\"vc_empty_space\"   style=\"height: 50px\"><span class=\"vc_empty_space_inner\"><\/span><\/div>\n\t<div class=\"wpb_text_column wpb_content_element\" >\n\t\t<div class=\"wpb_wrapper\">\n\t\t\t<h2><span style=\"color: #5056b5;\">Enviament de resums\u00a0<\/span><\/h2>\n<p>&nbsp;<\/p>\n<p>Plazo de env\u00edo de res\u00famenes ya finalizado<\/p>\n\n\t\t<\/div>\n\t<\/div>\n<div class=\"vc_empty_space\"   style=\"height: 60px\"><span class=\"vc_empty_space_inner\"><\/span><\/div><\/div><\/div><\/div><div class=\"wpb_column vc_column_container vc_col-sm-6\"><div class=\"vc_column-inner\"><div class=\"wpb_wrapper\"><div class=\"vc_empty_space\"   style=\"height: 55px\"><span class=\"vc_empty_space_inner\"><\/span><\/div>\n\t<div class=\"wpb_text_column wpb_content_element\" >\n\t\t<div class=\"wpb_wrapper\">\n\t\t\t<h2><span style=\"color: #406abd;\">Inscripci\u00f3<\/span><\/h2>\n\n\t\t<\/div>\n\t<\/div>\n<style id=\"wpforms-css-vars-31895\">\n\t\t\t\t#wpforms-31895 {\n\t\t\t\t\n\t\t\t}\n\t\t\t<\/style><div class=\"wpforms-container wpforms-container-full wpforms-render-modern\" id=\"wpforms-31895\"><form id=\"wpforms-form-31895\" class=\"wpforms-validate wpforms-form wpforms-ajax-form\" data-formid=\"31895\" method=\"post\" enctype=\"multipart\/form-data\" action=\"\/ca\/wp-json\/wp\/v2\/pages\/31659\" data-token=\"cd07a22fefc61d138eb49112f1923b69\" data-token-time=\"1778276791\" data-trp-original-action=\"\/ca\/wp-json\/wp\/v2\/pages\/31659\"><noscript class=\"wpforms-error-noscript\">Activeu el JavaScript al navegador per a poder completar el formulari.<\/noscript><div id=\"wpforms-error-noscript\" style=\"display: none;\">Activeu el JavaScript al navegador per a poder completar el formulari.<\/div><div class=\"wpforms-field-container\"><div id=\"wpforms-31895-field_2-container\" class=\"wpforms-field wpforms-field-name\" data-field-id=\"2\"><fieldset><legend class=\"wpforms-field-label\">Nom complet <span class=\"wpforms-required-label\" aria-hidden=\"true\">*<\/span><\/legend><div class=\"wpforms-field-row wpforms-field-medium\"><div class=\"wpforms-field-row-block wpforms-first wpforms-one-half\"><input type=\"text\" id=\"wpforms-31895-field_2\" class=\"wpforms-field-name-first wpforms-field-required\" name=\"wpforms[fields][2][first]\" aria-errormessage=\"wpforms-31895-field_2-error\" required><label for=\"wpforms-31895-field_2\" class=\"wpforms-field-sublabel after\">Nom<\/label><\/div><div class=\"wpforms-field-row-block wpforms-one-half\"><input type=\"text\" id=\"wpforms-31895-field_2-last\" class=\"wpforms-field-name-last wpforms-field-required\" name=\"wpforms[fields][2][last]\" aria-errormessage=\"wpforms-31895-field_2-last-error\" required><label for=\"wpforms-31895-field_2-last\" class=\"wpforms-field-sublabel after\">Cognoms<\/label><\/div><\/div><\/fieldset><\/div><div id=\"wpforms-31895-field_7-container\" class=\"wpforms-field wpforms-field-text\" data-field-id=\"7\"><label class=\"wpforms-field-label\" for=\"wpforms-31895-field_7\">DNI \/ NIE <span class=\"wpforms-required-label\" aria-hidden=\"true\">*<\/span><\/label><input type=\"text\" id=\"wpforms-31895-field_7\" class=\"wpforms-field-medium wpforms-field-required\" name=\"wpforms[fields][7]\" aria-errormessage=\"wpforms-31895-field_7-error\" required><\/div><div id=\"wpforms-31895-field_4-container\" class=\"wpforms-field wpforms-field-email\" data-field-id=\"4\"><label class=\"wpforms-field-label\" for=\"wpforms-31895-field_4\">Correu electr\u00f2nic <span class=\"wpforms-required-label\" aria-hidden=\"true\">*<\/span><\/label><input type=\"email\" id=\"wpforms-31895-field_4\" class=\"wpforms-field-medium wpforms-field-required\" name=\"wpforms[fields][4]\" spellcheck=\"false\" aria-errormessage=\"wpforms-31895-field_4-error\" required><\/div><div id=\"wpforms-31895-field_5-container\" class=\"wpforms-field wpforms-field-number\" data-field-id=\"5\"><label class=\"wpforms-field-label\" for=\"wpforms-31895-field_5\">N\u00famero de tel\u00e8fon <span class=\"wpforms-required-label\" aria-hidden=\"true\">*<\/span><\/label><input type=\"number\" id=\"wpforms-31895-field_5\" class=\"wpforms-field-medium wpforms-field-required\" name=\"wpforms[fields][5]\" step=\"any\" aria-errormessage=\"wpforms-31895-field_5-error\" required><\/div><div id=\"wpforms-31895-field_13-container\" class=\"wpforms-field wpforms-field-checkbox\" data-field-id=\"13\"><fieldset><legend class=\"wpforms-field-label\">Pol\u00edtica de Privacitat <span class=\"wpforms-required-label\" aria-hidden=\"true\">*<\/span><\/legend><ul id=\"wpforms-31895-field_13\" class=\"wpforms-field-required\"><li class=\"choice-1 depth-1\"><input type=\"checkbox\" id=\"wpforms-31895-field_13_1\" name=\"wpforms[fields][13][]\" value=\"Acepto los &lt;a href=&quot;https:\/\/infermeriabalear.com\/wp-content\/uploads\/2022\/07\/Pol-Privacidad-Castellano.pdf&quot; target=&quot;_blank&quot;&gt;t\u00e9rminos y pol\u00edticas de privacidad.&lt;\/a&gt;\" aria-errormessage=\"wpforms-31895-field_13_1-error\" required><label class=\"wpforms-field-label-inline\" for=\"wpforms-31895-field_13_1\">Accepto els <a href=\"https:\/\/infermeriabalear.com\/wp-content\/uploads\/2022\/07\/Pol-Privacidad-Catalan.pdf\" target=\"_blank\">termes i pol\u00edtiques de privacitat.<\/a><\/label><\/li><\/ul><\/fieldset><\/div><\/div><!-- .wpforms-field-container --><div class=\"wpforms-recaptcha-container wpforms-is-recaptcha wpforms-is-recaptcha-type-v2\" ><div class=\"g-recaptcha\" data-sitekey=\"6LdgD0UfAAAAALT79mnC6rehhn6iY0jKmk8Ju_WA\"><\/div><input type=\"text\" name=\"g-recaptcha-hidden\" class=\"wpforms-recaptcha-hidden\" style=\"position:absolute!important;clip:rect(0,0,0,0)!important;height:1px!important;width:1px!important;border:0!important;overflow:hidden!important;padding:0!important;margin:0!important;\" data-rule-recaptcha=\"1\"><\/div><div class=\"wpforms-submit-container\" ><input type=\"hidden\" name=\"wpforms[id]\" value=\"31895\"><input type=\"hidden\" name=\"page_title\" value=\"\"><input type=\"hidden\" name=\"page_url\" value=\"https:\/\/infermeriabalear.com\/ca\/wp-json\/wp\/v2\/pages\/31659\"><input type=\"hidden\" name=\"url_referer\" value=\"\"><button type=\"submit\" name=\"wpforms[submit]\" id=\"wpforms-submit-31895\" class=\"wpforms-submit\" data-alt-text=\"Enviant...\" data-submit-text=\"Enviar\" aria-live=\"assertive\" value=\"wpforms-submit\">Enviar<\/button><img loading=\"lazy\" decoding=\"async\" src=\"https:\/\/infermeriabalear.com\/wp-content\/plugins\/wpforms\/assets\/images\/submit-spin.svg\" class=\"wpforms-submit-spinner\" style=\"display: none;\" width=\"26\" height=\"26\" alt=\"S&#039;est\u00e0 carregant\"><\/div><input type=\"hidden\" name=\"trp-form-language\" value=\"ca\"\/><\/form><\/div>  <!-- .wpforms-container --><\/div><\/div><\/div><\/div><\/div><\/div>\n<\/div>","protected":false},"excerpt":{"rendered":"Humanizar la salud infantil es nuestra tarea Comit\u00e9 Cient\u00edfico\u00a0 HUSLL: Bea Riera Hevia, Raquel Vidal P\u00e9rez HUSE:\u00a0 D\u00e8lia P\u00e9rez Salas...","protected":false},"author":9,"featured_media":0,"parent":0,"menu_order":0,"comment_status":"open","ping_status":"closed","template":"full_width.php","meta":{"footnotes":""},"class_list":["post-31659","page","type-page","status-publish","hentry"],"_links":{"self":[{"href":"https:\/\/infermeriabalear.com\/ca\/wp-json\/wp\/v2\/pages\/31659","targetHints":{"allow":["GET"]}}],"collection":[{"href":"https:\/\/infermeriabalear.com\/ca\/wp-json\/wp\/v2\/pages"}],"about":[{"href":"https:\/\/infermeriabalear.com\/ca\/wp-json\/wp\/v2\/types\/page"}],"author":[{"embeddable":true,"href":"https:\/\/infermeriabalear.com\/ca\/wp-json\/wp\/v2\/users\/9"}],"replies":[{"embeddable":true,"href":"https:\/\/infermeriabalear.com\/ca\/wp-json\/wp\/v2\/comments?post=31659"}],"version-history":[{"count":5,"href":"https:\/\/infermeriabalear.com\/ca\/wp-json\/wp\/v2\/pages\/31659\/revisions"}],"predecessor-version":[{"id":32716,"href":"https:\/\/infermeriabalear.com\/ca\/wp-json\/wp\/v2\/pages\/31659\/revisions\/32716"}],"wp:attachment":[{"href":"https:\/\/infermeriabalear.com\/ca\/wp-json\/wp\/v2\/media?parent=31659"}],"curies":[{"name":"wp","href":"https:\/\/api.w.org\/{rel}","templated":true}]}}