{"id":35099,"date":"2023-09-20T15:43:01","date_gmt":"2023-09-20T13:43:01","guid":{"rendered":"https:\/\/infermeriabalear.com\/?page_id=35099"},"modified":"2025-09-25T14:07:57","modified_gmt":"2025-09-25T12:07:57","slug":"ajudes-projectes-socials-2025","status":"publish","type":"page","link":"https:\/\/infermeriabalear.com\/ca\/ajudes-projectes-socials-2025\/","title":{"rendered":"Ajudes Projectes Socials 2025"},"content":{"rendered":"<div class=\"wpforms-container wpforms-container-full wpforms-block wpforms-render-modern\" id=\"wpforms-35072\"><form id=\"wpforms-form-35072\" class=\"wpforms-validate wpforms-form wpforms-ajax-form\" data-formid=\"35072\" method=\"post\" enctype=\"multipart\/form-data\" action=\"\/ca\/wp-json\/wp\/v2\/pages\/35099\" data-token=\"8751f9e365ad00626605963b381a1797\" data-token-time=\"1776223908\" data-trp-original-action=\"\/ca\/wp-json\/wp\/v2\/pages\/35099\"><noscript class=\"wpforms-error-noscript\">Activeu el JavaScript al navegador per a poder completar el formulari.<\/noscript><div id=\"wpforms-error-noscript\" style=\"display: none;\">Activeu el JavaScript al navegador per a poder completar el formulari.<\/div><div class=\"wpforms-field-container\"><div id=\"wpforms-35072-field_2-container\" class=\"wpforms-field wpforms-field-divider\" data-field-id=\"2\"><h3 id=\"wpforms-35072-field_2\" aria-errormessage=\"wpforms-35072-field_2-error\">DADES DE L'ENTITAT <\/h3><\/div><div id=\"wpforms-35072-field_3-container\" class=\"wpforms-field wpforms-field-text\" data-field-id=\"3\"><label class=\"wpforms-field-label\" for=\"wpforms-35072-field_3\">Nom de l'organitzaci\u00f3 <span class=\"wpforms-required-label\" aria-hidden=\"true\">*<\/span><\/label><input type=\"text\" id=\"wpforms-35072-field_3\" class=\"wpforms-field-medium wpforms-field-required\" name=\"wpforms[fields][3]\" aria-errormessage=\"wpforms-35072-field_3-error\" required><\/div><div id=\"wpforms-35072-field_17-container\" class=\"wpforms-field wpforms-field-text\" data-field-id=\"17\"><label class=\"wpforms-field-label\" for=\"wpforms-35072-field_17\">N\u00famero de registre de l'organitzaci\u00f3 <span class=\"wpforms-required-label\" aria-hidden=\"true\">*<\/span><\/label><input type=\"text\" id=\"wpforms-35072-field_17\" class=\"wpforms-field-medium wpforms-field-required\" name=\"wpforms[fields][17]\" aria-errormessage=\"wpforms-35072-field_17-error\" required><\/div><div id=\"wpforms-35072-field_5-container\" class=\"wpforms-field wpforms-field-text\" data-field-id=\"5\"><label class=\"wpforms-field-label\" for=\"wpforms-35072-field_5\">NIF de l'organitzaci\u00f3 <span class=\"wpforms-required-label\" aria-hidden=\"true\">*<\/span><\/label><input type=\"text\" id=\"wpforms-35072-field_5\" class=\"wpforms-field-small wpforms-field-required\" name=\"wpforms[fields][5]\" aria-errormessage=\"wpforms-35072-field_5-error\" required><\/div><div id=\"wpforms-35072-field_7-container\" class=\"wpforms-field wpforms-field-text\" data-field-id=\"7\"><label class=\"wpforms-field-label\" for=\"wpforms-35072-field_7\">Adre\u00e7a postal <span class=\"wpforms-required-label\" aria-hidden=\"true\">*<\/span><\/label><input type=\"text\" id=\"wpforms-35072-field_7\" class=\"wpforms-field-medium wpforms-field-required\" name=\"wpforms[fields][7]\" aria-errormessage=\"wpforms-35072-field_7-error\" aria-describedby=\"wpforms-35072-field_7-description\" required><div id=\"wpforms-35072-field_7-description\" class=\"wpforms-field-description\">Carrer, portal, pis, codi postal i poblaci\u00f3.<\/div><\/div><div id=\"wpforms-35072-field_21-container\" class=\"wpforms-field wpforms-field-phone\" data-field-id=\"21\"><label class=\"wpforms-field-label\" for=\"wpforms-35072-field_21\">Tel\u00e8fon <span class=\"wpforms-required-label\" aria-hidden=\"true\">*<\/span><\/label><input type=\"tel\" id=\"wpforms-35072-field_21\" class=\"wpforms-field-small wpforms-field-required\" data-rule-int-phone-field=\"true\" name=\"wpforms[fields][21]\" aria-label=\"Tel\u00e8fon\" aria-errormessage=\"wpforms-35072-field_21-error\" required><\/div><div id=\"wpforms-35072-field_20-container\" class=\"wpforms-field wpforms-field-email\" data-field-id=\"20\"><label class=\"wpforms-field-label\" for=\"wpforms-35072-field_20\">Correu electr\u00f2nic <span class=\"wpforms-required-label\" aria-hidden=\"true\">*<\/span><\/label><input type=\"email\" id=\"wpforms-35072-field_20\" class=\"wpforms-field-medium wpforms-field-required\" name=\"wpforms[fields][20]\" spellcheck=\"false\" aria-errormessage=\"wpforms-35072-field_20-error\" required><\/div><div id=\"wpforms-35072-field_19-container\" class=\"wpforms-field wpforms-field-url\" data-field-id=\"19\"><label class=\"wpforms-field-label\" for=\"wpforms-35072-field_19\">P\u00e0gina web<\/label><input type=\"url\" id=\"wpforms-35072-field_19\" class=\"wpforms-field-medium\" name=\"wpforms[fields][19]\" aria-errormessage=\"wpforms-35072-field_19-error\" ><\/div><div id=\"wpforms-35072-field_8-container\" class=\"wpforms-field wpforms-field-divider\" data-field-id=\"8\"><h3 id=\"wpforms-35072-field_8\" aria-errormessage=\"wpforms-35072-field_8-error\">DADES DELS \/ LES REPRESENTANTS I PERSONES DE CONTACTE<\/h3><\/div><div id=\"wpforms-35072-field_9-container\" class=\"wpforms-field wpforms-field-name\" data-field-id=\"9\"><fieldset><legend class=\"wpforms-field-label\">Nom i llinatge de la persona de contacte de l'organitzaci\u00f3 <span class=\"wpforms-required-label\" aria-hidden=\"true\">*<\/span><\/legend><div class=\"wpforms-field-row wpforms-field-large\"><div class=\"wpforms-field-row-block wpforms-first wpforms-one-half\"><input type=\"text\" id=\"wpforms-35072-field_9\" class=\"wpforms-field-name-first wpforms-field-required\" name=\"wpforms[fields][9][first]\" aria-errormessage=\"wpforms-35072-field_9-error\" required><label for=\"wpforms-35072-field_9\" class=\"wpforms-field-sublabel after\">Nom<\/label><\/div><div class=\"wpforms-field-row-block wpforms-one-half\"><input type=\"text\" id=\"wpforms-35072-field_9-last\" class=\"wpforms-field-name-last wpforms-field-required\" name=\"wpforms[fields][9][last]\" aria-errormessage=\"wpforms-35072-field_9-last-error\" required><label for=\"wpforms-35072-field_9-last\" class=\"wpforms-field-sublabel after\">Cognoms<\/label><\/div><\/div><\/fieldset><\/div><div id=\"wpforms-35072-field_23-container\" class=\"wpforms-field wpforms-field-name\" data-field-id=\"23\"><fieldset><legend class=\"wpforms-field-label\">Nom i llinatges del \/ la representant legal o administrador\/a <span class=\"wpforms-required-label\" aria-hidden=\"true\">*<\/span><\/legend><div class=\"wpforms-field-row wpforms-field-large\"><div class=\"wpforms-field-row-block wpforms-first wpforms-one-half\"><input type=\"text\" id=\"wpforms-35072-field_23\" class=\"wpforms-field-name-first wpforms-field-required\" name=\"wpforms[fields][23][first]\" aria-errormessage=\"wpforms-35072-field_23-error\" required><label for=\"wpforms-35072-field_23\" class=\"wpforms-field-sublabel after\">Nom<\/label><\/div><div class=\"wpforms-field-row-block wpforms-one-half\"><input type=\"text\" id=\"wpforms-35072-field_23-last\" class=\"wpforms-field-name-last wpforms-field-required\" name=\"wpforms[fields][23][last]\" aria-errormessage=\"wpforms-35072-field_23-last-error\" required><label for=\"wpforms-35072-field_23-last\" class=\"wpforms-field-sublabel after\">Cognoms<\/label><\/div><\/div><\/fieldset><\/div><div id=\"wpforms-35072-field_11-container\" class=\"wpforms-field wpforms-field-text\" data-field-id=\"11\"><label class=\"wpforms-field-label\" for=\"wpforms-35072-field_11\">DNI del \/ la representant legal o administrador\/a <span class=\"wpforms-required-label\" aria-hidden=\"true\">*<\/span><\/label><input type=\"text\" id=\"wpforms-35072-field_11\" class=\"wpforms-field-medium wpforms-field-required\" name=\"wpforms[fields][11]\" aria-errormessage=\"wpforms-35072-field_11-error\" required><\/div><div id=\"wpforms-35072-field_24-container\" class=\"wpforms-field wpforms-field-textarea\" data-field-id=\"24\"><label class=\"wpforms-field-label\" for=\"wpforms-35072-field_24\">Noms, llinatges i DNIs dels \/ les membres del Patronat o Junta Directiva:<\/label><textarea id=\"wpforms-35072-field_24\" class=\"wpforms-field-medium\" name=\"wpforms[fields][24]\" aria-errormessage=\"wpforms-35072-field_24-error\" ><\/textarea><\/div><div id=\"wpforms-35072-field_37-container\" class=\"wpforms-field wpforms-field-textarea\" data-field-id=\"37\"><label class=\"wpforms-field-label\" for=\"wpforms-35072-field_37\">Experi\u00e8ncia pr\u00e8via en projectes socials, traject\u00f2ria de l'associaci\u00f3<\/label><textarea id=\"wpforms-35072-field_37\" class=\"wpforms-field-medium\" name=\"wpforms[fields][37]\" aria-errormessage=\"wpforms-35072-field_37-error\" ><\/textarea><\/div><div id=\"wpforms-35072-field_25-container\" class=\"wpforms-field wpforms-field-divider\" data-field-id=\"25\"><h3 id=\"wpforms-35072-field_25\" aria-errormessage=\"wpforms-35072-field_25-error\">MEM\u00d2RIA DEL PROJECTE<\/h3><\/div><div id=\"wpforms-35072-field_26-container\" class=\"wpforms-field wpforms-field-text\" data-field-id=\"26\"><label class=\"wpforms-field-label\" for=\"wpforms-35072-field_26\">T\u00edtol <span class=\"wpforms-required-label\" aria-hidden=\"true\">*<\/span><\/label><input type=\"text\" id=\"wpforms-35072-field_26\" class=\"wpforms-field-large wpforms-field-required\" name=\"wpforms[fields][26]\" aria-errormessage=\"wpforms-35072-field_26-error\" required><\/div><div id=\"wpforms-35072-field_28-container\" class=\"wpforms-field wpforms-field-textarea\" data-field-id=\"28\"><label class=\"wpforms-field-label\" for=\"wpforms-35072-field_28\">Descripci\u00f3 del projecte <span class=\"wpforms-required-label\" aria-hidden=\"true\">*<\/span><\/label><textarea id=\"wpforms-35072-field_28\" class=\"wpforms-field-large wpforms-field-required\" name=\"wpforms[fields][28]\" aria-errormessage=\"wpforms-35072-field_28-error\" required><\/textarea><\/div><div id=\"wpforms-35072-field_29-container\" class=\"wpforms-field wpforms-field-text\" data-field-id=\"29\"><label class=\"wpforms-field-label\" for=\"wpforms-35072-field_29\">Localitzaci\u00f3 del projecte <span class=\"wpforms-required-label\" aria-hidden=\"true\">*<\/span><\/label><input type=\"text\" id=\"wpforms-35072-field_29\" class=\"wpforms-field-medium wpforms-field-required\" name=\"wpforms[fields][29]\" aria-errormessage=\"wpforms-35072-field_29-error\" aria-describedby=\"wpforms-35072-field_29-description\" required><div id=\"wpforms-35072-field_29-description\" class=\"wpforms-field-description\">En quin lloc f\u00edsic es desenvolupa? (Exem: a Balears, a Mallorca, a Manacor...)<\/div><\/div><div id=\"wpforms-35072-field_47-container\" class=\"wpforms-field wpforms-field-select wpforms-field-select-style-classic\" data-field-id=\"47\"><label class=\"wpforms-field-label\" for=\"wpforms-35072-field_47\">\u00c0mbit en el qual s'enquadra el projecte <span class=\"wpforms-required-label\" aria-hidden=\"true\">*<\/span><\/label><select id=\"wpforms-35072-field_47\" class=\"wpforms-field-medium wpforms-field-required\" name=\"wpforms[fields][47]\" required=\"required\"><option value=\"1.\tPromoci\u00f3n de la autonom\u00eda personal y atenci\u00f3n al envejecimiento, a la discapacidad y a la enfermedad\" >1.\tPromoci\u00f3n de la autonom\u00eda personal y atenci\u00f3n al envejecimiento, a la discapacidad y a la enfermedad<\/option><option value=\"2.\tAyuda a la infancia. Promoci\u00f3n del desarrollo social y educativo de ni\u00f1os y j\u00f3venes de familias en situaci\u00f3n de pobreza\" >2.\tAyuda a la infancia. Promoci\u00f3n del desarrollo social y educativo de ni\u00f1os y j\u00f3venes de familias en situaci\u00f3n de pobreza<\/option><option value=\"3.\tViolencia machista. Proyectos cuyo objetivo sea la mejora de la situaci\u00f3n de las mujeres v\u00edctimas de violencia machista en cualquier \u00e1mbito\" >3.\tViolencia machista. Proyectos cuyo objetivo sea la mejora de la situaci\u00f3n de las mujeres v\u00edctimas de violencia machista en cualquier \u00e1mbito<\/option><option value=\"4.\tAtenci\u00f3n sociosanitaria a colectivos vulnerables: personas sin hogar, mujeres prostituidas, inmigrantes, j\u00f3venes en riesgo de exclusi\u00f3n\" >4.\tAtenci\u00f3n sociosanitaria a colectivos vulnerables: personas sin hogar, mujeres prostituidas, inmigrantes, j\u00f3venes en riesgo de exclusi\u00f3n<\/option><\/select><\/div><div id=\"wpforms-35072-field_31-container\" class=\"wpforms-field wpforms-field-number\" data-field-id=\"31\"><label class=\"wpforms-field-label\" for=\"wpforms-35072-field_31\">Poblaci\u00f3 benefici\u00e0ria i el seu context <span class=\"wpforms-required-label\" aria-hidden=\"true\">*<\/span><\/label><input type=\"number\" id=\"wpforms-35072-field_31\" class=\"wpforms-field-medium wpforms-field-required\" name=\"wpforms[fields][31]\" step=\"any\" aria-errormessage=\"wpforms-35072-field_31-error\" required><\/div><div id=\"wpforms-35072-field_32-container\" class=\"wpforms-field wpforms-field-number\" data-field-id=\"32\"><label class=\"wpforms-field-label\" for=\"wpforms-35072-field_32\">Nombre de beneficiaris directes i indirectes <span class=\"wpforms-required-label\" aria-hidden=\"true\">*<\/span><\/label><input type=\"number\" id=\"wpforms-35072-field_32\" class=\"wpforms-field-medium wpforms-field-required\" name=\"wpforms[fields][32]\" step=\"any\" aria-errormessage=\"wpforms-35072-field_32-error\" required><\/div><div id=\"wpforms-35072-field_39-container\" class=\"wpforms-field wpforms-field-textarea\" data-field-id=\"39\"><label class=\"wpforms-field-label\" for=\"wpforms-35072-field_39\">Participaci\u00f3 de la poblaci\u00f3 i voluntariat <span class=\"wpforms-required-label\" aria-hidden=\"true\">*<\/span><\/label><textarea id=\"wpforms-35072-field_39\" class=\"wpforms-field-medium wpforms-field-required\" name=\"wpforms[fields][39]\" aria-errormessage=\"wpforms-35072-field_39-error\" aria-describedby=\"wpforms-35072-field_39-description\" required><\/textarea><div id=\"wpforms-35072-field_39-description\" class=\"wpforms-field-description\">Aquest projecte compta amb participaci\u00f3 ciutadana o estan involucrats \u00fanicament els membres de l'associaci\u00f3?<\/div><\/div><div id=\"wpforms-35072-field_40-container\" class=\"wpforms-field wpforms-field-textarea\" data-field-id=\"40\"><label class=\"wpforms-field-label\" for=\"wpforms-35072-field_40\">Enfocament de g\u00e8nere <span class=\"wpforms-required-label\" aria-hidden=\"true\">*<\/span><\/label><textarea id=\"wpforms-35072-field_40\" class=\"wpforms-field-medium wpforms-field-required\" name=\"wpforms[fields][40]\" aria-errormessage=\"wpforms-35072-field_40-error\" aria-describedby=\"wpforms-35072-field_40-description\" required><\/textarea><div id=\"wpforms-35072-field_40-description\" class=\"wpforms-field-description\">El projecte compta amb perspectiva de g\u00e8nere?<\/div><\/div><div id=\"wpforms-35072-field_41-container\" class=\"wpforms-field wpforms-field-textarea\" data-field-id=\"41\"><label class=\"wpforms-field-label\" for=\"wpforms-35072-field_41\">Justificaci\u00f3 de les necessitats <span class=\"wpforms-required-label\" aria-hidden=\"true\">*<\/span><\/label><textarea id=\"wpforms-35072-field_41\" class=\"wpforms-field-medium wpforms-field-required\" name=\"wpforms[fields][41]\" aria-errormessage=\"wpforms-35072-field_41-error\" aria-describedby=\"wpforms-35072-field_41-description\" required><\/textarea><div id=\"wpforms-35072-field_41-description\" class=\"wpforms-field-description\">Per qu\u00e8 \u00e9s necessari desenvolupar el projecte?<\/div><\/div><div id=\"wpforms-35072-field_42-container\" class=\"wpforms-field wpforms-field-textarea\" data-field-id=\"42\"><label class=\"wpforms-field-label\" for=\"wpforms-35072-field_42\">Descripci\u00f3 detallada de les activitats que es duran a terme amb l'ajuda <span class=\"wpforms-required-label\" aria-hidden=\"true\">*<\/span><\/label><textarea id=\"wpforms-35072-field_42\" class=\"wpforms-field-large wpforms-field-required\" name=\"wpforms[fields][42]\" aria-errormessage=\"wpforms-35072-field_42-error\" required><\/textarea><\/div><div id=\"wpforms-35072-field_43-container\" class=\"wpforms-field wpforms-field-textarea\" data-field-id=\"43\"><label class=\"wpforms-field-label\" for=\"wpforms-35072-field_43\">Pla de finan\u00e7ament del projecte, pressupost detallat <span class=\"wpforms-required-label\" aria-hidden=\"true\">*<\/span><\/label><textarea id=\"wpforms-35072-field_43\" class=\"wpforms-field-large wpforms-field-required\" name=\"wpforms[fields][43]\" aria-errormessage=\"wpforms-35072-field_43-error\" required><\/textarea><\/div><div id=\"wpforms-35072-field_44-container\" class=\"wpforms-field wpforms-field-textarea\" data-field-id=\"44\"><label class=\"wpforms-field-label\" for=\"wpforms-35072-field_44\">Desenvolupament de la intervenci\u00f3, objectius, avaluaci\u00f3 i impacte esperat <span class=\"wpforms-required-label\" aria-hidden=\"true\">*<\/span><\/label><textarea id=\"wpforms-35072-field_44\" class=\"wpforms-field-large wpforms-field-required\" name=\"wpforms[fields][44]\" aria-errormessage=\"wpforms-35072-field_44-error\" aria-describedby=\"wpforms-35072-field_44-description\" required><\/textarea><div id=\"wpforms-35072-field_44-description\" class=\"wpforms-field-description\">Explica les accions concretes que es desenvoluparan dins del projecte, aix\u00ed com els objectius que es desitgin complir.<\/div><\/div><div id=\"wpforms-35072-field_45-container\" class=\"wpforms-field wpforms-field-textarea\" data-field-id=\"45\"><label class=\"wpforms-field-label\" for=\"wpforms-35072-field_45\">Viabilitat t\u00e8cnica: recursos personals i materials <span class=\"wpforms-required-label\" aria-hidden=\"true\">*<\/span><\/label><textarea id=\"wpforms-35072-field_45\" class=\"wpforms-field-large wpforms-field-required\" name=\"wpforms[fields][45]\" aria-errormessage=\"wpforms-35072-field_45-error\" required><\/textarea><\/div><div id=\"wpforms-35072-field_46-container\" class=\"wpforms-field wpforms-field-textarea\" data-field-id=\"46\"><label class=\"wpforms-field-label\" for=\"wpforms-35072-field_46\">Pla de continu\u00eftat i sostenibilitat <span class=\"wpforms-required-label\" aria-hidden=\"true\">*<\/span><\/label><textarea id=\"wpforms-35072-field_46\" class=\"wpforms-field-large wpforms-field-required\" name=\"wpforms[fields][46]\" aria-errormessage=\"wpforms-35072-field_46-error\" aria-describedby=\"wpforms-35072-field_46-description\" required><\/textarea><div id=\"wpforms-35072-field_46-description\" class=\"wpforms-field-description\">Aquest projecte ser\u00e0 puntual o est\u00e0 pensat per tenir continu\u00eftat en el futur?<\/div><\/div><\/div><!-- .wpforms-field-container --><div class=\"wpforms-recaptcha-container wpforms-is-recaptcha wpforms-is-recaptcha-type-v2\" ><div class=\"g-recaptcha\" data-sitekey=\"6LdgD0UfAAAAALT79mnC6rehhn6iY0jKmk8Ju_WA\"><\/div><input type=\"text\" name=\"g-recaptcha-hidden\" class=\"wpforms-recaptcha-hidden\" style=\"position:absolute!important;clip:rect(0,0,0,0)!important;height:1px!important;width:1px!important;border:0!important;overflow:hidden!important;padding:0!important;margin:0!important;\" data-rule-recaptcha=\"1\"><\/div><div class=\"wpforms-submit-container\" ><input type=\"hidden\" name=\"wpforms[id]\" value=\"35072\"><input type=\"hidden\" name=\"page_title\" value=\"\"><input type=\"hidden\" name=\"page_url\" value=\"https:\/\/infermeriabalear.com\/ca\/wp-json\/wp\/v2\/pages\/35099\"><input type=\"hidden\" name=\"url_referer\" value=\"\"><button type=\"submit\" name=\"wpforms[submit]\" id=\"wpforms-submit-35072\" class=\"wpforms-submit\" data-alt-text=\"Enviant...\" data-submit-text=\"Enviar\" aria-live=\"assertive\" value=\"wpforms-submit\">Enviar<\/button><img loading=\"lazy\" decoding=\"async\" src=\"https:\/\/infermeriabalear.com\/wp-content\/plugins\/wpforms\/assets\/images\/submit-spin.svg\" class=\"wpforms-submit-spinner\" style=\"display: none;\" width=\"26\" height=\"26\" alt=\"S&#039;est\u00e0 carregant\"><\/div><input type=\"hidden\" name=\"trp-form-language\" value=\"ca\"\/><\/form><\/div>  <!-- .wpforms-container -->","protected":false},"excerpt":{"rendered":"","protected":false},"author":9,"featured_media":0,"parent":0,"menu_order":0,"comment_status":"closed","ping_status":"closed","template":"","meta":{"footnotes":""},"class_list":["post-35099","page","type-page","status-publish","hentry"],"_links":{"self":[{"href":"https:\/\/infermeriabalear.com\/ca\/wp-json\/wp\/v2\/pages\/35099","targetHints":{"allow":["GET"]}}],"collection":[{"href":"https:\/\/infermeriabalear.com\/ca\/wp-json\/wp\/v2\/pages"}],"about":[{"href":"https:\/\/infermeriabalear.com\/ca\/wp-json\/wp\/v2\/types\/page"}],"author":[{"embeddable":true,"href":"https:\/\/infermeriabalear.com\/ca\/wp-json\/wp\/v2\/users\/9"}],"replies":[{"embeddable":true,"href":"https:\/\/infermeriabalear.com\/ca\/wp-json\/wp\/v2\/comments?post=35099"}],"version-history":[{"count":3,"href":"https:\/\/infermeriabalear.com\/ca\/wp-json\/wp\/v2\/pages\/35099\/revisions"}],"predecessor-version":[{"id":44816,"href":"https:\/\/infermeriabalear.com\/ca\/wp-json\/wp\/v2\/pages\/35099\/revisions\/44816"}],"wp:attachment":[{"href":"https:\/\/infermeriabalear.com\/ca\/wp-json\/wp\/v2\/media?parent=35099"}],"curies":[{"name":"wp","href":"https:\/\/api.w.org\/{rel}","templated":true}]}}