{"id":35575,"date":"2023-10-19T10:54:51","date_gmt":"2023-10-19T08:54:51","guid":{"rendered":"https:\/\/infermeriabalear.com\/?page_id=35575"},"modified":"2026-03-17T13:02:29","modified_gmt":"2026-03-17T12:02:29","slug":"canal-denuncias","status":"publish","type":"page","link":"https:\/\/infermeriabalear.com\/ca\/canal-denuncias\/","title":{"rendered":"Canal de den\u00fancies"},"content":{"rendered":"<div class=\"wpb-content-wrapper\"><div      class=\"vc_row wpb_row section  grid_section\" style=' text-align:left;'><div class=\"section_inner clearfix\"><div class='section_inner_margin clearfix'><div class=\"wpb_column vc_column_container vc_col-sm-12\"><div class=\"vc_column-inner\"><div class=\"wpb_wrapper\"><div class=\"vc_empty_space\"   style=\"height: 50px\"><span class=\"vc_empty_space_inner\"><\/span><\/div><\/div><\/div><\/div><\/div><\/div><\/div><div      class=\"vc_row wpb_row section  grid_section\" style=' text-align:left;'><div class=\"section_inner clearfix\"><div class='section_inner_margin clearfix'><div class=\"wpb_column vc_column_container vc_col-sm-12\"><div class=\"vc_column-inner\"><div class=\"wpb_wrapper\">\n\t<div class=\"wpb_text_column wpb_content_element\" >\n\t\t<div class=\"wpb_wrapper\">\n\t\t\t<h2 style=\"text-align: center;\">Pol\u00edtiques del sistema intern d'informaci\u00f3<\/h2>\n\n\t\t<\/div>\n\t<\/div>\n<div class=\"vc_empty_space\"   style=\"height: 35px\"><span class=\"vc_empty_space_inner\"><\/span><\/div>\n\t<div class=\"wpb_text_column wpb_content_element\" >\n\t\t<div class=\"wpb_wrapper\">\n\t\t\t<p>El Sistema Intern d\u2019Informaci\u00f3 del COL\u00b7LEGI OFICIAL D\u2019INFERMERES I INFERMERS DE LES ILLES BALEARS \u00e9s el canal per comunicar, de manera confidencial i efectiva, qualsevol informaci\u00f3 sobre fets irregulars comesos pel COL\u00b7LEGI OFICIAL D\u2019INFERMERES I INFERMERS DE LES ILLES BALEARS o pel seu personal, que hagin estat coneguts en el marc d\u2019una relaci\u00f3 laboral o professional mantinguda amb la nostra organitzaci\u00f3, d\u2019acord amb el que disposa la Llei 2\/2023, de 20 de febrer.<\/p>\n<p>L'organitzaci\u00f3 ha configurat el sistema intern d'informaci\u00f3 a trav\u00e9s dels canals seg\u00fcents:<\/p>\n\n\t\t<\/div>\n\t<\/div>\n<\/div><\/div><\/div><\/div><\/div><\/div><div      class=\"vc_row wpb_row section  grid_section\" style=' text-align:left;'><div class=\"section_inner clearfix\"><div class='section_inner_margin clearfix'><div class=\"wpb_column vc_column_container vc_col-sm-6\"><div class=\"vc_column-inner\"><div class=\"wpb_wrapper\">\n\t<div class=\"wpb_text_column wpb_content_element\" >\n\t\t<div class=\"wpb_wrapper\">\n\t\t\t<p><strong>Per escrit:<\/strong><\/p>\n<ul>\n<li>A trav\u00e9s del seg\u00fcent enlla\u00e7: <a href=\"https:\/\/portaldenuncias.online\/protecmir-col%C2%B7legi_oficial_d%E2%80%99infermeres_i_infermers_de_les_illes_balears-b7a56873c\" target=\"_blank\" rel=\"noopener\">online\/protecmir-col\u00b7legi_oficial_d\u2019infermeres_i_infermers_de_les_illes_balears-b7a56873c<\/a><\/li>\n<\/ul>\n<ul>\n<li>A trav\u00e9s de correu postal, dirigit al  Responsable del Sistema intern d\u2019informaci\u00f3 de l\u2019organitzaci\u00f3 COL\u00b7LEGI OFICIAL D\u2019INFERMERES I INFERMERS DE LES ILLES BALEARS  en C\/ ALMIRALL GRAVINA 1, C.P.:07014, PALMA DE MALLORCA, BALEARES.<\/li>\n<\/ul>\n\n\t\t<\/div>\n\t<\/div>\n<\/div><\/div><\/div><div class=\"wpb_column vc_column_container vc_col-sm-6\"><div class=\"vc_column-inner\"><div class=\"wpb_wrapper\">\n\t<div class=\"wpb_text_column wpb_content_element\" >\n\t\t<div class=\"wpb_wrapper\">\n\t\t\t<p><strong>Verbalment:<\/strong><\/p>\n<ul>\n<li>Mitjan\u00e7ant el sistema de missatgeria de veu, trucant al tel\u00e8fon: 971 460612<\/li>\n<li>A sol\u00b7licitud de l\u2019informant, tamb\u00e9 es podr\u00e0 presentar la informaci\u00f3 mitjan\u00e7ant una reuni\u00f3 presencial amb el Responsable del Sistema, dins el termini m\u00e0xim de set dies des de la presentaci\u00f3 de la sol\u00b7licitud.<\/li>\n<\/ul>\n\n\t\t<\/div>\n\t<\/div>\n<\/div><\/div><\/div><\/div><\/div><\/div><div      class=\"vc_row wpb_row section  grid_section\" style=' text-align:left;'><div class=\"section_inner clearfix\"><div class='section_inner_margin clearfix'><div class=\"wpb_column vc_column_container vc_col-sm-12\"><div class=\"vc_column-inner\"><div class=\"wpb_wrapper\"><div class=\"vc_empty_space\"   style=\"height: 40px\"><span class=\"vc_empty_space_inner\"><\/span><\/div>\n\t<div class=\"wpb_text_column wpb_content_element\" >\n\t\t<div class=\"wpb_wrapper\">\n\t\t\t<p>- Al marge d'aquests canals es poden interposar comunicacions davant dels canals externs d'informaci\u00f3 de les autoritats competents, concretament davant de:<\/p>\n<p>L\u2019Autoritat Independent de Protecci\u00f3 de l\u2019Informant, A.A.I. a trav\u00e9s del seg\u00fcent enlla\u00e7:<\/p>\n<p><a href=\"https:\/\/www.proteccioninformante.gob.es\/\" target=\"_blank\" rel=\"noopener\">NOTA INFORMATIVA - Autoritat Independent de Protecci\u00f3 a l\u2019Informant<\/a><\/p>\n<p>&nbsp;<\/p>\n<hr \/>\n<p>&nbsp;<\/p>\n<p>-Rebuda la den\u00fancia, el responsable del Sistema intern d'informaci\u00f3 comunicar\u00e0 el justificant de recepci\u00f3 de la den\u00fancia al denunciant en un termini inferior a 7 dies, en els sup\u00f2sits de den\u00fancies nominals. En qualsevol cas, s'informar\u00e0 el denunciant dels drets i les obligacions establerts per la normativa de protecci\u00f3 de dades de car\u00e0cter personal.<\/p>\n<p>-El responsable del Sistema intern d\u2019informaci\u00f3, emetr\u00e0 un informe motivat que estimar\u00e0 o desestimar\u00e0 la comunicaci\u00f3 interposada, justificant, en qualsevol cas, la decisi\u00f3 adoptada. L'informe es notificar\u00e0 a l'informant i a la persona afectada en un termini de m\u00e0xim de 3 mesos a partir del venciment del termini de set dies despr\u00e9s d'efectuar-se la comunicaci\u00f3, llevat de casos d'especial complexitat que requereixin una ampliaci\u00f3 del termini, cas en qu\u00e8 aquest es podr\u00e0 estendre fins a un m\u00e0xim de tres mesos addicionals.<\/p>\n<p>-Durant la tramitaci\u00f3 de la den\u00fancia, es pot mantenir la comunicaci\u00f3 i el contacte amb l'informant\/denunciant i, si es considera necessari, sol\u00b7licitar a la persona informant informaci\u00f3 addicional.<\/p>\n<p>-Es garanteix que la persona afectada per la informaci\u00f3 o den\u00fancia en tingui not\u00edcia, aix\u00ed com, dels fets relatats de manera succinta. Addicionalment, se us informar\u00e0 del dret que t\u00e9 a presentar al\u00b7legacions per escrit i del tractament de les vostres dades personals. Aix\u00f2 no obstant, aquesta informaci\u00f3 es pot efectuar en el tr\u00e0mit d'audi\u00e8ncia si es considera que la seva aportaci\u00f3 amb anterioritat pogu\u00e9s facilitar l'ocultaci\u00f3, la destrucci\u00f3 o l'alteraci\u00f3 de les proves.<\/p>\n<p>-El responsable del sistema intern d'informaci\u00f3\/canal de den\u00fancies garanteix la confidencialitat a tots aquells que utilitzin el sistema intern d'informaci\u00f3\/canal de den\u00fancies. A m\u00e9s, garanteix la confidencialitat quan la comunicaci\u00f3 sigui remesa per canals de den\u00fancia que no siguin els establerts o a membres del personal no responsable del seu tractament.<\/p>\n<p>-Durant la tramitaci\u00f3 de l'expedient, les persones afectades per la comunicaci\u00f3 tindran dret a la presumpci\u00f3 d'innoc\u00e8ncia, al dret de defensa i al dret d'acc\u00e9s a l'expedient, aix\u00ed com, a la mateixa protecci\u00f3 establerta per als informants, preservant-ne la identitat i garantint-se la confidencialitat dels fets i les dades del procediment.<\/p>\n<p>-Els tractaments de dades personals que derivin de l'aplicaci\u00f3 d'aquest procediment es regiran pel que disposa el Reglament (UE) 2016\/679 del Parlament Europeu i del Consell, de 27 d'abril de 2016, a la Llei Org\u00e0nica 3\/2018, de 5 de desembre, de Protecci\u00f3 de Dades Personals i garantia dels drets 26 de maig, de protecci\u00f3 de dades personals tractades per a fins de prevenci\u00f3, detecci\u00f3, investigaci\u00f3 i enjudiciament d'infraccions penals i d'execuci\u00f3 de sancions penals.<\/p>\n<p>-El responsable del Sistema intern d'informaci\u00f3\/canal de den\u00fancies, remetr\u00e0 amb car\u00e0cter immediat la informaci\u00f3 al Ministeri Fiscal quan els fets poguessin ser indici\u00e0riament constitutius de delicte o a la Fiscalia Europea, en cas que els fets afectin els interessos financers de la Uni\u00f3 Europea.<\/p>\n<p>-L'organitzaci\u00f3 garanteix l'abs\u00e8ncia de repres\u00e0lies contra qualsevol que, posi en el seu coneixement una possible conducta il\u00b7l\u00edcita o hagi comunicat un incompliment normatiu o col\u00b7labori en la investigaci\u00f3 o ajudi a resoldre-la.<\/p>\n<p>-Les persones que comuniquin o revelin infraccions recollides a l'Art. 2 de la Llei 2\/2023, de 20 de febrer i d'accions o omissions que puguin ser constitutives d'infracci\u00f3 penal o administrativa greu o molt greu, tindran dret a les mesures de protecci\u00f3 sempre que concorrin les condicions recollides a l'article 35 de la norma esmentada. Les mesures de protecci\u00f3 apareixen recollides a l'article 38 de la Llei 2\/2023, de 20 de febrer.<\/p>\n<p>-La den\u00fancia o informaci\u00f3 ser\u00e0 custodiada a les depend\u00e8ncies de l'organitzaci\u00f3 de conformitat amb la seva pol\u00edtica d'arxiu i conservaci\u00f3 de documents.<\/p>\n<p>-L\u2019organitzaci\u00f3 disposa d\u2019un registre de totes les den\u00fancies rebudes. Les den\u00fancies es conservaran \u00fanicament durant el per\u00edode que sigui necessari i proporcionat a l'efecte de complir els requisits imposats per la Llei 2\/2023, de 20 de febrer, reguladora de la protecci\u00f3 de les persones que informin sobre infraccions normatives i de lluita contra la corrupci\u00f3 i de conformitat amb el que disposa l'article 24 i altres articles aplicables de la Llei org\u00e0nica de 3\/201 drets digitals.<\/p>\n<p>&nbsp;<\/p>\n<p>ENLLA\u00c7 FORMULARI DE DEN\u00daNCIES: <a href=\"https:\/\/portaldenuncias.online\/protecmir-col%C2%B7legi_oficial_d%E2%80%99infermeres_i_infermers_de_les_illes_balears-b7a56873c\" target=\"_blank\" rel=\"noopener\">portaldenuncias.online\/protecmir-col\u00b7legi_oficial_d\u2019infermeres_i_infermers_de_les_illes_balears-b7a56873c<\/a><\/p>\n<p><img loading=\"lazy\" decoding=\"async\" class=\"alignright wp-image-35599\" src=\"https:\/\/infermeriabalear.com\/wp-content\/uploads\/2023\/10\/Reminder-notification-template-instagram-stories.png\" alt=\"\" width=\"295\" height=\"525\" srcset=\"https:\/\/infermeriabalear.com\/wp-content\/uploads\/2023\/10\/Reminder-notification-template-instagram-stories.png 1080w, https:\/\/infermeriabalear.com\/wp-content\/uploads\/2023\/10\/Reminder-notification-template-instagram-stories-169x300.png 169w, https:\/\/infermeriabalear.com\/wp-content\/uploads\/2023\/10\/Reminder-notification-template-instagram-stories-768x1365.png 768w, https:\/\/infermeriabalear.com\/wp-content\/uploads\/2023\/10\/Reminder-notification-template-instagram-stories-864x1536.png 864w, https:\/\/infermeriabalear.com\/wp-content\/uploads\/2023\/10\/Reminder-notification-template-instagram-stories-7x12.png 7w\" sizes=\"auto, (max-width: 295px) 100vw, 295px\" \/><\/p>\n<p>&nbsp;<\/p>\n<p>&nbsp;<\/p>\n<p>&nbsp;<\/p>\n<p>&nbsp;<\/p>\n<p>&nbsp;<\/p>\n<p>&nbsp;<\/p>\n<p>&nbsp;<\/p>\n<p>&nbsp;<\/p>\n<p>&nbsp;<\/p>\n<p>&nbsp;<\/p>\n<p>&nbsp;<\/p>\n<p>&nbsp;<\/p>\n<p>&nbsp;<\/p>\n<p>&nbsp;<\/p>\n<p>&nbsp;<\/p>\n<p>&nbsp;<\/p>\n<p>.<\/p>\n\n\t\t<\/div>\n\t<\/div>\n<div class=\"vc_empty_space\"   style=\"height: 70px\"><span class=\"vc_empty_space_inner\"><\/span><\/div><\/div><\/div><\/div><\/div><\/div><\/div>\n<\/div>","protected":false},"excerpt":{"rendered":"Pol\u00edticas del sistema interno de informaci\u00f3n El Sistema Interno de Informaci\u00f3n del COL\u00b7LEGI OFICIAL D\u2019INFERMERES I INFERMERS DE LES ILLES...","protected":false},"author":9,"featured_media":0,"parent":0,"menu_order":0,"comment_status":"open","ping_status":"closed","template":"full_width.php","meta":{"footnotes":""},"class_list":["post-35575","page","type-page","status-publish","hentry"],"_links":{"self":[{"href":"https:\/\/infermeriabalear.com\/ca\/wp-json\/wp\/v2\/pages\/35575","targetHints":{"allow":["GET"]}}],"collection":[{"href":"https:\/\/infermeriabalear.com\/ca\/wp-json\/wp\/v2\/pages"}],"about":[{"href":"https:\/\/infermeriabalear.com\/ca\/wp-json\/wp\/v2\/types\/page"}],"author":[{"embeddable":true,"href":"https:\/\/infermeriabalear.com\/ca\/wp-json\/wp\/v2\/users\/9"}],"replies":[{"embeddable":true,"href":"https:\/\/infermeriabalear.com\/ca\/wp-json\/wp\/v2\/comments?post=35575"}],"version-history":[{"count":16,"href":"https:\/\/infermeriabalear.com\/ca\/wp-json\/wp\/v2\/pages\/35575\/revisions"}],"predecessor-version":[{"id":46969,"href":"https:\/\/infermeriabalear.com\/ca\/wp-json\/wp\/v2\/pages\/35575\/revisions\/46969"}],"wp:attachment":[{"href":"https:\/\/infermeriabalear.com\/ca\/wp-json\/wp\/v2\/media?parent=35575"}],"curies":[{"name":"wp","href":"https:\/\/api.w.org\/{rel}","templated":true}]}}