{"id":39143,"date":"2024-07-04T10:09:56","date_gmt":"2024-07-04T08:09:56","guid":{"rendered":"https:\/\/infermeriabalear.com\/?page_id=39143"},"modified":"2024-07-04T10:09:56","modified_gmt":"2024-07-04T08:09:56","slug":"ayudas-rotaciones-externas-eir","status":"publish","type":"page","link":"https:\/\/infermeriabalear.com\/ca\/ayudas-rotaciones-externas-eir\/","title":{"rendered":"Ajuts rotacions externes IIR"},"content":{"rendered":"<div class=\"wpforms-container wpforms-container-full wpforms-block wpforms-render-modern\" id=\"wpforms-39139\"><form id=\"wpforms-form-39139\" class=\"wpforms-validate wpforms-form wpforms-ajax-form\" data-formid=\"39139\" method=\"post\" enctype=\"multipart\/form-data\" action=\"\/ca\/wp-json\/wp\/v2\/pages\/39143?wpforms_form_id=39139\" data-token=\"169d6eaea309e2fd0e3bbf3191c4d579\" data-token-time=\"1775609773\" data-trp-original-action=\"\/ca\/wp-json\/wp\/v2\/pages\/39143?wpforms_form_id=39139\"><noscript class=\"wpforms-error-noscript\">Activeu el JavaScript al navegador per a poder completar el formulari.<\/noscript><div id=\"wpforms-error-noscript\" style=\"display: none;\">Activeu el JavaScript al navegador per a poder completar el formulari.<\/div><div class=\"wpforms-field-container\"><div id=\"wpforms-39139-field_13-container\" class=\"wpforms-field wpforms-field-divider\" data-field-id=\"13\"><h3 id=\"wpforms-39139-field_13\" aria-errormessage=\"wpforms-39139-field_13-error\">Dades del \/ la sol\u00b7licitant<\/h3><\/div><div id=\"wpforms-39139-field_1-container\" class=\"wpforms-field wpforms-field-text\" data-field-id=\"1\"><label class=\"wpforms-field-label\" for=\"wpforms-39139-field_1\">Nom <span class=\"wpforms-required-label\" aria-hidden=\"true\">*<\/span><\/label><input type=\"text\" id=\"wpforms-39139-field_1\" class=\"wpforms-field-medium wpforms-field-required\" name=\"wpforms[fields][1]\" aria-errormessage=\"wpforms-39139-field_1-error\" required><\/div><div id=\"wpforms-39139-field_2-container\" class=\"wpforms-field wpforms-field-text\" data-field-id=\"2\"><label class=\"wpforms-field-label\" for=\"wpforms-39139-field_2\">Llinatges <span class=\"wpforms-required-label\" aria-hidden=\"true\">*<\/span><\/label><input type=\"text\" id=\"wpforms-39139-field_2\" class=\"wpforms-field-medium wpforms-field-required\" name=\"wpforms[fields][2]\" aria-errormessage=\"wpforms-39139-field_2-error\" required><\/div><div id=\"wpforms-39139-field_3-container\" class=\"wpforms-field wpforms-field-text\" data-field-id=\"3\"><label class=\"wpforms-field-label\" for=\"wpforms-39139-field_3\">DNI \/ NIE <span class=\"wpforms-required-label\" aria-hidden=\"true\">*<\/span><\/label><input type=\"text\" id=\"wpforms-39139-field_3\" class=\"wpforms-field-medium wpforms-field-required\" name=\"wpforms[fields][3]\" aria-errormessage=\"wpforms-39139-field_3-error\" required><\/div><div id=\"wpforms-39139-field_4-container\" class=\"wpforms-field wpforms-field-number\" data-field-id=\"4\"><label class=\"wpforms-field-label\" for=\"wpforms-39139-field_4\">N\u00famero de col\u00b7legiada\/t<\/label><input type=\"number\" id=\"wpforms-39139-field_4\" class=\"wpforms-field-medium\" name=\"wpforms[fields][4]\" step=\"any\" aria-errormessage=\"wpforms-39139-field_4-error\" ><\/div><div id=\"wpforms-39139-field_5-container\" class=\"wpforms-field wpforms-field-phone\" data-field-id=\"5\"><label class=\"wpforms-field-label\" for=\"wpforms-39139-field_5\">Tel\u00e8fon <span class=\"wpforms-required-label\" aria-hidden=\"true\">*<\/span><\/label><input type=\"tel\" id=\"wpforms-39139-field_5\" class=\"wpforms-field-medium wpforms-field-required wpforms-smart-phone-field\" data-rule-smart-phone-field=\"true\" name=\"wpforms[fields][5]\" aria-label=\"Tel\u00e8fon\" aria-errormessage=\"wpforms-39139-field_5-error\" required><\/div><div id=\"wpforms-39139-field_6-container\" class=\"wpforms-field wpforms-field-email\" data-field-id=\"6\"><label class=\"wpforms-field-label\" for=\"wpforms-39139-field_6\">Correu electr\u00f2nic <span class=\"wpforms-required-label\" aria-hidden=\"true\">*<\/span><\/label><input type=\"email\" id=\"wpforms-39139-field_6\" class=\"wpforms-field-medium wpforms-field-required\" name=\"wpforms[fields][6]\" spellcheck=\"false\" aria-errormessage=\"wpforms-39139-field_6-error\" required><\/div><div id=\"wpforms-39139-field_38-container\" class=\"wpforms-field wpforms-field-text\" data-field-id=\"38\"><label class=\"wpforms-field-label\" for=\"wpforms-39139-field_38\">Especialitat de la teva resid\u00e8ncia: <span class=\"wpforms-required-label\" aria-hidden=\"true\">*<\/span><\/label><input type=\"text\" id=\"wpforms-39139-field_38\" class=\"wpforms-field-medium wpforms-field-required\" name=\"wpforms[fields][38]\" aria-errormessage=\"wpforms-39139-field_38-error\" required><\/div><div id=\"wpforms-39139-field_39-container\" class=\"wpforms-field wpforms-field-text\" data-field-id=\"39\"><label class=\"wpforms-field-label\" for=\"wpforms-39139-field_39\">Unitat docent: <span class=\"wpforms-required-label\" aria-hidden=\"true\">*<\/span><\/label><input type=\"text\" id=\"wpforms-39139-field_39\" class=\"wpforms-field-medium wpforms-field-required\" name=\"wpforms[fields][39]\" aria-errormessage=\"wpforms-39139-field_39-error\" required><\/div><div id=\"wpforms-39139-field_34-container\" class=\"wpforms-field wpforms-field-date-time\" data-field-id=\"34\"><fieldset><legend class=\"wpforms-field-label\">Data d'nici de la rotaci\u00f3<\/legend><div class=\"wpforms-field-date-dropdown-wrap wpforms-field-small\"><select name=\"wpforms[fields][34][date][m]\" id=\"wpforms-39139-field_34-month\" class=\"wpforms-field-date-time-date-month\" aria-label=\"Month\" ><option value=\"\" class=\"placeholder\" selected disabled>MM<\/option><option value=\"1\" >1<\/option><option value=\"2\" >2<\/option><option value=\"3\" >3<\/option><option value=\"4\" >4<\/option><option value=\"5\" >5<\/option><option value=\"6\" >6<\/option><option value=\"7\" >7<\/option><option value=\"8\" >8<\/option><option value=\"9\" >9<\/option><option value=\"10\" >10<\/option><option value=\"11\" >11<\/option><option value=\"12\" >12<\/option><\/select><select name=\"wpforms[fields][34][date][d]\" id=\"wpforms-39139-field_34-day\" class=\"wpforms-field-date-time-date-day\" aria-label=\"Day\" ><option value=\"\" class=\"placeholder\" selected disabled>DD<\/option><option value=\"1\" >1<\/option><option value=\"2\" >2<\/option><option value=\"3\" >3<\/option><option value=\"4\" >4<\/option><option value=\"5\" >5<\/option><option value=\"6\" >6<\/option><option value=\"7\" >7<\/option><option value=\"8\" >8<\/option><option value=\"9\" >9<\/option><option value=\"10\" >10<\/option><option value=\"11\" >11<\/option><option value=\"12\" >12<\/option><option value=\"13\" >13<\/option><option value=\"14\" >14<\/option><option value=\"15\" >15<\/option><option value=\"16\" >16<\/option><option value=\"17\" >17<\/option><option value=\"18\" >18<\/option><option value=\"19\" >19<\/option><option value=\"20\" >20<\/option><option value=\"21\" >21<\/option><option value=\"22\" >22<\/option><option value=\"23\" >23<\/option><option value=\"24\" >24<\/option><option value=\"25\" >25<\/option><option value=\"26\" >26<\/option><option value=\"27\" >27<\/option><option value=\"28\" >28<\/option><option value=\"29\" >29<\/option><option value=\"30\" >30<\/option><option value=\"31\" >31<\/option><\/select><select name=\"wpforms[fields][34][date][y]\" id=\"wpforms-39139-field_34-year\" class=\"wpforms-field-date-time-date-year\" aria-label=\"Year\" ><option value=\"\" class=\"placeholder\" selected disabled>YYYY<\/option><option value=\"2027\" >2027<\/option><option value=\"2026\" >2026<\/option><option value=\"2025\" >2025<\/option><option value=\"2024\" >2024<\/option><option value=\"2023\" >2023<\/option><option value=\"2022\" >2022<\/option><option value=\"2021\" >2021<\/option><option value=\"2020\" >2020<\/option><option value=\"2019\" >2019<\/option><option value=\"2018\" >2018<\/option><option value=\"2017\" >2017<\/option><option value=\"2016\" >2016<\/option><option value=\"2015\" >2015<\/option><option value=\"2014\" >2014<\/option><option value=\"2013\" >2013<\/option><option value=\"2012\" >2012<\/option><option value=\"2011\" >2011<\/option><option value=\"2010\" >2010<\/option><option value=\"2009\" >2009<\/option><option value=\"2008\" >2008<\/option><option value=\"2007\" >2007<\/option><option value=\"2006\" >2006<\/option><option value=\"2005\" >2005<\/option><option value=\"2004\" >2004<\/option><option value=\"2003\" >2003<\/option><option value=\"2002\" >2002<\/option><option value=\"2001\" >2001<\/option><option value=\"2000\" >2000<\/option><option value=\"1999\" >1999<\/option><option value=\"1998\" >1998<\/option><option value=\"1997\" >1997<\/option><option value=\"1996\" >1996<\/option><option value=\"1995\" >1995<\/option><option value=\"1994\" >1994<\/option><option value=\"1993\" >1993<\/option><option value=\"1992\" >1992<\/option><option value=\"1991\" >1991<\/option><option value=\"1990\" >1990<\/option><option value=\"1989\" >1989<\/option><option value=\"1988\" >1988<\/option><option value=\"1987\" >1987<\/option><option value=\"1986\" >1986<\/option><option value=\"1985\" >1985<\/option><option value=\"1984\" >1984<\/option><option value=\"1983\" >1983<\/option><option value=\"1982\" >1982<\/option><option value=\"1981\" >1981<\/option><option value=\"1980\" >1980<\/option><option value=\"1979\" >1979<\/option><option value=\"1978\" >1978<\/option><option value=\"1977\" >1977<\/option><option value=\"1976\" >1976<\/option><option value=\"1975\" >1975<\/option><option value=\"1974\" >1974<\/option><option value=\"1973\" >1973<\/option><option value=\"1972\" >1972<\/option><option value=\"1971\" >1971<\/option><option value=\"1970\" >1970<\/option><option value=\"1969\" >1969<\/option><option value=\"1968\" >1968<\/option><option value=\"1967\" >1967<\/option><option value=\"1966\" >1966<\/option><option value=\"1965\" >1965<\/option><option value=\"1964\" >1964<\/option><option value=\"1963\" >1963<\/option><option value=\"1962\" >1962<\/option><option value=\"1961\" >1961<\/option><option value=\"1960\" >1960<\/option><option value=\"1959\" >1959<\/option><option value=\"1958\" >1958<\/option><option value=\"1957\" >1957<\/option><option value=\"1956\" >1956<\/option><option value=\"1955\" >1955<\/option><option value=\"1954\" >1954<\/option><option value=\"1953\" >1953<\/option><option value=\"1952\" >1952<\/option><option value=\"1951\" >1951<\/option><option value=\"1950\" >1950<\/option><option value=\"1949\" >1949<\/option><option value=\"1948\" >1948<\/option><option value=\"1947\" >1947<\/option><option value=\"1946\" >1946<\/option><option value=\"1945\" >1945<\/option><option value=\"1944\" >1944<\/option><option value=\"1943\" >1943<\/option><option value=\"1942\" >1942<\/option><option value=\"1941\" >1941<\/option><option value=\"1940\" >1940<\/option><option value=\"1939\" >1939<\/option><option value=\"1938\" >1938<\/option><option value=\"1937\" >1937<\/option><option value=\"1936\" >1936<\/option><option value=\"1935\" >1935<\/option><option value=\"1934\" >1934<\/option><option value=\"1933\" >1933<\/option><option value=\"1932\" >1932<\/option><option value=\"1931\" >1931<\/option><option value=\"1930\" >1930<\/option><option value=\"1929\" >1929<\/option><option value=\"1928\" >1928<\/option><option value=\"1927\" >1927<\/option><option value=\"1926\" >1926<\/option><option value=\"1925\" >1925<\/option><option value=\"1924\" >1924<\/option><option value=\"1923\" >1923<\/option><option value=\"1922\" >1922<\/option><option value=\"1921\" >1921<\/option><option value=\"1920\" >1920<\/option><\/select><\/div><\/fieldset><\/div><div id=\"wpforms-39139-field_35-container\" class=\"wpforms-field wpforms-field-date-time\" data-field-id=\"35\"><fieldset><legend class=\"wpforms-field-label\">Data de finalitzaci\u00f3 de la rotaci\u00f3<\/legend><div class=\"wpforms-field-date-dropdown-wrap wpforms-field-small\"><select name=\"wpforms[fields][35][date][m]\" id=\"wpforms-39139-field_35-month\" class=\"wpforms-field-date-time-date-month\" aria-label=\"Month\" ><option value=\"\" class=\"placeholder\" selected disabled>MM<\/option><option value=\"1\" >1<\/option><option value=\"2\" >2<\/option><option value=\"3\" >3<\/option><option value=\"4\" >4<\/option><option value=\"5\" >5<\/option><option value=\"6\" >6<\/option><option value=\"7\" >7<\/option><option value=\"8\" >8<\/option><option value=\"9\" >9<\/option><option value=\"10\" >10<\/option><option value=\"11\" >11<\/option><option value=\"12\" >12<\/option><\/select><select name=\"wpforms[fields][35][date][d]\" id=\"wpforms-39139-field_35-day\" class=\"wpforms-field-date-time-date-day\" aria-label=\"Day\" ><option value=\"\" class=\"placeholder\" selected disabled>DD<\/option><option value=\"1\" >1<\/option><option value=\"2\" >2<\/option><option value=\"3\" >3<\/option><option value=\"4\" >4<\/option><option value=\"5\" >5<\/option><option value=\"6\" >6<\/option><option value=\"7\" >7<\/option><option value=\"8\" >8<\/option><option value=\"9\" >9<\/option><option value=\"10\" >10<\/option><option value=\"11\" >11<\/option><option value=\"12\" >12<\/option><option value=\"13\" >13<\/option><option value=\"14\" >14<\/option><option value=\"15\" >15<\/option><option value=\"16\" >16<\/option><option value=\"17\" >17<\/option><option value=\"18\" >18<\/option><option value=\"19\" >19<\/option><option value=\"20\" >20<\/option><option value=\"21\" >21<\/option><option value=\"22\" >22<\/option><option value=\"23\" >23<\/option><option value=\"24\" >24<\/option><option value=\"25\" >25<\/option><option value=\"26\" >26<\/option><option value=\"27\" >27<\/option><option value=\"28\" >28<\/option><option value=\"29\" >29<\/option><option value=\"30\" >30<\/option><option value=\"31\" >31<\/option><\/select><select name=\"wpforms[fields][35][date][y]\" id=\"wpforms-39139-field_35-year\" class=\"wpforms-field-date-time-date-year\" aria-label=\"Year\" ><option value=\"\" class=\"placeholder\" selected disabled>YYYY<\/option><option value=\"2027\" >2027<\/option><option value=\"2026\" >2026<\/option><option value=\"2025\" >2025<\/option><option value=\"2024\" >2024<\/option><option value=\"2023\" >2023<\/option><option value=\"2022\" >2022<\/option><option value=\"2021\" >2021<\/option><option value=\"2020\" >2020<\/option><option value=\"2019\" >2019<\/option><option value=\"2018\" >2018<\/option><option value=\"2017\" >2017<\/option><option value=\"2016\" >2016<\/option><option value=\"2015\" >2015<\/option><option value=\"2014\" >2014<\/option><option value=\"2013\" >2013<\/option><option value=\"2012\" >2012<\/option><option value=\"2011\" >2011<\/option><option value=\"2010\" >2010<\/option><option value=\"2009\" >2009<\/option><option value=\"2008\" >2008<\/option><option value=\"2007\" >2007<\/option><option value=\"2006\" >2006<\/option><option value=\"2005\" >2005<\/option><option value=\"2004\" >2004<\/option><option value=\"2003\" >2003<\/option><option value=\"2002\" >2002<\/option><option value=\"2001\" >2001<\/option><option value=\"2000\" >2000<\/option><option value=\"1999\" >1999<\/option><option value=\"1998\" >1998<\/option><option value=\"1997\" >1997<\/option><option value=\"1996\" >1996<\/option><option value=\"1995\" >1995<\/option><option value=\"1994\" >1994<\/option><option value=\"1993\" >1993<\/option><option value=\"1992\" >1992<\/option><option value=\"1991\" >1991<\/option><option value=\"1990\" >1990<\/option><option value=\"1989\" >1989<\/option><option value=\"1988\" >1988<\/option><option value=\"1987\" >1987<\/option><option value=\"1986\" >1986<\/option><option value=\"1985\" >1985<\/option><option value=\"1984\" >1984<\/option><option value=\"1983\" >1983<\/option><option value=\"1982\" >1982<\/option><option value=\"1981\" >1981<\/option><option value=\"1980\" >1980<\/option><option value=\"1979\" >1979<\/option><option value=\"1978\" >1978<\/option><option value=\"1977\" >1977<\/option><option value=\"1976\" >1976<\/option><option value=\"1975\" >1975<\/option><option value=\"1974\" >1974<\/option><option value=\"1973\" >1973<\/option><option value=\"1972\" >1972<\/option><option value=\"1971\" >1971<\/option><option value=\"1970\" >1970<\/option><option value=\"1969\" >1969<\/option><option value=\"1968\" >1968<\/option><option value=\"1967\" >1967<\/option><option value=\"1966\" >1966<\/option><option value=\"1965\" >1965<\/option><option value=\"1964\" >1964<\/option><option value=\"1963\" >1963<\/option><option value=\"1962\" >1962<\/option><option value=\"1961\" >1961<\/option><option value=\"1960\" >1960<\/option><option value=\"1959\" >1959<\/option><option value=\"1958\" >1958<\/option><option value=\"1957\" >1957<\/option><option value=\"1956\" >1956<\/option><option value=\"1955\" >1955<\/option><option value=\"1954\" >1954<\/option><option value=\"1953\" >1953<\/option><option value=\"1952\" >1952<\/option><option value=\"1951\" >1951<\/option><option value=\"1950\" >1950<\/option><option value=\"1949\" >1949<\/option><option value=\"1948\" >1948<\/option><option value=\"1947\" >1947<\/option><option value=\"1946\" >1946<\/option><option value=\"1945\" >1945<\/option><option value=\"1944\" >1944<\/option><option value=\"1943\" >1943<\/option><option value=\"1942\" >1942<\/option><option value=\"1941\" >1941<\/option><option value=\"1940\" >1940<\/option><option value=\"1939\" >1939<\/option><option value=\"1938\" >1938<\/option><option value=\"1937\" >1937<\/option><option value=\"1936\" >1936<\/option><option value=\"1935\" >1935<\/option><option value=\"1934\" >1934<\/option><option value=\"1933\" >1933<\/option><option value=\"1932\" >1932<\/option><option value=\"1931\" >1931<\/option><option value=\"1930\" >1930<\/option><option value=\"1929\" >1929<\/option><option value=\"1928\" >1928<\/option><option value=\"1927\" >1927<\/option><option value=\"1926\" >1926<\/option><option value=\"1925\" >1925<\/option><option value=\"1924\" >1924<\/option><option value=\"1923\" >1923<\/option><option value=\"1922\" >1922<\/option><option value=\"1921\" >1921<\/option><option value=\"1920\" >1920<\/option><\/select><\/div><\/fieldset><\/div><div id=\"wpforms-39139-field_14-container\" class=\"wpforms-field wpforms-field-divider\" data-field-id=\"14\"><h3 id=\"wpforms-39139-field_14\" aria-errormessage=\"wpforms-39139-field_14-error\">Adjuntar documentaci\u00f3:<\/h3><\/div><div id=\"wpforms-39139-field_37-container\" class=\"wpforms-field wpforms-field-content\" data-field-id=\"37\"><div id=\"wpforms-39139-field_37\" class=\"wpforms-field-large wpforms-field-row\" aria-errormessage=\"wpforms-39139-field_37-error\"><ul>\n<li>Projecte de rotaci\u00f3 a on constin les dates de realitzaci\u00f3 (inici i fi) i els objectius formatius,<\/li>\n<li>Mem\u00f2ria de la rotaci\u00f3 i un certificat del centre a on tindr\u00e0 lloc l'estada.<\/li>\n<li>Autoritzaci\u00f3 de la Unitat Docent Multiprofessional de la candidata \/ del candidat.<\/li>\n<li>Certificat d'acceptaci\u00f3 del candidat per part del centre a on es realitzar\u00e0 la rotaci\u00f3 externa.<\/li>\n<li>Justificant de pagament de les despeses contemplades en el punt 6 d'aquestes bases.<\/li>\n<li>Declaraci\u00f3 jurada (model annex II) degudament complimentada i signada, de no haver obtingut, ni sol\u00b7licitat (ni sol\u00b7licitar\u00e0) cap subvenci\u00f3 a altres entitats per la mateixa activitat.<\/li>\n<\/ul>\n<div class=\"wpforms-field-content-display-frontend-clear\"><\/div><\/div><\/div><div id=\"wpforms-39139-field_8-container\" class=\"wpforms-field wpforms-field-file-upload\" data-field-id=\"8\"><label class=\"wpforms-field-label\" for=\"wpforms-39139-field_8\">(Recomanam format pdf) <span class=\"wpforms-required-label\" aria-hidden=\"true\">*<\/span><\/label><div\n\t\tclass=\"wpforms-uploader\"\n\t\tdata-field-id=\"8\"\n\t\tdata-form-id=\"39139\"\n\t\tdata-input-name=\"wpforms_39139_8\"\n\t\tdata-extensions=\"jpg,jpeg,jpe,gif,png,bmp,tiff,tif,webp,avif,ico,heic,heif,heics,heifs,asf,asx,wmv,wmx,wm,avi,divx,mov,qt,mpeg,mpg,mpe,mp4,m4v,ogv,webm,mkv,3gp,3gpp,3g2,3gp2,txt,asc,c,cc,h,srt,csv,tsv,ics,rtx,css,vtt,mp3,m4a,m4b,aac,ra,ram,wav,x-wav,ogg,oga,flac,mid,midi,wma,wax,mka,rtf,pdf,class,tar,zip,gz,gzip,rar,7z,psd,xcf,doc,pot,pps,ppt,wri,xla,xls,xlt,xlw,mpp,docx,docm,dotx,dotm,xlsx,xlsm,xlsb,xltx,xltm,xlam,pptx,pptm,ppsx,ppsm,potx,potm,ppam,sldx,sldm,onetoc,onetoc2,onepkg,oxps,xps,odt,odp,ods,odg,odc,odb,odf,wp,wpd,key,numbers,pages,svg\"\n\t\tdata-max-size=\"67108864\"\n\t\tdata-max-file-number=\"20\"\n\t\tdata-post-max-size=\"67108864\"\n\t\tdata-max-parallel-uploads=\"4\"\n\t\tdata-parallel-uploads=\"true\"\n\t\tdata-file-chunk-size=\"2097152\">\n\t<div class=\"dz-message\">\n\t\t<svg viewbox=\"0 0 1024 1024\" focusable=\"false\" data-icon=\"inbox\" width=\"50px\" height=\"50px\" fill=\"currentColor\" aria-hidden=\"true\">\n\t\t\t<path d=\"M885.2 446.3l-.2-.8-112.2-285.1c-5-16.1-19.9-27.2-36.8-27.2H281.2c-17 0-32.1 11.3-36.9 27.6L139.4 443l-.3.7-.2.8c-1.3 4.9-1.7 9.9-1 14.8-.1 1.6-.2 3.2-.2 4.8V830a60.9 60.9 0 0 0 60.8 60.8h627.2c33.5 0 60.8-27.3 60.9-60.8V464.1c0-1.3 0-2.6-.1-3.7.4-4.9 0-9.6-1.3-14.1zm-295.8-43l-.3 15.7c-.8 44.9-31.8 75.1-77.1 75.1-22.1 0-41.1-7.1-54.8-20.6S436 441.2 435.6 419l-.3-15.7H229.5L309 210h399.2l81.7 193.3H589.4zm-375 76.8h157.3c24.3 57.1 76 90.8 140.4 90.8 33.7 0 65-9.4 90.3-27.2 22.2-15.6 39.5-37.4 50.7-63.6h156.5V814H214.4V480.1z\"><\/path>\n\t\t<\/svg>\n\t\t<span class=\"modern-title\">Click or drag files to this area to upload.<\/span>\n\n\t\t\t\t\t<span class=\"modern-hint\">You can upload up to 20 files.<\/span>\n\t\t\t<\/div>\n<\/div>\n<input\n\t\ttype=\"text\"\n\t\tautocomplete=\"off\"\n\t\treadonly\n\t\tclass=\"dropzone-input\"\n\t\tstyle=\"position:absolute!important;clip:rect(0,0,0,0)!important;height:1px!important;width:1px!important;border:0!important;overflow:hidden!important;padding:0!important;margin:0!important;\"\n\t\tid=\"wpforms-39139-field_8\"\n\t\tname=\"wpforms_39139_8\" required\t\tvalue=\"\">\n<\/div><div id=\"wpforms-39139-field_23-container\" class=\"wpforms-field wpforms-field-textarea\" data-field-id=\"23\"><label class=\"wpforms-field-label\" for=\"wpforms-39139-field_23\">Observacions<\/label><textarea id=\"wpforms-39139-field_23\" class=\"wpforms-field-medium\" name=\"wpforms[fields][23]\" aria-errormessage=\"wpforms-39139-field_23-error\" ><\/textarea><\/div><\/div><!-- .wpforms-field-container --><div class=\"wpforms-submit-container\" ><input type=\"hidden\" name=\"wpforms[id]\" value=\"39139\"><input type=\"hidden\" name=\"page_title\" value=\"\"><input type=\"hidden\" name=\"page_url\" value=\"https:\/\/infermeriabalear.com\/ca\/wp-json\/wp\/v2\/pages\/39143\"><input type=\"hidden\" name=\"url_referer\" value=\"\"><button type=\"submit\" name=\"wpforms[submit]\" id=\"wpforms-submit-39139\" class=\"wpforms-submit\" data-alt-text=\"Enviando...\" data-submit-text=\"Enviar\" aria-live=\"assertive\" value=\"wpforms-submit\">Enviar<\/button><img loading=\"lazy\" decoding=\"async\" src=\"https:\/\/infermeriabalear.com\/wp-content\/plugins\/wpforms\/assets\/images\/submit-spin.svg\" class=\"wpforms-submit-spinner\" style=\"display: none;\" width=\"26\" height=\"26\" alt=\"S&#039;est\u00e0 carregant\"><\/div><input type=\"hidden\" name=\"trp-form-language\" value=\"ca\"\/><\/form><\/div>  <!-- .wpforms-container -->","protected":false},"excerpt":{"rendered":"","protected":false},"author":9,"featured_media":0,"parent":0,"menu_order":0,"comment_status":"closed","ping_status":"closed","template":"","meta":{"footnotes":""},"class_list":["post-39143","page","type-page","status-publish","hentry"],"_links":{"self":[{"href":"https:\/\/infermeriabalear.com\/ca\/wp-json\/wp\/v2\/pages\/39143","targetHints":{"allow":["GET"]}}],"collection":[{"href":"https:\/\/infermeriabalear.com\/ca\/wp-json\/wp\/v2\/pages"}],"about":[{"href":"https:\/\/infermeriabalear.com\/ca\/wp-json\/wp\/v2\/types\/page"}],"author":[{"embeddable":true,"href":"https:\/\/infermeriabalear.com\/ca\/wp-json\/wp\/v2\/users\/9"}],"replies":[{"embeddable":true,"href":"https:\/\/infermeriabalear.com\/ca\/wp-json\/wp\/v2\/comments?post=39143"}],"version-history":[{"count":1,"href":"https:\/\/infermeriabalear.com\/ca\/wp-json\/wp\/v2\/pages\/39143\/revisions"}],"predecessor-version":[{"id":39144,"href":"https:\/\/infermeriabalear.com\/ca\/wp-json\/wp\/v2\/pages\/39143\/revisions\/39144"}],"wp:attachment":[{"href":"https:\/\/infermeriabalear.com\/ca\/wp-json\/wp\/v2\/media?parent=39143"}],"curies":[{"name":"wp","href":"https:\/\/api.w.org\/{rel}","templated":true}]}}