{"id":4193,"date":"2013-11-11T09:24:36","date_gmt":"2013-11-11T09:24:36","guid":{"rendered":"http:\/\/demo.qodeinteractive.com\/strata\/?page_id=4193"},"modified":"2023-10-19T10:21:00","modified_gmt":"2023-10-19T08:21:00","slug":"bienvenida","status":"publish","type":"page","link":"https:\/\/infermeriabalear.com\/ca\/bienvenida\/","title":{"rendered":"Benvinguda"},"content":{"rendered":"<div class=\"wpb-content-wrapper\"><div      class=\"vc_row wpb_row section  grid_section\" style=' border-bottom: 1px solid #e8e8e8; padding-top:65px; padding-bottom:72px; text-align:left;'><div class=\"section_inner clearfix\"><div class='section_inner_margin clearfix'><div class=\"wpb_column vc_column_container vc_col-sm-6\"><div class=\"vc_column-inner\"><div class=\"wpb_wrapper\"><div class=\"separator  transparent\" style=\"margin-top:10px;margin-bottom:10px;\"><\/div>\n\n\t<div class=\"wpb_text_column wpb_content_element\" >\n\t\t<div class=\"wpb_wrapper\">\n\t\t\t<h2 style=\"text-align: left;\">Us donem la benvinguda a la web del Col\u00b7legi Oficial d\u2019Infermeria de les Illes Balears.<\/h2>\n<p>&nbsp;<\/p>\n<p style=\"text-align: left;\">La web \u00e9s un canal de comunicaci\u00f3, intercanvi i participaci\u00f3 entre les infermeres de Mallorca, Menorca, Eivissa i Formentera, que formen part d\u2019aquest col\u00b7legi professional. Mitjan\u00e7ant la web, podreu con\u00e8ixer quins s\u00f3n els serveis col\u00b7legials a la vostra disposici\u00f3 i les activitats que es duen a terme, aix\u00ed com accedir a not\u00edcies o a documents importants que ens afecten.<\/p>\n<p>&nbsp;<\/p>\n<p style=\"text-align: left;\">Al Portal del Col\u00b7legiat podreu realitzar la major part de les gestions habituals: inscripci\u00f3 en cursos de formaci\u00f3 i actes, modificaci\u00f3 de dades, lloguer d\u2019aules, sol\u00b7licituds de cites amb Assessoria Jur\u00eddica o Psico-laboral i d'altres. A m\u00e9s, des de la mateixa plataforma, es podran abonar els cursos, obtenint la confirmaci\u00f3 de la inscripci\u00f3 de forma autom\u00e0tica. D\u2019aquesta forma, el Col\u00b7legi queda obert als col\u00b7legiats 24 hores al dia, set dies a la setmana.<\/p>\n<p>&nbsp;<\/p>\n<p style=\"text-align: left;\">A la vegada, la web \u00e9s tamb\u00e9 una plataforma a la vostra disposici\u00f3, per donar visibilitat a les iniciatives de les infermeres de les Illes Balears. Les vostres inquietuds, projectes i propostes trobaran aqu\u00ed suport per a la seva difusi\u00f3.<\/p>\n<p>&nbsp;<\/p>\n<p style=\"text-align: left;\">En darrer lloc, aquesta web est\u00e0 tamb\u00e9 a disposici\u00f3 dels ciutadans donant-los la possibilitat de comprovar l\u2019estat de col\u00b7legiaci\u00f3 de qualsevol infermera de les Illes Balears, aix\u00ed com el nostre Codi Deontol\u00f2gic, el Registre de Societats Cient\u00edfiques inscrites en aquest Col\u00b7legi, les Societats de Pacients de les que tenim coneixement i altres recursos que el poden ajudar a tenir cura de la seva salut.<\/p>\n<p>&nbsp;<\/p>\n<p style=\"text-align: left;\">Tot esperant sigui una eina \u00fatil, siau benvinguts!<\/p>\n<p>&nbsp;<\/p>\n<p><strong>Mar\u00eda Jos\u00e9 Sastre Perea<\/strong><\/p>\n<p><strong>Presidenta<\/strong><\/p>\n\n\t\t<\/div>\n\t<\/div>\n<div class=\"separator  transparent\" style=\"margin-top:14px;margin-bottom:12px;\"><\/div>\n<\/div><\/div><\/div><div class=\"wpb_column vc_column_container vc_col-sm-6\"><div class=\"vc_column-inner\"><div class=\"wpb_wrapper\"><div class=\"vc_empty_space\"   style=\"height: 25px\"><span class=\"vc_empty_space_inner\"><\/span><\/div>\n        <div class=\"wpb_single_image wpb_content_element vc_align_left\">\n            <div class=\"wpb_wrapper\">\n                \n                <div class=\"vc_single_image-wrapper   vc_box_border_grey\"><img decoding=\"async\" class=\"vc_single_image-img\" src=\"https:\/\/infermeriabalear.com\/wp-content\/uploads\/2023\/10\/Acte-nova-Junta-22-scaled-e1697703577151-800x500.jpeg\" width=\"800\" height=\"500\" alt=\"Acte nova Junta (22)\" title=\"Acte nova Junta (22)\" loading=\"lazy\" \/><\/div>\n            <\/div>\n        <\/div>\n    <\/div><\/div><\/div><\/div><\/div><\/div>\n<\/div>","protected":false},"excerpt":{"rendered":"Os damos la bienvenida a la web del Col\u00b7legi Oficial d\u2019Infermeria de les Illes Balears. &nbsp; La web es un...","protected":false},"author":9,"featured_media":0,"parent":0,"menu_order":0,"comment_status":"open","ping_status":"closed","template":"full_width.php","meta":{"footnotes":""},"class_list":["post-4193","page","type-page","status-publish","hentry"],"_links":{"self":[{"href":"https:\/\/infermeriabalear.com\/ca\/wp-json\/wp\/v2\/pages\/4193","targetHints":{"allow":["GET"]}}],"collection":[{"href":"https:\/\/infermeriabalear.com\/ca\/wp-json\/wp\/v2\/pages"}],"about":[{"href":"https:\/\/infermeriabalear.com\/ca\/wp-json\/wp\/v2\/types\/page"}],"author":[{"embeddable":true,"href":"https:\/\/infermeriabalear.com\/ca\/wp-json\/wp\/v2\/users\/9"}],"replies":[{"embeddable":true,"href":"https:\/\/infermeriabalear.com\/ca\/wp-json\/wp\/v2\/comments?post=4193"}],"version-history":[{"count":5,"href":"https:\/\/infermeriabalear.com\/ca\/wp-json\/wp\/v2\/pages\/4193\/revisions"}],"predecessor-version":[{"id":35574,"href":"https:\/\/infermeriabalear.com\/ca\/wp-json\/wp\/v2\/pages\/4193\/revisions\/35574"}],"wp:attachment":[{"href":"https:\/\/infermeriabalear.com\/ca\/wp-json\/wp\/v2\/media?parent=4193"}],"curies":[{"name":"wp","href":"https:\/\/api.w.org\/{rel}","templated":true}]}}