{"id":42790,"date":"2025-04-01T12:11:21","date_gmt":"2025-04-01T10:11:21","guid":{"rendered":"https:\/\/infermeriabalear.com\/?page_id=42790"},"modified":"2025-04-01T12:12:10","modified_gmt":"2025-04-01T10:12:10","slug":"cineforum-parto-en-casa","status":"publish","type":"page","link":"https:\/\/infermeriabalear.com\/ca\/cineforum-parto-en-casa\/","title":{"rendered":"Cinef\u00f2rum sobre part a casa"},"content":{"rendered":"<div class=\"wpforms-container wpforms-container-full wpforms-block wpforms-render-modern\" id=\"wpforms-42786\"><form id=\"wpforms-form-42786\" class=\"wpforms-validate wpforms-form wpforms-ajax-form\" data-formid=\"42786\" method=\"post\" enctype=\"multipart\/form-data\" action=\"\/ca\/wp-json\/wp\/v2\/pages\/42790\" data-token=\"d7db075a9aca252f08cbd782108ab5b6\" data-token-time=\"1777502416\" data-trp-original-action=\"\/ca\/wp-json\/wp\/v2\/pages\/42790\"><noscript class=\"wpforms-error-noscript\">Activeu el JavaScript al navegador per a poder completar el formulari.<\/noscript><div id=\"wpforms-error-noscript\" style=\"display: none;\">Activeu el JavaScript al navegador per a poder completar el formulari.<\/div><div class=\"wpforms-field-container\"><div id=\"wpforms-42786-field_2-container\" class=\"wpforms-field wpforms-field-name\" data-field-id=\"2\"><fieldset><legend class=\"wpforms-field-label\">Nom complet <span class=\"wpforms-required-label\" aria-hidden=\"true\">*<\/span><\/legend><div class=\"wpforms-field-row wpforms-field-medium\"><div class=\"wpforms-field-row-block wpforms-first wpforms-one-half\"><input type=\"text\" id=\"wpforms-42786-field_2\" class=\"wpforms-field-name-first wpforms-field-required\" name=\"wpforms[fields][2][first]\" aria-errormessage=\"wpforms-42786-field_2-error\" required><label for=\"wpforms-42786-field_2\" class=\"wpforms-field-sublabel after\">Nom<\/label><\/div><div class=\"wpforms-field-row-block wpforms-one-half\"><input type=\"text\" id=\"wpforms-42786-field_2-last\" class=\"wpforms-field-name-last wpforms-field-required\" name=\"wpforms[fields][2][last]\" aria-errormessage=\"wpforms-42786-field_2-last-error\" required><label for=\"wpforms-42786-field_2-last\" class=\"wpforms-field-sublabel after\">Cognoms<\/label><\/div><\/div><\/fieldset><\/div><div id=\"wpforms-42786-field_7-container\" class=\"wpforms-field wpforms-field-text\" data-field-id=\"7\"><label class=\"wpforms-field-label\" for=\"wpforms-42786-field_7\">DNI \/ NIE <span class=\"wpforms-required-label\" aria-hidden=\"true\">*<\/span><\/label><input type=\"text\" id=\"wpforms-42786-field_7\" class=\"wpforms-field-small wpforms-field-required\" name=\"wpforms[fields][7]\" aria-errormessage=\"wpforms-42786-field_7-error\" required><\/div><div id=\"wpforms-42786-field_4-container\" class=\"wpforms-field wpforms-field-email\" data-field-id=\"4\"><label class=\"wpforms-field-label\" for=\"wpforms-42786-field_4\">Correu electr\u00f2nic <span class=\"wpforms-required-label\" aria-hidden=\"true\">*<\/span><\/label><input type=\"email\" id=\"wpforms-42786-field_4\" class=\"wpforms-field-medium wpforms-field-required\" name=\"wpforms[fields][4]\" spellcheck=\"false\" aria-errormessage=\"wpforms-42786-field_4-error\" required><\/div><div id=\"wpforms-42786-field_5-container\" class=\"wpforms-field wpforms-field-number\" data-field-id=\"5\"><label class=\"wpforms-field-label\" for=\"wpforms-42786-field_5\">N\u00famero de tel\u00e8fon <span class=\"wpforms-required-label\" aria-hidden=\"true\">*<\/span><\/label><input type=\"number\" id=\"wpforms-42786-field_5\" class=\"wpforms-field-medium wpforms-field-required\" name=\"wpforms[fields][5]\" step=\"any\" aria-errormessage=\"wpforms-42786-field_5-error\" required><\/div><div id=\"wpforms-42786-field_31-container\" class=\"wpforms-field wpforms-field-select wpforms-field-select-style-classic\" data-field-id=\"31\"><label class=\"wpforms-field-label\" for=\"wpforms-42786-field_31\">Com assistir\u00e0s a la sessi\u00f3? <span class=\"wpforms-required-label\" aria-hidden=\"true\">*<\/span><\/label><select id=\"wpforms-42786-field_31\" class=\"wpforms-field-medium wpforms-field-required\" name=\"wpforms[fields][31]\" required=\"required\"><option value=\"En la sede de Mallorca\" >En la sede de Mallorca<\/option><option value=\"En la sede de las Pitiusas\" >En la sede de las Pitiusas<\/option><option value=\"En la sede de Menorca\" >En la sede de Menorca<\/option><\/select><div id=\"wpforms-42786-field_31-description\" class=\"wpforms-field-description\">Et recordam que la creadora del documental acudir\u00e0 de forma presencial a la seu de les Piti\u00fcses (Eivissa) per\u00f2 connectarem a les tres sales amb videocridada per poder participar en el col\u00b7loqui.<\/div><\/div><div id=\"wpforms-42786-field_22-container\" class=\"wpforms-field wpforms-field-checkbox wpforms-conditional-trigger\" data-field-id=\"22\"><fieldset><legend class=\"wpforms-field-label\">Ets infermera col\u00b7legiada al COIBA? <span class=\"wpforms-required-label\" aria-hidden=\"true\">*<\/span><\/legend><ul id=\"wpforms-42786-field_22\" class=\"wpforms-field-required\"><li class=\"choice-3 depth-1\"><input type=\"checkbox\" id=\"wpforms-42786-field_22_3\" name=\"wpforms[fields][22][]\" value=\"S\u00ed.\" aria-errormessage=\"wpforms-42786-field_22_3-error\" required><label class=\"wpforms-field-label-inline\" for=\"wpforms-42786-field_22_3\">S\u00ed.<\/label><\/li><li class=\"choice-1 depth-1\"><input type=\"checkbox\" id=\"wpforms-42786-field_22_1\" name=\"wpforms[fields][22][]\" value=\"Soy enfermera, pero no estoy colegiada en el COIBA.\" aria-errormessage=\"wpforms-42786-field_22_1-error\" required><label class=\"wpforms-field-label-inline\" for=\"wpforms-42786-field_22_1\">Som infermera, per\u00f2 no estic col\u00b7legiada al COIBA.<\/label><\/li><li class=\"choice-2 depth-1\"><input type=\"checkbox\" id=\"wpforms-42786-field_22_2\" name=\"wpforms[fields][22][]\" value=\"No soy enfermera\" aria-errormessage=\"wpforms-42786-field_22_2-error\" required><label class=\"wpforms-field-label-inline\" for=\"wpforms-42786-field_22_2\">No som infermera<\/label><\/li><\/ul><\/fieldset><\/div><div id=\"wpforms-42786-field_26-container\" class=\"wpforms-field wpforms-field-text wpforms-conditional-field wpforms-conditional-show\" data-field-id=\"26\" style=\"display:none;\"><label class=\"wpforms-field-label\" for=\"wpforms-42786-field_26\">Quina \u00e9s la teva professi\u00f3?<\/label><input type=\"text\" id=\"wpforms-42786-field_26\" class=\"wpforms-field-medium\" name=\"wpforms[fields][26]\" aria-errormessage=\"wpforms-42786-field_26-error\" ><\/div><div id=\"wpforms-42786-field_13-container\" class=\"wpforms-field wpforms-field-checkbox\" data-field-id=\"13\"><fieldset><legend class=\"wpforms-field-label\">Pol\u00edtica de Privacitat <span class=\"wpforms-required-label\" aria-hidden=\"true\">*<\/span><\/legend><ul id=\"wpforms-42786-field_13\" class=\"wpforms-field-required\"><li class=\"choice-1 depth-1\"><input type=\"checkbox\" id=\"wpforms-42786-field_13_1\" name=\"wpforms[fields][13][]\" value=\"Acepto los &lt;a href=&quot;https:\/\/infermeriabalear.com\/wp-content\/uploads\/2022\/07\/Pol-Privacidad-Castellano.pdf&quot; target=&quot;_blank&quot;&gt;t\u00e9rminos y pol\u00edticas de privacidad.&lt;\/a&gt;\" aria-errormessage=\"wpforms-42786-field_13_1-error\" required><label class=\"wpforms-field-label-inline\" for=\"wpforms-42786-field_13_1\">Accepto els <a href=\"https:\/\/infermeriabalear.com\/wp-content\/uploads\/2022\/07\/Pol-Privacidad-Catalan.pdf\" target=\"_blank\">termes i pol\u00edtiques de privacitat.<\/a><\/label><\/li><\/ul><\/fieldset><\/div><\/div><!-- .wpforms-field-container --><div class=\"wpforms-recaptcha-container wpforms-is-recaptcha wpforms-is-recaptcha-type-v2\" ><div class=\"g-recaptcha\" data-sitekey=\"6LdgD0UfAAAAALT79mnC6rehhn6iY0jKmk8Ju_WA\"><\/div><input type=\"text\" name=\"g-recaptcha-hidden\" class=\"wpforms-recaptcha-hidden\" style=\"position:absolute!important;clip:rect(0,0,0,0)!important;height:1px!important;width:1px!important;border:0!important;overflow:hidden!important;padding:0!important;margin:0!important;\" data-rule-recaptcha=\"1\"><\/div><div class=\"wpforms-submit-container\" ><input type=\"hidden\" name=\"wpforms[id]\" value=\"42786\"><input type=\"hidden\" name=\"page_title\" value=\"\"><input type=\"hidden\" name=\"page_url\" value=\"https:\/\/infermeriabalear.com\/ca\/wp-json\/wp\/v2\/pages\/42790\"><input type=\"hidden\" name=\"url_referer\" value=\"\"><button type=\"submit\" name=\"wpforms[submit]\" id=\"wpforms-submit-42786\" class=\"wpforms-submit\" data-alt-text=\"Enviant...\" data-submit-text=\"Enviar\" aria-live=\"assertive\" value=\"wpforms-submit\">Enviar<\/button><img loading=\"lazy\" decoding=\"async\" src=\"https:\/\/infermeriabalear.com\/wp-content\/plugins\/wpforms\/assets\/images\/submit-spin.svg\" class=\"wpforms-submit-spinner\" style=\"display: none;\" width=\"26\" height=\"26\" alt=\"S&#039;est\u00e0 carregant\"><\/div><input type=\"hidden\" name=\"trp-form-language\" value=\"ca\"\/><\/form><\/div>  <!-- .wpforms-container -->","protected":false},"excerpt":{"rendered":"","protected":false},"author":9,"featured_media":0,"parent":0,"menu_order":0,"comment_status":"closed","ping_status":"closed","template":"","meta":{"footnotes":""},"class_list":["post-42790","page","type-page","status-publish","hentry"],"_links":{"self":[{"href":"https:\/\/infermeriabalear.com\/ca\/wp-json\/wp\/v2\/pages\/42790","targetHints":{"allow":["GET"]}}],"collection":[{"href":"https:\/\/infermeriabalear.com\/ca\/wp-json\/wp\/v2\/pages"}],"about":[{"href":"https:\/\/infermeriabalear.com\/ca\/wp-json\/wp\/v2\/types\/page"}],"author":[{"embeddable":true,"href":"https:\/\/infermeriabalear.com\/ca\/wp-json\/wp\/v2\/users\/9"}],"replies":[{"embeddable":true,"href":"https:\/\/infermeriabalear.com\/ca\/wp-json\/wp\/v2\/comments?post=42790"}],"version-history":[{"count":2,"href":"https:\/\/infermeriabalear.com\/ca\/wp-json\/wp\/v2\/pages\/42790\/revisions"}],"predecessor-version":[{"id":42792,"href":"https:\/\/infermeriabalear.com\/ca\/wp-json\/wp\/v2\/pages\/42790\/revisions\/42792"}],"wp:attachment":[{"href":"https:\/\/infermeriabalear.com\/ca\/wp-json\/wp\/v2\/media?parent=42790"}],"curies":[{"name":"wp","href":"https:\/\/api.w.org\/{rel}","templated":true}]}}