{"id":46179,"date":"2026-01-08T15:38:38","date_gmt":"2026-01-08T14:38:38","guid":{"rendered":"https:\/\/infermeriabalear.com\/?page_id=46179"},"modified":"2026-01-09T13:06:48","modified_gmt":"2026-01-09T12:06:48","slug":"programa-recupera-t","status":"publish","type":"page","link":"https:\/\/infermeriabalear.com\/ca\/programa-recupera-t\/","title":{"rendered":"Programa Recupera-t"},"content":{"rendered":"<div class=\"wpb-content-wrapper\"><div      class=\"vc_row wpb_row section  grid_section\" style=' text-align:left;'><div class=\"section_inner clearfix\"><div class='section_inner_margin clearfix'><div class=\"wpb_column vc_column_container vc_col-sm-12\"><div class=\"vc_column-inner\"><div class=\"wpb_wrapper\"><div class=\"vc_empty_space\"   style=\"height: 60px\"><span class=\"vc_empty_space_inner\"><\/span><\/div><blockquote class='with_quote_icon' style=''><i class='fa fa-quote-right pull-left' style=''><\/i><h5 class='blockquote-text' style='color: #1ecad3;'>El Programa RECUPERA-T est\u00e0 orientat al tractament i la recuperaci\u00f3 d'infermeres i infermers que pateixin problemes derivats de conductes addictives i ab\u00fas de subst\u00e0ncies. El seu objectiu \u00e9s assegurar el retorn a la professi\u00f3 en \u00f2ptimes condicions, el qual, al mateix temps, garanteix una major seguretat per als ciutadans<\/h5><\/blockquote><div class=\"vc_empty_space\"   style=\"height: 50px\"><span class=\"vc_empty_space_inner\"><\/span><\/div><\/div><\/div><\/div><\/div><\/div><\/div><div      class=\"vc_row wpb_row section  grid_section\" style=' text-align:left;'><div class=\"section_inner clearfix\"><div class='section_inner_margin clearfix'><div class=\"wpb_column vc_column_container vc_col-sm-6\"><div class=\"vc_column-inner\"><div class=\"wpb_wrapper\">\n\t<div class=\"wpb_text_column wpb_content_element\" >\n\t\t<div class=\"wpb_wrapper\">\n\t\t\t<h3><span style=\"color: #73c8d1;\">A qui va dirigit?<\/span><\/h3>\n<p>&nbsp;<\/p>\n<p>El <strong>Programa Recupera-T<\/strong> es dirigeix a <strong>infermeres i infermers col\u00b7legiats al COIBA<\/strong> que es troben en actiu \u2014o amb possibilitat de reincorporaci\u00f3\u2014 i que viuen <strong>dificultats relacionades amb conductes addictives o consum de subst\u00e0ncies<\/strong> que poden afectar la seva salut i la seva pr\u00e0ctica professional.<\/p>\n<p>\u00c9s un programa <strong>voluntari<\/strong>pensat per facilitar l\u2019acc\u00e9s a ajuda especialitzada en un entorn segur, respectu\u00f3s i confidencial.<\/p>\n\n\t\t<\/div>\n\t<\/div>\n<div class=\"vc_empty_space\"   style=\"height: 30px\"><span class=\"vc_empty_space_inner\"><\/span><\/div>\n\t<div class=\"wpb_text_column wpb_content_element\" >\n\t\t<div class=\"wpb_wrapper\">\n\t\t\t<h3><span style=\"color: #73c8d1;\">El paper del COIBA<\/span><\/h3>\n<p>&nbsp;<\/p>\n<p>El <strong>COIBA<\/strong> impulsa el Programa Recupera-T com a mostra del seu <strong>comprom\u00eds amb el benestar dels professionals infermers<\/strong> i amb la qualitat assistencial.<\/p>\n<p>El Col\u00b7legi coordina els recursos necessaris, vetlla per un proc\u00e9s \u00e8tic i confidencial i ofereix un espai segur perqu\u00e8 les infermeres i infermers puguin <strong>demanar ajuda, recuperar-se i continuar exercint la professi\u00f3 amb garanties<\/strong>.<\/p>\n<p>El programa compta amb el suport del Servei de Salut de les Illes Balears.<\/p>\n\n\t\t<\/div>\n\t<\/div>\n<div class=\"vc_empty_space\"   style=\"height: 40px\"><span class=\"vc_empty_space_inner\"><\/span><\/div>\n\t<div class=\"wpb_video_widget wpb_content_element vc_clearfix   vc_video-aspect-ratio-169 vc_video-el-width-100 vc_video-align-center\" >\n\t\t<div class=\"wpb_wrapper\">\n\t\t\t\n\t\t\t<div class=\"wpb_video_wrapper\"><iframe loading=\"lazy\" title=\"Presentaci\u00f3 Programa Recupera-T\" width=\"174\" height=\"309\" src=\"https:\/\/www.youtube.com\/embed\/p-4e1hZi99o?feature=oembed\" frameborder=\"0\" allow=\"accelerometer; autoplay; clipboard-write; encrypted-media; gyroscope; picture-in-picture; web-share\" referrerpolicy=\"strict-origin-when-cross-origin\" allowfullscreen><\/iframe><\/div>\n\t\t<\/div>\n\t<\/div>\n<\/div><\/div><\/div><div class=\"wpb_column vc_column_container vc_col-sm-6\"><div class=\"vc_column-inner\"><div class=\"wpb_wrapper\">\n\t<div class=\"wpb_text_column wpb_content_element\" >\n\t\t<div class=\"wpb_wrapper\">\n\t\t\t<h3><span style=\"color: #73c8d1;\">Qu\u00e8 ofereix el programa Recupera-T?<\/span><\/h3>\n<p>&nbsp;<\/p>\n<p><strong>Recupera-T<\/strong> ofereix un <strong>acompanyament integral i especialitzat<\/strong> per ajudar a la recuperaci\u00f3 personal i professional:<\/p>\n<ul>\n<li>Atenci\u00f3 especialitzada en salut mental.<\/li>\n<li>Avaluaci\u00f3 individual i pla terap\u00e8utic personalitzat.<\/li>\n<li>Seguiment i suport durant tot el proc\u00e9s de recuperaci\u00f3.<\/li>\n<li>Confidencialitat absoluta i entorn lliure d\u2019estigmes.<\/li>\n<li>Suport per al retorn a l\u2019exercici professional en condicions \u00f2ptimes.<\/li>\n<\/ul>\n<p>L'objectiu \u00e9s <strong>cuidar la salut del professional<\/strong> i garantir una <strong>atenci\u00f3 segura i de qualitat a la ciutadania.<\/strong><\/p>\n\n\t\t<\/div>\n\t<\/div>\n<div class=\"vc_empty_space\"   style=\"height: 30px\"><span class=\"vc_empty_space_inner\"><\/span><\/div>\n\t<div class=\"wpb_text_column wpb_content_element\" >\n\t\t<div class=\"wpb_wrapper\">\n\t\t\t<p><img loading=\"lazy\" decoding=\"async\" class=\"alignleft wp-image-45494\" src=\"https:\/\/infermeriabalear.com\/wp-content\/uploads\/2025\/11\/Imatge-Recupera-T.png\" alt=\"\" width=\"120\" height=\"120\" srcset=\"https:\/\/infermeriabalear.com\/wp-content\/uploads\/2025\/11\/Imatge-Recupera-T.png 1080w, https:\/\/infermeriabalear.com\/wp-content\/uploads\/2025\/11\/Imatge-Recupera-T-300x300.png 300w, https:\/\/infermeriabalear.com\/wp-content\/uploads\/2025\/11\/Imatge-Recupera-T-150x150.png 150w, https:\/\/infermeriabalear.com\/wp-content\/uploads\/2025\/11\/Imatge-Recupera-T-768x768.png 768w, https:\/\/infermeriabalear.com\/wp-content\/uploads\/2025\/11\/Imatge-Recupera-T-12x12.png 12w, https:\/\/infermeriabalear.com\/wp-content\/uploads\/2025\/11\/Imatge-Recupera-T-650x650.png 650w\" sizes=\"auto, (max-width: 120px) 100vw, 120px\" \/><\/p>\n<h3 style=\"text-align: left;\"><span style=\"color: #73c8d1;\">Com contactar?<\/span><\/h3>\n<p>Pots demanar m\u00e9s informaci\u00f3 enviant un email a <a href=\"mailto:recuperat@infermeriabalear.com\">recuperat@infermeriabalear.com<\/a><\/p>\n<p>Recorda: si vols entrar a formar part del programa, se t'assignar\u00e0 un codi perqu\u00e8 puguis accedir a les consultes i al tractament de forma an\u00f2nima.<\/p>\n\n\t\t<\/div>\n\t<\/div>\n<\/div><\/div><\/div><\/div><\/div><\/div><div      class=\"vc_row wpb_row section  grid_section\" style=' text-align:left;'><div class=\"section_inner clearfix\"><div class='section_inner_margin clearfix'><div class=\"wpb_column vc_column_container vc_col-sm-12\"><div class=\"vc_column-inner\"><div class=\"wpb_wrapper\"><div class=\"vc_empty_space\"   style=\"height: 40px\"><span class=\"vc_empty_space_inner\"><\/span><\/div><div      class=\"vc_row wpb_row section vc_inner  grid_section\" style=' text-align:left;'><div class=\"section_inner clearfix\"><div class='section_inner_margin clearfix'><div class=\"wpb_column vc_column_container vc_col-sm-6\"><div class=\"vc_column-inner\"><div class=\"wpb_wrapper\"><\/div><\/div><\/div><\/div><\/div><\/div><div class=\"vc_empty_space\"   style=\"height: 15px\"><span class=\"vc_empty_space_inner\"><\/span><\/div><\/div><\/div><\/div><\/div><\/div><\/div>\n<\/div>","protected":false},"excerpt":{"rendered":"El Programa RECUPERA-T est\u00e1 orientado al tratamiento y la recuperaci\u00f3n de enfermeras y enfermeros que padecen problemas derivados de conductas...","protected":false},"author":9,"featured_media":0,"parent":0,"menu_order":0,"comment_status":"closed","ping_status":"closed","template":"full_width.php","meta":{"footnotes":""},"class_list":["post-46179","page","type-page","status-publish","hentry"],"_links":{"self":[{"href":"https:\/\/infermeriabalear.com\/ca\/wp-json\/wp\/v2\/pages\/46179","targetHints":{"allow":["GET"]}}],"collection":[{"href":"https:\/\/infermeriabalear.com\/ca\/wp-json\/wp\/v2\/pages"}],"about":[{"href":"https:\/\/infermeriabalear.com\/ca\/wp-json\/wp\/v2\/types\/page"}],"author":[{"embeddable":true,"href":"https:\/\/infermeriabalear.com\/ca\/wp-json\/wp\/v2\/users\/9"}],"replies":[{"embeddable":true,"href":"https:\/\/infermeriabalear.com\/ca\/wp-json\/wp\/v2\/comments?post=46179"}],"version-history":[{"count":14,"href":"https:\/\/infermeriabalear.com\/ca\/wp-json\/wp\/v2\/pages\/46179\/revisions"}],"predecessor-version":[{"id":46199,"href":"https:\/\/infermeriabalear.com\/ca\/wp-json\/wp\/v2\/pages\/46179\/revisions\/46199"}],"wp:attachment":[{"href":"https:\/\/infermeriabalear.com\/ca\/wp-json\/wp\/v2\/media?parent=46179"}],"curies":[{"name":"wp","href":"https:\/\/api.w.org\/{rel}","templated":true}]}}