{"id":8689,"date":"2014-01-23T15:44:19","date_gmt":"2014-01-23T15:44:19","guid":{"rendered":"http:\/\/demo.qodeinteractive.com\/strata\/?page_id=8689"},"modified":"2020-11-18T10:53:06","modified_gmt":"2020-11-18T10:53:06","slug":"salusone","status":"publish","type":"page","link":"https:\/\/infermeriabalear.com\/ca\/salusone\/","title":{"rendered":"SalusOne"},"content":{"rendered":"<div class=\"wpb-content-wrapper\"><div      class=\"vc_row wpb_row section  grid_section\" style=' border-bottom: 1px solid #e8e8e8; padding-top:60px; padding-bottom:72px; text-align:left;'><div class=\"section_inner clearfix\"><div class='section_inner_margin clearfix'><div class=\"wpb_column vc_column_container vc_col-sm-12\"><div class=\"vc_column-inner\"><div class=\"wpb_wrapper\">\n\t<div class=\"wpb_tabstabs_holder clearfix\" data-interval=\"0\">\n\t\t<div class=\"q_tabs vertical\">\n\t\t\t<ul class=\"tabs-nav\"><li><a href=\"#tab-1390467000-1-80\">SALUSONE<\/a><\/li><\/ul>\n<div class='tabs-container'>\n\t\t\t\n\t<div id=\"tab-1390467000-1-80\" class=\"wpb_tab ui-tabs-panel wpb_ui-tabs-hide vc_clearfix tab-content\">\n\t\t<div class=\"separator  transparent\" style=\"margin-top:8px;\"><\/div>\n<div      class=\"vc_row wpb_row section vc_inner  grid_section\" style=' text-align:left;'><div class=\"section_inner clearfix\"><div class='section_inner_margin clearfix'><div class=\"wpb_column vc_column_container vc_col-sm-6\"><div class=\"vc_column-inner\"><div class=\"wpb_wrapper\"><div class=\"separator  transparent\" style=\"margin-top:20px;\"><\/div>\n\n\t<div class=\"wpb_text_column wpb_content_element\" >\n\t\t<div class=\"wpb_wrapper\">\n\t\t\t<div class=\"descripcion\">\n<div class=\"detalleSubseccion\">\n<div class=\"descripcion\">\n<p>Todas las enfermeras colegiadas en las Illes Balears teneis acceso a SalusOne Premium Plus, incluyendo la realizaci\u00f3n de m\u00e1s de 60 cursos de formaci\u00f3n continuada.<\/p>\n<p>&nbsp;<\/p>\n<p>L'acc\u00e9s a SalusOne Premium Plus est\u00e0 disponible a trav\u00e9s de:<\/p>\n<ul>\n<li><a href=\"https:\/\/www.salusone.app\/\" target=\"_blank\" rel=\"noopener noreferrer\">Web de SalusOne<\/a><\/li>\n<li><a href=\"https:\/\/play.google.com\/store\/apps\/details?id=com.salusone.salusone&amp;hl=es_419\" target=\"_blank\" rel=\"noopener noreferrer\">Descarregant ara l'App de SalusOne Enfermeria per a Android<\/a><\/li>\n<li><a href=\"https:\/\/itunes.apple.com\/us\/app\/salusone-enfermer%C3%ADa\/id1455462018?l=es&amp;ls=1&amp;mt=8\" target=\"_blank\" rel=\"noopener noreferrer\">Descarregant ara l'App de SalusOne Enfermer\u00eda per a Apple<\/a><\/li>\n<\/ul>\n<p>&nbsp;<\/p>\n<p>Para acceder a SalusOne Premium Plus no hace falta que te registres, directamente debes INICIAR SESI\u00d3N en SalusOne haciendo click en el bot\u00f3n ENTRAR e introducir los siguientes datos:<\/p>\n<ul>\n<li>Email: Correo electr\u00f3nico registrado en el Colegio de Enfermer\u00eda<\/li>\n<li>Contrase\u00f1a: DNI con letra May\u00fascula (por ej. 111111111Y)<\/li>\n<\/ul>\n<p>&nbsp;<\/p>\n<p>Lee <a href=\"https:\/\/www.infermeriabalear.com\/imagenes\/uploads\/files\/30072020084616-presentacionsalusonepremiumpluscoibapdf.pdf\" target=\"_blank\" rel=\"noopener noreferrer\">AQU\u00cd<\/a> la presentaci\u00f3n de qu\u00e9 es Salusone y cu\u00e1les son sus cursos de formaci\u00f3n continuada.<\/p>\n<\/div>\n<\/div>\n<div class=\"resultadosLista\">\n<ul>\n<li>\n<div class=\"registro\">\n<div class=\"fechaPublicacion\">11\/05\/20<\/div>\n<div><a href=\"https:\/\/www.infermeriabalear.com\/imagenes\/uploads\/files\/30072020104915-presentacionsalusonepremiumpluscoibapdf.pdf\" target=\"_blank\" rel=\"noopener noreferrer\">Presentaci\u00f3n de Salusone y listado de cursos de formaci\u00f3n continuada<\/a><\/div>\n<\/div>\n<\/li>\n<\/ul>\n<\/div>\n<\/div>\n\n\t\t<\/div>\n\t<\/div>\n<div class=\"separator  transparent\" style=\"margin-top:15px;\"><\/div>\n<\/div><\/div><\/div><div class=\"wpb_column vc_column_container vc_col-sm-6\"><div class=\"vc_column-inner\"><div class=\"wpb_wrapper\"><div class=\"separator  transparent\" style=\"margin-top:20px;\"><\/div>\n\n        <div class=\"wpb_single_image wpb_content_element vc_align_left  element_from_right\">\n            <div class=\"wpb_wrapper\">\n                \n                <div class=\"vc_single_image-wrapper   vc_box_border_grey\"><img decoding=\"async\" class=\"vc_single_image-img\" src=\"https:\/\/infermeriabalear.com\/wp-content\/uploads\/2020\/11\/1.png\" width=\"145\" height=\"197\" alt=\"1\" title=\"1\" loading=\"lazy\" \/><\/div>\n            <\/div>\n        <\/div>\n    <\/div><\/div><\/div><\/div><\/div><\/div>\n        <div class=\"wpb_single_image wpb_content_element vc_align_left\">\n            <div class=\"wpb_wrapper\">\n                \n                <div class=\"vc_single_image-wrapper   vc_box_border_grey\"><img loading=\"lazy\" decoding=\"async\" width=\"200\" height=\"62\" src=\"https:\/\/infermeriabalear.com\/wp-content\/uploads\/2020\/11\/logo-1.png\" class=\"vc_single_image-img attachment-medium\" alt=\"\" title=\"logo\" srcset=\"https:\/\/infermeriabalear.com\/wp-content\/uploads\/2020\/11\/logo-1.png 200w, https:\/\/infermeriabalear.com\/wp-content\/uploads\/2020\/11\/logo-1-18x6.png 18w\" sizes=\"auto, (max-width: 200px) 100vw, 200px\" \/><\/div>\n            <\/div>\n        <\/div>\n    \n\t<\/div>\n<\/div>\n\t\t<\/div> \n\t<\/div> <\/div><\/div><\/div><\/div><\/div><\/div>\n<\/div>","protected":false},"excerpt":{"rendered":"SALUSONE Todas las enfermeras colegiadas en las Illes Balears teneis acceso a SalusOne Premium Plus, incluyendo la realizaci\u00f3n de m\u00e1s...","protected":false},"author":9,"featured_media":0,"parent":0,"menu_order":0,"comment_status":"open","ping_status":"closed","template":"full_width.php","meta":{"footnotes":""},"class_list":["post-8689","page","type-page","status-publish","hentry"],"_links":{"self":[{"href":"https:\/\/infermeriabalear.com\/ca\/wp-json\/wp\/v2\/pages\/8689","targetHints":{"allow":["GET"]}}],"collection":[{"href":"https:\/\/infermeriabalear.com\/ca\/wp-json\/wp\/v2\/pages"}],"about":[{"href":"https:\/\/infermeriabalear.com\/ca\/wp-json\/wp\/v2\/types\/page"}],"author":[{"embeddable":true,"href":"https:\/\/infermeriabalear.com\/ca\/wp-json\/wp\/v2\/users\/9"}],"replies":[{"embeddable":true,"href":"https:\/\/infermeriabalear.com\/ca\/wp-json\/wp\/v2\/comments?post=8689"}],"version-history":[{"count":5,"href":"https:\/\/infermeriabalear.com\/ca\/wp-json\/wp\/v2\/pages\/8689\/revisions"}],"predecessor-version":[{"id":12288,"href":"https:\/\/infermeriabalear.com\/ca\/wp-json\/wp\/v2\/pages\/8689\/revisions\/12288"}],"wp:attachment":[{"href":"https:\/\/infermeriabalear.com\/ca\/wp-json\/wp\/v2\/media?parent=8689"}],"curies":[{"name":"wp","href":"https:\/\/api.w.org\/{rel}","templated":true}]}}