{"id":11705,"date":"2020-10-29T15:18:16","date_gmt":"2020-10-29T15:18:16","guid":{"rendered":"http:\/\/coiba.com\/?page_id=11705"},"modified":"2023-08-23T13:31:59","modified_gmt":"2023-08-23T11:31:59","slug":"concursos-y-oposciones","status":"publish","type":"page","link":"https:\/\/infermeriabalear.com\/es\/concursos-y-oposciones\/","title":{"rendered":"Concursos y Oposiciones"},"content":{"rendered":"<div class=\"wpb-content-wrapper\"><div      class=\"vc_row wpb_row section \" style=' text-align:left;'><div class=\" clearfix\"><div class=\"wpb_column vc_column_container vc_col-sm-12\"><div class=\"vc_column-inner\"><div class=\"wpb_wrapper\"><div class=\"vc_empty_space\"   style=\"height: 40px\"><span class=\"vc_empty_space_inner\"><\/span><\/div><\/div><\/div><\/div><\/div><\/div><div      class=\"vc_row wpb_row section  grid_section\" style=' text-align:left;'><div class=\" section_inner clearfix\"><div class='section_inner_margin clearfix'><div class=\"wpb_column vc_column_container vc_col-sm-12\"><div class=\"vc_column-inner\"><div class=\"wpb_wrapper\">\n\t<div class=\"wpb_text_column wpb_content_element \" >\n\t\t<div class=\"wpb_wrapper\">\n\t\t\t<p>En esta secci\u00f3n encontrar\u00e1s los concursos y oposiciones celebrados en los \u00faltimos a\u00f1os, tanto en la comunidad de las Illes Balears como a nivel estatal.<\/p>\n\n\t\t<\/div>\n\t<\/div>\n<\/div><\/div><\/div><\/div><\/div><\/div><div      class=\"vc_row wpb_row section \" style=' text-align:left;'><div class=\" clearfix\"><div class=\"wpb_column vc_column_container vc_col-sm-12\"><div class=\"vc_column-inner\"><div class=\"wpb_wrapper\"><div class=\"vc_empty_space\"   style=\"height: 40px\"><span class=\"vc_empty_space_inner\"><\/span><\/div><\/div><\/div><\/div><\/div><\/div><div    data-q_id=\"#about\"   class=\"vc_row wpb_row section  concursos-blog grid_section\" style=' padding-top:0px; padding-bottom:0px; text-align:left;'><div class=\" section_inner clearfix\"><div class='section_inner_margin clearfix'><div class=\"wpb_column vc_column_container vc_col-sm-12\"><div class=\"vc_column-inner\"><div class=\"wpb_wrapper\"><div class='latest_post_holder image_in_box '><ul><li class=\"clearfix\"><div class=\"latest_post\"><div class=\"latest_post_image clearfix\"><img decoding=\"async\" src=\"https:\/\/infermeriabalear.com\/wp-content\/uploads\/2021\/09\/Convocatoria-ESP-150x150.png\" alt=\"\" \/><\/div><div class=\"latest_post_text\"><div class=\"latest_post_inner\"><div class=\"latest_post_text_inner\"><h4 class=\"latest_post_title \"><a href=\"https:\/\/infermeriabalear.com\/es\/2026\/03\/30\/ceim-ib-convocatoria-vocal-enfermero-a-del-comite-de-etica-de-la-investigacion-con-medicamentos-de-las-illes-balears\/\">CEIM-IB: Convocatoria Vocal (Enfermera) del Comit\u00e9 de \u00c9tica de la Investigaci\u00f3n con medicamentos de las Illes Balears<\/a><\/h4><span class=\"post_infos\"><span class=\"date_hour_holder\"><i class=\"fa fa-calendar-o\"><\/i><span class=\"date\">30 marzo, 2026<\/span><\/span><span class=\"latest-vert-separator\"> in<\/span> <a href=\"https:\/\/infermeriabalear.com\/es\/category\/concurso_opos\/\">Concursos y Oposiciones <\/a> <\/span><\/div><\/div><\/div><\/div><li class=\"clearfix\"><div class=\"latest_post\"><div class=\"latest_post_image clearfix\"><img decoding=\"async\" src=\"https:\/\/infermeriabalear.com\/wp-content\/uploads\/2022\/07\/Convocatoria-CAT-150x150.png\" alt=\"\" \/><\/div><div class=\"latest_post_text\"><div class=\"latest_post_inner\"><div class=\"latest_post_text_inner\"><h4 class=\"latest_post_title \"><a href=\"https:\/\/infermeriabalear.com\/es\/2026\/03\/12\/fundacion-atencion-a-la-dependencia-convocatoria-concurso-oposicion-2027-3-plazas-de-enfermero-a\/\">FUNDACI\u00d3N ATENCI\u00d3N A LA DEPENDENCIA-Convocatoria concurso-oposici\u00f3n 2027 ( 3 plazas de Enfermero\/a)<\/a><\/h4><span class=\"post_infos\"><span class=\"date_hour_holder\"><i class=\"fa fa-calendar-o\"><\/i><span class=\"date\">12 marzo, 2026<\/span><\/span><span class=\"latest-vert-separator\"> in<\/span> <a href=\"https:\/\/infermeriabalear.com\/es\/category\/concurso_opos\/\">Concursos y Oposiciones <\/a> <\/span><\/div><\/div><\/div><\/div><li class=\"clearfix\"><div class=\"latest_post\"><div class=\"latest_post_image clearfix\"><img decoding=\"async\" src=\"https:\/\/infermeriabalear.com\/wp-content\/uploads\/2023\/12\/Bolsa-Unica-150x150.png\" alt=\"\" \/><\/div><div class=\"latest_post_text\"><div class=\"latest_post_inner\"><div class=\"latest_post_text_inner\"><h4 class=\"latest_post_title \"><a href=\"https:\/\/infermeriabalear.com\/es\/2025\/12\/23\/ibsalut-lista-definitiva-candidatos-que-han-superado-prueba-teorica-y-fecha-prueba-megacode-acceso-samu-061-baleares\/\">IBSALUT: Lista definitiva candidatos que han superado prueba te\u00f3rica y fecha prueba MEGACODE. Acceso SAMU 061 Baleares<\/a><\/h4><span class=\"post_infos\"><span class=\"date_hour_holder\"><i class=\"fa fa-calendar-o\"><\/i><span class=\"date\">23 diciembre, 2025<\/span><\/span><span class=\"latest-vert-separator\"> in<\/span> <a href=\"https:\/\/infermeriabalear.com\/es\/category\/concurso_opos\/\">Concursos y Oposiciones <\/a> <\/span><\/div><\/div><\/div><\/div><li class=\"clearfix\"><div class=\"latest_post\"><div class=\"latest_post_image clearfix\"><img decoding=\"async\" src=\"https:\/\/infermeriabalear.com\/wp-content\/uploads\/2023\/12\/Bolsa-Unica-150x150.png\" alt=\"\" \/><\/div><div class=\"latest_post_text\"><div class=\"latest_post_inner\"><div class=\"latest_post_text_inner\"><h4 class=\"latest_post_title \"><a href=\"https:\/\/infermeriabalear.com\/es\/2025\/12\/18\/bolsa-unica-ibsalut-publicada-lista-provisional-de-puntuacion-de-meritos-de-la-categoria-enfermera-de-urgencias-de-ap\/\">Bolsa \u00danica IBSALUT: Publicada lista PROVISIONAL de puntuaci\u00f3n de m\u00e9ritos de la categor\u00eda &#8220;Enfermera de Urgencias de AP&#8221;<\/a><\/h4><span class=\"post_infos\"><span class=\"date_hour_holder\"><i class=\"fa fa-calendar-o\"><\/i><span class=\"date\">18 diciembre, 2025<\/span><\/span><span class=\"latest-vert-separator\"> in<\/span> <a href=\"https:\/\/infermeriabalear.com\/es\/category\/concurso_opos\/\">Concursos y Oposiciones <\/a> <\/span><\/div><\/div><\/div><\/div><li class=\"clearfix\"><div class=\"latest_post\"><div class=\"latest_post_image clearfix\"><img decoding=\"async\" src=\"https:\/\/infermeriabalear.com\/wp-content\/uploads\/2021\/09\/Convocatoria-ESP-150x150.png\" alt=\"\" \/><\/div><div class=\"latest_post_text\"><div class=\"latest_post_inner\"><div class=\"latest_post_text_inner\"><h4 class=\"latest_post_title \"><a href=\"https:\/\/infermeriabalear.com\/es\/2025\/12\/16\/ajuntament-mao-convocatoria-bolsa-de-trabajo-residencia-geriatrica-asistida\/\">Ajuntament MA\u00d3: Convocatoria bolsa de trabajo Residencia Geri\u00e1trica Asistida<\/a><\/h4><span class=\"post_infos\"><span class=\"date_hour_holder\"><i class=\"fa fa-calendar-o\"><\/i><span class=\"date\">16 diciembre, 2025<\/span><\/span><span class=\"latest-vert-separator\"> in<\/span> <a href=\"https:\/\/infermeriabalear.com\/es\/category\/concurso_opos\/\">Concursos y Oposiciones <\/a> <\/span><\/div><\/div><\/div><\/div><li class=\"clearfix\"><div class=\"latest_post\"><div class=\"latest_post_image clearfix\"><img decoding=\"async\" src=\"https:\/\/infermeriabalear.com\/wp-content\/uploads\/2021\/09\/5-e1671548368418-150x150.png\" alt=\"\" \/><\/div><div class=\"latest_post_text\"><div class=\"latest_post_inner\"><div class=\"latest_post_text_inner\"><h4 class=\"latest_post_title \"><a href=\"https:\/\/infermeriabalear.com\/es\/2025\/12\/16\/concurso-oposicion-ibsalut-2025-abierto-plazo-de-presentacion-de-solicitudes\/\">Concurso-Oposici\u00f3n IBSALUT 2025: Ampliado plazo de presentaci\u00f3n de solicitudes (Enfermera)<\/a><\/h4><span class=\"post_infos\"><span class=\"date_hour_holder\"><i class=\"fa fa-calendar-o\"><\/i><span class=\"date\">16 diciembre, 2025<\/span><\/span><span class=\"latest-vert-separator\"> in<\/span> <a href=\"https:\/\/infermeriabalear.com\/es\/category\/concurso_opos\/\">Concursos y Oposiciones <\/a>  <a href=\"https:\/\/infermeriabalear.com\/es\/category\/noticias-destacadas-2columna\/\">Noticia destacada <\/a> <\/span><\/div><\/div><\/div><\/div><li class=\"clearfix\"><div class=\"latest_post\"><div class=\"latest_post_image clearfix\"><img decoding=\"async\" src=\"https:\/\/infermeriabalear.com\/wp-content\/uploads\/2025\/08\/EIR_2024-150x150.png\" alt=\"\" \/><\/div><div class=\"latest_post_text\"><div class=\"latest_post_inner\"><div class=\"latest_post_text_inner\"><h4 class=\"latest_post_title \"><a href=\"https:\/\/infermeriabalear.com\/es\/2025\/12\/15\/ministerio-de-sanidad-publicada-la-relacion-provisional-de-admitidos-y-excluidos-examen-eir-2026\/\">Ministerio de Sanidad: Publicada la relaci\u00f3n PROVISIONAL de admitidos y excluidos-Examen EIR 2026<\/a><\/h4><span class=\"post_infos\"><span class=\"date_hour_holder\"><i class=\"fa fa-calendar-o\"><\/i><span class=\"date\">15 diciembre, 2025<\/span><\/span><span class=\"latest-vert-separator\"> in<\/span> <a href=\"https:\/\/infermeriabalear.com\/es\/category\/concurso_opos\/\">Concursos y Oposiciones <\/a>  <a href=\"https:\/\/infermeriabalear.com\/es\/category\/noticias-destacadas-2columna\/\">Noticia destacada <\/a>  <a href=\"https:\/\/infermeriabalear.com\/es\/category\/noticias\/\">Noticias <\/a> <\/span><\/div><\/div><\/div><\/div><li class=\"clearfix\"><div class=\"latest_post\"><div class=\"latest_post_image clearfix\"><img decoding=\"async\" src=\"https:\/\/infermeriabalear.com\/wp-content\/uploads\/2023\/12\/Bolsa-Unica-150x150.png\" alt=\"\" \/><\/div><div class=\"latest_post_text\"><div class=\"latest_post_inner\"><div class=\"latest_post_text_inner\"><h4 class=\"latest_post_title \"><a href=\"https:\/\/infermeriabalear.com\/es\/2025\/12\/04\/ibsalut-lista-provisional-candidatos-que-ha-superado-la-prueba-teorica-de-megacode-acceso-samu-061\/\">IBSALUT: Lista provisional candidatos que han superado la Prueba Te\u00f3rica de MEGACODE-Acceso SAMU 061<\/a><\/h4><span class=\"post_infos\"><span class=\"date_hour_holder\"><i class=\"fa fa-calendar-o\"><\/i><span class=\"date\">04 diciembre, 2025<\/span><\/span><span class=\"latest-vert-separator\"> in<\/span> <a href=\"https:\/\/infermeriabalear.com\/es\/category\/concurso_opos\/\">Concursos y Oposiciones <\/a> <\/span><\/div><\/div><\/div><\/div><li class=\"clearfix\"><div class=\"latest_post\"><div class=\"latest_post_image clearfix\"><img decoding=\"async\" src=\"https:\/\/infermeriabalear.com\/wp-content\/uploads\/2021\/09\/5-e1671548368418-150x150.png\" alt=\"\" \/><\/div><div class=\"latest_post_text\"><div class=\"latest_post_inner\"><div class=\"latest_post_text_inner\"><h4 class=\"latest_post_title \"><a href=\"https:\/\/infermeriabalear.com\/es\/2025\/11\/25\/imas-convocatoria-concurso-oposicion-categoria-enfermero-a-abierto-plazo-de-presentacion-de-solicitudes\/\">IMAS: Convocatoria Concurso-Oposici\u00f3n categor\u00eda Enfermero\/a. Abierto plazo de presentaci\u00f3n de solicitudes<\/a><\/h4><span class=\"post_infos\"><span class=\"date_hour_holder\"><i class=\"fa fa-calendar-o\"><\/i><span class=\"date\">25 noviembre, 2025<\/span><\/span><span class=\"latest-vert-separator\"> in<\/span> <a href=\"https:\/\/infermeriabalear.com\/es\/category\/concurso_opos\/\">Concursos y Oposiciones <\/a>  <a href=\"https:\/\/infermeriabalear.com\/es\/category\/noticias-destacadas-2columna\/\">Noticia destacada <\/a> <\/span><\/div><\/div><\/div><\/div><li class=\"clearfix\"><div class=\"latest_post\"><div class=\"latest_post_image clearfix\"><img decoding=\"async\" src=\"https:\/\/infermeriabalear.com\/wp-content\/uploads\/2023\/12\/Bolsa-Unica-150x150.png\" alt=\"\" \/><\/div><div class=\"latest_post_text\"><div class=\"latest_post_inner\"><div class=\"latest_post_text_inner\"><h4 class=\"latest_post_title \"><a href=\"https:\/\/infermeriabalear.com\/es\/2025\/10\/30\/ibsalut-lista-definitiva-inscritos-a-prueba-megacode-y-fecha-examen-acceso-al-samu-061-enfermera-de-urgencias-de-ap\/\">IBSALUT: Lista Definitiva inscritos a Prueba MEGACODE y fecha Examen-Acceso al SAMU 061, Enfermera de Urgencias de AP<\/a><\/h4><span class=\"post_infos\"><span class=\"date_hour_holder\"><i class=\"fa fa-calendar-o\"><\/i><span class=\"date\">30 octubre, 2025<\/span><\/span><span class=\"latest-vert-separator\"> in<\/span> <a href=\"https:\/\/infermeriabalear.com\/es\/category\/concurso_opos\/\">Concursos y Oposiciones <\/a> <\/span><\/div><\/div><\/div><\/div><\/ul><\/div><\/div><\/div><\/div><\/div><\/div><\/div><div      class=\"vc_row wpb_row section \" style=' text-align:left;'><div class=\" clearfix\"><div class=\"wpb_column vc_column_container vc_col-sm-12\"><div class=\"vc_column-inner\"><div class=\"wpb_wrapper\"><div class=\"vc_empty_space\"   style=\"height: 30px\"><span class=\"vc_empty_space_inner\"><\/span><\/div><\/div><\/div><\/div><\/div><\/div>\n<\/div>","protected":false},"excerpt":{"rendered":"28\/10\/2025: Resoluci\u00f3n del director gerente de la Gerencia de Atenci\u00f3n a Urgencias SAMU 061, Baleares del Servicio de Salud de...","protected":false},"author":9,"featured_media":0,"parent":0,"menu_order":0,"comment_status":"closed","ping_status":"closed","template":"full_width.php","meta":{"footnotes":""},"class_list":["post-11705","page","type-page","status-publish","hentry"],"_links":{"self":[{"href":"https:\/\/infermeriabalear.com\/es\/wp-json\/wp\/v2\/pages\/11705","targetHints":{"allow":["GET"]}}],"collection":[{"href":"https:\/\/infermeriabalear.com\/es\/wp-json\/wp\/v2\/pages"}],"about":[{"href":"https:\/\/infermeriabalear.com\/es\/wp-json\/wp\/v2\/types\/page"}],"author":[{"embeddable":true,"href":"https:\/\/infermeriabalear.com\/es\/wp-json\/wp\/v2\/users\/9"}],"replies":[{"embeddable":true,"href":"https:\/\/infermeriabalear.com\/es\/wp-json\/wp\/v2\/comments?post=11705"}],"version-history":[{"count":5,"href":"https:\/\/infermeriabalear.com\/es\/wp-json\/wp\/v2\/pages\/11705\/revisions"}],"predecessor-version":[{"id":16598,"href":"https:\/\/infermeriabalear.com\/es\/wp-json\/wp\/v2\/pages\/11705\/revisions\/16598"}],"wp:attachment":[{"href":"https:\/\/infermeriabalear.com\/es\/wp-json\/wp\/v2\/media?parent=11705"}],"curies":[{"name":"wp","href":"https:\/\/api.w.org\/{rel}","templated":true}]}}