{"id":11847,"date":"2020-10-30T15:35:44","date_gmt":"2020-10-30T15:35:44","guid":{"rendered":"http:\/\/coiba.com\/?page_id=11847"},"modified":"2022-02-24T14:21:34","modified_gmt":"2022-02-24T13:21:34","slug":"eventos","status":"publish","type":"page","link":"https:\/\/infermeriabalear.com\/es\/eventos\/","title":{"rendered":"Eventos"},"content":{"rendered":"<div class=\"wpb-content-wrapper\"><div    data-q_id=\"#about\"   class=\"vc_row wpb_row section  grid_section\" style=' text-align:left;'><div class=\" section_inner clearfix\"><div class='section_inner_margin clearfix'><div class=\"wpb_column vc_column_container vc_col-sm-12\"><div class=\"vc_column-inner\"><div class=\"wpb_wrapper\"><div class=\"vc_empty_space\"   style=\"height: 60px\"><span class=\"vc_empty_space_inner\"><\/span><\/div><\/div><\/div><\/div><\/div><\/div><\/div><div      class=\"vc_row wpb_row section  grid_section\" style=' text-align:left;'><div class=\" section_inner clearfix\"><div class='section_inner_margin clearfix'><div class=\"wpb_column vc_column_container vc_col-sm-12\"><div class=\"vc_column-inner\"><div class=\"wpb_wrapper\">\n\t<div class=\"wpb_text_column wpb_content_element \" >\n\t\t<div class=\"wpb_wrapper\">\n\t\t\t<h2>Eventos Coiba<\/h2>\n\n\t\t<\/div>\n\t<\/div>\n<div class=\"separator  transparent   \" style=\"margin-top:20px;margin-bottom:20px;\"><\/div>\n<div class='latest_post_holder boxes four_columns'><ul><li class=\"clearfix\"><div class=\"boxes_image\"><img loading=\"lazy\" decoding=\"async\" width=\"1413\" height=\"797\" src=\"https:\/\/infermeriabalear.com\/wp-content\/uploads\/2026\/04\/Cartell-1-e1776165897353.jpg\" class=\"attachment-latest_post_boxes size-latest_post_boxes wp-post-image\" alt=\"\" srcset=\"https:\/\/infermeriabalear.com\/wp-content\/uploads\/2026\/04\/Cartell-1-e1776165897353.jpg 1413w, https:\/\/infermeriabalear.com\/wp-content\/uploads\/2026\/04\/Cartell-1-e1776165897353-300x169.jpg 300w, https:\/\/infermeriabalear.com\/wp-content\/uploads\/2026\/04\/Cartell-1-e1776165897353-400x226.jpg 400w, https:\/\/infermeriabalear.com\/wp-content\/uploads\/2026\/04\/Cartell-1-e1776165897353-768x433.jpg 768w, https:\/\/infermeriabalear.com\/wp-content\/uploads\/2026\/04\/Cartell-1-e1776165897353-18x10.jpg 18w\" sizes=\"auto, (max-width: 1413px) 100vw, 1413px\" \/><\/div><div class=\"latest_post\"><div class=\"latest_post_text\"><div class=\"latest_post_inner\"><div class=\"latest_post_text_inner\"><h4 class=\"latest_post_title \"><a href=\"https:\/\/infermeriabalear.com\/es\/2026\/04\/14\/cineforum-con-medicus-mundi-en-el-coiba-la-fiebre-del-oro-salut-global-i-responsabilitat-compartida-20-de-abril-coiba-palma\/\">CineF\u00f3rum con Medicusmundi en el COIBA: &#8216;La fiebre del oro: salut global i responsabilitat compartida&#8217; (20 de abril)<\/a><\/h4><p class=\"boxes_excerpt\">Medicusmundi, con la colaboraci\u00f3n del COIBA, organiza el CineF\u00f3rum \u201cLa fiebre del oro: salud global y responsabilidad compartida&#8217; en la......<\/p><span class=\"post_infos\"><span class=\"date_hour_holder\"><i class=\"fa fa-calendar-o\"><\/i><span class=\"date\">14 abril, 2026<\/span><\/span><span class=\"latest-vert-separator\"> in<\/span> <a href=\"https:\/\/infermeriabalear.com\/es\/category\/eventos-coiba\/\">Eventos Coiba <\/a>  <a href=\"https:\/\/infermeriabalear.com\/es\/category\/noticias\/\">Noticias <\/a>  <a href=\"https:\/\/infermeriabalear.com\/es\/category\/noticias-destacadas\/\">Noticias destacadas <\/a> <\/span><\/div><\/div><\/div><\/div><li class=\"clearfix\"><div class=\"boxes_image\"><img loading=\"lazy\" decoding=\"async\" width=\"1600\" height=\"900\" src=\"https:\/\/infermeriabalear.com\/wp-content\/uploads\/2026\/04\/gitana_web_CAT-1.png\" class=\"attachment-latest_post_boxes size-latest_post_boxes wp-post-image\" alt=\"\" srcset=\"https:\/\/infermeriabalear.com\/wp-content\/uploads\/2026\/04\/gitana_web_CAT-1.png 1600w, https:\/\/infermeriabalear.com\/wp-content\/uploads\/2026\/04\/gitana_web_CAT-1-300x169.png 300w, https:\/\/infermeriabalear.com\/wp-content\/uploads\/2026\/04\/gitana_web_CAT-1-400x225.png 400w, https:\/\/infermeriabalear.com\/wp-content\/uploads\/2026\/04\/gitana_web_CAT-1-768x432.png 768w, https:\/\/infermeriabalear.com\/wp-content\/uploads\/2026\/04\/gitana_web_CAT-1-1536x864.png 1536w, https:\/\/infermeriabalear.com\/wp-content\/uploads\/2026\/04\/gitana_web_CAT-1-18x10.png 18w\" sizes=\"auto, (max-width: 1600px) 100vw, 1600px\" \/><\/div><div class=\"latest_post\"><div class=\"latest_post_text\"><div class=\"latest_post_inner\"><div class=\"latest_post_text_inner\"><h4 class=\"latest_post_title \"><a href=\"https:\/\/infermeriabalear.com\/es\/2026\/04\/14\/cafe-debate-con-las-enfermeras-autoras-del-relato-lola-la-enfermera-gitana-22-de-abril-coiba-de-palma\/\">Caf\u00e9-debate con las enfermeras autoras del relato \u201cLola, la enfermera gitana\u201d: 22 de abril \u2013 COIBA de Palma<\/a><\/h4><p class=\"boxes_excerpt\">\u201cEntender a la comunidad gitana para cuidarla. Comunicaci\u00f3n transcultural\u201d es el t\u00edtulo del Trabajo de Fin de Grado que inspira......<\/p><span class=\"post_infos\"><span class=\"date_hour_holder\"><i class=\"fa fa-calendar-o\"><\/i><span class=\"date\">14 abril, 2026<\/span><\/span><span class=\"latest-vert-separator\"> in<\/span> <a href=\"https:\/\/infermeriabalear.com\/es\/category\/eventos-coiba\/\">Eventos Coiba <\/a>  <a href=\"https:\/\/infermeriabalear.com\/es\/category\/noticias\/\">Noticias <\/a>  <a href=\"https:\/\/infermeriabalear.com\/es\/category\/noticias-destacadas\/\">Noticias destacadas <\/a> <\/span><\/div><\/div><\/div><\/div><li class=\"clearfix\"><div class=\"boxes_image\"><img loading=\"lazy\" decoding=\"async\" width=\"1600\" height=\"900\" src=\"https:\/\/infermeriabalear.com\/wp-content\/uploads\/2026\/02\/Cartell_CAT-2-2.png\" class=\"attachment-latest_post_boxes size-latest_post_boxes wp-post-image\" alt=\"\" srcset=\"https:\/\/infermeriabalear.com\/wp-content\/uploads\/2026\/02\/Cartell_CAT-2-2.png 1600w, https:\/\/infermeriabalear.com\/wp-content\/uploads\/2026\/02\/Cartell_CAT-2-2-300x169.png 300w, https:\/\/infermeriabalear.com\/wp-content\/uploads\/2026\/02\/Cartell_CAT-2-2-400x225.png 400w, https:\/\/infermeriabalear.com\/wp-content\/uploads\/2026\/02\/Cartell_CAT-2-2-768x432.png 768w, https:\/\/infermeriabalear.com\/wp-content\/uploads\/2026\/02\/Cartell_CAT-2-2-1536x864.png 1536w, https:\/\/infermeriabalear.com\/wp-content\/uploads\/2026\/02\/Cartell_CAT-2-2-18x10.png 18w\" sizes=\"auto, (max-width: 1600px) 100vw, 1600px\" \/><\/div><div class=\"latest_post\"><div class=\"latest_post_text\"><div class=\"latest_post_inner\"><div class=\"latest_post_text_inner\"><h4 class=\"latest_post_title \"><a href=\"https:\/\/infermeriabalear.com\/es\/2026\/02\/04\/jornada-cuidados-respiratorios\/\">I Jornada Balear de cuidados respiratorios: 6 de marzo (Hospital Comarcal de Inca)<\/a><\/h4><p class=\"boxes_excerpt\">La Comisi\u00f3n de Cuidado Respiratorios del Col\u00b7legi Oficial d&#8217;Infermeres i Infermers de les Illes Balears (COIBA) organiza la I Jornada......<\/p><span class=\"post_infos\"><span class=\"date_hour_holder\"><i class=\"fa fa-calendar-o\"><\/i><span class=\"date\">04 febrero, 2026<\/span><\/span><span class=\"latest-vert-separator\"> in<\/span> <a href=\"https:\/\/infermeriabalear.com\/es\/category\/docus-respiratorias\/\">Docus Respiratorias <\/a>  <a href=\"https:\/\/infermeriabalear.com\/es\/category\/eventos-coiba\/\">Eventos Coiba <\/a>  <a href=\"https:\/\/infermeriabalear.com\/es\/category\/noticias\/\">Noticias <\/a> <\/span><\/div><\/div><\/div><\/div><li class=\"clearfix\"><div class=\"boxes_image\"><img loading=\"lazy\" decoding=\"async\" width=\"1080\" height=\"610\" src=\"https:\/\/infermeriabalear.com\/wp-content\/uploads\/2025\/12\/Cartell-jornada-comunitaria-3-e1766497356849.png\" class=\"attachment-latest_post_boxes size-latest_post_boxes wp-post-image\" alt=\"\" srcset=\"https:\/\/infermeriabalear.com\/wp-content\/uploads\/2025\/12\/Cartell-jornada-comunitaria-3-e1766497356849.png 1080w, https:\/\/infermeriabalear.com\/wp-content\/uploads\/2025\/12\/Cartell-jornada-comunitaria-3-e1766497356849-300x169.png 300w, https:\/\/infermeriabalear.com\/wp-content\/uploads\/2025\/12\/Cartell-jornada-comunitaria-3-e1766497356849-400x226.png 400w, https:\/\/infermeriabalear.com\/wp-content\/uploads\/2025\/12\/Cartell-jornada-comunitaria-3-e1766497356849-768x434.png 768w, https:\/\/infermeriabalear.com\/wp-content\/uploads\/2025\/12\/Cartell-jornada-comunitaria-3-e1766497356849-18x10.png 18w\" sizes=\"auto, (max-width: 1080px) 100vw, 1080px\" \/><\/div><div class=\"latest_post\"><div class=\"latest_post_text\"><div class=\"latest_post_inner\"><div class=\"latest_post_text_inner\"><h4 class=\"latest_post_title \"><a href=\"https:\/\/infermeriabalear.com\/es\/2025\/12\/23\/i-jornada-de-enfermeria-familiar-y-comunitaria-17-de-abril\/\">I Jornada de Enfermer\u00eda Familiar y Comunitaria: 17 de abril<\/a><\/h4><p class=\"boxes_excerpt\">&#8211; Fecha: 17 de abril &#8211; Lugar: Parc Bit \u2013 Auditorio (Centre Empresarial Son Espanyol) &#8211; C\/ Laura Bassi, 1......<\/p><span class=\"post_infos\"><span class=\"date_hour_holder\"><i class=\"fa fa-calendar-o\"><\/i><span class=\"date\">23 diciembre, 2025<\/span><\/span><span class=\"latest-vert-separator\"> in<\/span> <a href=\"https:\/\/infermeriabalear.com\/es\/category\/docus-familiar\/\">Docus familiar <\/a>  <a href=\"https:\/\/infermeriabalear.com\/es\/category\/eventos-coiba\/\">Eventos Coiba <\/a>  <a href=\"https:\/\/infermeriabalear.com\/es\/category\/noticias-destacadas-2columna\/\">Noticia destacada <\/a>  <a href=\"https:\/\/infermeriabalear.com\/es\/category\/noticias\/\">Noticias <\/a> <\/span><\/div><\/div><\/div><\/div><\/ul><\/div><div class=\"separator  transparent   \" style=\"margin-top:20px;margin-bottom:20px;\"><\/div>\n<\/div><\/div><\/div><\/div><\/div><\/div><div      class=\"vc_row wpb_row section  grid_section\" style=' text-align:left;'><div class=\" section_inner clearfix\"><div class='section_inner_margin clearfix'><div class=\"wpb_column vc_column_container vc_col-sm-12\"><div class=\"vc_column-inner\"><div class=\"wpb_wrapper\"><div class=\"separator  transparent   \" style=\"margin-top:10px;margin-bottom:10px;\"><\/div>\n\n\t<div class=\"wpb_text_column wpb_content_element \" >\n\t\t<div class=\"wpb_wrapper\">\n\t\t\t<h2>Otros eventos de inter\u00e9s<\/h2>\n\n\t\t<\/div>\n\t<\/div>\n<div class=\"separator  transparent   \" style=\"margin-top:20px;margin-bottom:20px;\"><\/div>\n<\/div><\/div><\/div><\/div><\/div><\/div><div      class=\"vc_row wpb_row section  grid_section\" style=' text-align:left;'><div class=\" section_inner clearfix\"><div class='section_inner_margin clearfix'><div class=\"wpb_column vc_column_container vc_col-sm-6\"><div class=\"vc_column-inner\"><div class=\"wpb_wrapper\"><div class='latest_post_holder image_in_box '><ul><li class=\"clearfix\"><div class=\"latest_post\"><div class=\"latest_post_image clearfix\"><img decoding=\"async\" src=\"https:\/\/infermeriabalear.com\/wp-content\/uploads\/2026\/02\/FOTO.jpg\" alt=\"\" \/><\/div><div class=\"latest_post_text\"><div class=\"latest_post_inner\"><div class=\"latest_post_text_inner\"><h5 class=\"latest_post_title \"><a href=\"https:\/\/infermeriabalear.com\/es\/2026\/02\/16\/vi-jornada-de-actualizacion-en-salud-sexual-y-reproductiva-16-y-17-de-abril-de-2026\/\">VI Jornada de Actualizaci\u00f3n en Salud Sexual y Reproductiva &#8211; 16 y 17 de abril de 2026<\/a><\/h5><span class=\"post_infos\"><span class=\"latest-vert-separator\"> in<\/span> <a href=\"https:\/\/infermeriabalear.com\/es\/category\/eventos-otros\/\">Otros Eventos <\/a> <\/span><\/div><\/div><\/div><\/div><li class=\"clearfix\"><div class=\"latest_post\"><div class=\"latest_post_image clearfix\"><img decoding=\"async\" src=\"https:\/\/infermeriabalear.com\/wp-content\/uploads\/2026\/03\/AMASC-e1774969485794-150x150.png\" alt=\"\" \/><\/div><div class=\"latest_post_text\"><div class=\"latest_post_inner\"><div class=\"latest_post_text_inner\"><h5 class=\"latest_post_title \"><a href=\"https:\/\/infermeriabalear.com\/es\/2026\/02\/16\/iii-jornadas-amasc-12-de-mayo-de-2026\/\">III Jornadas AMASC &#8211; 12 de mayo de 2026<\/a><\/h5><span class=\"post_infos\"><span class=\"latest-vert-separator\"> in<\/span> <a href=\"https:\/\/infermeriabalear.com\/es\/category\/noticias-destacadas\/\">Noticias destacadas <\/a>  <a href=\"https:\/\/infermeriabalear.com\/es\/category\/eventos-otros\/\">Otros Eventos <\/a> <\/span><\/div><\/div><\/div><\/div><li class=\"clearfix\"><div class=\"latest_post\"><div class=\"latest_post_image clearfix\"><img decoding=\"async\" src=\"https:\/\/infermeriabalear.com\/wp-content\/uploads\/2026\/01\/SEED.png\" alt=\"\" \/><\/div><div class=\"latest_post_text\"><div class=\"latest_post_inner\"><div class=\"latest_post_text_inner\"><h5 class=\"latest_post_title \"><a href=\"https:\/\/infermeriabalear.com\/es\/2026\/01\/23\/iv-congreso-internacional-sinergias-dermoesteticas-22-de-mayo-de-2026\/\">IV Congreso Internacional Sinergias Dermoest\u00e9ticas &#8211; 22 de mayo de 2026<\/a><\/h5><span class=\"post_infos\"><span class=\"latest-vert-separator\"> in<\/span> <a href=\"https:\/\/infermeriabalear.com\/es\/category\/eventos-otros\/\">Otros Eventos <\/a> <\/span><\/div><\/div><\/div><\/div><\/ul><\/div><\/div><\/div><\/div><div class=\"wpb_column vc_column_container vc_col-sm-6\"><div class=\"vc_column-inner\"><div class=\"wpb_wrapper\"><div class='latest_post_holder image_in_box '><ul><\/ul><\/div><\/div><\/div><\/div><\/div><\/div><\/div><div      class=\"vc_row wpb_row section \" style=' text-align:left;'><div class=\" clearfix\"><div class=\"wpb_column vc_column_container vc_col-sm-12\"><div class=\"vc_column-inner\"><div class=\"wpb_wrapper\"><div class=\"separator  transparent   \" style=\"margin-top:20px;margin-bottom:20px;\"><\/div>\n<\/div><\/div><\/div><\/div><\/div>\n<\/div>","protected":false},"excerpt":{"rendered":"La SEED (Sociedad Espa\u00f1ola de Enfermer\u00eda Dermoest\u00e9tica) organiza este encuentro con el objetivo de crear un espacio de formaci\u00f3n, actualizaci\u00f3n...","protected":false},"author":9,"featured_media":0,"parent":0,"menu_order":0,"comment_status":"closed","ping_status":"closed","template":"","meta":{"footnotes":""},"class_list":["post-11847","page","type-page","status-publish","hentry"],"_links":{"self":[{"href":"https:\/\/infermeriabalear.com\/es\/wp-json\/wp\/v2\/pages\/11847","targetHints":{"allow":["GET"]}}],"collection":[{"href":"https:\/\/infermeriabalear.com\/es\/wp-json\/wp\/v2\/pages"}],"about":[{"href":"https:\/\/infermeriabalear.com\/es\/wp-json\/wp\/v2\/types\/page"}],"author":[{"embeddable":true,"href":"https:\/\/infermeriabalear.com\/es\/wp-json\/wp\/v2\/users\/9"}],"replies":[{"embeddable":true,"href":"https:\/\/infermeriabalear.com\/es\/wp-json\/wp\/v2\/comments?post=11847"}],"version-history":[{"count":5,"href":"https:\/\/infermeriabalear.com\/es\/wp-json\/wp\/v2\/pages\/11847\/revisions"}],"predecessor-version":[{"id":27305,"href":"https:\/\/infermeriabalear.com\/es\/wp-json\/wp\/v2\/pages\/11847\/revisions\/27305"}],"wp:attachment":[{"href":"https:\/\/infermeriabalear.com\/es\/wp-json\/wp\/v2\/media?parent=11847"}],"curies":[{"name":"wp","href":"https:\/\/api.w.org\/{rel}","templated":true}]}}