{"id":12715,"date":"2020-11-24T07:29:22","date_gmt":"2020-11-24T07:29:22","guid":{"rendered":"https:\/\/infermeriabalear.com\/?page_id=12715"},"modified":"2021-07-07T13:25:26","modified_gmt":"2021-07-07T12:25:26","slug":"quienes-somos","status":"publish","type":"page","link":"https:\/\/infermeriabalear.com\/es\/quienes-somos\/","title":{"rendered":"\u00bfQui\u00e9nes somos?"},"content":{"rendered":"<div class=\"wpb-content-wrapper\"><div      class=\"vc_row wpb_row section  grid_section\" style=' border-bottom: 1px solid #e8e8e8; text-align:left;'><div class=\" section_inner clearfix\"><div class='section_inner_margin clearfix'><div class=\"wpb_column vc_column_container vc_col-sm-12\"><div class=\"vc_column-inner\"><div class=\"wpb_wrapper\"><div class=\"separator  transparent   \" style=\"margin-top:40px;margin-bottom:10px;\"><\/div>\n\n\t<div class=\"wpb_text_column wpb_content_element \" >\n\t\t<div class=\"wpb_wrapper\">\n\t\t\t<h5><strong>El Ilustre Colegio Oficial de Enfermer\u00eda de las Islas Baleares (Coiba) es la instituci\u00f3n que acoge y representa de forma colegiada a los titulados en Enfermer\u00eda que ejercen en Illes Balears.<\/strong><\/h5>\n<p>&nbsp;<\/p>\n<p>&nbsp;<\/p>\n<p>La misi\u00f3n principal del Coiba es representar a la profesi\u00f3n enfermera y defender sus intereses y los de los colegiados ante los poderes p\u00fablicos, en beneficio de los ciudadanos destinatarios de los cuidados enfermeros. La colegiaci\u00f3n es obligatoria tanto para los profesionales de la sanidad p\u00fablica como privada, y garantiza as\u00ed la titulaci\u00f3n de quienes proporcionan cuidados enfermeros, evitando el intrusismo.<\/p>\n\n\t\t<\/div>\n\t<\/div>\n<div class=\"separator  transparent   \" style=\"margin-top:40px;margin-bottom:10px;\"><\/div>\n<\/div><\/div><\/div><\/div><\/div><\/div><section     class=\"parallax_section_holder \" style = \" background-image:url('https:\/\/infermeriabalear.com\/wp-content\/uploads\/2020\/11\/COIBA_5-scaled.jpg');\" data-height=\"200\"><div class=\"parallax_content left\"><div class='parallax_section_inner_margin clearfix'><div class=\"wpb_column vc_column_container vc_col-sm-4\"><div class=\"vc_column-inner\"><div class=\"wpb_wrapper\"><div class=\"separator  transparent   \" style=\"margin-top:10px;margin-bottom:20px;\"><\/div>\n<span class=\"q_font_awsome_icon fa-4x pull-center \" style=\" \"><i class=\"fa fa-globe\" style=\"font-size: 38px;color: #2cccd3;\"><\/i><\/span><div class=\"q_counter_holder  center\"><span class=\"counter  random\" style=\"color: #2cccd3;font-size: 45px;\">5.552<\/span><span class=\"separator small\" style=\"\"><\/span><p class=\"counter_text\" style=\"font-size: 20px;color: #ffffff;\">Colegiados en Mallorca<\/p><\/div><\/div><\/div><\/div><div class=\"wpb_column vc_column_container vc_col-sm-4\"><div class=\"vc_column-inner\"><div class=\"wpb_wrapper\"><div class=\"separator  transparent   \" style=\"margin-top:10px;margin-bottom:20px;\"><\/div>\n<span class=\"q_font_awsome_icon fa-4x pull-center \" style=\" \"><i class=\"fa fa-globe\" style=\"font-size: 38px;color: #2cccd3;\"><\/i><\/span><div class=\"q_counter_holder  center\"><span class=\"counter  zero\" style=\"color: #2cccd3;font-size: 45px;\">460<\/span><span class=\"separator small\" style=\"\"><\/span><p class=\"counter_text\" style=\"font-size: 20px;color: #ffffff;\">Colegiados en Menorca<\/p><\/div><\/div><\/div><\/div><div class=\"wpb_column vc_column_container vc_col-sm-4\"><div class=\"vc_column-inner\"><div class=\"wpb_wrapper\"><div class=\"separator  transparent   \" style=\"margin-top:10px;margin-bottom:20px;\"><\/div>\n<span class=\"q_font_awsome_icon fa-4x pull-center \" style=\" \"><i class=\"fa fa-globe\" style=\"font-size: 38px;color: #2cccd3;\"><\/i><\/span><div class=\"q_counter_holder  center\"><span class=\"counter  random\" style=\"color: #2cccd3;font-size: 45px;\">632<\/span><span class=\"separator small\" style=\"\"><\/span><p class=\"counter_text\" style=\"font-size: 20px;color: #ffffff;\">Colegiados en las Pitiusas<\/p><\/div><\/div><\/div><\/div><\/div><\/div><\/section><div      class=\"vc_row wpb_row section  grid_section\" style=' border-bottom: 1px solid #e8e8e8; text-align:left;'><div class=\" section_inner clearfix\"><div class='section_inner_margin clearfix'><div class=\"wpb_column vc_column_container vc_col-sm-12\"><div class=\"vc_column-inner\"><div class=\"wpb_wrapper\"><div class=\"separator  transparent   \" style=\"margin-top:40px;margin-bottom:10px;\"><\/div>\n\n\t<div class=\"wpb_text_column wpb_content_element \" >\n\t\t<div class=\"wpb_wrapper\">\n\t\t\t<p>El Coiba es una corporaci\u00f3n p\u00fablica que funciona de forma democr\u00e1tica, con elecciones regulares a la Junta de Gobierno, que es el \u00f3rgano ejecutivo, y debe rendir cuentas del presupuesto y de sus acciones ante la Asamblea General de colegiados. El Colegio ofrece m\u00faltiples servicios a sus colegiados, tales como formaci\u00f3n, ayudas para actividades formativas y de investigaci\u00f3n, asesor\u00edas y otros.<\/p>\n<p>&nbsp;<\/p>\n<p>&nbsp;<\/p>\n<p>El Coiba vela por el desarrollo de la competencia profesional orientando sus esfuerzos hacia un sistema sanitario centrado en la persona y en sus necesidades, y en el que tengan cada vez mayor protagonismo las actividades preventivas y de promoci\u00f3n de la salud.<\/p>\n\n\t\t<\/div>\n\t<\/div>\n<div class=\"separator  transparent   \" style=\"margin-top:40px;margin-bottom:10px;\"><\/div>\n<\/div><\/div><\/div><\/div><\/div><\/div>\n<\/div>","protected":false},"excerpt":{"rendered":"El Ilustre Colegio Oficial de Enfermer\u00eda de las Islas Baleares (Coiba) es la instituci\u00f3n que acoge y representa de forma...","protected":false},"author":9,"featured_media":0,"parent":0,"menu_order":0,"comment_status":"open","ping_status":"closed","template":"full_width.php","meta":{"footnotes":""},"class_list":["post-12715","page","type-page","status-publish","hentry"],"_links":{"self":[{"href":"https:\/\/infermeriabalear.com\/es\/wp-json\/wp\/v2\/pages\/12715","targetHints":{"allow":["GET"]}}],"collection":[{"href":"https:\/\/infermeriabalear.com\/es\/wp-json\/wp\/v2\/pages"}],"about":[{"href":"https:\/\/infermeriabalear.com\/es\/wp-json\/wp\/v2\/types\/page"}],"author":[{"embeddable":true,"href":"https:\/\/infermeriabalear.com\/es\/wp-json\/wp\/v2\/users\/9"}],"replies":[{"embeddable":true,"href":"https:\/\/infermeriabalear.com\/es\/wp-json\/wp\/v2\/comments?post=12715"}],"version-history":[{"count":5,"href":"https:\/\/infermeriabalear.com\/es\/wp-json\/wp\/v2\/pages\/12715\/revisions"}],"predecessor-version":[{"id":16921,"href":"https:\/\/infermeriabalear.com\/es\/wp-json\/wp\/v2\/pages\/12715\/revisions\/16921"}],"wp:attachment":[{"href":"https:\/\/infermeriabalear.com\/es\/wp-json\/wp\/v2\/media?parent=12715"}],"curies":[{"name":"wp","href":"https:\/\/api.w.org\/{rel}","templated":true}]}}