{"id":12780,"date":"2020-11-24T09:19:51","date_gmt":"2020-11-24T09:19:51","guid":{"rendered":"https:\/\/infermeriabalear.com\/?page_id=12780"},"modified":"2025-08-12T10:22:59","modified_gmt":"2025-08-12T08:22:59","slug":"comisiones","status":"publish","type":"page","link":"https:\/\/infermeriabalear.com\/es\/comisiones\/","title":{"rendered":"Comisiones"},"content":{"rendered":"<div class=\"wpb-content-wrapper\"><div      class=\"vc_row wpb_row section  grid_section\" style=' text-align:left;'><div class=\" section_inner clearfix\"><div class='section_inner_margin clearfix'><div class=\"wpb_column vc_column_container vc_col-sm-12\"><div class=\"vc_column-inner\"><div class=\"wpb_wrapper\"><div class=\"vc_empty_space\"   style=\"height: 65px\"><span class=\"vc_empty_space_inner\"><\/span><\/div>\n\t<div class=\"wpb_text_column wpb_content_element \" >\n\t\t<div class=\"wpb_wrapper\">\n\t\t\t<h5 style=\"text-align: center;\"><span style=\"color: #808080;\">El COIBA est\u00e1 conformado por diferentes comisiones; algunas de ellas son internas (Formaci\u00f3n, Investigaci\u00f3n y Deontol\u00f3gica) y las dem\u00e1s son externas.<\/span><\/h5>\n<p>&nbsp;<\/p>\n<h5 style=\"text-align: center;\"><span style=\"color: #808080;\">El 7 de abril de 2025 se aprob\u00f3 el nuevo reglamento interno para el funcionamiento de las comisiones <strong>externas<\/strong>.<\/span><\/h5>\n<p>&nbsp;<\/p>\n<h5 style=\"text-align: center;\"><span style=\"color: #808080;\">Puedes acceder a \u00e9l y consultarlo <span style=\"color: #73c8d1;\"><a href=\"https:\/\/infermeriabalear.com\/wp-content\/uploads\/2025\/08\/Reglamento-de-Funcionamiento-de-las-Comisiones-externas-del-COIBA-CAST.pdf\">AQU\u00cd<\/a>.<\/span><\/span><\/h5>\n\n\t\t<\/div>\n\t<\/div>\n<div class=\"separator  small center  \" style=\"\"><\/div>\n<div class=\"vc_empty_space\"   style=\"height: 40px\"><span class=\"vc_empty_space_inner\"><\/span><\/div><\/div><\/div><\/div><\/div><\/div><\/div><div      class=\"vc_row wpb_row section  grid_section\" style=' text-align:left;'><div class=\" section_inner clearfix\"><div class='section_inner_margin clearfix'><div class=\"wpb_column vc_column_container vc_col-sm-12\"><div class=\"vc_column-inner\"><div class=\"wpb_wrapper\"><div class=\"qode_clients clearfix three_columns\"><div class=\"qode_client_holder\"><div class=\"qode_client_holder_inner\"><div class=\"qode_client_image_holder\"><a href=\"https:\/\/infermeriabalear.com\/comision-deontologica\/\" target=\"_blank\"><img decoding=\"async\" src=\"https:\/\/infermeriabalear.com\/wp-content\/uploads\/2021\/02\/deontologica.png\" alt=\"\" \/><\/a><\/div><div class=\"qode_client_image_hover\"><\/div><\/div><\/div><div class=\"qode_client_holder\"><div class=\"qode_client_holder_inner\"><div class=\"qode_client_image_holder\"><a href=\"https:\/\/infermeriabalear.com\/comision-formacion\/\" target=\"_blank\"><img decoding=\"async\" src=\"https:\/\/infermeriabalear.com\/wp-content\/uploads\/2021\/02\/formacion.png\" alt=\"\" \/><\/a><\/div><div class=\"qode_client_image_hover\"><\/div><\/div><\/div><div class=\"qode_client_holder\"><div class=\"qode_client_holder_inner\"><div class=\"qode_client_image_holder\"><a href=\"https:\/\/infermeriabalear.com\/comision-persones-grans\/ \u200e\" target=\"_blank\"><img decoding=\"async\" src=\"https:\/\/infermeriabalear.com\/wp-content\/uploads\/2021\/09\/personas-mayores.png\" alt=\"\" \/><\/a><\/div><div class=\"qode_client_image_hover\"><\/div><\/div><\/div><div class=\"qode_client_holder\"><div class=\"qode_client_holder_inner\"><div class=\"qode_client_image_holder\"><a href=\"https:\/\/infermeriabalear.com\/comision-de-investigacion\/\" target=\"_blank\"><img decoding=\"async\" src=\"https:\/\/infermeriabalear.com\/wp-content\/uploads\/2021\/02\/investigacion.png\" alt=\"\" \/><\/a><\/div><div class=\"qode_client_image_hover\"><\/div><\/div><\/div><div class=\"qode_client_holder\"><div class=\"qode_client_holder_inner\"><div class=\"qode_client_image_holder\"><a href=\"https:\/\/infermeriabalear.com\/comision-matronas\/\" target=\"_blank\"><img decoding=\"async\" src=\"https:\/\/infermeriabalear.com\/wp-content\/uploads\/2025\/02\/Icones-comissions-8.png\" alt=\"\" \/><\/a><\/div><div class=\"qode_client_image_hover\"><\/div><\/div><\/div><div class=\"qode_client_holder\"><div class=\"qode_client_holder_inner\"><div class=\"qode_client_image_holder\"><a href=\"https:\/\/infermeriabalear.com\/comision-urgencias\/\" target=\"_blank\"><img decoding=\"async\" src=\"https:\/\/infermeriabalear.com\/wp-content\/uploads\/2025\/02\/Urgencias_CAST.png\" alt=\"\" \/><\/a><\/div><div class=\"qode_client_image_hover\"><\/div><\/div><\/div><div class=\"qode_client_holder\"><div class=\"qode_client_holder_inner\"><div class=\"qode_client_image_holder\"><a href=\"https:\/\/infermeriabalear.com\/comision-respiratorias\/\" target=\"_blank\"><img decoding=\"async\" src=\"https:\/\/infermeriabalear.com\/wp-content\/uploads\/2025\/02\/Icones-comissions-5.png\" alt=\"\" \/><\/a><\/div><div class=\"qode_client_image_hover\"><\/div><\/div><\/div><div class=\"qode_client_holder\"><div class=\"qode_client_holder_inner\"><div class=\"qode_client_image_holder\"><a href=\"https:\/\/infermeriabalear.com\/comision-prev-suicidio\/\" target=\"_blank\"><img decoding=\"async\" src=\"https:\/\/infermeriabalear.com\/wp-content\/uploads\/2022\/06\/PrevencionConductaSuicida_CAST.png\" alt=\"\" \/><\/a><\/div><div class=\"qode_client_image_hover\"><\/div><\/div><\/div><div class=\"qode_client_holder\"><div class=\"qode_client_holder_inner\"><div class=\"qode_client_image_holder\"><a href=\"https:\/\/infermeriabalear.com\/ca\/acreditacion-conductas-adictivas\/\" target=\"_blank\"><img decoding=\"async\" src=\"https:\/\/infermeriabalear.com\/wp-content\/uploads\/2023\/01\/Adictiva_CAST.png\" alt=\"\" \/><\/a><\/div><div class=\"qode_client_image_hover\"><\/div><\/div><\/div><\/div><\/div><\/div><\/div><\/div><\/div><\/div><div      class=\"vc_row wpb_row section  grid_section\" style=' text-align:left;'><div class=\" section_inner clearfix\"><div class='section_inner_margin clearfix'><div class=\"wpb_column vc_column_container vc_col-sm-12\"><div class=\"vc_column-inner\"><div class=\"wpb_wrapper\"><div class=\"qode_clients clearfix three_columns\"><div class=\"qode_client_holder\"><div class=\"qode_client_holder_inner\"><div class=\"qode_client_image_holder\"><a href=\"https:\/\/infermeriabalear.com\/comision-de-trabajo\/\" target=\"_blank\"><img decoding=\"async\" src=\"https:\/\/infermeriabalear.com\/wp-content\/uploads\/2025\/02\/Trabajo_CAST.png\" alt=\"\" \/><\/a><\/div><div class=\"qode_client_image_hover\"><\/div><\/div><\/div><div class=\"qode_client_holder\"><div class=\"qode_client_holder_inner\"><div class=\"qode_client_image_holder\"><a href=\"https:\/\/infermeriabalear.com\/comision-familiar-y-comunitaria\/\" target=\"_blank\"><img decoding=\"async\" src=\"https:\/\/infermeriabalear.com\/wp-content\/uploads\/2025\/02\/Familiar_CAST-1.png\" alt=\"\" \/><\/a><\/div><div class=\"qode_client_image_hover\"><\/div><\/div><\/div><\/div><\/div><\/div><\/div><\/div><\/div><\/div>\n<\/div>","protected":false},"excerpt":{"rendered":"El COIBA est\u00e1 conformado por diferentes comisiones; algunas de ellas son internas (Formaci\u00f3n, Investigaci\u00f3n y Deontol\u00f3gica) y las dem\u00e1s son...","protected":false},"author":9,"featured_media":0,"parent":0,"menu_order":0,"comment_status":"closed","ping_status":"closed","template":"full_width.php","meta":{"footnotes":""},"class_list":["post-12780","page","type-page","status-publish","hentry"],"_links":{"self":[{"href":"https:\/\/infermeriabalear.com\/es\/wp-json\/wp\/v2\/pages\/12780","targetHints":{"allow":["GET"]}}],"collection":[{"href":"https:\/\/infermeriabalear.com\/es\/wp-json\/wp\/v2\/pages"}],"about":[{"href":"https:\/\/infermeriabalear.com\/es\/wp-json\/wp\/v2\/types\/page"}],"author":[{"embeddable":true,"href":"https:\/\/infermeriabalear.com\/es\/wp-json\/wp\/v2\/users\/9"}],"replies":[{"embeddable":true,"href":"https:\/\/infermeriabalear.com\/es\/wp-json\/wp\/v2\/comments?post=12780"}],"version-history":[{"count":85,"href":"https:\/\/infermeriabalear.com\/es\/wp-json\/wp\/v2\/pages\/12780\/revisions"}],"predecessor-version":[{"id":44450,"href":"https:\/\/infermeriabalear.com\/es\/wp-json\/wp\/v2\/pages\/12780\/revisions\/44450"}],"wp:attachment":[{"href":"https:\/\/infermeriabalear.com\/es\/wp-json\/wp\/v2\/media?parent=12780"}],"curies":[{"name":"wp","href":"https:\/\/api.w.org\/{rel}","templated":true}]}}