{"id":13369,"date":"2020-12-02T08:10:09","date_gmt":"2020-12-02T07:10:09","guid":{"rendered":"https:\/\/infermeriabalear.com\/?page_id=13369"},"modified":"2026-02-13T15:45:18","modified_gmt":"2026-02-13T14:45:18","slug":"becas-y-ayudas-formacion","status":"publish","type":"page","link":"https:\/\/infermeriabalear.com\/es\/becas-y-ayudas-formacion\/","title":{"rendered":"Becas y Ayudas"},"content":{"rendered":"<div class=\"wpb-content-wrapper\"><div      class=\"vc_row wpb_row section  grid_section\" style=' border-bottom: 1px solid #e8e8e8; text-align:left;'><div class=\" section_inner clearfix\"><div class='section_inner_margin clearfix'><div class=\"wpb_column vc_column_container vc_col-sm-3\"><div class=\"vc_column-inner\"><div class=\"wpb_wrapper\"><\/div><\/div><\/div><div class=\"wpb_column vc_column_container vc_col-sm-3\"><div class=\"vc_column-inner\"><div class=\"wpb_wrapper\"><div class='q_icon_with_title tiny normal_icon'><div class=\"icon_holder \" style=\"margin: 12px 0px 0px 25px; \"><span style=\"\" class=\"q_font_awsome_icon fa-lg \"><i class=\"fa fa-arrow-circle-o-down\" style=\"color: #2cccd3;\"><\/i><\/span><\/div><div class=\"icon_text_holder\"><div class=\"icon_text_inner\" style=\"\"><h4 class=\"icon_title\" style=\"\"><\/h4><p style=''><\/p><a class='icon_with_title_link' href='#nuestras-ayudas' target='_self' style=''>Nuestras Ayudas<\/a><\/div><\/div><\/div>\n\t<div class=\"wpb_raw_code wpb_raw_html wpb_content_element\" id=\"nuestras-ayudas\">\n\t\t<div class=\"wpb_wrapper\">\n\t\t\t\n\t\t<\/div>\n\t<\/div>\n<\/div><\/div><\/div><div class=\"wpb_column vc_column_container vc_col-sm-3\"><div class=\"vc_column-inner\"><div class=\"wpb_wrapper\"><div class='q_icon_with_title tiny normal_icon'><div class=\"icon_holder \" style=\"margin: 12px 0px 0px 20px; \"><span style=\"\" class=\"q_font_awsome_icon fa-lg \"><i class=\"fa fa-arrow-circle-o-down\" style=\"color: #2cccd3;\"><\/i><\/span><\/div><div class=\"icon_text_holder\"><div class=\"icon_text_inner\" style=\"\"><h4 class=\"icon_title\" style=\"\"><\/h4><p style=''><\/p><a class='icon_with_title_link' href='#otras-ayudas' target='_self' style=''>Otras Ayudas<\/a><\/div><\/div><\/div><\/div><\/div><\/div><div class=\"wpb_column vc_column_container vc_col-sm-3\"><div class=\"vc_column-inner\"><div class=\"wpb_wrapper\"><\/div><\/div><\/div><\/div><\/div><\/div><div      class=\"vc_row wpb_row section  grid_section\" style=' text-align:left;'><div class=\" section_inner clearfix\"><div class='section_inner_margin clearfix'><div class=\"wpb_column vc_column_container vc_col-sm-12\"><div class=\"vc_column-inner\"><div class=\"wpb_wrapper\"><div class=\"separator  transparent   \" style=\"margin-top:20px;margin-bottom:20px;\"><\/div>\n\n\t<div class=\"wpb_text_column wpb_content_element \" >\n\t\t<div class=\"wpb_wrapper\">\n\t\t\t<h2>Nuestras ayudas<\/h2>\n\n\t\t<\/div>\n\t<\/div>\n<\/div><\/div><\/div><\/div><\/div><\/div><div      class=\"vc_row wpb_row section  grid_section\" style=' text-align:left;'><div class=\" section_inner clearfix\"><div class='section_inner_margin clearfix'><div class=\"wpb_column vc_column_container vc_col-sm-12\"><div class=\"vc_column-inner\"><div class=\"wpb_wrapper\"><div class=\"separator  transparent   \" style=\"margin-top:10px;margin-bottom:10px;\"><\/div>\n\n\t<div class=\"wpb_text_column wpb_content_element \" >\n\t\t<div class=\"wpb_wrapper\">\n\t\t\t<p>Fomentar formaci\u00f3n continuada y la excelencia profesional son algunos de los objetivos principales del Col\u00b7legi Oficial d&#8217;Infermeria de les Illes Balears.<\/p>\n<p>Para facilitar el acceso a la formaci\u00f3n de calidad, el Col\u00b7legi d&#8217;Infermeria de les Illes Balears (COIBA) otorga estas ayudas con el objetivo principal de fomentar la formaci\u00f3n que permita a las enfermeras desarrollar una pr\u00e1ctica profesional y una toma de decisiones basadas en la evidencia cient\u00edfica que revierta en la calidad de los cuidados y en la seguridad del paciente.<\/p>\n\n\t\t<\/div>\n\t<\/div>\n<div class=\"separator  transparent   \" style=\"margin-top:20px;margin-bottom:20px;\"><\/div>\n<\/div><\/div><\/div><\/div><\/div><\/div><section     class=\"parallax_section_holder \" style = \" background-image:url('https:\/\/infermeriabalear.com\/wp-content\/uploads\/2021\/02\/strataparallax.jpg');\" data-height=\"200\"><div class=\"parallax_content left\"><div class='parallax_section_inner_margin clearfix'><div class=\"wpb_column vc_column_container vc_col-sm-4\"><div class=\"vc_column-inner\"><div class=\"wpb_wrapper\"><div class=\"separator  transparent   \" style=\"margin-top:10px;margin-bottom:20px;\"><\/div>\n<span class=\"q_font_awsome_icon fa-4x pull-center \" style=\" \"><i class=\"fa fa-file-o\" style=\"font-size: 38px;color: #2cccd3;\"><\/i><\/span><div class=\"q_counter_holder  center\"><span class=\"counter  random\" style=\"color: #2cccd3;font-size: 35px;\">240<\/span><span class=\"separator small\" style=\"background-color: #777777;\"><\/span><p class=\"counter_text\" style=\"font-size: 20px;color: #777777;\">Solicitudes presentadas 2025<\/p><\/div><\/div><\/div><\/div><div class=\"wpb_column vc_column_container vc_col-sm-4\"><div class=\"vc_column-inner\"><div class=\"wpb_wrapper\"><div class=\"separator  transparent   \" style=\"margin-top:10px;margin-bottom:20px;\"><\/div>\n<span class=\"q_font_awsome_icon fa-4x pull-center \" style=\" \"><i class=\"fa fa-money\" style=\"font-size: 38px;color: #2cccd3;\"><\/i><\/span><div class=\"q_counter_holder  center\"><span class=\"counter  zero\" style=\"color: #2cccd3;font-size: 35px;\">111348<\/span><span class=\"separator small\" style=\"background-color: #777777;\"><\/span><p class=\"counter_text\" style=\"font-size: 20px;color: #777777;\">Importe otorgado 2025<\/p><\/div><\/div><\/div><\/div><div class=\"wpb_column vc_column_container vc_col-sm-4\"><div class=\"vc_column-inner\"><div class=\"wpb_wrapper\"><div class=\"separator  transparent   \" style=\"margin-top:10px;margin-bottom:20px;\"><\/div>\n<span class=\"q_font_awsome_icon fa-4x pull-center \" style=\" \"><i class=\"fa fa-user-circle\" style=\"font-size: 38px;color: #2cccd3;\"><\/i><\/span><div class=\"q_counter_holder  center\"><span class=\"counter  random\" style=\"color: #2cccd3;font-size: 35px;\">215<\/span><span class=\"separator small\" style=\"background-color: #777777;\"><\/span><p class=\"counter_text\" style=\"font-size: 20px;color: #777777;\">N\u00famero de beneficiados 2025<\/p><\/div><\/div><\/div><\/div><\/div><\/div><\/section><div      class=\"vc_row wpb_row section  grid_section\" style=' text-align:left;'><div class=\" section_inner clearfix\"><div class='section_inner_margin clearfix'><div class=\"wpb_column vc_column_container vc_col-sm-12\"><div class=\"vc_column-inner\"><div class=\"wpb_wrapper\"><div class=\"separator  transparent   \" style=\"margin-top:20px;margin-bottom:20px;\"><\/div>\n<div class='latest_post_holder image_in_box '><ul><li class=\"clearfix\"><div class=\"latest_post\"><div class=\"latest_post_image clearfix\"><img decoding=\"async\" src=\"https:\/\/infermeriabalear.com\/wp-content\/uploads\/2025\/12\/rotacions26_CAST-150x150.png\" alt=\"\" \/><\/div><div class=\"latest_post_text\"><div class=\"latest_post_inner\"><div class=\"latest_post_text_inner\"><h4 class=\"latest_post_title \"><a href=\"https:\/\/infermeriabalear.com\/es\/2026\/01\/05\/ayudas-rotaciones-eir26\/\">Abierta la convocatoria de Ayudas para rotaciones externas EIR 2026<\/a><\/h4><span class=\"post_infos\"><span class=\"date_hour_holder\"><i class=\"fa fa-calendar-o\"><\/i><span class=\"date\">05 enero, 2026<\/span><\/span><span class=\"latest-vert-separator\"> in<\/span> <a href=\"https:\/\/infermeriabalear.com\/es\/category\/becas-ayudas-formacion-coiba\/\">Becas y ayudas formaci\u00f3n Coiba <\/a>  <a href=\"https:\/\/infermeriabalear.com\/es\/category\/noticias-destacadas-2columna\/\">Noticia destacada <\/a>  <a href=\"https:\/\/infermeriabalear.com\/es\/category\/noticias\/\">Noticias <\/a> <\/span><\/div><\/div><\/div><\/div><\/ul><\/div>\n\t<div class=\"wpb_raw_code wpb_raw_html wpb_content_element\" id=\"otras-ayudas\">\n\t\t<div class=\"wpb_wrapper\">\n\t\t\t\n\t\t<\/div>\n\t<\/div>\n<\/div><\/div><\/div><\/div><\/div><\/div><div      class=\"vc_row wpb_row section  grid_section\" style=' text-align:left;'><div class=\" section_inner clearfix\"><div class='section_inner_margin clearfix'><div class=\"wpb_column vc_column_container vc_col-sm-12\"><div class=\"vc_column-inner\"><div class=\"wpb_wrapper\"><div class=\"separator  transparent   \" style=\"margin-top:20px;margin-bottom:20px;\"><\/div>\n\n\t<div class=\"wpb_text_column wpb_content_element \" >\n\t\t<div class=\"wpb_wrapper\">\n\t\t\t<h2>Otras ayudas<\/h2>\n\n\t\t<\/div>\n\t<\/div>\n<div class=\"separator  transparent   \" style=\"margin-top:20px;margin-bottom:20px;\"><\/div>\n<\/div><\/div><\/div><\/div><\/div><\/div><div      class=\"vc_row wpb_row section  grid_section\" style=' text-align:left;'><div class=\" section_inner clearfix\"><div class='section_inner_margin clearfix'><div class=\"wpb_column vc_column_container vc_col-sm-6\"><div class=\"vc_column-inner\"><div class=\"wpb_wrapper\"><div class='latest_post_holder image_in_box '><ul><li class=\"clearfix\"><div class=\"latest_post\"><div class=\"latest_post_image clearfix\"><img decoding=\"async\" src=\"https:\/\/infermeriabalear.com\/wp-content\/uploads\/2022\/02\/Salusplay.jpg\" alt=\"\" \/><\/div><div class=\"latest_post_text\"><div class=\"latest_post_inner\"><div class=\"latest_post_text_inner\"><h4 class=\"latest_post_title \"><a href=\"https:\/\/infermeriabalear.com\/es\/2026\/01\/26\/salusplay-concede-10-becas-a-colegiados-as-del-coiba-para-la-realizacion-de-masteres-online-2026\/\">SALUSPLAY concede 10 becas a colegiados\/as del COIBA para la realizaci\u00f3n de M\u00e1steres online 2026<\/a><\/h4><span class=\"post_infos\"><span class=\"date_hour_holder\"><i class=\"fa fa-calendar-o\"><\/i><span class=\"date\">26 enero, 2026<\/span><\/span><span class=\"latest-vert-separator\"> in<\/span> <a href=\"https:\/\/infermeriabalear.com\/es\/category\/becas-ayudas-formacion-otras1\/\">Becas y ayudas formaci\u00f3n otras 1 <\/a>  <a href=\"https:\/\/infermeriabalear.com\/es\/category\/salusone1\/\">SalusOne 1 <\/a> <\/span><\/div><\/div><\/div><\/div><\/ul><\/div><\/div><\/div><\/div><div class=\"wpb_column vc_column_container vc_col-sm-6\"><div class=\"vc_column-inner\"><div class=\"wpb_wrapper\"><div class='latest_post_holder image_in_box '><ul><\/ul><\/div><\/div><\/div><\/div><\/div><\/div><\/div><div      class=\"vc_row wpb_row section  grid_section\" style=' text-align:left;'><div class=\" section_inner clearfix\"><div class='section_inner_margin clearfix'><div class=\"wpb_column vc_column_container vc_col-sm-12\"><div class=\"vc_column-inner\"><div class=\"wpb_wrapper\"><div class=\"separator  transparent   \" style=\"margin-top:20px;margin-bottom:20px;\"><\/div>\n<\/div><\/div><\/div><\/div><\/div><\/div>\n<\/div>","protected":false},"excerpt":{"rendered":"Si est\u00e1s colegiado\/a en el COIBA tienes a tu disposici\u00f3n 1 de las 10 Becas de 500\u20ac para realizar uno...","protected":false},"author":9,"featured_media":0,"parent":0,"menu_order":0,"comment_status":"open","ping_status":"closed","template":"full_width.php","meta":{"footnotes":""},"class_list":["post-13369","page","type-page","status-publish","hentry"],"_links":{"self":[{"href":"https:\/\/infermeriabalear.com\/es\/wp-json\/wp\/v2\/pages\/13369","targetHints":{"allow":["GET"]}}],"collection":[{"href":"https:\/\/infermeriabalear.com\/es\/wp-json\/wp\/v2\/pages"}],"about":[{"href":"https:\/\/infermeriabalear.com\/es\/wp-json\/wp\/v2\/types\/page"}],"author":[{"embeddable":true,"href":"https:\/\/infermeriabalear.com\/es\/wp-json\/wp\/v2\/users\/9"}],"replies":[{"embeddable":true,"href":"https:\/\/infermeriabalear.com\/es\/wp-json\/wp\/v2\/comments?post=13369"}],"version-history":[{"count":11,"href":"https:\/\/infermeriabalear.com\/es\/wp-json\/wp\/v2\/pages\/13369\/revisions"}],"predecessor-version":[{"id":46633,"href":"https:\/\/infermeriabalear.com\/es\/wp-json\/wp\/v2\/pages\/13369\/revisions\/46633"}],"wp:attachment":[{"href":"https:\/\/infermeriabalear.com\/es\/wp-json\/wp\/v2\/media?parent=13369"}],"curies":[{"name":"wp","href":"https:\/\/api.w.org\/{rel}","templated":true}]}}