{"id":14724,"date":"2021-03-04T16:08:43","date_gmt":"2021-03-04T15:08:43","guid":{"rendered":"https:\/\/infermeriabalear.com\/?page_id=14724"},"modified":"2025-10-10T11:02:00","modified_gmt":"2025-10-10T09:02:00","slug":"normas-de-inscripcion-de-los-cursos-de-coiba","status":"publish","type":"page","link":"https:\/\/infermeriabalear.com\/es\/normas-de-inscripcion-de-los-cursos-de-coiba\/","title":{"rendered":"Normativa Inscripci\u00f3n Cursos COIBA"},"content":{"rendered":"<div class=\"wpb-content-wrapper\"><div      class=\"vc_row wpb_row section  grid_section\" style=' text-align:left;'><div class=\" section_inner clearfix\"><div class='section_inner_margin clearfix'><div class=\"wpb_column vc_column_container vc_col-sm-12\"><div class=\"vc_column-inner\"><div class=\"wpb_wrapper\"><div class=\"separator  transparent   \" style=\"margin-top:20px;margin-bottom:20px;\"><\/div>\n\n\t<div class=\"wpb_text_column wpb_content_element \" >\n\t\t<div class=\"wpb_wrapper\">\n\t\t\t<h2 class=\"nombre\">Normas de inscripci\u00f3n<\/h2>\n\n\t\t<\/div>\n\t<\/div>\n<div class=\"separator  transparent   \" style=\"margin-top:10px;margin-bottom:10px;\"><\/div>\n<\/div><\/div><\/div><\/div><\/div><\/div><div      class=\"vc_row wpb_row section  grid_section\" style=' text-align:left;'><div class=\" section_inner clearfix\"><div class='section_inner_margin clearfix'><div class=\"wpb_column vc_column_container vc_col-sm-12\"><div class=\"vc_column-inner\"><div class=\"wpb_wrapper\">\n\t<div class=\"wpb_text_column wpb_content_element \" >\n\t\t<div class=\"wpb_wrapper\">\n\t\t\t<p>NORMAS DE INSCRIPCI\u00d3N PARA LAS ACTIVIDADES FORMATIVAS ORGANIZADAS POR EL COL\u00b7LEGI OFICIAL D&#8217;INFERMERES I INFERMERS DE LES ILLES BALEARS (COIBA):<\/p>\n<p>&nbsp;<\/p>\n<p><strong>1)-<\/strong>Podr\u00e1n inscribirse a las actividades formativas todos los colegiados y colegiadas del COIBA que est\u00e9n al corriente del pago de sus cuotas colegiales, as\u00ed como no colegiados y otros profesionales (dependiente del tipo de curso). Se otorgar\u00e1n las plazas por orden de inscripci\u00f3n teniendo preferencia nuestros colegiados.<\/p>\n<p>&nbsp;<\/p>\n<p><strong>2)-<\/strong>El plazo de inscripci\u00f3n se abrir\u00e1 con 1 mes de antelaci\u00f3n a la fecha de inicio de la actividad, aproximadamente. La inscripci\u00f3n en un curso se har\u00e1 efectiva una vez abonado el importe de inscripci\u00f3n, siempre que existan plazas libres. En caso contrario, el importe no se pagar\u00e1 y el\/la interesado\/a pasar\u00e1 a una &#8220;lista de espera&#8221;.<\/p>\n<p>&nbsp;<\/p>\n<p><strong>3)-<\/strong>El pago de una actividad formativa podr\u00e1 realizarse en efectivo o tarjeta en la sede colegial, o a trav\u00e9s de la &#8220;Ventanilla \u00danica&#8221; (\u00e1rea privada de la web), mediante pago con tarjeta, o mediante bono.<\/p>\n<p>&nbsp;<\/p>\n<p><strong>4)<\/strong> En base al acuerdo adoptado por la Junta de Gobierno el 29 de marzo de 2021, en los cursos propios organizados \u00edntegramente por el COIBA se realizar\u00e1 una bonificaci\u00f3n del 100% de la matr\u00edcula, a aquellos colegiados y colegiadas que superen la formaci\u00f3n realizada. En caso de NO asistir a la formaci\u00f3n o no superarla, el importe no se devolver\u00e1. Para los cursos coorganizados con otras entidades, se mantendr\u00e1n los descuentos parciales como se hac\u00eda hasta ahora.<\/p>\n<p>&nbsp;<\/p>\n<p><strong>5)-<\/strong>En caso de que la persona inscrita no pueda finalmente realizar la actividad, esta tendr\u00e1 que comunicarlo al COIBA para poder ceder su plaza a otra persona. En caso de haber abonado ya el importe de la inscripci\u00f3n, se proceder\u00e1 a la devoluci\u00f3n del mismo, siempre que se comunique <b>antes de la fecha de inicio de la actividad.<\/b><\/p>\n<p>&nbsp;<\/p>\n<p><strong>6)-<\/strong>El COIBA publicar\u00e1 el programa de cada actividad formativa que organiza en el apartado de formaci\u00f3n de su p\u00e1gina web: <span style=\"color: #76c8d1;\"><strong><a style=\"color: #76c8d1;\" href=\"http:\/\/www.infermeriabalear.com\/\" target=\"_blank\" rel=\"noopener\">www.infermeriabalear.com<\/a><\/strong><\/span>. En el programa se reflejar\u00e1n los detalles de esta: fechas, horario, n\u00famero de plazas, precio, contenido, m\u00ednimo exigido para la superaci\u00f3n de la formaci\u00f3n.<\/p>\n<p>&nbsp;<\/p>\n<p><strong>7)-<\/strong>Las actividades formativas presenciales se llevar\u00e1n a cabo si existe un\u00a0<strong>m\u00ednimo del 75% de personas inscritas<\/strong>, seg\u00fan el n\u00famero de plazas ofertadas, el cual se indicar\u00e1 en el programa de cada actividad. En el caso de actividades online, no suele existir un m\u00ednimo, pero en caso de que se exija, se especificar\u00e1 en la informaci\u00f3n de la actividad. El COIBA podr\u00e1 anular cualquier actividad <strong>unos d<\/strong><strong>\u00ed<\/strong><strong>as antes de su inicio si este requisito no se cumple<\/strong>, o anularlo con la m\u00e1xima antelaci\u00f3n posible por otras causas ajenas a su voluntad. En el caso de anulaci\u00f3n de la actividad por parte del\u00a0COIBA, se les comunicar\u00e1 a las personas inscritas y se devolver\u00e1 el importe abonado. As\u00ed mismo, se mantendr\u00e1 la preferencia para la realizaci\u00f3n de la actividad en pr\u00f3ximas ediciones.<\/p>\n<p>&nbsp;<\/p>\n<p><strong>8)-<\/strong>El control de asistencia de las actividades formativas del COIBA, se realizar\u00e1 cada d\u00eda mediante firma de los asistentes, en la entrada y en la salida. <strong>IMPORTANTE: Es imprescindible firmar la entrada y la salida. En caso de no firmar se considerar\u00e1 falta de asistencia.<\/strong> Para las formaciones en modalidad en l\u00ednea o presencial (por v\u00eda telem\u00e1tica o streaming), el control de acceso se realizar\u00e1 comprobando el tiempo de conexi\u00f3n de cada participante, dentro de la plataforma virtual en la cual se realice el curso.<\/p>\n<p>&nbsp;<\/p>\n<p><strong>9)-<\/strong>Para obtener el certificado oficial, habr\u00e1 que haber cumplido la asistencia m\u00ednima exigida, as\u00ed como haber superado la prueba de aprovechamiento (en caso de que la hubiere). En caso de no cumplirse este requisito, solo se expedir\u00e1 un certificado de asistencia a petici\u00f3n del interesado.<\/p>\n<p>&nbsp;<\/p>\n<p><strong>10)-AYUDAS: <\/strong>El COIBA tiene una amplia oferta formativa (en Mallorca mayoritariamente), si bien en las islas de<strong> Menorca y Pitiusas<\/strong> la oferta es menor, existen ayudas (para vuelo y alojamiento) para colegiados de estas islas, que quieran asistir a un curso en Mallorca. Esta ayuda no se aplica para cualquier curso, sino que tienen que ser sobre un tema<strong> &#8220;muy espec\u00edfico&#8221;, <\/strong>y que no se oferten en las otras islas por el colegio u otras instituciones. Solo ser\u00e1 para un<strong> m\u00e1ximo de 2 colegiados por isla <\/strong>y siempre hay que solicitarlo con antelaci\u00f3n a la fecha de inicio del curso. Es recomendable hacer la consulta antes de inscribirse y de manera individual. La Comisi\u00f3n de Formaci\u00f3n del COIBA ser\u00e1 la que valore cada solicitud y se contestar\u00e1 en la mayor brevedad posible. La ayuda consiste en<strong> un m\u00e1ximo de 75\u20ac para los vuelos y un m\u00e1ximo de 120\u20ac\/noche por alojamiento <\/strong>en hotel, hostal, pensi\u00f3n, etc&#8230;en caso de que el curso fuese de dos d\u00edas o m\u00e1s, y siempre presentando justificantes de pago y facturas. Si el importe es inferior, se abonar\u00e1 el correspondiente. Para solicitar la ayuda hay que enviar un correo electr\u00f3nico a<strong> formacio@infermeriabalear.com <\/strong>, indicando nombre completo, DNI, n\u00famero de colegiado\/a e indicar lo que se solicita.<\/p>\n<p>&nbsp;<\/p>\n<p><strong>11)-<\/strong>La inscripci\u00f3n a las actividades formativas del\u00a0COIBA, implica la aceptaci\u00f3n de estas normas.<\/p>\n<p>&nbsp;<\/p>\n<p>Palma, a 1 de enero de 2025<\/p>\n\n\t\t<\/div>\n\t<\/div>\n<\/div><\/div><\/div><\/div><\/div><\/div><div      class=\"vc_row wpb_row section  grid_section\" style=' text-align:left;'><div class=\" section_inner clearfix\"><div class='section_inner_margin clearfix'><div class=\"wpb_column vc_column_container vc_col-sm-12\"><div class=\"vc_column-inner\"><div class=\"wpb_wrapper\"><div class=\"vc_empty_space\"   style=\"height: 50px\"><span class=\"vc_empty_space_inner\"><\/span><\/div><\/div><\/div><\/div><\/div><\/div><\/div>\n<\/div>","protected":false},"excerpt":{"rendered":"Normas de inscripci\u00f3n NORMAS DE INSCRIPCI\u00d3N PARA LAS ACTIVIDADES FORMATIVAS ORGANIZADAS POR EL COL\u00b7LEGI OFICIAL D'INFERMERES I INFERMERS DE LES...","protected":false},"author":9,"featured_media":0,"parent":0,"menu_order":0,"comment_status":"closed","ping_status":"closed","template":"full_width.php","meta":{"footnotes":""},"class_list":["post-14724","page","type-page","status-publish","hentry"],"_links":{"self":[{"href":"https:\/\/infermeriabalear.com\/es\/wp-json\/wp\/v2\/pages\/14724","targetHints":{"allow":["GET"]}}],"collection":[{"href":"https:\/\/infermeriabalear.com\/es\/wp-json\/wp\/v2\/pages"}],"about":[{"href":"https:\/\/infermeriabalear.com\/es\/wp-json\/wp\/v2\/types\/page"}],"author":[{"embeddable":true,"href":"https:\/\/infermeriabalear.com\/es\/wp-json\/wp\/v2\/users\/9"}],"replies":[{"embeddable":true,"href":"https:\/\/infermeriabalear.com\/es\/wp-json\/wp\/v2\/comments?post=14724"}],"version-history":[{"count":14,"href":"https:\/\/infermeriabalear.com\/es\/wp-json\/wp\/v2\/pages\/14724\/revisions"}],"predecessor-version":[{"id":45112,"href":"https:\/\/infermeriabalear.com\/es\/wp-json\/wp\/v2\/pages\/14724\/revisions\/45112"}],"wp:attachment":[{"href":"https:\/\/infermeriabalear.com\/es\/wp-json\/wp\/v2\/media?parent=14724"}],"curies":[{"name":"wp","href":"https:\/\/api.w.org\/{rel}","templated":true}]}}