{"id":15628,"date":"2021-04-15T08:45:49","date_gmt":"2021-04-15T07:45:49","guid":{"rendered":"https:\/\/infermeriabalear.com\/?page_id=15628"},"modified":"2022-07-01T14:39:57","modified_gmt":"2022-07-01T12:39:57","slug":"enmiendas-y-recursos-presentados","status":"publish","type":"page","link":"https:\/\/infermeriabalear.com\/es\/enmiendas-y-recursos-presentados\/","title":{"rendered":"Enmiendas y recursos presentados"},"content":{"rendered":"<div class=\"wpb-content-wrapper\"><div      class=\"vc_row wpb_row section  grid_section\" style=' padding-top:30px; padding-bottom:72px; text-align:left;'><div class=\" section_inner clearfix\"><div class='section_inner_margin clearfix'><div class=\"wpb_column vc_column_container vc_col-sm-12\"><div class=\"vc_column-inner\"><div class=\"wpb_wrapper\">\n\t<div class=\"wpb_text_column wpb_content_element \" >\n\t\t<div class=\"wpb_wrapper\">\n\t\t\t<h2 style=\"text-align: center;\"><span style=\"color: #1ecad3;\">Enmiendas presentadas por el COIBA <img loading=\"lazy\" decoding=\"async\" class=\" wp-image-17789 alignnone\" src=\"https:\/\/infermeriabalear.com\/wp-content\/uploads\/2021\/08\/Diseno-sin-titulo-e1629274784486.png\" alt=\"\" width=\"87\" height=\"123\" \/><\/span><\/h2>\n\n\t\t<\/div>\n\t<\/div>\n\n\t<div class=\"wpb_tabstabs_holder clearfix\" data-interval=\"0\">\n\t\t<div class=\"q_tabs vertical\">\n\t\t\t<ul class=\"tabs-nav\"><li><a href=\"#tab-1655719144138-2-7\">A\u00f1o 2022<\/a><\/li><li><a href=\"#tab-355b3891-1409-2\">A\u00f1o 2021<\/a><\/li><li><a href=\"#tab-f30bbd74-fab9-1\">A\u00f1o 2020<\/a><\/li><\/ul>\n<div class='tabs-container'>\n\t\t\t\n\t<div id=\"tab-1655719144138-2-7\" class=\"wpb_tab ui-tabs-panel wpb_ui-tabs-hide vc_clearfix tab-content\">\n\t\t<div class=\"vc_empty_space\"   style=\"height: 25px\"><span class=\"vc_empty_space_inner\"><\/span><\/div>\n\t<div class=\"wpb_text_column wpb_content_element \" >\n\t\t<div class=\"wpb_wrapper\">\n\t\t\t<ul>\n<li><a href=\"https:\/\/infermeriabalear.com\/wp-content\/uploads\/2022\/07\/ALEGACIONES-COIBA-PROYECTO-RD-radioterapia.pdf\" target=\"_blank\" rel=\"noopener\">Alegaciones al p<span class=\"JsGRdQ\">royecto de R.D sobre criterios de calidad y seguridad de las unidades asistenciales de radioterapia<\/span><\/a><\/li>\n<\/ul>\n<p>&nbsp;<\/p>\n<hr \/>\n<ul>\n<li><a href=\"https:\/\/infermeriabalear.com\/wp-content\/uploads\/2022\/06\/Alegaciones-al-anteproyecto-ley-salud-sexual.pdf\" target=\"_blank\" rel=\"noopener\">Alegaciones al anteproyecto de Ley Org\u00e1nica por la que se modifica la LO 2\/2010, de 3 de marzo, de salud sexual y reproductiva y de la interrupci\u00f3n voluntaria del embarazo.<\/a><\/li>\n<\/ul>\n<p>&nbsp;<\/p>\n<hr \/>\n\n\t\t<\/div>\n\t<\/div>\n\n\t<\/div>\n\n\t<div id=\"tab-355b3891-1409-2\" class=\"wpb_tab ui-tabs-panel wpb_ui-tabs-hide vc_clearfix tab-content\">\n\t\t<div class=\"vc_empty_space\"   style=\"height: 25px\"><span class=\"vc_empty_space_inner\"><\/span><\/div>\n\t<div class=\"wpb_text_column wpb_content_element \" >\n\t\t<div class=\"wpb_wrapper\">\n\t\t\t<ul>\n<li><a href=\"https:\/\/infermeriabalear.com\/wp-content\/uploads\/2021\/08\/Alegaciones-Ley-Trans-16-08-2021.pdf\" target=\"_blank\" rel=\"noopener\">Alegaciones al Anteproyecto de Ley para la igualdad real y efectiva de las personas trans y para la garant\u00eda de los derechos de las personas LGTBI<\/a><\/li>\n<\/ul>\n<p>&nbsp;<\/p>\n<hr \/>\n<ul>\n<li><a href=\"https:\/\/infermeriabalear.com\/wp-content\/uploads\/2021\/08\/Alegaciones-al-Proyecto-de-Resolucion-por-la-que-se-ordenan-determinados-aspectos-del-ejercicio-profesional-de-las.pdf\" target=\"_blank\" rel=\"noopener\">Alegaciones al Proyecto de resoluci\u00f3n por el que se ordenan determinados aspectos del ejercicio profesional de las\/los enfermeras\/os gestores de casos en la atenci\u00f3n del paciente cr\u00f3nico y en el \u00e1mbito de la continuidad asistencial o enlace en la atenci\u00f3n al paciente cr\u00f3nico.<\/a>\n<ul>\n<li><a href=\"https:\/\/infermeriabalear.com\/wp-content\/uploads\/2021\/08\/Borrador-enfermera-de-continuidad-asistencial.pdf\" target=\"_blank\" rel=\"noopener\">Borrador enfermera de continuidad asistencial<\/a><\/li>\n<li><a href=\"https:\/\/infermeriabalear.com\/wp-content\/uploads\/2021\/08\/Borrador-enfermera-gestora-de-casos.pdf\" target=\"_blank\" rel=\"noopener\">Borrador enfermera gestora de casos<\/a><\/li>\n<\/ul>\n<\/li>\n<\/ul>\n<p>&nbsp;<\/p>\n<hr \/>\n<ul>\n<li><a href=\"https:\/\/infermeriabalear.com\/wp-content\/uploads\/2021\/08\/Aportaciones-Proyecto-Real-Decreto-especialistas.pdf\" target=\"_blank\" rel=\"noopener\">Alegaciones al Proyecto de Real Decreto por el que se regula la formaci\u00f3n transversal de las especialidades en Ciencias de la Salud, el procedimiento y criterios para la creaci\u00f3n y revisi\u00f3n de los t\u00edtulos de especialista en ciencias de la salud y de los diplomas de \u00e1rea de capacitaci\u00f3n espec\u00edfica, el acceso y la formaci\u00f3n de las \u00e1reas de capacitaci\u00f3n espec\u00edfica y se establecen las normas aplicables a las pruebas anuales de acceso a plazas de formaci\u00f3n<\/a>\n<ul>\n<li><a href=\"https:\/\/infermeriabalear.com\/wp-content\/uploads\/2021\/08\/PRD_FSE_PARA_IP.pdf\" target=\"_blank\" rel=\"noopener\">Borrador Proyecto Decreto<\/a><\/li>\n<\/ul>\n<\/li>\n<\/ul>\n\n\t\t<\/div>\n\t<\/div>\n\n\t<\/div>\n\n\t<div id=\"tab-f30bbd74-fab9-1\" class=\"wpb_tab ui-tabs-panel wpb_ui-tabs-hide vc_clearfix tab-content\">\n\t\t<div class=\"vc_empty_space\"   style=\"height: 25px\"><span class=\"vc_empty_space_inner\"><\/span><\/div>\n\t<div class=\"wpb_text_column wpb_content_element \" >\n\t\t<div class=\"wpb_wrapper\">\n\t\t\t<ul>\n<li><a href=\"https:\/\/infermeriabalear.com\/wp-content\/uploads\/2021\/08\/APORTACIONES-EN-EL-PROCESO-DE-REVISION-DEL-CODIGO-DEONTOLOGICO-DEL-CIE-REGISTRADO.pdf\" target=\"_blank\" rel=\"noopener\">Aportaciones en el proceso de revisi\u00f3n del c\u00f3digo deontol\u00f3gico del CIE registrado<\/a><\/li>\n<li style=\"list-style-type: none;\">\n<ul>\n<li><a href=\"https:\/\/infermeriabalear.com\/wp-content\/uploads\/2021\/08\/CoE_Version-for-Consultation_October-2020_ES.pdf\" target=\"_blank\" rel=\"noopener\">Texto con modificaciones<\/a><\/li>\n<\/ul>\n<\/li>\n<\/ul>\n<p>&nbsp;<\/p>\n<hr \/>\n<ul>\n<li><a href=\"https:\/\/infermeriabalear.com\/wp-content\/uploads\/2021\/09\/Projecte-Gestio-Infermera-de-la-demanda-aguda-13.08.20.pdf\" target=\"_blank\" rel=\"noopener\">Aportaciones al documento de la Gesti\u00f3n Enfermera de la Demanda Aguda<\/a><\/li>\n<li style=\"list-style-type: none;\">\n<ul>\n<li><a href=\"https:\/\/infermeriabalear.com\/wp-content\/uploads\/2021\/09\/Aportacions-COIBA-Gestio-Infermera-de-la-Demanda.pdf\" target=\"_blank\" rel=\"noopener\">Texto con modificaciones<\/a><\/li>\n<\/ul>\n<\/li>\n<\/ul>\n\n\t\t<\/div>\n\t<\/div>\n\n\t<\/div>\n<\/div>\n\t\t<\/div> \n\t<\/div> <\/div><\/div><\/div><\/div><\/div><\/div><div      class=\"vc_row wpb_row section  grid_section\" style=' border-bottom: 1px solid #ffffff; padding-top:30px; padding-bottom:72px; text-align:left;'><div class=\" section_inner clearfix\"><div class='section_inner_margin clearfix'><div class=\"wpb_column vc_column_container vc_col-sm-12\"><div class=\"vc_column-inner\"><div class=\"wpb_wrapper\">\n\t<div class=\"wpb_text_column wpb_content_element \" >\n\t\t<div class=\"wpb_wrapper\">\n\t\t\t<h2 style=\"text-align: center;\"><span style=\"color: #1ecad3;\">Recursos presentados por el COIBA <img loading=\"lazy\" decoding=\"async\" class=\" wp-image-17789 alignnone\" src=\"https:\/\/infermeriabalear.com\/wp-content\/uploads\/2021\/08\/Diseno-sin-titulo-e1629274784486.png\" alt=\"\" width=\"87\" height=\"123\" \/><\/span><\/h2>\n\n\t\t<\/div>\n\t<\/div>\n\n\t<div class=\"wpb_tabstabs_holder clearfix\" data-interval=\"0\">\n\t\t<div class=\"q_tabs vertical\">\n\t\t\t<ul class=\"tabs-nav\"><li><a href=\"#tab-1628580659832-1-1\">A\u00f1o 2021<\/a><\/li><li><a href=\"#tab-1628583986736-1-2\">A\u00f1o 2020<\/a><\/li><\/ul>\n<div class='tabs-container'>\n\t\t\t\n\t<div id=\"tab-1628580659832-1-1\" class=\"wpb_tab ui-tabs-panel wpb_ui-tabs-hide vc_clearfix tab-content\">\n\t\t<div class=\"vc_empty_space\"   style=\"height: 25px\"><span class=\"vc_empty_space_inner\"><\/span><\/div>\n\t<div class=\"wpb_text_column wpb_content_element \" >\n\t\t<div class=\"wpb_wrapper\">\n\t\t\t<ul>\n<li><a href=\"https:\/\/infermeriabalear.com\/wp-content\/uploads\/2021\/08\/RECURSO-REPOS.-CONVOCAT.-SUPERV.ENFERM.-UNIDAD-GPE-HUSE-1.pdf\" target=\"_blank\" rel=\"noopener\">Recurso de reposici\u00f3n contra la resoluci\u00f3n por la que se convoca el puesto de Supervisor\/a de la Unidad de Gesti\u00f3n de Personal del Hospital Universitario Son Espases<\/a>.<\/li>\n<li style=\"list-style-type: none;\">\n<ul>\n<li><a href=\"https:\/\/infermeriabalear.com\/wp-content\/uploads\/2021\/08\/RESOLUCIO-HUSE.pdf\" target=\"_blank\" rel=\"noopener\">Resoluci\u00f3n<\/a><\/li>\n<\/ul>\n<\/li>\n<\/ul>\n<p>&nbsp;<\/p>\n<hr \/>\n<ul>\n<li><a href=\"https:\/\/infermeriabalear.com\/wp-content\/uploads\/2021\/08\/Recurs-reposicio-supervisora-infermeria-Hospital-Son-Llatzer.pdf\" target=\"_blank\" rel=\"noopener\">Recurso de reposici\u00f3n contra la resoluci\u00f3n por la que se convoca el puesto de Supervisor\/a de Enfermer\u00eda de la Unidad de Hospitalizaci\u00f3n HC3 del Hospital Universitario Son Ll\u00e0tzer<\/a><\/li>\n<li style=\"list-style-type: none;\">\n<ul>\n<li><a href=\"https:\/\/infermeriabalear.com\/wp-content\/uploads\/2021\/08\/Resolucio-lloc-de-feina-28366.pdf\" target=\"_blank\" rel=\"noopener\">Resoluci\u00f3n<\/a><\/li>\n<\/ul>\n<\/li>\n<\/ul>\n<p>&nbsp;<\/p>\n<hr \/>\n<ul>\n<li><a href=\"https:\/\/infermeriabalear.com\/wp-content\/uploads\/2021\/08\/RECURSO-REPOS.-CONVOCAT.RESP_.-ENFER.-EPA-ZBS-ES-RAIGUER.pdf\" target=\"_blank\" rel=\"noopener\">Recurso de reposici\u00f3n contra la resoluci\u00f3n por la que se convoca el puesto de responsable de enfermer\u00eda del Equipo de Atenci\u00f3n Primaria de la Zona B\u00e1sica de Salud d&#8217;Es Raiguer<\/a><\/li>\n<li style=\"list-style-type: none;\">\n<ul>\n<li><a href=\"https:\/\/infermeriabalear.com\/wp-content\/uploads\/2021\/08\/RESOLUCIO-ES-RAIGUER.pdf\" target=\"_blank\" rel=\"noopener\">Resoluci\u00f3n<\/a><\/li>\n<\/ul>\n<\/li>\n<\/ul>\n<p>&nbsp;<\/p>\n<hr \/>\n<ul>\n<li><a href=\"https:\/\/infermeriabalear.com\/wp-content\/uploads\/2021\/08\/RECURSO-REPOSICION-SUPERV.ENFERM.-UNIDAD-DOCENCIA-HGMO.pdf\" target=\"_blank\" rel=\"noopener\">Recurso de reposici\u00f3n contra la resoluci\u00f3n por la que se convoca el puesto de Supervisor\/a de la unidad de enfermer\u00eda de docencia, formaci\u00f3n, investigaci\u00f3n, calidad y sistemas de informaci\u00f3n del Hospital Mateu Orfila de Menorca<\/a><\/li>\n<li style=\"list-style-type: none;\">\n<ul>\n<li><a href=\"https:\/\/infermeriabalear.com\/wp-content\/uploads\/2021\/08\/RESOLUCIO-HMO.pdf\" target=\"_blank\" rel=\"noopener\">Resoluci\u00f3n<\/a><\/li>\n<\/ul>\n<\/li>\n<\/ul>\n<p>&nbsp;<\/p>\n<hr \/>\n<ul>\n<li><a href=\"https:\/\/infermeriabalear.com\/wp-content\/uploads\/2021\/08\/RECURSO-CONVOCAT.-SUPERV.-UNIDAD-MATERNO-INFANTIL-HCIN.pdf\" target=\"_blank\" rel=\"noopener\">Recurso de reposici\u00f3n contra la resoluci\u00f3n por la que se convoca el puesto de Supervisor\/a de la Unidad de Materno Infantil para el Hospital Comarcal de Inca<\/a><\/li>\n<li style=\"list-style-type: none;\">\n<ul>\n<li><a href=\"https:\/\/infermeriabalear.com\/wp-content\/uploads\/2021\/08\/RESOLUCIO-HCIN.pdf\" target=\"_blank\" rel=\"noopener\">Resoluci\u00f3n<\/a><\/li>\n<\/ul>\n<\/li>\n<\/ul>\n\n\t\t<\/div>\n\t<\/div>\n\n\t<\/div>\n\n\t<div id=\"tab-1628583986736-1-2\" class=\"wpb_tab ui-tabs-panel wpb_ui-tabs-hide vc_clearfix tab-content\">\n\t\t<div class=\"separator  transparent   \" style=\"\"><\/div>\n\n\t<div class=\"wpb_text_column wpb_content_element \" >\n\t\t<div class=\"wpb_wrapper\">\n\t\t\t<p>&#8211; Secci\u00f3n en construcci\u00f3n &#8211;<\/p>\n\n\t\t<\/div>\n\t<\/div>\n\n\t<\/div>\n<\/div>\n\t\t<\/div> \n\t<\/div> <\/div><\/div><\/div><\/div><\/div><\/div>\n<\/div>","protected":false},"excerpt":{"rendered":"Enmiendas presentadas por el COIBA A\u00f1o 2022A\u00f1o 2021A\u00f1o 2020 Alegaciones al proyecto de R.D sobre criterios de calidad y seguridad...","protected":false},"author":9,"featured_media":0,"parent":0,"menu_order":0,"comment_status":"open","ping_status":"closed","template":"full_width.php","meta":{"footnotes":""},"class_list":["post-15628","page","type-page","status-publish","hentry"],"_links":{"self":[{"href":"https:\/\/infermeriabalear.com\/es\/wp-json\/wp\/v2\/pages\/15628","targetHints":{"allow":["GET"]}}],"collection":[{"href":"https:\/\/infermeriabalear.com\/es\/wp-json\/wp\/v2\/pages"}],"about":[{"href":"https:\/\/infermeriabalear.com\/es\/wp-json\/wp\/v2\/types\/page"}],"author":[{"embeddable":true,"href":"https:\/\/infermeriabalear.com\/es\/wp-json\/wp\/v2\/users\/9"}],"replies":[{"embeddable":true,"href":"https:\/\/infermeriabalear.com\/es\/wp-json\/wp\/v2\/comments?post=15628"}],"version-history":[{"count":5,"href":"https:\/\/infermeriabalear.com\/es\/wp-json\/wp\/v2\/pages\/15628\/revisions"}],"predecessor-version":[{"id":26410,"href":"https:\/\/infermeriabalear.com\/es\/wp-json\/wp\/v2\/pages\/15628\/revisions\/26410"}],"wp:attachment":[{"href":"https:\/\/infermeriabalear.com\/es\/wp-json\/wp\/v2\/media?parent=15628"}],"curies":[{"name":"wp","href":"https:\/\/api.w.org\/{rel}","templated":true}]}}