{"id":15635,"date":"2021-04-15T08:49:46","date_gmt":"2021-04-15T07:49:46","guid":{"rendered":"https:\/\/infermeriabalear.com\/?page_id=15635"},"modified":"2024-04-18T09:58:52","modified_gmt":"2024-04-18T07:58:52","slug":"gastos-personal-presentados","status":"publish","type":"page","link":"https:\/\/infermeriabalear.com\/es\/gastos-personal-presentados\/","title":{"rendered":"Gastos personal presentados"},"content":{"rendered":"<div class=\"wpb-content-wrapper\"><div      class=\"vc_row wpb_row section  grid_section\" style=' text-align:left;'><div class=\" section_inner clearfix\"><div class='section_inner_margin clearfix'><div class=\"wpb_column vc_column_container vc_col-sm-12\"><div class=\"vc_column-inner\"><div class=\"wpb_wrapper\">\n        <div class=\"wpb_single_image wpb_content_element vc_align_center\">\n            <div class=\"wpb_wrapper\">\n                \n                <div class=\"vc_single_image-wrapper   vc_box_border_grey\"><img decoding=\"async\" class=\"vc_single_image-img \" src=\"https:\/\/infermeriabalear.com\/wp-content\/uploads\/2021\/08\/Personal_CAST.png\" width=\"1080\" height=\"200\" alt=\"Personal_CAST\" title=\"Personal_CAST\" loading=\"lazy\" \/><\/div>\n            <\/div>\n        <\/div>\n    <\/div><\/div><\/div><\/div><\/div><\/div><div      class=\"vc_row wpb_row section  grid_section\" style=' border-bottom: 1px solid #e8e8e8; padding-top:60px; padding-bottom:60px; text-align:left;'><div class=\" section_inner clearfix\"><div class='section_inner_margin clearfix'><div class=\"wpb_column vc_column_container vc_col-sm-6\"><div class=\"vc_column-inner\"><div class=\"wpb_wrapper\">\n        <div class=\"wpb_single_image wpb_content_element vc_align_left\">\n            <div class=\"wpb_wrapper\">\n                \n                <div class=\"vc_single_image-wrapper   vc_box_border_grey\"><img decoding=\"async\" class=\"vc_single_image-img \" src=\"https:\/\/infermeriabalear.com\/wp-content\/uploads\/2021\/08\/Diseno-sin-titulo-1-300x424.png\" width=\"300\" height=\"424\" alt=\"Dise\u00f1o sin t\u00edtulo (1)\" title=\"Dise\u00f1o sin t\u00edtulo (1)\" loading=\"lazy\" \/><\/div>\n            <\/div>\n        <\/div>\n    <\/div><\/div><\/div><div class=\"wpb_column vc_column_container vc_col-sm-6\"><div class=\"vc_column-inner\"><div class=\"wpb_wrapper\"><div class=\"vc_empty_space\"   style=\"height: 90px\"><span class=\"vc_empty_space_inner\"><\/span><\/div><div class=\"vc_empty_space\"   style=\"height: 80px\"><span class=\"vc_empty_space_inner\"><\/span><\/div>\n\t<div class=\"q_accordion_holder clearfix wpb_content_element accordion with_icon  not-column-inherit\" data-active-tab=\"false\" data-collapsible=\"yes\">\n\t\t\t\n\t\t\t\t<h5 class=\"clearfix title-holder\" style=\"\"><span class=\"icon-wrapper\"><i class=\"fa fa-arrow-right\" style=\"color: ;\"><\/i><\/span><span class=\"accordion_mark left_mark\"><span class=\"accordion_mark_icon\"><\/span><\/span><span class=\"tab-title\">A\u00f1o 2023<\/span><span class=\"accordion_mark right_mark\"><span class=\"accordion_mark_icon\"><\/span><\/span><\/h5>\n\t\t\t\t<div  class=\"accordion_content \">\n\t\t\t<div class=\"accordion_content_inner\">\n\t\t\t\t\n\t<div class=\"wpb_text_column wpb_content_element \" >\n\t\t<div class=\"wpb_wrapper\">\n\t\t\t<p><a href=\"https:\/\/infermeriabalear.com\/wp-content\/uploads\/2024\/04\/MEMORIA-ECONOMICA-2023.pdf\" target=\"_blank\" rel=\"noopener\">Gastos de personal correspondientes al ejercicio 2023<\/a><\/p>\n\n\t\t<\/div>\n\t<\/div>\n\n\t\t\t<\/div>\n\t\t\t\t<\/div>\n\n\t\t\t\t<h5 class=\"clearfix title-holder\" style=\"\"><span class=\"icon-wrapper\"><i class=\"fa fa-arrow-right\" style=\"color: ;\"><\/i><\/span><span class=\"accordion_mark left_mark\"><span class=\"accordion_mark_icon\"><\/span><\/span><span class=\"tab-title\">A\u00f1o 2022<\/span><span class=\"accordion_mark right_mark\"><span class=\"accordion_mark_icon\"><\/span><\/span><\/h5>\n\t\t\t\t<div  class=\"accordion_content \">\n\t\t\t<div class=\"accordion_content_inner\">\n\t\t\t\t\n\t<div class=\"wpb_text_column wpb_content_element \" >\n\t\t<div class=\"wpb_wrapper\">\n\t\t\t<p><a href=\"https:\/\/infermeriabalear.com\/wp-content\/uploads\/2023\/03\/MEMORIA-ECONOMICA-2022-1.pdf\" target=\"_blank\" rel=\"noopener\">Gastos de personal correspondientes al ejercicio 2022<\/a><\/p>\n\n\t\t<\/div>\n\t<\/div>\n\n\t\t\t<\/div>\n\t\t\t\t<\/div>\n\n\t\t\t\t<h5 class=\"clearfix title-holder\" style=\"\"><span class=\"icon-wrapper\"><i class=\"fa fa-arrow-right\" style=\"color: ;\"><\/i><\/span><span class=\"accordion_mark left_mark\"><span class=\"accordion_mark_icon\"><\/span><\/span><span class=\"tab-title\">A\u00f1o 2021<\/span><span class=\"accordion_mark right_mark\"><span class=\"accordion_mark_icon\"><\/span><\/span><\/h5>\n\t\t\t\t<div  class=\"accordion_content \">\n\t\t\t<div class=\"accordion_content_inner\">\n\t\t\t\t\n\t<div class=\"wpb_text_column wpb_content_element \" >\n\t\t<div class=\"wpb_wrapper\">\n\t\t\t<p><a href=\"https:\/\/infermeriabalear.com\/wp-content\/uploads\/2022\/05\/Memoria-economica-resumida-2021.pdf\" target=\"_blank\" rel=\"noopener\">Gastos de personal correspondientes al ejercicio 2021<\/a><\/p>\n\n\t\t<\/div>\n\t<\/div>\n\n\t\t\t<\/div>\n\t\t\t\t<\/div>\n\n\t\t\t\t<h5 class=\"clearfix title-holder\" style=\"\"><span class=\"icon-wrapper\"><i class=\"fa fa-arrow-right\" style=\"color: ;\"><\/i><\/span><span class=\"accordion_mark left_mark\"><span class=\"accordion_mark_icon\"><\/span><\/span><span class=\"tab-title\">A\u00f1o 2020<\/span><span class=\"accordion_mark right_mark\"><span class=\"accordion_mark_icon\"><\/span><\/span><\/h5>\n\t\t\t\t<div  class=\"accordion_content \">\n\t\t\t<div class=\"accordion_content_inner\">\n\t\t\t\t\n\t<div class=\"wpb_text_column wpb_content_element \" >\n\t\t<div class=\"wpb_wrapper\">\n\t\t\t<p><a href=\"https:\/\/infermeriabalear.com\/wp-content\/uploads\/2021\/08\/Memoria-Economica.pdf\" target=\"_blank\" rel=\"noopener\">Gastos de personal correspondientes al ejercicio 2020<\/a><\/p>\n\n\t\t<\/div>\n\t<\/div>\n\n\t\t\t<\/div>\n\t\t\t\t<\/div>\n\n\t\t\t\t<h5 class=\"clearfix title-holder\" style=\"\"><span class=\"icon-wrapper\"><i class=\"fa fa-arrow-right\" style=\"color: ;\"><\/i><\/span><span class=\"accordion_mark left_mark\"><span class=\"accordion_mark_icon\"><\/span><\/span><span class=\"tab-title\">A\u00f1o 2019<\/span><span class=\"accordion_mark right_mark\"><span class=\"accordion_mark_icon\"><\/span><\/span><\/h5>\n\t\t\t\t<div  class=\"accordion_content \">\n\t\t\t<div class=\"accordion_content_inner\">\n\t\t\t\t\n\t<div class=\"wpb_text_column wpb_content_element \" >\n\t\t<div class=\"wpb_wrapper\">\n\t\t\t<ul>\n<li><a href=\"https:\/\/infermeriabalear.com\/wp-content\/uploads\/2021\/08\/MEMORIA-ECONOMICA-2019.pdf\" target=\"_blank\" rel=\"noopener\">Gastos de personal correspondientes al ejercicio 2019<\/a><\/li>\n<\/ul>\n\n\t\t<\/div>\n\t<\/div>\n\n\t\t\t<\/div>\n\t\t\t\t<\/div>\n\n\t\t\t\t<h5 class=\"clearfix title-holder\" style=\"\"><span class=\"icon-wrapper\"><i class=\"fa fa-arrow-right\" style=\"color: ;\"><\/i><\/span><span class=\"accordion_mark left_mark\"><span class=\"accordion_mark_icon\"><\/span><\/span><span class=\"tab-title\">A\u00f1o 2018<\/span><span class=\"accordion_mark right_mark\"><span class=\"accordion_mark_icon\"><\/span><\/span><\/h5>\n\t\t\t\t<div  class=\"accordion_content \">\n\t\t\t<div class=\"accordion_content_inner\">\n\t\t\t\t\n\t<div class=\"wpb_text_column wpb_content_element \" >\n\t\t<div class=\"wpb_wrapper\">\n\t\t\t<ul>\n<li><a href=\"https:\/\/infermeriabalear.com\/wp-content\/uploads\/2021\/08\/RETRIBUCIONES-OMNIBUSLOGO18.pdf\" target=\"_blank\" rel=\"noopener\">Gastos de personal correspondientes al ejercicio 2018<\/a><\/li>\n<\/ul>\n\n\t\t<\/div>\n\t<\/div>\n\n\t\t\t<\/div>\n\t\t\t\t<\/div>\n\n\t\t\t\t<h5 class=\"clearfix title-holder\" style=\"\"><span class=\"icon-wrapper\"><i class=\"fa fa-arrow-right\" style=\"color: ;\"><\/i><\/span><span class=\"accordion_mark left_mark\"><span class=\"accordion_mark_icon\"><\/span><\/span><span class=\"tab-title\">A\u00f1o 2017<\/span><span class=\"accordion_mark right_mark\"><span class=\"accordion_mark_icon\"><\/span><\/span><\/h5>\n\t\t\t\t<div  class=\"accordion_content \">\n\t\t\t<div class=\"accordion_content_inner\">\n\t\t\t\t\n\t<div class=\"wpb_text_column wpb_content_element \" >\n\t\t<div class=\"wpb_wrapper\">\n\t\t\t<ul>\n<li><a href=\"https:\/\/infermeriabalear.com\/wp-content\/uploads\/2021\/08\/RETRIBUCIONES-OMNIBUS-2017.pdf\" target=\"_blank\" rel=\"noopener\">Gastos de personal correspondientes al ejercicio 2017<\/a><\/li>\n<\/ul>\n\n\t\t<\/div>\n\t<\/div>\n\n\t\t\t<\/div>\n\t\t\t\t<\/div>\n\n\t\t\t\t<h5 class=\"clearfix title-holder\" style=\"\"><span class=\"icon-wrapper\"><i class=\"fa fa-arrow-right\" style=\"color: ;\"><\/i><\/span><span class=\"accordion_mark left_mark\"><span class=\"accordion_mark_icon\"><\/span><\/span><span class=\"tab-title\">A\u00f1o 2016<\/span><span class=\"accordion_mark right_mark\"><span class=\"accordion_mark_icon\"><\/span><\/span><\/h5>\n\t\t\t\t<div  class=\"accordion_content \">\n\t\t\t<div class=\"accordion_content_inner\">\n\t\t\t\t<div      class=\"vc_row wpb_row section vc_inner  grid_section\" style=' text-align:left;'><div class=\" section_inner clearfix\"><div class='section_inner_margin clearfix'><div class=\"acordeon-margin wpb_column vc_column_container vc_col-sm-8\"><div class=\"vc_column-inner\"><div class=\"wpb_wrapper\"><div class=\"separator  transparent   \" style=\"margin-top:2px;\"><\/div>\n\n\t<div class=\"wpb_text_column wpb_content_element \" >\n\t\t<div class=\"wpb_wrapper\">\n\t\t\t<ul>\n<li><a href=\"https:\/\/infermeriabalear.com\/wp-content\/uploads\/2021\/08\/MEMORIA-ECONOMICArev.pdf\" target=\"_blank\" rel=\"noopener\">Gastos de personal correspondientes al ejercicio 2016<\/a><\/li>\n<\/ul>\n\n\t\t<\/div>\n\t<\/div>\n<\/div><\/div><\/div><div class=\"wpb_column vc_column_container vc_col-sm-4\"><div class=\"vc_column-inner\"><div class=\"wpb_wrapper\"><\/div><\/div><\/div><\/div><\/div><\/div>\n\t\t\t<\/div>\n\t\t\t\t<\/div>\n\n\t<\/div> <\/div><\/div><\/div><\/div><\/div><\/div>\n<\/div>","protected":false},"excerpt":{"rendered":"A\u00f1o 2023 Gastos de personal correspondientes al ejercicio 2023 A\u00f1o 2022 Gastos de personal correspondientes al ejercicio 2022 A\u00f1o 2021...","protected":false},"author":9,"featured_media":0,"parent":0,"menu_order":0,"comment_status":"open","ping_status":"closed","template":"full_width.php","meta":{"footnotes":""},"class_list":["post-15635","page","type-page","status-publish","hentry"],"_links":{"self":[{"href":"https:\/\/infermeriabalear.com\/es\/wp-json\/wp\/v2\/pages\/15635","targetHints":{"allow":["GET"]}}],"collection":[{"href":"https:\/\/infermeriabalear.com\/es\/wp-json\/wp\/v2\/pages"}],"about":[{"href":"https:\/\/infermeriabalear.com\/es\/wp-json\/wp\/v2\/types\/page"}],"author":[{"embeddable":true,"href":"https:\/\/infermeriabalear.com\/es\/wp-json\/wp\/v2\/users\/9"}],"replies":[{"embeddable":true,"href":"https:\/\/infermeriabalear.com\/es\/wp-json\/wp\/v2\/comments?post=15635"}],"version-history":[{"count":5,"href":"https:\/\/infermeriabalear.com\/es\/wp-json\/wp\/v2\/pages\/15635\/revisions"}],"predecessor-version":[{"id":38056,"href":"https:\/\/infermeriabalear.com\/es\/wp-json\/wp\/v2\/pages\/15635\/revisions\/38056"}],"wp:attachment":[{"href":"https:\/\/infermeriabalear.com\/es\/wp-json\/wp\/v2\/media?parent=15635"}],"curies":[{"name":"wp","href":"https:\/\/api.w.org\/{rel}","templated":true}]}}