{"id":15638,"date":"2021-04-15T08:51:30","date_gmt":"2021-04-15T07:51:30","guid":{"rendered":"https:\/\/infermeriabalear.com\/?page_id=15638"},"modified":"2023-06-07T12:49:48","modified_gmt":"2023-06-07T10:49:48","slug":"elecciones-coiba","status":"publish","type":"page","link":"https:\/\/infermeriabalear.com\/es\/elecciones-coiba\/","title":{"rendered":"Elecciones COIBA"},"content":{"rendered":"<div class=\"wpb-content-wrapper\"><div      class=\"vc_row wpb_row section  grid_section\" style=' border-bottom: 1px solid #e8e8e8; padding-top:60px; padding-bottom:72px; text-align:left;'><div class=\" section_inner clearfix\"><div class='section_inner_margin clearfix'><div class=\"wpb_column vc_column_container vc_col-sm-12\"><div class=\"vc_column-inner\"><div class=\"wpb_wrapper\">\n\t<div class=\"wpb_tabstabs_holder clearfix\" data-interval=\"0\">\n\t\t<div class=\"q_tabs boxed\">\n\t\t\t<ul class=\"tabs-nav\"><li><a href=\"#tab-1686134704523-2-4\">Elecciones a la Junta de Gobierno 2023<\/a><\/li><li><a href=\"#tab-1605169854552-6-8\">Elecciones Junta Insular de Menorca 2021<\/a><\/li><li><a href=\"#tab-1390467785418-2-0\">Elecciones a la Junta de Gobierno 2019<\/a><\/li><\/ul>\n<div class='tabs-container'>\n\t\t\t\n\t<div id=\"tab-1686134704523-2-4\" class=\"wpb_tab ui-tabs-panel wpb_ui-tabs-hide vc_clearfix tab-content\">\n\t\t<div class='latest_post_holder image_in_box '><ul><li class=\"clearfix\"><div class=\"latest_post\"><div class=\"latest_post_image clearfix\"><img decoding=\"async\" src=\"https:\/\/infermeriabalear.com\/wp-content\/uploads\/2023\/08\/IMG_6680-1-scaled-e1691599266165-150x150.jpg\" alt=\"\" \/><\/div><div class=\"latest_post_text\"><div class=\"latest_post_inner\"><div class=\"latest_post_text_inner\"><h5 class=\"latest_post_title \"><a href=\"https:\/\/infermeriabalear.com\/es\/2023\/08\/09\/toma-posesion-nueva-junta-gobierno-del-coiba-y-juntas-insulares\/\">Los miembros de la nueva Junta de Gobierno del COIBA y de las nuevas juntas insulares toman posesi\u00f3n de sus cargos<\/a><\/h5><span class=\"post_infos\"><span class=\"date_hour_holder\"><i class=\"fa fa-calendar-o\"><\/i><span class=\"date\">09 agosto, 2023<\/span><\/span><span class=\"latest-vert-separator\"> in<\/span> <a href=\"https:\/\/infermeriabalear.com\/es\/category\/elecciones-coiba-2023\/\">Elecciones Coiba-2023 <\/a>  <a href=\"https:\/\/infermeriabalear.com\/es\/category\/noticias-destacadas-2columna\/\">Noticia destacada <\/a>  <a href=\"https:\/\/infermeriabalear.com\/es\/category\/noticias\/\">Noticias <\/a> <\/span><\/div><\/div><\/div><\/div><li class=\"clearfix\"><div class=\"latest_post\"><div class=\"latest_post_image clearfix\"><img decoding=\"async\" src=\"https:\/\/infermeriabalear.com\/wp-content\/uploads\/2023\/08\/8-1-150x150.png\" alt=\"\" \/><\/div><div class=\"latest_post_text\"><div class=\"latest_post_inner\"><div class=\"latest_post_text_inner\"><h5 class=\"latest_post_title \"><a href=\"https:\/\/infermeriabalear.com\/es\/2023\/08\/03\/la-mesa-electoral-acuerda-la-proclamacion-directa-de-las-candidatures-encabezadas-por-maria-jose-sastre-junta-de-gobierno-monica-yern-pitiusas-y-purificacion-luna-menorca\/\">La Mesa Electoral acuerda la proclamaci\u00f3n directa de las candidaturas encabezadas por Mar\u00eda Jos\u00e9 Sastre (Junta de Gobierno), M\u00f2nica Yern (Pitiusas); y Purificaci\u00f3n Luna (Menorca)<\/a><\/h5><span class=\"post_infos\"><span class=\"date_hour_holder\"><i class=\"fa fa-calendar-o\"><\/i><span class=\"date\">03 agosto, 2023<\/span><\/span><span class=\"latest-vert-separator\"> in<\/span> <a href=\"https:\/\/infermeriabalear.com\/es\/category\/elecciones-coiba-2023\/\">Elecciones Coiba-2023 <\/a> <\/span><\/div><\/div><\/div><\/div><li class=\"clearfix\"><div class=\"latest_post\"><div class=\"latest_post_image clearfix\"><img decoding=\"async\" src=\"https:\/\/infermeriabalear.com\/wp-content\/uploads\/2023\/07\/Eleccions-Junta-Govern-2023-6-150x150.png\" alt=\"\" \/><\/div><div class=\"latest_post_text\"><div class=\"latest_post_inner\"><div class=\"latest_post_text_inner\"><h5 class=\"latest_post_title \"><a href=\"https:\/\/infermeriabalear.com\/es\/2023\/07\/13\/publicado-el-censo-definitivo-para-las-elecciones-coiba-2023\/\">Publicado el censo definitivo para las elecciones COIBA 2023 y el plazo de presentaci\u00f3n de candidaturas<\/a><\/h5><span class=\"post_infos\"><span class=\"date_hour_holder\"><i class=\"fa fa-calendar-o\"><\/i><span class=\"date\">13 julio, 2023<\/span><\/span><span class=\"latest-vert-separator\"> in<\/span> <a href=\"https:\/\/infermeriabalear.com\/es\/category\/elecciones-coiba-2023\/\">Elecciones Coiba-2023 <\/a> <\/span><\/div><\/div><\/div><\/div><li class=\"clearfix\"><div class=\"latest_post\"><div class=\"latest_post_image clearfix\"><img decoding=\"async\" src=\"https:\/\/infermeriabalear.com\/wp-content\/uploads\/2023\/06\/Eleccions-Junta-Govern-2023-4-1-150x150.png\" alt=\"\" \/><\/div><div class=\"latest_post_text\"><div class=\"latest_post_inner\"><div class=\"latest_post_text_inner\"><h5 class=\"latest_post_title \"><a href=\"https:\/\/infermeriabalear.com\/es\/2023\/06\/23\/censo-provisional-elecciones-coiba-2023-diez-dias-habiles-reclamaciones\/\">Censo provisional para las elecciones COIBA 2023. Las colegiadas\/dos tienen 10 d\u00edas h\u00e1biles para formular reclamaciones\u00a0<\/a><\/h5><span class=\"post_infos\"><span class=\"date_hour_holder\"><i class=\"fa fa-calendar-o\"><\/i><span class=\"date\">23 junio, 2023<\/span><\/span><span class=\"latest-vert-separator\"> in<\/span> <a href=\"https:\/\/infermeriabalear.com\/es\/category\/elecciones-coiba-2023\/\">Elecciones Coiba-2023 <\/a> <\/span><\/div><\/div><\/div><\/div><li class=\"clearfix\"><div class=\"latest_post\"><div class=\"latest_post_image clearfix\"><img decoding=\"async\" src=\"https:\/\/infermeriabalear.com\/wp-content\/uploads\/2023\/06\/Eleccions-Junta-Govern-2023-e1686302983730-150x150.png\" alt=\"\" \/><\/div><div class=\"latest_post_text\"><div class=\"latest_post_inner\"><div class=\"latest_post_text_inner\"><h5 class=\"latest_post_title \"><a href=\"https:\/\/infermeriabalear.com\/es\/2023\/06\/09\/2023-el-coiba-convoca-elecciones-a-la-junta-de-gobierno-y-a-las-juntas-insulares-de-menorca-e-ibiza-formentera\/\">El COIBA convoca elecciones a la Junta de Gobierno y a las Juntas Insulares de Menorca e Ibiza y Formentera<\/a><\/h5><span class=\"post_infos\"><span class=\"date_hour_holder\"><i class=\"fa fa-calendar-o\"><\/i><span class=\"date\">09 junio, 2023<\/span><\/span><span class=\"latest-vert-separator\"> in<\/span> <a href=\"https:\/\/infermeriabalear.com\/es\/category\/elecciones-coiba-2023\/\">Elecciones Coiba-2023 <\/a>  <a href=\"https:\/\/infermeriabalear.com\/es\/category\/noticias-destacadas\/\">Noticias destacadas <\/a> <\/span><\/div><\/div><\/div><\/div><\/ul><\/div>\n\t<\/div>\n\n\t<div id=\"tab-1605169854552-6-8\" class=\"wpb_tab ui-tabs-panel wpb_ui-tabs-hide vc_clearfix tab-content\">\n\t\t<div class=\"separator  transparent   \" style=\"margin-top:8px;\"><\/div>\n<div      class=\"vc_row wpb_row section vc_inner \" style=' text-align:left;'><div class=\" clearfix\"><div class=\"acordeon-margin wpb_column vc_column_container vc_col-sm-12\"><div class=\"vc_column-inner\"><div class=\"wpb_wrapper\"><div class='latest_post_holder image_in_box '><ul><li class=\"clearfix\"><div class=\"latest_post\"><div class=\"latest_post_image clearfix\"><img decoding=\"async\" src=\"https:\/\/infermeriabalear.com\/wp-content\/uploads\/2021\/04\/logo-coiba-c-150x150.png\" alt=\"\" \/><\/div><div class=\"latest_post_text\"><div class=\"latest_post_inner\"><div class=\"latest_post_text_inner\"><h5 class=\"latest_post_title \"><a href=\"https:\/\/infermeriabalear.com\/es\/2021\/04\/06\/elecciones-coiba-iii-maecenas-sit-amet-mi-sapien-curabitur-quis-ante-mauris\/\">La nueva Junta Insular de Menorca toma posesi\u00f3n de sus cargos<\/a><\/h5><span class=\"post_infos\"><span class=\"date_hour_holder\"><i class=\"fa fa-calendar-o\"><\/i><span class=\"date\">06 abril, 2021<\/span><\/span><span class=\"latest-vert-separator\"> in<\/span> <a href=\"https:\/\/infermeriabalear.com\/es\/category\/elecciones-coiba-2021\/\">Elecciones Coiba-2021 <\/a> <\/span><\/div><\/div><\/div><\/div><li class=\"clearfix\"><div class=\"latest_post\"><div class=\"latest_post_image clearfix\"><img decoding=\"async\" src=\"https:\/\/infermeriabalear.com\/wp-content\/uploads\/2021\/04\/logo-coiba-c-150x150.png\" alt=\"\" \/><\/div><div class=\"latest_post_text\"><div class=\"latest_post_inner\"><div class=\"latest_post_text_inner\"><h5 class=\"latest_post_title \"><a href=\"https:\/\/infermeriabalear.com\/es\/2021\/03\/26\/la-mesa-electoral-acuerda-la-proclamacion-directa-de-la-candidatura-encabezada-por-senda-ramirez-sanchez-a-la-junta-insular-del-coiba-de-menorca\/\">La Mesa Electoral acuerda la proclamaci\u00f3n directa de la candidatura encabezada por Senda Ram\u00edrez S\u00e1nchez a la Junta Insular del COIBA de Menorca<\/a><\/h5><span class=\"post_infos\"><span class=\"date_hour_holder\"><i class=\"fa fa-calendar-o\"><\/i><span class=\"date\">26 marzo, 2021<\/span><\/span><span class=\"latest-vert-separator\"> in<\/span> <a href=\"https:\/\/infermeriabalear.com\/es\/category\/elecciones-coiba-2021\/\">Elecciones Coiba-2021 <\/a> <\/span><\/div><\/div><\/div><\/div><li class=\"clearfix\"><div class=\"latest_post\"><div class=\"latest_post_image clearfix\"><img decoding=\"async\" src=\"https:\/\/infermeriabalear.com\/wp-content\/uploads\/2021\/04\/logo-coiba-c-150x150.png\" alt=\"\" \/><\/div><div class=\"latest_post_text\"><div class=\"latest_post_inner\"><div class=\"latest_post_text_inner\"><h5 class=\"latest_post_title \"><a href=\"https:\/\/infermeriabalear.com\/es\/2021\/03\/04\/publicado-el-censo-definitivo-para-las-elecciones-a-la-junta-insular-del-coiba-de-menorca-2021\/\">Publicado el Censo definitivo para las elecciones a la Junta Insular del COIBA de Menorca 2021<\/a><\/h5><span class=\"post_infos\"><span class=\"date_hour_holder\"><i class=\"fa fa-calendar-o\"><\/i><span class=\"date\">04 marzo, 2021<\/span><\/span><span class=\"latest-vert-separator\"> in<\/span> <a href=\"https:\/\/infermeriabalear.com\/es\/category\/elecciones-coiba-2021\/\">Elecciones Coiba-2021 <\/a> <\/span><\/div><\/div><\/div><\/div><li class=\"clearfix\"><div class=\"latest_post\"><div class=\"latest_post_image clearfix\"><img decoding=\"async\" src=\"https:\/\/infermeriabalear.com\/wp-content\/uploads\/2021\/04\/logo-coiba-c-150x150.png\" alt=\"\" \/><\/div><div class=\"latest_post_text\"><div class=\"latest_post_inner\"><div class=\"latest_post_text_inner\"><h5 class=\"latest_post_title \"><a href=\"https:\/\/infermeriabalear.com\/es\/2021\/02\/11\/la-mesa-electoral-acuerda-la-proclamacion-directa-de-la-candidatura-encabezada-por-senda-ramirez-sanchez-a-la-junta-insular-del-coiba-de-menorca-2\/\">Publicaci\u00f3n del censo provisional para las elecciones COIBA Menorca 2021<\/a><\/h5><span class=\"post_infos\"><span class=\"date_hour_holder\"><i class=\"fa fa-calendar-o\"><\/i><span class=\"date\">11 febrero, 2021<\/span><\/span><span class=\"latest-vert-separator\"> in<\/span> <a href=\"https:\/\/infermeriabalear.com\/es\/category\/elecciones-coiba-2021\/\">Elecciones Coiba-2021 <\/a> <\/span><\/div><\/div><\/div><\/div><li class=\"clearfix\"><div class=\"latest_post\"><div class=\"latest_post_image clearfix\"><img decoding=\"async\" src=\"https:\/\/infermeriabalear.com\/wp-content\/uploads\/2021\/04\/logo-coiba-c-150x150.png\" alt=\"\" \/><\/div><div class=\"latest_post_text\"><div class=\"latest_post_inner\"><div class=\"latest_post_text_inner\"><h5 class=\"latest_post_title \"><a href=\"https:\/\/infermeriabalear.com\/es\/2021\/01\/28\/convocadas-elecciones-a-la-junta-insular-de-menorca-del-coiba\/\">Convocadas elecciones a la Junta insular de Menorca del COIBA<\/a><\/h5><span class=\"post_infos\"><span class=\"date_hour_holder\"><i class=\"fa fa-calendar-o\"><\/i><span class=\"date\">28 enero, 2021<\/span><\/span><span class=\"latest-vert-separator\"> in<\/span> <a href=\"https:\/\/infermeriabalear.com\/es\/category\/elecciones-coiba-2021\/\">Elecciones Coiba-2021 <\/a> <\/span><\/div><\/div><\/div><\/div><\/ul><\/div><\/div><\/div><\/div><\/div><\/div>\n\t<\/div>\n\n\t<div id=\"tab-1390467785418-2-0\" class=\"wpb_tab ui-tabs-panel wpb_ui-tabs-hide vc_clearfix tab-content\">\n\t\t<div class=\"separator  transparent   \" style=\"margin-top:8px;\"><\/div>\n<div      class=\"vc_row wpb_row section vc_inner \" style=' text-align:left;'><div class=\" clearfix\"><div class=\"acordeon-margin wpb_column vc_column_container vc_col-sm-12\"><div class=\"vc_column-inner\"><div class=\"wpb_wrapper\"><div class='latest_post_holder image_in_box '><ul><li class=\"clearfix\"><div class=\"latest_post\"><div class=\"latest_post_image clearfix\"><img decoding=\"async\" src=\"https:\/\/infermeriabalear.com\/wp-content\/uploads\/2021\/04\/logo-coiba-c-150x150.png\" alt=\"\" \/><\/div><div class=\"latest_post_text\"><div class=\"latest_post_inner\"><div class=\"latest_post_text_inner\"><h5 class=\"latest_post_title \"><a href=\"https:\/\/infermeriabalear.com\/es\/2019\/05\/06\/elecciones-coiba-ii-maecenas-sit-amet-mi-sapien-curabitur-quis-ante-mauris\/\">La Mesa Electoral acuerda la proclamaci\u00f3n directa de las candidaturas encabezadas por Mar\u00eda Jos\u00e9 Sastre a la Junta de Gobierno del COIBA y M\u00f2nica Yern, a la Junta Insular de Eivissa-Formentera<\/a><\/h5><span class=\"post_infos\"><span class=\"date_hour_holder\"><i class=\"fa fa-calendar-o\"><\/i><span class=\"date\">06 mayo, 2019<\/span><\/span><span class=\"latest-vert-separator\"> in<\/span> <a href=\"https:\/\/infermeriabalear.com\/es\/category\/elecciones-coiba-2019\/\">Elecciones Coiba-2019 <\/a> <\/span><\/div><\/div><\/div><\/div><li class=\"clearfix\"><div class=\"latest_post\"><div class=\"latest_post_image clearfix\"><img decoding=\"async\" src=\"https:\/\/infermeriabalear.com\/wp-content\/uploads\/2021\/04\/logo-coiba-c-150x150.png\" alt=\"\" \/><\/div><div class=\"latest_post_text\"><div class=\"latest_post_inner\"><div class=\"latest_post_text_inner\"><h5 class=\"latest_post_title \"><a href=\"https:\/\/infermeriabalear.com\/es\/2019\/04\/09\/publicado-el-censo-definitivo-para-las-elecciones-coiba-2019\/\">Publicado el censo definitivo para las elecciones COIBA 2019<\/a><\/h5><span class=\"post_infos\"><span class=\"date_hour_holder\"><i class=\"fa fa-calendar-o\"><\/i><span class=\"date\">09 abril, 2019<\/span><\/span><span class=\"latest-vert-separator\"> in<\/span> <a href=\"https:\/\/infermeriabalear.com\/es\/category\/elecciones-coiba-2019\/\">Elecciones Coiba-2019 <\/a> <\/span><\/div><\/div><\/div><\/div><li class=\"clearfix\"><div class=\"latest_post\"><div class=\"latest_post_image clearfix\"><img decoding=\"async\" src=\"https:\/\/infermeriabalear.com\/wp-content\/uploads\/2021\/04\/logo-coiba-c-150x150.png\" alt=\"\" \/><\/div><div class=\"latest_post_text\"><div class=\"latest_post_inner\"><div class=\"latest_post_text_inner\"><h5 class=\"latest_post_title \"><a href=\"https:\/\/infermeriabalear.com\/es\/2019\/03\/23\/publicado-el-censo-provisional-para-las-elecciones-coiba-2019-las-y-los-colegiados-tienen-diez-dias-habiles-para-formular-sus-reclamaciones\/\">Publicado el Censo provisional para las elecciones COIBA 2019. Las y los colegiados tienen diez d\u00edas h\u00e1biles para formular sus reclamaciones.\u00a0<\/a><\/h5><span class=\"post_infos\"><span class=\"date_hour_holder\"><i class=\"fa fa-calendar-o\"><\/i><span class=\"date\">23 marzo, 2019<\/span><\/span><span class=\"latest-vert-separator\"> in<\/span> <a href=\"https:\/\/infermeriabalear.com\/es\/category\/elecciones-coiba-2019\/\">Elecciones Coiba-2019 <\/a> <\/span><\/div><\/div><\/div><\/div><li class=\"clearfix\"><div class=\"latest_post\"><div class=\"latest_post_image clearfix\"><img decoding=\"async\" src=\"https:\/\/infermeriabalear.com\/wp-content\/uploads\/2021\/04\/logo-coiba-c-150x150.png\" alt=\"\" \/><\/div><div class=\"latest_post_text\"><div class=\"latest_post_inner\"><div class=\"latest_post_text_inner\"><h5 class=\"latest_post_title \"><a href=\"https:\/\/infermeriabalear.com\/es\/2019\/03\/06\/el-coiba-convoca-elecciones-a-la-junta-de-gobierno-y-a-las-juntas-insulares-de-menorca-e-ibiza-formenter\/\">El COIBA convoca elecciones a la Junta de Gobierno y a las juntas insulares de Menorca e Ibiza &#8211; Formentera<\/a><\/h5><span class=\"post_infos\"><span class=\"date_hour_holder\"><i class=\"fa fa-calendar-o\"><\/i><span class=\"date\">06 marzo, 2019<\/span><\/span><span class=\"latest-vert-separator\"> in<\/span> <a href=\"https:\/\/infermeriabalear.com\/es\/category\/elecciones-coiba-2019\/\">Elecciones Coiba-2019 <\/a> <\/span><\/div><\/div><\/div><\/div><\/ul><\/div><\/div><\/div><\/div><\/div><\/div>\n\t<\/div>\n<\/div>\n\t\t<\/div> \n\t<\/div> <\/div><\/div><\/div><\/div><\/div><\/div>\n<\/div>","protected":false},"excerpt":{"rendered":"La Junta de Gobierno del Col\u00b7legi Oficial d\u2019Infermeria de les Illes Balears acord\u00f3 en reuni\u00f3n ordinaria, ayer 5 de marzo...","protected":false},"author":9,"featured_media":0,"parent":0,"menu_order":0,"comment_status":"open","ping_status":"closed","template":"full_width.php","meta":{"footnotes":""},"class_list":["post-15638","page","type-page","status-publish","hentry"],"_links":{"self":[{"href":"https:\/\/infermeriabalear.com\/es\/wp-json\/wp\/v2\/pages\/15638","targetHints":{"allow":["GET"]}}],"collection":[{"href":"https:\/\/infermeriabalear.com\/es\/wp-json\/wp\/v2\/pages"}],"about":[{"href":"https:\/\/infermeriabalear.com\/es\/wp-json\/wp\/v2\/types\/page"}],"author":[{"embeddable":true,"href":"https:\/\/infermeriabalear.com\/es\/wp-json\/wp\/v2\/users\/9"}],"replies":[{"embeddable":true,"href":"https:\/\/infermeriabalear.com\/es\/wp-json\/wp\/v2\/comments?post=15638"}],"version-history":[{"count":5,"href":"https:\/\/infermeriabalear.com\/es\/wp-json\/wp\/v2\/pages\/15638\/revisions"}],"predecessor-version":[{"id":33459,"href":"https:\/\/infermeriabalear.com\/es\/wp-json\/wp\/v2\/pages\/15638\/revisions\/33459"}],"wp:attachment":[{"href":"https:\/\/infermeriabalear.com\/es\/wp-json\/wp\/v2\/media?parent=15638"}],"curies":[{"name":"wp","href":"https:\/\/api.w.org\/{rel}","templated":true}]}}