{"id":15694,"date":"2021-04-15T10:46:02","date_gmt":"2021-04-15T09:46:02","guid":{"rendered":"https:\/\/infermeriabalear.com\/?page_id=15694"},"modified":"2024-10-30T15:33:37","modified_gmt":"2024-10-30T14:33:37","slug":"comision-formacion","status":"publish","type":"page","link":"https:\/\/infermeriabalear.com\/es\/comision-formacion\/","title":{"rendered":"Comisi\u00f3n de Formaci\u00f3n"},"content":{"rendered":"<div class=\"wpb-content-wrapper\"><div      class=\"vc_row wpb_row section  grid_section\" style=' text-align:left;'><div class=\" section_inner clearfix\"><div class='section_inner_margin clearfix'><div class=\"wpb_column vc_column_container vc_col-sm-12\"><div class=\"vc_column-inner\"><div class=\"wpb_wrapper\"><div class=\"vc_empty_space\"   style=\"height: 40px\"><span class=\"vc_empty_space_inner\"><\/span><\/div><blockquote class=' with_quote_icon' style=''><i class='fa fa-quote-right pull-left' style='color: #54575a;'><\/i><h5 class='blockquote-text' style='color: #1ecad3;'>El \u00c1rea de Formaci\u00f3n trabaja para ofrecer una formaci\u00f3n de calidad basada en la demanda de los colegiados y colegiadas y de propuestas recibidas por profesionales de diferentes \u00e1mbitos sanitarios.<\/h5><\/blockquote><div class=\"vc_empty_space\"   style=\"height: 32px\"><span class=\"vc_empty_space_inner\"><\/span><\/div>\n\t<div class=\"wpb_text_column wpb_content_element \" >\n\t\t<div class=\"wpb_wrapper\">\n\t\t\t<p>Esta comisi\u00f3n es un instrumento necesario para que las enfermeras puedan conseguir la excelencia en su pr\u00e1ctica profesional, ya que la formaci\u00f3n continuada contribuye a mejorar la calidad de la atenci\u00f3n, permitiendo que nuestras profesionales de los cuidados actualicen sus conocimientos y sean competentes frente a los nuevos retos profesionales. Del mismo modo, tambi\u00e9n ayuda a vincular a las enfermeras con su colegio profesional y a darle sentido a la colegiaci\u00f3n.<\/p>\n<p>La l\u00ednea de formaci\u00f3n se trabajar\u00e1 en colaboraci\u00f3n con las distintas vocal\u00edas. El Plan de Formaci\u00f3n debe estar basado en las necesidades detectadas y expresadas por cada uno de los vocales de cada \u00e1rea y por los propios colegiados mediante la encuesta de necesidades formativas.<\/p>\n<p>Los miembros de la Comisi\u00f3n de Formaci\u00f3n conocer\u00e1n las necesidades formativas que les hagan llegar los vocales de cada \u00e1rea, valorar\u00e1n los cursos que se pueden ofrecer en funci\u00f3n de las l\u00edneas de trabajo del colegio y de los presupuestos; establecer\u00e1n prioridades; valorar\u00e1n oportunidades docentes a bajo coste, financiados por marcos comerciales, siempre y cuando no comprometan al COIBA ni perjudiquen la pr\u00e1ctica basada en la evidencia.<\/p>\n<p>&nbsp;<\/p>\n<p>&nbsp;<\/p>\n<h2>Objetivos:<\/h2>\n<p>&nbsp;<\/p>\n<ul>\n<li>Fomentar comunicaci\u00f3n entre Atenci\u00f3n Primaria y Atenci\u00f3n Especializada de la Comunidad de las Illes Balears.<\/li>\n<li>Trabajar el informe DAFO del a\u00f1o 2014 y sus estrategias.<\/li>\n<li>Reducir la variabilidad de la pr\u00e1ctica cl\u00ednica y crear documentos de consenso en base a la evidencia cient\u00edfica.<\/li>\n<li>Mejorar el conocimiento de nuestra profesi\u00f3n por parte de la sociedad y el equipo sanitario. Visibilizaci\u00f3n de nuestra profesi\u00f3n.<\/li>\n<li>Promocionar y justificar la necesidad de la matrona en gesti\u00f3n para marcar l\u00edneas de trabajo acordes a dar la mejor calidad asistencial.<\/li>\n<li>Dar respuesta a problemas emergentes de la profesi\u00f3n en la comunidad de las Islas Baleares.<\/li>\n<li>Formar un grupo de apoyo y acompa\u00f1amiento al profesional para reportar estrategias de afrontamiento ante conflictos profesionales.<\/li>\n<\/ul>\n\n\t\t<\/div>\n\t<\/div>\n<div class=\"vc_empty_space\"   style=\"height: 30px\"><span class=\"vc_empty_space_inner\"><\/span><\/div><\/div><\/div><\/div><\/div><\/div><\/div><div      class=\"vc_row wpb_row section  grid_section\" style=' text-align:left;'><div class=\" section_inner clearfix\"><div class='section_inner_margin clearfix'><div class=\"wpb_column vc_column_container vc_col-sm-12\"><div class=\"vc_column-inner\"><div class=\"wpb_wrapper\"><div class=\"vc_empty_space\"   style=\"height: 40px\"><span class=\"vc_empty_space_inner\"><\/span><\/div><\/div><\/div><\/div><\/div><\/div><\/div><div      class=\"vc_row wpb_row section  grid_section\" style=' text-align:left;'><div class=\" section_inner clearfix\"><div class='section_inner_margin clearfix'><div class=\"wpb_column vc_column_container vc_col-sm-6\"><div class=\"vc_column-inner\"><div class=\"wpb_wrapper\">\n\t<div class=\"wpb_text_column wpb_content_element \" >\n\t\t<div class=\"wpb_wrapper\">\n\t\t\t<h2 style=\"text-align: left;\">Miembros<\/h2>\n\n\t\t<\/div>\n\t<\/div>\n<div class=\"vc_empty_space\"   style=\"height: 40px\"><span class=\"vc_empty_space_inner\"><\/span><\/div><div class=ordered><\/p>\n<h5>Francisco Ferrer Cruz &#8211; <strong>Coordinador \/ Responsable de la Comisi\u00f3n de Formaci\u00f3n<\/strong>.<\/h5>\n<p>&nbsp;<\/p>\n<h5><\/h5>\n<h5>Carmen Gonzalvo Oller<\/h5>\n<p>&nbsp;<\/p>\n<h5><\/h5>\n<h5>Iv\u00e1n O\u00f1a Gil<\/h5>\n<p>&nbsp;<\/p>\n<h5><\/h5>\n<h5>M\u00aa. Dolores Cohe\u00f1a Jim\u00e9nez<\/h5>\n<p>&nbsp;<\/p>\n<h5><\/h5>\n<h5>Purificaci\u00f3n Luna Gallardo<\/h5>\n<p>&nbsp;<\/p>\n<h5>Esther Prats Ferrer<\/h5>\n<p>&nbsp;<\/p>\n<h5><\/h5>\n<h5>Cristina Pascual Covas &#8211; Gesti\u00f3n Administrativa del \u00c1rea de Formaci\u00f3n.<\/h5>\n<p><\/div><\/div><\/div><\/div><div class=\"wpb_column vc_column_container vc_col-sm-6\"><div class=\"vc_column-inner\"><div class=\"wpb_wrapper\"><\/div><\/div><\/div><\/div><\/div><\/div><div      class=\"vc_row wpb_row section \" style=' text-align:left;'><div class=\" clearfix\"><div class=\"wpb_column vc_column_container vc_col-sm-12\"><div class=\"vc_column-inner\"><div class=\"wpb_wrapper\"><div class=\"vc_empty_space\"   style=\"height: 60px\"><span class=\"vc_empty_space_inner\"><\/span><\/div><\/div><\/div><\/div><\/div><\/div><div      class=\"vc_row wpb_row section  grid_section\" style=' text-align:left;'><div class=\" section_inner clearfix\"><div class='section_inner_margin clearfix'><div class=\"wpb_column vc_column_container vc_col-sm-12\"><div class=\"vc_column-inner\"><div class=\"wpb_wrapper\">\n\t<div class=\"wpb_text_column wpb_content_element \" >\n\t\t<div class=\"wpb_wrapper\">\n\t\t\t<h2>Informaci\u00f3n adicional<\/h2>\n\n\t\t<\/div>\n\t<\/div>\n<div class=\"vc_empty_space\"   style=\"height: 40px\"><span class=\"vc_empty_space_inner\"><\/span><\/div><div class='latest_post_holder image_in_box '><ul><li class=\"clearfix\"><div class=\"latest_post\"><div class=\"latest_post_image clearfix\"><img decoding=\"async\" src=\"https:\/\/infermeriabalear.com\/wp-content\/uploads\/2021\/10\/Comision-formacion-150x150.jpeg\" alt=\"\" \/><\/div><div class=\"latest_post_text\"><div class=\"latest_post_inner\"><div class=\"latest_post_text_inner\"><h5 class=\"latest_post_title \"><a href=\"https:\/\/infermeriabalear.com\/es\/2021\/10\/22\/en-preparacion-nueva-oferta-formativa-2022\/\">La Comisi\u00f3n de Formaci\u00f3n del COIBA prepara la oferta de cursos para el 2022<\/a><\/h5><span class=\"post_infos\"><span class=\"date_hour_holder\"><i class=\"fa fa-calendar-o\"><\/i><span class=\"date\">22 octubre, 2021<\/span><\/span><\/span><\/div><\/div><\/div><\/div><li class=\"clearfix\"><div class=\"latest_post\"><div class=\"latest_post_image clearfix\"><img decoding=\"async\" src=\"https:\/\/infermeriabalear.com\/wp-content\/uploads\/2021\/08\/XFerrer-990892826-e1628756095132-150x150.jpg\" alt=\"\" \/><\/div><div class=\"latest_post_text\"><div class=\"latest_post_inner\"><div class=\"latest_post_text_inner\"><h5 class=\"latest_post_title \"><a href=\"https:\/\/infermeriabalear.com\/es\/2021\/02\/03\/entrevista-a-xisco-ferrer-responsable-de-la-comision-de-formacion-del-coiba-sobre-el-curso-como-ventilar-espacios-cerrados-para-prevenir-la-infeccion-por-coronavirus\/\">Entrevista a Xisco Ferrer, responsable de la Comisi\u00f3n de Formaci\u00f3n del COIBA, sobre el curso &#8220;C\u00f3mo ventilar espacios cerrados para prevenir la infecci\u00f3n por coronavirus&#8221;<\/a><\/h5><span class=\"post_infos\"><span class=\"date_hour_holder\"><i class=\"fa fa-calendar-o\"><\/i><span class=\"date\">03 febrero, 2021<\/span><\/span><\/span><\/div><\/div><\/div><\/div><\/ul><\/div><\/div><\/div><\/div><\/div><\/div><\/div><div      class=\"vc_row wpb_row section \" style=' text-align:left;'><div class=\" clearfix\"><div class=\"wpb_column vc_column_container vc_col-sm-12\"><div class=\"vc_column-inner\"><div class=\"wpb_wrapper\"><div class=\"vc_empty_space\"   style=\"height: 50px\"><span class=\"vc_empty_space_inner\"><\/span><\/div><\/div><\/div><\/div><\/div><\/div>\n<\/div>","protected":false},"excerpt":{"rendered":"El curso, gratuito y dirigido a toda la ciudadan\u00eda, da comienzo el d\u00eda 15 de febrero. Puedes acceder a la...","protected":false},"author":9,"featured_media":0,"parent":0,"menu_order":0,"comment_status":"closed","ping_status":"closed","template":"full_width.php","meta":{"footnotes":""},"class_list":["post-15694","page","type-page","status-publish","hentry"],"_links":{"self":[{"href":"https:\/\/infermeriabalear.com\/es\/wp-json\/wp\/v2\/pages\/15694","targetHints":{"allow":["GET"]}}],"collection":[{"href":"https:\/\/infermeriabalear.com\/es\/wp-json\/wp\/v2\/pages"}],"about":[{"href":"https:\/\/infermeriabalear.com\/es\/wp-json\/wp\/v2\/types\/page"}],"author":[{"embeddable":true,"href":"https:\/\/infermeriabalear.com\/es\/wp-json\/wp\/v2\/users\/9"}],"replies":[{"embeddable":true,"href":"https:\/\/infermeriabalear.com\/es\/wp-json\/wp\/v2\/comments?post=15694"}],"version-history":[{"count":7,"href":"https:\/\/infermeriabalear.com\/es\/wp-json\/wp\/v2\/pages\/15694\/revisions"}],"predecessor-version":[{"id":40799,"href":"https:\/\/infermeriabalear.com\/es\/wp-json\/wp\/v2\/pages\/15694\/revisions\/40799"}],"wp:attachment":[{"href":"https:\/\/infermeriabalear.com\/es\/wp-json\/wp\/v2\/media?parent=15694"}],"curies":[{"name":"wp","href":"https:\/\/api.w.org\/{rel}","templated":true}]}}