{"id":15696,"date":"2021-04-15T10:47:23","date_gmt":"2021-04-15T09:47:23","guid":{"rendered":"https:\/\/infermeriabalear.com\/?page_id=15696"},"modified":"2025-07-28T12:44:27","modified_gmt":"2025-07-28T10:44:27","slug":"comision-persones-grans","status":"publish","type":"page","link":"https:\/\/infermeriabalear.com\/es\/comision-persones-grans\/","title":{"rendered":"Comisi\u00f3n Cuidados a Personas Mayores"},"content":{"rendered":"<div class=\"wpb-content-wrapper\"><div      class=\"vc_row wpb_row section  grid_section\" style=' text-align:left;'><div class=\" section_inner clearfix\"><div class='section_inner_margin clearfix'><div class=\"wpb_column vc_column_container vc_col-sm-12\"><div class=\"vc_column-inner\"><div class=\"wpb_wrapper\"><div class=\"vc_empty_space\"   style=\"height: 40px\"><span class=\"vc_empty_space_inner\"><\/span><\/div><blockquote class=' with_quote_icon' style=''><i class='fa fa-quote-right pull-left' style='color: #54575a;'><\/i><h5 class='blockquote-text' style='color: #1ecad3;'>La Comisi\u00f3n de Cuidados a Personas Mayores nace con la voluntad de garantizar y promocionar unos cuidados de calidad a las personas mayores, dando visibilidad al trabajo de las enfermeras que se dedican a la atenci\u00f3n de estas personas en cualquier \u00e1mbito asistencial.<\/h5><\/blockquote><div class=\"vc_empty_space\"   style=\"height: 32px\"><span class=\"vc_empty_space_inner\"><\/span><\/div><\/div><\/div><\/div><\/div><\/div><\/div><div      class=\"vc_row wpb_row section  grid_section\" style=' text-align:left;'><div class=\" section_inner clearfix\"><div class='section_inner_margin clearfix'><div class=\"wpb_column vc_column_container vc_col-sm-6\"><div class=\"vc_column-inner\"><div class=\"wpb_wrapper\">\n\t<div class=\"wpb_text_column wpb_content_element \" >\n\t\t<div class=\"wpb_wrapper\">\n\t\t\t<h2>Objetivos:<\/h2>\n<p>&nbsp;<\/p>\n<ul>\n<li>Promover un modelo de atenci\u00f3n a las personas mayores centrados en la persona, respetando sus prioridades y su capacidad de decisi\u00f3n, teniendo en cuenta su historia de vida, sus valores y preferencias, y defendiendo su autonom\u00eda.<\/li>\n<li>Conocer la realidad y visi\u00f3n de la profesi\u00f3n enfermera en nuestras Islas en los diferentes \u00e1mbitos asistenciales que tienen que ver con la geriatr\u00eda.<\/li>\n<li>Dar visibilidad a las enfermeras que trabajan en el \u00e1mbito de la geriatr\u00eda, desmitificando aquellos aspectos negativos que la envuelven y hacerla atractiva y alentadora.<\/li>\n<li>Fomentar actividades formativas y\/o divulgativas de inter\u00e9s relacionadas con la geriatr\u00eda, tanto para enfermeras como para personas mayores y su entorno cuidador.<\/li>\n<li>Colaborar y participar en actividades de investigaci\u00f3n relacionadas con la geriatr\u00eda con el objetivo de potenciar la investigaci\u00f3n cient\u00edfica en este \u00e1mbito.<\/li>\n<li>Defender las condiciones laborales de las enfermeras que se dediquen a la geriatr\u00eda, incluyendo las ratios de personal y tambi\u00e9n los aspectos organizativos y estructurales.<\/li>\n<li>Promover la importancia de la enfermera geri\u00e1trica en el liderazgo y gesti\u00f3n de centros, residencias y entornos o programas pol\u00edticos donde las personas mayores sean el centro de la atenci\u00f3n y de los cuidados.<\/li>\n<li>Colaborar conjuntamente con otras entidades para desarrollar todas aquellas actividades que est\u00e9n relacionadas con el \u00e1mbito de la geriatr\u00eda.<\/li>\n<li>Favorecer la integraci\u00f3n y coordinaci\u00f3n entre las diferentes administraciones p\u00fablicas que tienen competencias con la atenci\u00f3n de las personas mayores con el objetivo de conseguir l\u00edneas estrat\u00e9gicas comunes.<\/li>\n<\/ul>\n\n\t\t<\/div>\n\t<\/div>\n<div class=\"vc_empty_space\"   style=\"height: 30px\"><span class=\"vc_empty_space_inner\"><\/span><\/div><\/div><\/div><\/div><div class=\"wpb_column vc_column_container vc_col-sm-6\"><div class=\"vc_column-inner\"><div class=\"wpb_wrapper\"><div class=\"vc_empty_space\"   style=\"height: 35px\"><span class=\"vc_empty_space_inner\"><\/span><\/div><div class=\"image_with_text\"><img decoding=\"async\" src=\"\" alt=\"\" \/><h3 ><\/h3><span style=\"margin: 6px 0px;\" class=\"separator transparent\"><\/span><\/p>\n<p style=\"text-align: right;\"><a title=\"false\" href=\"https:\/\/infermeriabalear.com\/es\/denuncia-majors\/\" target=\"_blank\" rel=\"noopener\"><img loading=\"lazy\" decoding=\"async\" class=\"alignright wp-image-28842\" src=\"https:\/\/infermeriabalear.com\/wp-content\/uploads\/2022\/06\/1-1.png\" alt=\"\" width=\"445\" height=\"445\" srcset=\"https:\/\/infermeriabalear.com\/wp-content\/uploads\/2022\/06\/1-1.png 1080w, https:\/\/infermeriabalear.com\/wp-content\/uploads\/2022\/06\/1-1-300x300.png 300w, https:\/\/infermeriabalear.com\/wp-content\/uploads\/2022\/06\/1-1-150x150.png 150w, https:\/\/infermeriabalear.com\/wp-content\/uploads\/2022\/06\/1-1-768x768.png 768w, https:\/\/infermeriabalear.com\/wp-content\/uploads\/2022\/06\/1-1-12x12.png 12w, https:\/\/infermeriabalear.com\/wp-content\/uploads\/2022\/06\/1-1-650x650.png 650w\" sizes=\"auto, (max-width: 445px) 100vw, 445px\" \/><\/a><\/p>\n<p><\/div><\/div><\/div><\/div><\/div><\/div><\/div><div      class=\"vc_row wpb_row section  grid_section\" style=' text-align:left;'><div class=\" section_inner clearfix\"><div class='section_inner_margin clearfix'><div class=\"wpb_column vc_column_container vc_col-sm-12\"><div class=\"vc_column-inner\"><div class=\"wpb_wrapper\"><div class=\"vc_empty_space\"   style=\"height: 40px\"><span class=\"vc_empty_space_inner\"><\/span><\/div><\/div><\/div><\/div><\/div><\/div><\/div><div      class=\"vc_row wpb_row section  grid_section\" style=' text-align:left;'><div class=\" section_inner clearfix\"><div class='section_inner_margin clearfix'><div class=\"wpb_column vc_column_container vc_col-sm-4\"><div class=\"vc_column-inner\"><div class=\"wpb_wrapper\">\n\t<div class=\"wpb_text_column wpb_content_element \" >\n\t\t<div class=\"wpb_wrapper\">\n\t\t\t<h2 style=\"text-align: left;\">Miembros<\/h2>\n\n\t\t<\/div>\n\t<\/div>\n<div class=\"vc_empty_space\"   style=\"height: 40px\"><span class=\"vc_empty_space_inner\"><\/span><\/div><div class=ordered><\/p>\n<h5>Silvia Garc\u00eda Castro &#8211; <strong>Coordinadora<\/strong><\/h5>\n<p>&nbsp;<\/p>\n<h5>Mar\u00eda Isabel Bujosa Taylor<\/h5>\n<p>&nbsp;<\/p>\n<h5>Alba Loreto Carrero Planells<\/h5>\n<p>&nbsp;<\/p>\n<h5>Isabel Mar\u00eda Camps Bosch<\/h5>\n<p>&nbsp;<\/p>\n<h5>Rosario Serra Soler<\/h5>\n<p>&nbsp;<\/p>\n<h5>Mar\u00eda Carmen P\u00e9rez Blasco<\/h5>\n<p>&nbsp;<\/p>\n<h5>Estefan\u00eda Catalina Seco Talledo<\/h5>\n<p>&nbsp;<\/p>\n<h5>Mar\u00eda Vi\u00f1a Garc\u00eda-Bericua<\/h5>\n<p>&nbsp;<\/p>\n<h5>Mar\u00eda Jos\u00e9 Mu\u00f1os Frutos<\/h5>\n<p>&nbsp;<\/p>\n<h5><\/h5>\n<h5><\/h5>\n<p><\/div><\/div><\/div><\/div><div class=\"wpb_column vc_column_container vc_col-sm-4\"><div class=\"vc_column-inner\"><div class=\"wpb_wrapper\"><div class=\"vc_empty_space\"   style=\"height: 40px\"><span class=\"vc_empty_space_inner\"><\/span><\/div><div class=\"vc_empty_space\"   style=\"height: 40px\"><span class=\"vc_empty_space_inner\"><\/span><\/div><div class=ordered><\/p>\n<h5>Carlos Serrano Jurado<\/h5>\n<p>&nbsp;<\/p>\n<h5>Jefferson David Boned G\u00f3mez<\/h5>\n<p>&nbsp;<\/p>\n<h5>Carmen Moreno Hoyos<\/h5>\n<p>&nbsp;<\/p>\n<h5>Rosa Mar\u00eda Adrover Barcel\u00f3<\/h5>\n<p>&nbsp;<\/p>\n<h5>F\u00e1tima Par\u00eds Fern\u00e1ndez<\/h5>\n<p>&nbsp;<\/p>\n<h5>Estefan\u00eda Garc\u00eda Villegas<\/h5>\n<p>&nbsp;<\/p>\n<h5>Francisca Pozo Rodr\u00edguez<\/h5>\n<p>&nbsp;<\/p>\n<h5><\/h5>\n<h5>Rosa Mar\u00eda Garc\u00eda Garc\u00eda<\/h5>\n<p>&nbsp;<\/p>\n<h5><\/h5>\n<h5>Analy Roca Romero<\/h5>\n<p><\/div><\/div><\/div><\/div><div class=\"wpb_column vc_column_container vc_col-sm-4\"><div class=\"vc_column-inner\"><div class=\"wpb_wrapper\">\n\t<div class=\"wpb_text_column wpb_content_element \" >\n\t\t<div class=\"wpb_wrapper\">\n\t\t\t<h2 style=\"text-align: center;\">Enlaces de inter\u00e9s<\/h2>\n\n\t\t<\/div>\n\t<\/div>\n<div class=\"vc_empty_space\"   style=\"height: 40px\"><span class=\"vc_empty_space_inner\"><\/span><\/div>\n\t<div class=\"q_accordion_holder clearfix wpb_content_element accordion with_icon  not-column-inherit\" data-active-tab=\"false\" data-collapsible=\"yes\">\n\t\t\t\n\t\t\t\t<h5 class=\"clearfix title-holder\" style=\"\"><span class=\"icon-wrapper\"><i class=\"fa fa-laptop\" style=\"color: ;\"><\/i><\/span><span class=\"accordion_mark left_mark\"><span class=\"accordion_mark_icon\"><\/span><\/span><span class=\"tab-title\">Asociaci\u00f3n Balear de Enfermer\u00eda Geri\u00e1trica y Gerontol\u00f3gica (ABIGG)<\/span><span class=\"accordion_mark right_mark\"><span class=\"accordion_mark_icon\"><\/span><\/span><\/h5>\n\t\t\t\t<div  class=\"accordion_content \">\n\t\t\t<div class=\"accordion_content_inner\">\n\t\t\t\t\n\t<div class=\"wpb_text_column wpb_content_element \" >\n\t\t<div class=\"wpb_wrapper\">\n\t\t\t<p><a href=\"http:\/\/enfermerageriatria.com\/\" target=\"_blank\" rel=\"noopener\">P\u00e1gina web oficial de ABIGG<\/a><\/p>\n\n\t\t<\/div>\n\t<\/div>\n\n\t\t\t<\/div>\n\t\t\t\t<\/div>\n\n\t\t\t\t<h5 class=\"clearfix title-holder\" style=\"\"><span class=\"icon-wrapper\"><i class=\"fa fa-laptop\" style=\"color: ;\"><\/i><\/span><span class=\"accordion_mark left_mark\"><span class=\"accordion_mark_icon\"><\/span><\/span><span class=\"tab-title\">Sociedad Espa\u00f1ola de Geriatr\u00eda y Gerontolog\u00eda<\/span><span class=\"accordion_mark right_mark\"><span class=\"accordion_mark_icon\"><\/span><\/span><\/h5>\n\t\t\t\t<div  class=\"accordion_content \">\n\t\t\t<div class=\"accordion_content_inner\">\n\t\t\t\t\n\t<div class=\"wpb_text_column wpb_content_element \" >\n\t\t<div class=\"wpb_wrapper\">\n\t\t\t<p><a href=\"https:\/\/www.segg.es\/\" target=\"_blank\" rel=\"noopener\">www.segg.es\/<\/a><\/p>\n\n\t\t<\/div>\n\t<\/div>\n\n\t\t\t<\/div>\n\t\t\t\t<\/div>\n\n\t\t\t\t<h5 class=\"clearfix title-holder\" style=\"\"><span class=\"icon-wrapper\"><i class=\"fa fa-paperclip\" style=\"color: ;\"><\/i><\/span><span class=\"accordion_mark left_mark\"><span class=\"accordion_mark_icon\"><\/span><\/span><span class=\"tab-title\">Gu\u00edas y manuales<\/span><span class=\"accordion_mark right_mark\"><span class=\"accordion_mark_icon\"><\/span><\/span><\/h5>\n\t\t\t\t<div  class=\"accordion_content \">\n\t\t\t<div class=\"accordion_content_inner\">\n\t\t\t\t\n\t<div class=\"wpb_text_column wpb_content_element \" >\n\t\t<div class=\"wpb_wrapper\">\n\t\t\t<ul>\n<li><a href=\"https:\/\/www.segg.es\/media\/descargas\/Acreditacion%20de%20Calidad%20SEGG\/CentrosDia\/ManualResidenteGeriatria-2.pdf\" target=\"_blank\" rel=\"noopener\">Manual del residente en Geriatr\u00eda (SEGG)<\/a><\/li>\n<\/ul>\n<p>&nbsp;<\/p>\n<ul>\n<li><a href=\"https:\/\/www.ibsalut.es\/apmallorca\/attachments\/article\/1521\/plan-cronicitat-es.pdf\" target=\"_blank\" rel=\"noopener\">Plan de atenci\u00f3n a las Personas con enfermedades cr\u00f3nicas 2016-2021 (Servei de Salut IB)<\/a><\/li>\n<\/ul>\n<p>&nbsp;<\/p>\n<ul>\n<li><a href=\"https:\/\/gneaupp.info\/wp-content\/uploads\/2018\/05\/guiaXbaleares.pdf\" target=\"_blank\" rel=\"noopener\">Prevenci\u00f3n y tratamiento de las \u00falceras por presi\u00f3n (Servei de Salut IB)<\/a><\/li>\n<\/ul>\n\n\t\t<\/div>\n\t<\/div>\n\n\t\t\t<\/div>\n\t\t\t\t<\/div>\n\n\t<\/div> <\/div><\/div><\/div><\/div><\/div><\/div><div      class=\"vc_row wpb_row section \" style=' text-align:left;'><div class=\" clearfix\"><div class=\"wpb_column vc_column_container vc_col-sm-12\"><div class=\"vc_column-inner\"><div class=\"wpb_wrapper\"><div class=\"vc_empty_space\"   style=\"height: 60px\"><span class=\"vc_empty_space_inner\"><\/span><\/div><\/div><\/div><\/div><\/div><\/div><div      class=\"vc_row wpb_row section  grid_section\" style=' text-align:left;'><div class=\" section_inner clearfix\"><div class='section_inner_margin clearfix'><div class=\"wpb_column vc_column_container vc_col-sm-12\"><div class=\"vc_column-inner\"><div class=\"wpb_wrapper\">\n\t<div class=\"wpb_text_column wpb_content_element \" >\n\t\t<div class=\"wpb_wrapper\">\n\t\t\t<h2>Actividad de la Comisi\u00f3n<\/h2>\n\n\t\t<\/div>\n\t<\/div>\n<div class=\"vc_empty_space\"   style=\"height: 40px\"><span class=\"vc_empty_space_inner\"><\/span><\/div><div class='latest_post_holder image_in_box '><ul><li class=\"clearfix\"><div class=\"latest_post\"><div class=\"latest_post_image clearfix\"><img decoding=\"async\" src=\"https:\/\/infermeriabalear.com\/wp-content\/uploads\/2025\/10\/foto-xpo-e1759402686150-150x150.jpg\" alt=\"\" \/><\/div><div class=\"latest_post_text\"><div class=\"latest_post_inner\"><div class=\"latest_post_text_inner\"><h5 class=\"latest_post_title \"><a href=\"https:\/\/infermeriabalear.com\/es\/2025\/10\/01\/la-residencia-sant-josep-de-palma-acoge-la-inauguracion-de-la-exposicion-cuidant-amb-art\/\">La Residencia Sant Josep de Palma acoge la inauguraci\u00f3n de la exposici\u00f3n \u201cCuidant amb Art\u201d<\/a><\/h5><span class=\"post_infos\"><span class=\"date_hour_holder\"><i class=\"fa fa-calendar-o\"><\/i><span class=\"date\">01 octubre, 2025<\/span><\/span><span class=\"latest-vert-separator\"> in<\/span> <a href=\"https:\/\/infermeriabalear.com\/es\/category\/docus-geriatria\/\">docus-geriatr\u00eda <\/a>  <a href=\"https:\/\/infermeriabalear.com\/es\/category\/eventos-coiba\/\">Eventos Coiba <\/a>  <a href=\"https:\/\/infermeriabalear.com\/es\/category\/noticias-destacadas-2columna\/\">Noticia destacada <\/a> <\/span><\/div><\/div><\/div><\/div><li class=\"clearfix\"><div class=\"latest_post\"><div class=\"latest_post_image clearfix\"><img decoding=\"async\" src=\"https:\/\/infermeriabalear.com\/wp-content\/uploads\/2025\/09\/cast-150x150.png\" alt=\"\" \/><\/div><div class=\"latest_post_text\"><div class=\"latest_post_inner\"><div class=\"latest_post_text_inner\"><h5 class=\"latest_post_title \"><a href=\"https:\/\/infermeriabalear.com\/es\/2025\/09\/25\/inauguracion-de-la-exposicion-cuidando-con-arte-en-la-residencia-sant-josep-de-palma\/\">Inauguraci\u00f3n de la exposici\u00f3n \u201cCuidando con Arte\u201d en la Residencia Sant Josep de Palma<\/a><\/h5><span class=\"post_infos\"><span class=\"date_hour_holder\"><i class=\"fa fa-calendar-o\"><\/i><span class=\"date\">25 septiembre, 2025<\/span><\/span><span class=\"latest-vert-separator\"> in<\/span> <a href=\"https:\/\/infermeriabalear.com\/es\/category\/docus-geriatria\/\">docus-geriatr\u00eda <\/a>  <a href=\"https:\/\/infermeriabalear.com\/es\/category\/eventos-coiba\/\">Eventos Coiba <\/a> <\/span><\/div><\/div><\/div><\/div><li class=\"clearfix\"><div class=\"latest_post\"><div class=\"latest_post_image clearfix\"><img decoding=\"async\" src=\"https:\/\/infermeriabalear.com\/wp-content\/uploads\/2025\/03\/CAST-15-150x150.png\" alt=\"\" \/><\/div><div class=\"latest_post_text\"><div class=\"latest_post_inner\"><div class=\"latest_post_text_inner\"><h5 class=\"latest_post_title \"><a href=\"https:\/\/infermeriabalear.com\/es\/2025\/03\/06\/conferencia-analisis-de-situacion-y-alternativas-al-uso-de-sujeciones-hacia-un-modelo-de-cuidado-centrado-en-la-persona\/\">Conferencia: \u2018An\u00e1lisis de situaci\u00f3n y alternativas al uso de sujeciones: hacia un modelo de cuidado centrado en la persona\u2019<\/a><\/h5><span class=\"post_infos\"><span class=\"date_hour_holder\"><i class=\"fa fa-calendar-o\"><\/i><span class=\"date\">06 marzo, 2025<\/span><\/span><span class=\"latest-vert-separator\"> in<\/span> <a href=\"https:\/\/infermeriabalear.com\/es\/category\/docus-geriatria\/\">docus-geriatr\u00eda <\/a>  <a href=\"https:\/\/infermeriabalear.com\/es\/category\/eventos-coiba\/\">Eventos Coiba <\/a>  <a href=\"https:\/\/infermeriabalear.com\/es\/category\/noticias-destacadas-2columna\/\">Noticia destacada <\/a>  <a href=\"https:\/\/infermeriabalear.com\/es\/category\/noticias\/\">Noticias <\/a> <\/span><\/div><\/div><\/div><\/div><li class=\"clearfix\"><div class=\"latest_post\"><div class=\"latest_post_image clearfix\"><img decoding=\"async\" src=\"https:\/\/infermeriabalear.com\/wp-content\/uploads\/2024\/09\/CAST-1-150x150.png\" alt=\"\" \/><\/div><div class=\"latest_post_text\"><div class=\"latest_post_inner\"><div class=\"latest_post_text_inner\"><h5 class=\"latest_post_title \"><a href=\"https:\/\/infermeriabalear.com\/es\/2024\/09\/12\/la-comision-de-cuidados-a-personas-mayores-organiza-el-curso-reduccion-y-eliminacion-del-uso-de-sujeciones-en-personas-mayores-cuidar-sin-sujetar\/\">La Comisi\u00f3n de Cuidados a Personas Mayores organiza el\u00a0curso\u00a0\u2018Reducci\u00f3n y eliminaci\u00f3n del uso de sujeciones en personas mayores. Cuidar sin sujetar\u2019<\/a><\/h5><span class=\"post_infos\"><span class=\"date_hour_holder\"><i class=\"fa fa-calendar-o\"><\/i><span class=\"date\">12 septiembre, 2024<\/span><\/span><span class=\"latest-vert-separator\"> in<\/span> <a href=\"https:\/\/infermeriabalear.com\/es\/category\/docus-geriatria\/\">docus-geriatr\u00eda <\/a>  <a href=\"https:\/\/infermeriabalear.com\/es\/category\/eventos-coiba\/\">Eventos Coiba <\/a>  <a href=\"https:\/\/infermeriabalear.com\/es\/category\/noticias\/\">Noticias <\/a> <\/span><\/div><\/div><\/div><\/div><li class=\"clearfix\"><div class=\"latest_post\"><div class=\"latest_post_image clearfix\"><img decoding=\"async\" src=\"https:\/\/infermeriabalear.com\/wp-content\/uploads\/2024\/01\/Gent-Gran_CAST-150x150.png\" alt=\"\" \/><\/div><div class=\"latest_post_text\"><div class=\"latest_post_inner\"><div class=\"latest_post_text_inner\"><h5 class=\"latest_post_title \"><a href=\"https:\/\/infermeriabalear.com\/es\/2024\/01\/31\/convocadas-nuevas-plazas-para-la-comision-de-cuidados-a-personas-mayores\/\">Convocadas nuevas plazas para la Comisi\u00f3n de Cuidados a Personas Mayores: solicitudes hasta el 3 de marzo<\/a><\/h5><span class=\"post_infos\"><span class=\"date_hour_holder\"><i class=\"fa fa-calendar-o\"><\/i><span class=\"date\">31 enero, 2024<\/span><\/span><span class=\"latest-vert-separator\"> in<\/span> <a href=\"https:\/\/infermeriabalear.com\/es\/category\/docus-geriatria\/\">docus-geriatr\u00eda <\/a>  <a href=\"https:\/\/infermeriabalear.com\/es\/category\/noticias-destacadas-2columna\/\">Noticia destacada <\/a>  <a href=\"https:\/\/infermeriabalear.com\/es\/category\/noticias\/\">Noticias <\/a> <\/span><\/div><\/div><\/div><\/div><li class=\"clearfix\"><div class=\"latest_post\"><div class=\"latest_post_image clearfix\"><img decoding=\"async\" src=\"https:\/\/infermeriabalear.com\/wp-content\/uploads\/2023\/10\/Som-grans-som-actius-Post-de-Twitter-150x150.png\" alt=\"\" \/><\/div><div class=\"latest_post_text\"><div class=\"latest_post_inner\"><div class=\"latest_post_text_inner\"><h5 class=\"latest_post_title \"><a href=\"https:\/\/infermeriabalear.com\/es\/2023\/10\/02\/dia-personas-mayores-2023-vida-activa\/\">La vida activa y saludable, tambi\u00e9n es cosa de las personas mayores (V\u00eddeo D\u00eda Internacional de las Personas Mayores)<\/a><\/h5><span class=\"post_infos\"><span class=\"date_hour_holder\"><i class=\"fa fa-calendar-o\"><\/i><span class=\"date\">02 octubre, 2023<\/span><\/span><span class=\"latest-vert-separator\"> in<\/span> <a href=\"https:\/\/infermeriabalear.com\/es\/category\/docus-geriatria\/\">docus-geriatr\u00eda <\/a>  <a href=\"https:\/\/infermeriabalear.com\/es\/category\/noticias\/\">Noticias <\/a> <\/span><\/div><\/div><\/div><\/div><li class=\"clearfix\"><div class=\"latest_post\"><div class=\"latest_post_image clearfix\"><img decoding=\"async\" src=\"https:\/\/infermeriabalear.com\/wp-content\/uploads\/2023\/06\/CAST-1-portada-2-150x150.png\" alt=\"\" \/><\/div><div class=\"latest_post_text\"><div class=\"latest_post_inner\"><div class=\"latest_post_text_inner\"><h5 class=\"latest_post_title \"><a href=\"https:\/\/infermeriabalear.com\/es\/2023\/06\/15\/el-coiba-edita-un-cartel-informativo-para-ayudar-a-entender-mejor-el-problema-del-maltrato-a-las-persones-mayores\/\">S\u00famate a dar visibilidad al problema de maltrato que sufren muchas persones mayores (cartel informativo)<\/a><\/h5><span class=\"post_infos\"><span class=\"date_hour_holder\"><i class=\"fa fa-calendar-o\"><\/i><span class=\"date\">15 junio, 2023<\/span><\/span><span class=\"latest-vert-separator\"> in<\/span> <a href=\"https:\/\/infermeriabalear.com\/es\/category\/docus-geriatria\/\">docus-geriatr\u00eda <\/a>  <a href=\"https:\/\/infermeriabalear.com\/es\/category\/noticias\/\">Noticias <\/a> <\/span><\/div><\/div><\/div><\/div><li class=\"clearfix\"><div class=\"latest_post\"><div class=\"latest_post_image clearfix\"><img decoding=\"async\" src=\"https:\/\/infermeriabalear.com\/wp-content\/uploads\/2022\/07\/IMAS-e1659956851370-150x150.jpeg\" alt=\"\" \/><\/div><div class=\"latest_post_text\"><div class=\"latest_post_inner\"><div class=\"latest_post_text_inner\"><h5 class=\"latest_post_title \"><a href=\"https:\/\/infermeriabalear.com\/es\/2022\/07\/21\/coiba-imas-reunion-modelo-atencion-mayores-persona\/\">El COIBA y el IMAS se re\u00fanen para tratar los avances necesarios hacia un modelo de atenci\u00f3n a los m\u00e1s mayores centrado en la persona<\/a><\/h5><span class=\"post_infos\"><span class=\"date_hour_holder\"><i class=\"fa fa-calendar-o\"><\/i><span class=\"date\">21 julio, 2022<\/span><\/span><span class=\"latest-vert-separator\"> in<\/span> <a href=\"https:\/\/infermeriabalear.com\/es\/category\/docus-geriatria\/\">docus-geriatr\u00eda <\/a>  <a href=\"https:\/\/infermeriabalear.com\/es\/category\/noticias\/\">Noticias <\/a> <\/span><\/div><\/div><\/div><\/div><li class=\"clearfix\"><div class=\"latest_post\"><div class=\"latest_post_image clearfix\"><img decoding=\"async\" src=\"https:\/\/infermeriabalear.com\/wp-content\/uploads\/2022\/06\/RdP-Dia-Mundial-Maltractament-Persones-Grans.-Rosario-Serra-coordinadora-de-la-Comissio-de-Cures-a-Persones-Grans-5-scaled-e1655369637407-150x150.jpg\" alt=\"\" \/><\/div><div class=\"latest_post_text\"><div class=\"latest_post_inner\"><div class=\"latest_post_text_inner\"><h5 class=\"latest_post_title \"><a href=\"https:\/\/infermeriabalear.com\/es\/2022\/06\/14\/dia-mundial-maltrato-personas-mayores\/\">El COIBA destaca la sensibilizaci\u00f3n como herramienta clave para acabar con el maltrato a personas mayores<\/a><\/h5><span class=\"post_infos\"><span class=\"date_hour_holder\"><i class=\"fa fa-calendar-o\"><\/i><span class=\"date\">14 junio, 2022<\/span><\/span><span class=\"latest-vert-separator\"> in<\/span> <a href=\"https:\/\/infermeriabalear.com\/es\/category\/docus-geriatria\/\">docus-geriatr\u00eda <\/a>  <a href=\"https:\/\/infermeriabalear.com\/es\/category\/noticias-destacadas-2columna\/\">Noticia destacada <\/a>  <a href=\"https:\/\/infermeriabalear.com\/es\/category\/noticias\/\">Noticias <\/a> <\/span><\/div><\/div><\/div><\/div><li class=\"clearfix\"><div class=\"latest_post\"><div class=\"latest_post_image clearfix\"><img decoding=\"async\" src=\"https:\/\/infermeriabalear.com\/wp-content\/uploads\/2021\/11\/Video_CPM-150x150.jpg\" alt=\"\" \/><\/div><div class=\"latest_post_text\"><div class=\"latest_post_inner\"><div class=\"latest_post_text_inner\"><h5 class=\"latest_post_title \"><a href=\"https:\/\/infermeriabalear.com\/es\/2021\/10\/11\/los-mayores-protagonistas-de-un-video-del-coiba-en-el-dia-internacional-de-las-personas-de-edad\/\">Los mayores, protagonistas de un v\u00eddeo del COIBA en el D\u00eda Internacional de las Personas de Edad<\/a><\/h5><span class=\"post_infos\"><span class=\"date_hour_holder\"><i class=\"fa fa-calendar-o\"><\/i><span class=\"date\">11 octubre, 2021<\/span><\/span><span class=\"latest-vert-separator\"> in<\/span> <a href=\"https:\/\/infermeriabalear.com\/es\/category\/docus-geriatria\/\">docus-geriatr\u00eda <\/a>  <a href=\"https:\/\/infermeriabalear.com\/es\/category\/noticias\/\">Noticias <\/a> <\/span><\/div><\/div><\/div><\/div><\/ul><\/div><\/div><\/div><\/div><\/div><\/div><\/div><div      class=\"vc_row wpb_row section \" style=' text-align:left;'><div class=\" clearfix\"><div class=\"wpb_column vc_column_container vc_col-sm-12\"><div class=\"vc_column-inner\"><div class=\"wpb_wrapper\"><div class=\"vc_empty_space\"   style=\"height: 50px\"><span class=\"vc_empty_space_inner\"><\/span><\/div><\/div><\/div><\/div><\/div><\/div>\n<\/div>","protected":false},"excerpt":{"rendered":"(Clica en la imagen para visualizarla en mejor resoluci\u00f3n)","protected":false},"author":9,"featured_media":0,"parent":0,"menu_order":0,"comment_status":"closed","ping_status":"closed","template":"full_width.php","meta":{"footnotes":""},"class_list":["post-15696","page","type-page","status-publish","hentry"],"_links":{"self":[{"href":"https:\/\/infermeriabalear.com\/es\/wp-json\/wp\/v2\/pages\/15696","targetHints":{"allow":["GET"]}}],"collection":[{"href":"https:\/\/infermeriabalear.com\/es\/wp-json\/wp\/v2\/pages"}],"about":[{"href":"https:\/\/infermeriabalear.com\/es\/wp-json\/wp\/v2\/types\/page"}],"author":[{"embeddable":true,"href":"https:\/\/infermeriabalear.com\/es\/wp-json\/wp\/v2\/users\/9"}],"replies":[{"embeddable":true,"href":"https:\/\/infermeriabalear.com\/es\/wp-json\/wp\/v2\/comments?post=15696"}],"version-history":[{"count":10,"href":"https:\/\/infermeriabalear.com\/es\/wp-json\/wp\/v2\/pages\/15696\/revisions"}],"predecessor-version":[{"id":44372,"href":"https:\/\/infermeriabalear.com\/es\/wp-json\/wp\/v2\/pages\/15696\/revisions\/44372"}],"wp:attachment":[{"href":"https:\/\/infermeriabalear.com\/es\/wp-json\/wp\/v2\/media?parent=15696"}],"curies":[{"name":"wp","href":"https:\/\/api.w.org\/{rel}","templated":true}]}}