{"id":15699,"date":"2021-04-15T10:48:25","date_gmt":"2021-04-15T09:48:25","guid":{"rendered":"https:\/\/infermeriabalear.com\/?page_id=15699"},"modified":"2024-07-01T12:49:36","modified_gmt":"2024-07-01T10:49:36","slug":"comision-de-investigacion","status":"publish","type":"page","link":"https:\/\/infermeriabalear.com\/es\/comision-de-investigacion\/","title":{"rendered":"Comisi\u00f3n de Investigaci\u00f3n"},"content":{"rendered":"<div class=\"wpb-content-wrapper\"><div      class=\"vc_row wpb_row section  grid_section\" style=' text-align:left;'><div class=\" section_inner clearfix\"><div class='section_inner_margin clearfix'><div class=\"wpb_column vc_column_container vc_col-sm-12\"><div class=\"vc_column-inner\"><div class=\"wpb_wrapper\"><div class=\"vc_empty_space\"   style=\"height: 60px\"><span class=\"vc_empty_space_inner\"><\/span><\/div><blockquote class=' with_quote_icon' style=''><i class='fa fa-quote-right pull-left' style='color: #54575a;'><\/i><h5 class='blockquote-text' style='color: #1ecad3;'>El \u00c1rea de Investigaci\u00f3n tiene como misi\u00f3n contribuir a la formaci\u00f3n continuada en habilidades y competencias investigadoras, apoyando al avance y la innovaci\u00f3n del conocimiento enfermero, as\u00ed como trabajar para las enfermeras para que puedan constituir un colectivo potente en el \u00e1mbito de la investigaci\u00f3n y favorecer la transferencia del conocimiento y los resultados de investigaci\u00f3n en la mejora de la seguridad cl\u00ednica de los pacientes.<\/h5><\/blockquote><\/div><\/div><\/div><\/div><\/div><\/div><div      class=\"vc_row wpb_row section  grid_section\" style=' text-align:left;'><div class=\" section_inner clearfix\"><div class='section_inner_margin clearfix'><div class=\"wpb_column vc_column_container vc_col-sm-12\"><div class=\"vc_column-inner\"><div class=\"wpb_wrapper\"><div class=\"vc_empty_space\"   style=\"height: 30px\"><span class=\"vc_empty_space_inner\"><\/span><\/div>\n\t<div class=\"wpb_text_column wpb_content_element \" >\n\t\t<div class=\"wpb_wrapper\">\n\t\t\t<p>Desde el COIBA se invierte en investigaci\u00f3n a trav\u00e9s de las becas y premios para los colegiados y colegiadas que lo soliciten y cumplan con los requisitos de las convocatorias.<\/p>\n<p>Las l\u00edneas 1, 2 y 3 propuestas para el 2020 suponen una mirada interna a la profesi\u00f3n enfermera y a los colegiados. Sin embargo, es necesario que el Colegio genere investigaci\u00f3n que muestre a la sociedad la utilidad de los profesionales para su salud y que visibilice c\u00f3mo las enfermeras son profesionales que aportan intervenciones coste-efectivas en un contexto de crisis econ\u00f3mica.<\/p>\n<p>El objetivo es buscar qu\u00e9 mensajes son claves para visibilizar los resultados generados por la investigaci\u00f3n enfermera para poder trasmitirlos a la sociedad.<\/p>\n<p>&nbsp;<\/p>\n<p>&nbsp;<\/p>\n<h2>Objetivos:<\/h2>\n<p>&nbsp;<\/p>\n<ul>\n<li>Contribuir a la formaci\u00f3n continua en habilidades y competencias investigadoras, dando apoyo al avance y la innovaci\u00f3n del conocimiento enfermero.<\/li>\n<li>Trabajar para las enfermeras, para que podamos constituir un colectivo potente en el \u00e1mbito de la investigaci\u00f3n.<\/li>\n<li>Favorecer la transferencia del conocimiento y los resultados de investigaci\u00f3n en la mejora de la seguridad cl\u00ednica de los pacientes.<\/li>\n<\/ul>\n\n\t\t<\/div>\n\t<\/div>\n<\/div><\/div><\/div><\/div><\/div><\/div><div      class=\"vc_row wpb_row section  grid_section\" style=' text-align:left;'><div class=\" section_inner clearfix\"><div class='section_inner_margin clearfix'><div class=\"wpb_column vc_column_container vc_col-sm-12\"><div class=\"vc_column-inner\"><div class=\"wpb_wrapper\"><div class=\"vc_empty_space\"   style=\"height: 60px\"><span class=\"vc_empty_space_inner\"><\/span><\/div><\/div><\/div><\/div><\/div><\/div><\/div><div      class=\"vc_row wpb_row section  grid_section\" style=' text-align:left;'><div class=\" section_inner clearfix\"><div class='section_inner_margin clearfix'><div class=\"wpb_column vc_column_container vc_col-sm-6\"><div class=\"vc_column-inner\"><div class=\"wpb_wrapper\">\n\t<div class=\"wpb_text_column wpb_content_element \" >\n\t\t<div class=\"wpb_wrapper\">\n\t\t\t<h2 style=\"text-align: left;\">Miembros<\/h2>\n\n\t\t<\/div>\n\t<\/div>\n<div class=\"vc_empty_space\"   style=\"height: 40px\"><span class=\"vc_empty_space_inner\"><\/span><\/div><div class=ordered><\/p>\n<h5>Noem\u00ed Sans\u00f3 Mart\u00ednez &#8211; <strong>Coordinadora \/ Responsable de la Comisi\u00f3n<\/strong><\/h5>\n<p>&nbsp;<\/p>\n<h5>Francisco Jos\u00e9 Cereceda S\u00e1nchez<\/h5>\n<p>&nbsp;<\/p>\n<h5>Miquel Bennasar Veny<\/h5>\n<p>&nbsp;<\/p>\n<h5>Araceli Navas Casillas<\/h5>\n<p>&nbsp;<\/p>\n<h5><span class=\"ui-provider a b c d e f g h i j k l m n o p q r s t u v w x y z ab ac ae af ag ah ai aj ak\" dir=\"ltr\">Raquel Sebasti\u00e1n Hern\u00e1ndez<\/span><\/h5>\n<p>&nbsp;<\/p>\n<h5>Margarita Mart\u00ednez Andreu y Cristina Pascual Covas &#8211; Gesti\u00f3n Administrativa del \u00c1rea de Investigaci\u00f3n<\/h5>\n<p>&nbsp;<\/p>\n<h5>Catalina Borr\u00e1s Esteo &#8211; Gesti\u00f3n del departamento de Tesorer\u00eda y Contabilidad para el \u00c1rea de Investigaci\u00f3n.<\/h5>\n<p><\/div><\/div><\/div><\/div><div class=\"wpb_column vc_column_container vc_col-sm-6\"><div class=\"vc_column-inner\"><div class=\"wpb_wrapper\">\n\t<div class=\"wpb_text_column wpb_content_element \" >\n\t\t<div class=\"wpb_wrapper\">\n\t\t\t<h2 style=\"text-align: left;\">Enlaces de inter\u00e9s<\/h2>\n\n\t\t<\/div>\n\t<\/div>\n<div class=\"vc_empty_space\"   style=\"height: 40px\"><span class=\"vc_empty_space_inner\"><\/span><\/div>\n\t<div class=\"q_accordion_holder clearfix wpb_content_element accordion with_icon  not-column-inherit\" data-active-tab=\"false\" data-collapsible=\"yes\">\n\t\t\t\n\t\t\t\t<h5 class=\"clearfix title-holder\" style=\"\"><span class=\"icon-wrapper\"><i class=\"fa fa-paperclip\" style=\"color: ;\"><\/i><\/span><span class=\"accordion_mark left_mark\"><span class=\"accordion_mark_icon\"><\/span><\/span><span class=\"tab-title\">- Secci\u00f3n en construcci\u00f3n -<\/span><span class=\"accordion_mark right_mark\"><span class=\"accordion_mark_icon\"><\/span><\/span><\/h5>\n\t\t\t\t<div  class=\"accordion_content \">\n\t\t\t<div class=\"accordion_content_inner\">\n\t\t\t\t\n\t<div class=\"wpb_text_column wpb_content_element \" >\n\t\t<div class=\"wpb_wrapper\">\n\t\t\t<p>Texto texto<\/p>\n\n\t\t<\/div>\n\t<\/div>\n\n\t\t\t<\/div>\n\t\t\t\t<\/div>\n\n\t<\/div> <\/div><\/div><\/div><\/div><\/div><\/div><div      class=\"vc_row wpb_row section  grid_section\" style=' text-align:left;'><div class=\" section_inner clearfix\"><div class='section_inner_margin clearfix'><div class=\"wpb_column vc_column_container vc_col-sm-12\"><div class=\"vc_column-inner\"><div class=\"wpb_wrapper\"><div class=\"vc_empty_space\"   style=\"height: 60px\"><span class=\"vc_empty_space_inner\"><\/span><\/div>\n\t<div class=\"wpb_text_column wpb_content_element \" >\n\t\t<div class=\"wpb_wrapper\">\n\t\t\t<h2>Informaci\u00f3n adicional<\/h2>\n\n\t\t<\/div>\n\t<\/div>\n<div class=\"vc_empty_space\"   style=\"height: 32px\"><span class=\"vc_empty_space_inner\"><\/span><\/div><\/div><\/div><\/div><\/div><\/div><\/div><div      class=\"vc_row wpb_row section  grid_section\" style=' text-align:left;'><div class=\" section_inner clearfix\"><div class='section_inner_margin clearfix'><div class=\"wpb_column vc_column_container vc_col-sm-12\"><div class=\"vc_column-inner\"><div class=\"wpb_wrapper\"><div class='latest_post_holder image_in_box '><ul><li class=\"clearfix\"><div class=\"latest_post\"><div class=\"latest_post_image clearfix\"><img decoding=\"async\" src=\"https:\/\/infermeriabalear.com\/wp-content\/uploads\/2025\/04\/Miquel-Bennasar-Miguel-Angel-Bedmar-i-Noemi-Sanso-150x150.png\" alt=\"\" \/><\/div><div class=\"latest_post_text\"><div class=\"latest_post_inner\"><div class=\"latest_post_text_inner\"><h5 class=\"latest_post_title \"><a href=\"https:\/\/infermeriabalear.com\/es\/2025\/04\/15\/el-acceso-a-la-vivienda-es-determinante-para-mejorar-la-salud-de-las-personas-sin-hogar-2\/\">El acceso a la vivienda es determinante para mejorar la salud de las personas sin hogar<\/a><\/h5><span class=\"post_infos\"><span class=\"date_hour_holder\"><i class=\"fa fa-calendar-o\"><\/i><span class=\"date\">15 abril, 2025<\/span><\/span><span class=\"latest-vert-separator\"> in<\/span> <a href=\"https:\/\/infermeriabalear.com\/es\/category\/docus-investigacion\/\">docus-investigaci\u00f3n <\/a>  <a href=\"https:\/\/infermeriabalear.com\/es\/category\/noticias-destacadas-2columna\/\">Noticia destacada <\/a>  <a href=\"https:\/\/infermeriabalear.com\/es\/category\/noticias\/\">Noticias <\/a> <\/span><\/div><\/div><\/div><\/div><li class=\"clearfix\"><div class=\"latest_post\"><div class=\"latest_post_image clearfix\"><img decoding=\"async\" src=\"https:\/\/infermeriabalear.com\/wp-content\/uploads\/2021\/12\/doctorado-salud-global--150x150.png\" alt=\"\" \/><\/div><div class=\"latest_post_text\"><div class=\"latest_post_inner\"><div class=\"latest_post_text_inner\"><h5 class=\"latest_post_title \"><a href=\"https:\/\/infermeriabalear.com\/es\/2021\/12\/23\/el-coiba-y-la-uib-lanzan-la-beca-predoctoral-florence-nightingale-con-el-objetivo-de-promover-la-investigacion-enfermera\/\">El COIBA y la UIB lanzan la beca predoctoral Florence Nightingale con el objetivo de promover la investigaci\u00f3n enfermera<\/a><\/h5><span class=\"post_infos\"><span class=\"date_hour_holder\"><i class=\"fa fa-calendar-o\"><\/i><span class=\"date\">23 diciembre, 2021<\/span><\/span><span class=\"latest-vert-separator\"> in<\/span> <a href=\"https:\/\/infermeriabalear.com\/es\/category\/docus-investigacion\/\">docus-investigaci\u00f3n <\/a>  <a href=\"https:\/\/infermeriabalear.com\/es\/category\/noticias-destacadas-2columna\/\">Noticia destacada <\/a>  <a href=\"https:\/\/infermeriabalear.com\/es\/category\/noticias\/\">Noticias <\/a> <\/span><\/div><\/div><\/div><\/div><li class=\"clearfix\"><div class=\"latest_post\"><div class=\"latest_post_image clearfix\"><img decoding=\"async\" src=\"https:\/\/infermeriabalear.com\/wp-content\/uploads\/2021\/08\/investigacio-13-e1628771131704-150x150.jpg\" alt=\"\" \/><\/div><div class=\"latest_post_text\"><div class=\"latest_post_inner\"><div class=\"latest_post_text_inner\"><h5 class=\"latest_post_title \"><a href=\"https:\/\/infermeriabalear.com\/es\/2021\/02\/10\/el-coiba-financia-con-40-000-euros-la-10a-convocatoria-de-ayudas-a-proyectos-de-investigacion\/\">El COIBA financia con 40.000 euros la 10\u00aa convocatoria de ayudas a proyectos de investigaci\u00f3n<\/a><\/h5><span class=\"post_infos\"><span class=\"date_hour_holder\"><i class=\"fa fa-calendar-o\"><\/i><span class=\"date\">10 febrero, 2021<\/span><\/span><span class=\"latest-vert-separator\"> in<\/span> <a href=\"https:\/\/infermeriabalear.com\/es\/category\/docus-investigacion\/\">docus-investigaci\u00f3n <\/a>  <a href=\"https:\/\/infermeriabalear.com\/es\/category\/noticias-destacadas-2columna\/\">Noticia destacada <\/a> <\/span><\/div><\/div><\/div><\/div><\/ul><\/div><\/div><\/div><\/div><div class=\"wpb_column vc_column_container vc_col-sm-12\"><div class=\"vc_column-inner\"><div class=\"wpb_wrapper\"><div class=\"vc_empty_space\"   style=\"height: 40px\"><span class=\"vc_empty_space_inner\"><\/span><\/div><\/div><\/div><\/div><\/div><\/div><\/div>\n<\/div>","protected":false},"excerpt":{"rendered":"Ian Blanco, coordinador de la Comisi\u00f3n de Investigaci\u00f3n, explica las novedades del presupuesto de este a\u00f1o dedicado a enfermeras investigadoras....","protected":false},"author":9,"featured_media":0,"parent":0,"menu_order":0,"comment_status":"closed","ping_status":"closed","template":"full_width.php","meta":{"footnotes":""},"class_list":["post-15699","page","type-page","status-publish","hentry"],"_links":{"self":[{"href":"https:\/\/infermeriabalear.com\/es\/wp-json\/wp\/v2\/pages\/15699","targetHints":{"allow":["GET"]}}],"collection":[{"href":"https:\/\/infermeriabalear.com\/es\/wp-json\/wp\/v2\/pages"}],"about":[{"href":"https:\/\/infermeriabalear.com\/es\/wp-json\/wp\/v2\/types\/page"}],"author":[{"embeddable":true,"href":"https:\/\/infermeriabalear.com\/es\/wp-json\/wp\/v2\/users\/9"}],"replies":[{"embeddable":true,"href":"https:\/\/infermeriabalear.com\/es\/wp-json\/wp\/v2\/comments?post=15699"}],"version-history":[{"count":5,"href":"https:\/\/infermeriabalear.com\/es\/wp-json\/wp\/v2\/pages\/15699\/revisions"}],"predecessor-version":[{"id":39100,"href":"https:\/\/infermeriabalear.com\/es\/wp-json\/wp\/v2\/pages\/15699\/revisions\/39100"}],"wp:attachment":[{"href":"https:\/\/infermeriabalear.com\/es\/wp-json\/wp\/v2\/media?parent=15699"}],"curies":[{"name":"wp","href":"https:\/\/api.w.org\/{rel}","templated":true}]}}