{"id":15708,"date":"2021-04-15T10:51:42","date_gmt":"2021-04-15T09:51:42","guid":{"rendered":"https:\/\/infermeriabalear.com\/?page_id=15708"},"modified":"2026-03-11T13:16:45","modified_gmt":"2026-03-11T12:16:45","slug":"comision-urgencias","status":"publish","type":"page","link":"https:\/\/infermeriabalear.com\/es\/comision-urgencias\/","title":{"rendered":"Comisi\u00f3n Urgencias"},"content":{"rendered":"<div class=\"wpb-content-wrapper\"><div      class=\"vc_row wpb_row section \" style=' text-align:left;'><div class=\" clearfix\"><div class=\"wpb_column vc_column_container vc_col-sm-12\"><div class=\"vc_column-inner\"><div class=\"wpb_wrapper\"><div class=\"vc_empty_space\"   style=\"height: 60px\"><span class=\"vc_empty_space_inner\"><\/span><\/div><\/div><\/div><\/div><\/div><\/div><div      class=\"vc_row wpb_row section  grid_section\" style=' text-align:left;'><div class=\" section_inner clearfix\"><div class='section_inner_margin clearfix'><div class=\"wpb_column vc_column_container vc_col-sm-12\"><div class=\"vc_column-inner\"><div class=\"wpb_wrapper\"><blockquote class='' style=''><h5 class='blockquote-text' style='color: #1ecad3;'>La comisi\u00f3n de urgencias tiene la voluntad de garantizar la atenci\u00f3n de calidad a los usuarios que, por alg\u00fan motivo, ven descompensada su salud de manera repentina y necesitan acudir a la atenci\u00f3n urgente que esta vertiente de la profesi\u00f3n enfermera les proporciona.<\/h5><\/blockquote><div class=\"vc_empty_space\"   style=\"height: 30px\"><span class=\"vc_empty_space_inner\"><\/span><\/div><\/div><\/div><\/div><\/div><\/div><\/div><div      class=\"vc_row wpb_row section  grid_section\" style=' text-align:left;'><div class=\" section_inner clearfix\"><div class='section_inner_margin clearfix'><div class=\"wpb_column vc_column_container vc_col-sm-12\"><div class=\"vc_column-inner\"><div class=\"wpb_wrapper\"><div class=\"vc_empty_space\"   style=\"height: 40px\"><span class=\"vc_empty_space_inner\"><\/span><\/div><\/div><\/div><\/div><\/div><\/div><\/div><div      class=\"vc_row wpb_row section  grid_section\" style=' text-align:left;'><div class=\" section_inner clearfix\"><div class='section_inner_margin clearfix'><div class=\"wpb_column vc_column_container vc_col-sm-4\"><div class=\"vc_column-inner\"><div class=\"wpb_wrapper\">\n\t<div class=\"wpb_text_column wpb_content_element \" >\n\t\t<div class=\"wpb_wrapper\">\n\t\t\t<h2 style=\"text-align: left;\">Miembros<\/h2>\n\n\t\t<\/div>\n\t<\/div>\n<div class=\"vc_empty_space\"   style=\"height: 40px\"><span class=\"vc_empty_space_inner\"><\/span><\/div><div class=\"q_icon_list\"><i class=\"fa fa-hand-o-right pull-left circle \" style=\"\"><\/i><p style=\"\">Jorge Garrido Manosalvas - Coordinador<\/p><\/div><div class=\"q_icon_list\"><i class=\"fa fa-hand-o-right pull-left circle \" style=\"\"><\/i><p style=\"\">Susana Blanco Crespo<\/p><\/div><\/div><\/div><\/div><div class=\"wpb_column vc_column_container vc_col-sm-4\"><div class=\"vc_column-inner\"><div class=\"wpb_wrapper\"><div class=\"vc_empty_space\"   style=\"height: 75px\"><span class=\"vc_empty_space_inner\"><\/span><\/div><div class=\"q_icon_list\"><i class=\"fa fa-hand-o-right pull-left circle \" style=\"\"><\/i><p style=\"\">Ra\u00fal Francisco Cabrera Oca\u00f1a<\/p><\/div><div class=\"q_icon_list\"><i class=\"fa fa-hand-o-right pull-left circle \" style=\"\"><\/i><p style=\"\">Francisco Jos\u00e9 Cereceda S\u00e1nchez<\/p><\/div><div class=\"q_icon_list\"><i class=\"fa fa-hand-o-right pull-left circle \" style=\"\"><\/i><p style=\"\">Pau Artigues Nebot<\/p><\/div><\/div><\/div><\/div><div class=\"wpb_column vc_column_container vc_col-sm-4\"><div class=\"vc_column-inner\"><div class=\"wpb_wrapper\"><div class=\"vc_empty_space\"   style=\"height: 75px\"><span class=\"vc_empty_space_inner\"><\/span><\/div><div class=\"q_icon_list\"><i class=\"fa fa-hand-o-right pull-left circle \" style=\"\"><\/i><p style=\"\">Katia P\u00e9rez Cid<\/p><\/div><div class=\"q_icon_list\"><i class=\"fa fa-hand-o-right pull-left circle \" style=\"\"><\/i><p style=\"\">Lu\u00eds Jos\u00e9 Fogued Ferm\u00edn<\/p><\/div><\/div><\/div><\/div><\/div><\/div><\/div><div      class=\"vc_row wpb_row section  grid_section\" style=' text-align:left;'><div class=\" section_inner clearfix\"><div class='section_inner_margin clearfix'><div class=\"wpb_column vc_column_container vc_col-sm-6\"><div class=\"vc_column-inner\"><div class=\"wpb_wrapper\"><div class=\"vc_empty_space\"   style=\"height: 70px\"><span class=\"vc_empty_space_inner\"><\/span><\/div>\n\t<div class=\"wpb_text_column wpb_content_element \" >\n\t\t<div class=\"wpb_wrapper\">\n\t\t\t<h2 style=\"text-align: left;\">Informaci\u00f3n adicional<\/h2>\n\n\t\t<\/div>\n\t<\/div>\n<div class=\"vc_empty_space\"   style=\"height: 40px\"><span class=\"vc_empty_space_inner\"><\/span><\/div><div class='latest_post_holder image_in_box '><ul><li class=\"clearfix\"><div class=\"latest_post\"><div class=\"latest_post_image clearfix\"><img decoding=\"async\" src=\"https:\/\/infermeriabalear.com\/wp-content\/uploads\/2024\/06\/Comissio-Urgencies_CAST-1-e1717489600922-150x150.png\" alt=\"\" \/><\/div><div class=\"latest_post_text\"><div class=\"latest_post_inner\"><div class=\"latest_post_text_inner\"><h5 class=\"latest_post_title \"><a href=\"https:\/\/infermeriabalear.com\/es\/2025\/09\/26\/la-comision-de-urgencias-convoca-nuevas-plazas-solicitudes-hasta-el-31-de-octubre\/\">La Comisi\u00f3n de Urgencias convoca nuevas plazas: solicitudes hasta el 31 de octubre<\/a><\/h5><span class=\"post_infos\"><span class=\"date_hour_holder\"><i class=\"fa fa-calendar-o\"><\/i><span class=\"date\">26 septiembre, 2025<\/span><\/span><span class=\"latest-vert-separator\"> in<\/span> <a href=\"https:\/\/infermeriabalear.com\/es\/category\/docus-urgencias\/\">docus-urgencias <\/a>  <a href=\"https:\/\/infermeriabalear.com\/es\/category\/noticias-destacadas-2columna\/\">Noticia destacada <\/a>  <a href=\"https:\/\/infermeriabalear.com\/es\/category\/noticias\/\">Noticias <\/a> <\/span><\/div><\/div><\/div><\/div><li class=\"clearfix\"><div class=\"latest_post\"><div class=\"latest_post_image clearfix\"><img decoding=\"async\" src=\"https:\/\/infermeriabalear.com\/wp-content\/uploads\/2024\/10\/Comissio-Urgencies-1-scaled-e1729587217733-150x150.jpeg\" alt=\"\" \/><\/div><div class=\"latest_post_text\"><div class=\"latest_post_inner\"><div class=\"latest_post_text_inner\"><h5 class=\"latest_post_title \"><a href=\"https:\/\/infermeriabalear.com\/es\/2024\/10\/22\/comision-urgencia-coiba-bienvenida\/\">La Comisi\u00f3n de Urgencias del COIBA da la bienvenida a sus nuevos miembros y elige coordinador<\/a><\/h5><span class=\"post_infos\"><span class=\"date_hour_holder\"><i class=\"fa fa-calendar-o\"><\/i><span class=\"date\">22 octubre, 2024<\/span><\/span><span class=\"latest-vert-separator\"> in<\/span> <a href=\"https:\/\/infermeriabalear.com\/es\/category\/docus-urgencias\/\">docus-urgencias <\/a>  <a href=\"https:\/\/infermeriabalear.com\/es\/category\/noticias\/\">Noticias <\/a> <\/span><\/div><\/div><\/div><\/div><li class=\"clearfix\"><div class=\"latest_post\"><div class=\"latest_post_image clearfix\"><img decoding=\"async\" src=\"https:\/\/infermeriabalear.com\/wp-content\/uploads\/2024\/06\/Comissio-Urgencies_CAST-1-e1717489600922-150x150.png\" alt=\"\" \/><\/div><div class=\"latest_post_text\"><div class=\"latest_post_inner\"><div class=\"latest_post_text_inner\"><h5 class=\"latest_post_title \"><a href=\"https:\/\/infermeriabalear.com\/es\/2024\/06\/06\/comision-urgencias-convoca-plazas\/\">La Comisi\u00f3n de Urgencias convoca nuevas plazas: solicitudes hasta el 7 de julio<\/a><\/h5><span class=\"post_infos\"><span class=\"date_hour_holder\"><i class=\"fa fa-calendar-o\"><\/i><span class=\"date\">06 junio, 2024<\/span><\/span><span class=\"latest-vert-separator\"> in<\/span> <a href=\"https:\/\/infermeriabalear.com\/es\/category\/docus-urgencias\/\">docus-urgencias <\/a>  <a href=\"https:\/\/infermeriabalear.com\/es\/category\/noticias\/\">Noticias <\/a>  <a href=\"https:\/\/infermeriabalear.com\/es\/category\/noticias-destacadas\/\">Noticias destacadas <\/a> <\/span><\/div><\/div><\/div><\/div><li class=\"clearfix\"><div class=\"latest_post\"><div class=\"latest_post_image clearfix\"><img decoding=\"async\" src=\"https:\/\/infermeriabalear.com\/wp-content\/uploads\/2023\/04\/IMG_2068-scaled-e1682436433229-150x150.jpg\" alt=\"\" \/><\/div><div class=\"latest_post_text\"><div class=\"latest_post_inner\"><div class=\"latest_post_text_inner\"><h5 class=\"latest_post_title \"><a href=\"https:\/\/infermeriabalear.com\/es\/2023\/04\/25\/la-comision-de-urgencias-del-coiba-organizo-un-cafe-con-una-enfermera-de-urgencias-extrahospitalarias-de-madrid\/\">La Comisi\u00f3n de Urgencias del COIBA organiz\u00f3: &#8216;Un caf\u00e9 con una enfermera de urgencias extrahospitalarias de Madrid&#8217;<\/a><\/h5><span class=\"post_infos\"><span class=\"date_hour_holder\"><i class=\"fa fa-calendar-o\"><\/i><span class=\"date\">25 abril, 2023<\/span><\/span><span class=\"latest-vert-separator\"> in<\/span> <a href=\"https:\/\/infermeriabalear.com\/es\/category\/docus-urgencias\/\">docus-urgencias <\/a>  <a href=\"https:\/\/infermeriabalear.com\/es\/category\/noticias-destacadas-2columna\/\">Noticia destacada <\/a>  <a href=\"https:\/\/infermeriabalear.com\/es\/category\/noticias\/\">Noticias <\/a> <\/span><\/div><\/div><\/div><\/div><li class=\"clearfix\"><div class=\"latest_post\"><div class=\"latest_post_image clearfix\"><img decoding=\"async\" src=\"https:\/\/infermeriabalear.com\/wp-content\/uploads\/2021\/11\/Grup-150x150.jpg\" alt=\"\" \/><\/div><div class=\"latest_post_text\"><div class=\"latest_post_inner\"><div class=\"latest_post_text_inner\"><h5 class=\"latest_post_title \"><a href=\"https:\/\/infermeriabalear.com\/es\/2021\/11\/30\/buenacomunicacion-es-vital-para-atencion-de-calidad-al-paciente-de-urgencias\/\">La buena comunicaci\u00f3n entre los diferentes servicios de urgencias es vital para la atenci\u00f3n de calidad a los pacientes<\/a><\/h5><span class=\"post_infos\"><span class=\"date_hour_holder\"><i class=\"fa fa-calendar-o\"><\/i><span class=\"date\">30 noviembre, 2021<\/span><\/span><span class=\"latest-vert-separator\"> in<\/span> <a href=\"https:\/\/infermeriabalear.com\/es\/category\/docus-urgencias\/\">docus-urgencias <\/a>  <a href=\"https:\/\/infermeriabalear.com\/es\/category\/noticias-destacadas-2columna\/\">Noticia destacada <\/a>  <a href=\"https:\/\/infermeriabalear.com\/es\/category\/noticias\/\">Noticias <\/a> <\/span><\/div><\/div><\/div><\/div><li class=\"clearfix\"><div class=\"latest_post\"><div class=\"latest_post_image clearfix\"><img decoding=\"async\" src=\"https:\/\/infermeriabalear.com\/wp-content\/uploads\/2021\/11\/Grup-150x150.jpg\" alt=\"\" \/><\/div><div class=\"latest_post_text\"><div class=\"latest_post_inner\"><div class=\"latest_post_text_inner\"><h5 class=\"latest_post_title \"><a href=\"https:\/\/infermeriabalear.com\/es\/2021\/11\/29\/video-sesion-emergencias\/\">V\u00eddeo de la sesi\u00f3n sobre comunicaci\u00f3n entre los servicios de urgencias de las Balears<\/a><\/h5><span class=\"post_infos\"><span class=\"date_hour_holder\"><i class=\"fa fa-calendar-o\"><\/i><span class=\"date\">29 noviembre, 2021<\/span><\/span><span class=\"latest-vert-separator\"> in<\/span> <a href=\"https:\/\/infermeriabalear.com\/es\/category\/docus-urgencias\/\">docus-urgencias <\/a>  <a href=\"https:\/\/infermeriabalear.com\/es\/category\/noticias\/\">Noticias <\/a> <\/span><\/div><\/div><\/div><\/div><li class=\"clearfix\"><div class=\"latest_post\"><div class=\"latest_post_image clearfix\"><img decoding=\"async\" src=\"https:\/\/infermeriabalear.com\/wp-content\/uploads\/2021\/11\/Comissio-Urgencies-Post-de-Twitter-150x150.png\" alt=\"\" \/><\/div><div class=\"latest_post_text\"><div class=\"latest_post_inner\"><div class=\"latest_post_text_inner\"><h5 class=\"latest_post_title \"><a href=\"https:\/\/infermeriabalear.com\/es\/2021\/11\/15\/comunicacion-entre-las-enfermeras-de-urgencias\/\">Sesi\u00f3n \u201cComunicaci\u00f3n entre las enfermeras de urgencias\u201d<\/a><\/h5><span class=\"post_infos\"><span class=\"date_hour_holder\"><i class=\"fa fa-calendar-o\"><\/i><span class=\"date\">15 noviembre, 2021<\/span><\/span><span class=\"latest-vert-separator\"> in<\/span> <a href=\"https:\/\/infermeriabalear.com\/es\/category\/docus-urgencias\/\">docus-urgencias <\/a>  <a href=\"https:\/\/infermeriabalear.com\/es\/category\/eventos-coiba\/\">Eventos Coiba <\/a>  <a href=\"https:\/\/infermeriabalear.com\/es\/category\/noticias\/\">Noticias <\/a>  <a href=\"https:\/\/infermeriabalear.com\/es\/category\/noticias-destacadas\/\">Noticias destacadas <\/a> <\/span><\/div><\/div><\/div><\/div><li class=\"clearfix\"><div class=\"latest_post\"><div class=\"latest_post_image clearfix\"><img decoding=\"async\" src=\"https:\/\/infermeriabalear.com\/wp-content\/uploads\/2021\/10\/Comissio-urgencies-oct21-150x150.jpg\" alt=\"\" \/><\/div><div class=\"latest_post_text\"><div class=\"latest_post_inner\"><div class=\"latest_post_text_inner\"><h5 class=\"latest_post_title \"><a href=\"https:\/\/infermeriabalear.com\/es\/2021\/10\/25\/comisionurgenciasdefinesusprioridades\/\">La Comisi\u00f3n de Urgencias fomentar\u00e1 la colaboraci\u00f3n y el intercambio de conocimientos entre profesionales de diferentes niveles asistenciales<\/a><\/h5><span class=\"post_infos\"><span class=\"date_hour_holder\"><i class=\"fa fa-calendar-o\"><\/i><span class=\"date\">25 octubre, 2021<\/span><\/span><span class=\"latest-vert-separator\"> in<\/span> <a href=\"https:\/\/infermeriabalear.com\/es\/category\/docus-urgencias\/\">docus-urgencias <\/a>  <a href=\"https:\/\/infermeriabalear.com\/es\/category\/noticias-destacadas-2columna\/\">Noticia destacada <\/a>  <a href=\"https:\/\/infermeriabalear.com\/es\/category\/noticias\/\">Noticias <\/a> <\/span><\/div><\/div><\/div><\/div><li class=\"clearfix\"><div class=\"latest_post\"><div class=\"latest_post_image clearfix\"><img decoding=\"async\" src=\"https:\/\/infermeriabalear.com\/wp-content\/uploads\/2021\/07\/urgencias_-150x150.jpg\" alt=\"\" \/><\/div><div class=\"latest_post_text\"><div class=\"latest_post_inner\"><div class=\"latest_post_text_inner\"><h5 class=\"latest_post_title \"><a href=\"https:\/\/infermeriabalear.com\/es\/2021\/07\/22\/la-comision-de-urgencias-del-coiba-incorpora-nuevos-miembros\/\">La Comisi\u00f3n de Urgencias del COIBA incorpora nuevos miembros<\/a><\/h5><span class=\"post_infos\"><span class=\"date_hour_holder\"><i class=\"fa fa-calendar-o\"><\/i><span class=\"date\">22 julio, 2021<\/span><\/span><span class=\"latest-vert-separator\"> in<\/span> <a href=\"https:\/\/infermeriabalear.com\/es\/category\/docus-urgencias\/\">docus-urgencias <\/a>  <a href=\"https:\/\/infermeriabalear.com\/es\/category\/noticias\/\">Noticias <\/a>  <a href=\"https:\/\/infermeriabalear.com\/es\/category\/noticias-destacadas\/\">Noticias destacadas <\/a> <\/span><\/div><\/div><\/div><\/div><\/ul><\/div><\/div><\/div><\/div><div class=\"wpb_column vc_column_container vc_col-sm-6\"><div class=\"vc_column-inner\"><div class=\"wpb_wrapper\"><div class=\"vc_empty_space\"   style=\"height: 70px\"><span class=\"vc_empty_space_inner\"><\/span><\/div>\n\t<div class=\"wpb_text_column wpb_content_element \" >\n\t\t<div class=\"wpb_wrapper\">\n\t\t\t<h2 style=\"text-align: left;\">Enlaces de inter\u00e9s<\/h2>\n\n\t\t<\/div>\n\t<\/div>\n<div class=\"vc_empty_space\"   style=\"height: 40px\"><span class=\"vc_empty_space_inner\"><\/span><\/div>\n\t<div class=\"wpb_text_column wpb_content_element \" >\n\t\t<div class=\"wpb_wrapper\">\n\t\t\t<p style=\"text-align: center;\">&#8211; Secci\u00f3n en construcci\u00f3n &#8211;<\/p>\n\n\t\t<\/div>\n\t<\/div>\n<\/div><\/div><\/div><\/div><\/div><\/div><div      class=\"vc_row wpb_row section \" style=' text-align:left;'><div class=\" clearfix\"><div class=\"wpb_column vc_column_container vc_col-sm-12\"><div class=\"vc_column-inner\"><div class=\"wpb_wrapper\"><div class=\"vc_empty_space\"   style=\"height: 55px\"><span class=\"vc_empty_space_inner\"><\/span><\/div><\/div><\/div><\/div><\/div><\/div>\n<\/div>","protected":false},"excerpt":{"rendered":"La Comisi\u00f3n de Urgencias del Col\u00b7legi Oficial d\u2019Infermeria de les Illes Balears ha incorporado a cuatro nuevos miembros, despu\u00e9s de...","protected":false},"author":9,"featured_media":0,"parent":0,"menu_order":0,"comment_status":"closed","ping_status":"closed","template":"full_width.php","meta":{"footnotes":""},"class_list":["post-15708","page","type-page","status-publish","hentry"],"_links":{"self":[{"href":"https:\/\/infermeriabalear.com\/es\/wp-json\/wp\/v2\/pages\/15708","targetHints":{"allow":["GET"]}}],"collection":[{"href":"https:\/\/infermeriabalear.com\/es\/wp-json\/wp\/v2\/pages"}],"about":[{"href":"https:\/\/infermeriabalear.com\/es\/wp-json\/wp\/v2\/types\/page"}],"author":[{"embeddable":true,"href":"https:\/\/infermeriabalear.com\/es\/wp-json\/wp\/v2\/users\/9"}],"replies":[{"embeddable":true,"href":"https:\/\/infermeriabalear.com\/es\/wp-json\/wp\/v2\/comments?post=15708"}],"version-history":[{"count":14,"href":"https:\/\/infermeriabalear.com\/es\/wp-json\/wp\/v2\/pages\/15708\/revisions"}],"predecessor-version":[{"id":46894,"href":"https:\/\/infermeriabalear.com\/es\/wp-json\/wp\/v2\/pages\/15708\/revisions\/46894"}],"wp:attachment":[{"href":"https:\/\/infermeriabalear.com\/es\/wp-json\/wp\/v2\/media?parent=15708"}],"curies":[{"name":"wp","href":"https:\/\/api.w.org\/{rel}","templated":true}]}}