{"id":15884,"date":"2021-04-16T11:21:19","date_gmt":"2021-04-16T10:21:19","guid":{"rendered":"https:\/\/infermeriabalear.com\/?page_id=15884"},"modified":"2026-03-30T16:34:16","modified_gmt":"2026-03-30T14:34:16","slug":"inventario-coiba","status":"publish","type":"page","link":"https:\/\/infermeriabalear.com\/es\/inventario-coiba\/","title":{"rendered":"Inventario COIBA"},"content":{"rendered":"<div class=\"wpb-content-wrapper\"><div      class=\"vc_row wpb_row section \" style=' text-align:left;'><div class=\" clearfix\"><div class=\"wpb_column vc_column_container vc_col-sm-12\"><div class=\"vc_column-inner\"><div class=\"wpb_wrapper\"><div class=\"vc_empty_space\"   style=\"height: 45px\"><span class=\"vc_empty_space_inner\"><\/span><\/div><\/div><\/div><\/div><\/div><\/div><div      class=\"vc_row wpb_row section  grid_section\" style=' text-align:left;'><div class=\" section_inner clearfix\"><div class='section_inner_margin clearfix'><div class=\"wpb_column vc_column_container vc_col-sm-12\"><div class=\"vc_column-inner\"><div class=\"wpb_wrapper\">\n\t<div class=\"wpb_text_column wpb_content_element \" >\n\t\t<div class=\"wpb_wrapper\">\n\t\t\t<p><!-- \/wp:post-content --><\/p>\n<p><!-- wp:html \/-->A continuaci\u00f3n encontrar\u00e1s los documentos en los que va especificada la lista de bienes y dem\u00e1s \u00edtems de valor que pertenecen al Col\u00b7legi Oficial d&#8217;Infermeria de les Illes Balears. En cada a\u00f1o se actualiza este listado, a\u00f1adiendo o suprimiendo los bienes que sean necesarios.<\/p>\n<p>&nbsp;<\/p>\n\n\t\t<\/div>\n\t<\/div>\n<\/div><\/div><\/div><\/div><\/div><\/div><div      class=\"vc_row wpb_row section  grid_section\" style=' text-align:left;'><div class=\" section_inner clearfix\"><div class='section_inner_margin clearfix'><div class=\"wpb_column vc_column_container vc_col-sm-12\"><div class=\"vc_column-inner\"><div class=\"wpb_wrapper\">\n        <div class=\"wpb_single_image wpb_content_element vc_align_left\">\n            <div class=\"wpb_wrapper\">\n                \n                <div class=\"vc_single_image-wrapper   vc_box_border_grey\"><img decoding=\"async\" class=\"vc_single_image-img \" src=\"https:\/\/infermeriabalear.com\/wp-content\/uploads\/2021\/08\/Presupuestos-por-anos-1-1.png\" width=\"1080\" height=\"200\" alt=\"Presupuestos por a\u00f1os (1)\" title=\"Presupuestos por a\u00f1os (1)\" loading=\"lazy\" \/><\/div>\n            <\/div>\n        <\/div>\n    <div class=\"vc_empty_space\"   style=\"height: 20px\"><span class=\"vc_empty_space_inner\"><\/span><\/div><\/div><\/div><\/div><\/div><\/div><\/div><div      class=\"vc_row wpb_row section  grid_section\" style=' text-align:left;'><div class=\" section_inner clearfix\"><div class='section_inner_margin clearfix'><div class=\"wpb_column vc_column_container vc_col-sm-12\"><div class=\"vc_column-inner\"><div class=\"wpb_wrapper\">\n\t<div class=\"wpb_tabstabs_holder clearfix\" data-interval=\"0\">\n\t\t<div class=\"q_tabs horizontal\">\n\t\t\t<ul class=\"tabs-nav\"><li><a href=\"#tab-1774880758763-9-2\">A\u00f1o 2025<\/a><\/li><li><a href=\"#tab-1774880740614-8-4\">A\u00f1o 2024<\/a><\/li><li><a href=\"#tab-1713370864876-7-10\">A\u00f1o 2023<\/a><\/li><li><a href=\"#tab-1680262696566-7-3\">A\u00f1o 2022<\/a><\/li><li><a href=\"#tab-1654260130407-5-10\">A\u00f1o 2021<\/a><\/li><li><a href=\"#tab-8b1cbe16-671f-10\">A\u00f1o 2020<\/a><\/li><li><a href=\"#tab-1628250986674-4-5\">A\u00f1o 2019<\/a><\/li><li><a href=\"#tab-1628250985928-3-10\">A\u00f1o 2018<\/a><\/li><li><a href=\"#tab-96b8ceee-20c8-2\">A\u00f1o 2017<\/a><\/li><li><a href=\"#tab-1628250702889-2-1\">A\u00f1o 2016<\/a><\/li><\/ul>\n<div class='tabs-container'>\n\t\t\t\n\t<div id=\"tab-1774880758763-9-2\" class=\"wpb_tab ui-tabs-panel wpb_ui-tabs-hide vc_clearfix tab-content\">\n\t\t\n        <div class=\"wpb_single_image wpb_content_element vc_align_center\">\n            <div class=\"wpb_wrapper\">\n                \n                <div class=\"vc_single_image-wrapper vc_box_outline  vc_box_border_turquoise\"><img decoding=\"async\" class=\"vc_single_image-img \" src=\"https:\/\/infermeriabalear.com\/wp-content\/uploads\/2026\/03\/Inmovilizado_2025_Pagina_1-scaled-1000x756.png\" width=\"1000\" height=\"756\" alt=\"Inmovilizado_2025_P\u00e1gina_1\" title=\"Inmovilizado_2025_P\u00e1gina_1\" loading=\"lazy\" \/><\/div>\n            <\/div>\n        <\/div>\n    <div class=\"separator  normal   \" style=\"\"><\/div>\n\n        <div class=\"wpb_single_image wpb_content_element vc_align_center\">\n            <div class=\"wpb_wrapper\">\n                \n                <div class=\"vc_single_image-wrapper vc_box_outline  vc_box_border_turquoise\"><img decoding=\"async\" class=\"vc_single_image-img \" src=\"https:\/\/infermeriabalear.com\/wp-content\/uploads\/2026\/03\/Inmovilizado_2025_Pagina_2-scaled-1000x756.png\" width=\"1000\" height=\"756\" alt=\"Inmovilizado_2025_P\u00e1gina_2\" title=\"Inmovilizado_2025_P\u00e1gina_2\" loading=\"lazy\" \/><\/div>\n            <\/div>\n        <\/div>\n    <div class=\"separator  normal   \" style=\"\"><\/div>\n\n        <div class=\"wpb_single_image wpb_content_element vc_align_center\">\n            <div class=\"wpb_wrapper\">\n                \n                <div class=\"vc_single_image-wrapper vc_box_outline  vc_box_border_turquoise\"><img decoding=\"async\" class=\"vc_single_image-img \" src=\"https:\/\/infermeriabalear.com\/wp-content\/uploads\/2026\/03\/Inmovilizado_2025_Pagina_3-scaled-1000x756.png\" width=\"1000\" height=\"756\" alt=\"Inmovilizado_2025_P\u00e1gina_3\" title=\"Inmovilizado_2025_P\u00e1gina_3\" loading=\"lazy\" \/><\/div>\n            <\/div>\n        <\/div>\n    \n\t<\/div>\n\n\t<div id=\"tab-1774880740614-8-4\" class=\"wpb_tab ui-tabs-panel wpb_ui-tabs-hide vc_clearfix tab-content\">\n\t\tEmpty tab. Edit page to add content here.\n\t<\/div>\n\n\t<div id=\"tab-1713370864876-7-10\" class=\"wpb_tab ui-tabs-panel wpb_ui-tabs-hide vc_clearfix tab-content\">\n\t\t\n        <div class=\"wpb_single_image wpb_content_element vc_align_center\">\n            <div class=\"wpb_wrapper\">\n                \n                <div class=\"vc_single_image-wrapper vc_box_outline  vc_box_border_turquoise\"><img decoding=\"async\" class=\"vc_single_image-img \" src=\"https:\/\/infermeriabalear.com\/wp-content\/uploads\/2024\/04\/Inventario_Pagina_1-1131x800.png\" width=\"1131\" height=\"800\" alt=\"Inventario_P\u00e1gina_1\" title=\"Inventario_P\u00e1gina_1\" loading=\"lazy\" \/><\/div>\n            <\/div>\n        <\/div>\n    <div class=\"separator  normal   \" style=\"\"><\/div>\n\n        <div class=\"wpb_single_image wpb_content_element vc_align_center\">\n            <div class=\"wpb_wrapper\">\n                \n                <div class=\"vc_single_image-wrapper vc_box_outline  vc_box_border_turquoise\"><img decoding=\"async\" class=\"vc_single_image-img \" src=\"https:\/\/infermeriabalear.com\/wp-content\/uploads\/2024\/04\/Inventario_Pagina_2-1131x800.png\" width=\"1131\" height=\"800\" alt=\"Inventario_P\u00e1gina_2\" title=\"Inventario_P\u00e1gina_2\" loading=\"lazy\" \/><\/div>\n            <\/div>\n        <\/div>\n    \n\t<\/div>\n\n\t<div id=\"tab-1680262696566-7-3\" class=\"wpb_tab ui-tabs-panel wpb_ui-tabs-hide vc_clearfix tab-content\">\n\t\t\n        <div class=\"wpb_single_image wpb_content_element vc_align_center\">\n            <div class=\"wpb_wrapper\">\n                \n                <div class=\"vc_single_image-wrapper vc_box_outline  vc_box_border_turquoise\"><img decoding=\"async\" class=\"vc_single_image-img \" src=\"https:\/\/infermeriabalear.com\/wp-content\/uploads\/2023\/03\/Inmovilizado_Pagina_1-800x1131.png\" width=\"800\" height=\"1131\" alt=\"Inmovilizado_P\u00e1gina_1\" title=\"Inmovilizado_P\u00e1gina_1\" loading=\"lazy\" \/><\/div>\n            <\/div>\n        <\/div>\n    <div class=\"separator  normal   \" style=\"\"><\/div>\n\n        <div class=\"wpb_single_image wpb_content_element vc_align_center\">\n            <div class=\"wpb_wrapper\">\n                \n                <div class=\"vc_single_image-wrapper vc_box_outline  vc_box_border_turquoise\"><img decoding=\"async\" class=\"vc_single_image-img \" src=\"https:\/\/infermeriabalear.com\/wp-content\/uploads\/2023\/03\/Inmovilizado_Pagina_2-800x1131.png\" width=\"800\" height=\"1131\" alt=\"Inmovilizado_P\u00e1gina_2\" title=\"Inmovilizado_P\u00e1gina_2\" loading=\"lazy\" \/><\/div>\n            <\/div>\n        <\/div>\n    \n\t<\/div>\n\n\t<div id=\"tab-1654260130407-5-10\" class=\"wpb_tab ui-tabs-panel wpb_ui-tabs-hide vc_clearfix tab-content\">\n\t\t\n        <div class=\"wpb_single_image wpb_content_element vc_align_center\">\n            <div class=\"wpb_wrapper\">\n                \n                <div class=\"vc_single_image-wrapper vc_box_outline  vc_box_border_turquoise\"><img decoding=\"async\" class=\"vc_single_image-img \" src=\"https:\/\/infermeriabalear.com\/wp-content\/uploads\/2022\/06\/Inventario-2021_Pagina_1-1131x800.png\" width=\"1131\" height=\"800\" alt=\"Inventario-2021_P\u00e1gina_1\" title=\"Inventario-2021_P\u00e1gina_1\" loading=\"lazy\" \/><\/div>\n            <\/div>\n        <\/div>\n    <div class=\"separator  transparent   \" style=\"\"><\/div>\n\n        <div class=\"wpb_single_image wpb_content_element vc_align_center\">\n            <div class=\"wpb_wrapper\">\n                \n                <div class=\"vc_single_image-wrapper vc_box_outline  vc_box_border_turquoise\"><img decoding=\"async\" class=\"vc_single_image-img \" src=\"https:\/\/infermeriabalear.com\/wp-content\/uploads\/2022\/06\/Inventario-2021_Pagina_2-1100x800.png\" width=\"1100\" height=\"800\" alt=\"Inventario-2021_P\u00e1gina_2\" title=\"Inventario-2021_P\u00e1gina_2\" loading=\"lazy\" \/><\/div>\n            <\/div>\n        <\/div>\n    <div class=\"separator  transparent   \" style=\"\"><\/div>\n\n        <div class=\"wpb_single_image wpb_content_element vc_align_center\">\n            <div class=\"wpb_wrapper\">\n                \n                <div class=\"vc_single_image-wrapper vc_box_outline  vc_box_border_turquoise\"><img decoding=\"async\" class=\"vc_single_image-img \" src=\"https:\/\/infermeriabalear.com\/wp-content\/uploads\/2022\/06\/Inventario-2021_Pagina_3-1100x800.png\" width=\"1100\" height=\"800\" alt=\"Inventario-2021_P\u00e1gina_3\" title=\"Inventario-2021_P\u00e1gina_3\" loading=\"lazy\" \/><\/div>\n            <\/div>\n        <\/div>\n    \n\t<\/div>\n\n\t<div id=\"tab-8b1cbe16-671f-10\" class=\"wpb_tab ui-tabs-panel wpb_ui-tabs-hide vc_clearfix tab-content\">\n\t\t\n        <div class=\"wpb_single_image wpb_content_element vc_align_center\">\n            <div class=\"wpb_wrapper\">\n                \n                <div class=\"vc_single_image-wrapper vc_box_outline  vc_box_border_turquoise\"><img decoding=\"async\" class=\"vc_single_image-img \" src=\"https:\/\/infermeriabalear.com\/wp-content\/uploads\/2021\/08\/Inventario-2020_Pagina_1-scaled-800x1131.jpg\" width=\"800\" height=\"1131\" alt=\"Inventario-2020_P\u00e1gina_1\" title=\"Inventario-2020_P\u00e1gina_1\" loading=\"lazy\" \/><\/div>\n            <\/div>\n        <\/div>\n    <div class=\"separator  transparent   \" style=\"\"><\/div>\n\n        <div class=\"wpb_single_image wpb_content_element vc_align_center\">\n            <div class=\"wpb_wrapper\">\n                \n                <div class=\"vc_single_image-wrapper vc_box_outline  vc_box_border_turquoise\"><img decoding=\"async\" class=\"vc_single_image-img \" src=\"https:\/\/infermeriabalear.com\/wp-content\/uploads\/2021\/08\/Inventario-2020_Pagina_2-scaled-800x1100.jpg\" width=\"800\" height=\"1100\" alt=\"Inventario-2020_P\u00e1gina_2\" title=\"Inventario-2020_P\u00e1gina_2\" loading=\"lazy\" \/><\/div>\n            <\/div>\n        <\/div>\n    \n\t<\/div>\n\n\t<div id=\"tab-1628250986674-4-5\" class=\"wpb_tab ui-tabs-panel wpb_ui-tabs-hide vc_clearfix tab-content\">\n\t\t\n        <div class=\"wpb_single_image wpb_content_element vc_align_center\">\n            <div class=\"wpb_wrapper\">\n                \n                <div class=\"vc_single_image-wrapper vc_box_outline  vc_box_border_turquoise\"><img decoding=\"async\" class=\"vc_single_image-img \" src=\"https:\/\/infermeriabalear.com\/wp-content\/uploads\/2021\/08\/Inventario2019-scaled-800x1131.jpg\" width=\"800\" height=\"1131\" alt=\"Inventario2019\" title=\"Inventario2019\" loading=\"lazy\" \/><\/div>\n            <\/div>\n        <\/div>\n    \n\t<\/div>\n\n\t<div id=\"tab-1628250985928-3-10\" class=\"wpb_tab ui-tabs-panel wpb_ui-tabs-hide vc_clearfix tab-content\">\n\t\t\n        <div class=\"wpb_single_image wpb_content_element vc_align_center\">\n            <div class=\"wpb_wrapper\">\n                \n                <div class=\"vc_single_image-wrapper vc_box_outline  vc_box_border_turquoise\"><img decoding=\"async\" class=\"vc_single_image-img \" src=\"https:\/\/infermeriabalear.com\/wp-content\/uploads\/2021\/08\/Inventario2018_Pagina_1-800x1131.jpg\" width=\"800\" height=\"1131\" alt=\"Inventario2018_P\u00e1gina_1\" title=\"Inventario2018_P\u00e1gina_1\" loading=\"lazy\" \/><\/div>\n            <\/div>\n        <\/div>\n    <div class=\"vc_empty_space\"   style=\"height: 20px\"><span class=\"vc_empty_space_inner\"><\/span><\/div>\n        <div class=\"wpb_single_image wpb_content_element vc_align_center\">\n            <div class=\"wpb_wrapper\">\n                \n                <div class=\"vc_single_image-wrapper vc_box_outline  vc_box_border_turquoise\"><img decoding=\"async\" class=\"vc_single_image-img \" src=\"https:\/\/infermeriabalear.com\/wp-content\/uploads\/2021\/08\/Inventario2018_Pagina_2-1-800x1131.jpg\" width=\"800\" height=\"1131\" alt=\"Inventario2018_P\u00e1gina_2\" title=\"Inventario2018_P\u00e1gina_2\" loading=\"lazy\" \/><\/div>\n            <\/div>\n        <\/div>\n    \n\t<\/div>\n\n\t<div id=\"tab-96b8ceee-20c8-2\" class=\"wpb_tab ui-tabs-panel wpb_ui-tabs-hide vc_clearfix tab-content\">\n\t\t\n        <div class=\"wpb_single_image wpb_content_element vc_align_center\">\n            <div class=\"wpb_wrapper\">\n                \n                <div class=\"vc_single_image-wrapper vc_box_outline  vc_box_border_turquoise\"><img decoding=\"async\" class=\"vc_single_image-img \" src=\"https:\/\/infermeriabalear.com\/wp-content\/uploads\/2021\/08\/Inventario2017-800x1131.jpg\" width=\"800\" height=\"1131\" alt=\"Inventario2017\" title=\"Inventario2017\" loading=\"lazy\" \/><\/div>\n            <\/div>\n        <\/div>\n    \n\t<\/div>\n\n\t<div id=\"tab-1628250702889-2-1\" class=\"wpb_tab ui-tabs-panel wpb_ui-tabs-hide vc_clearfix tab-content\">\n\t\t\n        <div class=\"wpb_single_image wpb_content_element vc_align_center\">\n            <div class=\"wpb_wrapper\">\n                \n                <div class=\"vc_single_image-wrapper vc_box_outline  vc_box_border_turquoise\"><img decoding=\"async\" class=\"vc_single_image-img \" src=\"https:\/\/infermeriabalear.com\/wp-content\/uploads\/2021\/08\/Inventario-2016-800x1131.jpg\" width=\"800\" height=\"1131\" alt=\"Inventario 2016\" title=\"Inventario 2016\" loading=\"lazy\" \/><\/div>\n            <\/div>\n        <\/div>\n    \n\t<\/div>\n<\/div>\n\t\t<\/div> \n\t<\/div> <\/div><\/div><\/div><\/div><\/div><\/div><div      class=\"vc_row wpb_row section \" style=' text-align:left;'><div class=\" clearfix\"><div class=\"wpb_column vc_column_container vc_col-sm-12\"><div class=\"vc_column-inner\"><div class=\"wpb_wrapper\"><div class=\"vc_empty_space\"   style=\"height: 60px\"><span class=\"vc_empty_space_inner\"><\/span><\/div><\/div><\/div><\/div><\/div><\/div><\/div>","protected":false},"excerpt":{"rendered":"A continuaci\u00f3n encontrar\u00e1s los documentos en los que va especificada la lista de bienes y dem\u00e1s \u00edtems de valor que...","protected":false},"author":9,"featured_media":0,"parent":0,"menu_order":0,"comment_status":"closed","ping_status":"closed","template":"full_width.php","meta":{"footnotes":""},"class_list":["post-15884","page","type-page","status-publish","hentry"],"_links":{"self":[{"href":"https:\/\/infermeriabalear.com\/es\/wp-json\/wp\/v2\/pages\/15884","targetHints":{"allow":["GET"]}}],"collection":[{"href":"https:\/\/infermeriabalear.com\/es\/wp-json\/wp\/v2\/pages"}],"about":[{"href":"https:\/\/infermeriabalear.com\/es\/wp-json\/wp\/v2\/types\/page"}],"author":[{"embeddable":true,"href":"https:\/\/infermeriabalear.com\/es\/wp-json\/wp\/v2\/users\/9"}],"replies":[{"embeddable":true,"href":"https:\/\/infermeriabalear.com\/es\/wp-json\/wp\/v2\/comments?post=15884"}],"version-history":[{"count":11,"href":"https:\/\/infermeriabalear.com\/es\/wp-json\/wp\/v2\/pages\/15884\/revisions"}],"predecessor-version":[{"id":47175,"href":"https:\/\/infermeriabalear.com\/es\/wp-json\/wp\/v2\/pages\/15884\/revisions\/47175"}],"wp:attachment":[{"href":"https:\/\/infermeriabalear.com\/es\/wp-json\/wp\/v2\/media?parent=15884"}],"curies":[{"name":"wp","href":"https:\/\/api.w.org\/{rel}","templated":true}]}}