{"id":15897,"date":"2021-04-19T10:01:09","date_gmt":"2021-04-19T09:01:09","guid":{"rendered":"https:\/\/infermeriabalear.com\/?page_id=15897"},"modified":"2025-06-11T12:32:53","modified_gmt":"2025-06-11T10:32:53","slug":"principales-acuerdos-de-junta","status":"publish","type":"page","link":"https:\/\/infermeriabalear.com\/es\/principales-acuerdos-de-junta\/","title":{"rendered":"Principales acuerdos Junta de Gobierno"},"content":{"rendered":"<div class=\"wpb-content-wrapper\"><div      class=\"vc_row wpb_row section \" style=' text-align:left;'><div class=\" clearfix\"><div class=\"wpb_column vc_column_container vc_col-sm-12\"><div class=\"vc_column-inner\"><div class=\"wpb_wrapper\"><div class=\"vc_empty_space\"   style=\"height: 20px\"><span class=\"vc_empty_space_inner\"><\/span><\/div><div class=\"separator  normal   \" style=\"\"><\/div>\n<\/div><\/div><\/div><\/div><\/div><div      class=\"vc_row wpb_row section  grid_section\" style=' text-align:left;'><div class=\" section_inner clearfix\"><div class='section_inner_margin clearfix'><div class=\"wpb_column vc_column_container vc_col-sm-4\"><div class=\"vc_column-inner\"><div class=\"wpb_wrapper\">\n        <div class=\"wpb_single_image wpb_content_element vc_align_left\">\n            <div class=\"wpb_wrapper\">\n                \n                <div class=\"vc_single_image-wrapper   vc_box_border_grey\"><img decoding=\"async\" class=\"vc_single_image-img \" src=\"https:\/\/infermeriabalear.com\/wp-content\/uploads\/2021\/08\/Diseno-sin-titulo-e1629283704180-200x197.png\" width=\"200\" height=\"197\" alt=\"Dise\u00f1o sin t\u00edtulo\" title=\"Dise\u00f1o sin t\u00edtulo\" loading=\"lazy\" \/><\/div>\n            <\/div>\n        <\/div>\n    <div class=\"vc_empty_space\"   style=\"height: 20px\"><span class=\"vc_empty_space_inner\"><\/span><\/div>\n\t<div class=\"wpb_text_column wpb_content_element \" >\n\t\t<div class=\"wpb_wrapper\">\n\t\t\t<h3 style=\"text-align: center;\">Principales acuerdos de la Junta de Gobierno<\/h3>\n<h3 style=\"text-align: center;\"><span style=\"color: #1ecad3;\">A\u00f1o 2024<\/span><\/h3>\n<p>&nbsp;<\/p>\n<p>&#8211; Aprobaci\u00f3n del Plan de formaci\u00f3n del COIBA 2024.<\/p>\n<p>&nbsp;<\/p>\n<p>&#8211; Interposici\u00f3n de un recurso de alzada ante el acuerdo del Consell Executiu del Consell Insular de Menorca (2 de septiembre de 2024) relativo a la aprobaci\u00f3n de la clasificaci\u00f3n A2 a A1.<\/p>\n<p>&nbsp;<\/p>\n<p>&#8211; Convocatoria para la creaci\u00f3n de la Comisi\u00f3n de enfermeras especialistas en Enfermer\u00eda del Trabajo. Incorporaci\u00f3n de nuevos miembros de la Comisi\u00f3n de Urgencias.<\/p>\n<p>&nbsp;<\/p>\n<p>&#8211; Ayuda para el proyecto MyRealNurse.<\/p>\n<p>&nbsp;<\/p>\n<p>&#8211; Convocatoria de la 5\u00aa edici\u00f3n del Premio COIBA a Proyectos Sociales.<\/p>\n<p>&nbsp;<\/p>\n<p>&#8211; Inicio del proceso para la modificaci\u00f3n y mejora de los Estatutos del COIBA, as\u00ed como para elegir a las personas encargadas.<\/p>\n<p>&nbsp;<\/p>\n<p>&#8211; Convocatoria de Ayudas para rotaciones externas EIR.<\/p>\n<p>&nbsp;<\/p>\n<p>&#8211; Convocatoria de Ayudas a la Difusi\u00f3n y Transferencia de Resultados de Investigaci\u00f3n para el a\u00f1o 2025.<\/p>\n<p>&nbsp;<\/p>\n<p>&#8211; Posicionamiento del COIBA ante la Asamblea General del CGE.<\/p>\n<p>&nbsp;<\/p>\n<p>&#8211; Solicitud de microcredenciales universitarios para la formaci\u00f3n a enfermeros y enfermeras sobre el tema del sue\u00f1o y el ajuste del ritmo sue\u00f1o-vigilia.<\/p>\n<p>&nbsp;<\/p>\n<p>&#8211; Convocatoria para la creaci\u00f3n de la Comisi\u00f3n de Enfermeras Especialistas en Enfermer\u00eda Familiar y Comunitaria.<\/p>\n<p>&nbsp;<\/p>\n<p>&#8211; Incorporaci\u00f3n de nuevos miembros a la Comisi\u00f3n de Cuidados a Personas Mayores.<\/p>\n<p>&nbsp;<\/p>\n<p>&#8211; Participaci\u00f3n del COIBA al Pacte per la Salut y valoraci\u00f3n de la incorporaci\u00f3n de nuevas representantes.<\/p>\n<p>&nbsp;<\/p>\n<p>&#8211; Nuevos nombramientos en la Junta de Gobierno del COIBA, as\u00ed como de representaci\u00f3n en diferentes organismos y comisiones.<\/p>\n<p>&nbsp;<\/p>\n<p>&#8211; Solicitud de microcredenciales universitarias para la formaci\u00f3n de gestor universitario en identificaci\u00f3n y atenci\u00f3n a la conducta suicida.<\/p>\n<p>&nbsp;<\/p>\n<p>&#8211; Convocatoria de las ayudas del COIBA para rotaciones externas de enfermeras internas residentes (EIR).<\/p>\n<p>&nbsp;<\/p>\n<p>&#8211; Convocatoria de las Ayudas COIBA a proyectos de investigaci\u00f3n 2024. Convocatoria de las Ayudas COIBA para la realizaci\u00f3n de actividades formativas 2024.<\/p>\n<p>&nbsp;<\/p>\n<p>&#8211; Convocatoria de las Ayudas COIBA para la presentaci\u00f3n y defensa de comunicaciones o p\u00f3steres en congresos, jornadas u otros eventos de divulgaci\u00f3n profesional 2024.<\/p>\n<p>&nbsp;<\/p>\n<p>&#8211; Concesi\u00f3n de becas para la participaci\u00f3n en la Escola d\u2019Estiu de Salut P\u00fablica de Menorca.<\/p>\n<p>&nbsp;<\/p>\n<p>&#8211; Adhesi\u00f3n a las ayudas para los colegiados para los cursos de ISFOS 2024.<\/p>\n<p>&nbsp;<\/p>\n<p>&#8211; Revisi\u00f3n del protocolo de colaboraci\u00f3n del COIBA para la organizaci\u00f3n de congresos y jornadas con otras entidades.<\/p>\n<p>&nbsp;<\/p>\n<p>&#8211; Ampliaci\u00f3n de las plazas de la Comisi\u00f3n de Prevenci\u00f3n de la Conducta Suicida.<\/p>\n<p>&nbsp;<\/p>\n<p>&#8211; Convocatoria de las ayudas COIBA a la difusi\u00f3n y transferencia de resultados 2024.<\/p>\n<p>&nbsp;<\/p>\n<p>&#8211; Convocatoria de becas para el M\u00e1ster en Investigaci\u00f3n e Innovaci\u00f3n en Salud de la UIB.<\/p>\n<p>&nbsp;<\/p>\n<p>&#8211; Debate y acuerdo para posponer la firma del Pacte per la Salut de la Conselleria de Salut, hasta contar con un documento de consenso<\/p>\n\n\t\t<\/div>\n\t<\/div>\n\n        <div class=\"wpb_single_image wpb_content_element vc_align_left\">\n            <div class=\"wpb_wrapper\">\n                \n                <div class=\"vc_single_image-wrapper   vc_box_border_grey\"><img decoding=\"async\" class=\"vc_single_image-img \" src=\"https:\/\/infermeriabalear.com\/wp-content\/uploads\/2021\/08\/Diseno-sin-titulo-e1629283704180-200x197.png\" width=\"200\" height=\"197\" alt=\"Dise\u00f1o sin t\u00edtulo\" title=\"Dise\u00f1o sin t\u00edtulo\" loading=\"lazy\" \/><\/div>\n            <\/div>\n        <\/div>\n    <div class=\"vc_empty_space\"   style=\"height: 23px\"><span class=\"vc_empty_space_inner\"><\/span><\/div>\n\t<div class=\"wpb_text_column wpb_content_element \" >\n\t\t<div class=\"wpb_wrapper\">\n\t\t\t<h3 style=\"text-align: center;\">Principales acuerdos de la Junta de Gobierno<\/h3>\n<h3 style=\"text-align: center;\"><span style=\"color: #1ecad3;\">A\u00f1o 2022<\/span><\/h3>\n<p>&nbsp;<\/p>\n<p><!-- \/wp:post-content --><\/p>\n<p><!-- wp:html \/-->&#8211; Elaboraci\u00f3n de un an\u00e1lisis de la investigaci\u00f3n enfermera en las Illes Balears, con la finalidad de conocer las dificultades y elementos facilitadores para la investigaci\u00f3n.<\/p>\n<p>&nbsp;<\/p>\n<p>&#8211; Celebraci\u00f3n de la primera Asamblea General Ordinaria de forma telem\u00e1tica para facilitar la participaci\u00f3n y la transparencia.<\/p>\n<p>&nbsp;<\/p>\n<p>&#8211; Se acuerda otorgar la insignia de plata a todos los colegiados que hayan estado 25 a\u00f1os en activo, teniendo en cuenta tambi\u00e9n los a\u00f1os de colegiaci\u00f3n fuera de Balears.<\/p>\n<p>&nbsp;<\/p>\n<p>&#8211; Adjudicaci\u00f3n de la beca pre-doctoral Florence Nightingale a la enfermera Aina Huguet.<\/p>\n<p>&nbsp;<\/p>\n<p>-Convocatoria de dos becas para el M\u00e1ster de Investigaci\u00f3n en salud y calidad de vida de la UIB.<\/p>\n<p>&nbsp;<\/p>\n<p>&#8211; Creaci\u00f3n de la acreditaci\u00f3n de enfermeras en conductas adictivas.<\/p>\n<p>&nbsp;<\/p>\n<p>&#8211; Convenio con ANECA para la evaluaci\u00f3n de los proyectos de investigaci\u00f3n presentados a las ayudas del COIBA.<\/p>\n<p>&nbsp;<\/p>\n<p>&#8211; Aval de la candidatura de Carmen Ferrer Arnedo como candidata a la presidencia del Consejo General de Enfermer\u00eda de Espa\u00f1a. Cambio de seguro de responsabilidad civil profesional.<\/p>\n\n\t\t<\/div>\n\t<\/div>\n\n        <div class=\"wpb_single_image wpb_content_element vc_align_left\">\n            <div class=\"wpb_wrapper\">\n                \n                <div class=\"vc_single_image-wrapper   vc_box_border_grey\"><img decoding=\"async\" class=\"vc_single_image-img \" src=\"https:\/\/infermeriabalear.com\/wp-content\/uploads\/2021\/08\/Diseno-sin-titulo-e1629283704180-200x197.png\" width=\"200\" height=\"197\" alt=\"Dise\u00f1o sin t\u00edtulo\" title=\"Dise\u00f1o sin t\u00edtulo\" loading=\"lazy\" \/><\/div>\n            <\/div>\n        <\/div>\n    <div class=\"vc_empty_space\"   style=\"height: 20px\"><span class=\"vc_empty_space_inner\"><\/span><\/div>\n\t<div class=\"wpb_text_column wpb_content_element \" >\n\t\t<div class=\"wpb_wrapper\">\n\t\t\t<h3 style=\"text-align: center;\">Principales acuerdos de la Junta de Gobierno<\/h3>\n<h3 style=\"text-align: center;\"><span style=\"color: #1ecad3;\">A\u00f1o 2020<\/span><\/h3>\n<p>&nbsp;<\/p>\n<p><!-- \/wp:heading --><\/p>\n<p><!-- wp:html --><!-- \/wp:html -->&#8211; Nombramiento de titular y suplente en representaci\u00f3n del COIBA al Pleno del Consejo de Servicios Sociales del Consejo Insular de Menorca.<\/p>\n<p>&nbsp;<\/p>\n<p>&#8211; Nombramiento de titular y suplente en representaci\u00f3n del COIBA al Consejo de Participaci\u00f3n Ciudadana del \u00c1rea de Salud de Ibiza y Formentera.<\/p>\n<p>&nbsp;<\/p>\n<p>&#8211; Aprobaci\u00f3n de las actividades formativas propuestas por la Comisi\u00f3n de Formaci\u00f3n correspondientes 2020.<\/p>\n<p>&nbsp;<\/p>\n<p>&#8211; Aprobaci\u00f3n de las bases internas que regulen las ayudas a entidades jur\u00eddicas destinadas a la organizaci\u00f3n de congresos, jornadas y \/ o actividades en las Illes Balears.<\/p>\n<p>&nbsp;<\/p>\n<p>&#8211; Aceptaci\u00f3n de solicitudes para formar parte de la Comisi\u00f3n Deontol\u00f3gica del COIBA.<\/p>\n<p>&nbsp;<\/p>\n<p>&#8211; Aprobaci\u00f3n de la constituci\u00f3n de un grupo de trabajo de Menorca.<\/p>\n<p>&nbsp;<\/p>\n<p>&#8211; Aprobaci\u00f3n de las bases del Premio de Investigaci\u00f3n 2020.<\/p>\n<p>&nbsp;<\/p>\n<p>&#8211; Aprobaci\u00f3n de la convocatoria de plazas vacantes para formar parte de la Comisi\u00f3n de Matronas.<\/p>\n<p>&nbsp;<\/p>\n<p>&#8211; Acuerdo de declaraci\u00f3n del XIII Congreso Internacional de la Sociedad Espa\u00f1ola de Cuidados Paliativos y aprobaci\u00f3n de las ayudas para la cuota de inscripci\u00f3n para los colegiados y colegiadas del COIBA.<\/p>\n<p>&nbsp;<\/p>\n<p>&#8211; Aprobaci\u00f3n de bases por concurso para la nueva imagen corporativa.<\/p>\n<p>&nbsp;<\/p>\n<p>&#8211; Aprobaci\u00f3n de reducci\u00f3n de la cuota colegial del segundo trimestre de 2020 al 50% a las enfermeras debido a la pandemia de COVID-19.<\/p>\n<p>&nbsp;<\/p>\n<p>&#8211; Aprobaci\u00f3n de las bases de solicitudes de ayudas a la realizaci\u00f3n de actividades formativas de 2020.<\/p>\n<p>&nbsp;<\/p>\n<p>&#8211; Aprobaci\u00f3n de las bases de solicitudes de ayudas a la presentaci\u00f3n de comunicaciones o posters a congresos, jornadas u otros eventos realizados en 2020.<\/p>\n<p>&nbsp;<\/p>\n<p>&#8211; Aprobaci\u00f3n de la convocatoria de elecciones a la Junta Insular de Menorca.<\/p>\n<p>&nbsp;<\/p>\n<p>&#8211; Aprobaci\u00f3n del posicionamiento del COIBA en relaci\u00f3n con la figura de la enfermera escolar.<\/p>\n<p>&nbsp;<\/p>\n<p>&#8211; Aprobaci\u00f3n de los criterios para las ayudas a la edici\u00f3n de libros o material escrito.<\/p>\n<p>&nbsp;<\/p>\n<p>&#8211; Aprobaci\u00f3n de la nueva imagen corporativa del COIBA.<\/p>\n<p>&nbsp;<\/p>\n<p><!-- \/wp:quote --><\/p>\n\n\t\t<\/div>\n\t<\/div>\n\n        <div class=\"wpb_single_image wpb_content_element vc_align_left\">\n            <div class=\"wpb_wrapper\">\n                \n                <div class=\"vc_single_image-wrapper   vc_box_border_grey\"><img decoding=\"async\" class=\"vc_single_image-img \" src=\"https:\/\/infermeriabalear.com\/wp-content\/uploads\/2021\/08\/Diseno-sin-titulo-e1629283704180-200x197.png\" width=\"200\" height=\"197\" alt=\"Dise\u00f1o sin t\u00edtulo\" title=\"Dise\u00f1o sin t\u00edtulo\" loading=\"lazy\" \/><\/div>\n            <\/div>\n        <\/div>\n    <div class=\"vc_empty_space\"   style=\"height: 23px\"><span class=\"vc_empty_space_inner\"><\/span><\/div><\/div><\/div><\/div><div class=\"wpb_column vc_column_container vc_col-sm-4\"><div class=\"vc_column-inner\"><div class=\"wpb_wrapper\"><div class=\"vc_empty_space\"   style=\"height: 2300px\"><span class=\"vc_empty_space_inner\"><\/span><\/div><\/div><\/div><\/div><div class=\"wpb_column vc_column_container vc_col-sm-4\"><div class=\"vc_column-inner\"><div class=\"wpb_wrapper\">\n        <div class=\"wpb_single_image wpb_content_element vc_align_left\">\n            <div class=\"wpb_wrapper\">\n                \n                <div class=\"vc_single_image-wrapper   vc_box_border_grey\"><img decoding=\"async\" class=\"vc_single_image-img \" src=\"https:\/\/infermeriabalear.com\/wp-content\/uploads\/2021\/08\/Diseno-sin-titulo-e1629283704180-200x197.png\" width=\"200\" height=\"197\" alt=\"Dise\u00f1o sin t\u00edtulo\" title=\"Dise\u00f1o sin t\u00edtulo\" loading=\"lazy\" \/><\/div>\n            <\/div>\n        <\/div>\n    <div class=\"vc_empty_space\"   style=\"height: 20px\"><span class=\"vc_empty_space_inner\"><\/span><\/div>\n\t<div class=\"wpb_text_column wpb_content_element \" >\n\t\t<div class=\"wpb_wrapper\">\n\t\t\t<h3 style=\"text-align: center;\">Principales acuerdos de la Junta de Gobierno<\/h3>\n<h3 style=\"text-align: center;\"><span style=\"color: #1ecad3;\">A\u00f1o 2023<\/span><\/h3>\n<p>&nbsp;<\/p>\n<p><!-- \/wp:heading -->&#8211; Convocatoria de elecciones a la Junta de Gobierno del COIBA, as\u00ed como de las Juntas Insulares de Menorca e Ibiza y Formentera.<\/p>\n<p>&nbsp;<\/p>\n<p>&#8211; Propuesta de nuevas ayudas para la rotaci\u00f3n externa de las EIRs.<\/p>\n<p>&nbsp;<\/p>\n<p>&#8211; Modificaci\u00f3n del reglamento interno de la Comisi\u00f3n Deontol\u00f3gica para establecer las figuras de presidente\/a y secretario\/a y revisar el art\u00edculo 8.<\/p>\n<p>&nbsp;<\/p>\n<p>&#8211; Renovaci\u00f3n del convenio de becas deportivas con PalmaEsports<\/p>\n<p>&nbsp;<\/p>\n<p>&#8211; Nombramiento de nuevos representantes del COIBA en el Observatorio de Pacientes del Gobierno y en los grupos de trabajo del Pacte per la Salut del Govern.<\/p>\n<p>&nbsp;<\/p>\n<p>&#8211; Aprobaci\u00f3n de las bases de la convocatoria de plazas vacantes para las comisiones Deontol\u00f3gica, de matronas y de Cuidados Respiratorios.<\/p>\n<p>&nbsp;<\/p>\n<p>&#8211; Aprobaci\u00f3n de las actividades formativas del COIBA para el 2023.<\/p>\n<p>&nbsp;<\/p>\n<p>&#8211; Aprobaci\u00f3n de los presupuestos para la coorganizaci\u00f3n de la Jornada de Humanizaci\u00f3n en Pediatr\u00eda.<\/p>\n<p>&nbsp;<\/p>\n<p>&#8211; Aprobaci\u00f3n de personarse y sumarse a la acusaci\u00f3n, en nombre del Colegio, con respecto a las instrucciones y procedimientos penales en curso contra el expresidente del Consejo General de Enfermer\u00eda de Espa\u00f1a, M\u00e1ximo Gonz\u00e1lez Jurado.<\/p>\n<p>&nbsp;<\/p>\n<p>&#8211; Aprobaci\u00f3n de la solicitud de ayudas para la investigaci\u00f3n del Consejo General de Enfermer\u00eda de Espa\u00f1a, destinados a la Beca Florence Nightingale.<\/p>\n<p>&nbsp;<\/p>\n<p>&#8211; Aprobaci\u00f3n de las becas a proyectos de investigaci\u00f3n, de las ayudas para la difusi\u00f3n y transferencia de los resultados y de las becas para la realizaci\u00f3n del M\u00e1ster Universitario en Investigaci\u00f3n e Innovaci\u00f3n en Salud de la UIB.<\/p>\n<p>&nbsp;<\/p>\n<p>&#8211; Aprobaci\u00f3n de las becas por presentaci\u00f3n y defensa de comunicaciones o p\u00f3steres en congresos, jornadas u otros eventos de divulgaci\u00f3n profesional.<\/p>\n\n\t\t<\/div>\n\t<\/div>\n\n        <div class=\"wpb_single_image wpb_content_element vc_align_left\">\n            <div class=\"wpb_wrapper\">\n                \n                <div class=\"vc_single_image-wrapper   vc_box_border_grey\"><img decoding=\"async\" class=\"vc_single_image-img \" src=\"https:\/\/infermeriabalear.com\/wp-content\/uploads\/2021\/08\/Diseno-sin-titulo-e1629283704180-200x197.png\" width=\"200\" height=\"197\" alt=\"Dise\u00f1o sin t\u00edtulo\" title=\"Dise\u00f1o sin t\u00edtulo\" loading=\"lazy\" \/><\/div>\n            <\/div>\n        <\/div>\n    <div class=\"vc_empty_space\"   style=\"height: 20px\"><span class=\"vc_empty_space_inner\"><\/span><\/div>\n\t<div class=\"wpb_text_column wpb_content_element \" >\n\t\t<div class=\"wpb_wrapper\">\n\t\t\t<h3 style=\"text-align: center;\">Principales acuerdos de la Junta de Gobierno<\/h3>\n<h3 style=\"text-align: center;\"><span style=\"color: #1ecad3;\">A\u00f1o 2021<\/span><\/h3>\n<p>&nbsp;<\/p>\n<p><!-- \/wp:heading --><\/p>\n<p><!-- wp:html --><!-- \/wp:html -->&#8211; Incremento del presupuesto de la 10\u00aa convocatoria de los proyectos de investigaci\u00f3n: se decidi\u00f3 aumentar la partida presupuestaria en 10.000 euros, 3.000 euros que estaban destinados a los premios de investigaci\u00f3n y una inversi\u00f3n de 7.000 euros, a los proyectos de investigaci\u00f3n.<\/p>\n<p>&nbsp;<\/p>\n<p>-Se acuerda iniciar el proceso de modificaci\u00f3n estatutaria para su aprobaci\u00f3n en la Asamblea General, con el objetivo de modificar la denominaci\u00f3n del Colegio por &#8220;Col\u00b7legi Oficial d&#8217;infermeres i infermers de les Illes Balears&#8221;. Asimismo, con el objetivo de favorecer la participaci\u00f3n de las colegiadas y los colegiados en la Asamblea General, se propone que los Estatutos contemplen la opci\u00f3n de la asistencia y votaci\u00f3n telem\u00e1tica en las asambleas.<\/p>\n<p>&nbsp;<\/p>\n<p>-Aprobaci\u00f3n de las bases para las ayudas a la difusi\u00f3n y transferencia de los resultados de investigaci\u00f3n. Se decide sustituir los premios de investigaci\u00f3n por ayudas a la difusi\u00f3n. Pensando que estas ayudas incentivar\u00e1n la investigaci\u00f3n en cuidados. Las necesidades de las investigadoras han cambiado y se necesita invertir en transferencia del conocimiento. El presupuesto ser\u00e1 de 9.000\u20ac.<\/p>\n<p>&nbsp;<\/p>\n<p>-Aprobaci\u00f3n de la concesi\u00f3n de 2 becas mediante un proceso de convocatoria abierta para la realizaci\u00f3n del M\u00e1ster de Investigaci\u00f3n en Salud y Calidad de Vida.<\/p>\n<p>&nbsp;<\/p>\n<p>-Aprobaci\u00f3n de la creaci\u00f3n de una cuota de colegiaci\u00f3n reducida para las colegiadas jubiladas ejercientes en el marco de la crisis sanitaria de la COVID-19.<\/p>\n<p>&nbsp;<\/p>\n<p>-Aprobaci\u00f3n de la creaci\u00f3n de una nueva cuota de colegiaci\u00f3n reducida para las Enfermeras Internas Residentes y para profesores ayudantes de la UIB.<\/p>\n<p>&nbsp;<\/p>\n<p>-Aprobaci\u00f3n de la creaci\u00f3n de una cuota colegial para las enfermeras jubiladas no ejercientes.<\/p>\n<p>&nbsp;<\/p>\n<p>&#8211; Aprobaci\u00f3n de la extensi\u00f3n de la cuota de enfermeras jubiladas a enfermeras con incapacidad permanente absoluta laboral.<\/p>\n<p>&nbsp;<\/p>\n<p>-En relaci\u00f3n con el proceso electoral para proveer cargos en el Pleno del CGE de Espa\u00f1a, convocado mediante la Resoluci\u00f3n 9\/2021, aprobaci\u00f3n de la presentaci\u00f3n y aval de una candidatura por parte del COIBA.<\/p>\n\n\t\t<\/div>\n\t<\/div>\n\n        <div class=\"wpb_single_image wpb_content_element vc_align_left\">\n            <div class=\"wpb_wrapper\">\n                \n                <div class=\"vc_single_image-wrapper   vc_box_border_grey\"><img decoding=\"async\" class=\"vc_single_image-img \" src=\"https:\/\/infermeriabalear.com\/wp-content\/uploads\/2021\/08\/Diseno-sin-titulo-e1629283704180-200x197.png\" width=\"200\" height=\"197\" alt=\"Dise\u00f1o sin t\u00edtulo\" title=\"Dise\u00f1o sin t\u00edtulo\" loading=\"lazy\" \/><\/div>\n            <\/div>\n        <\/div>\n    <div class=\"vc_empty_space\"   style=\"height: 23px\"><span class=\"vc_empty_space_inner\"><\/span><\/div>\n\t<div class=\"wpb_text_column wpb_content_element \" >\n\t\t<div class=\"wpb_wrapper\">\n\t\t\t<h3 style=\"text-align: center;\">Principales acuerdos de la Junta de Gobierno<\/h3>\n<h3 style=\"text-align: center;\"><span style=\"color: #1ecad3;\">A\u00f1o 2019<\/span><\/h3>\n<p>&nbsp;<\/p>\n<p><!-- \/wp:heading --><\/p>\n<p><!-- wp:html --><!-- \/wp:html -->&#8211; Aprobaci\u00f3n del posicionamiento del COIBA ante la petici\u00f3n de la Plataforma de Enfermeros Especialistas Sin T\u00edtulo Oficial (EESTO) de Baleares.<\/p>\n<p>Dadas las realidades diferentes entre nuestros colegiados que han tenido que acceder a la especialidad por diferentes v\u00edas, Enfermera Interna Residente (IIR) y V\u00eda Excepcional seg\u00fan legislaci\u00f3n de 2005, considera la Junta que cambiar ahora las normas podr\u00eda suponer un agravio comparativo para muchos profesionales. De cualquier forma, el COIBA se reunir\u00e1 tanto con las sociedades cient\u00edficas como con la plataforma EESTO de Baleares.<\/p>\n<p>&nbsp;<\/p>\n<p>&#8211; Aprobaci\u00f3n de las actividades formativas aprobadas por la Comisi\u00f3n de Formaci\u00f3n.<\/p>\n<p>&nbsp;<\/p>\n<p>&#8211; Aprobaci\u00f3n de la convocatoria de elecciones a la Junta de Gobierno del COIBA, as\u00ed como de las Juntas insulares de Menorca e Ibiza y Formentera.<\/p>\n<p>&nbsp;<\/p>\n<p>&#8211; Aprobaci\u00f3n del organigrama y vocal\u00edas de la nueva Junta de Gobierno.<\/p>\n<p><strong>Vocal\u00eda Geriatr\u00eda:<\/strong> Carmen Moreno Hoyos y Rosario Serra Soler.<\/p>\n<p><strong>Vocal\u00eda Trabajo:<\/strong> Rosa Gonz\u00e1lez Casquero.<\/p>\n<p><strong>Vocal\u00eda Comares:<\/strong> Araceli Navas Casillas.<\/p>\n<p><strong>Vocal\u00eda Salud Mental:<\/strong> Jeanne Lafuente y Jos\u00e9 Manuel Garc\u00eda Mena.<\/p>\n<p><strong>Vocal\u00eda Familiar y Comunitaria:<\/strong> Raquel Mu\u00f1oz Arenas.<\/p>\n<p><strong>Vocal\u00eda Pediatr\u00eda:<\/strong> Susana Jord\u00e1 Mart\u00ed.<\/p>\n<p><strong>Vocal\u00eda Urgencias:<\/strong> M\u00aa. Josep Ferr\u00e0 y Serra, y Luis Javier Molero Ballester.<\/p>\n<p><strong>Vocal\u00eda Hospitalizaci\u00f3n:<\/strong> Carmen Moreno Hoyos, Regina Cort\u00e9s Aguilar e Irene Mulet Salas.<\/p>\n<p><strong>Vocal\u00eda Cuidados cr\u00edticos:<\/strong> Cristina Moreno Mulet.<\/p>\n<p>&nbsp;<\/p>\n<p>&#8211; Aprobaci\u00f3n de los responsables de las comisiones de Formaci\u00f3n e Investigaci\u00f3n.<\/p>\n<p><strong>Comisi\u00f3n de Formaci\u00f3n:<\/strong><\/p>\n<p>Coordinador: Francisco Ferrer Cruz<\/p>\n<p>Milagros Figueroa Cezar<\/p>\n<p>Araceli Navas Casillas.<\/p>\n<p>Ratificaci\u00f3n del nombramiento de Eva M. Moreno Collado como miembro de la Comisi\u00f3n de Formaci\u00f3n del COIBA de la Junta Insular de Ibiza y Formentera.<\/p>\n<p>&nbsp;<\/p>\n<p><strong>Comisi\u00f3n de Investigaci\u00f3n:<\/strong><\/p>\n<p>Coordinador: Ian Blanco Mavillard<\/p>\n<p>Miquel Bennasar Veny<\/p>\n<p>Rosario Sierra Soler<\/p>\n<p>Cristina Moreno Mulet<\/p>\n<p>Ana B. Gonz\u00e1lez G\u00f3mez<\/p>\n<p>Ratificaci\u00f3n del nombramiento de Edurne Mir\u00f3 del Campo, en lugar de Ana B. Gonz\u00e1lez G\u00f3mez, como miembro de la Comisi\u00f3n de Investigaci\u00f3n del COIBA de la Junta insular de Ibiza y Formentera.<\/p>\n<p>&nbsp;<\/p>\n<p>&#8211; Ratificaci\u00f3n de los miembros de la Comisi\u00f3n Deontol\u00f3gica del COIBA.<\/p>\n<p>Coordinador: Pedro Rub\u00e9n Mart\u00edn Monta\u00f1ez.<\/p>\n<p>Cristina Moreno Mulet.<\/p>\n<p>Onofre S\u00e1ez Avil\u00e9s.<\/p>\n<p>Yolanda Mu\u00f1oz Alonso.<\/p>\n<p>Jos\u00e9 Manuel Garc\u00eda Mena.<\/p>\n<p>Aceptaci\u00f3n de la dimisi\u00f3n de Bel\u00e9n Macarena Matesanz Mateu como miembro de la Comisi\u00f3n Deontol\u00f3gica.<\/p>\n<p>&nbsp;<\/p>\n<p>&#8211; Propuesta y aprobaci\u00f3n de la convocatoria de plazas vacantes para formar parte de la Comisi\u00f3n Deontol\u00f3gica del COIBA. Se har\u00e1 una convocatoria abierta para cubrir varias plazas de la comisi\u00f3n.<\/p>\n<p>&nbsp;<\/p>\n<p>&#8211; Ratificaci\u00f3n de la contrataci\u00f3n de la nueva responsable de comunicaci\u00f3n del COIBA.<\/p>\n<p>&nbsp;<\/p>\n<p>&#8211; Aprobaci\u00f3n de la colaboraci\u00f3n con SALUSPLAY con motivo de la implantaci\u00f3n de la plataforma SALUSONE. Se aprueba la propuesta de pagar un mes por tener tres meses de prueba.<\/p>\n<p>&nbsp;<\/p>\n<p>&#8211; Ratificaci\u00f3n de la coorganizaci\u00f3n del COIBA en los actos conmemorativos de &#8220;EL A\u00d1O 1820 EL A\u00d1O DE LA PESTE&#8221;.<\/p>\n\n\t\t<\/div>\n\t<\/div>\n<\/div><\/div><\/div><\/div><\/div><\/div><div      class=\"vc_row wpb_row section  grid_section\" style=' text-align:left;'><div class=\" section_inner clearfix\"><div class='section_inner_margin clearfix'><div class=\"wpb_column vc_column_container vc_col-sm-12\"><div class=\"vc_column-inner\"><div class=\"wpb_wrapper\"><div class=\"vc_empty_space\"   style=\"height: 60px\"><span class=\"vc_empty_space_inner\"><\/span><\/div><\/div><\/div><\/div><\/div><\/div><\/div><\/div>","protected":false},"excerpt":{"rendered":"Principales acuerdos de la Junta de Gobierno A\u00f1o 2024 &nbsp; - Aprobaci\u00f3n del Plan de formaci\u00f3n del COIBA 2024. &nbsp;...","protected":false},"author":9,"featured_media":0,"parent":0,"menu_order":0,"comment_status":"closed","ping_status":"closed","template":"full_width.php","meta":{"footnotes":""},"class_list":["post-15897","page","type-page","status-publish","hentry"],"_links":{"self":[{"href":"https:\/\/infermeriabalear.com\/es\/wp-json\/wp\/v2\/pages\/15897","targetHints":{"allow":["GET"]}}],"collection":[{"href":"https:\/\/infermeriabalear.com\/es\/wp-json\/wp\/v2\/pages"}],"about":[{"href":"https:\/\/infermeriabalear.com\/es\/wp-json\/wp\/v2\/types\/page"}],"author":[{"embeddable":true,"href":"https:\/\/infermeriabalear.com\/es\/wp-json\/wp\/v2\/users\/9"}],"replies":[{"embeddable":true,"href":"https:\/\/infermeriabalear.com\/es\/wp-json\/wp\/v2\/comments?post=15897"}],"version-history":[{"count":14,"href":"https:\/\/infermeriabalear.com\/es\/wp-json\/wp\/v2\/pages\/15897\/revisions"}],"predecessor-version":[{"id":43782,"href":"https:\/\/infermeriabalear.com\/es\/wp-json\/wp\/v2\/pages\/15897\/revisions\/43782"}],"wp:attachment":[{"href":"https:\/\/infermeriabalear.com\/es\/wp-json\/wp\/v2\/media?parent=15897"}],"curies":[{"name":"wp","href":"https:\/\/api.w.org\/{rel}","templated":true}]}}