{"id":16197,"date":"2021-05-28T07:29:40","date_gmt":"2021-05-28T06:29:40","guid":{"rendered":"https:\/\/infermeriabalear.com\/?page_id=16197"},"modified":"2026-02-13T15:52:19","modified_gmt":"2026-02-13T14:52:19","slug":"becas-y-ayudas-idi","status":"publish","type":"page","link":"https:\/\/infermeriabalear.com\/es\/becas-y-ayudas-idi\/","title":{"rendered":"Becas y Ayudas I+D+i"},"content":{"rendered":"<div class=\"wpb-content-wrapper\"><div      class=\"vc_row wpb_row section  grid_section\" style=' border-bottom: 1px solid #e8e8e8; text-align:left;'><div class=\" section_inner clearfix\"><div class='section_inner_margin clearfix'><div class=\"wpb_column vc_column_container vc_col-sm-3\"><div class=\"vc_column-inner\"><div class=\"wpb_wrapper\"><\/div><\/div><\/div><div class=\"wpb_column vc_column_container vc_col-sm-3\"><div class=\"vc_column-inner\"><div class=\"wpb_wrapper\"><div class='q_icon_with_title tiny normal_icon'><div class=\"icon_holder \" style=\"margin: 12px 0px 0px 25px; \"><span style=\"\" class=\"q_font_awsome_icon fa-lg \"><i class=\"fa fa-info\" style=\"color: #2cccd3;\"><\/i><\/span><\/div><div class=\"icon_text_holder\"><div class=\"icon_text_inner\" style=\"\"><h4 class=\"icon_title\" style=\"\"><\/h4><p style=''><\/p><a class='icon_with_title_link' href='#nuestras-ayudas' target='_self' style=''>Nuestras Ayudas<\/a><\/div><\/div><\/div>\n\t<div class=\"wpb_raw_code wpb_raw_html wpb_content_element\" id=\"nuestras-ayudas\">\n\t\t<div class=\"wpb_wrapper\">\n\t\t\t\n\t\t<\/div>\n\t<\/div>\n<\/div><\/div><\/div><div class=\"wpb_column vc_column_container vc_col-sm-3\"><div class=\"vc_column-inner\"><div class=\"wpb_wrapper\"><div class='q_icon_with_title tiny normal_icon'><div class=\"icon_holder \" style=\"margin: 12px 0px 0px 20px; \"><span style=\"\" class=\"q_font_awsome_icon fa-lg \"><i class=\"fa fa-question-circle-o\" style=\"color: #2cccd3;\"><\/i><\/span><\/div><div class=\"icon_text_holder\"><div class=\"icon_text_inner\" style=\"\"><h4 class=\"icon_title\" style=\"\"><\/h4><p style=''><\/p><a class='icon_with_title_link' href='#otras-ayudas' target='_self' style=''>Otras Ayudas<\/a><\/div><\/div><\/div><\/div><\/div><\/div><div class=\"wpb_column vc_column_container vc_col-sm-3\"><div class=\"vc_column-inner\"><div class=\"wpb_wrapper\"><\/div><\/div><\/div><\/div><\/div><\/div><div      class=\"vc_row wpb_row section  grid_section\" style=' text-align:left;'><div class=\" section_inner clearfix\"><div class='section_inner_margin clearfix'><div class=\"wpb_column vc_column_container vc_col-sm-12\"><div class=\"vc_column-inner\"><div class=\"wpb_wrapper\"><div class=\"separator  transparent   \" style=\"margin-top:20px;margin-bottom:20px;\"><\/div>\n\n\t<div class=\"wpb_text_column wpb_content_element \" >\n\t\t<div class=\"wpb_wrapper\">\n\t\t\t<h2>Nuestras ayudas<\/h2>\n\n\t\t<\/div>\n\t<\/div>\n<\/div><\/div><\/div><\/div><\/div><\/div><div      class=\"vc_row wpb_row section  grid_section\" style=' text-align:left;'><div class=\" section_inner clearfix\"><div class='section_inner_margin clearfix'><div class=\"wpb_column vc_column_container vc_col-sm-12\"><div class=\"vc_column-inner\"><div class=\"wpb_wrapper\"><div class=\"separator  transparent   \" style=\"margin-top:10px;margin-bottom:10px;\"><\/div>\n\n\t<div class=\"wpb_text_column wpb_content_element \" >\n\t\t<div class=\"wpb_wrapper\">\n\t\t\t<p>El fomento de la investigaci\u00f3n entre las enfermeras de las Illes Balears busca la mejora de sus competencias\u00a0 en el \u00e1mbito de la investigaci\u00f3n, as\u00ed como aumentar su autonom\u00eda y capacidad de gesti\u00f3n y dise\u00f1o de proyectos de investigaci\u00f3n.<\/p>\n<p>El Col\u00b7legi d&#8217;Infermeria de les Illes Balears (COIBA) otorga estas ayudas con el objetivo principal de fomentar la investigaci\u00f3n enfermera en el \u00e1mbito de esta comunidad aut\u00f3noma, que permita a este colectivo y a otros profesionales de la salud desarrollar una pr\u00e1ctica profesional y una toma de decisiones basadas en la evidencia cient\u00edfica. Otro de los objetivos es impulsar a investigadores noveles y a grupos de investigaci\u00f3n emergentes dentro del campo de la enfermer\u00eda.<\/p>\n<p>Desde el COIBA se han establecido las siguientes l\u00edneas prioritarias de investigaci\u00f3n:<\/p>\n<ul>\n<li>Ontolog\u00eda y epistemolog\u00eda de la profesi\u00f3n enfermera.<\/li>\n<li>Sociedad y cuidados.<\/li>\n<li>Calidad de los cuidados: seguridad del paciente.<\/li>\n<li>Sostenibilidad de los sistemas sanitarios: influencia de los cuidados.<\/li>\n<li>Promoci\u00f3n de la salud<\/li>\n<li>Pr\u00e1ctica cl\u00ednica avanzada y su impacto en la salud de la poblaci\u00f3n.<\/li>\n<\/ul>\n\n\t\t<\/div>\n\t<\/div>\n<div class=\"separator  transparent   \" style=\"margin-top:20px;margin-bottom:20px;\"><\/div>\n<\/div><\/div><\/div><\/div><\/div><\/div><section     class=\"parallax_section_holder \" style = \" background-image:url('https:\/\/infermeriabalear.com\/wp-content\/uploads\/2021\/02\/strataparallax.jpg');\" data-height=\"200\"><div class=\"parallax_content left\"><div class='parallax_section_inner_margin clearfix'><div class=\"wpb_column vc_column_container vc_col-sm-4\"><div class=\"vc_column-inner\"><div class=\"wpb_wrapper\"><div class=\"separator  transparent   \" style=\"margin-top:10px;margin-bottom:20px;\"><\/div>\n<span class=\"q_font_awsome_icon fa-4x pull-center \" style=\" \"><i class=\"fa fa-file\" style=\"font-size: 38px;color: #2cccd3;\"><\/i><\/span><div class=\"q_counter_holder  center\"><span class=\"counter  random\" style=\"color: #2cccd3;font-size: 35px;\">12<\/span><span class=\"separator small\" style=\"background-color: #777777;\"><\/span><p class=\"counter_text\" style=\"font-size: 20px;color: #777777;\">Solicitudes presentadas 2025<\/p><\/div><\/div><\/div><\/div><div class=\"wpb_column vc_column_container vc_col-sm-4\"><div class=\"vc_column-inner\"><div class=\"wpb_wrapper\"><div class=\"separator  transparent   \" style=\"margin-top:10px;margin-bottom:20px;\"><\/div>\n<span class=\"q_font_awsome_icon fa-4x pull-center \" style=\" \"><i class=\"fa fa-money\" style=\"font-size: 38px;color: #2cccd3;\"><\/i><\/span><div class=\"q_counter_holder  center\"><span class=\"counter  zero\" style=\"color: #2cccd3;font-size: 35px;\">48927<\/span><span class=\"separator small\" style=\"background-color: #777777;\"><\/span><p class=\"counter_text\" style=\"font-size: 20px;color: #777777;\">Importe concedido 2025<\/p><\/div><\/div><\/div><\/div><div class=\"wpb_column vc_column_container vc_col-sm-4\"><div class=\"vc_column-inner\"><div class=\"wpb_wrapper\"><div class=\"separator  transparent   \" style=\"margin-top:10px;margin-bottom:20px;\"><\/div>\n<span class=\"q_font_awsome_icon fa-4x pull-center \" style=\" \"><i class=\"fa fa-user\" style=\"font-size: 38px;color: #2cccd3;\"><\/i><\/span><div class=\"q_counter_holder  center\"><span class=\"counter  random\" style=\"color: #2cccd3;font-size: 35px;\">11<\/span><span class=\"separator small\" style=\"background-color: #777777;\"><\/span><p class=\"counter_text\" style=\"font-size: 20px;color: #777777;\">N\u00famero de beneficiados 2025<\/p><\/div><\/div><\/div><\/div><\/div><\/div><\/section><div      class=\"vc_row wpb_row section  grid_section\" style=' text-align:left;'><div class=\" section_inner clearfix\"><div class='section_inner_margin clearfix'><div class=\"wpb_column vc_column_container vc_col-sm-12\"><div class=\"vc_column-inner\"><div class=\"wpb_wrapper\"><div class=\"separator  transparent   \" style=\"margin-top:20px;margin-bottom:20px;\"><\/div>\n<div class='latest_post_holder image_in_box '><ul><li class=\"clearfix\"><div class=\"latest_post\"><div class=\"latest_post_image clearfix\"><img decoding=\"async\" src=\"https:\/\/infermeriabalear.com\/wp-content\/uploads\/2026\/03\/Projectes_2026_CAST-1-150x150.png\" alt=\"\" \/><\/div><div class=\"latest_post_text\"><div class=\"latest_post_inner\"><div class=\"latest_post_text_inner\"><h4 class=\"latest_post_title \"><a href=\"https:\/\/infermeriabalear.com\/es\/2026\/03\/24\/coiba-convocatoria-de-ayudas-a-proyectos-de-investigacion-2026\/\">COIBA: Convocatoria de Ayudas a Proyectos de Investigaci\u00f3n 2026<\/a><\/h4><span class=\"post_infos\"><span class=\"date_hour_holder\"><i class=\"fa fa-calendar-o\"><\/i><span class=\"date\">24 marzo, 2026<\/span><\/span><span class=\"latest-vert-separator\"> in<\/span> <a href=\"https:\/\/infermeriabalear.com\/es\/category\/becas-ayudas-idi-coiba\/\">Becas y ayudas I+d+i Coiba <\/a>  <a href=\"https:\/\/infermeriabalear.com\/es\/category\/noticias-destacadas-2columna\/\">Noticia destacada <\/a>  <a href=\"https:\/\/infermeriabalear.com\/es\/category\/noticias\/\">Noticias <\/a> <\/span><\/div><\/div><\/div><\/div><li class=\"clearfix\"><div class=\"latest_post\"><div class=\"latest_post_image clearfix\"><img decoding=\"async\" src=\"https:\/\/infermeriabalear.com\/wp-content\/uploads\/2026\/02\/Difusio_CAST_web-150x150.png\" alt=\"\" \/><\/div><div class=\"latest_post_text\"><div class=\"latest_post_inner\"><div class=\"latest_post_text_inner\"><h4 class=\"latest_post_title \"><a href=\"https:\/\/infermeriabalear.com\/es\/2026\/02\/03\/convocatoria-coiba-ayudas-a-la-difusion-y-transferencia-de-resultados-de-investigacion-enfermera-2026\/\">Convocatoria COIBA: Ayudas a la Difusi\u00f3n y Transferencia de Resultados de Investigaci\u00f3n Enfermera 2026<\/a><\/h4><span class=\"post_infos\"><span class=\"date_hour_holder\"><i class=\"fa fa-calendar-o\"><\/i><span class=\"date\">03 febrero, 2026<\/span><\/span><span class=\"latest-vert-separator\"> in<\/span> <a href=\"https:\/\/infermeriabalear.com\/es\/category\/becas-ayudas-idi-coiba\/\">Becas y ayudas I+d+i Coiba <\/a>  <a href=\"https:\/\/infermeriabalear.com\/es\/category\/noticias-destacadas-2columna\/\">Noticia destacada <\/a>  <a href=\"https:\/\/infermeriabalear.com\/es\/category\/noticias\/\">Noticias <\/a> <\/span><\/div><\/div><\/div><\/div><li class=\"clearfix\"><div class=\"latest_post\"><div class=\"latest_post_image clearfix\"><img decoding=\"async\" src=\"https:\/\/infermeriabalear.com\/wp-content\/uploads\/2025\/01\/Difusion_CAST-150x150.png\" alt=\"\" \/><\/div><div class=\"latest_post_text\"><div class=\"latest_post_inner\"><div class=\"latest_post_text_inner\"><h4 class=\"latest_post_title \"><a href=\"https:\/\/infermeriabalear.com\/es\/2026\/01\/30\/resolucion-anual-ayudas-a-la-difusion-y-transferencia-de-resultados-de-investigacion-coiba-2025\/\">RESOLUCI\u00d3N ANUAL: Ayudas a la Difusi\u00f3n y Transferencia de Resultados de Investigaci\u00f3n COIBA 2025<\/a><\/h4><span class=\"post_infos\"><span class=\"date_hour_holder\"><i class=\"fa fa-calendar-o\"><\/i><span class=\"date\">30 enero, 2026<\/span><\/span><span class=\"latest-vert-separator\"> in<\/span> <a href=\"https:\/\/infermeriabalear.com\/es\/category\/becas-ayudas-idi-coiba\/\">Becas y ayudas I+d+i Coiba <\/a> <\/span><\/div><\/div><\/div><\/div><li class=\"clearfix\"><div class=\"latest_post\"><div class=\"latest_post_image clearfix\"><img decoding=\"async\" src=\"https:\/\/infermeriabalear.com\/wp-content\/uploads\/2025\/07\/Projectes_CAST-150x150.png\" alt=\"\" \/><\/div><div class=\"latest_post_text\"><div class=\"latest_post_inner\"><div class=\"latest_post_text_inner\"><h4 class=\"latest_post_title \"><a href=\"https:\/\/infermeriabalear.com\/es\/2026\/01\/30\/ayudas-proyectos-de-investigacion-coiba-2024-listado-de-p-i-aceptados-para-su-financiacion\/\">Ayudas Proyectos de Investigaci\u00f3n COIBA 2025: listado de P.I. aceptados para su FINANCIACI\u00d3N<\/a><\/h4><span class=\"post_infos\"><span class=\"date_hour_holder\"><i class=\"fa fa-calendar-o\"><\/i><span class=\"date\">30 enero, 2026<\/span><\/span><span class=\"latest-vert-separator\"> in<\/span> <a href=\"https:\/\/infermeriabalear.com\/es\/category\/becas-ayudas-idi-coiba\/\">Becas y ayudas I+d+i Coiba <\/a> <\/span><\/div><\/div><\/div><\/div><li class=\"clearfix\"><div class=\"latest_post\"><div class=\"latest_post_image clearfix\"><img decoding=\"async\" src=\"https:\/\/infermeriabalear.com\/wp-content\/uploads\/2024\/06\/BECA-MASTER-2025_cast-150x150.png\" alt=\"\" \/><\/div><div class=\"latest_post_text\"><div class=\"latest_post_inner\"><div class=\"latest_post_text_inner\"><h4 class=\"latest_post_title \"><a href=\"https:\/\/infermeriabalear.com\/es\/2026\/01\/22\/resolucion-anual-becas-coiba-master-investigacion-e-innovacion-en-salud-uib-2025-2026\/\">Resoluci\u00f3n anual Becas COIBA M\u00e1ster Investigaci\u00f3n e Innovaci\u00f3n en Salud (UIB) 2025-2026<\/a><\/h4><span class=\"post_infos\"><span class=\"date_hour_holder\"><i class=\"fa fa-calendar-o\"><\/i><span class=\"date\">22 enero, 2026<\/span><\/span><span class=\"latest-vert-separator\"> in<\/span> <a href=\"https:\/\/infermeriabalear.com\/es\/category\/becas-ayudas-idi-coiba\/\">Becas y ayudas I+d+i Coiba <\/a>  <a href=\"https:\/\/infermeriabalear.com\/es\/category\/noticias-destacadas-2columna\/\">Noticia destacada <\/a> <\/span><\/div><\/div><\/div><\/div><\/ul><\/div>\n\t<div class=\"wpb_raw_code wpb_raw_html wpb_content_element\" id=\"otras-ayudas\">\n\t\t<div class=\"wpb_wrapper\">\n\t\t\t\n\t\t<\/div>\n\t<\/div>\n<\/div><\/div><\/div><\/div><\/div><\/div><div      class=\"vc_row wpb_row section  grid_section\" style=' text-align:left;'><div class=\" section_inner clearfix\"><div class='section_inner_margin clearfix'><div class=\"wpb_column vc_column_container vc_col-sm-12\"><div class=\"vc_column-inner\"><div class=\"wpb_wrapper\"><div class=\"separator  transparent   \" style=\"margin-top:20px;margin-bottom:20px;\"><\/div>\n\n\t<div class=\"wpb_text_column wpb_content_element \" >\n\t\t<div class=\"wpb_wrapper\">\n\t\t\t<h2>Otras ayudas<\/h2>\n\n\t\t<\/div>\n\t<\/div>\n<div class=\"separator  transparent   \" style=\"margin-top:20px;margin-bottom:20px;\"><\/div>\n<\/div><\/div><\/div><\/div><\/div><\/div><div      class=\"vc_row wpb_row section  grid_section\" style=' text-align:left;'><div class=\" section_inner clearfix\"><div class='section_inner_margin clearfix'><div class=\"wpb_column vc_column_container vc_col-sm-6\"><div class=\"vc_column-inner\"><div class=\"wpb_wrapper\"><div class='latest_post_holder image_in_box '><ul><li class=\"clearfix\"><div class=\"latest_post\"><div class=\"latest_post_image clearfix\"><img decoding=\"async\" src=\"https:\/\/infermeriabalear.com\/wp-content\/uploads\/2026\/01\/Lilly.png\" alt=\"\" \/><\/div><div class=\"latest_post_text\"><div class=\"latest_post_inner\"><div class=\"latest_post_text_inner\"><h4 class=\"latest_post_title \"><a href=\"https:\/\/infermeriabalear.com\/es\/2026\/01\/26\/convocatoria-de-los-premios-fundacion-lilly-de-investigacion-biomedica-2026\/\">Convocatoria Premios Fundaci\u00f3n Lilly de Investigaci\u00f3n Biom\u00e9dica 2026<\/a><\/h4><span class=\"post_infos\"><span class=\"date_hour_holder\"><i class=\"fa fa-calendar-o\"><\/i><span class=\"date\">26 enero, 2026<\/span><\/span><span class=\"latest-vert-separator\"> in<\/span> <a href=\"https:\/\/infermeriabalear.com\/es\/category\/becas-ayudas-idi-otras1\/\">Becas y ayudas I+d+i otras 1 <\/a> <\/span><\/div><\/div><\/div><\/div><li class=\"clearfix\"><div class=\"latest_post\"><div class=\"latest_post_image clearfix\"><img decoding=\"async\" src=\"https:\/\/infermeriabalear.com\/wp-content\/uploads\/2022\/07\/Circular-no-54-2022_Pagina_2-150x150.jpg\" alt=\"\" \/><\/div><div class=\"latest_post_text\"><div class=\"latest_post_inner\"><div class=\"latest_post_text_inner\"><h4 class=\"latest_post_title \"><a href=\"https:\/\/infermeriabalear.com\/es\/2025\/09\/08\/convocatoria-cge-ayudas-a-programa-de-doctorado-para-enfermeras\/\">CGE: Convocatoria 2025 de Ayudas DOCTORADO para enfermeras\/os<\/a><\/h4><span class=\"post_infos\"><span class=\"date_hour_holder\"><i class=\"fa fa-calendar-o\"><\/i><span class=\"date\">08 septiembre, 2025<\/span><\/span><span class=\"latest-vert-separator\"> in<\/span> <a href=\"https:\/\/infermeriabalear.com\/es\/category\/becas-ayudas-idi-otras1\/\">Becas y ayudas I+d+i otras 1 <\/a> <\/span><\/div><\/div><\/div><\/div><\/ul><\/div><\/div><\/div><\/div><div class=\"wpb_column vc_column_container vc_col-sm-6\"><div class=\"vc_column-inner\"><div class=\"wpb_wrapper\"><div class='latest_post_holder image_in_box '><ul><\/ul><\/div><\/div><\/div><\/div><\/div><\/div><\/div><div      class=\"vc_row wpb_row section  grid_section\" style=' text-align:left;'><div class=\" section_inner clearfix\"><div class='section_inner_margin clearfix'><div class=\"wpb_column vc_column_container vc_col-sm-12\"><div class=\"vc_column-inner\"><div class=\"wpb_wrapper\"><div class=\"separator  transparent   \" style=\"margin-top:20px;margin-bottom:20px;\"><\/div>\n<\/div><\/div><\/div><\/div><\/div><\/div>\n<\/div>","protected":false},"excerpt":{"rendered":"AYUDAS DOCTORADO CGE (Consejo General de Enfermer\u00eda) La Organizaci\u00f3n Colegial, dentro de su apuesta por la investigaci\u00f3n enfermera, lanza de...","protected":false},"author":9,"featured_media":0,"parent":0,"menu_order":0,"comment_status":"open","ping_status":"closed","template":"full_width.php","meta":{"footnotes":""},"class_list":["post-16197","page","type-page","status-publish","hentry"],"_links":{"self":[{"href":"https:\/\/infermeriabalear.com\/es\/wp-json\/wp\/v2\/pages\/16197","targetHints":{"allow":["GET"]}}],"collection":[{"href":"https:\/\/infermeriabalear.com\/es\/wp-json\/wp\/v2\/pages"}],"about":[{"href":"https:\/\/infermeriabalear.com\/es\/wp-json\/wp\/v2\/types\/page"}],"author":[{"embeddable":true,"href":"https:\/\/infermeriabalear.com\/es\/wp-json\/wp\/v2\/users\/9"}],"replies":[{"embeddable":true,"href":"https:\/\/infermeriabalear.com\/es\/wp-json\/wp\/v2\/comments?post=16197"}],"version-history":[{"count":10,"href":"https:\/\/infermeriabalear.com\/es\/wp-json\/wp\/v2\/pages\/16197\/revisions"}],"predecessor-version":[{"id":46636,"href":"https:\/\/infermeriabalear.com\/es\/wp-json\/wp\/v2\/pages\/16197\/revisions\/46636"}],"wp:attachment":[{"href":"https:\/\/infermeriabalear.com\/es\/wp-json\/wp\/v2\/media?parent=16197"}],"curies":[{"name":"wp","href":"https:\/\/api.w.org\/{rel}","templated":true}]}}