{"id":17159,"date":"2021-08-02T09:45:40","date_gmt":"2021-08-02T08:45:40","guid":{"rendered":"https:\/\/infermeriabalear.com\/?page_id=17159"},"modified":"2024-03-12T15:25:48","modified_gmt":"2024-03-12T14:25:48","slug":"honorarios-colaboraciones","status":"publish","type":"page","link":"https:\/\/infermeriabalear.com\/es\/honorarios-colaboraciones\/","title":{"rendered":"Honorarios y colaboraciones"},"content":{"rendered":"<div class=\"wpb-content-wrapper\"><div      class=\"vc_row wpb_row section \" style=' text-align:left;'><div class=\" clearfix\"><div class=\"wpb_column vc_column_container vc_col-sm-12\"><div class=\"vc_column-inner\"><div class=\"wpb_wrapper\"><div class=\"vc_empty_space\"   style=\"height: 60px\"><span class=\"vc_empty_space_inner\"><\/span><\/div><\/div><\/div><\/div><\/div><\/div><div      class=\"vc_row wpb_row section  grid_section\" style=' text-align:left;'><div class=\" section_inner clearfix\"><div class='section_inner_margin clearfix'><div class=\"wpb_column vc_column_container vc_col-sm-6\"><div class=\"vc_column-inner\"><div class=\"wpb_wrapper\">\n\t<div class=\"wpb_text_column wpb_content_element \" >\n\t\t<div class=\"wpb_wrapper\">\n\t\t\t<h2><span style=\"color: #1ecad3;\">Pagos a colaboradores:<\/span><\/h2>\n<p>&nbsp;<\/p>\n<p>En la Junta de Gobierno ordinaria de d\u00eda 25 d&#8217;octubre de 2022, se revisaron y actualizaron los criterios de pago de honorarios a los ponentes de Jornadas, Jueves Enfermeros, sesiones y conferencias.<\/p>\n<p>&nbsp;<\/p>\n<p>Ratificados los criterios de pago de honorarios a los ponentes a modo orientativo, quedar\u00eda de la siguiente manera:<\/p>\n<p>&nbsp;<\/p>\n<blockquote><p><strong>Hora de formaci\u00f3n:<\/strong> 90\u20ac<\/p>\n<p><strong>Conferencia:<\/strong> 200\u20ac<\/p>\n<p><strong>Participaci\u00f3n en sesiones \/ charlas \/ mesas redondas, etc.: <\/strong>tarjeta regalo para librer\u00eda por valor de 50\u20ac<\/p>\n<p><strong>Participaci\u00f3n en jornadas y congresos (cuando no es conferencia)<\/strong>: bolsa regalo con productos locales<\/p><\/blockquote>\n<p>&nbsp;<\/p>\n<p>La Junta de Gobierno estudiar\u00e1 los casos en los que el ponente \/ docente proponga un cach\u00e9 determinado, as\u00ed como la necesidad por log\u00edstica de correr con el cargo del alojamiento. Por norma general, el Colegio pagar\u00e1 el billete de ida y vuelta de los ponentes que se desplacen desde fuera de la isla donde se celebre el evento.<\/p>\n\n\t\t<\/div>\n\t<\/div>\n<div class=\"vc_empty_space\"   style=\"height: 30px\"><span class=\"vc_empty_space_inner\"><\/span><\/div><\/div><\/div><\/div><div class=\"wpb_column vc_column_container vc_col-sm-6\"><div class=\"vc_column-inner\"><div class=\"wpb_wrapper\"><div class=\"vc_empty_space\"   style=\"height: 72px\"><span class=\"vc_empty_space_inner\"><\/span><\/div>\n        <div class=\"wpb_single_image wpb_content_element vc_align_right\">\n            <div class=\"wpb_wrapper\">\n                \n                <div class=\"vc_single_image-wrapper vc_box_circle  vc_box_border_grey\"><img decoding=\"async\" class=\"vc_single_image-img \" src=\"https:\/\/infermeriabalear.com\/wp-content\/uploads\/2021\/08\/IMG_4148-400x300.jpg\" width=\"400\" height=\"300\" alt=\"IMG_4148\" title=\"IMG_4148\" loading=\"lazy\" \/><\/div>\n            <\/div>\n        <\/div>\n    <\/div><\/div><\/div><\/div><\/div><\/div><div      class=\"vc_row wpb_row section  grid_section\" style=' text-align:left;'><div class=\" section_inner clearfix\"><div class='section_inner_margin clearfix'><div class=\"wpb_column vc_column_container vc_col-sm-6\"><div class=\"vc_column-inner\"><div class=\"wpb_wrapper\"><div class=\"vc_empty_space\"   style=\"height: 120px\"><span class=\"vc_empty_space_inner\"><\/span><\/div>\n        <div class=\"wpb_single_image wpb_content_element vc_align_center\">\n            <div class=\"wpb_wrapper\">\n                \n                <div class=\"vc_single_image-wrapper vc_box_circle  vc_box_border_grey\"><img decoding=\"async\" class=\"vc_single_image-img \" src=\"https:\/\/infermeriabalear.com\/wp-content\/uploads\/2024\/03\/1-2-400x300.jpeg\" width=\"400\" height=\"300\" alt=\"1+ (2)\" title=\"1+ (2)\" loading=\"lazy\" \/><\/div>\n            <\/div>\n        <\/div>\n    <div class=\"vc_empty_space\"   style=\"height: 32px\"><span class=\"vc_empty_space_inner\"><\/span><\/div><\/div><\/div><\/div><div class=\"wpb_column vc_column_container vc_col-sm-6\"><div class=\"vc_column-inner\"><div class=\"wpb_wrapper\"><div class=\"vc_empty_space\"   style=\"height: 15px\"><span class=\"vc_empty_space_inner\"><\/span><\/div>\n\t<div class=\"wpb_text_column wpb_content_element \" >\n\t\t<div class=\"wpb_wrapper\">\n\t\t\t<h2 style=\"text-align: left;\"><span style=\"color: #1ecad3;\">Protocolo de ayudas y colaboraciones en jornadas y congresos:<\/span><\/h2>\n<p>&nbsp;<\/p>\n<p>En aquellos congresos o jornadas en los que el COIBA forme parte de la organizaci\u00f3n del evento con participaci\u00f3n activa en la toma de decisiones desde el inicio a las reuniones y forme parte del comit\u00e9 organizador, se podr\u00e1 colaborar con soporte econ\u00f3mico, secretar\u00eda t\u00e9cnica, difusi\u00f3n y material.<\/p>\n<p>&nbsp;<\/p>\n<p>En aquellos congresos o jornadas en los que el COIBA no forme parte de la organizaci\u00f3n, se apoyar\u00e1 con la difusi\u00f3n, siempre que en la jornada participen enfermeras o sea de inter\u00e9s para la profesi\u00f3n.<\/p>\n<p>&nbsp;<\/p>\n<p>Tambi\u00e9n se apoyar\u00e1 en la difusi\u00f3n a todas las jornadas organizadas por asociaciones de personas con enfermedades cr\u00f3nicas.<\/p>\n<p>&nbsp;<\/p>\n<p>De forma excepcional se valorar\u00e1, en junta de gobierno, el apoyo a jornadas y congresos de inter\u00e9s para la profesi\u00f3n.<\/p>\n<p>&nbsp;<\/p>\n<p>En estos casos, se tendr\u00e1 en cuenta:<\/p>\n<p>&#8211; El porcentaje de enfermeras que participan como ponentes.<br \/>\n&#8211; Que los colegiados del COIBA tengan descuento en la inscripci\u00f3n.<\/p>\n<p>&nbsp;<\/p>\n<p>La solicitud debe presentarse como m\u00ednimo 3 meses antes de la celebraci\u00f3n de la actividad para la que se solicita la ayuda. Para ello, deber\u00e1 dirigir un escrito a <a href=\"mailto:coiba.pm@infermeriabalear.com\" target=\"_blank\" rel=\"noopener\">coiba.pm@infermeriabalear.com<\/a><\/p>\n<p>&nbsp;<\/p>\n<p>La Junta de Gobierno evaluar\u00e1 las solicitudes presentadas y comunicar\u00e1 su resoluci\u00f3n por escrito a la persona representante.<\/p>\n<p>&nbsp;<\/p>\n<p>El <a href=\"https:\/\/infermeriabalear.com\/wp-content\/uploads\/2022\/06\/COIBA-1_sin-fondo.png\" target=\"_blank\" rel=\"noopener\">logotipo del Colegio de Enfermeras y Enfermeros de las Islas Baleares<\/a> aparecer\u00e1 en el programa definitivo como entidad colaboradora, a excepci\u00f3n de las jornadas organizadas por asociaciones de personas con enfermedades cr\u00f3nicas.<\/p>\n<p>&nbsp;<\/p>\n<p>No se dar\u00e1 ninguna ayuda a la Administraci\u00f3n para la organizaci\u00f3n de este tipo de eventos, puesto que se entiende que esta actividad ya est\u00e1 debidamente subvencionada.<\/p>\n\n\t\t<\/div>\n\t<\/div>\n<\/div><\/div><\/div><\/div><\/div><\/div><div      class=\"vc_row wpb_row section \" style=' text-align:left;'><div class=\" clearfix\"><div class=\"wpb_column vc_column_container vc_col-sm-12\"><div class=\"vc_column-inner\"><div class=\"wpb_wrapper\"><div class=\"vc_empty_space\"   style=\"height: 65px\"><span class=\"vc_empty_space_inner\"><\/span><\/div><\/div><\/div><\/div><\/div><\/div><!-- \/wp:post-content --><\/div>","protected":false},"excerpt":{"rendered":"Pagos a colaboradores: &nbsp; En la Junta de Gobierno ordinaria de d\u00eda 25 d'octubre de 2022, se revisaron y actualizaron...","protected":false},"author":9,"featured_media":0,"parent":0,"menu_order":0,"comment_status":"closed","ping_status":"closed","template":"full_width.php","meta":{"footnotes":""},"class_list":["post-17159","page","type-page","status-publish","hentry"],"_links":{"self":[{"href":"https:\/\/infermeriabalear.com\/es\/wp-json\/wp\/v2\/pages\/17159","targetHints":{"allow":["GET"]}}],"collection":[{"href":"https:\/\/infermeriabalear.com\/es\/wp-json\/wp\/v2\/pages"}],"about":[{"href":"https:\/\/infermeriabalear.com\/es\/wp-json\/wp\/v2\/types\/page"}],"author":[{"embeddable":true,"href":"https:\/\/infermeriabalear.com\/es\/wp-json\/wp\/v2\/users\/9"}],"replies":[{"embeddable":true,"href":"https:\/\/infermeriabalear.com\/es\/wp-json\/wp\/v2\/comments?post=17159"}],"version-history":[{"count":5,"href":"https:\/\/infermeriabalear.com\/es\/wp-json\/wp\/v2\/pages\/17159\/revisions"}],"predecessor-version":[{"id":37515,"href":"https:\/\/infermeriabalear.com\/es\/wp-json\/wp\/v2\/pages\/17159\/revisions\/37515"}],"wp:attachment":[{"href":"https:\/\/infermeriabalear.com\/es\/wp-json\/wp\/v2\/media?parent=17159"}],"curies":[{"name":"wp","href":"https:\/\/api.w.org\/{rel}","templated":true}]}}