{"id":26276,"date":"2022-01-10T10:26:08","date_gmt":"2022-01-10T09:26:08","guid":{"rendered":"https:\/\/infermeriabalear.com\/?page_id=26276"},"modified":"2022-02-28T12:22:55","modified_gmt":"2022-02-28T11:22:55","slug":"consells","status":"publish","type":"page","link":"https:\/\/infermeriabalear.com\/es\/quienes-somos\/consells\/","title":{"rendered":"Consejos Nacional e Internacional"},"content":{"rendered":"<div class=\"wpb-content-wrapper\"><div      class=\"vc_row wpb_row section  grid_section\" style=' border-bottom: 1px solid #e8e8e8; padding-top:60px; padding-bottom:72px; text-align:left;'><div class=\" section_inner clearfix\"><div class='section_inner_margin clearfix'><div class=\"wpb_column vc_column_container vc_col-sm-12\"><div class=\"vc_column-inner\"><div class=\"wpb_wrapper\">\n\t<div class=\"wpb_tabstabs_holder clearfix\" data-interval=\"0\">\n\t\t<div class=\"q_tabs horizontal\">\n\t\t\t<ul class=\"tabs-nav\"><li><a href=\"#tab-1390467785418-2-0\">Consejo General de Enfermer\u00eda<\/a><\/li><li><a href=\"#tab-1606207457284-1-6\">Internacional Council of Nurses<\/a><\/li><\/ul>\n<div class='tabs-container'>\n\t\t\t\n\t<div id=\"tab-1390467785418-2-0\" class=\"wpb_tab ui-tabs-panel wpb_ui-tabs-hide vc_clearfix tab-content\">\n\t\t<div class=\"vc_empty_space\"   style=\"height: 20px\"><span class=\"vc_empty_space_inner\"><\/span><\/div><div class=\"vc_text_separator wpb_content_element full separator_align_center\"><div style='background-color:#73c8d1;'><span>\u00daltimas noticias sobre el Consejo General de Enfermer\u00eda<\/span><\/div><\/div>\n<div class=\"vc_empty_space\"   style=\"height: 48px\"><span class=\"vc_empty_space_inner\"><\/span><\/div><div class='latest_post_holder date_in_box '><ul><li class=\"clearfix\"><div class=\"latest_post_date\"><div class=\"post_publish_day\">07<\/div><div class=\"post_publish_month\">Oct<\/div><\/div><div class=\"latest_post\"><div class=\"latest_post_text\"><div class=\"latest_post_inner\"><div class=\"latest_post_text_inner\"><h5 class=\"latest_post_title \"><a href=\"https:\/\/infermeriabalear.com\/es\/2022\/10\/07\/convocadas-las-elecciones-a-la-presidencia-del-consejo-general-de-colegios-oficiales-de-enfermeria-de-espana\/\">Convocadas las elecciones a la Presidencia del Consejo General de Colegios Oficiales de Enfermer\u00eda de Espa\u00f1a<\/a><\/h5><span class=\"post_infos\"><span class=\"date_hour_holder\"><i class=\"fa fa-clock-o\"><\/i><span class=\"date\">12:12h<\/span><\/span><span class=\"latest-vert-separator\"> in<\/span> <a href=\"https:\/\/infermeriabalear.com\/es\/category\/info-consejo\/\">Informaci\u00f3n Consejo General <\/a>  <a href=\"https:\/\/infermeriabalear.com\/es\/category\/noticias\/\">Noticias <\/a> <\/span><\/div><\/div><p>Las elecciones se celebrar\u00e1n el pr\u00f3ximo 21 de octubre\u00a0 Publicada la Resoluci\u00f3n n\u00ba 2\/2022 por la que se convocan elecciones......<\/p><\/div><\/div><li class=\"clearfix\"><div class=\"latest_post_date\"><div class=\"post_publish_day\">04<\/div><div class=\"post_publish_month\">Oct<\/div><\/div><div class=\"latest_post\"><div class=\"latest_post_text\"><div class=\"latest_post_inner\"><div class=\"latest_post_text_inner\"><h5 class=\"latest_post_title \"><a href=\"https:\/\/infermeriabalear.com\/es\/2021\/10\/04\/cge-abre-convocatoria-para-la-comision-deontologica\/\">El Consejo General de Enfermer\u00eda abre una convocatoria para seleccionar a los miembros de la Comisi\u00f3n Deontol\u00f3gica Nacional de Enfermer\u00eda<\/a><\/h5><span class=\"post_infos\"><span class=\"date_hour_holder\"><i class=\"fa fa-clock-o\"><\/i><span class=\"date\">10:10h<\/span><\/span><span class=\"latest-vert-separator\"> in<\/span> <a href=\"https:\/\/infermeriabalear.com\/es\/category\/info-consejo\/\">Informaci\u00f3n Consejo General <\/a>  <a href=\"https:\/\/infermeriabalear.com\/es\/category\/noticias\/\">Noticias <\/a> <\/span><\/div><\/div><p>El Consejo General de Enfermer\u00eda (CGE) ha abierto un proceso selectivo para elegir a los miembros de la Comisi\u00f3n Deontol\u00f3gica......<\/p><\/div><\/div><li class=\"clearfix\"><div class=\"latest_post_date\"><div class=\"post_publish_day\">01<\/div><div class=\"post_publish_month\">Jun<\/div><\/div><div class=\"latest_post\"><div class=\"latest_post_text\"><div class=\"latest_post_inner\"><div class=\"latest_post_text_inner\"><h5 class=\"latest_post_title \"><a href=\"https:\/\/infermeriabalear.com\/es\/2021\/06\/01\/convocadaseleccionesplenoconsejogeneraldeenfermeria\/\">Convocadas las elecciones al Pleno del Consejo General de Colegios Oficiales de Enfermer\u00eda de Espa\u00f1a<\/a><\/h5><span class=\"post_infos\"><span class=\"date_hour_holder\"><i class=\"fa fa-clock-o\"><\/i><span class=\"date\">8:08h<\/span><\/span><span class=\"latest-vert-separator\"> in<\/span> <a href=\"https:\/\/infermeriabalear.com\/es\/category\/info-consejo\/\">Informaci\u00f3n Consejo General <\/a>  <a href=\"https:\/\/infermeriabalear.com\/es\/category\/noticias-destacadas-2columna\/\">Noticia destacada <\/a>  <a href=\"https:\/\/infermeriabalear.com\/es\/category\/noticias\/\">Noticias <\/a> <\/span><\/div><\/div><p>Las elecciones se celebrar\u00e1n el pr\u00f3ximo 12 de junio Resoluci\u00f3n 9-2021 por la que se convocan elecciones para la provisi\u00f3n......<\/p><\/div><\/div><li class=\"clearfix\"><div class=\"latest_post_date\"><div class=\"post_publish_day\">12<\/div><div class=\"post_publish_month\">Feb<\/div><\/div><div class=\"latest_post\"><div class=\"latest_post_text\"><div class=\"latest_post_inner\"><div class=\"latest_post_text_inner\"><h5 class=\"latest_post_title \"><a href=\"https:\/\/infermeriabalear.com\/es\/2020\/02\/12\/el-consejo-general-de-enfermeria-denuncia-que-el-expresidente-maximo-gonzalez-jurado-pretende-apropiarse-de-su-fundacion-y-ha-cometido-irregularidades-en-su-gestion\/\">El Consejo General de Enfermer\u00eda denuncia que el expresidente M\u00e1ximo Gonz\u00e1lez Jurado pretende apropiarse de su Fundaci\u00f3n y ha cometido &#8220;irregularidades&#8221; en su gesti\u00f3n<\/a><\/h5><span class=\"post_infos\"><span class=\"date_hour_holder\"><i class=\"fa fa-clock-o\"><\/i><span class=\"date\">11:11h<\/span><\/span><span class=\"latest-vert-separator\"> in<\/span> <a href=\"https:\/\/infermeriabalear.com\/es\/category\/info-consejo\/\">Informaci\u00f3n Consejo General <\/a>  <a href=\"https:\/\/infermeriabalear.com\/es\/category\/noticias\/\">Noticias <\/a> <\/span><\/div><\/div><p>El actual presidente ha enviado una circular a todos los Colegios de Enfermer\u00eda espa\u00f1oles para alertar de esta situaci\u00f3n y......<\/p><\/div><\/div><li class=\"clearfix\"><div class=\"latest_post_date\"><div class=\"post_publish_day\">09<\/div><div class=\"post_publish_month\">Ene<\/div><\/div><div class=\"latest_post\"><div class=\"latest_post_text\"><div class=\"latest_post_inner\"><div class=\"latest_post_text_inner\"><h5 class=\"latest_post_title \"><a href=\"https:\/\/infermeriabalear.com\/es\/2020\/01\/09\/informacion-referente-a-la-postura-del-coiba-en-las-votaciones-del-cge\/\">Informaci\u00f3n referente a la postura del Coiba en las votaciones del CGE<\/a><\/h5><span class=\"post_infos\"><span class=\"date_hour_holder\"><i class=\"fa fa-clock-o\"><\/i><span class=\"date\">12:12h<\/span><\/span><span class=\"latest-vert-separator\"> in<\/span> <a href=\"https:\/\/infermeriabalear.com\/es\/category\/info-consejo\/\">Informaci\u00f3n Consejo General <\/a>  <a href=\"https:\/\/infermeriabalear.com\/es\/category\/noticias\/\">Noticias <\/a> <\/span><\/div><\/div><p>El pasado 18 de diciembre el Consejo General de Enfermer\u00eda (CGE) celebr\u00f3 la Asamblea General Ordinaria en la cual participaron......<\/p><\/div><\/div><\/ul><\/div><div class=\"vc_empty_space\"   style=\"height: 32px\"><span class=\"vc_empty_space_inner\"><\/span><\/div>\n\t<\/div>\n\n\t<div id=\"tab-1606207457284-1-6\" class=\"wpb_tab ui-tabs-panel wpb_ui-tabs-hide vc_clearfix tab-content\">\n\t\t<div class=\"vc-hoverbox-wrapper  vc-hoverbox-shape--rounded vc-hoverbox-align--center vc-hoverbox-direction--default vc-hoverbox-width--60\"  ontouchstart=\"\">\n  <div class=\"vc-hoverbox\">\n    <div class=\"vc-hoverbox-inner\">\n      <div class=\"vc-hoverbox-block vc-hoverbox-front\" style=\"background-image: url(https:\/\/infermeriabalear.com\/wp-content\/uploads\/2022\/01\/logo_PNG-400x192.png);\">\n        <div class=\"vc-hoverbox-block-inner vc-hoverbox-front-inner\">\n            \n        <\/div>\n      <\/div>\n      <div class=\"vc-hoverbox-block vc-hoverbox-back\" style=\"background-color: #ebebeb;\">\n        <div class=\"vc-hoverbox-block-inner vc-hoverbox-back-inner\">\n            <h2 style=\"text-align:center\">P\u00e1gina web CIE<\/h2>\n            <h4>Puedes encontrar las \u00faltimas campa\u00f1as, as\u00ed como las novedades, los posicionamientos, etc. en <a href=\"http:\/\/www.icn.ch\/es\" target=\"_blank\" rel=\"noopener\">www.icn.ch\/es<\/a><\/h4>\n\n            \n        <\/div>\n      <\/div>\n    <\/div>\n  <\/div>\n<\/div><div class=\"vc_empty_space\"   style=\"height: 32px\"><span class=\"vc_empty_space_inner\"><\/span><\/div><div class=\"vc_text_separator wpb_content_element full separator_align_center\"><div style='background-color:#73c8d1;'><span>Noticias y documentos del International Council of Nurses<\/span><\/div><\/div>\n<div class=\"vc_empty_space\"   style=\"height: 48px\"><span class=\"vc_empty_space_inner\"><\/span><\/div><div class='latest_post_holder date_in_box '><ul><li class=\"clearfix\"><div class=\"latest_post_date\"><div class=\"post_publish_day\">04<\/div><div class=\"post_publish_month\">Mar<\/div><\/div><div class=\"latest_post\"><div class=\"latest_post_text\"><div class=\"latest_post_inner\"><div class=\"latest_post_text_inner\"><h5 class=\"latest_post_title \"><a href=\"https:\/\/infermeriabalear.com\/es\/2022\/03\/04\/el-coiba-se-adhiere-a-la-campana-nursesforpeace-impulsada-por-el-consejo-internacional-de-enfermeras-y-asociaciones-europeas-de-enfermeras-contra-la-invasion-de-ucrania\/\">El COIBA se adhiere a la campa\u00f1a #Nursesforpeace impulsada por el Consejo Internacional de Enfermeras y asociaciones europeas de enfermeras contra la invasi\u00f3n de Ucrania<\/a><\/h5><span class=\"post_infos\"><\/span><\/div><\/div><p>Condenan la invasi\u00f3n, reclaman m\u00e1s diplomacia para alcanzar la paz y piden respeto por las normas internacionales que permitan trabajar......<\/p><\/div><\/div><li class=\"clearfix\"><div class=\"latest_post_date\"><div class=\"post_publish_day\">24<\/div><div class=\"post_publish_month\">Feb<\/div><\/div><div class=\"latest_post\"><div class=\"latest_post_text\"><div class=\"latest_post_inner\"><div class=\"latest_post_text_inner\"><h5 class=\"latest_post_title \"><a href=\"https:\/\/infermeriabalear.com\/es\/2022\/02\/24\/informe-apoyar-y-retener-icn\/\">Informe &#8220;Apoyar y retener en 2022 y m\u00e1s all\u00e1: la fuerza laboral de enfermer\u00eda global y la COVID-19&#8221;, realizado por el ICN.<\/a><\/h5><span class=\"post_infos\"><\/span><\/div><\/div><p>Este documento, publicado en enero, analiza el impacto en la oferta de enfermeras durante el a\u00f1o 2021, a nivel internacional,......<\/p><\/div><\/div><\/ul><\/div><div class=\"vc_empty_space\"   style=\"height: 32px\"><span class=\"vc_empty_space_inner\"><\/span><\/div>\n\t<\/div>\n<\/div>\n\t\t<\/div> \n\t<\/div> <\/div><\/div><\/div><\/div><\/div><\/div>\n<\/div>","protected":false},"excerpt":{"rendered":"Este documento, publicado en enero, analiza el impacto en la oferta de enfermeras durante el a\u00f1o 2021, a nivel internacional,...","protected":false},"author":9,"featured_media":0,"parent":12715,"menu_order":4,"comment_status":"open","ping_status":"closed","template":"full_width.php","meta":{"footnotes":""},"class_list":["post-26276","page","type-page","status-publish","hentry"],"_links":{"self":[{"href":"https:\/\/infermeriabalear.com\/es\/wp-json\/wp\/v2\/pages\/26276","targetHints":{"allow":["GET"]}}],"collection":[{"href":"https:\/\/infermeriabalear.com\/es\/wp-json\/wp\/v2\/pages"}],"about":[{"href":"https:\/\/infermeriabalear.com\/es\/wp-json\/wp\/v2\/types\/page"}],"author":[{"embeddable":true,"href":"https:\/\/infermeriabalear.com\/es\/wp-json\/wp\/v2\/users\/9"}],"replies":[{"embeddable":true,"href":"https:\/\/infermeriabalear.com\/es\/wp-json\/wp\/v2\/comments?post=26276"}],"version-history":[{"count":5,"href":"https:\/\/infermeriabalear.com\/es\/wp-json\/wp\/v2\/pages\/26276\/revisions"}],"predecessor-version":[{"id":27355,"href":"https:\/\/infermeriabalear.com\/es\/wp-json\/wp\/v2\/pages\/26276\/revisions\/27355"}],"up":[{"embeddable":true,"href":"https:\/\/infermeriabalear.com\/es\/wp-json\/wp\/v2\/pages\/12715"}],"wp:attachment":[{"href":"https:\/\/infermeriabalear.com\/es\/wp-json\/wp\/v2\/media?parent=26276"}],"curies":[{"name":"wp","href":"https:\/\/api.w.org\/{rel}","templated":true}]}}