{"id":28914,"date":"2022-06-14T13:44:52","date_gmt":"2022-06-14T11:44:52","guid":{"rendered":"https:\/\/infermeriabalear.com\/?page_id=28914"},"modified":"2026-04-01T11:08:05","modified_gmt":"2026-04-01T09:08:05","slug":"denuncia-majors","status":"publish","type":"page","link":"https:\/\/infermeriabalear.com\/es\/denuncia-majors\/","title":{"rendered":"Formulario de notificaci\u00f3n"},"content":{"rendered":"<div class=\"wpb-content-wrapper\"><div      class=\"vc_row wpb_row section  grid_section\" style=' border-bottom: 1px solid #e8e8e8; padding-top:65px; padding-bottom:72px; text-align:left;'><div class=\" section_inner clearfix\"><div class='section_inner_margin clearfix'><div class=\"wpb_column vc_column_container vc_col-sm-6\"><div class=\"vc_column-inner\"><div class=\"wpb_wrapper\"><div class=\"vc_empty_space\"   style=\"height: 60px\"><span class=\"vc_empty_space_inner\"><\/span><\/div>\n        <div class=\"wpb_single_image wpb_content_element vc_align_center\">\n            <div class=\"wpb_wrapper\">\n                \n                <div class=\"vc_single_image-wrapper   vc_box_border_grey\"><img decoding=\"async\" class=\"vc_single_image-img \" src=\"https:\/\/infermeriabalear.com\/wp-content\/uploads\/2026\/04\/Abus-gent-gran_CAST-1-500x361.png\" width=\"500\" height=\"361\" alt=\"Ab\u00fas gent gran_CAST\" title=\"Ab\u00fas gent gran_CAST\" loading=\"lazy\" \/><\/div>\n            <\/div>\n        <\/div>\n    <div class=\"separator  transparent   \" style=\"margin-top:10px;margin-bottom:10px;\"><\/div>\n<div class=\"vc_empty_space\"   style=\"height: 10px\"><span class=\"vc_empty_space_inner\"><\/span><\/div>\n\t<div class=\"wpb_text_column wpb_content_element \" >\n\t\t<div class=\"wpb_wrapper\">\n\t\t\t<p><span data-teams=\"true\">El Col\u00b7legi Oficial d\u2019Infermeres i Infermers de les Illes Balears (COIBA) vela por la calidad de la asistencia de las personas y act\u00faa como garante para los profesionales y usuarios. De la mano de la <a href=\"https:\/\/infermeriabalear.com\/es\/comision-persones-grans\/\" target=\"_blank\" rel=\"noopener\">Comisi\u00f3n de Cuidados a Personas Mayores<\/a>, ha habilitado este canal de notificaciones para que los profesionales y la ciudadan\u00eda que detecten una posible situaci\u00f3n de abuso y\/o maltrato a personas mayores puedan ponerlo en conocimiento del COIBA. <\/span><\/p>\n<p>&nbsp;<\/p>\n<p><span data-teams=\"true\">Ante una notificaci\u00f3n se activar\u00e1n los mecanismos pertinentes y el Colegio podr\u00e1 notificar a las administraciones o autoridades, siempre reservando la identidad de quien ha hecho llegar la alerta, con un \u00fanico objetivo: proteger a los m\u00e1s vulnerables de situaciones que puedan poner en peligro su integridad o calidad de vida.<\/span><\/p>\n<p>&nbsp;<\/p>\n<hr \/>\n<p>&nbsp;<\/p>\n<p>Trataremos sus Datos Personales, la informaci\u00f3n y los documentos que usted nos facilite con la finalidad de tramitar, investigar y proponer resoluciones sobre las comunicaciones y denuncias relacionadas con posibles hechos delictivos o incumplimientos normativos y \u00e9ticos recibidos por el COIBA.<\/p>\n<p>&nbsp;<\/p>\n<p>En este sentido, la base legal que legitima el tratamiento de sus datos reside en el cumplimiento de una misi\u00f3n realizada en inter\u00e9s p\u00fablico, como es el derecho a la protecci\u00f3n de la salud y la prevenci\u00f3n del maltrato a personas mayores.<\/p>\n\n\t\t<\/div>\n\t<\/div>\n<div class=\"separator  transparent   \" style=\"margin-top:14px;margin-bottom:12px;\"><\/div>\n<\/div><\/div><\/div><div class=\"wpb_column vc_column_container vc_col-sm-6\"><div class=\"vc_column-inner\"><div class=\"wpb_wrapper\"><div class=\"vc_empty_space\"   style=\"height: 20px\"><span class=\"vc_empty_space_inner\"><\/span><\/div><style id=\"wpforms-css-vars-28901\">\n\t\t\t\t#wpforms-28901 {\n\t\t\t\t\n\t\t\t}\n\t\t\t<\/style><div class=\"wpforms-container wpforms-container-full wpforms-render-modern\" id=\"wpforms-28901\"><form id=\"wpforms-form-28901\" class=\"wpforms-validate wpforms-form wpforms-ajax-form\" data-formid=\"28901\" method=\"post\" enctype=\"multipart\/form-data\" action=\"\/es\/wp-json\/wp\/v2\/pages\/28914\" data-token=\"18e36347a19b8e705dd9f196dc8d5d5e\" data-token-time=\"1776362035\"><noscript class=\"wpforms-error-noscript\">Por favor, activa JavaScript en tu navegador para completar este formulario.<\/noscript><div id=\"wpforms-error-noscript\" style=\"display: none;\">Por favor, activa JavaScript en tu navegador para completar este formulario.<\/div><div class=\"wpforms-field-container\"><div id=\"wpforms-28901-field_2-container\" class=\"wpforms-field wpforms-field-name\" data-field-id=\"2\"><fieldset><legend class=\"wpforms-field-label\">Nombre <span class=\"wpforms-required-label\" aria-hidden=\"true\">*<\/span><\/legend><div class=\"wpforms-field-row wpforms-field-medium\"><div class=\"wpforms-field-row-block wpforms-first wpforms-one-half\"><input type=\"text\" id=\"wpforms-28901-field_2\" class=\"wpforms-field-name-first wpforms-field-required\" name=\"wpforms[fields][2][first]\" aria-errormessage=\"wpforms-28901-field_2-error\" required><label for=\"wpforms-28901-field_2\" class=\"wpforms-field-sublabel after\">Nombre<\/label><\/div><div class=\"wpforms-field-row-block wpforms-one-half\"><input type=\"text\" id=\"wpforms-28901-field_2-last\" class=\"wpforms-field-name-last wpforms-field-required\" name=\"wpforms[fields][2][last]\" aria-errormessage=\"wpforms-28901-field_2-last-error\" required><label for=\"wpforms-28901-field_2-last\" class=\"wpforms-field-sublabel after\">Apellidos<\/label><\/div><\/div><\/fieldset><\/div><div id=\"wpforms-28901-field_7-container\" class=\"wpforms-field wpforms-field-text\" data-field-id=\"7\"><label class=\"wpforms-field-label\" for=\"wpforms-28901-field_7\">DNI <span class=\"wpforms-required-label\" aria-hidden=\"true\">*<\/span><\/label><input type=\"text\" id=\"wpforms-28901-field_7\" class=\"wpforms-field-medium wpforms-field-required\" name=\"wpforms[fields][7]\" aria-errormessage=\"wpforms-28901-field_7-error\" required><\/div><div id=\"wpforms-28901-field_4-container\" class=\"wpforms-field wpforms-field-email\" data-field-id=\"4\"><label class=\"wpforms-field-label\" for=\"wpforms-28901-field_4\">Correo electr\u00f3nico <span class=\"wpforms-required-label\" aria-hidden=\"true\">*<\/span><\/label><input type=\"email\" id=\"wpforms-28901-field_4\" class=\"wpforms-field-medium wpforms-field-required\" name=\"wpforms[fields][4]\" spellcheck=\"false\" aria-errormessage=\"wpforms-28901-field_4-error\" required><\/div><div id=\"wpforms-28901-field_5-container\" class=\"wpforms-field wpforms-field-number\" data-field-id=\"5\"><label class=\"wpforms-field-label\" for=\"wpforms-28901-field_5\">N\u00famero de tel\u00e9fono<\/label><input type=\"number\" id=\"wpforms-28901-field_5\" class=\"wpforms-field-medium\" name=\"wpforms[fields][5]\" step=\"any\" aria-errormessage=\"wpforms-28901-field_5-error\" ><\/div><div id=\"wpforms-28901-field_6-container\" class=\"wpforms-field wpforms-field-textarea\" data-field-id=\"6\"><label class=\"wpforms-field-label\" for=\"wpforms-28901-field_6\">Descripci\u00f3n de los hechos <span class=\"wpforms-required-label\" aria-hidden=\"true\">*<\/span><\/label><textarea id=\"wpforms-28901-field_6\" class=\"wpforms-field-large wpforms-field-required\" name=\"wpforms[fields][6]\" aria-errormessage=\"wpforms-28901-field_6-error\" required><\/textarea><\/div><div id=\"wpforms-28901-field_13-container\" class=\"wpforms-field wpforms-field-checkbox\" data-field-id=\"13\"><fieldset><legend class=\"wpforms-field-label\">Pol\u00edtica de Privacidad <span class=\"wpforms-required-label\" aria-hidden=\"true\">*<\/span><\/legend><ul id=\"wpforms-28901-field_13\" class=\"wpforms-field-required\"><li class=\"choice-1 depth-1\"><input type=\"checkbox\" id=\"wpforms-28901-field_13_1\" name=\"wpforms[fields][13][]\" value=\"Acepto los &lt;a href=&quot;https:\/\/infermeriabalear.com\/wp-content\/uploads\/2022\/07\/Pol-Privacidad-Castellano.pdf&quot; target=&quot;_blank&quot;&gt;t\u00e9rminos y pol\u00edticas de privacidad.&lt;\/a&gt;\" aria-errormessage=\"wpforms-28901-field_13_1-error\" required ><label class=\"wpforms-field-label-inline\" for=\"wpforms-28901-field_13_1\">Acepto los <a href=\"https:\/\/infermeriabalear.com\/wp-content\/uploads\/2022\/07\/Pol-Privacidad-Castellano.pdf\" target=\"_blank\">t\u00e9rminos y pol\u00edticas de privacidad.<\/a><\/label><\/li><\/ul><\/fieldset><\/div><\/div><!-- .wpforms-field-container --><div class=\"wpforms-recaptcha-container wpforms-is-recaptcha wpforms-is-recaptcha-type-v2\" ><div class=\"g-recaptcha\" data-sitekey=\"6LdgD0UfAAAAALT79mnC6rehhn6iY0jKmk8Ju_WA\"><\/div><input type=\"text\" name=\"g-recaptcha-hidden\" class=\"wpforms-recaptcha-hidden\" style=\"position:absolute!important;clip:rect(0,0,0,0)!important;height:1px!important;width:1px!important;border:0!important;overflow:hidden!important;padding:0!important;margin:0!important;\" data-rule-recaptcha=\"1\"><\/div><div class=\"wpforms-submit-container\" ><input type=\"hidden\" name=\"wpforms[id]\" value=\"28901\"><input type=\"hidden\" name=\"page_title\" value=\"\"><input type=\"hidden\" name=\"page_url\" value=\"https:\/\/infermeriabalear.com\/es\/wp-json\/wp\/v2\/pages\/28914\"><input type=\"hidden\" name=\"url_referer\" value=\"\"><button type=\"submit\" name=\"wpforms[submit]\" id=\"wpforms-submit-28901\" class=\"wpforms-submit\" data-alt-text=\"Enviando...\" data-submit-text=\"Enviar\" aria-live=\"assertive\" value=\"wpforms-submit\">Enviar<\/button><img loading=\"lazy\" decoding=\"async\" src=\"https:\/\/infermeriabalear.com\/wp-content\/plugins\/wpforms\/assets\/images\/submit-spin.svg\" class=\"wpforms-submit-spinner\" style=\"display: none;\" width=\"26\" height=\"26\" alt=\"Cargando\"><\/div><\/form><\/div>  <!-- .wpforms-container --><\/div><\/div><\/div><\/div><\/div><\/div>\n<\/div>","protected":false},"excerpt":{"rendered":"El Col\u00b7legi Oficial d\u2019Infermeres i Infermers de les Illes Balears (COIBA) vela por la calidad de la asistencia de las...","protected":false},"author":9,"featured_media":0,"parent":0,"menu_order":0,"comment_status":"open","ping_status":"closed","template":"full_width.php","meta":{"footnotes":""},"class_list":["post-28914","page","type-page","status-publish","hentry"],"_links":{"self":[{"href":"https:\/\/infermeriabalear.com\/es\/wp-json\/wp\/v2\/pages\/28914","targetHints":{"allow":["GET"]}}],"collection":[{"href":"https:\/\/infermeriabalear.com\/es\/wp-json\/wp\/v2\/pages"}],"about":[{"href":"https:\/\/infermeriabalear.com\/es\/wp-json\/wp\/v2\/types\/page"}],"author":[{"embeddable":true,"href":"https:\/\/infermeriabalear.com\/es\/wp-json\/wp\/v2\/users\/9"}],"replies":[{"embeddable":true,"href":"https:\/\/infermeriabalear.com\/es\/wp-json\/wp\/v2\/comments?post=28914"}],"version-history":[{"count":14,"href":"https:\/\/infermeriabalear.com\/es\/wp-json\/wp\/v2\/pages\/28914\/revisions"}],"predecessor-version":[{"id":47228,"href":"https:\/\/infermeriabalear.com\/es\/wp-json\/wp\/v2\/pages\/28914\/revisions\/47228"}],"wp:attachment":[{"href":"https:\/\/infermeriabalear.com\/es\/wp-json\/wp\/v2\/media?parent=28914"}],"curies":[{"name":"wp","href":"https:\/\/api.w.org\/{rel}","templated":true}]}}