{"id":30326,"date":"2022-10-13T15:42:55","date_gmt":"2022-10-13T13:42:55","guid":{"rendered":"https:\/\/infermeriabalear.com\/?page_id=30326"},"modified":"2026-02-23T11:53:25","modified_gmt":"2026-02-23T10:53:25","slug":"acreditacion-conductas-adictivas","status":"publish","type":"page","link":"https:\/\/infermeriabalear.com\/es\/acreditacion-conductas-adictivas\/","title":{"rendered":"Acreditaci\u00f3n en conductas adictivas"},"content":{"rendered":"<div class=\"wpb-content-wrapper\"><div      class=\"vc_row wpb_row section \" style=' text-align:left;'><div class=\" clearfix\"><div class=\"wpb_column vc_column_container vc_col-sm-12\"><div class=\"vc_column-inner\"><div class=\"wpb_wrapper\"><div class=\"vc_empty_space\"   style=\"height: 45px\"><span class=\"vc_empty_space_inner\"><\/span><\/div><\/div><\/div><\/div><\/div><\/div><div      class=\"vc_row wpb_row section  grid_section\" style=' text-align:left;'><div class=\" section_inner clearfix\"><div class='section_inner_margin clearfix'><div class=\"wpb_column vc_column_container vc_col-sm-12\"><div class=\"vc_column-inner\"><div class=\"wpb_wrapper\"><blockquote class=' with_quote_icon' style=''><i class='fa fa-quote-right pull-left' style=''><\/i><h5 class='blockquote-text' style='color: #1ecad3;'>El COIBA crea como sistema de reconocimiento propio el Diploma de acreditaci\u00f3n en conductas adictivas con la intenci\u00f3n de aportar garant\u00edas a las condiciones de la pr\u00e1ctica profesional en este \u00e1mbito. Este sistema sirve para avalar los conocimientos conseguidos por profesionales enfermeros en esta materia y permite la obtenci\u00f3n de un diploma de acreditaci\u00f3n para la pr\u00e1ctica enfermera en las consultas de atenci\u00f3n a conductas adictivas.<\/h5><\/blockquote><\/div><\/div><\/div><\/div><\/div><\/div><div      class=\"vc_row wpb_row section  grid_section\" style=' text-align:left;'><div class=\" section_inner clearfix\"><div class='section_inner_margin clearfix'><div class=\"wpb_column vc_column_container vc_col-sm-12\"><div class=\"vc_column-inner\"><div class=\"wpb_wrapper\"><div class=\"vc_empty_space\"   style=\"height: 40px\"><span class=\"vc_empty_space_inner\"><\/span><\/div>\n\t<div class=\"wpb_text_column wpb_content_element \" >\n\t\t<div class=\"wpb_wrapper\">\n\t\t\t<p><strong>Requisitos para la solicitud del Diploma de acreditaci\u00f3n en conductas adictivas:<\/strong><\/p>\n<p>Podr\u00e1n solicitar la acreditaci\u00f3n aquellas enfermeras y enfermeros colegiados en el COIBA que se encuentren al corriente de su colegiaci\u00f3n y cumplan con los requerimientos especificados en el procedimiento para la obtenci\u00f3n de este certificado.<\/p>\n<p>&nbsp;<\/p>\n<p><strong>Tramitaci\u00f3n a seguir:\u00a0<\/strong><\/p>\n<p>Las solicitudes pueden presentarse en cualquier momento, en una de estas dos formas:<\/p>\n<ul>\n<li style=\"list-style-type: none;\">\n<ul>\n<li><strong>Presencialmente <\/strong>en el COIBA, entregando el <a href=\"https:\/\/infermeriabalear.com\/wp-content\/uploads\/2026\/02\/FORMUL1.pdf\" target=\"_blank\" rel=\"noopener\">formulario de solicitud<\/a> del diploma cumplimentado y la siguiente documentaci\u00f3n:\n<ul>\n<li>Curr\u00edculum profesional.<\/li>\n<li>Original y una copia de diplomas o certificados acreditativos de m\u00e9ritos de cada uno de los apartados que constan en el cuadro de requerimientos para la <a href=\"https:\/\/infermeriabalear.com\/wp-content\/uploads\/2022\/11\/BASES-DAC-Proteccion-datos-y-requisitos-CAST.pdf\" target=\"_blank\" rel=\"noopener\">acreditaci\u00f3n<\/a><\/li>\n<\/ul>\n<\/li>\n<\/ul>\n<\/li>\n<\/ul>\n<p style=\"padding-left: 40px;\">Desde el departamento de administraci\u00f3n del COIBA se devolver\u00e1n todos los documentos originales entregados por la colegiada\/o, as\u00ed como una copia de la solicitud registrada, que servir\u00e1 como justificante de entrega por la interesada\/o.<\/p>\n<p>&nbsp;<\/p>\n<ul>\n<li style=\"list-style-type: none;\">\n<ul>\n<li><strong>Telem\u00e1ticamente<\/strong>, rellenando el <a href=\"https:\/\/infermeriabalear.com\/ca\/formulari-conductes-addictives\/\" target=\"_blank\" rel=\"noopener\">formulario de solicitud online <\/a>y adjuntando la siguiente documentaci\u00f3n:\n<ul>\n<li>Curr\u00edculum profesional.<\/li>\n<li>Diplomas o certificados acreditativos de m\u00e9ritos de cada uno de los apartados que constan en el cuadro de requerimientos para la acreditaci\u00f3n, firmados digitalmente y\/o con CSV (c\u00f3digo seguro de verificaci\u00f3n).<\/li>\n<\/ul>\n<\/li>\n<\/ul>\n<\/li>\n<\/ul>\n<p style=\"padding-left: 40px;\">Desde el departamento de administraci\u00f3n del COIBA se le enviar\u00e1 a su correo una copia de la solicitud registrada, que servir\u00e1 como justificante de entrega para la interesada\/o.<\/p>\n<p>&nbsp;<\/p>\n<p><strong>Enmienda de solicitudes<\/strong><\/p>\n<p>En el supuesto que la colegiada\/o no hubiera entregado toda la documentaci\u00f3n acreditativa de sus m\u00e9ritos para la obtenci\u00f3n de la acreditaci\u00f3n, podr\u00e1 subsanar esta circunstancia y aportar toda la documentaci\u00f3n en un plazo no superior a 10 d\u00edas desde la petici\u00f3n inicial. Del mismo modo, se le podr\u00e1 requerir desde el COIBA para que complemente o subsane su reclamaci\u00f3n durante el mismo plazo. El departamento de administraci\u00f3n del COIBA ser\u00e1 el encargado de revisar la documentaci\u00f3n aportada y hacer el requerimiento correspondiente, en caso de que sea necesario.<\/p>\n<p>&nbsp;<\/p>\n<p><strong>Resoluci\u00f3n<\/strong><\/p>\n<p>Desde el COIBA se enviar\u00e1 toda la documentaci\u00f3n, as\u00ed como el formulario, al Comit\u00e9 de Acreditaci\u00f3n, que es el \u00f3rgano encargado de efectuar la valoraci\u00f3n y la propuesta para la concesi\u00f3n de la acreditaci\u00f3n.<\/p>\n<p>El Comit\u00e9 de Acreditaci\u00f3n, una vez valorada y analizada toda la documentaci\u00f3n entregada por la colegiada\/o, propondr\u00e1 a la Junta de Gobierno del COIBA la emisi\u00f3n del Diploma de acreditaci\u00f3n en la atenci\u00f3n a conductas adictivas.<\/p>\n<p>&nbsp;<\/p>\n<p><strong>Denegaci\u00f3n del Diploma de acreditaci\u00f3n<\/strong><\/p>\n<p>En el supuesto de que, una vez valorada y analizada la documentaci\u00f3n por el Comit\u00e9 de Acreditaci\u00f3n se resuelva desfavorablemente, se podr\u00e1 volver a presentar nuevamente la solicitud de obtenci\u00f3n del Diploma.<\/p>\n<p>En el supuesto que la colegiada\/o, no est\u00e9 de acuerdo con la denegaci\u00f3n de la acreditaci\u00f3n, podr\u00e1 formular en un plazo m\u00e1ximo de quince d\u00edas una reclamaci\u00f3n por escrito y debidamente fundamentada, contra la mencionada denegaci\u00f3n. Esta reclamaci\u00f3n ser\u00e1 analizada e informada por el Comit\u00e9 de Acreditaci\u00f3n.<\/p>\n\n\t\t<\/div>\n\t<\/div>\n<div class=\"vc_empty_space\"   style=\"height: 36px\"><span class=\"vc_empty_space_inner\"><\/span><\/div><\/div><\/div><\/div><\/div><\/div><\/div><div      class=\"vc_row wpb_row section  grid_section\" style=' text-align:left;'><div class=\" section_inner clearfix\"><div class='section_inner_margin clearfix'><div class=\"wpb_column vc_column_container vc_col-sm-6\"><div class=\"vc_column-inner\"><div class=\"wpb_wrapper\">\n\t<div class=\"wpb_text_column wpb_content_element \" >\n\t\t<div class=\"wpb_wrapper\">\n\t\t\t<h2 style=\"text-align: left;\">Qui\u00e9nes somos<\/h2>\n\n\t\t<\/div>\n\t<\/div>\n<div class=\"vc_empty_space\"   style=\"height: 40px\"><span class=\"vc_empty_space_inner\"><\/span><\/div><div class=\"q_icon_list\"><i class=\"fa fa-hand-o-right pull-left circle \" style=\"\"><\/i><p style=\"\">Coordinadora: Mar\u00eda Jos\u00e9 Sastre<\/p><\/div><div class=\"q_icon_list\"><i class=\"fa fa-hand-o-right pull-left circle \" style=\"\"><\/i><p style=\"\">Secretaria: Raquel Mu\u00f1oz<\/p><\/div><\/div><\/div><\/div><div class=\"wpb_column vc_column_container vc_col-sm-6\"><div class=\"vc_column-inner\"><div class=\"wpb_wrapper\"><div class=\"vc_empty_space\"   style=\"height: 75px\"><span class=\"vc_empty_space_inner\"><\/span><\/div><div class=\"q_icon_list\"><i class=\"fa fa-hand-o-right pull-left circle \" style=\"\"><\/i><p style=\"\">Carmen Gonzalvo<\/p><\/div><div class=\"q_icon_list\"><i class=\"fa fa-hand-o-right pull-left circle \" style=\"\"><\/i><p style=\"\">Rosa Gonz\u00e1lez<\/p><\/div><\/div><\/div><\/div><\/div><\/div><\/div><div      class=\"vc_row wpb_row section  grid_section\" style=' text-align:left;'><div class=\" section_inner clearfix\"><div class='section_inner_margin clearfix'><div class=\"wpb_column vc_column_container vc_col-sm-6\"><div class=\"vc_column-inner\"><div class=\"wpb_wrapper\"><div class=\"vc_empty_space\"   style=\"height: 70px\"><span class=\"vc_empty_space_inner\"><\/span><\/div>\n\t<div class=\"wpb_text_column wpb_content_element \" >\n\t\t<div class=\"wpb_wrapper\">\n\t\t\t<h2 style=\"text-align: left;\">Informaci\u00f3n adicional<\/h2>\n\n\t\t<\/div>\n\t<\/div>\n<div class=\"vc_empty_space\"   style=\"height: 40px\"><span class=\"vc_empty_space_inner\"><\/span><\/div><\/div><\/div><\/div><div class=\"wpb_column vc_column_container vc_col-sm-6\"><div class=\"vc_column-inner\"><div class=\"wpb_wrapper\"><div class=\"vc_empty_space\"   style=\"height: 70px\"><span class=\"vc_empty_space_inner\"><\/span><\/div>\n\t<div class=\"wpb_text_column wpb_content_element \" >\n\t\t<div class=\"wpb_wrapper\">\n\t\t\t<h2 style=\"text-align: left;\">Enlaces de inter\u00e9s<\/h2>\n\n\t\t<\/div>\n\t<\/div>\n<div class=\"vc_empty_space\"   style=\"height: 40px\"><span class=\"vc_empty_space_inner\"><\/span><\/div>\n\t<div class=\"q_accordion_holder clearfix wpb_content_element accordion with_icon  not-column-inherit\" data-active-tab=\"false\" data-collapsible=\"yes\">\n\t\t\t\n\t\t\t\t<h5 class=\"clearfix title-holder\" style=\"\"><span class=\"icon-wrapper\"><i class=\"fa fa-book\" style=\"color: ;\"><\/i><\/span><span class=\"accordion_mark left_mark\"><span class=\"accordion_mark_icon\"><\/span><\/span><span class=\"tab-title\">Documentaci\u00f3n para la obtenci\u00f3n del diploma de acreditaci\u00f3n<\/span><span class=\"accordion_mark right_mark\"><span class=\"accordion_mark_icon\"><\/span><\/span><\/h5>\n\t\t\t\t<div  class=\"accordion_content \">\n\t\t\t<div class=\"accordion_content_inner\">\n\t\t\t\t\n\t<div class=\"wpb_text_column wpb_content_element \" >\n\t\t<div class=\"wpb_wrapper\">\n\t\t\t<ul>\n<li><a href=\"https:\/\/infermeriabalear.com\/wp-content\/uploads\/2023\/01\/BASES-Diploma-tramitacion-telematica-CAST.pdf\" target=\"_blank\" rel=\"noopener\">Bases para la obtenci\u00f3n del diploma de acreditaci\u00f3n en conductas adictivas<\/a><\/li>\n<\/ul>\n\n\t\t<\/div>\n\t<\/div>\n\n\t\t\t<\/div>\n\t\t\t\t<\/div>\n\n\t\t\t\t<h5 class=\"clearfix title-holder\" style=\"\"><span class=\"icon-wrapper\"><i class=\"fa fa-laptop\" style=\"color: ;\"><\/i><\/span><span class=\"accordion_mark left_mark\"><span class=\"accordion_mark_icon\"><\/span><\/span><span class=\"tab-title\">Formulario online para tramitar la acreditaci\u00f3n telem\u00e1ticamente<\/span><span class=\"accordion_mark right_mark\"><span class=\"accordion_mark_icon\"><\/span><\/span><\/h5>\n\t\t\t\t<div  class=\"accordion_content \">\n\t\t\t<div class=\"accordion_content_inner\">\n\t\t\t\t\n\t<div class=\"wpb_text_column wpb_content_element \" >\n\t\t<div class=\"wpb_wrapper\">\n\t\t\t<p><a href=\"https:\/\/infermeriabalear.com\/ca\/formulari-conductes-addictives\/\" target=\"_blank\" rel=\"noopener\">Formulario de solicitud online<\/a><\/p>\n\n\t\t<\/div>\n\t<\/div>\n\n\t\t\t<\/div>\n\t\t\t\t<\/div>\n\n\t<\/div> <\/div><\/div><\/div><\/div><\/div><\/div><div      class=\"vc_row wpb_row section \" style=' text-align:left;'><div class=\" clearfix\"><div class=\"wpb_column vc_column_container vc_col-sm-12\"><div class=\"vc_column-inner\"><div class=\"wpb_wrapper\"><div class=\"vc_empty_space\"   style=\"height: 55px\"><span class=\"vc_empty_space_inner\"><\/span><\/div><\/div><\/div><\/div><\/div><\/div>\n<\/div>","protected":false},"excerpt":{"rendered":"El COIBA crea como sistema de reconocimiento propio el Diploma de acreditaci\u00f3n en conductas adictivas con la intenci\u00f3n de aportar...","protected":false},"author":9,"featured_media":0,"parent":0,"menu_order":0,"comment_status":"closed","ping_status":"closed","template":"full_width.php","meta":{"footnotes":""},"class_list":["post-30326","page","type-page","status-publish","hentry"],"_links":{"self":[{"href":"https:\/\/infermeriabalear.com\/es\/wp-json\/wp\/v2\/pages\/30326","targetHints":{"allow":["GET"]}}],"collection":[{"href":"https:\/\/infermeriabalear.com\/es\/wp-json\/wp\/v2\/pages"}],"about":[{"href":"https:\/\/infermeriabalear.com\/es\/wp-json\/wp\/v2\/types\/page"}],"author":[{"embeddable":true,"href":"https:\/\/infermeriabalear.com\/es\/wp-json\/wp\/v2\/users\/9"}],"replies":[{"embeddable":true,"href":"https:\/\/infermeriabalear.com\/es\/wp-json\/wp\/v2\/comments?post=30326"}],"version-history":[{"count":7,"href":"https:\/\/infermeriabalear.com\/es\/wp-json\/wp\/v2\/pages\/30326\/revisions"}],"predecessor-version":[{"id":46725,"href":"https:\/\/infermeriabalear.com\/es\/wp-json\/wp\/v2\/pages\/30326\/revisions\/46725"}],"wp:attachment":[{"href":"https:\/\/infermeriabalear.com\/es\/wp-json\/wp\/v2\/media?parent=30326"}],"curies":[{"name":"wp","href":"https:\/\/api.w.org\/{rel}","templated":true}]}}