{"id":34151,"date":"2023-07-11T13:47:34","date_gmt":"2023-07-11T11:47:34","guid":{"rendered":"https:\/\/infermeriabalear.com\/?page_id=34151"},"modified":"2023-07-11T13:47:47","modified_gmt":"2023-07-11T11:47:47","slug":"alta-sociedad-cientifica","status":"publish","type":"page","link":"https:\/\/infermeriabalear.com\/es\/alta-sociedad-cientifica\/","title":{"rendered":"Alta asociaci\u00f3n o sociedad cient\u00edfica"},"content":{"rendered":"<div class=\"wpforms-container wpforms-container-full wpforms-block wpforms-render-modern\" id=\"wpforms-34146\"><form id=\"wpforms-form-34146\" class=\"wpforms-validate wpforms-form wpforms-ajax-form\" data-formid=\"34146\" method=\"post\" enctype=\"multipart\/form-data\" action=\"\/es\/wp-json\/wp\/v2\/pages\/34151?wpforms_form_id=34146\" data-token=\"d4e2af1bab60cbe77d09413efd855b80\" data-token-time=\"1775293293\"><noscript class=\"wpforms-error-noscript\">Por favor, activa JavaScript en tu navegador para completar este formulario.<\/noscript><div id=\"wpforms-error-noscript\" style=\"display: none;\">Por favor, activa JavaScript en tu navegador para completar este formulario.<\/div><div class=\"wpforms-field-container\"><div id=\"wpforms-34146-field_1-container\" class=\"wpforms-field wpforms-field-text\" data-field-id=\"1\"><label class=\"wpforms-field-label\" for=\"wpforms-34146-field_1\">Nombre de la asociaci\u00f3n o sociedad cient\u00edfica <span class=\"wpforms-required-label\" aria-hidden=\"true\">*<\/span><\/label><input type=\"text\" id=\"wpforms-34146-field_1\" class=\"wpforms-field-medium wpforms-field-required\" name=\"wpforms[fields][1]\" aria-errormessage=\"wpforms-34146-field_1-error\" required><\/div><div id=\"wpforms-34146-field_2-container\" class=\"wpforms-field wpforms-field-text\" data-field-id=\"2\"><label class=\"wpforms-field-label\" for=\"wpforms-34146-field_2\">CIF de la entidad <span class=\"wpforms-required-label\" aria-hidden=\"true\">*<\/span><\/label><input type=\"text\" id=\"wpforms-34146-field_2\" class=\"wpforms-field-small wpforms-field-required\" name=\"wpforms[fields][2]\" aria-errormessage=\"wpforms-34146-field_2-error\" required><\/div><div id=\"wpforms-34146-field_4-container\" class=\"wpforms-field wpforms-field-text\" data-field-id=\"4\"><label class=\"wpforms-field-label\" for=\"wpforms-34146-field_4\">Domicilio fiscal <span class=\"wpforms-required-label\" aria-hidden=\"true\">*<\/span><\/label><input type=\"text\" id=\"wpforms-34146-field_4\" class=\"wpforms-field-large wpforms-field-required\" name=\"wpforms[fields][4]\" aria-errormessage=\"wpforms-34146-field_4-error\" aria-describedby=\"wpforms-34146-field_4-description\" required><div id=\"wpforms-34146-field_4-description\" class=\"wpforms-field-description\">Calle, portal, piso, c\u00f3digo postal, localidad y provincia.<\/div><\/div><div id=\"wpforms-34146-field_5-container\" class=\"wpforms-field wpforms-field-phone\" data-field-id=\"5\"><label class=\"wpforms-field-label\" for=\"wpforms-34146-field_5\">Tel\u00e9fono\/s de contacto <span class=\"wpforms-required-label\" aria-hidden=\"true\">*<\/span><\/label><input type=\"tel\" id=\"wpforms-34146-field_5\" class=\"wpforms-field-medium wpforms-field-required\" data-rule-int-phone-field=\"true\" name=\"wpforms[fields][5]\" aria-label=\"Tel\u00e9fono\/s de contacto\" aria-errormessage=\"wpforms-34146-field_5-error\" aria-describedby=\"wpforms-34146-field_5-description\" required><div id=\"wpforms-34146-field_5-description\" class=\"wpforms-field-description\">En el caso de que se quieran introducir varios n\u00fameros de tel\u00e9fono, pueden indicarse separados por comas.<\/div><\/div><div id=\"wpforms-34146-field_8-container\" class=\"wpforms-field wpforms-field-email\" data-field-id=\"8\"><label class=\"wpforms-field-label\" for=\"wpforms-34146-field_8\">Correo electr\u00f3nico de contacto <span class=\"wpforms-required-label\" aria-hidden=\"true\">*<\/span><\/label><input type=\"email\" id=\"wpforms-34146-field_8\" class=\"wpforms-field-medium wpforms-field-required\" name=\"wpforms[fields][8]\" spellcheck=\"false\" aria-errormessage=\"wpforms-34146-field_8-error\" required><\/div><div id=\"wpforms-34146-field_7-container\" class=\"wpforms-field wpforms-field-url\" data-field-id=\"7\"><label class=\"wpforms-field-label\" for=\"wpforms-34146-field_7\">URL de la p\u00e1gina web de la asociaci\u00f3n<\/label><input type=\"url\" id=\"wpforms-34146-field_7\" class=\"wpforms-field-medium\" name=\"wpforms[fields][7]\" aria-errormessage=\"wpforms-34146-field_7-error\" ><\/div><div id=\"wpforms-34146-field_6-container\" class=\"wpforms-field wpforms-field-name\" data-field-id=\"6\"><fieldset><legend class=\"wpforms-field-label\">Nombre completo del presidente \/ la presidenta <span class=\"wpforms-required-label\" aria-hidden=\"true\">*<\/span><\/legend><div class=\"wpforms-field-row wpforms-field-large\"><div class=\"wpforms-field-row-block wpforms-first wpforms-one-half\"><input type=\"text\" id=\"wpforms-34146-field_6\" class=\"wpforms-field-name-first wpforms-field-required\" name=\"wpforms[fields][6][first]\" aria-errormessage=\"wpforms-34146-field_6-error\" required><label for=\"wpforms-34146-field_6\" class=\"wpforms-field-sublabel after\">Nombre<\/label><\/div><div class=\"wpforms-field-row-block wpforms-one-half\"><input type=\"text\" id=\"wpforms-34146-field_6-last\" class=\"wpforms-field-name-last wpforms-field-required\" name=\"wpforms[fields][6][last]\" aria-errormessage=\"wpforms-34146-field_6-last-error\" required><label for=\"wpforms-34146-field_6-last\" class=\"wpforms-field-sublabel after\">Apellidos<\/label><\/div><\/div><\/fieldset><\/div><div id=\"wpforms-34146-field_9-container\" class=\"wpforms-field wpforms-field-textarea\" data-field-id=\"9\"><label class=\"wpforms-field-label\" for=\"wpforms-34146-field_9\">Perfiles de la asociaci\u00f3n en redes sociales <\/label><textarea id=\"wpforms-34146-field_9\" class=\"wpforms-field-medium\" name=\"wpforms[fields][9]\" aria-errormessage=\"wpforms-34146-field_9-error\" aria-describedby=\"wpforms-34146-field_9-description\" ><\/textarea><div id=\"wpforms-34146-field_9-description\" class=\"wpforms-field-description\">Especifica el nombre exacto en cada red, si no es el mismo en todas.<\/div><\/div><div id=\"wpforms-34146-field_10-container\" class=\"wpforms-field wpforms-field-text\" data-field-id=\"10\"><label class=\"wpforms-field-label\" for=\"wpforms-34146-field_10\">Nombres de asociados<\/label><input type=\"text\" id=\"wpforms-34146-field_10\" class=\"wpforms-field-large\" name=\"wpforms[fields][10]\" aria-errormessage=\"wpforms-34146-field_10-error\" ><\/div><div id=\"wpforms-34146-field_24-container\" class=\"wpforms-field wpforms-field-file-upload\" data-field-id=\"24\"><label class=\"wpforms-field-label\" for=\"wpforms-34146-field_24\">Documentos a aportar: <span class=\"wpforms-required-label\" aria-hidden=\"true\">*<\/span><\/label><div\n\t\tclass=\"wpforms-uploader\"\n\t\tdata-field-id=\"24\"\n\t\tdata-form-id=\"34146\"\n\t\tdata-input-name=\"wpforms_34146_24\"\n\t\tdata-extensions=\"jpg,jpeg,jpe,gif,png,bmp,tiff,tif,webp,avif,ico,heic,heif,heics,heifs,asf,asx,wmv,wmx,wm,avi,divx,mov,qt,mpeg,mpg,mpe,mp4,m4v,ogv,webm,mkv,3gp,3gpp,3g2,3gp2,txt,asc,c,cc,h,srt,csv,tsv,ics,rtx,css,vtt,mp3,m4a,m4b,aac,ra,ram,wav,x-wav,ogg,oga,flac,mid,midi,wma,wax,mka,rtf,pdf,class,tar,zip,gz,gzip,rar,7z,psd,xcf,doc,pot,pps,ppt,wri,xla,xls,xlt,xlw,mpp,docx,docm,dotx,dotm,xlsx,xlsm,xlsb,xltx,xltm,xlam,pptx,pptm,ppsx,ppsm,potx,potm,ppam,sldx,sldm,onetoc,onetoc2,onepkg,oxps,xps,odt,odp,ods,odg,odc,odb,odf,wp,wpd,key,numbers,pages,svg\"\n\t\tdata-max-size=\"67108864\"\n\t\tdata-max-file-number=\"15\"\n\t\tdata-post-max-size=\"67108864\"\n\t\tdata-max-parallel-uploads=\"4\"\n\t\tdata-parallel-uploads=\"true\"\n\t\tdata-file-chunk-size=\"2097152\">\n\t<div class=\"dz-message\">\n\t\t<svg viewBox=\"0 0 1024 1024\" focusable=\"false\" data-icon=\"inbox\" width=\"50px\" height=\"50px\" fill=\"currentColor\" aria-hidden=\"true\">\n\t\t\t<path d=\"M885.2 446.3l-.2-.8-112.2-285.1c-5-16.1-19.9-27.2-36.8-27.2H281.2c-17 0-32.1 11.3-36.9 27.6L139.4 443l-.3.7-.2.8c-1.3 4.9-1.7 9.9-1 14.8-.1 1.6-.2 3.2-.2 4.8V830a60.9 60.9 0 0 0 60.8 60.8h627.2c33.5 0 60.8-27.3 60.9-60.8V464.1c0-1.3 0-2.6-.1-3.7.4-4.9 0-9.6-1.3-14.1zm-295.8-43l-.3 15.7c-.8 44.9-31.8 75.1-77.1 75.1-22.1 0-41.1-7.1-54.8-20.6S436 441.2 435.6 419l-.3-15.7H229.5L309 210h399.2l81.7 193.3H589.4zm-375 76.8h157.3c24.3 57.1 76 90.8 140.4 90.8 33.7 0 65-9.4 90.3-27.2 22.2-15.6 39.5-37.4 50.7-63.6h156.5V814H214.4V480.1z\"><\/path>\n\t\t<\/svg>\n\t\t<span class=\"modern-title\">Haz clic o arrastra archivos a esta \u00e1rea para subirlos.<\/span>\n\n\t\t\t\t\t<span class=\"modern-hint\">Puedes subir hasta 15 archivos.<\/span>\n\t\t\t<\/div>\n<\/div>\n<input\n\t\ttype=\"text\"\n\t\tautocomplete=\"off\"\n\t\treadonly\n\t\tclass=\"dropzone-input\"\n\t\tstyle=\"position:absolute!important;clip:rect(0,0,0,0)!important;height:1px!important;width:1px!important;border:0!important;overflow:hidden!important;padding:0!important;margin:0!important;\"\n\t\tid=\"wpforms-34146-field_24\"\n\t\tname=\"wpforms_34146_24\" required\t\tvalue=\"\">\n<div id=\"wpforms-34146-field_24-description\" class=\"wpforms-field-description\">&#8211; Acuerdo de constituci\u00f3n &#8211; Estatutos &#8211; Acta fundacional &#8211; Certificado de inscripci\u00f3n en el registro de asociaciones de la CAIB. <\/div><\/div><div id=\"wpforms-34146-field_25-container\" class=\"wpforms-field wpforms-field-divider\" data-field-id=\"25\"><h3 id=\"wpforms-34146-field_25\" aria-errormessage=\"wpforms-34146-field_25-error\" aria-describedby=\"wpforms-34146-field_25-description\">Informaci\u00f3n b\u00e1sica de protecci\u00f3n de datos. Responsable: Col\u00b7legi Oficial d&#039;Infermeres i Infermers de les Illes Balears. Prop\u00f3sito:<\/h3><div id=\"wpforms-34146-field_25-description\" class=\"wpforms-field-description\">Gesti\u00f3n de actividades propias del colegio profesional para el cumplimiento de las funciones legalmente establecidas y el control y la gesti\u00f3n de las sociedades profesionales. Gestionar el env\u00edo de informaci\u00f3n y prospecci\u00f3n comercial.\r\nLEGITIMACI\u00d3N: Cumplimiento de una obligaci\u00f3n legal y consentimiento del interesado. DESTINATARIOS: Los datos del colegiado se ceden a la mutua, entidades aseguradoras, administraci\u00f3n p\u00fablica competente, sin previsi\u00f3n de transferencia de datos en terceros pa\u00edses. No se toman decisiones de adecuaci\u00f3n, garant\u00edas, normas corporativas vinculantes ni situaciones espec\u00edficas aplicables. DERECHOS: tiene derecho a acceder, rectificar y suprimir los datos, as\u00ed como a la informaci\u00f3n adicional. INFORMACI\u00d3N ADICIONAL: puede encontrar informaci\u00f3n adicional y detallada sobre protecci\u00f3n de datos en nuestra p\u00e1gina web: www.infermeriabalear.com    <\/div><\/div><div id=\"wpforms-34146-field_27-container\" class=\"wpforms-field wpforms-field-radio wpforms-list-2-columns\" data-field-id=\"27\"><fieldset><legend class=\"wpforms-field-label\">Solicitamos tu autorizaci\u00f3n para mantener comunicaciones con la asociaci\u00f3n a trav\u00e9s de cualquier medio, incluyendo: tel\u00e9fono, SMS, Email, WhatsApp y Newsletter. <span class=\"wpforms-required-label\" aria-hidden=\"true\">*<\/span><\/legend><ul id=\"wpforms-34146-field_27\" class=\"wpforms-field-required\"><li class=\"choice-1 depth-1\"><input type=\"radio\" id=\"wpforms-34146-field_27_1\" name=\"wpforms[fields][27]\" value=\"S\u00ed\" aria-errormessage=\"wpforms-34146-field_27_1-error\" required ><label class=\"wpforms-field-label-inline\" for=\"wpforms-34146-field_27_1\">S\u00ed<\/label><\/li><li class=\"choice-2 depth-1\"><input type=\"radio\" id=\"wpforms-34146-field_27_2\" name=\"wpforms[fields][27]\" value=\"No\" aria-errormessage=\"wpforms-34146-field_27_2-error\" required ><label class=\"wpforms-field-label-inline\" for=\"wpforms-34146-field_27_2\">No<\/label><\/li><\/ul><\/fieldset><\/div><\/div><!-- .wpforms-field-container --><div class=\"wpforms-recaptcha-container wpforms-is-recaptcha wpforms-is-recaptcha-type-v2\" ><div class=\"g-recaptcha\" data-sitekey=\"6LdgD0UfAAAAALT79mnC6rehhn6iY0jKmk8Ju_WA\"><\/div><input type=\"text\" name=\"g-recaptcha-hidden\" class=\"wpforms-recaptcha-hidden\" style=\"position:absolute!important;clip:rect(0,0,0,0)!important;height:1px!important;width:1px!important;border:0!important;overflow:hidden!important;padding:0!important;margin:0!important;\" data-rule-recaptcha=\"1\"><\/div><div class=\"wpforms-submit-container\" ><input type=\"hidden\" name=\"wpforms[id]\" value=\"34146\"><input type=\"hidden\" name=\"page_title\" value=\"\"><input type=\"hidden\" name=\"page_url\" value=\"https:\/\/infermeriabalear.com\/es\/wp-json\/wp\/v2\/pages\/34151\"><input type=\"hidden\" name=\"url_referer\" value=\"\"><button type=\"submit\" name=\"wpforms[submit]\" id=\"wpforms-submit-34146\" class=\"wpforms-submit\" data-alt-text=\"Enviant...\" data-submit-text=\"Enviar\" aria-live=\"assertive\" value=\"wpforms-submit\">Enviar<\/button><img loading=\"lazy\" decoding=\"async\" src=\"https:\/\/infermeriabalear.com\/wp-content\/plugins\/wpforms\/assets\/images\/submit-spin.svg\" class=\"wpforms-submit-spinner\" style=\"display: none;\" width=\"26\" height=\"26\" alt=\"Cargando\"><\/div><\/form><\/div>  <!-- .wpforms-container -->","protected":false},"excerpt":{"rendered":"","protected":false},"author":9,"featured_media":0,"parent":0,"menu_order":0,"comment_status":"closed","ping_status":"closed","template":"","meta":{"footnotes":""},"class_list":["post-34151","page","type-page","status-publish","hentry"],"_links":{"self":[{"href":"https:\/\/infermeriabalear.com\/es\/wp-json\/wp\/v2\/pages\/34151","targetHints":{"allow":["GET"]}}],"collection":[{"href":"https:\/\/infermeriabalear.com\/es\/wp-json\/wp\/v2\/pages"}],"about":[{"href":"https:\/\/infermeriabalear.com\/es\/wp-json\/wp\/v2\/types\/page"}],"author":[{"embeddable":true,"href":"https:\/\/infermeriabalear.com\/es\/wp-json\/wp\/v2\/users\/9"}],"replies":[{"embeddable":true,"href":"https:\/\/infermeriabalear.com\/es\/wp-json\/wp\/v2\/comments?post=34151"}],"version-history":[{"count":1,"href":"https:\/\/infermeriabalear.com\/es\/wp-json\/wp\/v2\/pages\/34151\/revisions"}],"predecessor-version":[{"id":34152,"href":"https:\/\/infermeriabalear.com\/es\/wp-json\/wp\/v2\/pages\/34151\/revisions\/34152"}],"wp:attachment":[{"href":"https:\/\/infermeriabalear.com\/es\/wp-json\/wp\/v2\/media?parent=34151"}],"curies":[{"name":"wp","href":"https:\/\/api.w.org\/{rel}","templated":true}]}}