{"id":35099,"date":"2023-09-20T15:43:01","date_gmt":"2023-09-20T13:43:01","guid":{"rendered":"https:\/\/infermeriabalear.com\/?page_id=35099"},"modified":"2025-09-25T14:07:57","modified_gmt":"2025-09-25T12:07:57","slug":"ajudes-projectes-socials-2025","status":"publish","type":"page","link":"https:\/\/infermeriabalear.com\/es\/ajudes-projectes-socials-2025\/","title":{"rendered":"Ajudes Projectes Socials 2025"},"content":{"rendered":"<div class=\"wpforms-container wpforms-container-full wpforms-block wpforms-render-modern\" id=\"wpforms-35072\"><form id=\"wpforms-form-35072\" class=\"wpforms-validate wpforms-form wpforms-ajax-form\" data-formid=\"35072\" method=\"post\" enctype=\"multipart\/form-data\" action=\"\/es\/wp-json\/wp\/v2\/pages\/35099\" data-token=\"bbaa5abb28876a74850a7bf927e0f7c3\" data-token-time=\"1777197142\"><noscript class=\"wpforms-error-noscript\">Por favor, activa JavaScript en tu navegador para completar este formulario.<\/noscript><div id=\"wpforms-error-noscript\" style=\"display: none;\">Por favor, activa JavaScript en tu navegador para completar este formulario.<\/div><div class=\"wpforms-field-container\"><div id=\"wpforms-35072-field_2-container\" class=\"wpforms-field wpforms-field-divider\" data-field-id=\"2\"><h3 id=\"wpforms-35072-field_2\" aria-errormessage=\"wpforms-35072-field_2-error\">DATOS DE LA ENTIDAD <\/h3><\/div><div id=\"wpforms-35072-field_3-container\" class=\"wpforms-field wpforms-field-text\" data-field-id=\"3\"><label class=\"wpforms-field-label\" for=\"wpforms-35072-field_3\">Nombre de la organizaci\u00f3n <span class=\"wpforms-required-label\" aria-hidden=\"true\">*<\/span><\/label><input type=\"text\" id=\"wpforms-35072-field_3\" class=\"wpforms-field-medium wpforms-field-required\" name=\"wpforms[fields][3]\" aria-errormessage=\"wpforms-35072-field_3-error\" required><\/div><div id=\"wpforms-35072-field_17-container\" class=\"wpforms-field wpforms-field-text\" data-field-id=\"17\"><label class=\"wpforms-field-label\" for=\"wpforms-35072-field_17\">N\u00famero de registro de la organizaci\u00f3n <span class=\"wpforms-required-label\" aria-hidden=\"true\">*<\/span><\/label><input type=\"text\" id=\"wpforms-35072-field_17\" class=\"wpforms-field-medium wpforms-field-required\" name=\"wpforms[fields][17]\" aria-errormessage=\"wpforms-35072-field_17-error\" required><\/div><div id=\"wpforms-35072-field_5-container\" class=\"wpforms-field wpforms-field-text\" data-field-id=\"5\"><label class=\"wpforms-field-label\" for=\"wpforms-35072-field_5\">NIF de la organizaci\u00f3n <span class=\"wpforms-required-label\" aria-hidden=\"true\">*<\/span><\/label><input type=\"text\" id=\"wpforms-35072-field_5\" class=\"wpforms-field-small wpforms-field-required\" name=\"wpforms[fields][5]\" aria-errormessage=\"wpforms-35072-field_5-error\" required><\/div><div id=\"wpforms-35072-field_7-container\" class=\"wpforms-field wpforms-field-text\" data-field-id=\"7\"><label class=\"wpforms-field-label\" for=\"wpforms-35072-field_7\">Direcci\u00f3n postal <span class=\"wpforms-required-label\" aria-hidden=\"true\">*<\/span><\/label><input type=\"text\" id=\"wpforms-35072-field_7\" class=\"wpforms-field-medium wpforms-field-required\" name=\"wpforms[fields][7]\" aria-errormessage=\"wpforms-35072-field_7-error\" aria-describedby=\"wpforms-35072-field_7-description\" required><div id=\"wpforms-35072-field_7-description\" class=\"wpforms-field-description\">Calle, portal, piso, c\u00f3digo postal y poblaci\u00f3n.<\/div><\/div><div id=\"wpforms-35072-field_21-container\" class=\"wpforms-field wpforms-field-phone\" data-field-id=\"21\"><label class=\"wpforms-field-label\" for=\"wpforms-35072-field_21\">Tel\u00e9fono <span class=\"wpforms-required-label\" aria-hidden=\"true\">*<\/span><\/label><input type=\"tel\" id=\"wpforms-35072-field_21\" class=\"wpforms-field-small wpforms-field-required\" data-rule-int-phone-field=\"true\" name=\"wpforms[fields][21]\" aria-label=\"Tel\u00e9fono\" aria-errormessage=\"wpforms-35072-field_21-error\" required><\/div><div id=\"wpforms-35072-field_20-container\" class=\"wpforms-field wpforms-field-email\" data-field-id=\"20\"><label class=\"wpforms-field-label\" for=\"wpforms-35072-field_20\">Correo electr\u00f3nico <span class=\"wpforms-required-label\" aria-hidden=\"true\">*<\/span><\/label><input type=\"email\" id=\"wpforms-35072-field_20\" class=\"wpforms-field-medium wpforms-field-required\" name=\"wpforms[fields][20]\" spellcheck=\"false\" aria-errormessage=\"wpforms-35072-field_20-error\" required><\/div><div id=\"wpforms-35072-field_19-container\" class=\"wpforms-field wpforms-field-url\" data-field-id=\"19\"><label class=\"wpforms-field-label\" for=\"wpforms-35072-field_19\">P\u00e1gina web<\/label><input type=\"url\" id=\"wpforms-35072-field_19\" class=\"wpforms-field-medium\" name=\"wpforms[fields][19]\" aria-errormessage=\"wpforms-35072-field_19-error\" ><\/div><div id=\"wpforms-35072-field_8-container\" class=\"wpforms-field wpforms-field-divider\" data-field-id=\"8\"><h3 id=\"wpforms-35072-field_8\" aria-errormessage=\"wpforms-35072-field_8-error\">DATOS DE LOS \/ LAS REPRESENTANTES Y PERSONAS DE CONTACTO<\/h3><\/div><div id=\"wpforms-35072-field_9-container\" class=\"wpforms-field wpforms-field-name\" data-field-id=\"9\"><fieldset><legend class=\"wpforms-field-label\">Nombre y apellidos de la persona de contacto en la organizaci\u00f3n <span class=\"wpforms-required-label\" aria-hidden=\"true\">*<\/span><\/legend><div class=\"wpforms-field-row wpforms-field-large\"><div class=\"wpforms-field-row-block wpforms-first wpforms-one-half\"><input type=\"text\" id=\"wpforms-35072-field_9\" class=\"wpforms-field-name-first wpforms-field-required\" name=\"wpforms[fields][9][first]\" aria-errormessage=\"wpforms-35072-field_9-error\" required><label for=\"wpforms-35072-field_9\" class=\"wpforms-field-sublabel after\">Nombre<\/label><\/div><div class=\"wpforms-field-row-block wpforms-one-half\"><input type=\"text\" id=\"wpforms-35072-field_9-last\" class=\"wpforms-field-name-last wpforms-field-required\" name=\"wpforms[fields][9][last]\" aria-errormessage=\"wpforms-35072-field_9-last-error\" required><label for=\"wpforms-35072-field_9-last\" class=\"wpforms-field-sublabel after\">Apellidos<\/label><\/div><\/div><\/fieldset><\/div><div id=\"wpforms-35072-field_23-container\" class=\"wpforms-field wpforms-field-name\" data-field-id=\"23\"><fieldset><legend class=\"wpforms-field-label\">Nombre y apellidos del \/ la representante legal o administrador\/a <span class=\"wpforms-required-label\" aria-hidden=\"true\">*<\/span><\/legend><div class=\"wpforms-field-row wpforms-field-large\"><div class=\"wpforms-field-row-block wpforms-first wpforms-one-half\"><input type=\"text\" id=\"wpforms-35072-field_23\" class=\"wpforms-field-name-first wpforms-field-required\" name=\"wpforms[fields][23][first]\" aria-errormessage=\"wpforms-35072-field_23-error\" required><label for=\"wpforms-35072-field_23\" class=\"wpforms-field-sublabel after\">Nombre<\/label><\/div><div class=\"wpforms-field-row-block wpforms-one-half\"><input type=\"text\" id=\"wpforms-35072-field_23-last\" class=\"wpforms-field-name-last wpforms-field-required\" name=\"wpforms[fields][23][last]\" aria-errormessage=\"wpforms-35072-field_23-last-error\" required><label for=\"wpforms-35072-field_23-last\" class=\"wpforms-field-sublabel after\">Apellidos<\/label><\/div><\/div><\/fieldset><\/div><div id=\"wpforms-35072-field_11-container\" class=\"wpforms-field wpforms-field-text\" data-field-id=\"11\"><label class=\"wpforms-field-label\" for=\"wpforms-35072-field_11\">DNI del \/ la representante legal o administrador\/a <span class=\"wpforms-required-label\" aria-hidden=\"true\">*<\/span><\/label><input type=\"text\" id=\"wpforms-35072-field_11\" class=\"wpforms-field-medium wpforms-field-required\" name=\"wpforms[fields][11]\" aria-errormessage=\"wpforms-35072-field_11-error\" required><\/div><div id=\"wpforms-35072-field_24-container\" class=\"wpforms-field wpforms-field-textarea\" data-field-id=\"24\"><label class=\"wpforms-field-label\" for=\"wpforms-35072-field_24\">Nombres, apellidos y DNIs de los \/ las miembros del Patronato o Junta Directiva:<\/label><textarea id=\"wpforms-35072-field_24\" class=\"wpforms-field-medium\" name=\"wpforms[fields][24]\" aria-errormessage=\"wpforms-35072-field_24-error\" ><\/textarea><\/div><div id=\"wpforms-35072-field_37-container\" class=\"wpforms-field wpforms-field-textarea\" data-field-id=\"37\"><label class=\"wpforms-field-label\" for=\"wpforms-35072-field_37\">Experiencia previa en proyectos sociales, trayectoria de la asociaci\u00f3n<\/label><textarea id=\"wpforms-35072-field_37\" class=\"wpforms-field-medium\" name=\"wpforms[fields][37]\" aria-errormessage=\"wpforms-35072-field_37-error\" ><\/textarea><\/div><div id=\"wpforms-35072-field_25-container\" class=\"wpforms-field wpforms-field-divider\" data-field-id=\"25\"><h3 id=\"wpforms-35072-field_25\" aria-errormessage=\"wpforms-35072-field_25-error\">MEMORIA DEL PROYECTO<\/h3><\/div><div id=\"wpforms-35072-field_26-container\" class=\"wpforms-field wpforms-field-text\" data-field-id=\"26\"><label class=\"wpforms-field-label\" for=\"wpforms-35072-field_26\">T\u00edtulo <span class=\"wpforms-required-label\" aria-hidden=\"true\">*<\/span><\/label><input type=\"text\" id=\"wpforms-35072-field_26\" class=\"wpforms-field-large wpforms-field-required\" name=\"wpforms[fields][26]\" aria-errormessage=\"wpforms-35072-field_26-error\" required><\/div><div id=\"wpforms-35072-field_28-container\" class=\"wpforms-field wpforms-field-textarea\" data-field-id=\"28\"><label class=\"wpforms-field-label\" for=\"wpforms-35072-field_28\">Descripci\u00f3n del proyecto <span class=\"wpforms-required-label\" aria-hidden=\"true\">*<\/span><\/label><textarea id=\"wpforms-35072-field_28\" class=\"wpforms-field-large wpforms-field-required\" name=\"wpforms[fields][28]\" aria-errormessage=\"wpforms-35072-field_28-error\" required><\/textarea><\/div><div id=\"wpforms-35072-field_29-container\" class=\"wpforms-field wpforms-field-text\" data-field-id=\"29\"><label class=\"wpforms-field-label\" for=\"wpforms-35072-field_29\">Localizaci\u00f3n del proyecto <span class=\"wpforms-required-label\" aria-hidden=\"true\">*<\/span><\/label><input type=\"text\" id=\"wpforms-35072-field_29\" class=\"wpforms-field-medium wpforms-field-required\" name=\"wpforms[fields][29]\" aria-errormessage=\"wpforms-35072-field_29-error\" aria-describedby=\"wpforms-35072-field_29-description\" required><div id=\"wpforms-35072-field_29-description\" class=\"wpforms-field-description\">\u00bfEn qu\u00e9 lugar f\u00edsico se desarrollar\u00e1? (Ejem: en Balears, en Mallorca, en Manacor&#8230;)<\/div><\/div><div id=\"wpforms-35072-field_47-container\" class=\"wpforms-field wpforms-field-select wpforms-field-select-style-classic\" data-field-id=\"47\"><label class=\"wpforms-field-label\" for=\"wpforms-35072-field_47\">\u00c1mbito en el que se encuadra el proyecto <span class=\"wpforms-required-label\" aria-hidden=\"true\">*<\/span><\/label><select id=\"wpforms-35072-field_47\" class=\"wpforms-field-medium wpforms-field-required\" name=\"wpforms[fields][47]\" required=\"required\"><option value=\"1.\tPromoci\u00f3n de la autonom\u00eda personal y atenci\u00f3n al envejecimiento, a la discapacidad y a la enfermedad\" >1.\tPromoci\u00f3n de la autonom\u00eda personal y atenci\u00f3n al envejecimiento, a la discapacidad y a la enfermedad<\/option><option value=\"2.\tAyuda a la infancia. Promoci\u00f3n del desarrollo social y educativo de ni\u00f1os y j\u00f3venes de familias en situaci\u00f3n de pobreza\" >2.\tAyuda a la infancia. Promoci\u00f3n del desarrollo social y educativo de ni\u00f1os y j\u00f3venes de familias en situaci\u00f3n de pobreza<\/option><option value=\"3.\tViolencia machista. Proyectos cuyo objetivo sea la mejora de la situaci\u00f3n de las mujeres v\u00edctimas de violencia machista en cualquier \u00e1mbito\" >3.\tViolencia machista. Proyectos cuyo objetivo sea la mejora de la situaci\u00f3n de las mujeres v\u00edctimas de violencia machista en cualquier \u00e1mbito<\/option><option value=\"4.\tAtenci\u00f3n sociosanitaria a colectivos vulnerables: personas sin hogar, mujeres prostituidas, inmigrantes, j\u00f3venes en riesgo de exclusi\u00f3n\" >4.\tAtenci\u00f3n sociosanitaria a colectivos vulnerables: personas sin hogar, mujeres prostituidas, inmigrantes, j\u00f3venes en riesgo de exclusi\u00f3n<\/option><\/select><\/div><div id=\"wpforms-35072-field_31-container\" class=\"wpforms-field wpforms-field-number\" data-field-id=\"31\"><label class=\"wpforms-field-label\" for=\"wpforms-35072-field_31\">Poblaci\u00f3n beneficiaria y su contexto <span class=\"wpforms-required-label\" aria-hidden=\"true\">*<\/span><\/label><input type=\"number\" id=\"wpforms-35072-field_31\" class=\"wpforms-field-medium wpforms-field-required\" name=\"wpforms[fields][31]\" step=\"any\" aria-errormessage=\"wpforms-35072-field_31-error\" required><\/div><div id=\"wpforms-35072-field_32-container\" class=\"wpforms-field wpforms-field-number\" data-field-id=\"32\"><label class=\"wpforms-field-label\" for=\"wpforms-35072-field_32\">N\u00famero de beneficiarios directos e indirectos <span class=\"wpforms-required-label\" aria-hidden=\"true\">*<\/span><\/label><input type=\"number\" id=\"wpforms-35072-field_32\" class=\"wpforms-field-medium wpforms-field-required\" name=\"wpforms[fields][32]\" step=\"any\" aria-errormessage=\"wpforms-35072-field_32-error\" required><\/div><div id=\"wpforms-35072-field_39-container\" class=\"wpforms-field wpforms-field-textarea\" data-field-id=\"39\"><label class=\"wpforms-field-label\" for=\"wpforms-35072-field_39\">Participaci\u00f3n de la poblaci\u00f3n y voluntariado <span class=\"wpforms-required-label\" aria-hidden=\"true\">*<\/span><\/label><textarea id=\"wpforms-35072-field_39\" class=\"wpforms-field-medium wpforms-field-required\" name=\"wpforms[fields][39]\" aria-errormessage=\"wpforms-35072-field_39-error\" aria-describedby=\"wpforms-35072-field_39-description\" required><\/textarea><div id=\"wpforms-35072-field_39-description\" class=\"wpforms-field-description\">\u00bfEste proyecto cuenta con participaci\u00f3n ciudadana o est\u00e1n involucrados \u00fanicamente los miembros de la asociaci\u00f3n?<\/div><\/div><div id=\"wpforms-35072-field_40-container\" class=\"wpforms-field wpforms-field-textarea\" data-field-id=\"40\"><label class=\"wpforms-field-label\" for=\"wpforms-35072-field_40\">Enfoque de g\u00e9nero <span class=\"wpforms-required-label\" aria-hidden=\"true\">*<\/span><\/label><textarea id=\"wpforms-35072-field_40\" class=\"wpforms-field-medium wpforms-field-required\" name=\"wpforms[fields][40]\" aria-errormessage=\"wpforms-35072-field_40-error\" aria-describedby=\"wpforms-35072-field_40-description\" required><\/textarea><div id=\"wpforms-35072-field_40-description\" class=\"wpforms-field-description\">\u00bfEl proyecto cuenta con perspectiva de g\u00e9nero?<\/div><\/div><div id=\"wpforms-35072-field_41-container\" class=\"wpforms-field wpforms-field-textarea\" data-field-id=\"41\"><label class=\"wpforms-field-label\" for=\"wpforms-35072-field_41\">Justificaci\u00f3n de las necesidades <span class=\"wpforms-required-label\" aria-hidden=\"true\">*<\/span><\/label><textarea id=\"wpforms-35072-field_41\" class=\"wpforms-field-medium wpforms-field-required\" name=\"wpforms[fields][41]\" aria-errormessage=\"wpforms-35072-field_41-error\" aria-describedby=\"wpforms-35072-field_41-description\" required><\/textarea><div id=\"wpforms-35072-field_41-description\" class=\"wpforms-field-description\">\u00bfPor qu\u00e9 es necesario desarrollar el proyecto?<\/div><\/div><div id=\"wpforms-35072-field_42-container\" class=\"wpforms-field wpforms-field-textarea\" data-field-id=\"42\"><label class=\"wpforms-field-label\" for=\"wpforms-35072-field_42\">Descripci\u00f3n detallada de las actividades que se llevar\u00e1n a cabo con la ayuda <span class=\"wpforms-required-label\" aria-hidden=\"true\">*<\/span><\/label><textarea id=\"wpforms-35072-field_42\" class=\"wpforms-field-large wpforms-field-required\" name=\"wpforms[fields][42]\" aria-errormessage=\"wpforms-35072-field_42-error\" required><\/textarea><\/div><div id=\"wpforms-35072-field_43-container\" class=\"wpforms-field wpforms-field-textarea\" data-field-id=\"43\"><label class=\"wpforms-field-label\" for=\"wpforms-35072-field_43\">Plan de financiaci\u00f3n del proyecto, presupuesto detallado <span class=\"wpforms-required-label\" aria-hidden=\"true\">*<\/span><\/label><textarea id=\"wpforms-35072-field_43\" class=\"wpforms-field-large wpforms-field-required\" name=\"wpforms[fields][43]\" aria-errormessage=\"wpforms-35072-field_43-error\" required><\/textarea><\/div><div id=\"wpforms-35072-field_44-container\" class=\"wpforms-field wpforms-field-textarea\" data-field-id=\"44\"><label class=\"wpforms-field-label\" for=\"wpforms-35072-field_44\">Desarrollo de la intervenci\u00f3n, objetivos, evaluaci\u00f3n e impacto esperado <span class=\"wpforms-required-label\" aria-hidden=\"true\">*<\/span><\/label><textarea id=\"wpforms-35072-field_44\" class=\"wpforms-field-large wpforms-field-required\" name=\"wpforms[fields][44]\" aria-errormessage=\"wpforms-35072-field_44-error\" aria-describedby=\"wpforms-35072-field_44-description\" required><\/textarea><div id=\"wpforms-35072-field_44-description\" class=\"wpforms-field-description\">Explica las acciones concretas que se desarrollar\u00e1n dentro del proyecto, as\u00ed como los objetivos que se desean cumplir.<\/div><\/div><div id=\"wpforms-35072-field_45-container\" class=\"wpforms-field wpforms-field-textarea\" data-field-id=\"45\"><label class=\"wpforms-field-label\" for=\"wpforms-35072-field_45\">Viabilidad t\u00e9cnica: recursos personales y materiales <span class=\"wpforms-required-label\" aria-hidden=\"true\">*<\/span><\/label><textarea id=\"wpforms-35072-field_45\" class=\"wpforms-field-large wpforms-field-required\" name=\"wpforms[fields][45]\" aria-errormessage=\"wpforms-35072-field_45-error\" required><\/textarea><\/div><div id=\"wpforms-35072-field_46-container\" class=\"wpforms-field wpforms-field-textarea\" data-field-id=\"46\"><label class=\"wpforms-field-label\" for=\"wpforms-35072-field_46\">Plan de continuidad y sostenibilidad <span class=\"wpforms-required-label\" aria-hidden=\"true\">*<\/span><\/label><textarea id=\"wpforms-35072-field_46\" class=\"wpforms-field-large wpforms-field-required\" name=\"wpforms[fields][46]\" aria-errormessage=\"wpforms-35072-field_46-error\" aria-describedby=\"wpforms-35072-field_46-description\" required><\/textarea><div id=\"wpforms-35072-field_46-description\" class=\"wpforms-field-description\">\u00bfEste proyecto ser\u00e1 puntual o est\u00e1 pensado para tener continuidad en el futuro?<\/div><\/div><\/div><!-- .wpforms-field-container --><div class=\"wpforms-recaptcha-container wpforms-is-recaptcha wpforms-is-recaptcha-type-v2\" ><div class=\"g-recaptcha\" data-sitekey=\"6LdgD0UfAAAAALT79mnC6rehhn6iY0jKmk8Ju_WA\"><\/div><input type=\"text\" name=\"g-recaptcha-hidden\" class=\"wpforms-recaptcha-hidden\" style=\"position:absolute!important;clip:rect(0,0,0,0)!important;height:1px!important;width:1px!important;border:0!important;overflow:hidden!important;padding:0!important;margin:0!important;\" data-rule-recaptcha=\"1\"><\/div><div class=\"wpforms-submit-container\" ><input type=\"hidden\" name=\"wpforms[id]\" value=\"35072\"><input type=\"hidden\" name=\"page_title\" value=\"\"><input type=\"hidden\" name=\"page_url\" value=\"https:\/\/infermeriabalear.com\/es\/wp-json\/wp\/v2\/pages\/35099\"><input type=\"hidden\" name=\"url_referer\" value=\"\"><button type=\"submit\" name=\"wpforms[submit]\" id=\"wpforms-submit-35072\" class=\"wpforms-submit\" data-alt-text=\"Enviant...\" data-submit-text=\"Enviar\" aria-live=\"assertive\" value=\"wpforms-submit\">Enviar<\/button><img loading=\"lazy\" decoding=\"async\" src=\"https:\/\/infermeriabalear.com\/wp-content\/plugins\/wpforms\/assets\/images\/submit-spin.svg\" class=\"wpforms-submit-spinner\" style=\"display: none;\" width=\"26\" height=\"26\" alt=\"Cargando\"><\/div><\/form><\/div>  <!-- .wpforms-container -->","protected":false},"excerpt":{"rendered":"","protected":false},"author":9,"featured_media":0,"parent":0,"menu_order":0,"comment_status":"closed","ping_status":"closed","template":"","meta":{"footnotes":""},"class_list":["post-35099","page","type-page","status-publish","hentry"],"_links":{"self":[{"href":"https:\/\/infermeriabalear.com\/es\/wp-json\/wp\/v2\/pages\/35099","targetHints":{"allow":["GET"]}}],"collection":[{"href":"https:\/\/infermeriabalear.com\/es\/wp-json\/wp\/v2\/pages"}],"about":[{"href":"https:\/\/infermeriabalear.com\/es\/wp-json\/wp\/v2\/types\/page"}],"author":[{"embeddable":true,"href":"https:\/\/infermeriabalear.com\/es\/wp-json\/wp\/v2\/users\/9"}],"replies":[{"embeddable":true,"href":"https:\/\/infermeriabalear.com\/es\/wp-json\/wp\/v2\/comments?post=35099"}],"version-history":[{"count":3,"href":"https:\/\/infermeriabalear.com\/es\/wp-json\/wp\/v2\/pages\/35099\/revisions"}],"predecessor-version":[{"id":44816,"href":"https:\/\/infermeriabalear.com\/es\/wp-json\/wp\/v2\/pages\/35099\/revisions\/44816"}],"wp:attachment":[{"href":"https:\/\/infermeriabalear.com\/es\/wp-json\/wp\/v2\/media?parent=35099"}],"curies":[{"name":"wp","href":"https:\/\/api.w.org\/{rel}","templated":true}]}}