{"id":35575,"date":"2023-10-19T10:54:51","date_gmt":"2023-10-19T08:54:51","guid":{"rendered":"https:\/\/infermeriabalear.com\/?page_id=35575"},"modified":"2026-03-17T13:02:29","modified_gmt":"2026-03-17T12:02:29","slug":"canal-denuncias","status":"publish","type":"page","link":"https:\/\/infermeriabalear.com\/es\/canal-denuncias\/","title":{"rendered":"Canal de denuncias"},"content":{"rendered":"<div class=\"wpb-content-wrapper\"><div      class=\"vc_row wpb_row section  grid_section\" style=' text-align:left;'><div class=\" section_inner clearfix\"><div class='section_inner_margin clearfix'><div class=\"wpb_column vc_column_container vc_col-sm-12\"><div class=\"vc_column-inner\"><div class=\"wpb_wrapper\"><div class=\"vc_empty_space\"   style=\"height: 50px\"><span class=\"vc_empty_space_inner\"><\/span><\/div><\/div><\/div><\/div><\/div><\/div><\/div><div      class=\"vc_row wpb_row section  grid_section\" style=' text-align:left;'><div class=\" section_inner clearfix\"><div class='section_inner_margin clearfix'><div class=\"wpb_column vc_column_container vc_col-sm-12\"><div class=\"vc_column-inner\"><div class=\"wpb_wrapper\">\n\t<div class=\"wpb_text_column wpb_content_element \" >\n\t\t<div class=\"wpb_wrapper\">\n\t\t\t<h2 style=\"text-align: center;\">Pol\u00edticas del sistema interno de informaci\u00f3n<\/h2>\n\n\t\t<\/div>\n\t<\/div>\n<div class=\"vc_empty_space\"   style=\"height: 35px\"><span class=\"vc_empty_space_inner\"><\/span><\/div>\n\t<div class=\"wpb_text_column wpb_content_element \" >\n\t\t<div class=\"wpb_wrapper\">\n\t\t\t<p>El Sistema Interno de Informaci\u00f3n del COL\u00b7LEGI OFICIAL D\u2019INFERMERES I INFERMERS DE LES ILLES BALEARS \u00a0\u00a0es el cauce para comunicar, de forma confidencial y efectiva, cualquier informaci\u00f3n sobre hechos irregulares cometidos por el COL\u00b7LEGI OFICIAL D\u2019INFERMERES I INFERMERS DE LES ILLES BALEARS \u00a0\u00a0o su personal, que hayan sido conocidos en el marco de una relaci\u00f3n laboral o profesional mantenida con nuestra organizaci\u00f3n de conformidad con lo dispuesto en la Ley 2\/2023, de 20 de febrero.<\/p>\n<p>La organizaci\u00f3n ha configurado el Sistema interno de informaci\u00f3n a trav\u00e9s de los siguientes canales:<\/p>\n\n\t\t<\/div>\n\t<\/div>\n<\/div><\/div><\/div><\/div><\/div><\/div><div      class=\"vc_row wpb_row section  grid_section\" style=' text-align:left;'><div class=\" section_inner clearfix\"><div class='section_inner_margin clearfix'><div class=\"wpb_column vc_column_container vc_col-sm-6\"><div class=\"vc_column-inner\"><div class=\"wpb_wrapper\">\n\t<div class=\"wpb_text_column wpb_content_element \" >\n\t\t<div class=\"wpb_wrapper\">\n\t\t\t<p><strong>Por escrito:<\/strong><\/p>\n<ul>\n<li>A trav\u00e9s del siguiente enlace: <a href=\"https:\/\/portaldenuncias.online\/protecmir-col%C2%B7legi_oficial_d%E2%80%99infermeres_i_infermers_de_les_illes_balears-b7a56873c\" target=\"_blank\" rel=\"noopener\">online\/protecmir-col\u00b7legi_oficial_d\u2019infermeres_i_infermers_de_les_illes_balears-b7a56873c<\/a><\/li>\n<\/ul>\n<ul>\n<li>A trav\u00e9s de correo postal, dirigido al\u00a0 Responsable del Sistema interno de informaci\u00f3n de la organizaci\u00f3n COL\u00b7LEGI OFICIAL D\u2019INFERMERES I INFERMERS DE LES ILLES BALEARS en C\/ ALMIRALL GRAVINA 1, C.P.:07014, PALMA DE MALLORCA, BALEARES.<\/li>\n<\/ul>\n\n\t\t<\/div>\n\t<\/div>\n<\/div><\/div><\/div><div class=\"wpb_column vc_column_container vc_col-sm-6\"><div class=\"vc_column-inner\"><div class=\"wpb_wrapper\">\n\t<div class=\"wpb_text_column wpb_content_element \" >\n\t\t<div class=\"wpb_wrapper\">\n\t\t\t<p><strong>Verbalmente:<\/strong><\/p>\n<ul>\n<li>A trav\u00e9s del sistema de mensajer\u00eda de voz, llamando al tel\u00e9fono: 971460612<\/li>\n<li>A solicitud del informante, tambi\u00e9n podr\u00e1 presentarse la informaci\u00f3n mediante una reuni\u00f3n presencial con el Responsable del Sistema, dentro del plazo m\u00e1ximo de siete d\u00edas, desde la presentaci\u00f3n de la solicitud.<\/li>\n<\/ul>\n\n\t\t<\/div>\n\t<\/div>\n<\/div><\/div><\/div><\/div><\/div><\/div><div      class=\"vc_row wpb_row section  grid_section\" style=' text-align:left;'><div class=\" section_inner clearfix\"><div class='section_inner_margin clearfix'><div class=\"wpb_column vc_column_container vc_col-sm-12\"><div class=\"vc_column-inner\"><div class=\"wpb_wrapper\"><div class=\"vc_empty_space\"   style=\"height: 40px\"><span class=\"vc_empty_space_inner\"><\/span><\/div>\n\t<div class=\"wpb_text_column wpb_content_element \" >\n\t\t<div class=\"wpb_wrapper\">\n\t\t\t<p>&#8211; Al margen de estos canales se pueden interponer comunicaciones ante los canales externos de informaci\u00f3n de las autoridades competentes, concretamente ante:<\/p>\n<p>La Autoridad Independiente de Protecci\u00f3n del Informante, A.A.I. a trav\u00e9s del siguiente enlace:<\/p>\n<p><a href=\"https:\/\/www.proteccioninformante.gob.es\/\" target=\"_blank\" rel=\"noopener\">NOTA INFORMATIVA &#8211;\u00a0Autoridad\u00a0Independiente\u00a0de Protecci\u00f3n al Informante<\/a><\/p>\n<p>&nbsp;<\/p>\n<hr \/>\n<p>&nbsp;<\/p>\n<p>-Recibida la denuncia, el responsable del Sistema interno de informaci\u00f3n comunicar\u00e1 el acuse de recibo de la denuncia al denunciante en un plazo inferior a 7 d\u00edas, en los supuestos de denuncias nominales. En cualquier caso, se informar\u00e1 al denunciante de los derechos y obligaciones establecidos por la normativa de protecci\u00f3n de datos de car\u00e1cter personal.<\/p>\n<p>-El responsable del Sistema interno de informaci\u00f3n, emitir\u00e1 un informe motivado que estimar\u00e1 o desestimar\u00e1 la comunicaci\u00f3n interpuesta, justificando, en cualquier caso, la decisi\u00f3n adoptada. El informe se notificar\u00e1 al informante y a la persona afectada en un plazo de m\u00e1ximo de 3 meses a partir del vencimiento del plazo de siete d\u00edas despu\u00e9s de efectuarse la comunicaci\u00f3n, salvo casos de especial complejidad que requieran una ampliaci\u00f3n del plazo, en cuyo caso, este podr\u00e1 extenderse hasta un m\u00e1ximo de otros tres meses adicionales.<\/p>\n<p>-Durante la tramitaci\u00f3n de la denuncia, se puede mantener la comunicaci\u00f3n y contacto con el informante\/denunciante y, si se considera necesario, solicitar a la persona informante informaci\u00f3n adicional.<\/p>\n<p>-Se garantiza que la persona afectada por la informaci\u00f3n o denuncia tenga noticia de la misma, as\u00ed como, de los hechos relatados de manera sucinta. Adicionalmente, se le informar\u00e1 del derecho que tiene a presentar alegaciones por escrito y del tratamiento de sus datos personales. No obstante, esta informaci\u00f3n podr\u00e1 efectuarse en el tr\u00e1mite de audiencia si se considerara que su aportaci\u00f3n con anterioridad pudiera facilitar la ocultaci\u00f3n, destrucci\u00f3n o alteraci\u00f3n de las pruebas.<\/p>\n<p>-El responsable del Sistema interno de informaci\u00f3n\/canal de denuncias, garantiza la confidencialidad a todos aquellos que utilicen el Sistema interno de informaci\u00f3n\/canal de denuncias. Adem\u00e1s, garantiza la confidencialidad cuando la comunicaci\u00f3n sea remitida por canales de denuncia que no sean los establecidos o a miembros del personal no responsable de su tratamiento.<\/p>\n<p>-Durante la tramitaci\u00f3n del expediente, las personas afectadas por la comunicaci\u00f3n tendr\u00e1n derecho a la presunci\u00f3n de inocencia, al derecho de defensa y al derecho de acceso al expediente, as\u00ed como, a la misma protecci\u00f3n establecida para los informantes, preserv\u00e1ndose su identidad y garantiz\u00e1ndose la confidencialidad de los hechos y datos del procedimiento.<\/p>\n<p>-Los tratamientos de datos personales que deriven de la aplicaci\u00f3n de este procedimiento\u00a0 se regir\u00e1n por lo dispuesto en el Reglamento (UE) 2016\/679 del Parlamento Europeo y del Consejo, de 27 de abril de 2016, en la Ley Org\u00e1nica 3\/2018, de 5 de diciembre, de Protecci\u00f3n de Datos Personales y garant\u00eda de los derechos digitales, en la Ley Org\u00e1nica 7\/2021, de 26 de mayo, de protecci\u00f3n de datos personales tratados para fines de prevenci\u00f3n, detecci\u00f3n, investigaci\u00f3n y enjuiciamiento de infracciones penales y de ejecuci\u00f3n de sanciones penales.<\/p>\n<p>-El responsable del Sistema interno de informaci\u00f3n\/canal de denuncias, remitir\u00e1 con car\u00e1cter inmediato la informaci\u00f3n al Ministerio Fiscal cuando los hechos pudieran ser indiciariamente constitutivos de delito o a la Fiscal\u00eda Europea, en el caso de que los hechos afecten a los intereses financieros de la Uni\u00f3n Europea.<\/p>\n<p>-La organizaci\u00f3n garantiza la ausencia de represalias contra cualquiera que, ponga en su conocimiento una posible conducta il\u00edcita o haya comunicado un incumplimiento normativo o colabore en su investigaci\u00f3n o ayude a resolverla.<\/p>\n<p>-Las personas que comuniquen o revelen infracciones recogidas en el Art. 2 de la Ley 2\/2023, de 20 de febrero y de acciones u omisiones que puedan ser constitutivas de infracci\u00f3n penal o administrativa grave o muy grave, tendr\u00e1n derecho a las medidas de protecci\u00f3n siempre que concurran las condiciones recogidas en el art\u00edculo 35 de la citada norma. Las medidas de protecci\u00f3n aparecen recogidas en el art\u00edculo 38 de la Ley 2\/2023, de 20 de febrero.<\/p>\n<p>-La denuncia o informaci\u00f3n ser\u00e1 custodiada en las dependencias de la organizaci\u00f3n de conformidad con su pol\u00edtica de archivo y conservaci\u00f3n de documentos.<\/p>\n<p>-La organizaci\u00f3n dispone de un registro de todas las denuncias recibidas. Las denuncias se conservar\u00e1n \u00fanicamente durante el per\u00edodo que sea necesario y proporcionado a efectos de cumplir con los requisitos impuestos por la\u00a0 Ley 2\/2023, de 20 de febrero, reguladora de la protecci\u00f3n de las personas que informen sobre infracciones normativas y de lucha contra la corrupci\u00f3n y de conformidad con lo dispuesto en el art\u00edculo 24 y dem\u00e1s art\u00edculos aplicables\u00a0 de la Ley Org\u00e1nica 3\/2018, de 5 de diciembre, de Protecci\u00f3n de Datos Personales y garant\u00eda de los derechos digitales.<\/p>\n<p>&nbsp;<\/p>\n<p>ENLACE FORMULARIO DE DENUNCIAS: <a href=\"https:\/\/portaldenuncias.online\/protecmir-col%C2%B7legi_oficial_d%E2%80%99infermeres_i_infermers_de_les_illes_balears-b7a56873c\" target=\"_blank\" rel=\"noopener\">portaldenuncias.online\/protecmir-col\u00b7legi_oficial_d\u2019infermeres_i_infermers_de_les_illes_balears-b7a56873c<\/a><\/p>\n<p><img loading=\"lazy\" decoding=\"async\" class=\"alignright wp-image-35599\" src=\"https:\/\/infermeriabalear.com\/wp-content\/uploads\/2023\/10\/Reminder-notification-template-instagram-stories.png\" alt=\"\" width=\"295\" height=\"525\" srcset=\"https:\/\/infermeriabalear.com\/wp-content\/uploads\/2023\/10\/Reminder-notification-template-instagram-stories.png 1080w, https:\/\/infermeriabalear.com\/wp-content\/uploads\/2023\/10\/Reminder-notification-template-instagram-stories-169x300.png 169w, https:\/\/infermeriabalear.com\/wp-content\/uploads\/2023\/10\/Reminder-notification-template-instagram-stories-768x1365.png 768w, https:\/\/infermeriabalear.com\/wp-content\/uploads\/2023\/10\/Reminder-notification-template-instagram-stories-864x1536.png 864w, https:\/\/infermeriabalear.com\/wp-content\/uploads\/2023\/10\/Reminder-notification-template-instagram-stories-7x12.png 7w\" sizes=\"auto, (max-width: 295px) 100vw, 295px\" \/><\/p>\n<p>&nbsp;<\/p>\n<p>&nbsp;<\/p>\n<p>&nbsp;<\/p>\n<p>&nbsp;<\/p>\n<p>&nbsp;<\/p>\n<p>&nbsp;<\/p>\n<p>&nbsp;<\/p>\n<p>&nbsp;<\/p>\n<p>&nbsp;<\/p>\n<p>&nbsp;<\/p>\n<p>&nbsp;<\/p>\n<p>&nbsp;<\/p>\n<p>&nbsp;<\/p>\n<p>&nbsp;<\/p>\n<p>&nbsp;<\/p>\n<p>&nbsp;<\/p>\n<p>.<\/p>\n\n\t\t<\/div>\n\t<\/div>\n<div class=\"vc_empty_space\"   style=\"height: 70px\"><span class=\"vc_empty_space_inner\"><\/span><\/div><\/div><\/div><\/div><\/div><\/div><\/div>\n<\/div>","protected":false},"excerpt":{"rendered":"Pol\u00edticas del sistema interno de informaci\u00f3n El Sistema Interno de Informaci\u00f3n del COL\u00b7LEGI OFICIAL D\u2019INFERMERES I INFERMERS DE LES ILLES...","protected":false},"author":9,"featured_media":0,"parent":0,"menu_order":0,"comment_status":"open","ping_status":"closed","template":"full_width.php","meta":{"footnotes":""},"class_list":["post-35575","page","type-page","status-publish","hentry"],"_links":{"self":[{"href":"https:\/\/infermeriabalear.com\/es\/wp-json\/wp\/v2\/pages\/35575","targetHints":{"allow":["GET"]}}],"collection":[{"href":"https:\/\/infermeriabalear.com\/es\/wp-json\/wp\/v2\/pages"}],"about":[{"href":"https:\/\/infermeriabalear.com\/es\/wp-json\/wp\/v2\/types\/page"}],"author":[{"embeddable":true,"href":"https:\/\/infermeriabalear.com\/es\/wp-json\/wp\/v2\/users\/9"}],"replies":[{"embeddable":true,"href":"https:\/\/infermeriabalear.com\/es\/wp-json\/wp\/v2\/comments?post=35575"}],"version-history":[{"count":16,"href":"https:\/\/infermeriabalear.com\/es\/wp-json\/wp\/v2\/pages\/35575\/revisions"}],"predecessor-version":[{"id":46969,"href":"https:\/\/infermeriabalear.com\/es\/wp-json\/wp\/v2\/pages\/35575\/revisions\/46969"}],"wp:attachment":[{"href":"https:\/\/infermeriabalear.com\/es\/wp-json\/wp\/v2\/media?parent=35575"}],"curies":[{"name":"wp","href":"https:\/\/api.w.org\/{rel}","templated":true}]}}