{"id":38439,"date":"2024-05-17T10:54:54","date_gmt":"2024-05-17T08:54:54","guid":{"rendered":"https:\/\/infermeriabalear.com\/?page_id=38439"},"modified":"2024-05-17T10:54:54","modified_gmt":"2024-05-17T08:54:54","slug":"patrona-matronas","status":"publish","type":"page","link":"https:\/\/infermeriabalear.com\/es\/patrona-matronas\/","title":{"rendered":"Patrona matronas"},"content":{"rendered":"<div class=\"wpforms-container wpforms-container-full wpforms-block wpforms-render-modern\" id=\"wpforms-38432\"><form id=\"wpforms-form-38432\" class=\"wpforms-validate wpforms-form wpforms-ajax-form\" data-formid=\"38432\" method=\"post\" enctype=\"multipart\/form-data\" action=\"\/es\/wp-json\/wp\/v2\/pages\/38439\" data-token=\"701af8ca433f6a62078c4a75efc98459\" data-token-time=\"1776241363\"><noscript class=\"wpforms-error-noscript\">Por favor, activa JavaScript en tu navegador para completar este formulario.<\/noscript><div id=\"wpforms-error-noscript\" style=\"display: none;\">Por favor, activa JavaScript en tu navegador para completar este formulario.<\/div><div class=\"wpforms-field-container\"><div id=\"wpforms-38432-field_0-container\" class=\"wpforms-field wpforms-field-name\" data-field-id=\"0\"><fieldset><legend class=\"wpforms-field-label\">Nombre <span class=\"wpforms-required-label\" aria-hidden=\"true\">*<\/span><\/legend><div class=\"wpforms-field-row wpforms-field-medium\"><div class=\"wpforms-field-row-block wpforms-first wpforms-one-half\"><input type=\"text\" id=\"wpforms-38432-field_0\" class=\"wpforms-field-name-first wpforms-field-required\" name=\"wpforms[fields][0][first]\" aria-errormessage=\"wpforms-38432-field_0-error\" required><label for=\"wpforms-38432-field_0\" class=\"wpforms-field-sublabel after\">Nombre<\/label><\/div><div class=\"wpforms-field-row-block wpforms-one-half\"><input type=\"text\" id=\"wpforms-38432-field_0-last\" class=\"wpforms-field-name-last wpforms-field-required\" name=\"wpforms[fields][0][last]\" aria-errormessage=\"wpforms-38432-field_0-last-error\" required><label for=\"wpforms-38432-field_0-last\" class=\"wpforms-field-sublabel after\">Apellidos<\/label><\/div><\/div><\/fieldset><\/div><div id=\"wpforms-38432-field_8-container\" class=\"wpforms-field wpforms-field-phone\" data-field-id=\"8\"><label class=\"wpforms-field-label\" for=\"wpforms-38432-field_8\">Tel\u00e9fono de contacto <span class=\"wpforms-required-label\" aria-hidden=\"true\">*<\/span><\/label><input type=\"tel\" id=\"wpforms-38432-field_8\" class=\"wpforms-field-medium wpforms-field-required\" data-rule-int-phone-field=\"true\" name=\"wpforms[fields][8]\" aria-label=\"Tel\u00e9fono de contacto\" aria-errormessage=\"wpforms-38432-field_8-error\" required><\/div><div id=\"wpforms-38432-field_1-container\" class=\"wpforms-field wpforms-field-email\" data-field-id=\"1\"><label class=\"wpforms-field-label\" for=\"wpforms-38432-field_1\">Correo electr\u00f3nico <span class=\"wpforms-required-label\" aria-hidden=\"true\">*<\/span><\/label><input type=\"email\" id=\"wpforms-38432-field_1\" class=\"wpforms-field-medium wpforms-field-required\" name=\"wpforms[fields][1]\" spellcheck=\"false\" aria-errormessage=\"wpforms-38432-field_1-error\" required><\/div><div id=\"wpforms-38432-field_9-container\" class=\"wpforms-field wpforms-field-radio\" data-field-id=\"9\"><fieldset><legend class=\"wpforms-field-label\">\u00bfA qu\u00e9 parte de la celebraci\u00f3n asistir\u00e1s? <span class=\"wpforms-required-label\" aria-hidden=\"true\">*<\/span><\/legend><ul id=\"wpforms-38432-field_9\" class=\"wpforms-field-required\"><li class=\"choice-1 depth-1\"><input type=\"radio\" id=\"wpforms-38432-field_9_1\" name=\"wpforms[fields][9]\" value=\"S\u00f3lo a la mesa redonda\" aria-errormessage=\"wpforms-38432-field_9_1-error\" aria-describedby=\"wpforms-38432-field_9-description\" required ><label class=\"wpforms-field-label-inline\" for=\"wpforms-38432-field_9_1\">S\u00f3lo a la mesa redonda<\/label><\/li><li class=\"choice-2 depth-1\"><input type=\"radio\" id=\"wpforms-38432-field_9_2\" name=\"wpforms[fields][9]\" value=\"S\u00f3lo a la comida\" aria-errormessage=\"wpforms-38432-field_9_2-error\" aria-describedby=\"wpforms-38432-field_9-description\" required ><label class=\"wpforms-field-label-inline\" for=\"wpforms-38432-field_9_2\">S\u00f3lo a la comida<\/label><\/li><li class=\"choice-3 depth-1\"><input type=\"radio\" id=\"wpforms-38432-field_9_3\" name=\"wpforms[fields][9]\" value=\"Mesa redonda y comida\" aria-errormessage=\"wpforms-38432-field_9_3-error\" aria-describedby=\"wpforms-38432-field_9-description\" required ><label class=\"wpforms-field-label-inline\" for=\"wpforms-38432-field_9_3\">Mesa redonda y comida<\/label><\/li><\/ul><div id=\"wpforms-38432-field_9-description\" class=\"wpforms-field-description\">Recuerda que todo el evento es gratuito para las matronas colegiadas, pero necesitamos hacer un c\u00e1lculo de asistentes para preparar las salas y encargar la comida necesaria. En el caso de que vengas acompa\u00f1ada\/o, recuerda detall\u00e1rnoslo (los acompa\u00f1antes s\u00ed tendr\u00e1n que abonar su men\u00fa).<\/div><\/fieldset><\/div><div id=\"wpforms-38432-field_5-container\" class=\"wpforms-field wpforms-field-text\" data-field-id=\"5\"><label class=\"wpforms-field-label\" for=\"wpforms-38432-field_5\">\u00bfTienes alergias, intolerancias o alguna preferencia alimenticia (vegetariana \/ vegana)<\/label><input type=\"text\" id=\"wpforms-38432-field_5\" class=\"wpforms-field-medium\" name=\"wpforms[fields][5]\" aria-errormessage=\"wpforms-38432-field_5-error\" ><\/div><div id=\"wpforms-38432-field_6-container\" class=\"wpforms-field wpforms-field-text\" data-field-id=\"6\"><label class=\"wpforms-field-label\" for=\"wpforms-38432-field_6\">\u00bfVendr\u00e1s acompa\u00f1ada? <span class=\"wpforms-required-label\" aria-hidden=\"true\">*<\/span><\/label><input type=\"text\" id=\"wpforms-38432-field_6\" class=\"wpforms-field-medium wpforms-field-required\" name=\"wpforms[fields][6]\" aria-errormessage=\"wpforms-38432-field_6-error\" aria-describedby=\"wpforms-38432-field_6-description\" required><div id=\"wpforms-38432-field_6-description\" class=\"wpforms-field-description\">El COIBA no se hace cargo de los men\u00fas de las\/los acompa\u00f1antes, aunque sean menores de edad.<\/div><\/div><\/div><!-- .wpforms-field-container --><div class=\"wpforms-submit-container\" ><input type=\"hidden\" name=\"wpforms[id]\" value=\"38432\"><input type=\"hidden\" name=\"page_title\" value=\"\"><input type=\"hidden\" name=\"page_url\" value=\"https:\/\/infermeriabalear.com\/es\/wp-json\/wp\/v2\/pages\/38439\"><input type=\"hidden\" name=\"url_referer\" value=\"\"><button type=\"submit\" name=\"wpforms[submit]\" id=\"wpforms-submit-38432\" class=\"wpforms-submit\" data-alt-text=\"Enviando...\" data-submit-text=\"Enviar\" aria-live=\"assertive\" value=\"wpforms-submit\">Enviar<\/button><img loading=\"lazy\" decoding=\"async\" src=\"https:\/\/infermeriabalear.com\/wp-content\/plugins\/wpforms\/assets\/images\/submit-spin.svg\" class=\"wpforms-submit-spinner\" style=\"display: none;\" width=\"26\" height=\"26\" alt=\"Cargando\"><\/div><\/form><\/div>  <!-- .wpforms-container -->","protected":false},"excerpt":{"rendered":"","protected":false},"author":9,"featured_media":0,"parent":0,"menu_order":0,"comment_status":"closed","ping_status":"closed","template":"","meta":{"footnotes":""},"class_list":["post-38439","page","type-page","status-publish","hentry"],"_links":{"self":[{"href":"https:\/\/infermeriabalear.com\/es\/wp-json\/wp\/v2\/pages\/38439","targetHints":{"allow":["GET"]}}],"collection":[{"href":"https:\/\/infermeriabalear.com\/es\/wp-json\/wp\/v2\/pages"}],"about":[{"href":"https:\/\/infermeriabalear.com\/es\/wp-json\/wp\/v2\/types\/page"}],"author":[{"embeddable":true,"href":"https:\/\/infermeriabalear.com\/es\/wp-json\/wp\/v2\/users\/9"}],"replies":[{"embeddable":true,"href":"https:\/\/infermeriabalear.com\/es\/wp-json\/wp\/v2\/comments?post=38439"}],"version-history":[{"count":1,"href":"https:\/\/infermeriabalear.com\/es\/wp-json\/wp\/v2\/pages\/38439\/revisions"}],"predecessor-version":[{"id":38440,"href":"https:\/\/infermeriabalear.com\/es\/wp-json\/wp\/v2\/pages\/38439\/revisions\/38440"}],"wp:attachment":[{"href":"https:\/\/infermeriabalear.com\/es\/wp-json\/wp\/v2\/media?parent=38439"}],"curies":[{"name":"wp","href":"https:\/\/api.w.org\/{rel}","templated":true}]}}