{"id":4193,"date":"2013-11-11T09:24:36","date_gmt":"2013-11-11T09:24:36","guid":{"rendered":"http:\/\/demo.qodeinteractive.com\/strata\/?page_id=4193"},"modified":"2023-10-19T10:21:00","modified_gmt":"2023-10-19T08:21:00","slug":"bienvenida","status":"publish","type":"page","link":"https:\/\/infermeriabalear.com\/es\/bienvenida\/","title":{"rendered":"Bienvenida"},"content":{"rendered":"<div class=\"wpb-content-wrapper\"><div      class=\"vc_row wpb_row section  grid_section\" style=' border-bottom: 1px solid #e8e8e8; padding-top:65px; padding-bottom:72px; text-align:left;'><div class=\" section_inner clearfix\"><div class='section_inner_margin clearfix'><div class=\"wpb_column vc_column_container vc_col-sm-6\"><div class=\"vc_column-inner\"><div class=\"wpb_wrapper\"><div class=\"separator  transparent   \" style=\"margin-top:10px;margin-bottom:10px;\"><\/div>\n\n\t<div class=\"wpb_text_column wpb_content_element \" >\n\t\t<div class=\"wpb_wrapper\">\n\t\t\t<h2 style=\"text-align: left;\">Os damos la bienvenida a la web del Col\u00b7legi Oficial d\u2019Infermeria de les Illes Balears.<\/h2>\n<p>&nbsp;<\/p>\n<p style=\"text-align: left;\">La web es un canal de comunicaci\u00f3n, intercambio y participaci\u00f3n entre las enfermeras de Mallorca, Menorca, Eivissa y Formentera, que forman parte de este colegio profesional. Mediante la web, podr\u00e9is conocer cu\u00e1les son los servicios colegiales a vuestra disposici\u00f3n y las actividades que se llevan a cabo, as\u00ed como acceder a noticias o a documentos importantes que nos afectan.<\/p>\n<p>&nbsp;<\/p>\n<p style=\"text-align: left;\">En el Portal del Colegiado podr\u00e9is realizar la mayor parte de las gestiones habituales: inscripci\u00f3n en cursos de formaci\u00f3n y otros, modificaci\u00f3n de datos, alquiler de aulas, solicitudes de citas con la Asesor\u00eda Jur\u00eddica o Psicolaboral, y otras. Adem\u00e1s, desde la misma plataforma se podr\u00e1n abonar los cursos, obteniendo la confirmaci\u00f3n de la inscripci\u00f3n de forma autom\u00e1tica. De este modo, el Col\u00b7legi queda abierto a los colegiados 24 horas al d\u00eda, siete d\u00edas a la semana.<\/p>\n<p>&nbsp;<\/p>\n<p style=\"text-align: left;\">Al mismo tiempo, la web es tambi\u00e9n una plataforma a vuestra disposici\u00f3n, para dar visibilidad a las iniciativas de las enfermeras de las Illes Balears. Vuestras inquietudes, proyectos y propuestas encontrar\u00e1n aqu\u00ed el apoyo para su difusi\u00f3n.<\/p>\n<p>&nbsp;<\/p>\n<p style=\"text-align: left;\">En \u00faltimo lugar, esta web tambi\u00e9n est\u00e1 a disposici\u00f3n de los ciudadanos d\u00e1ndoles la posibilidad de comprobar el estado de colegiaci\u00f3n de cualquier enfermera de las Illes Balears, as\u00ed como nuestro C\u00f3digo Deontol\u00f3gico, el Registro de Sociedades Cient\u00edficas inscritas a este Colegio, las Sociedades de Pacientes de las que tenemos conocimiento y otros recursos que pueden ayudar a cuidar de tu salud.<\/p>\n<p>&nbsp;<\/p>\n<p style=\"text-align: left;\">Esperamos que os resulte una herramienta \u00fatil, \u00a1sed bienvenidos!<\/p>\n<p>&nbsp;<\/p>\n<p><strong>Mar\u00eda Jos\u00e9 Sastre Perea<\/strong><\/p>\n<p><strong>Presidenta<\/strong><\/p>\n\n\t\t<\/div>\n\t<\/div>\n<div class=\"separator  transparent   \" style=\"margin-top:14px;margin-bottom:12px;\"><\/div>\n<\/div><\/div><\/div><div class=\"wpb_column vc_column_container vc_col-sm-6\"><div class=\"vc_column-inner\"><div class=\"wpb_wrapper\"><div class=\"vc_empty_space\"   style=\"height: 25px\"><span class=\"vc_empty_space_inner\"><\/span><\/div>\n        <div class=\"wpb_single_image wpb_content_element vc_align_left\">\n            <div class=\"wpb_wrapper\">\n                \n                <div class=\"vc_single_image-wrapper   vc_box_border_grey\"><img decoding=\"async\" class=\"vc_single_image-img \" src=\"https:\/\/infermeriabalear.com\/wp-content\/uploads\/2023\/10\/Acte-nova-Junta-22-scaled-e1697703577151-800x500.jpeg\" width=\"800\" height=\"500\" alt=\"Acte nova Junta (22)\" title=\"Acte nova Junta (22)\" loading=\"lazy\" \/><\/div>\n            <\/div>\n        <\/div>\n    <\/div><\/div><\/div><\/div><\/div><\/div>\n<\/div>","protected":false},"excerpt":{"rendered":"Os damos la bienvenida a la web del Col\u00b7legi Oficial d\u2019Infermeria de les Illes Balears. &nbsp; La web es un...","protected":false},"author":9,"featured_media":0,"parent":0,"menu_order":0,"comment_status":"open","ping_status":"closed","template":"full_width.php","meta":{"footnotes":""},"class_list":["post-4193","page","type-page","status-publish","hentry"],"_links":{"self":[{"href":"https:\/\/infermeriabalear.com\/es\/wp-json\/wp\/v2\/pages\/4193","targetHints":{"allow":["GET"]}}],"collection":[{"href":"https:\/\/infermeriabalear.com\/es\/wp-json\/wp\/v2\/pages"}],"about":[{"href":"https:\/\/infermeriabalear.com\/es\/wp-json\/wp\/v2\/types\/page"}],"author":[{"embeddable":true,"href":"https:\/\/infermeriabalear.com\/es\/wp-json\/wp\/v2\/users\/9"}],"replies":[{"embeddable":true,"href":"https:\/\/infermeriabalear.com\/es\/wp-json\/wp\/v2\/comments?post=4193"}],"version-history":[{"count":5,"href":"https:\/\/infermeriabalear.com\/es\/wp-json\/wp\/v2\/pages\/4193\/revisions"}],"predecessor-version":[{"id":35574,"href":"https:\/\/infermeriabalear.com\/es\/wp-json\/wp\/v2\/pages\/4193\/revisions\/35574"}],"wp:attachment":[{"href":"https:\/\/infermeriabalear.com\/es\/wp-json\/wp\/v2\/media?parent=4193"}],"curies":[{"name":"wp","href":"https:\/\/api.w.org\/{rel}","templated":true}]}}