{"id":42046,"date":"2025-02-19T14:18:11","date_gmt":"2025-02-19T13:18:11","guid":{"rendered":"https:\/\/infermeriabalear.com\/?page_id=42046"},"modified":"2026-03-11T13:23:13","modified_gmt":"2026-03-11T12:23:13","slug":"comision-de-trabajo","status":"publish","type":"page","link":"https:\/\/infermeriabalear.com\/es\/comision-de-trabajo\/","title":{"rendered":"Comisi\u00f3n de Trabajo"},"content":{"rendered":"<div class=\"wpb-content-wrapper\"><div      class=\"vc_row wpb_row section  grid_section\" style=' text-align:left;'><div class=\" section_inner clearfix\"><div class='section_inner_margin clearfix'><div class=\"wpb_column vc_column_container vc_col-sm-12\"><div class=\"vc_column-inner\"><div class=\"wpb_wrapper\"><div class=\"vc_empty_space\"   style=\"height: 60px\"><span class=\"vc_empty_space_inner\"><\/span><\/div><blockquote class=' with_quote_icon' style=''><i class='fa fa-quote-right pull-left' style=''><\/i><h5 class='blockquote-text' style='color: #1ecad3;'>El objetivo del COIBA al impulsar esta comisi\u00f3n es ofrecer a las enfermeras especialistas la posibilidad de crear una red, as\u00ed como un espacio desde donde fomentar el desarrollo y reconocimiento de la especialidad, darla a conocer a la poblaci\u00f3n, impulsar acciones de promoci\u00f3n de la salud en el entorno laboral y fomentar la formaci\u00f3n continuada de la especialidad generando cursos, seminarios o sesiones.<\/h5><\/blockquote><div class=\"vc_empty_space\"   style=\"height: 50px\"><span class=\"vc_empty_space_inner\"><\/span><\/div><\/div><\/div><\/div><\/div><\/div><\/div><div      class=\"vc_row wpb_row section  grid_section\" style=' text-align:left;'><div class=\" section_inner clearfix\"><div class='section_inner_margin clearfix'><div class=\"wpb_column vc_column_container vc_col-sm-12\"><div class=\"vc_column-inner\"><div class=\"wpb_wrapper\">\n\t<div class=\"wpb_text_column wpb_content_element \" >\n\t\t<div class=\"wpb_wrapper\">\n\t\t\t<h2>Objetivos:<\/h2>\n<ul>\n<li>Desarrollar estrategias comunes de fomento de la promoci\u00f3n y prevenci\u00f3n en salud laboral para los diferentes \u00e1mbitos en los cuales desarrollan sus funciones las enfermeras especialistas en Trabajo.<\/li>\n<li>Potenciar y visibilizar las competencias de esta especialidad en relaci\u00f3n con la promoci\u00f3n, la prevenci\u00f3n y planificaci\u00f3n de la salud dentro de los servicios de prevenci\u00f3n, m\u00e1s all\u00e1 de la realizaci\u00f3n de pruebas funcionales.<\/li>\n<\/ul>\n\n\t\t<\/div>\n\t<\/div>\n<div class=\"vc_empty_space\"   style=\"height: 30px\"><span class=\"vc_empty_space_inner\"><\/span><\/div><\/div><\/div><\/div><\/div><\/div><\/div><div      class=\"vc_row wpb_row section  grid_section\" style=' text-align:left;'><div class=\" section_inner clearfix\"><div class='section_inner_margin clearfix'><div class=\"wpb_column vc_column_container vc_col-sm-12\"><div class=\"vc_column-inner\"><div class=\"wpb_wrapper\"><div class=\"vc_empty_space\"   style=\"height: 40px\"><span class=\"vc_empty_space_inner\"><\/span><\/div><div      class=\"vc_row wpb_row section vc_inner  grid_section\" style=' text-align:left;'><div class=\" section_inner clearfix\"><div class='section_inner_margin clearfix'><div class=\"wpb_column vc_column_container vc_col-sm-6\"><div class=\"vc_column-inner\"><div class=\"wpb_wrapper\">\n\t<div class=\"wpb_text_column wpb_content_element \" >\n\t\t<div class=\"wpb_wrapper\">\n\t\t\t<h2>Miembros<\/h2>\n\n\t\t<\/div>\n\t<\/div>\n<div class=\"vc_empty_space\"   style=\"height: 40px\"><span class=\"vc_empty_space_inner\"><\/span><\/div><div class=ordered><\/p>\n<h5>Rosa Buitrago Leal (coordinadora)<\/h5>\n<p>&nbsp;<\/p>\n<h5>Mar\u00eda Gil Llin\u00e1s<\/h5>\n<p>&nbsp;<\/p>\n<h5>Mar\u00eda Teresa Garc\u00eda Gonz\u00e1lez<\/h5>\n<p>&nbsp;<\/p>\n<h5>Rosa Gonz\u00e1lez Casquero<\/h5>\n<p>&nbsp;<\/p>\n<h5>Silvia Alpiste Gracia<\/h5>\n<p>&nbsp;<\/p>\n<h5>Juan Antonio Roberto Mart\u00edn<\/h5>\n<p><\/div><div class=\"vc_empty_space\"   style=\"height: 50px\"><span class=\"vc_empty_space_inner\"><\/span><\/div><\/div><\/div><\/div><div class=\"wpb_column vc_column_container vc_col-sm-6\"><div class=\"vc_column-inner\"><div class=\"wpb_wrapper\">\n\t<div class=\"wpb_text_column wpb_content_element \" >\n\t\t<div class=\"wpb_wrapper\">\n\t\t\t<h2>Informaci\u00f3n relacionada<\/h2>\n\n\t\t<\/div>\n\t<\/div>\n<div class=\"vc_empty_space\"   style=\"height: 40px\"><span class=\"vc_empty_space_inner\"><\/span><\/div><div class='latest_post_holder image_in_box '><ul><li class=\"clearfix\"><div class=\"latest_post\"><div class=\"latest_post_image clearfix\"><img decoding=\"async\" src=\"https:\/\/infermeriabalear.com\/wp-content\/uploads\/2025\/02\/WhatsApp-Image-2025-02-20-at-09.58.53-1-e1740042253153-150x150.jpeg\" alt=\"\" \/><\/div><div class=\"latest_post_text\"><div class=\"latest_post_inner\"><div class=\"latest_post_text_inner\"><h5 class=\"latest_post_title \"><a href=\"https:\/\/infermeriabalear.com\/es\/2025\/02\/20\/la-nueva-comision-de-enfermeras-especialistas-de-trabajo-fija-sus-objetivos-desarrollar-estrategias-comunes-y-reforzar-su-rol-en-la-promocion-de-la-salud-laboral\/\">La nueva Comisi\u00f3n de enfermeras especialistas de Trabajo fija sus objetivos: desarrollar estrategias comunes y reforzar su rol en la promoci\u00f3n de la salud laboral<\/a><\/h5><span class=\"post_infos\"><span class=\"date_hour_holder\"><i class=\"fa fa-calendar-o\"><\/i><span class=\"date\">20 febrero, 2025<\/span><\/span><span class=\"latest-vert-separator\"> in<\/span> <a href=\"https:\/\/infermeriabalear.com\/es\/category\/docus-trabajo\/\">Docus trabajo <\/a>  <a href=\"https:\/\/infermeriabalear.com\/es\/category\/noticias-destacadas-2columna\/\">Noticia destacada <\/a>  <a href=\"https:\/\/infermeriabalear.com\/es\/category\/noticias\/\">Noticias <\/a> <\/span><\/div><\/div><\/div><\/div><\/ul><\/div><\/div><\/div><\/div><\/div><\/div><\/div><div class=\"vc_empty_space\"   style=\"height: 15px\"><span class=\"vc_empty_space_inner\"><\/span><\/div><\/div><\/div><\/div><\/div><\/div><\/div><div      class=\"vc_row wpb_row section  grid_section\" style=' text-align:left;'><div class=\" section_inner clearfix\"><div class='section_inner_margin clearfix'><div class=\"wpb_column vc_column_container vc_col-sm-12\"><div class=\"vc_column-inner\"><div class=\"wpb_wrapper\">\n\t<div class=\"wpb_text_column wpb_content_element \" >\n\t\t<div class=\"wpb_wrapper\">\n\t\t\t<h2>Enlaces de inter\u00e9s<\/h2>\n\n\t\t<\/div>\n\t<\/div>\n<div class=\"vc_empty_space\"   style=\"height: 40px\"><span class=\"vc_empty_space_inner\"><\/span><\/div>\n\t<div class=\"q_accordion_holder clearfix wpb_content_element accordion with_icon  not-column-inherit\" data-active-tab=\"false\" data-collapsible=\"yes\">\n\t\t\t\n\t\t\t\t<h5 class=\"clearfix title-holder\" style=\"\"><span class=\"icon-wrapper\"><i class=\"fa fa-paperclip\" style=\"color: ;\"><\/i><\/span><span class=\"accordion_mark left_mark\"><span class=\"accordion_mark_icon\"><\/span><\/span><span class=\"tab-title\">- Pr\u00f3ximamente -<\/span><span class=\"accordion_mark right_mark\"><span class=\"accordion_mark_icon\"><\/span><\/span><\/h5>\n\t\t\t\t<div  class=\"accordion_content \">\n\t\t\t<div class=\"accordion_content_inner\">\n\t\t\t\t\n\t<div class=\"wpb_text_column wpb_content_element \" >\n\t\t<div class=\"wpb_wrapper\">\n\t\t\t\n\t\t<\/div>\n\t<\/div>\n\n\t\t\t<\/div>\n\t\t\t\t<\/div>\n\n\t<\/div> <\/div><\/div><\/div><\/div><\/div><\/div><div      class=\"vc_row wpb_row section \" style=' text-align:left;'><div class=\" clearfix\"><div class=\"wpb_column vc_column_container vc_col-sm-12\"><div class=\"vc_column-inner\"><div class=\"wpb_wrapper\"><div class=\"vc_empty_space\"   style=\"height: 75px\"><span class=\"vc_empty_space_inner\"><\/span><\/div><\/div><\/div><\/div><\/div><\/div>\n<\/div>","protected":false},"excerpt":{"rendered":"El COIBA ha creado recientemente una comisi\u00f3n de enfermeras especialistas en Trabajo. Se trata de un grupo de trabajo espec\u00edfico...","protected":false},"author":9,"featured_media":0,"parent":0,"menu_order":0,"comment_status":"closed","ping_status":"closed","template":"full_width.php","meta":{"footnotes":""},"class_list":["post-42046","page","type-page","status-publish","hentry"],"_links":{"self":[{"href":"https:\/\/infermeriabalear.com\/es\/wp-json\/wp\/v2\/pages\/42046","targetHints":{"allow":["GET"]}}],"collection":[{"href":"https:\/\/infermeriabalear.com\/es\/wp-json\/wp\/v2\/pages"}],"about":[{"href":"https:\/\/infermeriabalear.com\/es\/wp-json\/wp\/v2\/types\/page"}],"author":[{"embeddable":true,"href":"https:\/\/infermeriabalear.com\/es\/wp-json\/wp\/v2\/users\/9"}],"replies":[{"embeddable":true,"href":"https:\/\/infermeriabalear.com\/es\/wp-json\/wp\/v2\/comments?post=42046"}],"version-history":[{"count":10,"href":"https:\/\/infermeriabalear.com\/es\/wp-json\/wp\/v2\/pages\/42046\/revisions"}],"predecessor-version":[{"id":46896,"href":"https:\/\/infermeriabalear.com\/es\/wp-json\/wp\/v2\/pages\/42046\/revisions\/46896"}],"wp:attachment":[{"href":"https:\/\/infermeriabalear.com\/es\/wp-json\/wp\/v2\/media?parent=42046"}],"curies":[{"name":"wp","href":"https:\/\/api.w.org\/{rel}","templated":true}]}}